{"id":32041,"date":"2023-02-22T18:14:35","date_gmt":"2023-02-22T17:14:35","guid":{"rendered":"http:\/\/preprod-dev.sh1.hidora.com\/webshop\/produit\/niederdruck-warmwasserbereiter-kb-6\/"},"modified":"2026-04-17T20:39:13","modified_gmt":"2026-04-17T18:39:13","slug":"niederdruck-warmwasserbereiter-kb-6","status":"publish","type":"product","link":"https:\/\/shop.bantam.ch\/de\/produkt\/niederdruck-warmwasserbereiter-kb-6\/","title":{"rendered":"Niederdruck Warmwasserbereiter KB 6"},"content":{"rendered":"<p>Die Elgena Boiler KB 6 sind speziell f\u00fcr den Einbau in mobile Fahrzeuge wie Caravan und Verkaufsfahrzeug. Sie sind so konstruiert, dass sie \u00fcberall dort verwendet werden k\u00f6nnen, wo wenig Platz und schwache Stromverh\u00e4ltnisse mit niedriger Absicherung vorhanden sind. Die Niederdruckboiler k\u00f6nnen mit einem Schlauch an eine Tauchpumpe ohne R\u00fcckschlagventil oder an jedes andere Wassersystem mit geeigneter Armatur angeschlossen werden. Bei der Verwendung einer Druckwasserpumpe k\u00f6nnen die Ger\u00e4te nur mit einer Niederdruckarmatur angeschlossen werden.<br \/>Aufheizbar von ca. 30\u00b0 &#8211; 80\u00b0C, bei voller Aufheizung vermischbar auf ca. 3-fache Menge, wenig Stromverbrauch schnelle Nachheizung mit guter Isolierung. Die Kessel sind w\u00e4rme- und korrosionsbest\u00e4ndig.<\/p>\n<p>Lieferumfang: <br \/>Inklusive Befestigungsb\u00fcgel<\/p>\n","protected":false},"excerpt":{"rendered":"<p>Die Elgena Boiler KB 6 sind speziell f\u00fcr den Einbau in mobile Fahrzeuge wie Caravan und Verkaufsfahrzeug. Sie sind so konstruiert, dass sie \u00fcberall dort verwendet werden k\u00f6nnen, wo wenig Platz und schwache Stromverh\u00e4ltnisse mit niedriger Absicherung vorhanden sind. Die Niederdruckboiler k\u00f6nnen mit einem Schlauch an eine Tauchpumpe ohne R\u00fcckschlagventil oder an jedes andere Wassersystem [&hellip;]<\/p>\n","protected":false},"featured_media":32026,"template":"","meta":{"_acf_changed":false},"product_featured_cat":[],"product_brand":[3193],"product_cat":[4588],"product_tag":[],"class_list":{"0":"post-32041","1":"product","2":"type-product","3":"status-publish","4":"has-post-thumbnail","6":"product_brand-elgena-de","7":"product_cat-elektroboiler","9":"first","10":"instock","11":"taxable","12":"shipping-taxable","13":"purchasable","14":"product-type-variable"},"acf":[],"yoast_head":"<!-- This site is optimized with the Yoast SEO plugin v27.4 - https:\/\/yoast.com\/product\/yoast-seo-wordpress\/ -->\n<title>Niederdruck Warmwasserbereiter KB 6 - Bantam Camping AG<\/title>\n<meta name=\"robots\" content=\"index, follow, max-snippet:-1, max-image-preview:large, max-video-preview:-1\" \/>\n<link rel=\"canonical\" href=\"https:\/\/shop.bantam.ch\/de\/produkt\/niederdruck-warmwasserbereiter-kb-6\/\" \/>\n<meta property=\"og:locale\" content=\"de_DE\" \/>\n<meta property=\"og:type\" content=\"article\" \/>\n<meta property=\"og:title\" content=\"Niederdruck Warmwasserbereiter KB 6 - Bantam Camping AG\" \/>\n<meta property=\"og:description\" content=\"Die Elgena Boiler KB 6 sind speziell f\u00fcr den Einbau in mobile Fahrzeuge wie Caravan und Verkaufsfahrzeug. Sie sind so konstruiert, dass sie \u00fcberall dort verwendet werden k\u00f6nnen, wo wenig Platz und schwache Stromverh\u00e4ltnisse mit niedriger Absicherung vorhanden sind. Die Niederdruckboiler k\u00f6nnen mit einem Schlauch an eine Tauchpumpe ohne R\u00fcckschlagventil oder an jedes andere Wassersystem [&hellip;]\" \/>\n<meta property=\"og:url\" content=\"https:\/\/shop.bantam.ch\/de\/produkt\/niederdruck-warmwasserbereiter-kb-6\/\" \/>\n<meta property=\"og:site_name\" content=\"Bantam Camping AG\" \/>\n<meta property=\"article:modified_time\" content=\"2026-04-17T18:39:13+00:00\" \/>\n<meta property=\"og:image\" content=\"https:\/\/shop.bantam.ch\/wp-content\/uploads\/2023\/02\/9947550-ELGENA-Kleinboiler_6_l_230V_66-Standard-01-4.jpg\" \/>\n\t<meta property=\"og:image:width\" content=\"1000\" \/>\n\t<meta property=\"og:image:height\" content=\"885\" \/>\n\t<meta property=\"og:image:type\" content=\"image\/jpeg\" \/>\n<meta name=\"twitter:card\" content=\"summary_large_image\" \/>\n<meta name=\"twitter:label1\" content=\"Gesch\u00e4tzte Lesezeit\" \/>\n\t<meta name=\"twitter:data1\" content=\"1\u00a0Minute\" \/>\n<script type=\"application\/ld+json\" class=\"yoast-schema-graph\">{\"@context\":\"https:\\\/\\\/schema.org\",\"@graph\":[{\"@type\":\"WebPage\",\"@id\":\"https:\\\/\\\/shop.bantam.ch\\\/de\\\/produkt\\\/niederdruck-warmwasserbereiter-kb-6\\\/\",\"url\":\"https:\\\/\\\/shop.bantam.ch\\\/de\\\/produkt\\\/niederdruck-warmwasserbereiter-kb-6\\\/\",\"name\":\"Niederdruck Warmwasserbereiter KB 6 - Bantam Camping AG\",\"isPartOf\":{\"@id\":\"https:\\\/\\\/shop.bantam.ch\\\/de\\\/#website\"},\"primaryImageOfPage\":{\"@id\":\"https:\\\/\\\/shop.bantam.ch\\\/de\\\/produkt\\\/niederdruck-warmwasserbereiter-kb-6\\\/#primaryimage\"},\"image\":{\"@id\":\"https:\\\/\\\/shop.bantam.ch\\\/de\\\/produkt\\\/niederdruck-warmwasserbereiter-kb-6\\\/#primaryimage\"},\"thumbnailUrl\":\"https:\\\/\\\/shop.bantam.ch\\\/wp-content\\\/uploads\\\/2023\\\/02\\\/9947550-ELGENA-Kleinboiler_6_l_230V_66-Standard-01-4.jpg\",\"datePublished\":\"2023-02-22T17:14:35+00:00\",\"dateModified\":\"2026-04-17T18:39:13+00:00\",\"breadcrumb\":{\"@id\":\"https:\\\/\\\/shop.bantam.ch\\\/de\\\/produkt\\\/niederdruck-warmwasserbereiter-kb-6\\\/#breadcrumb\"},\"inLanguage\":\"de\",\"potentialAction\":[{\"@type\":\"ReadAction\",\"target\":[\"https:\\\/\\\/shop.bantam.ch\\\/de\\\/produkt\\\/niederdruck-warmwasserbereiter-kb-6\\\/\"]}]},{\"@type\":\"ImageObject\",\"inLanguage\":\"de\",\"@id\":\"https:\\\/\\\/shop.bantam.ch\\\/de\\\/produkt\\\/niederdruck-warmwasserbereiter-kb-6\\\/#primaryimage\",\"url\":\"https:\\\/\\\/shop.bantam.ch\\\/wp-content\\\/uploads\\\/2023\\\/02\\\/9947550-ELGENA-Kleinboiler_6_l_230V_66-Standard-01-4.jpg\",\"contentUrl\":\"https:\\\/\\\/shop.bantam.ch\\\/wp-content\\\/uploads\\\/2023\\\/02\\\/9947550-ELGENA-Kleinboiler_6_l_230V_66-Standard-01-4.jpg\",\"width\":1000,\"height\":885},{\"@type\":\"BreadcrumbList\",\"@id\":\"https:\\\/\\\/shop.bantam.ch\\\/de\\\/produkt\\\/niederdruck-warmwasserbereiter-kb-6\\\/#breadcrumb\",\"itemListElement\":[{\"@type\":\"ListItem\",\"position\":1,\"name\":\"Accueil\",\"item\":\"https:\\\/\\\/shop.bantam.ch\\\/de\\\/\"},{\"@type\":\"ListItem\",\"position\":2,\"name\":\"Shop\",\"item\":\"https:\\\/\\\/shop.bantam.ch\\\/de\\\/shop\\\/\"},{\"@type\":\"ListItem\",\"position\":3,\"name\":\"Niederdruck Warmwasserbereiter KB 6\"}]},{\"@type\":\"WebSite\",\"@id\":\"https:\\\/\\\/shop.bantam.ch\\\/de\\\/#website\",\"url\":\"https:\\\/\\\/shop.bantam.ch\\\/de\\\/\",\"name\":\"Bantam Camping AG\",\"description\":\"\",\"publisher\":{\"@id\":\"https:\\\/\\\/shop.bantam.ch\\\/de\\\/#organization\"},\"inLanguage\":\"de\"},{\"@type\":\"Organization\",\"@id\":\"https:\\\/\\\/shop.bantam.ch\\\/de\\\/#organization\",\"name\":\"Bantam Camping AG\",\"url\":\"https:\\\/\\\/shop.bantam.ch\\\/de\\\/\",\"logo\":{\"@type\":\"ImageObject\",\"inLanguage\":\"de\",\"@id\":\"https:\\\/\\\/shop.bantam.ch\\\/de\\\/#\\\/schema\\\/logo\\\/image\\\/\",\"url\":\"https:\\\/\\\/shop.bantam.ch\\\/wp-content\\\/uploads\\\/2022\\\/12\\\/bantam-logo.png\",\"contentUrl\":\"https:\\\/\\\/shop.bantam.ch\\\/wp-content\\\/uploads\\\/2022\\\/12\\\/bantam-logo.png\",\"width\":320,\"height\":71,\"caption\":\"Bantam Camping AG\"},\"image\":{\"@id\":\"https:\\\/\\\/shop.bantam.ch\\\/de\\\/#\\\/schema\\\/logo\\\/image\\\/\"}}]}<\/script>\n<!-- \/ Yoast SEO plugin. -->","yoast_head_json":{"title":"Niederdruck Warmwasserbereiter KB 6 - Bantam Camping AG","robots":{"index":"index","follow":"follow","max-snippet":"max-snippet:-1","max-image-preview":"max-image-preview:large","max-video-preview":"max-video-preview:-1"},"canonical":"https:\/\/shop.bantam.ch\/de\/produkt\/niederdruck-warmwasserbereiter-kb-6\/","og_locale":"de_DE","og_type":"article","og_title":"Niederdruck Warmwasserbereiter KB 6 - Bantam Camping AG","og_description":"Die Elgena Boiler KB 6 sind speziell f\u00fcr den Einbau in mobile Fahrzeuge wie Caravan und Verkaufsfahrzeug. Sie sind so konstruiert, dass sie \u00fcberall dort verwendet werden k\u00f6nnen, wo wenig Platz und schwache Stromverh\u00e4ltnisse mit niedriger Absicherung vorhanden sind. Die Niederdruckboiler k\u00f6nnen mit einem Schlauch an eine Tauchpumpe ohne R\u00fcckschlagventil oder an jedes andere Wassersystem [&hellip;]","og_url":"https:\/\/shop.bantam.ch\/de\/produkt\/niederdruck-warmwasserbereiter-kb-6\/","og_site_name":"Bantam Camping AG","article_modified_time":"2026-04-17T18:39:13+00:00","og_image":[{"width":1000,"height":885,"url":"https:\/\/shop.bantam.ch\/wp-content\/uploads\/2023\/02\/9947550-ELGENA-Kleinboiler_6_l_230V_66-Standard-01-4.jpg","type":"image\/jpeg"}],"twitter_card":"summary_large_image","twitter_misc":{"Gesch\u00e4tzte Lesezeit":"1\u00a0Minute"},"schema":{"@context":"https:\/\/schema.org","@graph":[{"@type":"WebPage","@id":"https:\/\/shop.bantam.ch\/de\/produkt\/niederdruck-warmwasserbereiter-kb-6\/","url":"https:\/\/shop.bantam.ch\/de\/produkt\/niederdruck-warmwasserbereiter-kb-6\/","name":"Niederdruck Warmwasserbereiter KB 6 - Bantam Camping AG","isPartOf":{"@id":"https:\/\/shop.bantam.ch\/de\/#website"},"primaryImageOfPage":{"@id":"https:\/\/shop.bantam.ch\/de\/produkt\/niederdruck-warmwasserbereiter-kb-6\/#primaryimage"},"image":{"@id":"https:\/\/shop.bantam.ch\/de\/produkt\/niederdruck-warmwasserbereiter-kb-6\/#primaryimage"},"thumbnailUrl":"https:\/\/shop.bantam.ch\/wp-content\/uploads\/2023\/02\/9947550-ELGENA-Kleinboiler_6_l_230V_66-Standard-01-4.jpg","datePublished":"2023-02-22T17:14:35+00:00","dateModified":"2026-04-17T18:39:13+00:00","breadcrumb":{"@id":"https:\/\/shop.bantam.ch\/de\/produkt\/niederdruck-warmwasserbereiter-kb-6\/#breadcrumb"},"inLanguage":"de","potentialAction":[{"@type":"ReadAction","target":["https:\/\/shop.bantam.ch\/de\/produkt\/niederdruck-warmwasserbereiter-kb-6\/"]}]},{"@type":"ImageObject","inLanguage":"de","@id":"https:\/\/shop.bantam.ch\/de\/produkt\/niederdruck-warmwasserbereiter-kb-6\/#primaryimage","url":"https:\/\/shop.bantam.ch\/wp-content\/uploads\/2023\/02\/9947550-ELGENA-Kleinboiler_6_l_230V_66-Standard-01-4.jpg","contentUrl":"https:\/\/shop.bantam.ch\/wp-content\/uploads\/2023\/02\/9947550-ELGENA-Kleinboiler_6_l_230V_66-Standard-01-4.jpg","width":1000,"height":885},{"@type":"BreadcrumbList","@id":"https:\/\/shop.bantam.ch\/de\/produkt\/niederdruck-warmwasserbereiter-kb-6\/#breadcrumb","itemListElement":[{"@type":"ListItem","position":1,"name":"Accueil","item":"https:\/\/shop.bantam.ch\/de\/"},{"@type":"ListItem","position":2,"name":"Shop","item":"https:\/\/shop.bantam.ch\/de\/shop\/"},{"@type":"ListItem","position":3,"name":"Niederdruck Warmwasserbereiter KB 6"}]},{"@type":"WebSite","@id":"https:\/\/shop.bantam.ch\/de\/#website","url":"https:\/\/shop.bantam.ch\/de\/","name":"Bantam Camping AG","description":"","publisher":{"@id":"https:\/\/shop.bantam.ch\/de\/#organization"},"inLanguage":"de"},{"@type":"Organization","@id":"https:\/\/shop.bantam.ch\/de\/#organization","name":"Bantam Camping AG","url":"https:\/\/shop.bantam.ch\/de\/","logo":{"@type":"ImageObject","inLanguage":"de","@id":"https:\/\/shop.bantam.ch\/de\/#\/schema\/logo\/image\/","url":"https:\/\/shop.bantam.ch\/wp-content\/uploads\/2022\/12\/bantam-logo.png","contentUrl":"https:\/\/shop.bantam.ch\/wp-content\/uploads\/2022\/12\/bantam-logo.png","width":320,"height":71,"caption":"Bantam Camping AG"},"image":{"@id":"https:\/\/shop.bantam.ch\/de\/#\/schema\/logo\/image\/"}}]}},"_links":{"self":[{"href":"https:\/\/shop.bantam.ch\/de\/wp-json\/wp\/v2\/product\/32041","targetHints":{"allow":["GET"]}}],"collection":[{"href":"https:\/\/shop.bantam.ch\/de\/wp-json\/wp\/v2\/product"}],"about":[{"href":"https:\/\/shop.bantam.ch\/de\/wp-json\/wp\/v2\/types\/product"}],"wp:featuredmedia":[{"embeddable":true,"href":"https:\/\/shop.bantam.ch\/de\/wp-json\/wp\/v2\/media\/32026"}],"wp:attachment":[{"href":"https:\/\/shop.bantam.ch\/de\/wp-json\/wp\/v2\/media?parent=32041"}],"wp:term":[{"taxonomy":"product_featured_cat","embeddable":true,"href":"https:\/\/shop.bantam.ch\/de\/wp-json\/wp\/v2\/product_featured_cat?post=32041"},{"taxonomy":"product_brand","embeddable":true,"href":"https:\/\/shop.bantam.ch\/de\/wp-json\/wp\/v2\/product_brand?post=32041"},{"taxonomy":"product_cat","embeddable":true,"href":"https:\/\/shop.bantam.ch\/de\/wp-json\/wp\/v2\/product_cat?post=32041"},{"taxonomy":"product_tag","embeddable":true,"href":"https:\/\/shop.bantam.ch\/de\/wp-json\/wp\/v2\/product_tag?post=32041"}],"curies":[{"name":"wp","href":"https:\/\/api.w.org\/{rel}","templated":true}]}}