{"id":31992,"date":"2023-02-22T18:13:49","date_gmt":"2023-02-22T17:13:49","guid":{"rendered":"http:\/\/preprod-dev.sh1.hidora.com\/webshop\/produit\/verschluss-weithalskanister-gelb-halteband-din-96\/"},"modified":"2026-04-18T20:35:47","modified_gmt":"2026-04-18T18:35:47","slug":"verschluss-weithalskanister-gelb-halteband-din-96","status":"publish","type":"product","link":"https:\/\/shop.bantam.ch\/de\/produkt\/verschluss-weithalskanister-gelb-halteband-din-96\/","title":{"rendered":"Verschluss Weithalskanister COMET Farbe gelb Halteband DIN 96"},"content":{"rendered":"<p>Verschluss DIN 96 mit Halteband f\u00fcr alle Weithalskanister mit DIN 96. Sch\u00fctzt den Verschluss vor Verlust und dient gleichzeitig als Schl\u00fcssel f\u00fcr die Stopfen im Kanister wenn man das Halteband abzieht.<\/p>\n<p>Einbauma\u00df \/ Einbautiefe 62 x 29 mm \/ 14 mm<\/p>\n","protected":false},"excerpt":{"rendered":"<p>Verschluss DIN 96 mit Halteband f\u00fcr alle Weithalskanister mit DIN 96. Sch\u00fctzt den Verschluss vor Verlust und dient gleichzeitig als Schl\u00fcssel f\u00fcr die Stopfen im Kanister wenn man das Halteband abzieht. Einbauma\u00df \/ Einbautiefe 62 x 29 mm \/ 14 mm<\/p>\n","protected":false},"featured_media":31988,"template":"","meta":{"_acf_changed":false},"product_featured_cat":[],"product_brand":[3111],"product_cat":[4624],"product_tag":[],"class_list":{"0":"post-31992","1":"product","2":"type-product","3":"status-publish","4":"has-post-thumbnail","6":"product_brand-comet-de","7":"product_cat-tankzubehoer","9":"first","10":"instock","11":"taxable","12":"shipping-taxable","13":"purchasable","14":"product-type-simple"},"acf":[],"yoast_head":"<!-- This site is optimized with the Yoast SEO plugin v27.4 - https:\/\/yoast.com\/product\/yoast-seo-wordpress\/ -->\n<title>Verschluss Weithalskanister COMET Farbe gelb Halteband DIN 96 - Bantam Camping AG<\/title>\n<meta name=\"robots\" content=\"index, follow, max-snippet:-1, max-image-preview:large, max-video-preview:-1\" \/>\n<link rel=\"canonical\" href=\"https:\/\/shop.bantam.ch\/de\/produkt\/verschluss-weithalskanister-gelb-halteband-din-96\/\" \/>\n<meta property=\"og:locale\" content=\"de_DE\" \/>\n<meta property=\"og:type\" content=\"article\" \/>\n<meta property=\"og:title\" content=\"Verschluss Weithalskanister COMET Farbe gelb Halteband DIN 96 - Bantam Camping AG\" \/>\n<meta property=\"og:description\" content=\"Verschluss DIN 96 mit Halteband f\u00fcr alle Weithalskanister mit DIN 96. Sch\u00fctzt den Verschluss vor Verlust und dient gleichzeitig als Schl\u00fcssel f\u00fcr die Stopfen im Kanister wenn man das Halteband abzieht. Einbauma\u00df \/ Einbautiefe 62 x 29 mm \/ 14 mm\" \/>\n<meta property=\"og:url\" content=\"https:\/\/shop.bantam.ch\/de\/produkt\/verschluss-weithalskanister-gelb-halteband-din-96\/\" \/>\n<meta property=\"og:site_name\" content=\"Bantam Camping AG\" \/>\n<meta property=\"article:modified_time\" content=\"2026-04-18T18:35:47+00:00\" \/>\n<meta property=\"og:image\" content=\"https:\/\/shop.bantam.ch\/wp-content\/uploads\/2023\/02\/9943703-Verschluss_DIN_96_mit_Halteband_blau-Standard-01-2.jpg\" \/>\n\t<meta property=\"og:image:width\" content=\"1000\" \/>\n\t<meta property=\"og:image:height\" content=\"894\" \/>\n\t<meta property=\"og:image:type\" content=\"image\/jpeg\" \/>\n<meta name=\"twitter:card\" content=\"summary_large_image\" \/>\n<script type=\"application\/ld+json\" class=\"yoast-schema-graph\">{\"@context\":\"https:\\\/\\\/schema.org\",\"@graph\":[{\"@type\":\"WebPage\",\"@id\":\"https:\\\/\\\/shop.bantam.ch\\\/de\\\/produkt\\\/verschluss-weithalskanister-gelb-halteband-din-96\\\/\",\"url\":\"https:\\\/\\\/shop.bantam.ch\\\/de\\\/produkt\\\/verschluss-weithalskanister-gelb-halteband-din-96\\\/\",\"name\":\"Verschluss Weithalskanister COMET Farbe gelb Halteband DIN 96 - Bantam Camping AG\",\"isPartOf\":{\"@id\":\"https:\\\/\\\/shop.bantam.ch\\\/de\\\/#website\"},\"primaryImageOfPage\":{\"@id\":\"https:\\\/\\\/shop.bantam.ch\\\/de\\\/produkt\\\/verschluss-weithalskanister-gelb-halteband-din-96\\\/#primaryimage\"},\"image\":{\"@id\":\"https:\\\/\\\/shop.bantam.ch\\\/de\\\/produkt\\\/verschluss-weithalskanister-gelb-halteband-din-96\\\/#primaryimage\"},\"thumbnailUrl\":\"https:\\\/\\\/shop.bantam.ch\\\/wp-content\\\/uploads\\\/2023\\\/02\\\/9943703-Verschluss_DIN_96_mit_Halteband_blau-Standard-01-2.jpg\",\"datePublished\":\"2023-02-22T17:13:49+00:00\",\"dateModified\":\"2026-04-18T18:35:47+00:00\",\"breadcrumb\":{\"@id\":\"https:\\\/\\\/shop.bantam.ch\\\/de\\\/produkt\\\/verschluss-weithalskanister-gelb-halteband-din-96\\\/#breadcrumb\"},\"inLanguage\":\"de\",\"potentialAction\":[{\"@type\":\"ReadAction\",\"target\":[\"https:\\\/\\\/shop.bantam.ch\\\/de\\\/produkt\\\/verschluss-weithalskanister-gelb-halteband-din-96\\\/\"]}]},{\"@type\":\"ImageObject\",\"inLanguage\":\"de\",\"@id\":\"https:\\\/\\\/shop.bantam.ch\\\/de\\\/produkt\\\/verschluss-weithalskanister-gelb-halteband-din-96\\\/#primaryimage\",\"url\":\"https:\\\/\\\/shop.bantam.ch\\\/wp-content\\\/uploads\\\/2023\\\/02\\\/9943703-Verschluss_DIN_96_mit_Halteband_blau-Standard-01-2.jpg\",\"contentUrl\":\"https:\\\/\\\/shop.bantam.ch\\\/wp-content\\\/uploads\\\/2023\\\/02\\\/9943703-Verschluss_DIN_96_mit_Halteband_blau-Standard-01-2.jpg\",\"width\":1000,\"height\":894},{\"@type\":\"BreadcrumbList\",\"@id\":\"https:\\\/\\\/shop.bantam.ch\\\/de\\\/produkt\\\/verschluss-weithalskanister-gelb-halteband-din-96\\\/#breadcrumb\",\"itemListElement\":[{\"@type\":\"ListItem\",\"position\":1,\"name\":\"Accueil\",\"item\":\"https:\\\/\\\/shop.bantam.ch\\\/de\\\/\"},{\"@type\":\"ListItem\",\"position\":2,\"name\":\"Shop\",\"item\":\"https:\\\/\\\/shop.bantam.ch\\\/de\\\/shop\\\/\"},{\"@type\":\"ListItem\",\"position\":3,\"name\":\"Verschluss Weithalskanister COMET Farbe gelb Halteband DIN 96\"}]},{\"@type\":\"WebSite\",\"@id\":\"https:\\\/\\\/shop.bantam.ch\\\/de\\\/#website\",\"url\":\"https:\\\/\\\/shop.bantam.ch\\\/de\\\/\",\"name\":\"Bantam Camping AG\",\"description\":\"\",\"publisher\":{\"@id\":\"https:\\\/\\\/shop.bantam.ch\\\/de\\\/#organization\"},\"inLanguage\":\"de\"},{\"@type\":\"Organization\",\"@id\":\"https:\\\/\\\/shop.bantam.ch\\\/de\\\/#organization\",\"name\":\"Bantam Camping AG\",\"url\":\"https:\\\/\\\/shop.bantam.ch\\\/de\\\/\",\"logo\":{\"@type\":\"ImageObject\",\"inLanguage\":\"de\",\"@id\":\"https:\\\/\\\/shop.bantam.ch\\\/de\\\/#\\\/schema\\\/logo\\\/image\\\/\",\"url\":\"https:\\\/\\\/shop.bantam.ch\\\/wp-content\\\/uploads\\\/2022\\\/12\\\/bantam-logo.png\",\"contentUrl\":\"https:\\\/\\\/shop.bantam.ch\\\/wp-content\\\/uploads\\\/2022\\\/12\\\/bantam-logo.png\",\"width\":320,\"height\":71,\"caption\":\"Bantam Camping AG\"},\"image\":{\"@id\":\"https:\\\/\\\/shop.bantam.ch\\\/de\\\/#\\\/schema\\\/logo\\\/image\\\/\"}}]}<\/script>\n<!-- \/ Yoast SEO plugin. -->","yoast_head_json":{"title":"Verschluss Weithalskanister COMET Farbe gelb Halteband DIN 96 - Bantam Camping AG","robots":{"index":"index","follow":"follow","max-snippet":"max-snippet:-1","max-image-preview":"max-image-preview:large","max-video-preview":"max-video-preview:-1"},"canonical":"https:\/\/shop.bantam.ch\/de\/produkt\/verschluss-weithalskanister-gelb-halteband-din-96\/","og_locale":"de_DE","og_type":"article","og_title":"Verschluss Weithalskanister COMET Farbe gelb Halteband DIN 96 - Bantam Camping AG","og_description":"Verschluss DIN 96 mit Halteband f\u00fcr alle Weithalskanister mit DIN 96. Sch\u00fctzt den Verschluss vor Verlust und dient gleichzeitig als Schl\u00fcssel f\u00fcr die Stopfen im Kanister wenn man das Halteband abzieht. Einbauma\u00df \/ Einbautiefe 62 x 29 mm \/ 14 mm","og_url":"https:\/\/shop.bantam.ch\/de\/produkt\/verschluss-weithalskanister-gelb-halteband-din-96\/","og_site_name":"Bantam Camping AG","article_modified_time":"2026-04-18T18:35:47+00:00","og_image":[{"width":1000,"height":894,"url":"https:\/\/shop.bantam.ch\/wp-content\/uploads\/2023\/02\/9943703-Verschluss_DIN_96_mit_Halteband_blau-Standard-01-2.jpg","type":"image\/jpeg"}],"twitter_card":"summary_large_image","schema":{"@context":"https:\/\/schema.org","@graph":[{"@type":"WebPage","@id":"https:\/\/shop.bantam.ch\/de\/produkt\/verschluss-weithalskanister-gelb-halteband-din-96\/","url":"https:\/\/shop.bantam.ch\/de\/produkt\/verschluss-weithalskanister-gelb-halteband-din-96\/","name":"Verschluss Weithalskanister COMET Farbe gelb Halteband DIN 96 - Bantam Camping AG","isPartOf":{"@id":"https:\/\/shop.bantam.ch\/de\/#website"},"primaryImageOfPage":{"@id":"https:\/\/shop.bantam.ch\/de\/produkt\/verschluss-weithalskanister-gelb-halteband-din-96\/#primaryimage"},"image":{"@id":"https:\/\/shop.bantam.ch\/de\/produkt\/verschluss-weithalskanister-gelb-halteband-din-96\/#primaryimage"},"thumbnailUrl":"https:\/\/shop.bantam.ch\/wp-content\/uploads\/2023\/02\/9943703-Verschluss_DIN_96_mit_Halteband_blau-Standard-01-2.jpg","datePublished":"2023-02-22T17:13:49+00:00","dateModified":"2026-04-18T18:35:47+00:00","breadcrumb":{"@id":"https:\/\/shop.bantam.ch\/de\/produkt\/verschluss-weithalskanister-gelb-halteband-din-96\/#breadcrumb"},"inLanguage":"de","potentialAction":[{"@type":"ReadAction","target":["https:\/\/shop.bantam.ch\/de\/produkt\/verschluss-weithalskanister-gelb-halteband-din-96\/"]}]},{"@type":"ImageObject","inLanguage":"de","@id":"https:\/\/shop.bantam.ch\/de\/produkt\/verschluss-weithalskanister-gelb-halteband-din-96\/#primaryimage","url":"https:\/\/shop.bantam.ch\/wp-content\/uploads\/2023\/02\/9943703-Verschluss_DIN_96_mit_Halteband_blau-Standard-01-2.jpg","contentUrl":"https:\/\/shop.bantam.ch\/wp-content\/uploads\/2023\/02\/9943703-Verschluss_DIN_96_mit_Halteband_blau-Standard-01-2.jpg","width":1000,"height":894},{"@type":"BreadcrumbList","@id":"https:\/\/shop.bantam.ch\/de\/produkt\/verschluss-weithalskanister-gelb-halteband-din-96\/#breadcrumb","itemListElement":[{"@type":"ListItem","position":1,"name":"Accueil","item":"https:\/\/shop.bantam.ch\/de\/"},{"@type":"ListItem","position":2,"name":"Shop","item":"https:\/\/shop.bantam.ch\/de\/shop\/"},{"@type":"ListItem","position":3,"name":"Verschluss Weithalskanister COMET Farbe gelb Halteband DIN 96"}]},{"@type":"WebSite","@id":"https:\/\/shop.bantam.ch\/de\/#website","url":"https:\/\/shop.bantam.ch\/de\/","name":"Bantam Camping AG","description":"","publisher":{"@id":"https:\/\/shop.bantam.ch\/de\/#organization"},"inLanguage":"de"},{"@type":"Organization","@id":"https:\/\/shop.bantam.ch\/de\/#organization","name":"Bantam Camping AG","url":"https:\/\/shop.bantam.ch\/de\/","logo":{"@type":"ImageObject","inLanguage":"de","@id":"https:\/\/shop.bantam.ch\/de\/#\/schema\/logo\/image\/","url":"https:\/\/shop.bantam.ch\/wp-content\/uploads\/2022\/12\/bantam-logo.png","contentUrl":"https:\/\/shop.bantam.ch\/wp-content\/uploads\/2022\/12\/bantam-logo.png","width":320,"height":71,"caption":"Bantam Camping AG"},"image":{"@id":"https:\/\/shop.bantam.ch\/de\/#\/schema\/logo\/image\/"}}]}},"_links":{"self":[{"href":"https:\/\/shop.bantam.ch\/de\/wp-json\/wp\/v2\/product\/31992","targetHints":{"allow":["GET"]}}],"collection":[{"href":"https:\/\/shop.bantam.ch\/de\/wp-json\/wp\/v2\/product"}],"about":[{"href":"https:\/\/shop.bantam.ch\/de\/wp-json\/wp\/v2\/types\/product"}],"wp:featuredmedia":[{"embeddable":true,"href":"https:\/\/shop.bantam.ch\/de\/wp-json\/wp\/v2\/media\/31988"}],"wp:attachment":[{"href":"https:\/\/shop.bantam.ch\/de\/wp-json\/wp\/v2\/media?parent=31992"}],"wp:term":[{"taxonomy":"product_featured_cat","embeddable":true,"href":"https:\/\/shop.bantam.ch\/de\/wp-json\/wp\/v2\/product_featured_cat?post=31992"},{"taxonomy":"product_brand","embeddable":true,"href":"https:\/\/shop.bantam.ch\/de\/wp-json\/wp\/v2\/product_brand?post=31992"},{"taxonomy":"product_cat","embeddable":true,"href":"https:\/\/shop.bantam.ch\/de\/wp-json\/wp\/v2\/product_cat?post=31992"},{"taxonomy":"product_tag","embeddable":true,"href":"https:\/\/shop.bantam.ch\/de\/wp-json\/wp\/v2\/product_tag?post=31992"}],"curies":[{"name":"wp","href":"https:\/\/api.w.org\/{rel}","templated":true}]}}