{"id":31508,"date":"2023-02-22T18:03:28","date_gmt":"2023-02-22T17:03:28","guid":{"rendered":"http:\/\/preprod-dev.sh1.hidora.com\/webshop\/produit\/acryl-kratzer-entferner-50-g\/"},"modified":"2026-04-18T20:34:23","modified_gmt":"2026-04-18T18:34:23","slug":"acryl-kratzer-entferner-50-g","status":"publish","type":"product","link":"https:\/\/shop.bantam.ch\/de\/produkt\/acryl-kratzer-entferner-50-g\/","title":{"rendered":"Acryl-Kratzer-Entferner QUIXX Inhalt 50 g"},"content":{"rendered":"<p>Entfernt zuverl\u00e4ssig Kratzer aus Acryl- und Plexiglas-Oberfl\u00e4chen von Auto, Motorrad, Caravan, Boot, M\u00f6beln etc.<br \/>Mit der ergiebigen Spezialpolitur von QUIXX lassen sich diese Kratzer wieder einfach und schnell beseitigen. Aus Alt wird Neu! So wird eine teure Reparatur oder sogar ein Neukauf unn\u00f6tig. Die einzigartige Wirksamkeit des QUIXX Acryl Kratzer-Entferners wurde vom T\u00dcV mit einem Zertifikat belohnt und zeigt sich auch in den vielen Testsiegen in der internationalen Fachpresse.<\/p>\n<p>\u00a0<\/p>\n","protected":false},"excerpt":{"rendered":"<p>Entfernt zuverl\u00e4ssig Kratzer aus Acryl- und Plexiglas-Oberfl\u00e4chen von Auto, Motorrad, Caravan, Boot, M\u00f6beln etc.Mit der ergiebigen Spezialpolitur von QUIXX lassen sich diese Kratzer wieder einfach und schnell beseitigen. Aus Alt wird Neu! So wird eine teure Reparatur oder sogar ein Neukauf unn\u00f6tig. Die einzigartige Wirksamkeit des QUIXX Acryl Kratzer-Entferners wurde vom T\u00dcV mit einem Zertifikat [&hellip;]<\/p>\n","protected":false},"featured_media":31504,"template":"","meta":{"_acf_changed":false},"product_featured_cat":[],"product_brand":[3155],"product_cat":[5092],"product_tag":[],"class_list":{"0":"post-31508","1":"product","2":"type-product","3":"status-publish","4":"has-post-thumbnail","6":"product_brand-quixx-de","7":"product_cat-reinigung-spezialreiniger","9":"first","10":"instock","11":"taxable","12":"shipping-taxable","13":"purchasable","14":"product-type-simple"},"acf":[],"yoast_head":"<!-- This site is optimized with the Yoast SEO plugin v27.4 - https:\/\/yoast.com\/product\/yoast-seo-wordpress\/ -->\n<title>Acryl-Kratzer-Entferner QUIXX Inhalt 50 g - Bantam Camping AG<\/title>\n<meta name=\"robots\" content=\"index, follow, max-snippet:-1, max-image-preview:large, max-video-preview:-1\" \/>\n<link rel=\"canonical\" href=\"https:\/\/shop.bantam.ch\/de\/produkt\/acryl-kratzer-entferner-50-g\/\" \/>\n<meta property=\"og:locale\" content=\"de_DE\" \/>\n<meta property=\"og:type\" content=\"article\" \/>\n<meta property=\"og:title\" content=\"Acryl-Kratzer-Entferner QUIXX Inhalt 50 g - Bantam Camping AG\" \/>\n<meta property=\"og:description\" content=\"Entfernt zuverl\u00e4ssig Kratzer aus Acryl- und Plexiglas-Oberfl\u00e4chen von Auto, Motorrad, Caravan, Boot, M\u00f6beln etc.Mit der ergiebigen Spezialpolitur von QUIXX lassen sich diese Kratzer wieder einfach und schnell beseitigen. Aus Alt wird Neu! So wird eine teure Reparatur oder sogar ein Neukauf unn\u00f6tig. Die einzigartige Wirksamkeit des QUIXX Acryl Kratzer-Entferners wurde vom T\u00dcV mit einem Zertifikat [&hellip;]\" \/>\n<meta property=\"og:url\" content=\"https:\/\/shop.bantam.ch\/de\/produkt\/acryl-kratzer-entferner-50-g\/\" \/>\n<meta property=\"og:site_name\" content=\"Bantam Camping AG\" \/>\n<meta property=\"article:modified_time\" content=\"2026-04-18T18:34:23+00:00\" \/>\n<meta property=\"og:image\" content=\"https:\/\/shop.bantam.ch\/wp-content\/uploads\/2023\/02\/9940162-QUIXX_Acryl-Kratzer-Entferner-Standard-01-3.jpg\" \/>\n\t<meta property=\"og:image:width\" content=\"666\" \/>\n\t<meta property=\"og:image:height\" content=\"1000\" \/>\n\t<meta property=\"og:image:type\" content=\"image\/jpeg\" \/>\n<meta name=\"twitter:card\" content=\"summary_large_image\" \/>\n<script type=\"application\/ld+json\" class=\"yoast-schema-graph\">{\"@context\":\"https:\\\/\\\/schema.org\",\"@graph\":[{\"@type\":\"WebPage\",\"@id\":\"https:\\\/\\\/shop.bantam.ch\\\/de\\\/produkt\\\/acryl-kratzer-entferner-50-g\\\/\",\"url\":\"https:\\\/\\\/shop.bantam.ch\\\/de\\\/produkt\\\/acryl-kratzer-entferner-50-g\\\/\",\"name\":\"Acryl-Kratzer-Entferner QUIXX Inhalt 50 g - Bantam Camping AG\",\"isPartOf\":{\"@id\":\"https:\\\/\\\/shop.bantam.ch\\\/de\\\/#website\"},\"primaryImageOfPage\":{\"@id\":\"https:\\\/\\\/shop.bantam.ch\\\/de\\\/produkt\\\/acryl-kratzer-entferner-50-g\\\/#primaryimage\"},\"image\":{\"@id\":\"https:\\\/\\\/shop.bantam.ch\\\/de\\\/produkt\\\/acryl-kratzer-entferner-50-g\\\/#primaryimage\"},\"thumbnailUrl\":\"https:\\\/\\\/shop.bantam.ch\\\/wp-content\\\/uploads\\\/2023\\\/02\\\/9940162-QUIXX_Acryl-Kratzer-Entferner-Standard-01-3.jpg\",\"datePublished\":\"2023-02-22T17:03:28+00:00\",\"dateModified\":\"2026-04-18T18:34:23+00:00\",\"breadcrumb\":{\"@id\":\"https:\\\/\\\/shop.bantam.ch\\\/de\\\/produkt\\\/acryl-kratzer-entferner-50-g\\\/#breadcrumb\"},\"inLanguage\":\"de\",\"potentialAction\":[{\"@type\":\"ReadAction\",\"target\":[\"https:\\\/\\\/shop.bantam.ch\\\/de\\\/produkt\\\/acryl-kratzer-entferner-50-g\\\/\"]}]},{\"@type\":\"ImageObject\",\"inLanguage\":\"de\",\"@id\":\"https:\\\/\\\/shop.bantam.ch\\\/de\\\/produkt\\\/acryl-kratzer-entferner-50-g\\\/#primaryimage\",\"url\":\"https:\\\/\\\/shop.bantam.ch\\\/wp-content\\\/uploads\\\/2023\\\/02\\\/9940162-QUIXX_Acryl-Kratzer-Entferner-Standard-01-3.jpg\",\"contentUrl\":\"https:\\\/\\\/shop.bantam.ch\\\/wp-content\\\/uploads\\\/2023\\\/02\\\/9940162-QUIXX_Acryl-Kratzer-Entferner-Standard-01-3.jpg\",\"width\":666,\"height\":1000},{\"@type\":\"BreadcrumbList\",\"@id\":\"https:\\\/\\\/shop.bantam.ch\\\/de\\\/produkt\\\/acryl-kratzer-entferner-50-g\\\/#breadcrumb\",\"itemListElement\":[{\"@type\":\"ListItem\",\"position\":1,\"name\":\"Accueil\",\"item\":\"https:\\\/\\\/shop.bantam.ch\\\/de\\\/\"},{\"@type\":\"ListItem\",\"position\":2,\"name\":\"Shop\",\"item\":\"https:\\\/\\\/shop.bantam.ch\\\/de\\\/shop\\\/\"},{\"@type\":\"ListItem\",\"position\":3,\"name\":\"Acryl-Kratzer-Entferner QUIXX Inhalt 50 g\"}]},{\"@type\":\"WebSite\",\"@id\":\"https:\\\/\\\/shop.bantam.ch\\\/de\\\/#website\",\"url\":\"https:\\\/\\\/shop.bantam.ch\\\/de\\\/\",\"name\":\"Bantam Camping AG\",\"description\":\"\",\"publisher\":{\"@id\":\"https:\\\/\\\/shop.bantam.ch\\\/de\\\/#organization\"},\"inLanguage\":\"de\"},{\"@type\":\"Organization\",\"@id\":\"https:\\\/\\\/shop.bantam.ch\\\/de\\\/#organization\",\"name\":\"Bantam Camping AG\",\"url\":\"https:\\\/\\\/shop.bantam.ch\\\/de\\\/\",\"logo\":{\"@type\":\"ImageObject\",\"inLanguage\":\"de\",\"@id\":\"https:\\\/\\\/shop.bantam.ch\\\/de\\\/#\\\/schema\\\/logo\\\/image\\\/\",\"url\":\"https:\\\/\\\/shop.bantam.ch\\\/wp-content\\\/uploads\\\/2022\\\/12\\\/bantam-logo.png\",\"contentUrl\":\"https:\\\/\\\/shop.bantam.ch\\\/wp-content\\\/uploads\\\/2022\\\/12\\\/bantam-logo.png\",\"width\":320,\"height\":71,\"caption\":\"Bantam Camping AG\"},\"image\":{\"@id\":\"https:\\\/\\\/shop.bantam.ch\\\/de\\\/#\\\/schema\\\/logo\\\/image\\\/\"}}]}<\/script>\n<!-- \/ Yoast SEO plugin. -->","yoast_head_json":{"title":"Acryl-Kratzer-Entferner QUIXX Inhalt 50 g - Bantam Camping AG","robots":{"index":"index","follow":"follow","max-snippet":"max-snippet:-1","max-image-preview":"max-image-preview:large","max-video-preview":"max-video-preview:-1"},"canonical":"https:\/\/shop.bantam.ch\/de\/produkt\/acryl-kratzer-entferner-50-g\/","og_locale":"de_DE","og_type":"article","og_title":"Acryl-Kratzer-Entferner QUIXX Inhalt 50 g - Bantam Camping AG","og_description":"Entfernt zuverl\u00e4ssig Kratzer aus Acryl- und Plexiglas-Oberfl\u00e4chen von Auto, Motorrad, Caravan, Boot, M\u00f6beln etc.Mit der ergiebigen Spezialpolitur von QUIXX lassen sich diese Kratzer wieder einfach und schnell beseitigen. Aus Alt wird Neu! So wird eine teure Reparatur oder sogar ein Neukauf unn\u00f6tig. Die einzigartige Wirksamkeit des QUIXX Acryl Kratzer-Entferners wurde vom T\u00dcV mit einem Zertifikat [&hellip;]","og_url":"https:\/\/shop.bantam.ch\/de\/produkt\/acryl-kratzer-entferner-50-g\/","og_site_name":"Bantam Camping AG","article_modified_time":"2026-04-18T18:34:23+00:00","og_image":[{"width":666,"height":1000,"url":"https:\/\/shop.bantam.ch\/wp-content\/uploads\/2023\/02\/9940162-QUIXX_Acryl-Kratzer-Entferner-Standard-01-3.jpg","type":"image\/jpeg"}],"twitter_card":"summary_large_image","schema":{"@context":"https:\/\/schema.org","@graph":[{"@type":"WebPage","@id":"https:\/\/shop.bantam.ch\/de\/produkt\/acryl-kratzer-entferner-50-g\/","url":"https:\/\/shop.bantam.ch\/de\/produkt\/acryl-kratzer-entferner-50-g\/","name":"Acryl-Kratzer-Entferner QUIXX Inhalt 50 g - Bantam Camping AG","isPartOf":{"@id":"https:\/\/shop.bantam.ch\/de\/#website"},"primaryImageOfPage":{"@id":"https:\/\/shop.bantam.ch\/de\/produkt\/acryl-kratzer-entferner-50-g\/#primaryimage"},"image":{"@id":"https:\/\/shop.bantam.ch\/de\/produkt\/acryl-kratzer-entferner-50-g\/#primaryimage"},"thumbnailUrl":"https:\/\/shop.bantam.ch\/wp-content\/uploads\/2023\/02\/9940162-QUIXX_Acryl-Kratzer-Entferner-Standard-01-3.jpg","datePublished":"2023-02-22T17:03:28+00:00","dateModified":"2026-04-18T18:34:23+00:00","breadcrumb":{"@id":"https:\/\/shop.bantam.ch\/de\/produkt\/acryl-kratzer-entferner-50-g\/#breadcrumb"},"inLanguage":"de","potentialAction":[{"@type":"ReadAction","target":["https:\/\/shop.bantam.ch\/de\/produkt\/acryl-kratzer-entferner-50-g\/"]}]},{"@type":"ImageObject","inLanguage":"de","@id":"https:\/\/shop.bantam.ch\/de\/produkt\/acryl-kratzer-entferner-50-g\/#primaryimage","url":"https:\/\/shop.bantam.ch\/wp-content\/uploads\/2023\/02\/9940162-QUIXX_Acryl-Kratzer-Entferner-Standard-01-3.jpg","contentUrl":"https:\/\/shop.bantam.ch\/wp-content\/uploads\/2023\/02\/9940162-QUIXX_Acryl-Kratzer-Entferner-Standard-01-3.jpg","width":666,"height":1000},{"@type":"BreadcrumbList","@id":"https:\/\/shop.bantam.ch\/de\/produkt\/acryl-kratzer-entferner-50-g\/#breadcrumb","itemListElement":[{"@type":"ListItem","position":1,"name":"Accueil","item":"https:\/\/shop.bantam.ch\/de\/"},{"@type":"ListItem","position":2,"name":"Shop","item":"https:\/\/shop.bantam.ch\/de\/shop\/"},{"@type":"ListItem","position":3,"name":"Acryl-Kratzer-Entferner QUIXX Inhalt 50 g"}]},{"@type":"WebSite","@id":"https:\/\/shop.bantam.ch\/de\/#website","url":"https:\/\/shop.bantam.ch\/de\/","name":"Bantam Camping AG","description":"","publisher":{"@id":"https:\/\/shop.bantam.ch\/de\/#organization"},"inLanguage":"de"},{"@type":"Organization","@id":"https:\/\/shop.bantam.ch\/de\/#organization","name":"Bantam Camping AG","url":"https:\/\/shop.bantam.ch\/de\/","logo":{"@type":"ImageObject","inLanguage":"de","@id":"https:\/\/shop.bantam.ch\/de\/#\/schema\/logo\/image\/","url":"https:\/\/shop.bantam.ch\/wp-content\/uploads\/2022\/12\/bantam-logo.png","contentUrl":"https:\/\/shop.bantam.ch\/wp-content\/uploads\/2022\/12\/bantam-logo.png","width":320,"height":71,"caption":"Bantam Camping AG"},"image":{"@id":"https:\/\/shop.bantam.ch\/de\/#\/schema\/logo\/image\/"}}]}},"_links":{"self":[{"href":"https:\/\/shop.bantam.ch\/de\/wp-json\/wp\/v2\/product\/31508","targetHints":{"allow":["GET"]}}],"collection":[{"href":"https:\/\/shop.bantam.ch\/de\/wp-json\/wp\/v2\/product"}],"about":[{"href":"https:\/\/shop.bantam.ch\/de\/wp-json\/wp\/v2\/types\/product"}],"wp:featuredmedia":[{"embeddable":true,"href":"https:\/\/shop.bantam.ch\/de\/wp-json\/wp\/v2\/media\/31504"}],"wp:attachment":[{"href":"https:\/\/shop.bantam.ch\/de\/wp-json\/wp\/v2\/media?parent=31508"}],"wp:term":[{"taxonomy":"product_featured_cat","embeddable":true,"href":"https:\/\/shop.bantam.ch\/de\/wp-json\/wp\/v2\/product_featured_cat?post=31508"},{"taxonomy":"product_brand","embeddable":true,"href":"https:\/\/shop.bantam.ch\/de\/wp-json\/wp\/v2\/product_brand?post=31508"},{"taxonomy":"product_cat","embeddable":true,"href":"https:\/\/shop.bantam.ch\/de\/wp-json\/wp\/v2\/product_cat?post=31508"},{"taxonomy":"product_tag","embeddable":true,"href":"https:\/\/shop.bantam.ch\/de\/wp-json\/wp\/v2\/product_tag?post=31508"}],"curies":[{"name":"wp","href":"https:\/\/api.w.org\/{rel}","templated":true}]}}