{"id":31274,"date":"2023-02-22T17:59:45","date_gmt":"2023-02-22T16:59:45","guid":{"rendered":"http:\/\/preprod-dev.sh1.hidora.com\/webshop\/produit\/zurrschienen-system-zurrplatte-90-grad-senkung\/"},"modified":"2026-04-16T20:34:17","modified_gmt":"2026-04-16T18:34:17","slug":"zurrschienen-system-zurrplatte-90-grad-senkung","status":"publish","type":"product","link":"https:\/\/shop.bantam.ch\/de\/produkt\/zurrschienen-system-zurrplatte-90-grad-senkung\/","title":{"rendered":"Zurrplatte AJ 90 Grad Senkung L\u00e4nge 44,5 mm"},"content":{"rendered":"<p>Das Zurrschienen-System ist nach dem Baukastenprinzip aufgebaut und w\u00e4chst mit Ihren Anforderungen. Eine einzige Schiene er\u00f6ffnet Ihnen den Weg zu einem komfortablen und intelligenten Stausystem. Einfache Montage der Grundschienen durch kleben, schrauben oder nieten. Alle Zurrschienen haben einen Raster von 25 mm. Die Zurr\u00f6sen (Fittinge) k\u00f6nnen mit einer Hand an jeden beliebigen Punkt der Schiene eingef\u00fchrt werden. Durch Verschieben um ein halbes Rasterma\u00df verriegelt der Bolzen selbstst\u00e4ndig in der Schiene.<\/p>\n<p>Zurrplatte 90 \u00b0 Senkung passend zu Zurrschiene.<\/p>\n<p>Befestigung: schrauben<\/p>\n","protected":false},"excerpt":{"rendered":"<p>Das Zurrschienen-System ist nach dem Baukastenprinzip aufgebaut und w\u00e4chst mit Ihren Anforderungen. Eine einzige Schiene er\u00f6ffnet Ihnen den Weg zu einem komfortablen und intelligenten Stausystem. Einfache Montage der Grundschienen durch kleben, schrauben oder nieten. Alle Zurrschienen haben einen Raster von 25 mm. Die Zurr\u00f6sen (Fittinge) k\u00f6nnen mit einer Hand an jeden beliebigen Punkt der Schiene [&hellip;]<\/p>\n","protected":false},"featured_media":31270,"template":"","meta":{"_acf_changed":false},"product_featured_cat":[],"product_brand":[3149],"product_cat":[5142],"product_tag":[],"class_list":{"0":"post-31274","1":"product","2":"type-product","3":"status-publish","4":"has-post-thumbnail","6":"product_brand-allsafe-de","7":"product_cat-heckgaragen-befestigung","9":"first","10":"instock","11":"taxable","12":"shipping-taxable","13":"purchasable","14":"product-type-simple"},"acf":[],"yoast_head":"<!-- This site is optimized with the Yoast SEO plugin v27.4 - https:\/\/yoast.com\/product\/yoast-seo-wordpress\/ -->\n<title>Zurrplatte AJ 90 Grad Senkung L\u00e4nge 44,5 mm - Bantam Camping AG<\/title>\n<meta name=\"robots\" content=\"index, follow, max-snippet:-1, max-image-preview:large, max-video-preview:-1\" \/>\n<link rel=\"canonical\" href=\"https:\/\/shop.bantam.ch\/de\/produkt\/zurrschienen-system-zurrplatte-90-grad-senkung\/\" \/>\n<meta property=\"og:locale\" content=\"de_DE\" \/>\n<meta property=\"og:type\" content=\"article\" \/>\n<meta property=\"og:title\" content=\"Zurrplatte AJ 90 Grad Senkung L\u00e4nge 44,5 mm - Bantam Camping AG\" \/>\n<meta property=\"og:description\" content=\"Das Zurrschienen-System ist nach dem Baukastenprinzip aufgebaut und w\u00e4chst mit Ihren Anforderungen. Eine einzige Schiene er\u00f6ffnet Ihnen den Weg zu einem komfortablen und intelligenten Stausystem. Einfache Montage der Grundschienen durch kleben, schrauben oder nieten. Alle Zurrschienen haben einen Raster von 25 mm. Die Zurr\u00f6sen (Fittinge) k\u00f6nnen mit einer Hand an jeden beliebigen Punkt der Schiene [&hellip;]\" \/>\n<meta property=\"og:url\" content=\"https:\/\/shop.bantam.ch\/de\/produkt\/zurrschienen-system-zurrplatte-90-grad-senkung\/\" \/>\n<meta property=\"og:site_name\" content=\"Bantam Camping AG\" \/>\n<meta property=\"article:modified_time\" content=\"2026-04-16T18:34:17+00:00\" \/>\n<meta property=\"og:image\" content=\"https:\/\/shop.bantam.ch\/wp-content\/uploads\/2023\/02\/9947935-Buerstner_Zurrplatte-Standard-01-3.jpg\" \/>\n\t<meta property=\"og:image:width\" content=\"1000\" \/>\n\t<meta property=\"og:image:height\" content=\"696\" \/>\n\t<meta property=\"og:image:type\" content=\"image\/jpeg\" \/>\n<meta name=\"twitter:card\" content=\"summary_large_image\" \/>\n<script type=\"application\/ld+json\" class=\"yoast-schema-graph\">{\"@context\":\"https:\\\/\\\/schema.org\",\"@graph\":[{\"@type\":\"WebPage\",\"@id\":\"https:\\\/\\\/shop.bantam.ch\\\/de\\\/produkt\\\/zurrschienen-system-zurrplatte-90-grad-senkung\\\/\",\"url\":\"https:\\\/\\\/shop.bantam.ch\\\/de\\\/produkt\\\/zurrschienen-system-zurrplatte-90-grad-senkung\\\/\",\"name\":\"Zurrplatte AJ 90 Grad Senkung L\u00e4nge 44,5 mm - Bantam Camping AG\",\"isPartOf\":{\"@id\":\"https:\\\/\\\/shop.bantam.ch\\\/de\\\/#website\"},\"primaryImageOfPage\":{\"@id\":\"https:\\\/\\\/shop.bantam.ch\\\/de\\\/produkt\\\/zurrschienen-system-zurrplatte-90-grad-senkung\\\/#primaryimage\"},\"image\":{\"@id\":\"https:\\\/\\\/shop.bantam.ch\\\/de\\\/produkt\\\/zurrschienen-system-zurrplatte-90-grad-senkung\\\/#primaryimage\"},\"thumbnailUrl\":\"https:\\\/\\\/shop.bantam.ch\\\/wp-content\\\/uploads\\\/2023\\\/02\\\/9947935-Buerstner_Zurrplatte-Standard-01-3.jpg\",\"datePublished\":\"2023-02-22T16:59:45+00:00\",\"dateModified\":\"2026-04-16T18:34:17+00:00\",\"breadcrumb\":{\"@id\":\"https:\\\/\\\/shop.bantam.ch\\\/de\\\/produkt\\\/zurrschienen-system-zurrplatte-90-grad-senkung\\\/#breadcrumb\"},\"inLanguage\":\"de\",\"potentialAction\":[{\"@type\":\"ReadAction\",\"target\":[\"https:\\\/\\\/shop.bantam.ch\\\/de\\\/produkt\\\/zurrschienen-system-zurrplatte-90-grad-senkung\\\/\"]}]},{\"@type\":\"ImageObject\",\"inLanguage\":\"de\",\"@id\":\"https:\\\/\\\/shop.bantam.ch\\\/de\\\/produkt\\\/zurrschienen-system-zurrplatte-90-grad-senkung\\\/#primaryimage\",\"url\":\"https:\\\/\\\/shop.bantam.ch\\\/wp-content\\\/uploads\\\/2023\\\/02\\\/9947935-Buerstner_Zurrplatte-Standard-01-3.jpg\",\"contentUrl\":\"https:\\\/\\\/shop.bantam.ch\\\/wp-content\\\/uploads\\\/2023\\\/02\\\/9947935-Buerstner_Zurrplatte-Standard-01-3.jpg\",\"width\":1000,\"height\":696},{\"@type\":\"BreadcrumbList\",\"@id\":\"https:\\\/\\\/shop.bantam.ch\\\/de\\\/produkt\\\/zurrschienen-system-zurrplatte-90-grad-senkung\\\/#breadcrumb\",\"itemListElement\":[{\"@type\":\"ListItem\",\"position\":1,\"name\":\"Accueil\",\"item\":\"https:\\\/\\\/shop.bantam.ch\\\/de\\\/\"},{\"@type\":\"ListItem\",\"position\":2,\"name\":\"Shop\",\"item\":\"https:\\\/\\\/shop.bantam.ch\\\/de\\\/shop\\\/\"},{\"@type\":\"ListItem\",\"position\":3,\"name\":\"Zurrplatte AJ 90 Grad Senkung L\u00e4nge 44,5 mm\"}]},{\"@type\":\"WebSite\",\"@id\":\"https:\\\/\\\/shop.bantam.ch\\\/de\\\/#website\",\"url\":\"https:\\\/\\\/shop.bantam.ch\\\/de\\\/\",\"name\":\"Bantam Camping AG\",\"description\":\"\",\"publisher\":{\"@id\":\"https:\\\/\\\/shop.bantam.ch\\\/de\\\/#organization\"},\"inLanguage\":\"de\"},{\"@type\":\"Organization\",\"@id\":\"https:\\\/\\\/shop.bantam.ch\\\/de\\\/#organization\",\"name\":\"Bantam Camping AG\",\"url\":\"https:\\\/\\\/shop.bantam.ch\\\/de\\\/\",\"logo\":{\"@type\":\"ImageObject\",\"inLanguage\":\"de\",\"@id\":\"https:\\\/\\\/shop.bantam.ch\\\/de\\\/#\\\/schema\\\/logo\\\/image\\\/\",\"url\":\"https:\\\/\\\/shop.bantam.ch\\\/wp-content\\\/uploads\\\/2022\\\/12\\\/bantam-logo.png\",\"contentUrl\":\"https:\\\/\\\/shop.bantam.ch\\\/wp-content\\\/uploads\\\/2022\\\/12\\\/bantam-logo.png\",\"width\":320,\"height\":71,\"caption\":\"Bantam Camping AG\"},\"image\":{\"@id\":\"https:\\\/\\\/shop.bantam.ch\\\/de\\\/#\\\/schema\\\/logo\\\/image\\\/\"}}]}<\/script>\n<!-- \/ Yoast SEO plugin. -->","yoast_head_json":{"title":"Zurrplatte AJ 90 Grad Senkung L\u00e4nge 44,5 mm - Bantam Camping AG","robots":{"index":"index","follow":"follow","max-snippet":"max-snippet:-1","max-image-preview":"max-image-preview:large","max-video-preview":"max-video-preview:-1"},"canonical":"https:\/\/shop.bantam.ch\/de\/produkt\/zurrschienen-system-zurrplatte-90-grad-senkung\/","og_locale":"de_DE","og_type":"article","og_title":"Zurrplatte AJ 90 Grad Senkung L\u00e4nge 44,5 mm - Bantam Camping AG","og_description":"Das Zurrschienen-System ist nach dem Baukastenprinzip aufgebaut und w\u00e4chst mit Ihren Anforderungen. Eine einzige Schiene er\u00f6ffnet Ihnen den Weg zu einem komfortablen und intelligenten Stausystem. Einfache Montage der Grundschienen durch kleben, schrauben oder nieten. Alle Zurrschienen haben einen Raster von 25 mm. Die Zurr\u00f6sen (Fittinge) k\u00f6nnen mit einer Hand an jeden beliebigen Punkt der Schiene [&hellip;]","og_url":"https:\/\/shop.bantam.ch\/de\/produkt\/zurrschienen-system-zurrplatte-90-grad-senkung\/","og_site_name":"Bantam Camping AG","article_modified_time":"2026-04-16T18:34:17+00:00","og_image":[{"width":1000,"height":696,"url":"https:\/\/shop.bantam.ch\/wp-content\/uploads\/2023\/02\/9947935-Buerstner_Zurrplatte-Standard-01-3.jpg","type":"image\/jpeg"}],"twitter_card":"summary_large_image","schema":{"@context":"https:\/\/schema.org","@graph":[{"@type":"WebPage","@id":"https:\/\/shop.bantam.ch\/de\/produkt\/zurrschienen-system-zurrplatte-90-grad-senkung\/","url":"https:\/\/shop.bantam.ch\/de\/produkt\/zurrschienen-system-zurrplatte-90-grad-senkung\/","name":"Zurrplatte AJ 90 Grad Senkung L\u00e4nge 44,5 mm - Bantam Camping AG","isPartOf":{"@id":"https:\/\/shop.bantam.ch\/de\/#website"},"primaryImageOfPage":{"@id":"https:\/\/shop.bantam.ch\/de\/produkt\/zurrschienen-system-zurrplatte-90-grad-senkung\/#primaryimage"},"image":{"@id":"https:\/\/shop.bantam.ch\/de\/produkt\/zurrschienen-system-zurrplatte-90-grad-senkung\/#primaryimage"},"thumbnailUrl":"https:\/\/shop.bantam.ch\/wp-content\/uploads\/2023\/02\/9947935-Buerstner_Zurrplatte-Standard-01-3.jpg","datePublished":"2023-02-22T16:59:45+00:00","dateModified":"2026-04-16T18:34:17+00:00","breadcrumb":{"@id":"https:\/\/shop.bantam.ch\/de\/produkt\/zurrschienen-system-zurrplatte-90-grad-senkung\/#breadcrumb"},"inLanguage":"de","potentialAction":[{"@type":"ReadAction","target":["https:\/\/shop.bantam.ch\/de\/produkt\/zurrschienen-system-zurrplatte-90-grad-senkung\/"]}]},{"@type":"ImageObject","inLanguage":"de","@id":"https:\/\/shop.bantam.ch\/de\/produkt\/zurrschienen-system-zurrplatte-90-grad-senkung\/#primaryimage","url":"https:\/\/shop.bantam.ch\/wp-content\/uploads\/2023\/02\/9947935-Buerstner_Zurrplatte-Standard-01-3.jpg","contentUrl":"https:\/\/shop.bantam.ch\/wp-content\/uploads\/2023\/02\/9947935-Buerstner_Zurrplatte-Standard-01-3.jpg","width":1000,"height":696},{"@type":"BreadcrumbList","@id":"https:\/\/shop.bantam.ch\/de\/produkt\/zurrschienen-system-zurrplatte-90-grad-senkung\/#breadcrumb","itemListElement":[{"@type":"ListItem","position":1,"name":"Accueil","item":"https:\/\/shop.bantam.ch\/de\/"},{"@type":"ListItem","position":2,"name":"Shop","item":"https:\/\/shop.bantam.ch\/de\/shop\/"},{"@type":"ListItem","position":3,"name":"Zurrplatte AJ 90 Grad Senkung L\u00e4nge 44,5 mm"}]},{"@type":"WebSite","@id":"https:\/\/shop.bantam.ch\/de\/#website","url":"https:\/\/shop.bantam.ch\/de\/","name":"Bantam Camping AG","description":"","publisher":{"@id":"https:\/\/shop.bantam.ch\/de\/#organization"},"inLanguage":"de"},{"@type":"Organization","@id":"https:\/\/shop.bantam.ch\/de\/#organization","name":"Bantam Camping AG","url":"https:\/\/shop.bantam.ch\/de\/","logo":{"@type":"ImageObject","inLanguage":"de","@id":"https:\/\/shop.bantam.ch\/de\/#\/schema\/logo\/image\/","url":"https:\/\/shop.bantam.ch\/wp-content\/uploads\/2022\/12\/bantam-logo.png","contentUrl":"https:\/\/shop.bantam.ch\/wp-content\/uploads\/2022\/12\/bantam-logo.png","width":320,"height":71,"caption":"Bantam Camping AG"},"image":{"@id":"https:\/\/shop.bantam.ch\/de\/#\/schema\/logo\/image\/"}}]}},"_links":{"self":[{"href":"https:\/\/shop.bantam.ch\/de\/wp-json\/wp\/v2\/product\/31274","targetHints":{"allow":["GET"]}}],"collection":[{"href":"https:\/\/shop.bantam.ch\/de\/wp-json\/wp\/v2\/product"}],"about":[{"href":"https:\/\/shop.bantam.ch\/de\/wp-json\/wp\/v2\/types\/product"}],"wp:featuredmedia":[{"embeddable":true,"href":"https:\/\/shop.bantam.ch\/de\/wp-json\/wp\/v2\/media\/31270"}],"wp:attachment":[{"href":"https:\/\/shop.bantam.ch\/de\/wp-json\/wp\/v2\/media?parent=31274"}],"wp:term":[{"taxonomy":"product_featured_cat","embeddable":true,"href":"https:\/\/shop.bantam.ch\/de\/wp-json\/wp\/v2\/product_featured_cat?post=31274"},{"taxonomy":"product_brand","embeddable":true,"href":"https:\/\/shop.bantam.ch\/de\/wp-json\/wp\/v2\/product_brand?post=31274"},{"taxonomy":"product_cat","embeddable":true,"href":"https:\/\/shop.bantam.ch\/de\/wp-json\/wp\/v2\/product_cat?post=31274"},{"taxonomy":"product_tag","embeddable":true,"href":"https:\/\/shop.bantam.ch\/de\/wp-json\/wp\/v2\/product_tag?post=31274"}],"curies":[{"name":"wp","href":"https:\/\/api.w.org\/{rel}","templated":true}]}}