{"id":31158,"date":"2023-02-22T17:57:50","date_gmt":"2023-02-22T16:57:50","guid":{"rendered":"http:\/\/preprod-dev.sh1.hidora.com\/webshop\/produit\/zusatzschloss-heosafe-fuer-carado-sunlight-etrusco-gluecksmobil\/"},"modified":"2026-04-17T20:33:47","modified_gmt":"2026-04-17T18:33:47","slug":"zusatzschloss-heosafe-fuer-carado-sunlight-etrusco-gluecksmobil","status":"publish","type":"product","link":"https:\/\/shop.bantam.ch\/de\/produkt\/zusatzschloss-heosafe-fuer-carado-sunlight-etrusco-gluecksmobil\/","title":{"rendered":"Zusatzschloss HEOSafe f\u00fcr Carado\/Sunlight bis heute, Etrusco\/Gl\u00fccksmobil bis 2019"},"content":{"rendered":"<p>Das Sicherheitsschloss wird komplett in die T\u00fcrabdeckung der Aufbaut\u00fcr integriert. Deshalb besteht der Lieferumfang nicht nur aus dem Schloss (Art. 1951) aber auch aus einer neuen Innenverkleidung, eine Schablone f\u00fcr die Borl\u00f6cher, eine Unterlegplatte und eine Schlossarretierung aus Kunststoff.\u00a0Passend f\u00fcr\u00a0 Carado \/ Sunlight bis heute, Etrusco \/ Gl\u00fccksmobil bis 2019.<\/p>\n<p>Adapter HEOSafe f\u00fcr Zusatzschl\u00f6sser ist im Lieferumfang enthalten.<\/p>\n","protected":false},"excerpt":{"rendered":"<p>Das Sicherheitsschloss wird komplett in die T\u00fcrabdeckung der Aufbaut\u00fcr integriert. Deshalb besteht der Lieferumfang nicht nur aus dem Schloss (Art. 1951) aber auch aus einer neuen Innenverkleidung, eine Schablone f\u00fcr die Borl\u00f6cher, eine Unterlegplatte und eine Schlossarretierung aus Kunststoff.\u00a0Passend f\u00fcr\u00a0 Carado \/ Sunlight bis heute, Etrusco \/ Gl\u00fccksmobil bis 2019. Adapter HEOSafe f\u00fcr Zusatzschl\u00f6sser ist [&hellip;]<\/p>\n","protected":false},"featured_media":31154,"template":"","meta":{"_acf_changed":false},"product_featured_cat":[],"product_brand":[3139],"product_cat":[4668],"product_tag":[],"class_list":{"0":"post-31158","1":"product","2":"type-product","3":"status-publish","4":"has-post-thumbnail","6":"product_brand-heosafe-de","7":"product_cat-tuersicherungen","9":"first","10":"instock","11":"taxable","12":"shipping-taxable","13":"purchasable","14":"product-type-simple"},"acf":[],"yoast_head":"<!-- This site is optimized with the Yoast SEO plugin v27.4 - https:\/\/yoast.com\/product\/yoast-seo-wordpress\/ -->\n<title>Zusatzschloss HEOSafe f\u00fcr Carado\/Sunlight bis heute, Etrusco\/Gl\u00fccksmobil bis 2019 - Bantam Camping AG<\/title>\n<meta name=\"robots\" content=\"index, follow, max-snippet:-1, max-image-preview:large, max-video-preview:-1\" \/>\n<link rel=\"canonical\" href=\"https:\/\/shop.bantam.ch\/de\/produkt\/zusatzschloss-heosafe-fuer-carado-sunlight-etrusco-gluecksmobil\/\" \/>\n<meta property=\"og:locale\" content=\"de_DE\" \/>\n<meta property=\"og:type\" content=\"article\" \/>\n<meta property=\"og:title\" content=\"Zusatzschloss HEOSafe f\u00fcr Carado\/Sunlight bis heute, Etrusco\/Gl\u00fccksmobil bis 2019 - Bantam Camping AG\" \/>\n<meta property=\"og:description\" content=\"Das Sicherheitsschloss wird komplett in die T\u00fcrabdeckung der Aufbaut\u00fcr integriert. Deshalb besteht der Lieferumfang nicht nur aus dem Schloss (Art. 1951) aber auch aus einer neuen Innenverkleidung, eine Schablone f\u00fcr die Borl\u00f6cher, eine Unterlegplatte und eine Schlossarretierung aus Kunststoff.\u00a0Passend f\u00fcr\u00a0 Carado \/ Sunlight bis heute, Etrusco \/ Gl\u00fccksmobil bis 2019. Adapter HEOSafe f\u00fcr Zusatzschl\u00f6sser ist [&hellip;]\" \/>\n<meta property=\"og:url\" content=\"https:\/\/shop.bantam.ch\/de\/produkt\/zusatzschloss-heosafe-fuer-carado-sunlight-etrusco-gluecksmobil\/\" \/>\n<meta property=\"og:site_name\" content=\"Bantam Camping AG\" \/>\n<meta property=\"article:modified_time\" content=\"2026-04-17T18:33:47+00:00\" \/>\n<meta property=\"og:image\" content=\"https:\/\/shop.bantam.ch\/wp-content\/uploads\/2023\/02\/9940465-HEOSafe_Zusatzschloss_-Standard-01-3.jpg\" \/>\n\t<meta property=\"og:image:width\" content=\"1000\" \/>\n\t<meta property=\"og:image:height\" content=\"698\" \/>\n\t<meta property=\"og:image:type\" content=\"image\/jpeg\" \/>\n<meta name=\"twitter:card\" content=\"summary_large_image\" \/>\n<script type=\"application\/ld+json\" class=\"yoast-schema-graph\">{\"@context\":\"https:\\\/\\\/schema.org\",\"@graph\":[{\"@type\":\"WebPage\",\"@id\":\"https:\\\/\\\/shop.bantam.ch\\\/de\\\/produkt\\\/zusatzschloss-heosafe-fuer-carado-sunlight-etrusco-gluecksmobil\\\/\",\"url\":\"https:\\\/\\\/shop.bantam.ch\\\/de\\\/produkt\\\/zusatzschloss-heosafe-fuer-carado-sunlight-etrusco-gluecksmobil\\\/\",\"name\":\"Zusatzschloss HEOSafe f\u00fcr Carado\\\/Sunlight bis heute, Etrusco\\\/Gl\u00fccksmobil bis 2019 - Bantam Camping AG\",\"isPartOf\":{\"@id\":\"https:\\\/\\\/shop.bantam.ch\\\/de\\\/#website\"},\"primaryImageOfPage\":{\"@id\":\"https:\\\/\\\/shop.bantam.ch\\\/de\\\/produkt\\\/zusatzschloss-heosafe-fuer-carado-sunlight-etrusco-gluecksmobil\\\/#primaryimage\"},\"image\":{\"@id\":\"https:\\\/\\\/shop.bantam.ch\\\/de\\\/produkt\\\/zusatzschloss-heosafe-fuer-carado-sunlight-etrusco-gluecksmobil\\\/#primaryimage\"},\"thumbnailUrl\":\"https:\\\/\\\/shop.bantam.ch\\\/wp-content\\\/uploads\\\/2023\\\/02\\\/9940465-HEOSafe_Zusatzschloss_-Standard-01-3.jpg\",\"datePublished\":\"2023-02-22T16:57:50+00:00\",\"dateModified\":\"2026-04-17T18:33:47+00:00\",\"breadcrumb\":{\"@id\":\"https:\\\/\\\/shop.bantam.ch\\\/de\\\/produkt\\\/zusatzschloss-heosafe-fuer-carado-sunlight-etrusco-gluecksmobil\\\/#breadcrumb\"},\"inLanguage\":\"de\",\"potentialAction\":[{\"@type\":\"ReadAction\",\"target\":[\"https:\\\/\\\/shop.bantam.ch\\\/de\\\/produkt\\\/zusatzschloss-heosafe-fuer-carado-sunlight-etrusco-gluecksmobil\\\/\"]}]},{\"@type\":\"ImageObject\",\"inLanguage\":\"de\",\"@id\":\"https:\\\/\\\/shop.bantam.ch\\\/de\\\/produkt\\\/zusatzschloss-heosafe-fuer-carado-sunlight-etrusco-gluecksmobil\\\/#primaryimage\",\"url\":\"https:\\\/\\\/shop.bantam.ch\\\/wp-content\\\/uploads\\\/2023\\\/02\\\/9940465-HEOSafe_Zusatzschloss_-Standard-01-3.jpg\",\"contentUrl\":\"https:\\\/\\\/shop.bantam.ch\\\/wp-content\\\/uploads\\\/2023\\\/02\\\/9940465-HEOSafe_Zusatzschloss_-Standard-01-3.jpg\",\"width\":1000,\"height\":698},{\"@type\":\"BreadcrumbList\",\"@id\":\"https:\\\/\\\/shop.bantam.ch\\\/de\\\/produkt\\\/zusatzschloss-heosafe-fuer-carado-sunlight-etrusco-gluecksmobil\\\/#breadcrumb\",\"itemListElement\":[{\"@type\":\"ListItem\",\"position\":1,\"name\":\"Accueil\",\"item\":\"https:\\\/\\\/shop.bantam.ch\\\/de\\\/\"},{\"@type\":\"ListItem\",\"position\":2,\"name\":\"Shop\",\"item\":\"https:\\\/\\\/shop.bantam.ch\\\/de\\\/shop\\\/\"},{\"@type\":\"ListItem\",\"position\":3,\"name\":\"Zusatzschloss HEOSafe f\u00fcr Carado\\\/Sunlight bis heute, Etrusco\\\/Gl\u00fccksmobil bis 2019\"}]},{\"@type\":\"WebSite\",\"@id\":\"https:\\\/\\\/shop.bantam.ch\\\/de\\\/#website\",\"url\":\"https:\\\/\\\/shop.bantam.ch\\\/de\\\/\",\"name\":\"Bantam Camping AG\",\"description\":\"\",\"publisher\":{\"@id\":\"https:\\\/\\\/shop.bantam.ch\\\/de\\\/#organization\"},\"inLanguage\":\"de\"},{\"@type\":\"Organization\",\"@id\":\"https:\\\/\\\/shop.bantam.ch\\\/de\\\/#organization\",\"name\":\"Bantam Camping AG\",\"url\":\"https:\\\/\\\/shop.bantam.ch\\\/de\\\/\",\"logo\":{\"@type\":\"ImageObject\",\"inLanguage\":\"de\",\"@id\":\"https:\\\/\\\/shop.bantam.ch\\\/de\\\/#\\\/schema\\\/logo\\\/image\\\/\",\"url\":\"https:\\\/\\\/shop.bantam.ch\\\/wp-content\\\/uploads\\\/2022\\\/12\\\/bantam-logo.png\",\"contentUrl\":\"https:\\\/\\\/shop.bantam.ch\\\/wp-content\\\/uploads\\\/2022\\\/12\\\/bantam-logo.png\",\"width\":320,\"height\":71,\"caption\":\"Bantam Camping AG\"},\"image\":{\"@id\":\"https:\\\/\\\/shop.bantam.ch\\\/de\\\/#\\\/schema\\\/logo\\\/image\\\/\"}}]}<\/script>\n<!-- \/ Yoast SEO plugin. -->","yoast_head_json":{"title":"Zusatzschloss HEOSafe f\u00fcr Carado\/Sunlight bis heute, Etrusco\/Gl\u00fccksmobil bis 2019 - Bantam Camping AG","robots":{"index":"index","follow":"follow","max-snippet":"max-snippet:-1","max-image-preview":"max-image-preview:large","max-video-preview":"max-video-preview:-1"},"canonical":"https:\/\/shop.bantam.ch\/de\/produkt\/zusatzschloss-heosafe-fuer-carado-sunlight-etrusco-gluecksmobil\/","og_locale":"de_DE","og_type":"article","og_title":"Zusatzschloss HEOSafe f\u00fcr Carado\/Sunlight bis heute, Etrusco\/Gl\u00fccksmobil bis 2019 - Bantam Camping AG","og_description":"Das Sicherheitsschloss wird komplett in die T\u00fcrabdeckung der Aufbaut\u00fcr integriert. Deshalb besteht der Lieferumfang nicht nur aus dem Schloss (Art. 1951) aber auch aus einer neuen Innenverkleidung, eine Schablone f\u00fcr die Borl\u00f6cher, eine Unterlegplatte und eine Schlossarretierung aus Kunststoff.\u00a0Passend f\u00fcr\u00a0 Carado \/ Sunlight bis heute, Etrusco \/ Gl\u00fccksmobil bis 2019. Adapter HEOSafe f\u00fcr Zusatzschl\u00f6sser ist [&hellip;]","og_url":"https:\/\/shop.bantam.ch\/de\/produkt\/zusatzschloss-heosafe-fuer-carado-sunlight-etrusco-gluecksmobil\/","og_site_name":"Bantam Camping AG","article_modified_time":"2026-04-17T18:33:47+00:00","og_image":[{"width":1000,"height":698,"url":"https:\/\/shop.bantam.ch\/wp-content\/uploads\/2023\/02\/9940465-HEOSafe_Zusatzschloss_-Standard-01-3.jpg","type":"image\/jpeg"}],"twitter_card":"summary_large_image","schema":{"@context":"https:\/\/schema.org","@graph":[{"@type":"WebPage","@id":"https:\/\/shop.bantam.ch\/de\/produkt\/zusatzschloss-heosafe-fuer-carado-sunlight-etrusco-gluecksmobil\/","url":"https:\/\/shop.bantam.ch\/de\/produkt\/zusatzschloss-heosafe-fuer-carado-sunlight-etrusco-gluecksmobil\/","name":"Zusatzschloss HEOSafe f\u00fcr Carado\/Sunlight bis heute, Etrusco\/Gl\u00fccksmobil bis 2019 - Bantam Camping AG","isPartOf":{"@id":"https:\/\/shop.bantam.ch\/de\/#website"},"primaryImageOfPage":{"@id":"https:\/\/shop.bantam.ch\/de\/produkt\/zusatzschloss-heosafe-fuer-carado-sunlight-etrusco-gluecksmobil\/#primaryimage"},"image":{"@id":"https:\/\/shop.bantam.ch\/de\/produkt\/zusatzschloss-heosafe-fuer-carado-sunlight-etrusco-gluecksmobil\/#primaryimage"},"thumbnailUrl":"https:\/\/shop.bantam.ch\/wp-content\/uploads\/2023\/02\/9940465-HEOSafe_Zusatzschloss_-Standard-01-3.jpg","datePublished":"2023-02-22T16:57:50+00:00","dateModified":"2026-04-17T18:33:47+00:00","breadcrumb":{"@id":"https:\/\/shop.bantam.ch\/de\/produkt\/zusatzschloss-heosafe-fuer-carado-sunlight-etrusco-gluecksmobil\/#breadcrumb"},"inLanguage":"de","potentialAction":[{"@type":"ReadAction","target":["https:\/\/shop.bantam.ch\/de\/produkt\/zusatzschloss-heosafe-fuer-carado-sunlight-etrusco-gluecksmobil\/"]}]},{"@type":"ImageObject","inLanguage":"de","@id":"https:\/\/shop.bantam.ch\/de\/produkt\/zusatzschloss-heosafe-fuer-carado-sunlight-etrusco-gluecksmobil\/#primaryimage","url":"https:\/\/shop.bantam.ch\/wp-content\/uploads\/2023\/02\/9940465-HEOSafe_Zusatzschloss_-Standard-01-3.jpg","contentUrl":"https:\/\/shop.bantam.ch\/wp-content\/uploads\/2023\/02\/9940465-HEOSafe_Zusatzschloss_-Standard-01-3.jpg","width":1000,"height":698},{"@type":"BreadcrumbList","@id":"https:\/\/shop.bantam.ch\/de\/produkt\/zusatzschloss-heosafe-fuer-carado-sunlight-etrusco-gluecksmobil\/#breadcrumb","itemListElement":[{"@type":"ListItem","position":1,"name":"Accueil","item":"https:\/\/shop.bantam.ch\/de\/"},{"@type":"ListItem","position":2,"name":"Shop","item":"https:\/\/shop.bantam.ch\/de\/shop\/"},{"@type":"ListItem","position":3,"name":"Zusatzschloss HEOSafe f\u00fcr Carado\/Sunlight bis heute, Etrusco\/Gl\u00fccksmobil bis 2019"}]},{"@type":"WebSite","@id":"https:\/\/shop.bantam.ch\/de\/#website","url":"https:\/\/shop.bantam.ch\/de\/","name":"Bantam Camping AG","description":"","publisher":{"@id":"https:\/\/shop.bantam.ch\/de\/#organization"},"inLanguage":"de"},{"@type":"Organization","@id":"https:\/\/shop.bantam.ch\/de\/#organization","name":"Bantam Camping AG","url":"https:\/\/shop.bantam.ch\/de\/","logo":{"@type":"ImageObject","inLanguage":"de","@id":"https:\/\/shop.bantam.ch\/de\/#\/schema\/logo\/image\/","url":"https:\/\/shop.bantam.ch\/wp-content\/uploads\/2022\/12\/bantam-logo.png","contentUrl":"https:\/\/shop.bantam.ch\/wp-content\/uploads\/2022\/12\/bantam-logo.png","width":320,"height":71,"caption":"Bantam Camping AG"},"image":{"@id":"https:\/\/shop.bantam.ch\/de\/#\/schema\/logo\/image\/"}}]}},"_links":{"self":[{"href":"https:\/\/shop.bantam.ch\/de\/wp-json\/wp\/v2\/product\/31158","targetHints":{"allow":["GET"]}}],"collection":[{"href":"https:\/\/shop.bantam.ch\/de\/wp-json\/wp\/v2\/product"}],"about":[{"href":"https:\/\/shop.bantam.ch\/de\/wp-json\/wp\/v2\/types\/product"}],"wp:featuredmedia":[{"embeddable":true,"href":"https:\/\/shop.bantam.ch\/de\/wp-json\/wp\/v2\/media\/31154"}],"wp:attachment":[{"href":"https:\/\/shop.bantam.ch\/de\/wp-json\/wp\/v2\/media?parent=31158"}],"wp:term":[{"taxonomy":"product_featured_cat","embeddable":true,"href":"https:\/\/shop.bantam.ch\/de\/wp-json\/wp\/v2\/product_featured_cat?post=31158"},{"taxonomy":"product_brand","embeddable":true,"href":"https:\/\/shop.bantam.ch\/de\/wp-json\/wp\/v2\/product_brand?post=31158"},{"taxonomy":"product_cat","embeddable":true,"href":"https:\/\/shop.bantam.ch\/de\/wp-json\/wp\/v2\/product_cat?post=31158"},{"taxonomy":"product_tag","embeddable":true,"href":"https:\/\/shop.bantam.ch\/de\/wp-json\/wp\/v2\/product_tag?post=31158"}],"curies":[{"name":"wp","href":"https:\/\/api.w.org\/{rel}","templated":true}]}}