{"id":31126,"date":"2023-02-22T17:57:23","date_gmt":"2023-02-22T16:57:23","guid":{"rendered":"http:\/\/preprod-dev.sh1.hidora.com\/webshop\/produit\/sicherungsschraube-fuer-tresor-x250-fuer-fiat-ducato-ab-bj-2006\/"},"modified":"2026-04-17T20:33:46","modified_gmt":"2026-04-17T18:33:46","slug":"sicherungsschraube-fuer-tresor-x250-fuer-fiat-ducato-ab-bj-2006","status":"publish","type":"product","link":"https:\/\/shop.bantam.ch\/de\/produkt\/sicherungsschraube-fuer-tresor-x250-fuer-fiat-ducato-ab-bj-2006\/","title":{"rendered":"Sicherungsschraube Fiat Ducato ab Bj. 2006 f\u00fcr Sitzkonsolen"},"content":{"rendered":"<p>Die Sicherheitsschraube wird gegen eine der originalen Schrauben ausgetauscht und kann nur mit der mitgelieferten Codenuss angezogen oder gel\u00f6st werden. Zum Lieferumfang geh\u00f6rt ebenfalls eine Codekarte mit der Schlie\u00dfnummer der Codenuss.<\/p>\n<p>Passend f\u00fcr Moibl Safes f\u00fcr Sitzkonsolen:<\/p>\n<ul>\n<li>Fiat Ducato Typ X250 Easy Fix Laptop + Elektroschloss<\/li>\n<li>Fiat Ducato Typ X250 Easy Fix + Elektroschloss<\/li>\n<\/ul>\n","protected":false},"excerpt":{"rendered":"<p>Die Sicherheitsschraube wird gegen eine der originalen Schrauben ausgetauscht und kann nur mit der mitgelieferten Codenuss angezogen oder gel\u00f6st werden. Zum Lieferumfang geh\u00f6rt ebenfalls eine Codekarte mit der Schlie\u00dfnummer der Codenuss. Passend f\u00fcr Moibl Safes f\u00fcr Sitzkonsolen: Fiat Ducato Typ X250 Easy Fix Laptop + Elektroschloss Fiat Ducato Typ X250 Easy Fix + Elektroschloss<\/p>\n","protected":false},"featured_media":31124,"template":"","meta":{"_acf_changed":false},"product_featured_cat":[],"product_brand":[3137],"product_cat":[5078],"product_tag":[],"class_list":{"0":"post-31126","1":"product","2":"type-product","3":"status-publish","4":"has-post-thumbnail","6":"product_brand-mobil-safe-de","7":"product_cat-schrauben-nieten-duebel","9":"first","10":"instock","11":"taxable","12":"shipping-taxable","13":"purchasable","14":"product-type-simple"},"acf":[],"yoast_head":"<!-- This site is optimized with the Yoast SEO plugin v27.4 - https:\/\/yoast.com\/product\/yoast-seo-wordpress\/ -->\n<title>Sicherungsschraube Fiat Ducato ab Bj. 2006 f\u00fcr Sitzkonsolen - Bantam Camping AG<\/title>\n<meta name=\"robots\" content=\"index, follow, max-snippet:-1, max-image-preview:large, max-video-preview:-1\" \/>\n<link rel=\"canonical\" href=\"https:\/\/shop.bantam.ch\/de\/produkt\/sicherungsschraube-fuer-tresor-x250-fuer-fiat-ducato-ab-bj-2006\/\" \/>\n<meta property=\"og:locale\" content=\"de_DE\" \/>\n<meta property=\"og:type\" content=\"article\" \/>\n<meta property=\"og:title\" content=\"Sicherungsschraube Fiat Ducato ab Bj. 2006 f\u00fcr Sitzkonsolen - Bantam Camping AG\" \/>\n<meta property=\"og:description\" content=\"Die Sicherheitsschraube wird gegen eine der originalen Schrauben ausgetauscht und kann nur mit der mitgelieferten Codenuss angezogen oder gel\u00f6st werden. Zum Lieferumfang geh\u00f6rt ebenfalls eine Codekarte mit der Schlie\u00dfnummer der Codenuss. Passend f\u00fcr Moibl Safes f\u00fcr Sitzkonsolen: Fiat Ducato Typ X250 Easy Fix Laptop + Elektroschloss Fiat Ducato Typ X250 Easy Fix + Elektroschloss\" \/>\n<meta property=\"og:url\" content=\"https:\/\/shop.bantam.ch\/de\/produkt\/sicherungsschraube-fuer-tresor-x250-fuer-fiat-ducato-ab-bj-2006\/\" \/>\n<meta property=\"og:site_name\" content=\"Bantam Camping AG\" \/>\n<meta property=\"article:modified_time\" content=\"2026-04-17T18:33:46+00:00\" \/>\n<meta property=\"og:image\" content=\"https:\/\/shop.bantam.ch\/wp-content\/uploads\/2023\/02\/994018811-3.png\" \/>\n\t<meta property=\"og:image:width\" content=\"1217\" \/>\n\t<meta property=\"og:image:height\" content=\"814\" \/>\n\t<meta property=\"og:image:type\" content=\"image\/png\" \/>\n<meta name=\"twitter:card\" content=\"summary_large_image\" \/>\n<script type=\"application\/ld+json\" class=\"yoast-schema-graph\">{\"@context\":\"https:\\\/\\\/schema.org\",\"@graph\":[{\"@type\":\"WebPage\",\"@id\":\"https:\\\/\\\/shop.bantam.ch\\\/de\\\/produkt\\\/sicherungsschraube-fuer-tresor-x250-fuer-fiat-ducato-ab-bj-2006\\\/\",\"url\":\"https:\\\/\\\/shop.bantam.ch\\\/de\\\/produkt\\\/sicherungsschraube-fuer-tresor-x250-fuer-fiat-ducato-ab-bj-2006\\\/\",\"name\":\"Sicherungsschraube Fiat Ducato ab Bj. 2006 f\u00fcr Sitzkonsolen - Bantam Camping AG\",\"isPartOf\":{\"@id\":\"https:\\\/\\\/shop.bantam.ch\\\/de\\\/#website\"},\"primaryImageOfPage\":{\"@id\":\"https:\\\/\\\/shop.bantam.ch\\\/de\\\/produkt\\\/sicherungsschraube-fuer-tresor-x250-fuer-fiat-ducato-ab-bj-2006\\\/#primaryimage\"},\"image\":{\"@id\":\"https:\\\/\\\/shop.bantam.ch\\\/de\\\/produkt\\\/sicherungsschraube-fuer-tresor-x250-fuer-fiat-ducato-ab-bj-2006\\\/#primaryimage\"},\"thumbnailUrl\":\"https:\\\/\\\/shop.bantam.ch\\\/wp-content\\\/uploads\\\/2023\\\/02\\\/994018811-3.png\",\"datePublished\":\"2023-02-22T16:57:23+00:00\",\"dateModified\":\"2026-04-17T18:33:46+00:00\",\"breadcrumb\":{\"@id\":\"https:\\\/\\\/shop.bantam.ch\\\/de\\\/produkt\\\/sicherungsschraube-fuer-tresor-x250-fuer-fiat-ducato-ab-bj-2006\\\/#breadcrumb\"},\"inLanguage\":\"de\",\"potentialAction\":[{\"@type\":\"ReadAction\",\"target\":[\"https:\\\/\\\/shop.bantam.ch\\\/de\\\/produkt\\\/sicherungsschraube-fuer-tresor-x250-fuer-fiat-ducato-ab-bj-2006\\\/\"]}]},{\"@type\":\"ImageObject\",\"inLanguage\":\"de\",\"@id\":\"https:\\\/\\\/shop.bantam.ch\\\/de\\\/produkt\\\/sicherungsschraube-fuer-tresor-x250-fuer-fiat-ducato-ab-bj-2006\\\/#primaryimage\",\"url\":\"https:\\\/\\\/shop.bantam.ch\\\/wp-content\\\/uploads\\\/2023\\\/02\\\/994018811-3.png\",\"contentUrl\":\"https:\\\/\\\/shop.bantam.ch\\\/wp-content\\\/uploads\\\/2023\\\/02\\\/994018811-3.png\",\"width\":1217,\"height\":814},{\"@type\":\"BreadcrumbList\",\"@id\":\"https:\\\/\\\/shop.bantam.ch\\\/de\\\/produkt\\\/sicherungsschraube-fuer-tresor-x250-fuer-fiat-ducato-ab-bj-2006\\\/#breadcrumb\",\"itemListElement\":[{\"@type\":\"ListItem\",\"position\":1,\"name\":\"Accueil\",\"item\":\"https:\\\/\\\/shop.bantam.ch\\\/de\\\/\"},{\"@type\":\"ListItem\",\"position\":2,\"name\":\"Shop\",\"item\":\"https:\\\/\\\/shop.bantam.ch\\\/de\\\/shop\\\/\"},{\"@type\":\"ListItem\",\"position\":3,\"name\":\"Sicherungsschraube Fiat Ducato ab Bj. 2006 f\u00fcr Sitzkonsolen\"}]},{\"@type\":\"WebSite\",\"@id\":\"https:\\\/\\\/shop.bantam.ch\\\/de\\\/#website\",\"url\":\"https:\\\/\\\/shop.bantam.ch\\\/de\\\/\",\"name\":\"Bantam Camping AG\",\"description\":\"\",\"publisher\":{\"@id\":\"https:\\\/\\\/shop.bantam.ch\\\/de\\\/#organization\"},\"inLanguage\":\"de\"},{\"@type\":\"Organization\",\"@id\":\"https:\\\/\\\/shop.bantam.ch\\\/de\\\/#organization\",\"name\":\"Bantam Camping AG\",\"url\":\"https:\\\/\\\/shop.bantam.ch\\\/de\\\/\",\"logo\":{\"@type\":\"ImageObject\",\"inLanguage\":\"de\",\"@id\":\"https:\\\/\\\/shop.bantam.ch\\\/de\\\/#\\\/schema\\\/logo\\\/image\\\/\",\"url\":\"https:\\\/\\\/shop.bantam.ch\\\/wp-content\\\/uploads\\\/2022\\\/12\\\/bantam-logo.png\",\"contentUrl\":\"https:\\\/\\\/shop.bantam.ch\\\/wp-content\\\/uploads\\\/2022\\\/12\\\/bantam-logo.png\",\"width\":320,\"height\":71,\"caption\":\"Bantam Camping AG\"},\"image\":{\"@id\":\"https:\\\/\\\/shop.bantam.ch\\\/de\\\/#\\\/schema\\\/logo\\\/image\\\/\"}}]}<\/script>\n<!-- \/ Yoast SEO plugin. -->","yoast_head_json":{"title":"Sicherungsschraube Fiat Ducato ab Bj. 2006 f\u00fcr Sitzkonsolen - Bantam Camping AG","robots":{"index":"index","follow":"follow","max-snippet":"max-snippet:-1","max-image-preview":"max-image-preview:large","max-video-preview":"max-video-preview:-1"},"canonical":"https:\/\/shop.bantam.ch\/de\/produkt\/sicherungsschraube-fuer-tresor-x250-fuer-fiat-ducato-ab-bj-2006\/","og_locale":"de_DE","og_type":"article","og_title":"Sicherungsschraube Fiat Ducato ab Bj. 2006 f\u00fcr Sitzkonsolen - Bantam Camping AG","og_description":"Die Sicherheitsschraube wird gegen eine der originalen Schrauben ausgetauscht und kann nur mit der mitgelieferten Codenuss angezogen oder gel\u00f6st werden. Zum Lieferumfang geh\u00f6rt ebenfalls eine Codekarte mit der Schlie\u00dfnummer der Codenuss. Passend f\u00fcr Moibl Safes f\u00fcr Sitzkonsolen: Fiat Ducato Typ X250 Easy Fix Laptop + Elektroschloss Fiat Ducato Typ X250 Easy Fix + Elektroschloss","og_url":"https:\/\/shop.bantam.ch\/de\/produkt\/sicherungsschraube-fuer-tresor-x250-fuer-fiat-ducato-ab-bj-2006\/","og_site_name":"Bantam Camping AG","article_modified_time":"2026-04-17T18:33:46+00:00","og_image":[{"width":1217,"height":814,"url":"https:\/\/shop.bantam.ch\/wp-content\/uploads\/2023\/02\/994018811-3.png","type":"image\/png"}],"twitter_card":"summary_large_image","schema":{"@context":"https:\/\/schema.org","@graph":[{"@type":"WebPage","@id":"https:\/\/shop.bantam.ch\/de\/produkt\/sicherungsschraube-fuer-tresor-x250-fuer-fiat-ducato-ab-bj-2006\/","url":"https:\/\/shop.bantam.ch\/de\/produkt\/sicherungsschraube-fuer-tresor-x250-fuer-fiat-ducato-ab-bj-2006\/","name":"Sicherungsschraube Fiat Ducato ab Bj. 2006 f\u00fcr Sitzkonsolen - Bantam Camping AG","isPartOf":{"@id":"https:\/\/shop.bantam.ch\/de\/#website"},"primaryImageOfPage":{"@id":"https:\/\/shop.bantam.ch\/de\/produkt\/sicherungsschraube-fuer-tresor-x250-fuer-fiat-ducato-ab-bj-2006\/#primaryimage"},"image":{"@id":"https:\/\/shop.bantam.ch\/de\/produkt\/sicherungsschraube-fuer-tresor-x250-fuer-fiat-ducato-ab-bj-2006\/#primaryimage"},"thumbnailUrl":"https:\/\/shop.bantam.ch\/wp-content\/uploads\/2023\/02\/994018811-3.png","datePublished":"2023-02-22T16:57:23+00:00","dateModified":"2026-04-17T18:33:46+00:00","breadcrumb":{"@id":"https:\/\/shop.bantam.ch\/de\/produkt\/sicherungsschraube-fuer-tresor-x250-fuer-fiat-ducato-ab-bj-2006\/#breadcrumb"},"inLanguage":"de","potentialAction":[{"@type":"ReadAction","target":["https:\/\/shop.bantam.ch\/de\/produkt\/sicherungsschraube-fuer-tresor-x250-fuer-fiat-ducato-ab-bj-2006\/"]}]},{"@type":"ImageObject","inLanguage":"de","@id":"https:\/\/shop.bantam.ch\/de\/produkt\/sicherungsschraube-fuer-tresor-x250-fuer-fiat-ducato-ab-bj-2006\/#primaryimage","url":"https:\/\/shop.bantam.ch\/wp-content\/uploads\/2023\/02\/994018811-3.png","contentUrl":"https:\/\/shop.bantam.ch\/wp-content\/uploads\/2023\/02\/994018811-3.png","width":1217,"height":814},{"@type":"BreadcrumbList","@id":"https:\/\/shop.bantam.ch\/de\/produkt\/sicherungsschraube-fuer-tresor-x250-fuer-fiat-ducato-ab-bj-2006\/#breadcrumb","itemListElement":[{"@type":"ListItem","position":1,"name":"Accueil","item":"https:\/\/shop.bantam.ch\/de\/"},{"@type":"ListItem","position":2,"name":"Shop","item":"https:\/\/shop.bantam.ch\/de\/shop\/"},{"@type":"ListItem","position":3,"name":"Sicherungsschraube Fiat Ducato ab Bj. 2006 f\u00fcr Sitzkonsolen"}]},{"@type":"WebSite","@id":"https:\/\/shop.bantam.ch\/de\/#website","url":"https:\/\/shop.bantam.ch\/de\/","name":"Bantam Camping AG","description":"","publisher":{"@id":"https:\/\/shop.bantam.ch\/de\/#organization"},"inLanguage":"de"},{"@type":"Organization","@id":"https:\/\/shop.bantam.ch\/de\/#organization","name":"Bantam Camping AG","url":"https:\/\/shop.bantam.ch\/de\/","logo":{"@type":"ImageObject","inLanguage":"de","@id":"https:\/\/shop.bantam.ch\/de\/#\/schema\/logo\/image\/","url":"https:\/\/shop.bantam.ch\/wp-content\/uploads\/2022\/12\/bantam-logo.png","contentUrl":"https:\/\/shop.bantam.ch\/wp-content\/uploads\/2022\/12\/bantam-logo.png","width":320,"height":71,"caption":"Bantam Camping AG"},"image":{"@id":"https:\/\/shop.bantam.ch\/de\/#\/schema\/logo\/image\/"}}]}},"_links":{"self":[{"href":"https:\/\/shop.bantam.ch\/de\/wp-json\/wp\/v2\/product\/31126","targetHints":{"allow":["GET"]}}],"collection":[{"href":"https:\/\/shop.bantam.ch\/de\/wp-json\/wp\/v2\/product"}],"about":[{"href":"https:\/\/shop.bantam.ch\/de\/wp-json\/wp\/v2\/types\/product"}],"wp:featuredmedia":[{"embeddable":true,"href":"https:\/\/shop.bantam.ch\/de\/wp-json\/wp\/v2\/media\/31124"}],"wp:attachment":[{"href":"https:\/\/shop.bantam.ch\/de\/wp-json\/wp\/v2\/media?parent=31126"}],"wp:term":[{"taxonomy":"product_featured_cat","embeddable":true,"href":"https:\/\/shop.bantam.ch\/de\/wp-json\/wp\/v2\/product_featured_cat?post=31126"},{"taxonomy":"product_brand","embeddable":true,"href":"https:\/\/shop.bantam.ch\/de\/wp-json\/wp\/v2\/product_brand?post=31126"},{"taxonomy":"product_cat","embeddable":true,"href":"https:\/\/shop.bantam.ch\/de\/wp-json\/wp\/v2\/product_cat?post=31126"},{"taxonomy":"product_tag","embeddable":true,"href":"https:\/\/shop.bantam.ch\/de\/wp-json\/wp\/v2\/product_tag?post=31126"}],"curies":[{"name":"wp","href":"https:\/\/api.w.org\/{rel}","templated":true}]}}