{"id":30968,"date":"2023-02-22T17:54:25","date_gmt":"2023-02-22T16:54:25","guid":{"rendered":"http:\/\/preprod-dev.sh1.hidora.com\/webshop\/produit\/tourenbuch-suedeuropa\/"},"modified":"2026-04-18T20:33:16","modified_gmt":"2026-04-18T18:33:16","slug":"tourenbuch-suedeuropa","status":"publish","type":"product","link":"https:\/\/shop.bantam.ch\/de\/produkt\/tourenbuch-suedeuropa\/","title":{"rendered":"Tourenbuch S\u00fcdeuropa"},"content":{"rendered":"<p>Touren-Buch S\u00fcdeuropa Band 2 f\u00fchrt zu den Sehnsuchtzielen der deutschen Reisemobillisten: nach S\u00fcdeuropa. Insgesamt 30 reich bebilderte, authentisch geschriebene Reisereportagen, die von den derzeit besten Textern und Fotografen der Szene stammen, f\u00fchren vom Alpenrand bis ans Mittelmeer. Italien und Frankreich, die beliebtesten Destinationen der Zielgruppe, stehen im Mittelpunkt, Touren in Kroatien, Griechenland und Spanien sowie durch die Transitl\u00e4nder \u00d6sterreich und Schweiz erg\u00e4nzen das reichhaltige Spektrum der attraktivsten Regionen S\u00fcdeuropas. Au\u00dferdem gibt es sehr viele praktische Reise-Nutzwert-Informationen, Adressen und n\u00fctzliche Tipps. Die passenden Stellpl\u00e4tze sind jeweils jeder Region zugeordnet und enthalten alle Informationen, die Reisemobillisten unterwegs brauchen. \u00dcbersichtskarten und ein ausf\u00fchrliches Ortsregister helfen bei der Orientierung. Umfang: 216 Seiten Format: 28,5 x 22 cm Ausstattung: Bookazine, Fadenbindung<br \/>neu<\/p>\n","protected":false},"excerpt":{"rendered":"<p>Touren-Buch S\u00fcdeuropa Band 2 f\u00fchrt zu den Sehnsuchtzielen der deutschen Reisemobillisten: nach S\u00fcdeuropa. Insgesamt 30 reich bebilderte, authentisch geschriebene Reisereportagen, die von den derzeit besten Textern und Fotografen der Szene stammen, f\u00fchren vom Alpenrand bis ans Mittelmeer. Italien und Frankreich, die beliebtesten Destinationen der Zielgruppe, stehen im Mittelpunkt, Touren in Kroatien, Griechenland und Spanien sowie [&hellip;]<\/p>\n","protected":false},"featured_media":30966,"template":"","meta":{"_acf_changed":false},"product_featured_cat":[],"product_brand":[3123],"product_cat":[4016],"product_tag":[],"class_list":{"0":"post-30968","1":"product","2":"type-product","3":"status-publish","4":"has-post-thumbnail","6":"product_brand-promobil-de","7":"product_cat-buecher-reisefuehrer","9":"first","10":"instock","11":"taxable","12":"shipping-taxable","13":"purchasable","14":"product-type-simple"},"acf":[],"yoast_head":"<!-- This site is optimized with the Yoast SEO plugin v27.4 - https:\/\/yoast.com\/product\/yoast-seo-wordpress\/ -->\n<title>Tourenbuch S\u00fcdeuropa - Bantam Camping AG<\/title>\n<meta name=\"robots\" content=\"index, follow, max-snippet:-1, max-image-preview:large, max-video-preview:-1\" \/>\n<link rel=\"canonical\" href=\"https:\/\/shop.bantam.ch\/de\/produkt\/tourenbuch-suedeuropa\/\" \/>\n<meta property=\"og:locale\" content=\"de_DE\" \/>\n<meta property=\"og:type\" content=\"article\" \/>\n<meta property=\"og:title\" content=\"Tourenbuch S\u00fcdeuropa - Bantam Camping AG\" \/>\n<meta property=\"og:description\" content=\"Touren-Buch S\u00fcdeuropa Band 2 f\u00fchrt zu den Sehnsuchtzielen der deutschen Reisemobillisten: nach S\u00fcdeuropa. Insgesamt 30 reich bebilderte, authentisch geschriebene Reisereportagen, die von den derzeit besten Textern und Fotografen der Szene stammen, f\u00fchren vom Alpenrand bis ans Mittelmeer. Italien und Frankreich, die beliebtesten Destinationen der Zielgruppe, stehen im Mittelpunkt, Touren in Kroatien, Griechenland und Spanien sowie [&hellip;]\" \/>\n<meta property=\"og:url\" content=\"https:\/\/shop.bantam.ch\/de\/produkt\/tourenbuch-suedeuropa\/\" \/>\n<meta property=\"og:site_name\" content=\"Bantam Camping AG\" \/>\n<meta property=\"article:modified_time\" content=\"2026-04-18T18:33:16+00:00\" \/>\n<meta property=\"og:image\" content=\"https:\/\/shop.bantam.ch\/wp-content\/uploads\/2023\/02\/9940103-Promobil_Aktiv_Suedeuropa-Standard-01-3.jpg\" \/>\n\t<meta property=\"og:image:width\" content=\"768\" \/>\n\t<meta property=\"og:image:height\" content=\"1000\" \/>\n\t<meta property=\"og:image:type\" content=\"image\/jpeg\" \/>\n<meta name=\"twitter:card\" content=\"summary_large_image\" \/>\n<meta name=\"twitter:label1\" content=\"Gesch\u00e4tzte Lesezeit\" \/>\n\t<meta name=\"twitter:data1\" content=\"1\u00a0Minute\" \/>\n<script type=\"application\/ld+json\" class=\"yoast-schema-graph\">{\"@context\":\"https:\\\/\\\/schema.org\",\"@graph\":[{\"@type\":\"WebPage\",\"@id\":\"https:\\\/\\\/shop.bantam.ch\\\/de\\\/produkt\\\/tourenbuch-suedeuropa\\\/\",\"url\":\"https:\\\/\\\/shop.bantam.ch\\\/de\\\/produkt\\\/tourenbuch-suedeuropa\\\/\",\"name\":\"Tourenbuch S\u00fcdeuropa - Bantam Camping AG\",\"isPartOf\":{\"@id\":\"https:\\\/\\\/shop.bantam.ch\\\/de\\\/#website\"},\"primaryImageOfPage\":{\"@id\":\"https:\\\/\\\/shop.bantam.ch\\\/de\\\/produkt\\\/tourenbuch-suedeuropa\\\/#primaryimage\"},\"image\":{\"@id\":\"https:\\\/\\\/shop.bantam.ch\\\/de\\\/produkt\\\/tourenbuch-suedeuropa\\\/#primaryimage\"},\"thumbnailUrl\":\"https:\\\/\\\/shop.bantam.ch\\\/wp-content\\\/uploads\\\/2023\\\/02\\\/9940103-Promobil_Aktiv_Suedeuropa-Standard-01-3.jpg\",\"datePublished\":\"2023-02-22T16:54:25+00:00\",\"dateModified\":\"2026-04-18T18:33:16+00:00\",\"breadcrumb\":{\"@id\":\"https:\\\/\\\/shop.bantam.ch\\\/de\\\/produkt\\\/tourenbuch-suedeuropa\\\/#breadcrumb\"},\"inLanguage\":\"de\",\"potentialAction\":[{\"@type\":\"ReadAction\",\"target\":[\"https:\\\/\\\/shop.bantam.ch\\\/de\\\/produkt\\\/tourenbuch-suedeuropa\\\/\"]}]},{\"@type\":\"ImageObject\",\"inLanguage\":\"de\",\"@id\":\"https:\\\/\\\/shop.bantam.ch\\\/de\\\/produkt\\\/tourenbuch-suedeuropa\\\/#primaryimage\",\"url\":\"https:\\\/\\\/shop.bantam.ch\\\/wp-content\\\/uploads\\\/2023\\\/02\\\/9940103-Promobil_Aktiv_Suedeuropa-Standard-01-3.jpg\",\"contentUrl\":\"https:\\\/\\\/shop.bantam.ch\\\/wp-content\\\/uploads\\\/2023\\\/02\\\/9940103-Promobil_Aktiv_Suedeuropa-Standard-01-3.jpg\",\"width\":768,\"height\":1000},{\"@type\":\"BreadcrumbList\",\"@id\":\"https:\\\/\\\/shop.bantam.ch\\\/de\\\/produkt\\\/tourenbuch-suedeuropa\\\/#breadcrumb\",\"itemListElement\":[{\"@type\":\"ListItem\",\"position\":1,\"name\":\"Accueil\",\"item\":\"https:\\\/\\\/shop.bantam.ch\\\/de\\\/\"},{\"@type\":\"ListItem\",\"position\":2,\"name\":\"Shop\",\"item\":\"https:\\\/\\\/shop.bantam.ch\\\/de\\\/shop\\\/\"},{\"@type\":\"ListItem\",\"position\":3,\"name\":\"Tourenbuch S\u00fcdeuropa\"}]},{\"@type\":\"WebSite\",\"@id\":\"https:\\\/\\\/shop.bantam.ch\\\/de\\\/#website\",\"url\":\"https:\\\/\\\/shop.bantam.ch\\\/de\\\/\",\"name\":\"Bantam Camping AG\",\"description\":\"\",\"publisher\":{\"@id\":\"https:\\\/\\\/shop.bantam.ch\\\/de\\\/#organization\"},\"inLanguage\":\"de\"},{\"@type\":\"Organization\",\"@id\":\"https:\\\/\\\/shop.bantam.ch\\\/de\\\/#organization\",\"name\":\"Bantam Camping AG\",\"url\":\"https:\\\/\\\/shop.bantam.ch\\\/de\\\/\",\"logo\":{\"@type\":\"ImageObject\",\"inLanguage\":\"de\",\"@id\":\"https:\\\/\\\/shop.bantam.ch\\\/de\\\/#\\\/schema\\\/logo\\\/image\\\/\",\"url\":\"https:\\\/\\\/shop.bantam.ch\\\/wp-content\\\/uploads\\\/2022\\\/12\\\/bantam-logo.png\",\"contentUrl\":\"https:\\\/\\\/shop.bantam.ch\\\/wp-content\\\/uploads\\\/2022\\\/12\\\/bantam-logo.png\",\"width\":320,\"height\":71,\"caption\":\"Bantam Camping AG\"},\"image\":{\"@id\":\"https:\\\/\\\/shop.bantam.ch\\\/de\\\/#\\\/schema\\\/logo\\\/image\\\/\"}}]}<\/script>\n<!-- \/ Yoast SEO plugin. -->","yoast_head_json":{"title":"Tourenbuch S\u00fcdeuropa - Bantam Camping AG","robots":{"index":"index","follow":"follow","max-snippet":"max-snippet:-1","max-image-preview":"max-image-preview:large","max-video-preview":"max-video-preview:-1"},"canonical":"https:\/\/shop.bantam.ch\/de\/produkt\/tourenbuch-suedeuropa\/","og_locale":"de_DE","og_type":"article","og_title":"Tourenbuch S\u00fcdeuropa - Bantam Camping AG","og_description":"Touren-Buch S\u00fcdeuropa Band 2 f\u00fchrt zu den Sehnsuchtzielen der deutschen Reisemobillisten: nach S\u00fcdeuropa. Insgesamt 30 reich bebilderte, authentisch geschriebene Reisereportagen, die von den derzeit besten Textern und Fotografen der Szene stammen, f\u00fchren vom Alpenrand bis ans Mittelmeer. Italien und Frankreich, die beliebtesten Destinationen der Zielgruppe, stehen im Mittelpunkt, Touren in Kroatien, Griechenland und Spanien sowie [&hellip;]","og_url":"https:\/\/shop.bantam.ch\/de\/produkt\/tourenbuch-suedeuropa\/","og_site_name":"Bantam Camping AG","article_modified_time":"2026-04-18T18:33:16+00:00","og_image":[{"width":768,"height":1000,"url":"https:\/\/shop.bantam.ch\/wp-content\/uploads\/2023\/02\/9940103-Promobil_Aktiv_Suedeuropa-Standard-01-3.jpg","type":"image\/jpeg"}],"twitter_card":"summary_large_image","twitter_misc":{"Gesch\u00e4tzte Lesezeit":"1\u00a0Minute"},"schema":{"@context":"https:\/\/schema.org","@graph":[{"@type":"WebPage","@id":"https:\/\/shop.bantam.ch\/de\/produkt\/tourenbuch-suedeuropa\/","url":"https:\/\/shop.bantam.ch\/de\/produkt\/tourenbuch-suedeuropa\/","name":"Tourenbuch S\u00fcdeuropa - Bantam Camping AG","isPartOf":{"@id":"https:\/\/shop.bantam.ch\/de\/#website"},"primaryImageOfPage":{"@id":"https:\/\/shop.bantam.ch\/de\/produkt\/tourenbuch-suedeuropa\/#primaryimage"},"image":{"@id":"https:\/\/shop.bantam.ch\/de\/produkt\/tourenbuch-suedeuropa\/#primaryimage"},"thumbnailUrl":"https:\/\/shop.bantam.ch\/wp-content\/uploads\/2023\/02\/9940103-Promobil_Aktiv_Suedeuropa-Standard-01-3.jpg","datePublished":"2023-02-22T16:54:25+00:00","dateModified":"2026-04-18T18:33:16+00:00","breadcrumb":{"@id":"https:\/\/shop.bantam.ch\/de\/produkt\/tourenbuch-suedeuropa\/#breadcrumb"},"inLanguage":"de","potentialAction":[{"@type":"ReadAction","target":["https:\/\/shop.bantam.ch\/de\/produkt\/tourenbuch-suedeuropa\/"]}]},{"@type":"ImageObject","inLanguage":"de","@id":"https:\/\/shop.bantam.ch\/de\/produkt\/tourenbuch-suedeuropa\/#primaryimage","url":"https:\/\/shop.bantam.ch\/wp-content\/uploads\/2023\/02\/9940103-Promobil_Aktiv_Suedeuropa-Standard-01-3.jpg","contentUrl":"https:\/\/shop.bantam.ch\/wp-content\/uploads\/2023\/02\/9940103-Promobil_Aktiv_Suedeuropa-Standard-01-3.jpg","width":768,"height":1000},{"@type":"BreadcrumbList","@id":"https:\/\/shop.bantam.ch\/de\/produkt\/tourenbuch-suedeuropa\/#breadcrumb","itemListElement":[{"@type":"ListItem","position":1,"name":"Accueil","item":"https:\/\/shop.bantam.ch\/de\/"},{"@type":"ListItem","position":2,"name":"Shop","item":"https:\/\/shop.bantam.ch\/de\/shop\/"},{"@type":"ListItem","position":3,"name":"Tourenbuch S\u00fcdeuropa"}]},{"@type":"WebSite","@id":"https:\/\/shop.bantam.ch\/de\/#website","url":"https:\/\/shop.bantam.ch\/de\/","name":"Bantam Camping AG","description":"","publisher":{"@id":"https:\/\/shop.bantam.ch\/de\/#organization"},"inLanguage":"de"},{"@type":"Organization","@id":"https:\/\/shop.bantam.ch\/de\/#organization","name":"Bantam Camping AG","url":"https:\/\/shop.bantam.ch\/de\/","logo":{"@type":"ImageObject","inLanguage":"de","@id":"https:\/\/shop.bantam.ch\/de\/#\/schema\/logo\/image\/","url":"https:\/\/shop.bantam.ch\/wp-content\/uploads\/2022\/12\/bantam-logo.png","contentUrl":"https:\/\/shop.bantam.ch\/wp-content\/uploads\/2022\/12\/bantam-logo.png","width":320,"height":71,"caption":"Bantam Camping AG"},"image":{"@id":"https:\/\/shop.bantam.ch\/de\/#\/schema\/logo\/image\/"}}]}},"_links":{"self":[{"href":"https:\/\/shop.bantam.ch\/de\/wp-json\/wp\/v2\/product\/30968","targetHints":{"allow":["GET"]}}],"collection":[{"href":"https:\/\/shop.bantam.ch\/de\/wp-json\/wp\/v2\/product"}],"about":[{"href":"https:\/\/shop.bantam.ch\/de\/wp-json\/wp\/v2\/types\/product"}],"wp:featuredmedia":[{"embeddable":true,"href":"https:\/\/shop.bantam.ch\/de\/wp-json\/wp\/v2\/media\/30966"}],"wp:attachment":[{"href":"https:\/\/shop.bantam.ch\/de\/wp-json\/wp\/v2\/media?parent=30968"}],"wp:term":[{"taxonomy":"product_featured_cat","embeddable":true,"href":"https:\/\/shop.bantam.ch\/de\/wp-json\/wp\/v2\/product_featured_cat?post=30968"},{"taxonomy":"product_brand","embeddable":true,"href":"https:\/\/shop.bantam.ch\/de\/wp-json\/wp\/v2\/product_brand?post=30968"},{"taxonomy":"product_cat","embeddable":true,"href":"https:\/\/shop.bantam.ch\/de\/wp-json\/wp\/v2\/product_cat?post=30968"},{"taxonomy":"product_tag","embeddable":true,"href":"https:\/\/shop.bantam.ch\/de\/wp-json\/wp\/v2\/product_tag?post=30968"}],"curies":[{"name":"wp","href":"https:\/\/api.w.org\/{rel}","templated":true}]}}