{"id":30884,"date":"2023-02-22T17:52:48","date_gmt":"2023-02-22T16:52:48","guid":{"rendered":"http:\/\/preprod-dev.sh1.hidora.com\/webshop\/produit\/eimertoilette-optitioil\/"},"modified":"2026-04-17T20:32:57","modified_gmt":"2026-04-17T18:32:57","slug":"eimertoilette-optitioil","status":"publish","type":"product","link":"https:\/\/shop.bantam.ch\/de\/produkt\/eimertoilette-optitioil\/","title":{"rendered":"Eimertoilette Optitioil inkl. Sitz , Farbe grau 40 x 48 x 33 cm Traglast 100 kg"},"content":{"rendered":"<p>Moderne, tragbare Eimertoilette mit Sitz, Deckel und separat verschlie\u00dfbaren Eimer. Als einfaches WC ohne Installationsaufwand konzipiert, ist die Optitoil eine praktische und kosteng\u00fcnstige Alternative zu den verbreiteten Chemietoiletten. Inhalt des F\u00e4kalientanks sind ca. 7 Liter.<\/p>\n<p>Belastbarkeit 100 kg<\/p>\n","protected":false},"excerpt":{"rendered":"<p>Moderne, tragbare Eimertoilette mit Sitz, Deckel und separat verschlie\u00dfbaren Eimer. Als einfaches WC ohne Installationsaufwand konzipiert, ist die Optitoil eine praktische und kosteng\u00fcnstige Alternative zu den verbreiteten Chemietoiletten. Inhalt des F\u00e4kalientanks sind ca. 7 Liter. Belastbarkeit 100 kg<\/p>\n","protected":false},"featured_media":30880,"template":"","meta":{"_acf_changed":false},"product_featured_cat":[],"product_brand":[3081],"product_cat":[4594],"product_tag":[],"class_list":{"0":"post-30884","1":"product","2":"type-product","3":"status-publish","4":"has-post-thumbnail","6":"product_brand-brunner-de","7":"product_cat-eimertoiletten","9":"first","10":"instock","11":"taxable","12":"shipping-taxable","13":"purchasable","14":"product-type-simple"},"acf":[],"yoast_head":"<!-- This site is optimized with the Yoast SEO plugin v27.4 - https:\/\/yoast.com\/product\/yoast-seo-wordpress\/ -->\n<title>Eimertoilette Optitioil inkl. Sitz , Farbe grau 40 x 48 x 33 cm Traglast 100 kg - Bantam Camping AG<\/title>\n<meta name=\"robots\" content=\"index, follow, max-snippet:-1, max-image-preview:large, max-video-preview:-1\" \/>\n<link rel=\"canonical\" href=\"https:\/\/shop.bantam.ch\/de\/produkt\/eimertoilette-optitioil\/\" \/>\n<meta property=\"og:locale\" content=\"de_DE\" \/>\n<meta property=\"og:type\" content=\"article\" \/>\n<meta property=\"og:title\" content=\"Eimertoilette Optitioil inkl. Sitz , Farbe grau 40 x 48 x 33 cm Traglast 100 kg - Bantam Camping AG\" \/>\n<meta property=\"og:description\" content=\"Moderne, tragbare Eimertoilette mit Sitz, Deckel und separat verschlie\u00dfbaren Eimer. Als einfaches WC ohne Installationsaufwand konzipiert, ist die Optitoil eine praktische und kosteng\u00fcnstige Alternative zu den verbreiteten Chemietoiletten. Inhalt des F\u00e4kalientanks sind ca. 7 Liter. Belastbarkeit 100 kg\" \/>\n<meta property=\"og:url\" content=\"https:\/\/shop.bantam.ch\/de\/produkt\/eimertoilette-optitioil\/\" \/>\n<meta property=\"og:site_name\" content=\"Bantam Camping AG\" \/>\n<meta property=\"article:modified_time\" content=\"2026-04-17T18:32:57+00:00\" \/>\n<meta property=\"og:image\" content=\"https:\/\/shop.bantam.ch\/wp-content\/uploads\/2023\/02\/9928307-Eimertoilette_Optitoil-Standard-01-3.jpg\" \/>\n\t<meta property=\"og:image:width\" content=\"599\" \/>\n\t<meta property=\"og:image:height\" content=\"1000\" \/>\n\t<meta property=\"og:image:type\" content=\"image\/jpeg\" \/>\n<meta name=\"twitter:card\" content=\"summary_large_image\" \/>\n<script type=\"application\/ld+json\" class=\"yoast-schema-graph\">{\"@context\":\"https:\\\/\\\/schema.org\",\"@graph\":[{\"@type\":\"WebPage\",\"@id\":\"https:\\\/\\\/shop.bantam.ch\\\/de\\\/produkt\\\/eimertoilette-optitioil\\\/\",\"url\":\"https:\\\/\\\/shop.bantam.ch\\\/de\\\/produkt\\\/eimertoilette-optitioil\\\/\",\"name\":\"Eimertoilette Optitioil inkl. Sitz , Farbe grau 40 x 48 x 33 cm Traglast 100 kg - Bantam Camping AG\",\"isPartOf\":{\"@id\":\"https:\\\/\\\/shop.bantam.ch\\\/de\\\/#website\"},\"primaryImageOfPage\":{\"@id\":\"https:\\\/\\\/shop.bantam.ch\\\/de\\\/produkt\\\/eimertoilette-optitioil\\\/#primaryimage\"},\"image\":{\"@id\":\"https:\\\/\\\/shop.bantam.ch\\\/de\\\/produkt\\\/eimertoilette-optitioil\\\/#primaryimage\"},\"thumbnailUrl\":\"https:\\\/\\\/shop.bantam.ch\\\/wp-content\\\/uploads\\\/2023\\\/02\\\/9928307-Eimertoilette_Optitoil-Standard-01-3.jpg\",\"datePublished\":\"2023-02-22T16:52:48+00:00\",\"dateModified\":\"2026-04-17T18:32:57+00:00\",\"breadcrumb\":{\"@id\":\"https:\\\/\\\/shop.bantam.ch\\\/de\\\/produkt\\\/eimertoilette-optitioil\\\/#breadcrumb\"},\"inLanguage\":\"de\",\"potentialAction\":[{\"@type\":\"ReadAction\",\"target\":[\"https:\\\/\\\/shop.bantam.ch\\\/de\\\/produkt\\\/eimertoilette-optitioil\\\/\"]}]},{\"@type\":\"ImageObject\",\"inLanguage\":\"de\",\"@id\":\"https:\\\/\\\/shop.bantam.ch\\\/de\\\/produkt\\\/eimertoilette-optitioil\\\/#primaryimage\",\"url\":\"https:\\\/\\\/shop.bantam.ch\\\/wp-content\\\/uploads\\\/2023\\\/02\\\/9928307-Eimertoilette_Optitoil-Standard-01-3.jpg\",\"contentUrl\":\"https:\\\/\\\/shop.bantam.ch\\\/wp-content\\\/uploads\\\/2023\\\/02\\\/9928307-Eimertoilette_Optitoil-Standard-01-3.jpg\",\"width\":599,\"height\":1000},{\"@type\":\"BreadcrumbList\",\"@id\":\"https:\\\/\\\/shop.bantam.ch\\\/de\\\/produkt\\\/eimertoilette-optitioil\\\/#breadcrumb\",\"itemListElement\":[{\"@type\":\"ListItem\",\"position\":1,\"name\":\"Accueil\",\"item\":\"https:\\\/\\\/shop.bantam.ch\\\/de\\\/\"},{\"@type\":\"ListItem\",\"position\":2,\"name\":\"Shop\",\"item\":\"https:\\\/\\\/shop.bantam.ch\\\/de\\\/shop\\\/\"},{\"@type\":\"ListItem\",\"position\":3,\"name\":\"Eimertoilette Optitioil inkl. Sitz , Farbe grau 40 x 48 x 33 cm Traglast 100 kg\"}]},{\"@type\":\"WebSite\",\"@id\":\"https:\\\/\\\/shop.bantam.ch\\\/de\\\/#website\",\"url\":\"https:\\\/\\\/shop.bantam.ch\\\/de\\\/\",\"name\":\"Bantam Camping AG\",\"description\":\"\",\"publisher\":{\"@id\":\"https:\\\/\\\/shop.bantam.ch\\\/de\\\/#organization\"},\"inLanguage\":\"de\"},{\"@type\":\"Organization\",\"@id\":\"https:\\\/\\\/shop.bantam.ch\\\/de\\\/#organization\",\"name\":\"Bantam Camping AG\",\"url\":\"https:\\\/\\\/shop.bantam.ch\\\/de\\\/\",\"logo\":{\"@type\":\"ImageObject\",\"inLanguage\":\"de\",\"@id\":\"https:\\\/\\\/shop.bantam.ch\\\/de\\\/#\\\/schema\\\/logo\\\/image\\\/\",\"url\":\"https:\\\/\\\/shop.bantam.ch\\\/wp-content\\\/uploads\\\/2022\\\/12\\\/bantam-logo.png\",\"contentUrl\":\"https:\\\/\\\/shop.bantam.ch\\\/wp-content\\\/uploads\\\/2022\\\/12\\\/bantam-logo.png\",\"width\":320,\"height\":71,\"caption\":\"Bantam Camping AG\"},\"image\":{\"@id\":\"https:\\\/\\\/shop.bantam.ch\\\/de\\\/#\\\/schema\\\/logo\\\/image\\\/\"}}]}<\/script>\n<!-- \/ Yoast SEO plugin. -->","yoast_head_json":{"title":"Eimertoilette Optitioil inkl. Sitz , Farbe grau 40 x 48 x 33 cm Traglast 100 kg - Bantam Camping AG","robots":{"index":"index","follow":"follow","max-snippet":"max-snippet:-1","max-image-preview":"max-image-preview:large","max-video-preview":"max-video-preview:-1"},"canonical":"https:\/\/shop.bantam.ch\/de\/produkt\/eimertoilette-optitioil\/","og_locale":"de_DE","og_type":"article","og_title":"Eimertoilette Optitioil inkl. Sitz , Farbe grau 40 x 48 x 33 cm Traglast 100 kg - Bantam Camping AG","og_description":"Moderne, tragbare Eimertoilette mit Sitz, Deckel und separat verschlie\u00dfbaren Eimer. Als einfaches WC ohne Installationsaufwand konzipiert, ist die Optitoil eine praktische und kosteng\u00fcnstige Alternative zu den verbreiteten Chemietoiletten. Inhalt des F\u00e4kalientanks sind ca. 7 Liter. Belastbarkeit 100 kg","og_url":"https:\/\/shop.bantam.ch\/de\/produkt\/eimertoilette-optitioil\/","og_site_name":"Bantam Camping AG","article_modified_time":"2026-04-17T18:32:57+00:00","og_image":[{"width":599,"height":1000,"url":"https:\/\/shop.bantam.ch\/wp-content\/uploads\/2023\/02\/9928307-Eimertoilette_Optitoil-Standard-01-3.jpg","type":"image\/jpeg"}],"twitter_card":"summary_large_image","schema":{"@context":"https:\/\/schema.org","@graph":[{"@type":"WebPage","@id":"https:\/\/shop.bantam.ch\/de\/produkt\/eimertoilette-optitioil\/","url":"https:\/\/shop.bantam.ch\/de\/produkt\/eimertoilette-optitioil\/","name":"Eimertoilette Optitioil inkl. Sitz , Farbe grau 40 x 48 x 33 cm Traglast 100 kg - Bantam Camping AG","isPartOf":{"@id":"https:\/\/shop.bantam.ch\/de\/#website"},"primaryImageOfPage":{"@id":"https:\/\/shop.bantam.ch\/de\/produkt\/eimertoilette-optitioil\/#primaryimage"},"image":{"@id":"https:\/\/shop.bantam.ch\/de\/produkt\/eimertoilette-optitioil\/#primaryimage"},"thumbnailUrl":"https:\/\/shop.bantam.ch\/wp-content\/uploads\/2023\/02\/9928307-Eimertoilette_Optitoil-Standard-01-3.jpg","datePublished":"2023-02-22T16:52:48+00:00","dateModified":"2026-04-17T18:32:57+00:00","breadcrumb":{"@id":"https:\/\/shop.bantam.ch\/de\/produkt\/eimertoilette-optitioil\/#breadcrumb"},"inLanguage":"de","potentialAction":[{"@type":"ReadAction","target":["https:\/\/shop.bantam.ch\/de\/produkt\/eimertoilette-optitioil\/"]}]},{"@type":"ImageObject","inLanguage":"de","@id":"https:\/\/shop.bantam.ch\/de\/produkt\/eimertoilette-optitioil\/#primaryimage","url":"https:\/\/shop.bantam.ch\/wp-content\/uploads\/2023\/02\/9928307-Eimertoilette_Optitoil-Standard-01-3.jpg","contentUrl":"https:\/\/shop.bantam.ch\/wp-content\/uploads\/2023\/02\/9928307-Eimertoilette_Optitoil-Standard-01-3.jpg","width":599,"height":1000},{"@type":"BreadcrumbList","@id":"https:\/\/shop.bantam.ch\/de\/produkt\/eimertoilette-optitioil\/#breadcrumb","itemListElement":[{"@type":"ListItem","position":1,"name":"Accueil","item":"https:\/\/shop.bantam.ch\/de\/"},{"@type":"ListItem","position":2,"name":"Shop","item":"https:\/\/shop.bantam.ch\/de\/shop\/"},{"@type":"ListItem","position":3,"name":"Eimertoilette Optitioil inkl. Sitz , Farbe grau 40 x 48 x 33 cm Traglast 100 kg"}]},{"@type":"WebSite","@id":"https:\/\/shop.bantam.ch\/de\/#website","url":"https:\/\/shop.bantam.ch\/de\/","name":"Bantam Camping AG","description":"","publisher":{"@id":"https:\/\/shop.bantam.ch\/de\/#organization"},"inLanguage":"de"},{"@type":"Organization","@id":"https:\/\/shop.bantam.ch\/de\/#organization","name":"Bantam Camping AG","url":"https:\/\/shop.bantam.ch\/de\/","logo":{"@type":"ImageObject","inLanguage":"de","@id":"https:\/\/shop.bantam.ch\/de\/#\/schema\/logo\/image\/","url":"https:\/\/shop.bantam.ch\/wp-content\/uploads\/2022\/12\/bantam-logo.png","contentUrl":"https:\/\/shop.bantam.ch\/wp-content\/uploads\/2022\/12\/bantam-logo.png","width":320,"height":71,"caption":"Bantam Camping AG"},"image":{"@id":"https:\/\/shop.bantam.ch\/de\/#\/schema\/logo\/image\/"}}]}},"_links":{"self":[{"href":"https:\/\/shop.bantam.ch\/de\/wp-json\/wp\/v2\/product\/30884","targetHints":{"allow":["GET"]}}],"collection":[{"href":"https:\/\/shop.bantam.ch\/de\/wp-json\/wp\/v2\/product"}],"about":[{"href":"https:\/\/shop.bantam.ch\/de\/wp-json\/wp\/v2\/types\/product"}],"wp:featuredmedia":[{"embeddable":true,"href":"https:\/\/shop.bantam.ch\/de\/wp-json\/wp\/v2\/media\/30880"}],"wp:attachment":[{"href":"https:\/\/shop.bantam.ch\/de\/wp-json\/wp\/v2\/media?parent=30884"}],"wp:term":[{"taxonomy":"product_featured_cat","embeddable":true,"href":"https:\/\/shop.bantam.ch\/de\/wp-json\/wp\/v2\/product_featured_cat?post=30884"},{"taxonomy":"product_brand","embeddable":true,"href":"https:\/\/shop.bantam.ch\/de\/wp-json\/wp\/v2\/product_brand?post=30884"},{"taxonomy":"product_cat","embeddable":true,"href":"https:\/\/shop.bantam.ch\/de\/wp-json\/wp\/v2\/product_cat?post=30884"},{"taxonomy":"product_tag","embeddable":true,"href":"https:\/\/shop.bantam.ch\/de\/wp-json\/wp\/v2\/product_tag?post=30884"}],"curies":[{"name":"wp","href":"https:\/\/api.w.org\/{rel}","templated":true}]}}