{"id":30874,"date":"2023-02-22T17:52:38","date_gmt":"2023-02-22T16:52:38","guid":{"rendered":"http:\/\/preprod-dev.sh1.hidora.com\/webshop\/produit\/ausgiesser-mit-adapter-3-4-zoll\/"},"modified":"2026-04-16T20:33:13","modified_gmt":"2026-04-16T18:33:13","slug":"ausgiesser-mit-adapter-3-4-zoll","status":"publish","type":"product","link":"https:\/\/shop.bantam.ch\/de\/produkt\/ausgiesser-mit-adapter-3-4-zoll\/","title":{"rendered":"Ausgie\u00dfer flexibel mit Adapter 3\/4 Zoll innen"},"content":{"rendered":"<p>Dieser Adapter erm\u00f6glicht es, die Einf\u00fcllkanne beim Bef\u00fcllen \u00fcber den Wassereinf\u00fcllstutzen am Fahrzeug in alle gew\u00fcnschten Richtungen zu bewegen, um alles Wasser aus der Einf\u00fcllkanne in den Tank flie\u00dfen zu lassen. Adapter \u00be Zoll mit flexiblem Ausgie\u00dfer, \u00d8 27 mm zum Aufschrauben auf den Wasserauslass (Schnepfe) der Einf\u00fcllkanne.<\/p>\n","protected":false},"excerpt":{"rendered":"<p>Dieser Adapter erm\u00f6glicht es, die Einf\u00fcllkanne beim Bef\u00fcllen \u00fcber den Wassereinf\u00fcllstutzen am Fahrzeug in alle gew\u00fcnschten Richtungen zu bewegen, um alles Wasser aus der Einf\u00fcllkanne in den Tank flie\u00dfen zu lassen. Adapter \u00be Zoll mit flexiblem Ausgie\u00dfer, \u00d8 27 mm zum Aufschrauben auf den Wasserauslass (Schnepfe) der Einf\u00fcllkanne.<\/p>\n","protected":false},"featured_media":30872,"template":"","meta":{"_acf_changed":false},"product_featured_cat":[],"product_brand":[3111],"product_cat":[4124],"product_tag":[],"class_list":{"0":"post-30874","1":"product","2":"type-product","3":"status-publish","4":"has-post-thumbnail","6":"product_brand-comet-de","7":"product_cat-wasser-sanitaer-zubehoer","9":"first","10":"instock","11":"taxable","12":"shipping-taxable","13":"purchasable","14":"product-type-simple"},"acf":[],"yoast_head":"<!-- This site is optimized with the Yoast SEO plugin v27.4 - https:\/\/yoast.com\/product\/yoast-seo-wordpress\/ -->\n<title>Ausgie\u00dfer flexibel mit Adapter 3\/4 Zoll innen - Bantam Camping AG<\/title>\n<meta name=\"robots\" content=\"index, follow, max-snippet:-1, max-image-preview:large, max-video-preview:-1\" \/>\n<link rel=\"canonical\" href=\"https:\/\/shop.bantam.ch\/de\/produkt\/ausgiesser-mit-adapter-3-4-zoll\/\" \/>\n<meta property=\"og:locale\" content=\"de_DE\" \/>\n<meta property=\"og:type\" content=\"article\" \/>\n<meta property=\"og:title\" content=\"Ausgie\u00dfer flexibel mit Adapter 3\/4 Zoll innen - Bantam Camping AG\" \/>\n<meta property=\"og:description\" content=\"Dieser Adapter erm\u00f6glicht es, die Einf\u00fcllkanne beim Bef\u00fcllen \u00fcber den Wassereinf\u00fcllstutzen am Fahrzeug in alle gew\u00fcnschten Richtungen zu bewegen, um alles Wasser aus der Einf\u00fcllkanne in den Tank flie\u00dfen zu lassen. Adapter \u00be Zoll mit flexiblem Ausgie\u00dfer, \u00d8 27 mm zum Aufschrauben auf den Wasserauslass (Schnepfe) der Einf\u00fcllkanne.\" \/>\n<meta property=\"og:url\" content=\"https:\/\/shop.bantam.ch\/de\/produkt\/ausgiesser-mit-adapter-3-4-zoll\/\" \/>\n<meta property=\"og:site_name\" content=\"Bantam Camping AG\" \/>\n<meta property=\"article:modified_time\" content=\"2026-04-16T18:33:13+00:00\" \/>\n<meta property=\"og:image\" content=\"https:\/\/shop.bantam.ch\/wp-content\/uploads\/2023\/02\/9920284-Ausgiesser_flexibel_mit_Adapter_3_4_Zoll_innen-Standard-01-3.jpg\" \/>\n\t<meta property=\"og:image:width\" content=\"1000\" \/>\n\t<meta property=\"og:image:height\" content=\"1000\" \/>\n\t<meta property=\"og:image:type\" content=\"image\/jpeg\" \/>\n<meta name=\"twitter:card\" content=\"summary_large_image\" \/>\n<script type=\"application\/ld+json\" class=\"yoast-schema-graph\">{\"@context\":\"https:\\\/\\\/schema.org\",\"@graph\":[{\"@type\":\"WebPage\",\"@id\":\"https:\\\/\\\/shop.bantam.ch\\\/de\\\/produkt\\\/ausgiesser-mit-adapter-3-4-zoll\\\/\",\"url\":\"https:\\\/\\\/shop.bantam.ch\\\/de\\\/produkt\\\/ausgiesser-mit-adapter-3-4-zoll\\\/\",\"name\":\"Ausgie\u00dfer flexibel mit Adapter 3\\\/4 Zoll innen - Bantam Camping AG\",\"isPartOf\":{\"@id\":\"https:\\\/\\\/shop.bantam.ch\\\/de\\\/#website\"},\"primaryImageOfPage\":{\"@id\":\"https:\\\/\\\/shop.bantam.ch\\\/de\\\/produkt\\\/ausgiesser-mit-adapter-3-4-zoll\\\/#primaryimage\"},\"image\":{\"@id\":\"https:\\\/\\\/shop.bantam.ch\\\/de\\\/produkt\\\/ausgiesser-mit-adapter-3-4-zoll\\\/#primaryimage\"},\"thumbnailUrl\":\"https:\\\/\\\/shop.bantam.ch\\\/wp-content\\\/uploads\\\/2023\\\/02\\\/9920284-Ausgiesser_flexibel_mit_Adapter_3_4_Zoll_innen-Standard-01-3.jpg\",\"datePublished\":\"2023-02-22T16:52:38+00:00\",\"dateModified\":\"2026-04-16T18:33:13+00:00\",\"breadcrumb\":{\"@id\":\"https:\\\/\\\/shop.bantam.ch\\\/de\\\/produkt\\\/ausgiesser-mit-adapter-3-4-zoll\\\/#breadcrumb\"},\"inLanguage\":\"de\",\"potentialAction\":[{\"@type\":\"ReadAction\",\"target\":[\"https:\\\/\\\/shop.bantam.ch\\\/de\\\/produkt\\\/ausgiesser-mit-adapter-3-4-zoll\\\/\"]}]},{\"@type\":\"ImageObject\",\"inLanguage\":\"de\",\"@id\":\"https:\\\/\\\/shop.bantam.ch\\\/de\\\/produkt\\\/ausgiesser-mit-adapter-3-4-zoll\\\/#primaryimage\",\"url\":\"https:\\\/\\\/shop.bantam.ch\\\/wp-content\\\/uploads\\\/2023\\\/02\\\/9920284-Ausgiesser_flexibel_mit_Adapter_3_4_Zoll_innen-Standard-01-3.jpg\",\"contentUrl\":\"https:\\\/\\\/shop.bantam.ch\\\/wp-content\\\/uploads\\\/2023\\\/02\\\/9920284-Ausgiesser_flexibel_mit_Adapter_3_4_Zoll_innen-Standard-01-3.jpg\",\"width\":1000,\"height\":1000},{\"@type\":\"BreadcrumbList\",\"@id\":\"https:\\\/\\\/shop.bantam.ch\\\/de\\\/produkt\\\/ausgiesser-mit-adapter-3-4-zoll\\\/#breadcrumb\",\"itemListElement\":[{\"@type\":\"ListItem\",\"position\":1,\"name\":\"Accueil\",\"item\":\"https:\\\/\\\/shop.bantam.ch\\\/de\\\/\"},{\"@type\":\"ListItem\",\"position\":2,\"name\":\"Shop\",\"item\":\"https:\\\/\\\/shop.bantam.ch\\\/de\\\/shop\\\/\"},{\"@type\":\"ListItem\",\"position\":3,\"name\":\"Ausgie\u00dfer flexibel mit Adapter 3\\\/4 Zoll innen\"}]},{\"@type\":\"WebSite\",\"@id\":\"https:\\\/\\\/shop.bantam.ch\\\/de\\\/#website\",\"url\":\"https:\\\/\\\/shop.bantam.ch\\\/de\\\/\",\"name\":\"Bantam Camping AG\",\"description\":\"\",\"publisher\":{\"@id\":\"https:\\\/\\\/shop.bantam.ch\\\/de\\\/#organization\"},\"inLanguage\":\"de\"},{\"@type\":\"Organization\",\"@id\":\"https:\\\/\\\/shop.bantam.ch\\\/de\\\/#organization\",\"name\":\"Bantam Camping AG\",\"url\":\"https:\\\/\\\/shop.bantam.ch\\\/de\\\/\",\"logo\":{\"@type\":\"ImageObject\",\"inLanguage\":\"de\",\"@id\":\"https:\\\/\\\/shop.bantam.ch\\\/de\\\/#\\\/schema\\\/logo\\\/image\\\/\",\"url\":\"https:\\\/\\\/shop.bantam.ch\\\/wp-content\\\/uploads\\\/2022\\\/12\\\/bantam-logo.png\",\"contentUrl\":\"https:\\\/\\\/shop.bantam.ch\\\/wp-content\\\/uploads\\\/2022\\\/12\\\/bantam-logo.png\",\"width\":320,\"height\":71,\"caption\":\"Bantam Camping AG\"},\"image\":{\"@id\":\"https:\\\/\\\/shop.bantam.ch\\\/de\\\/#\\\/schema\\\/logo\\\/image\\\/\"}}]}<\/script>\n<!-- \/ Yoast SEO plugin. -->","yoast_head_json":{"title":"Ausgie\u00dfer flexibel mit Adapter 3\/4 Zoll innen - Bantam Camping AG","robots":{"index":"index","follow":"follow","max-snippet":"max-snippet:-1","max-image-preview":"max-image-preview:large","max-video-preview":"max-video-preview:-1"},"canonical":"https:\/\/shop.bantam.ch\/de\/produkt\/ausgiesser-mit-adapter-3-4-zoll\/","og_locale":"de_DE","og_type":"article","og_title":"Ausgie\u00dfer flexibel mit Adapter 3\/4 Zoll innen - Bantam Camping AG","og_description":"Dieser Adapter erm\u00f6glicht es, die Einf\u00fcllkanne beim Bef\u00fcllen \u00fcber den Wassereinf\u00fcllstutzen am Fahrzeug in alle gew\u00fcnschten Richtungen zu bewegen, um alles Wasser aus der Einf\u00fcllkanne in den Tank flie\u00dfen zu lassen. Adapter \u00be Zoll mit flexiblem Ausgie\u00dfer, \u00d8 27 mm zum Aufschrauben auf den Wasserauslass (Schnepfe) der Einf\u00fcllkanne.","og_url":"https:\/\/shop.bantam.ch\/de\/produkt\/ausgiesser-mit-adapter-3-4-zoll\/","og_site_name":"Bantam Camping AG","article_modified_time":"2026-04-16T18:33:13+00:00","og_image":[{"width":1000,"height":1000,"url":"https:\/\/shop.bantam.ch\/wp-content\/uploads\/2023\/02\/9920284-Ausgiesser_flexibel_mit_Adapter_3_4_Zoll_innen-Standard-01-3.jpg","type":"image\/jpeg"}],"twitter_card":"summary_large_image","schema":{"@context":"https:\/\/schema.org","@graph":[{"@type":"WebPage","@id":"https:\/\/shop.bantam.ch\/de\/produkt\/ausgiesser-mit-adapter-3-4-zoll\/","url":"https:\/\/shop.bantam.ch\/de\/produkt\/ausgiesser-mit-adapter-3-4-zoll\/","name":"Ausgie\u00dfer flexibel mit Adapter 3\/4 Zoll innen - Bantam Camping AG","isPartOf":{"@id":"https:\/\/shop.bantam.ch\/de\/#website"},"primaryImageOfPage":{"@id":"https:\/\/shop.bantam.ch\/de\/produkt\/ausgiesser-mit-adapter-3-4-zoll\/#primaryimage"},"image":{"@id":"https:\/\/shop.bantam.ch\/de\/produkt\/ausgiesser-mit-adapter-3-4-zoll\/#primaryimage"},"thumbnailUrl":"https:\/\/shop.bantam.ch\/wp-content\/uploads\/2023\/02\/9920284-Ausgiesser_flexibel_mit_Adapter_3_4_Zoll_innen-Standard-01-3.jpg","datePublished":"2023-02-22T16:52:38+00:00","dateModified":"2026-04-16T18:33:13+00:00","breadcrumb":{"@id":"https:\/\/shop.bantam.ch\/de\/produkt\/ausgiesser-mit-adapter-3-4-zoll\/#breadcrumb"},"inLanguage":"de","potentialAction":[{"@type":"ReadAction","target":["https:\/\/shop.bantam.ch\/de\/produkt\/ausgiesser-mit-adapter-3-4-zoll\/"]}]},{"@type":"ImageObject","inLanguage":"de","@id":"https:\/\/shop.bantam.ch\/de\/produkt\/ausgiesser-mit-adapter-3-4-zoll\/#primaryimage","url":"https:\/\/shop.bantam.ch\/wp-content\/uploads\/2023\/02\/9920284-Ausgiesser_flexibel_mit_Adapter_3_4_Zoll_innen-Standard-01-3.jpg","contentUrl":"https:\/\/shop.bantam.ch\/wp-content\/uploads\/2023\/02\/9920284-Ausgiesser_flexibel_mit_Adapter_3_4_Zoll_innen-Standard-01-3.jpg","width":1000,"height":1000},{"@type":"BreadcrumbList","@id":"https:\/\/shop.bantam.ch\/de\/produkt\/ausgiesser-mit-adapter-3-4-zoll\/#breadcrumb","itemListElement":[{"@type":"ListItem","position":1,"name":"Accueil","item":"https:\/\/shop.bantam.ch\/de\/"},{"@type":"ListItem","position":2,"name":"Shop","item":"https:\/\/shop.bantam.ch\/de\/shop\/"},{"@type":"ListItem","position":3,"name":"Ausgie\u00dfer flexibel mit Adapter 3\/4 Zoll innen"}]},{"@type":"WebSite","@id":"https:\/\/shop.bantam.ch\/de\/#website","url":"https:\/\/shop.bantam.ch\/de\/","name":"Bantam Camping AG","description":"","publisher":{"@id":"https:\/\/shop.bantam.ch\/de\/#organization"},"inLanguage":"de"},{"@type":"Organization","@id":"https:\/\/shop.bantam.ch\/de\/#organization","name":"Bantam Camping AG","url":"https:\/\/shop.bantam.ch\/de\/","logo":{"@type":"ImageObject","inLanguage":"de","@id":"https:\/\/shop.bantam.ch\/de\/#\/schema\/logo\/image\/","url":"https:\/\/shop.bantam.ch\/wp-content\/uploads\/2022\/12\/bantam-logo.png","contentUrl":"https:\/\/shop.bantam.ch\/wp-content\/uploads\/2022\/12\/bantam-logo.png","width":320,"height":71,"caption":"Bantam Camping AG"},"image":{"@id":"https:\/\/shop.bantam.ch\/de\/#\/schema\/logo\/image\/"}}]}},"_links":{"self":[{"href":"https:\/\/shop.bantam.ch\/de\/wp-json\/wp\/v2\/product\/30874","targetHints":{"allow":["GET"]}}],"collection":[{"href":"https:\/\/shop.bantam.ch\/de\/wp-json\/wp\/v2\/product"}],"about":[{"href":"https:\/\/shop.bantam.ch\/de\/wp-json\/wp\/v2\/types\/product"}],"wp:featuredmedia":[{"embeddable":true,"href":"https:\/\/shop.bantam.ch\/de\/wp-json\/wp\/v2\/media\/30872"}],"wp:attachment":[{"href":"https:\/\/shop.bantam.ch\/de\/wp-json\/wp\/v2\/media?parent=30874"}],"wp:term":[{"taxonomy":"product_featured_cat","embeddable":true,"href":"https:\/\/shop.bantam.ch\/de\/wp-json\/wp\/v2\/product_featured_cat?post=30874"},{"taxonomy":"product_brand","embeddable":true,"href":"https:\/\/shop.bantam.ch\/de\/wp-json\/wp\/v2\/product_brand?post=30874"},{"taxonomy":"product_cat","embeddable":true,"href":"https:\/\/shop.bantam.ch\/de\/wp-json\/wp\/v2\/product_cat?post=30874"},{"taxonomy":"product_tag","embeddable":true,"href":"https:\/\/shop.bantam.ch\/de\/wp-json\/wp\/v2\/product_tag?post=30874"}],"curies":[{"name":"wp","href":"https:\/\/api.w.org\/{rel}","templated":true}]}}