{"id":30850,"date":"2023-02-22T17:52:11","date_gmt":"2023-02-22T16:52:11","guid":{"rendered":"http:\/\/preprod-dev.sh1.hidora.com\/webshop\/produit\/einbausteckdose-power-usb-mit-gewindehuelse-und-deckel-12-24-v\/"},"modified":"2026-04-17T20:32:49","modified_gmt":"2026-04-17T18:32:49","slug":"einbausteckdose-power-usb-mit-gewindehuelse-und-deckel-12-24-v","status":"publish","type":"product","link":"https:\/\/shop.bantam.ch\/de\/produkt\/einbausteckdose-power-usb-mit-gewindehuelse-und-deckel-12-24-v\/","title":{"rendered":"Einbausteckdose Power USB Pro Car EV  mit Gewindeh\u00fclse und Deckel 12 &#8211; 24 V"},"content":{"rendered":"<p>Power USB Einbausteckdose mit Deckel mit integriertem Spannungswandler. Zum Laden und Betreiben von  elektronischen Ger\u00e4ten, die \u00fcber USB geladen werden k\u00f6nnen und einen hohen Ladestrom ben\u00f6tigen. Befestigung mittels Sechskantmutter, Kabelanschluss ca. 150 mm vorkonfektioniert.<\/p>\n","protected":false},"excerpt":{"rendered":"<p>Power USB Einbausteckdose mit Deckel mit integriertem Spannungswandler. Zum Laden und Betreiben von elektronischen Ger\u00e4ten, die \u00fcber USB geladen werden k\u00f6nnen und einen hohen Ladestrom ben\u00f6tigen. Befestigung mittels Sechskantmutter, Kabelanschluss ca. 150 mm vorkonfektioniert.<\/p>\n","protected":false},"featured_media":30846,"template":"","meta":{"_acf_changed":false},"product_featured_cat":[],"product_brand":[3105],"product_cat":[4194],"product_tag":[],"class_list":{"0":"post-30850","1":"product","2":"type-product","3":"status-publish","4":"has-post-thumbnail","6":"product_brand-pro-car-de","7":"product_cat-12-24v-stecker","9":"first","10":"instock","11":"taxable","12":"shipping-taxable","13":"purchasable","14":"product-type-simple"},"acf":[],"yoast_head":"<!-- This site is optimized with the Yoast SEO plugin v27.4 - https:\/\/yoast.com\/product\/yoast-seo-wordpress\/ -->\n<title>Einbausteckdose Power USB Pro Car EV mit Gewindeh\u00fclse und Deckel 12 - 24 V - Bantam Camping AG<\/title>\n<meta name=\"robots\" content=\"index, follow, max-snippet:-1, max-image-preview:large, max-video-preview:-1\" \/>\n<link rel=\"canonical\" href=\"https:\/\/shop.bantam.ch\/de\/produkt\/einbausteckdose-power-usb-mit-gewindehuelse-und-deckel-12-24-v\/\" \/>\n<meta property=\"og:locale\" content=\"de_DE\" \/>\n<meta property=\"og:type\" content=\"article\" \/>\n<meta property=\"og:title\" content=\"Einbausteckdose Power USB Pro Car EV mit Gewindeh\u00fclse und Deckel 12 - 24 V - Bantam Camping AG\" \/>\n<meta property=\"og:description\" content=\"Power USB Einbausteckdose mit Deckel mit integriertem Spannungswandler. Zum Laden und Betreiben von elektronischen Ger\u00e4ten, die \u00fcber USB geladen werden k\u00f6nnen und einen hohen Ladestrom ben\u00f6tigen. Befestigung mittels Sechskantmutter, Kabelanschluss ca. 150 mm vorkonfektioniert.\" \/>\n<meta property=\"og:url\" content=\"https:\/\/shop.bantam.ch\/de\/produkt\/einbausteckdose-power-usb-mit-gewindehuelse-und-deckel-12-24-v\/\" \/>\n<meta property=\"og:site_name\" content=\"Bantam Camping AG\" \/>\n<meta property=\"article:modified_time\" content=\"2026-04-17T18:32:49+00:00\" \/>\n<meta property=\"og:image\" content=\"https:\/\/shop.bantam.ch\/wp-content\/uploads\/2023\/02\/9920357-Einbausteckdose_Power_USB_EV_mit_Gewindehuelse_und_Deckel-Standard-01-3.jpg\" \/>\n\t<meta property=\"og:image:width\" content=\"831\" \/>\n\t<meta property=\"og:image:height\" content=\"1000\" \/>\n\t<meta property=\"og:image:type\" content=\"image\/jpeg\" \/>\n<meta name=\"twitter:card\" content=\"summary_large_image\" \/>\n<script type=\"application\/ld+json\" class=\"yoast-schema-graph\">{\"@context\":\"https:\\\/\\\/schema.org\",\"@graph\":[{\"@type\":\"WebPage\",\"@id\":\"https:\\\/\\\/shop.bantam.ch\\\/de\\\/produkt\\\/einbausteckdose-power-usb-mit-gewindehuelse-und-deckel-12-24-v\\\/\",\"url\":\"https:\\\/\\\/shop.bantam.ch\\\/de\\\/produkt\\\/einbausteckdose-power-usb-mit-gewindehuelse-und-deckel-12-24-v\\\/\",\"name\":\"Einbausteckdose Power USB Pro Car EV mit Gewindeh\u00fclse und Deckel 12 - 24 V - Bantam Camping AG\",\"isPartOf\":{\"@id\":\"https:\\\/\\\/shop.bantam.ch\\\/de\\\/#website\"},\"primaryImageOfPage\":{\"@id\":\"https:\\\/\\\/shop.bantam.ch\\\/de\\\/produkt\\\/einbausteckdose-power-usb-mit-gewindehuelse-und-deckel-12-24-v\\\/#primaryimage\"},\"image\":{\"@id\":\"https:\\\/\\\/shop.bantam.ch\\\/de\\\/produkt\\\/einbausteckdose-power-usb-mit-gewindehuelse-und-deckel-12-24-v\\\/#primaryimage\"},\"thumbnailUrl\":\"https:\\\/\\\/shop.bantam.ch\\\/wp-content\\\/uploads\\\/2023\\\/02\\\/9920357-Einbausteckdose_Power_USB_EV_mit_Gewindehuelse_und_Deckel-Standard-01-3.jpg\",\"datePublished\":\"2023-02-22T16:52:11+00:00\",\"dateModified\":\"2026-04-17T18:32:49+00:00\",\"breadcrumb\":{\"@id\":\"https:\\\/\\\/shop.bantam.ch\\\/de\\\/produkt\\\/einbausteckdose-power-usb-mit-gewindehuelse-und-deckel-12-24-v\\\/#breadcrumb\"},\"inLanguage\":\"de\",\"potentialAction\":[{\"@type\":\"ReadAction\",\"target\":[\"https:\\\/\\\/shop.bantam.ch\\\/de\\\/produkt\\\/einbausteckdose-power-usb-mit-gewindehuelse-und-deckel-12-24-v\\\/\"]}]},{\"@type\":\"ImageObject\",\"inLanguage\":\"de\",\"@id\":\"https:\\\/\\\/shop.bantam.ch\\\/de\\\/produkt\\\/einbausteckdose-power-usb-mit-gewindehuelse-und-deckel-12-24-v\\\/#primaryimage\",\"url\":\"https:\\\/\\\/shop.bantam.ch\\\/wp-content\\\/uploads\\\/2023\\\/02\\\/9920357-Einbausteckdose_Power_USB_EV_mit_Gewindehuelse_und_Deckel-Standard-01-3.jpg\",\"contentUrl\":\"https:\\\/\\\/shop.bantam.ch\\\/wp-content\\\/uploads\\\/2023\\\/02\\\/9920357-Einbausteckdose_Power_USB_EV_mit_Gewindehuelse_und_Deckel-Standard-01-3.jpg\",\"width\":831,\"height\":1000},{\"@type\":\"BreadcrumbList\",\"@id\":\"https:\\\/\\\/shop.bantam.ch\\\/de\\\/produkt\\\/einbausteckdose-power-usb-mit-gewindehuelse-und-deckel-12-24-v\\\/#breadcrumb\",\"itemListElement\":[{\"@type\":\"ListItem\",\"position\":1,\"name\":\"Accueil\",\"item\":\"https:\\\/\\\/shop.bantam.ch\\\/de\\\/\"},{\"@type\":\"ListItem\",\"position\":2,\"name\":\"Shop\",\"item\":\"https:\\\/\\\/shop.bantam.ch\\\/de\\\/shop\\\/\"},{\"@type\":\"ListItem\",\"position\":3,\"name\":\"Einbausteckdose Power USB Pro Car EV mit Gewindeh\u00fclse und Deckel 12 &#8211; 24 V\"}]},{\"@type\":\"WebSite\",\"@id\":\"https:\\\/\\\/shop.bantam.ch\\\/de\\\/#website\",\"url\":\"https:\\\/\\\/shop.bantam.ch\\\/de\\\/\",\"name\":\"Bantam Camping AG\",\"description\":\"\",\"publisher\":{\"@id\":\"https:\\\/\\\/shop.bantam.ch\\\/de\\\/#organization\"},\"inLanguage\":\"de\"},{\"@type\":\"Organization\",\"@id\":\"https:\\\/\\\/shop.bantam.ch\\\/de\\\/#organization\",\"name\":\"Bantam Camping AG\",\"url\":\"https:\\\/\\\/shop.bantam.ch\\\/de\\\/\",\"logo\":{\"@type\":\"ImageObject\",\"inLanguage\":\"de\",\"@id\":\"https:\\\/\\\/shop.bantam.ch\\\/de\\\/#\\\/schema\\\/logo\\\/image\\\/\",\"url\":\"https:\\\/\\\/shop.bantam.ch\\\/wp-content\\\/uploads\\\/2022\\\/12\\\/bantam-logo.png\",\"contentUrl\":\"https:\\\/\\\/shop.bantam.ch\\\/wp-content\\\/uploads\\\/2022\\\/12\\\/bantam-logo.png\",\"width\":320,\"height\":71,\"caption\":\"Bantam Camping AG\"},\"image\":{\"@id\":\"https:\\\/\\\/shop.bantam.ch\\\/de\\\/#\\\/schema\\\/logo\\\/image\\\/\"}}]}<\/script>\n<!-- \/ Yoast SEO plugin. -->","yoast_head_json":{"title":"Einbausteckdose Power USB Pro Car EV mit Gewindeh\u00fclse und Deckel 12 - 24 V - Bantam Camping AG","robots":{"index":"index","follow":"follow","max-snippet":"max-snippet:-1","max-image-preview":"max-image-preview:large","max-video-preview":"max-video-preview:-1"},"canonical":"https:\/\/shop.bantam.ch\/de\/produkt\/einbausteckdose-power-usb-mit-gewindehuelse-und-deckel-12-24-v\/","og_locale":"de_DE","og_type":"article","og_title":"Einbausteckdose Power USB Pro Car EV mit Gewindeh\u00fclse und Deckel 12 - 24 V - Bantam Camping AG","og_description":"Power USB Einbausteckdose mit Deckel mit integriertem Spannungswandler. Zum Laden und Betreiben von elektronischen Ger\u00e4ten, die \u00fcber USB geladen werden k\u00f6nnen und einen hohen Ladestrom ben\u00f6tigen. Befestigung mittels Sechskantmutter, Kabelanschluss ca. 150 mm vorkonfektioniert.","og_url":"https:\/\/shop.bantam.ch\/de\/produkt\/einbausteckdose-power-usb-mit-gewindehuelse-und-deckel-12-24-v\/","og_site_name":"Bantam Camping AG","article_modified_time":"2026-04-17T18:32:49+00:00","og_image":[{"width":831,"height":1000,"url":"https:\/\/shop.bantam.ch\/wp-content\/uploads\/2023\/02\/9920357-Einbausteckdose_Power_USB_EV_mit_Gewindehuelse_und_Deckel-Standard-01-3.jpg","type":"image\/jpeg"}],"twitter_card":"summary_large_image","schema":{"@context":"https:\/\/schema.org","@graph":[{"@type":"WebPage","@id":"https:\/\/shop.bantam.ch\/de\/produkt\/einbausteckdose-power-usb-mit-gewindehuelse-und-deckel-12-24-v\/","url":"https:\/\/shop.bantam.ch\/de\/produkt\/einbausteckdose-power-usb-mit-gewindehuelse-und-deckel-12-24-v\/","name":"Einbausteckdose Power USB Pro Car EV mit Gewindeh\u00fclse und Deckel 12 - 24 V - Bantam Camping AG","isPartOf":{"@id":"https:\/\/shop.bantam.ch\/de\/#website"},"primaryImageOfPage":{"@id":"https:\/\/shop.bantam.ch\/de\/produkt\/einbausteckdose-power-usb-mit-gewindehuelse-und-deckel-12-24-v\/#primaryimage"},"image":{"@id":"https:\/\/shop.bantam.ch\/de\/produkt\/einbausteckdose-power-usb-mit-gewindehuelse-und-deckel-12-24-v\/#primaryimage"},"thumbnailUrl":"https:\/\/shop.bantam.ch\/wp-content\/uploads\/2023\/02\/9920357-Einbausteckdose_Power_USB_EV_mit_Gewindehuelse_und_Deckel-Standard-01-3.jpg","datePublished":"2023-02-22T16:52:11+00:00","dateModified":"2026-04-17T18:32:49+00:00","breadcrumb":{"@id":"https:\/\/shop.bantam.ch\/de\/produkt\/einbausteckdose-power-usb-mit-gewindehuelse-und-deckel-12-24-v\/#breadcrumb"},"inLanguage":"de","potentialAction":[{"@type":"ReadAction","target":["https:\/\/shop.bantam.ch\/de\/produkt\/einbausteckdose-power-usb-mit-gewindehuelse-und-deckel-12-24-v\/"]}]},{"@type":"ImageObject","inLanguage":"de","@id":"https:\/\/shop.bantam.ch\/de\/produkt\/einbausteckdose-power-usb-mit-gewindehuelse-und-deckel-12-24-v\/#primaryimage","url":"https:\/\/shop.bantam.ch\/wp-content\/uploads\/2023\/02\/9920357-Einbausteckdose_Power_USB_EV_mit_Gewindehuelse_und_Deckel-Standard-01-3.jpg","contentUrl":"https:\/\/shop.bantam.ch\/wp-content\/uploads\/2023\/02\/9920357-Einbausteckdose_Power_USB_EV_mit_Gewindehuelse_und_Deckel-Standard-01-3.jpg","width":831,"height":1000},{"@type":"BreadcrumbList","@id":"https:\/\/shop.bantam.ch\/de\/produkt\/einbausteckdose-power-usb-mit-gewindehuelse-und-deckel-12-24-v\/#breadcrumb","itemListElement":[{"@type":"ListItem","position":1,"name":"Accueil","item":"https:\/\/shop.bantam.ch\/de\/"},{"@type":"ListItem","position":2,"name":"Shop","item":"https:\/\/shop.bantam.ch\/de\/shop\/"},{"@type":"ListItem","position":3,"name":"Einbausteckdose Power USB Pro Car EV mit Gewindeh\u00fclse und Deckel 12 &#8211; 24 V"}]},{"@type":"WebSite","@id":"https:\/\/shop.bantam.ch\/de\/#website","url":"https:\/\/shop.bantam.ch\/de\/","name":"Bantam Camping AG","description":"","publisher":{"@id":"https:\/\/shop.bantam.ch\/de\/#organization"},"inLanguage":"de"},{"@type":"Organization","@id":"https:\/\/shop.bantam.ch\/de\/#organization","name":"Bantam Camping AG","url":"https:\/\/shop.bantam.ch\/de\/","logo":{"@type":"ImageObject","inLanguage":"de","@id":"https:\/\/shop.bantam.ch\/de\/#\/schema\/logo\/image\/","url":"https:\/\/shop.bantam.ch\/wp-content\/uploads\/2022\/12\/bantam-logo.png","contentUrl":"https:\/\/shop.bantam.ch\/wp-content\/uploads\/2022\/12\/bantam-logo.png","width":320,"height":71,"caption":"Bantam Camping AG"},"image":{"@id":"https:\/\/shop.bantam.ch\/de\/#\/schema\/logo\/image\/"}}]}},"_links":{"self":[{"href":"https:\/\/shop.bantam.ch\/de\/wp-json\/wp\/v2\/product\/30850","targetHints":{"allow":["GET"]}}],"collection":[{"href":"https:\/\/shop.bantam.ch\/de\/wp-json\/wp\/v2\/product"}],"about":[{"href":"https:\/\/shop.bantam.ch\/de\/wp-json\/wp\/v2\/types\/product"}],"wp:featuredmedia":[{"embeddable":true,"href":"https:\/\/shop.bantam.ch\/de\/wp-json\/wp\/v2\/media\/30846"}],"wp:attachment":[{"href":"https:\/\/shop.bantam.ch\/de\/wp-json\/wp\/v2\/media?parent=30850"}],"wp:term":[{"taxonomy":"product_featured_cat","embeddable":true,"href":"https:\/\/shop.bantam.ch\/de\/wp-json\/wp\/v2\/product_featured_cat?post=30850"},{"taxonomy":"product_brand","embeddable":true,"href":"https:\/\/shop.bantam.ch\/de\/wp-json\/wp\/v2\/product_brand?post=30850"},{"taxonomy":"product_cat","embeddable":true,"href":"https:\/\/shop.bantam.ch\/de\/wp-json\/wp\/v2\/product_cat?post=30850"},{"taxonomy":"product_tag","embeddable":true,"href":"https:\/\/shop.bantam.ch\/de\/wp-json\/wp\/v2\/product_tag?post=30850"}],"curies":[{"name":"wp","href":"https:\/\/api.w.org\/{rel}","templated":true}]}}