{"id":30834,"date":"2023-02-22T17:44:58","date_gmt":"2023-02-22T16:44:58","guid":{"rendered":"http:\/\/preprod-dev.sh1.hidora.com\/webshop\/produit\/solarregler-mpp-lrm-1218\/"},"modified":"2026-04-17T20:32:49","modified_gmt":"2026-04-17T18:32:49","slug":"solarregler-mpp-lrm-1218","status":"publish","type":"product","link":"https:\/\/shop.bantam.ch\/de\/produkt\/solarregler-mpp-lrm-1218\/","title":{"rendered":"Solarregler Set LRM 1218 mit Temperaturf\u00fchler"},"content":{"rendered":"<p>Der MPP-Solarregler LRM 1218 ist ein getakteter Wandler, der daf\u00fcr sorgt, dass die angeschlossenen Solarmodule unabh\u00e4ngig von Sonneneinstrahlung, Batteriespannung und Modultemperatur immer optimal betrieben werden, w\u00e4hrend sich die Batterie in der Hauptladephase befindet. Die bereitgestellten Ladespannungen werden mittels Temperaturf\u00fchler (optional) und durch die Einstellm\u00f6glichkeit von 4 Batterietypen perfekt an die Wohnraumbatterie angepasst. Die Starterbatterie wird ebenfalls mit geladen (max. 2,5A), sobald die Wohnraumbatterie die Hauptladephase durchlaufen hat. Ladestrom in die Wohnraumbatterie max. 20A. <br \/>Durch den SDTBUS &#8211; Anschluss kann der Solarregler optimal in Bussysteme von Schaudt integriert werden. F\u00fcr die Nachr\u00fcstung von anderen Systemen ist ein Anschluss mit einem passenden Analogsignal zur Anzeige der Solarstr\u00f6me in Wohn- und Starterbatterie vorgesehen. Zwei LED-Anzeigen f\u00fcr Betrieb und Ladeerhaltung informieren \u00fcber die Funktion und eine weitgehend volle Batterie. Der eingebaute L\u00fcfter ist sehr leise und l\u00e4uft nur bei hoher Leistung. Geeignet f\u00fcr 6-zellige 12-V-Blei-S\u00e4ure, Blei-Gel- und AGM-Batterien, Kennlinie UUoU.<\/p>\n<p>Lieferumfang:<br \/>Inklusive Anschlussmaterial und Temperaturf\u00fchler (2,5 m)<\/p>\n","protected":false},"excerpt":{"rendered":"<p>Der MPP-Solarregler LRM 1218 ist ein getakteter Wandler, der daf\u00fcr sorgt, dass die angeschlossenen Solarmodule unabh\u00e4ngig von Sonneneinstrahlung, Batteriespannung und Modultemperatur immer optimal betrieben werden, w\u00e4hrend sich die Batterie in der Hauptladephase befindet. Die bereitgestellten Ladespannungen werden mittels Temperaturf\u00fchler (optional) und durch die Einstellm\u00f6glichkeit von 4 Batterietypen perfekt an die Wohnraumbatterie angepasst. Die Starterbatterie wird [&hellip;]<\/p>\n","protected":false},"featured_media":30832,"template":"","meta":{"_acf_changed":false},"product_featured_cat":[],"product_brand":[3079],"product_cat":[4878],"product_tag":[],"class_list":{"0":"post-30834","1":"product","2":"type-product","3":"status-publish","4":"has-post-thumbnail","6":"product_brand-schaudt-de","7":"product_cat-solar-laderegler","9":"first","10":"instock","11":"taxable","12":"shipping-taxable","13":"purchasable","14":"product-type-simple"},"acf":[],"yoast_head":"<!-- This site is optimized with the Yoast SEO plugin v27.4 - https:\/\/yoast.com\/product\/yoast-seo-wordpress\/ -->\n<title>Solarregler Set LRM 1218 mit Temperaturf\u00fchler - Bantam Camping AG<\/title>\n<meta name=\"robots\" content=\"index, follow, max-snippet:-1, max-image-preview:large, max-video-preview:-1\" \/>\n<link rel=\"canonical\" href=\"https:\/\/shop.bantam.ch\/de\/produkt\/solarregler-mpp-lrm-1218\/\" \/>\n<meta property=\"og:locale\" content=\"de_DE\" \/>\n<meta property=\"og:type\" content=\"article\" \/>\n<meta property=\"og:title\" content=\"Solarregler Set LRM 1218 mit Temperaturf\u00fchler - Bantam Camping AG\" \/>\n<meta property=\"og:description\" content=\"Der MPP-Solarregler LRM 1218 ist ein getakteter Wandler, der daf\u00fcr sorgt, dass die angeschlossenen Solarmodule unabh\u00e4ngig von Sonneneinstrahlung, Batteriespannung und Modultemperatur immer optimal betrieben werden, w\u00e4hrend sich die Batterie in der Hauptladephase befindet. Die bereitgestellten Ladespannungen werden mittels Temperaturf\u00fchler (optional) und durch die Einstellm\u00f6glichkeit von 4 Batterietypen perfekt an die Wohnraumbatterie angepasst. Die Starterbatterie wird [&hellip;]\" \/>\n<meta property=\"og:url\" content=\"https:\/\/shop.bantam.ch\/de\/produkt\/solarregler-mpp-lrm-1218\/\" \/>\n<meta property=\"og:site_name\" content=\"Bantam Camping AG\" \/>\n<meta property=\"article:modified_time\" content=\"2026-04-17T18:32:49+00:00\" \/>\n<meta property=\"og:image\" content=\"https:\/\/shop.bantam.ch\/wp-content\/uploads\/2023\/02\/992039911O90A0fXc7DX0c-3-scaled.jpg\" \/>\n\t<meta property=\"og:image:width\" content=\"1024\" \/>\n\t<meta property=\"og:image:height\" content=\"797\" \/>\n\t<meta property=\"og:image:type\" content=\"image\/jpeg\" \/>\n<meta name=\"twitter:card\" content=\"summary_large_image\" \/>\n<meta name=\"twitter:label1\" content=\"Gesch\u00e4tzte Lesezeit\" \/>\n\t<meta name=\"twitter:data1\" content=\"1\u00a0Minute\" \/>\n<script type=\"application\/ld+json\" class=\"yoast-schema-graph\">{\"@context\":\"https:\\\/\\\/schema.org\",\"@graph\":[{\"@type\":\"WebPage\",\"@id\":\"https:\\\/\\\/shop.bantam.ch\\\/de\\\/produkt\\\/solarregler-mpp-lrm-1218\\\/\",\"url\":\"https:\\\/\\\/shop.bantam.ch\\\/de\\\/produkt\\\/solarregler-mpp-lrm-1218\\\/\",\"name\":\"Solarregler Set LRM 1218 mit Temperaturf\u00fchler - Bantam Camping AG\",\"isPartOf\":{\"@id\":\"https:\\\/\\\/shop.bantam.ch\\\/de\\\/#website\"},\"primaryImageOfPage\":{\"@id\":\"https:\\\/\\\/shop.bantam.ch\\\/de\\\/produkt\\\/solarregler-mpp-lrm-1218\\\/#primaryimage\"},\"image\":{\"@id\":\"https:\\\/\\\/shop.bantam.ch\\\/de\\\/produkt\\\/solarregler-mpp-lrm-1218\\\/#primaryimage\"},\"thumbnailUrl\":\"https:\\\/\\\/shop.bantam.ch\\\/wp-content\\\/uploads\\\/2023\\\/02\\\/992039911O90A0fXc7DX0c-3-scaled-scaled.jpg\",\"datePublished\":\"2023-02-22T16:44:58+00:00\",\"dateModified\":\"2026-04-17T18:32:49+00:00\",\"breadcrumb\":{\"@id\":\"https:\\\/\\\/shop.bantam.ch\\\/de\\\/produkt\\\/solarregler-mpp-lrm-1218\\\/#breadcrumb\"},\"inLanguage\":\"de\",\"potentialAction\":[{\"@type\":\"ReadAction\",\"target\":[\"https:\\\/\\\/shop.bantam.ch\\\/de\\\/produkt\\\/solarregler-mpp-lrm-1218\\\/\"]}]},{\"@type\":\"ImageObject\",\"inLanguage\":\"de\",\"@id\":\"https:\\\/\\\/shop.bantam.ch\\\/de\\\/produkt\\\/solarregler-mpp-lrm-1218\\\/#primaryimage\",\"url\":\"https:\\\/\\\/shop.bantam.ch\\\/wp-content\\\/uploads\\\/2023\\\/02\\\/992039911O90A0fXc7DX0c-3-scaled-scaled.jpg\",\"contentUrl\":\"https:\\\/\\\/shop.bantam.ch\\\/wp-content\\\/uploads\\\/2023\\\/02\\\/992039911O90A0fXc7DX0c-3-scaled-scaled.jpg\",\"width\":2048,\"height\":1594},{\"@type\":\"BreadcrumbList\",\"@id\":\"https:\\\/\\\/shop.bantam.ch\\\/de\\\/produkt\\\/solarregler-mpp-lrm-1218\\\/#breadcrumb\",\"itemListElement\":[{\"@type\":\"ListItem\",\"position\":1,\"name\":\"Accueil\",\"item\":\"https:\\\/\\\/shop.bantam.ch\\\/de\\\/\"},{\"@type\":\"ListItem\",\"position\":2,\"name\":\"Shop\",\"item\":\"https:\\\/\\\/shop.bantam.ch\\\/de\\\/shop\\\/\"},{\"@type\":\"ListItem\",\"position\":3,\"name\":\"Solarregler Set LRM 1218 mit Temperaturf\u00fchler\"}]},{\"@type\":\"WebSite\",\"@id\":\"https:\\\/\\\/shop.bantam.ch\\\/de\\\/#website\",\"url\":\"https:\\\/\\\/shop.bantam.ch\\\/de\\\/\",\"name\":\"Bantam Camping AG\",\"description\":\"\",\"publisher\":{\"@id\":\"https:\\\/\\\/shop.bantam.ch\\\/de\\\/#organization\"},\"inLanguage\":\"de\"},{\"@type\":\"Organization\",\"@id\":\"https:\\\/\\\/shop.bantam.ch\\\/de\\\/#organization\",\"name\":\"Bantam Camping AG\",\"url\":\"https:\\\/\\\/shop.bantam.ch\\\/de\\\/\",\"logo\":{\"@type\":\"ImageObject\",\"inLanguage\":\"de\",\"@id\":\"https:\\\/\\\/shop.bantam.ch\\\/de\\\/#\\\/schema\\\/logo\\\/image\\\/\",\"url\":\"https:\\\/\\\/shop.bantam.ch\\\/wp-content\\\/uploads\\\/2022\\\/12\\\/bantam-logo.png\",\"contentUrl\":\"https:\\\/\\\/shop.bantam.ch\\\/wp-content\\\/uploads\\\/2022\\\/12\\\/bantam-logo.png\",\"width\":320,\"height\":71,\"caption\":\"Bantam Camping AG\"},\"image\":{\"@id\":\"https:\\\/\\\/shop.bantam.ch\\\/de\\\/#\\\/schema\\\/logo\\\/image\\\/\"}}]}<\/script>\n<!-- \/ Yoast SEO plugin. -->","yoast_head_json":{"title":"Solarregler Set LRM 1218 mit Temperaturf\u00fchler - Bantam Camping AG","robots":{"index":"index","follow":"follow","max-snippet":"max-snippet:-1","max-image-preview":"max-image-preview:large","max-video-preview":"max-video-preview:-1"},"canonical":"https:\/\/shop.bantam.ch\/de\/produkt\/solarregler-mpp-lrm-1218\/","og_locale":"de_DE","og_type":"article","og_title":"Solarregler Set LRM 1218 mit Temperaturf\u00fchler - Bantam Camping AG","og_description":"Der MPP-Solarregler LRM 1218 ist ein getakteter Wandler, der daf\u00fcr sorgt, dass die angeschlossenen Solarmodule unabh\u00e4ngig von Sonneneinstrahlung, Batteriespannung und Modultemperatur immer optimal betrieben werden, w\u00e4hrend sich die Batterie in der Hauptladephase befindet. Die bereitgestellten Ladespannungen werden mittels Temperaturf\u00fchler (optional) und durch die Einstellm\u00f6glichkeit von 4 Batterietypen perfekt an die Wohnraumbatterie angepasst. Die Starterbatterie wird [&hellip;]","og_url":"https:\/\/shop.bantam.ch\/de\/produkt\/solarregler-mpp-lrm-1218\/","og_site_name":"Bantam Camping AG","article_modified_time":"2026-04-17T18:32:49+00:00","og_image":[{"url":"https:\/\/shop.bantam.ch\/wp-content\/uploads\/2023\/02\/992039911O90A0fXc7DX0c-3-scaled.jpg","width":1024,"height":797,"type":"image\/jpeg"}],"twitter_card":"summary_large_image","twitter_misc":{"Gesch\u00e4tzte Lesezeit":"1\u00a0Minute"},"schema":{"@context":"https:\/\/schema.org","@graph":[{"@type":"WebPage","@id":"https:\/\/shop.bantam.ch\/de\/produkt\/solarregler-mpp-lrm-1218\/","url":"https:\/\/shop.bantam.ch\/de\/produkt\/solarregler-mpp-lrm-1218\/","name":"Solarregler Set LRM 1218 mit Temperaturf\u00fchler - Bantam Camping AG","isPartOf":{"@id":"https:\/\/shop.bantam.ch\/de\/#website"},"primaryImageOfPage":{"@id":"https:\/\/shop.bantam.ch\/de\/produkt\/solarregler-mpp-lrm-1218\/#primaryimage"},"image":{"@id":"https:\/\/shop.bantam.ch\/de\/produkt\/solarregler-mpp-lrm-1218\/#primaryimage"},"thumbnailUrl":"https:\/\/shop.bantam.ch\/wp-content\/uploads\/2023\/02\/992039911O90A0fXc7DX0c-3-scaled-scaled.jpg","datePublished":"2023-02-22T16:44:58+00:00","dateModified":"2026-04-17T18:32:49+00:00","breadcrumb":{"@id":"https:\/\/shop.bantam.ch\/de\/produkt\/solarregler-mpp-lrm-1218\/#breadcrumb"},"inLanguage":"de","potentialAction":[{"@type":"ReadAction","target":["https:\/\/shop.bantam.ch\/de\/produkt\/solarregler-mpp-lrm-1218\/"]}]},{"@type":"ImageObject","inLanguage":"de","@id":"https:\/\/shop.bantam.ch\/de\/produkt\/solarregler-mpp-lrm-1218\/#primaryimage","url":"https:\/\/shop.bantam.ch\/wp-content\/uploads\/2023\/02\/992039911O90A0fXc7DX0c-3-scaled-scaled.jpg","contentUrl":"https:\/\/shop.bantam.ch\/wp-content\/uploads\/2023\/02\/992039911O90A0fXc7DX0c-3-scaled-scaled.jpg","width":2048,"height":1594},{"@type":"BreadcrumbList","@id":"https:\/\/shop.bantam.ch\/de\/produkt\/solarregler-mpp-lrm-1218\/#breadcrumb","itemListElement":[{"@type":"ListItem","position":1,"name":"Accueil","item":"https:\/\/shop.bantam.ch\/de\/"},{"@type":"ListItem","position":2,"name":"Shop","item":"https:\/\/shop.bantam.ch\/de\/shop\/"},{"@type":"ListItem","position":3,"name":"Solarregler Set LRM 1218 mit Temperaturf\u00fchler"}]},{"@type":"WebSite","@id":"https:\/\/shop.bantam.ch\/de\/#website","url":"https:\/\/shop.bantam.ch\/de\/","name":"Bantam Camping AG","description":"","publisher":{"@id":"https:\/\/shop.bantam.ch\/de\/#organization"},"inLanguage":"de"},{"@type":"Organization","@id":"https:\/\/shop.bantam.ch\/de\/#organization","name":"Bantam Camping AG","url":"https:\/\/shop.bantam.ch\/de\/","logo":{"@type":"ImageObject","inLanguage":"de","@id":"https:\/\/shop.bantam.ch\/de\/#\/schema\/logo\/image\/","url":"https:\/\/shop.bantam.ch\/wp-content\/uploads\/2022\/12\/bantam-logo.png","contentUrl":"https:\/\/shop.bantam.ch\/wp-content\/uploads\/2022\/12\/bantam-logo.png","width":320,"height":71,"caption":"Bantam Camping AG"},"image":{"@id":"https:\/\/shop.bantam.ch\/de\/#\/schema\/logo\/image\/"}}]}},"_links":{"self":[{"href":"https:\/\/shop.bantam.ch\/de\/wp-json\/wp\/v2\/product\/30834","targetHints":{"allow":["GET"]}}],"collection":[{"href":"https:\/\/shop.bantam.ch\/de\/wp-json\/wp\/v2\/product"}],"about":[{"href":"https:\/\/shop.bantam.ch\/de\/wp-json\/wp\/v2\/types\/product"}],"wp:featuredmedia":[{"embeddable":true,"href":"https:\/\/shop.bantam.ch\/de\/wp-json\/wp\/v2\/media\/30832"}],"wp:attachment":[{"href":"https:\/\/shop.bantam.ch\/de\/wp-json\/wp\/v2\/media?parent=30834"}],"wp:term":[{"taxonomy":"product_featured_cat","embeddable":true,"href":"https:\/\/shop.bantam.ch\/de\/wp-json\/wp\/v2\/product_featured_cat?post=30834"},{"taxonomy":"product_brand","embeddable":true,"href":"https:\/\/shop.bantam.ch\/de\/wp-json\/wp\/v2\/product_brand?post=30834"},{"taxonomy":"product_cat","embeddable":true,"href":"https:\/\/shop.bantam.ch\/de\/wp-json\/wp\/v2\/product_cat?post=30834"},{"taxonomy":"product_tag","embeddable":true,"href":"https:\/\/shop.bantam.ch\/de\/wp-json\/wp\/v2\/product_tag?post=30834"}],"curies":[{"name":"wp","href":"https:\/\/api.w.org\/{rel}","templated":true}]}}