{"id":30778,"date":"2023-02-22T17:44:02","date_gmt":"2023-02-22T16:44:02","guid":{"rendered":"http:\/\/preprod-dev.sh1.hidora.com\/webshop\/produit\/haken-powerhook\/"},"modified":"2026-05-10T20:32:36","modified_gmt":"2026-05-10T18:32:36","slug":"haken-powerhook","status":"publish","type":"product","link":"https:\/\/shop.bantam.ch\/de\/produkt\/haken-powerhook\/","title":{"rendered":"Haken Amazonas Powerhook"},"content":{"rendered":"<p>Ein H\u00e4ngesessel muss drehbar aufgeh\u00e4ngt werden, damit sich die Aufh\u00e4ngeschn\u00fcre nicht abscheuern k\u00f6nnen und man in die Wunschrichtung baumeln kann! Deshalb haben wir einen kugelgelagerten Deckenhaken mit h\u00f6henverstellbarer Verl\u00e4ngerungskette kreeirt.<\/p>\n<p>Lieferumfang:<br \/>Inklusive Schrauben und Spezialbeton-D\u00fcbel<\/p>\n","protected":false},"excerpt":{"rendered":"<p>Ein H\u00e4ngesessel muss drehbar aufgeh\u00e4ngt werden, damit sich die Aufh\u00e4ngeschn\u00fcre nicht abscheuern k\u00f6nnen und man in die Wunschrichtung baumeln kann! Deshalb haben wir einen kugelgelagerten Deckenhaken mit h\u00f6henverstellbarer Verl\u00e4ngerungskette kreeirt. Lieferumfang:Inklusive Schrauben und Spezialbeton-D\u00fcbel<\/p>\n","protected":false},"featured_media":30774,"template":"","meta":{"_acf_changed":false},"product_featured_cat":[],"product_brand":[3097],"product_cat":[4392],"product_tag":[],"class_list":{"0":"post-30778","1":"product","2":"type-product","3":"status-publish","4":"has-post-thumbnail","6":"product_brand-amazonas-de","7":"product_cat-haengematten-befestigung","9":"first","10":"instock","11":"taxable","12":"shipping-taxable","13":"purchasable","14":"product-type-simple"},"acf":[],"yoast_head":"<!-- This site is optimized with the Yoast SEO plugin v27.5 - https:\/\/yoast.com\/product\/yoast-seo-wordpress\/ -->\n<title>Haken Amazonas Powerhook - Bantam<\/title>\n<meta name=\"robots\" content=\"index, follow, max-snippet:-1, max-image-preview:large, max-video-preview:-1\" \/>\n<link rel=\"canonical\" href=\"https:\/\/shop.bantam.ch\/de\/produkt\/haken-powerhook\/\" \/>\n<meta property=\"og:locale\" content=\"de_DE\" \/>\n<meta property=\"og:type\" content=\"article\" \/>\n<meta property=\"og:title\" content=\"Haken Amazonas Powerhook - Bantam\" \/>\n<meta property=\"og:description\" content=\"Ein H\u00e4ngesessel muss drehbar aufgeh\u00e4ngt werden, damit sich die Aufh\u00e4ngeschn\u00fcre nicht abscheuern k\u00f6nnen und man in die Wunschrichtung baumeln kann! Deshalb haben wir einen kugelgelagerten Deckenhaken mit h\u00f6henverstellbarer Verl\u00e4ngerungskette kreeirt. Lieferumfang:Inklusive Schrauben und Spezialbeton-D\u00fcbel\" \/>\n<meta property=\"og:url\" content=\"https:\/\/shop.bantam.ch\/de\/produkt\/haken-powerhook\/\" \/>\n<meta property=\"og:site_name\" content=\"Bantam\" \/>\n<meta property=\"article:modified_time\" content=\"2026-05-10T18:32:36+00:00\" \/>\n<meta property=\"og:image\" content=\"https:\/\/shop.bantam.ch\/wp-content\/uploads\/2023\/02\/9921793-Powerhook-Standard-02-3.jpg\" \/>\n\t<meta property=\"og:image:width\" content=\"502\" \/>\n\t<meta property=\"og:image:height\" content=\"1000\" \/>\n\t<meta property=\"og:image:type\" content=\"image\/jpeg\" \/>\n<meta name=\"twitter:card\" content=\"summary_large_image\" \/>\n<script type=\"application\/ld+json\" class=\"yoast-schema-graph\">{\"@context\":\"https:\\\/\\\/schema.org\",\"@graph\":[{\"@type\":\"WebPage\",\"@id\":\"https:\\\/\\\/shop.bantam.ch\\\/de\\\/produkt\\\/haken-powerhook\\\/\",\"url\":\"https:\\\/\\\/shop.bantam.ch\\\/de\\\/produkt\\\/haken-powerhook\\\/\",\"name\":\"Haken Amazonas Powerhook - Bantam\",\"isPartOf\":{\"@id\":\"https:\\\/\\\/shop.bantam.ch\\\/de\\\/#website\"},\"primaryImageOfPage\":{\"@id\":\"https:\\\/\\\/shop.bantam.ch\\\/de\\\/produkt\\\/haken-powerhook\\\/#primaryimage\"},\"image\":{\"@id\":\"https:\\\/\\\/shop.bantam.ch\\\/de\\\/produkt\\\/haken-powerhook\\\/#primaryimage\"},\"thumbnailUrl\":\"https:\\\/\\\/shop.bantam.ch\\\/wp-content\\\/uploads\\\/2023\\\/02\\\/9921793-Powerhook-Standard-02-3.jpg\",\"datePublished\":\"2023-02-22T16:44:02+00:00\",\"dateModified\":\"2026-05-10T18:32:36+00:00\",\"breadcrumb\":{\"@id\":\"https:\\\/\\\/shop.bantam.ch\\\/de\\\/produkt\\\/haken-powerhook\\\/#breadcrumb\"},\"inLanguage\":\"de\",\"potentialAction\":[{\"@type\":\"ReadAction\",\"target\":[\"https:\\\/\\\/shop.bantam.ch\\\/de\\\/produkt\\\/haken-powerhook\\\/\"]}]},{\"@type\":\"ImageObject\",\"inLanguage\":\"de\",\"@id\":\"https:\\\/\\\/shop.bantam.ch\\\/de\\\/produkt\\\/haken-powerhook\\\/#primaryimage\",\"url\":\"https:\\\/\\\/shop.bantam.ch\\\/wp-content\\\/uploads\\\/2023\\\/02\\\/9921793-Powerhook-Standard-02-3.jpg\",\"contentUrl\":\"https:\\\/\\\/shop.bantam.ch\\\/wp-content\\\/uploads\\\/2023\\\/02\\\/9921793-Powerhook-Standard-02-3.jpg\",\"width\":502,\"height\":1000},{\"@type\":\"BreadcrumbList\",\"@id\":\"https:\\\/\\\/shop.bantam.ch\\\/de\\\/produkt\\\/haken-powerhook\\\/#breadcrumb\",\"itemListElement\":[{\"@type\":\"ListItem\",\"position\":1,\"name\":\"Accueil\",\"item\":\"https:\\\/\\\/shop.bantam.ch\\\/de\\\/\"},{\"@type\":\"ListItem\",\"position\":2,\"name\":\"Shop\",\"item\":\"https:\\\/\\\/shop.bantam.ch\\\/de\\\/shop\\\/\"},{\"@type\":\"ListItem\",\"position\":3,\"name\":\"Haken Amazonas Powerhook\"}]},{\"@type\":\"WebSite\",\"@id\":\"https:\\\/\\\/shop.bantam.ch\\\/de\\\/#website\",\"url\":\"https:\\\/\\\/shop.bantam.ch\\\/de\\\/\",\"name\":\"Bantam\",\"description\":\"\",\"publisher\":{\"@id\":\"https:\\\/\\\/shop.bantam.ch\\\/de\\\/#organization\"},\"inLanguage\":\"de\"},{\"@type\":\"Organization\",\"@id\":\"https:\\\/\\\/shop.bantam.ch\\\/de\\\/#organization\",\"name\":\"Bantam\",\"url\":\"https:\\\/\\\/shop.bantam.ch\\\/de\\\/\",\"logo\":{\"@type\":\"ImageObject\",\"inLanguage\":\"de\",\"@id\":\"https:\\\/\\\/shop.bantam.ch\\\/de\\\/#\\\/schema\\\/logo\\\/image\\\/\",\"url\":\"https:\\\/\\\/shop.bantam.ch\\\/wp-content\\\/uploads\\\/2022\\\/12\\\/bantam-logo.png\",\"contentUrl\":\"https:\\\/\\\/shop.bantam.ch\\\/wp-content\\\/uploads\\\/2022\\\/12\\\/bantam-logo.png\",\"width\":320,\"height\":71,\"caption\":\"Bantam\"},\"image\":{\"@id\":\"https:\\\/\\\/shop.bantam.ch\\\/de\\\/#\\\/schema\\\/logo\\\/image\\\/\"}}]}<\/script>\n<!-- \/ Yoast SEO plugin. -->","yoast_head_json":{"title":"Haken Amazonas Powerhook - Bantam","robots":{"index":"index","follow":"follow","max-snippet":"max-snippet:-1","max-image-preview":"max-image-preview:large","max-video-preview":"max-video-preview:-1"},"canonical":"https:\/\/shop.bantam.ch\/de\/produkt\/haken-powerhook\/","og_locale":"de_DE","og_type":"article","og_title":"Haken Amazonas Powerhook - Bantam","og_description":"Ein H\u00e4ngesessel muss drehbar aufgeh\u00e4ngt werden, damit sich die Aufh\u00e4ngeschn\u00fcre nicht abscheuern k\u00f6nnen und man in die Wunschrichtung baumeln kann! Deshalb haben wir einen kugelgelagerten Deckenhaken mit h\u00f6henverstellbarer Verl\u00e4ngerungskette kreeirt. Lieferumfang:Inklusive Schrauben und Spezialbeton-D\u00fcbel","og_url":"https:\/\/shop.bantam.ch\/de\/produkt\/haken-powerhook\/","og_site_name":"Bantam","article_modified_time":"2026-05-10T18:32:36+00:00","og_image":[{"width":502,"height":1000,"url":"https:\/\/shop.bantam.ch\/wp-content\/uploads\/2023\/02\/9921793-Powerhook-Standard-02-3.jpg","type":"image\/jpeg"}],"twitter_card":"summary_large_image","schema":{"@context":"https:\/\/schema.org","@graph":[{"@type":"WebPage","@id":"https:\/\/shop.bantam.ch\/de\/produkt\/haken-powerhook\/","url":"https:\/\/shop.bantam.ch\/de\/produkt\/haken-powerhook\/","name":"Haken Amazonas Powerhook - Bantam","isPartOf":{"@id":"https:\/\/shop.bantam.ch\/de\/#website"},"primaryImageOfPage":{"@id":"https:\/\/shop.bantam.ch\/de\/produkt\/haken-powerhook\/#primaryimage"},"image":{"@id":"https:\/\/shop.bantam.ch\/de\/produkt\/haken-powerhook\/#primaryimage"},"thumbnailUrl":"https:\/\/shop.bantam.ch\/wp-content\/uploads\/2023\/02\/9921793-Powerhook-Standard-02-3.jpg","datePublished":"2023-02-22T16:44:02+00:00","dateModified":"2026-05-10T18:32:36+00:00","breadcrumb":{"@id":"https:\/\/shop.bantam.ch\/de\/produkt\/haken-powerhook\/#breadcrumb"},"inLanguage":"de","potentialAction":[{"@type":"ReadAction","target":["https:\/\/shop.bantam.ch\/de\/produkt\/haken-powerhook\/"]}]},{"@type":"ImageObject","inLanguage":"de","@id":"https:\/\/shop.bantam.ch\/de\/produkt\/haken-powerhook\/#primaryimage","url":"https:\/\/shop.bantam.ch\/wp-content\/uploads\/2023\/02\/9921793-Powerhook-Standard-02-3.jpg","contentUrl":"https:\/\/shop.bantam.ch\/wp-content\/uploads\/2023\/02\/9921793-Powerhook-Standard-02-3.jpg","width":502,"height":1000},{"@type":"BreadcrumbList","@id":"https:\/\/shop.bantam.ch\/de\/produkt\/haken-powerhook\/#breadcrumb","itemListElement":[{"@type":"ListItem","position":1,"name":"Accueil","item":"https:\/\/shop.bantam.ch\/de\/"},{"@type":"ListItem","position":2,"name":"Shop","item":"https:\/\/shop.bantam.ch\/de\/shop\/"},{"@type":"ListItem","position":3,"name":"Haken Amazonas Powerhook"}]},{"@type":"WebSite","@id":"https:\/\/shop.bantam.ch\/de\/#website","url":"https:\/\/shop.bantam.ch\/de\/","name":"Bantam","description":"","publisher":{"@id":"https:\/\/shop.bantam.ch\/de\/#organization"},"inLanguage":"de"},{"@type":"Organization","@id":"https:\/\/shop.bantam.ch\/de\/#organization","name":"Bantam","url":"https:\/\/shop.bantam.ch\/de\/","logo":{"@type":"ImageObject","inLanguage":"de","@id":"https:\/\/shop.bantam.ch\/de\/#\/schema\/logo\/image\/","url":"https:\/\/shop.bantam.ch\/wp-content\/uploads\/2022\/12\/bantam-logo.png","contentUrl":"https:\/\/shop.bantam.ch\/wp-content\/uploads\/2022\/12\/bantam-logo.png","width":320,"height":71,"caption":"Bantam"},"image":{"@id":"https:\/\/shop.bantam.ch\/de\/#\/schema\/logo\/image\/"}}]}},"_links":{"self":[{"href":"https:\/\/shop.bantam.ch\/de\/wp-json\/wp\/v2\/product\/30778","targetHints":{"allow":["GET"]}}],"collection":[{"href":"https:\/\/shop.bantam.ch\/de\/wp-json\/wp\/v2\/product"}],"about":[{"href":"https:\/\/shop.bantam.ch\/de\/wp-json\/wp\/v2\/types\/product"}],"wp:featuredmedia":[{"embeddable":true,"href":"https:\/\/shop.bantam.ch\/de\/wp-json\/wp\/v2\/media\/30774"}],"wp:attachment":[{"href":"https:\/\/shop.bantam.ch\/de\/wp-json\/wp\/v2\/media?parent=30778"}],"wp:term":[{"taxonomy":"product_featured_cat","embeddable":true,"href":"https:\/\/shop.bantam.ch\/de\/wp-json\/wp\/v2\/product_featured_cat?post=30778"},{"taxonomy":"product_brand","embeddable":true,"href":"https:\/\/shop.bantam.ch\/de\/wp-json\/wp\/v2\/product_brand?post=30778"},{"taxonomy":"product_cat","embeddable":true,"href":"https:\/\/shop.bantam.ch\/de\/wp-json\/wp\/v2\/product_cat?post=30778"},{"taxonomy":"product_tag","embeddable":true,"href":"https:\/\/shop.bantam.ch\/de\/wp-json\/wp\/v2\/product_tag?post=30778"}],"curies":[{"name":"wp","href":"https:\/\/api.w.org\/{rel}","templated":true}]}}