{"id":30388,"date":"2023-02-22T17:35:48","date_gmt":"2023-02-22T16:35:48","guid":{"rendered":"http:\/\/preprod-dev.sh1.hidora.com\/webshop\/produit\/tyvek-dachschutzplane-kastenwagen-ducato-hd-2-599-cm\/"},"modified":"2026-04-17T20:31:58","modified_gmt":"2026-04-17T18:31:58","slug":"tyvek-dachschutzplane-kastenwagen-ducato-hd-2-599-cm","status":"publish","type":"product","link":"https:\/\/shop.bantam.ch\/de\/produkt\/tyvek-dachschutzplane-kastenwagen-ducato-hd-2-599-cm\/","title":{"rendered":"TYVEK Dachschutzplane HINDERMANN Kastenwagen Ducato HD-2, 599 cm, 5,1 x 3 m L x B"},"content":{"rendered":"<p><span>Diese atmungsaktive Dachschutzplane ist f\u00fcr die Verwendung von Kastenwagen konzipiert. Sie verf\u00fcgt ringsum \u00fcber eine \u00d6senleiste, um die Schutzplane genau nach Ihren Bed\u00fcrfnissen mittels des serienm\u00e4\u00dfigen Gurtsystems abspannen zu k\u00f6nnen.Die eingesetzten \u00d6sen verf\u00fcgen \u00fcber eine integrierte Verst\u00e4rkung sowie einen untergelegten Schutzstreifen damit die \u00d6sen nicht mit dem Fahrzeug in Ber\u00fchrung kommen. (Sicherheitshinweis: konzipiert f\u00fcr abgestellte Fahrzeuge, daher nicht f\u00fcr den Fahr- oder Wohnbetrieb geeignet.)<\/span><\/p>\n<ul>\n<li>\u00a0Quergurte f\u00fcr einen straffen Halt<\/li>\n<li>f\u00fcr Kastenwagen Ducato HD2, L\u00e4nge 599 cm<\/li>\n<\/ul>\n<p>Lieferumfang:<br \/>4 + 2 Gurtsysteme<\/p>\n<p>Material:<\/p>\n<p>100 % Polyethylen<\/p>\n","protected":false},"excerpt":{"rendered":"<p>Diese atmungsaktive Dachschutzplane ist f\u00fcr die Verwendung von Kastenwagen konzipiert. Sie verf\u00fcgt ringsum \u00fcber eine \u00d6senleiste, um die Schutzplane genau nach Ihren Bed\u00fcrfnissen mittels des serienm\u00e4\u00dfigen Gurtsystems abspannen zu k\u00f6nnen.Die eingesetzten \u00d6sen verf\u00fcgen \u00fcber eine integrierte Verst\u00e4rkung sowie einen untergelegten Schutzstreifen damit die \u00d6sen nicht mit dem Fahrzeug in Ber\u00fchrung kommen. (Sicherheitshinweis: konzipiert f\u00fcr abgestellte [&hellip;]<\/p>\n","protected":false},"featured_media":30384,"template":"","meta":{"_acf_changed":false},"product_featured_cat":[],"product_brand":[3041],"product_cat":[4644],"product_tag":[],"class_list":{"0":"post-30388","1":"product","2":"type-product","3":"status-publish","4":"has-post-thumbnail","6":"product_brand-hindermann-de","7":"product_cat-schutzhuellen","9":"first","10":"instock","11":"taxable","12":"shipping-taxable","13":"purchasable","14":"product-type-simple"},"acf":[],"yoast_head":"<!-- This site is optimized with the Yoast SEO plugin v27.4 - https:\/\/yoast.com\/product\/yoast-seo-wordpress\/ -->\n<title>TYVEK Dachschutzplane HINDERMANN Kastenwagen Ducato HD-2, 599 cm, 5,1 x 3 m L x B - Bantam Camping AG<\/title>\n<meta name=\"robots\" content=\"index, follow, max-snippet:-1, max-image-preview:large, max-video-preview:-1\" \/>\n<link rel=\"canonical\" href=\"https:\/\/shop.bantam.ch\/de\/produkt\/tyvek-dachschutzplane-kastenwagen-ducato-hd-2-599-cm\/\" \/>\n<meta property=\"og:locale\" content=\"de_DE\" \/>\n<meta property=\"og:type\" content=\"article\" \/>\n<meta property=\"og:title\" content=\"TYVEK Dachschutzplane HINDERMANN Kastenwagen Ducato HD-2, 599 cm, 5,1 x 3 m L x B - Bantam Camping AG\" \/>\n<meta property=\"og:description\" content=\"Diese atmungsaktive Dachschutzplane ist f\u00fcr die Verwendung von Kastenwagen konzipiert. Sie verf\u00fcgt ringsum \u00fcber eine \u00d6senleiste, um die Schutzplane genau nach Ihren Bed\u00fcrfnissen mittels des serienm\u00e4\u00dfigen Gurtsystems abspannen zu k\u00f6nnen.Die eingesetzten \u00d6sen verf\u00fcgen \u00fcber eine integrierte Verst\u00e4rkung sowie einen untergelegten Schutzstreifen damit die \u00d6sen nicht mit dem Fahrzeug in Ber\u00fchrung kommen. (Sicherheitshinweis: konzipiert f\u00fcr abgestellte [&hellip;]\" \/>\n<meta property=\"og:url\" content=\"https:\/\/shop.bantam.ch\/de\/produkt\/tyvek-dachschutzplane-kastenwagen-ducato-hd-2-599-cm\/\" \/>\n<meta property=\"og:site_name\" content=\"Bantam Camping AG\" \/>\n<meta property=\"article:modified_time\" content=\"2026-04-17T18:31:58+00:00\" \/>\n<meta property=\"og:image\" content=\"https:\/\/shop.bantam.ch\/wp-content\/uploads\/2023\/02\/992043412-tif-3.jpg\" \/>\n\t<meta property=\"og:image:width\" content=\"1000\" \/>\n\t<meta property=\"og:image:height\" content=\"667\" \/>\n\t<meta property=\"og:image:type\" content=\"image\/jpeg\" \/>\n<meta name=\"twitter:card\" content=\"summary_large_image\" \/>\n<script type=\"application\/ld+json\" class=\"yoast-schema-graph\">{\"@context\":\"https:\\\/\\\/schema.org\",\"@graph\":[{\"@type\":\"WebPage\",\"@id\":\"https:\\\/\\\/shop.bantam.ch\\\/de\\\/produkt\\\/tyvek-dachschutzplane-kastenwagen-ducato-hd-2-599-cm\\\/\",\"url\":\"https:\\\/\\\/shop.bantam.ch\\\/de\\\/produkt\\\/tyvek-dachschutzplane-kastenwagen-ducato-hd-2-599-cm\\\/\",\"name\":\"TYVEK Dachschutzplane HINDERMANN Kastenwagen Ducato HD-2, 599 cm, 5,1 x 3 m L x B - Bantam Camping AG\",\"isPartOf\":{\"@id\":\"https:\\\/\\\/shop.bantam.ch\\\/de\\\/#website\"},\"primaryImageOfPage\":{\"@id\":\"https:\\\/\\\/shop.bantam.ch\\\/de\\\/produkt\\\/tyvek-dachschutzplane-kastenwagen-ducato-hd-2-599-cm\\\/#primaryimage\"},\"image\":{\"@id\":\"https:\\\/\\\/shop.bantam.ch\\\/de\\\/produkt\\\/tyvek-dachschutzplane-kastenwagen-ducato-hd-2-599-cm\\\/#primaryimage\"},\"thumbnailUrl\":\"https:\\\/\\\/shop.bantam.ch\\\/wp-content\\\/uploads\\\/2023\\\/02\\\/992043412-tif-3.jpg\",\"datePublished\":\"2023-02-22T16:35:48+00:00\",\"dateModified\":\"2026-04-17T18:31:58+00:00\",\"breadcrumb\":{\"@id\":\"https:\\\/\\\/shop.bantam.ch\\\/de\\\/produkt\\\/tyvek-dachschutzplane-kastenwagen-ducato-hd-2-599-cm\\\/#breadcrumb\"},\"inLanguage\":\"de\",\"potentialAction\":[{\"@type\":\"ReadAction\",\"target\":[\"https:\\\/\\\/shop.bantam.ch\\\/de\\\/produkt\\\/tyvek-dachschutzplane-kastenwagen-ducato-hd-2-599-cm\\\/\"]}]},{\"@type\":\"ImageObject\",\"inLanguage\":\"de\",\"@id\":\"https:\\\/\\\/shop.bantam.ch\\\/de\\\/produkt\\\/tyvek-dachschutzplane-kastenwagen-ducato-hd-2-599-cm\\\/#primaryimage\",\"url\":\"https:\\\/\\\/shop.bantam.ch\\\/wp-content\\\/uploads\\\/2023\\\/02\\\/992043412-tif-3.jpg\",\"contentUrl\":\"https:\\\/\\\/shop.bantam.ch\\\/wp-content\\\/uploads\\\/2023\\\/02\\\/992043412-tif-3.jpg\",\"width\":1000,\"height\":667},{\"@type\":\"BreadcrumbList\",\"@id\":\"https:\\\/\\\/shop.bantam.ch\\\/de\\\/produkt\\\/tyvek-dachschutzplane-kastenwagen-ducato-hd-2-599-cm\\\/#breadcrumb\",\"itemListElement\":[{\"@type\":\"ListItem\",\"position\":1,\"name\":\"Accueil\",\"item\":\"https:\\\/\\\/shop.bantam.ch\\\/de\\\/\"},{\"@type\":\"ListItem\",\"position\":2,\"name\":\"Shop\",\"item\":\"https:\\\/\\\/shop.bantam.ch\\\/de\\\/shop\\\/\"},{\"@type\":\"ListItem\",\"position\":3,\"name\":\"TYVEK Dachschutzplane HINDERMANN Kastenwagen Ducato HD-2, 599 cm, 5,1 x 3 m L x B\"}]},{\"@type\":\"WebSite\",\"@id\":\"https:\\\/\\\/shop.bantam.ch\\\/de\\\/#website\",\"url\":\"https:\\\/\\\/shop.bantam.ch\\\/de\\\/\",\"name\":\"Bantam Camping AG\",\"description\":\"\",\"publisher\":{\"@id\":\"https:\\\/\\\/shop.bantam.ch\\\/de\\\/#organization\"},\"inLanguage\":\"de\"},{\"@type\":\"Organization\",\"@id\":\"https:\\\/\\\/shop.bantam.ch\\\/de\\\/#organization\",\"name\":\"Bantam Camping AG\",\"url\":\"https:\\\/\\\/shop.bantam.ch\\\/de\\\/\",\"logo\":{\"@type\":\"ImageObject\",\"inLanguage\":\"de\",\"@id\":\"https:\\\/\\\/shop.bantam.ch\\\/de\\\/#\\\/schema\\\/logo\\\/image\\\/\",\"url\":\"https:\\\/\\\/shop.bantam.ch\\\/wp-content\\\/uploads\\\/2022\\\/12\\\/bantam-logo.png\",\"contentUrl\":\"https:\\\/\\\/shop.bantam.ch\\\/wp-content\\\/uploads\\\/2022\\\/12\\\/bantam-logo.png\",\"width\":320,\"height\":71,\"caption\":\"Bantam Camping AG\"},\"image\":{\"@id\":\"https:\\\/\\\/shop.bantam.ch\\\/de\\\/#\\\/schema\\\/logo\\\/image\\\/\"}}]}<\/script>\n<!-- \/ Yoast SEO plugin. -->","yoast_head_json":{"title":"TYVEK Dachschutzplane HINDERMANN Kastenwagen Ducato HD-2, 599 cm, 5,1 x 3 m L x B - Bantam Camping AG","robots":{"index":"index","follow":"follow","max-snippet":"max-snippet:-1","max-image-preview":"max-image-preview:large","max-video-preview":"max-video-preview:-1"},"canonical":"https:\/\/shop.bantam.ch\/de\/produkt\/tyvek-dachschutzplane-kastenwagen-ducato-hd-2-599-cm\/","og_locale":"de_DE","og_type":"article","og_title":"TYVEK Dachschutzplane HINDERMANN Kastenwagen Ducato HD-2, 599 cm, 5,1 x 3 m L x B - Bantam Camping AG","og_description":"Diese atmungsaktive Dachschutzplane ist f\u00fcr die Verwendung von Kastenwagen konzipiert. Sie verf\u00fcgt ringsum \u00fcber eine \u00d6senleiste, um die Schutzplane genau nach Ihren Bed\u00fcrfnissen mittels des serienm\u00e4\u00dfigen Gurtsystems abspannen zu k\u00f6nnen.Die eingesetzten \u00d6sen verf\u00fcgen \u00fcber eine integrierte Verst\u00e4rkung sowie einen untergelegten Schutzstreifen damit die \u00d6sen nicht mit dem Fahrzeug in Ber\u00fchrung kommen. (Sicherheitshinweis: konzipiert f\u00fcr abgestellte [&hellip;]","og_url":"https:\/\/shop.bantam.ch\/de\/produkt\/tyvek-dachschutzplane-kastenwagen-ducato-hd-2-599-cm\/","og_site_name":"Bantam Camping AG","article_modified_time":"2026-04-17T18:31:58+00:00","og_image":[{"width":1000,"height":667,"url":"https:\/\/shop.bantam.ch\/wp-content\/uploads\/2023\/02\/992043412-tif-3.jpg","type":"image\/jpeg"}],"twitter_card":"summary_large_image","schema":{"@context":"https:\/\/schema.org","@graph":[{"@type":"WebPage","@id":"https:\/\/shop.bantam.ch\/de\/produkt\/tyvek-dachschutzplane-kastenwagen-ducato-hd-2-599-cm\/","url":"https:\/\/shop.bantam.ch\/de\/produkt\/tyvek-dachschutzplane-kastenwagen-ducato-hd-2-599-cm\/","name":"TYVEK Dachschutzplane HINDERMANN Kastenwagen Ducato HD-2, 599 cm, 5,1 x 3 m L x B - Bantam Camping AG","isPartOf":{"@id":"https:\/\/shop.bantam.ch\/de\/#website"},"primaryImageOfPage":{"@id":"https:\/\/shop.bantam.ch\/de\/produkt\/tyvek-dachschutzplane-kastenwagen-ducato-hd-2-599-cm\/#primaryimage"},"image":{"@id":"https:\/\/shop.bantam.ch\/de\/produkt\/tyvek-dachschutzplane-kastenwagen-ducato-hd-2-599-cm\/#primaryimage"},"thumbnailUrl":"https:\/\/shop.bantam.ch\/wp-content\/uploads\/2023\/02\/992043412-tif-3.jpg","datePublished":"2023-02-22T16:35:48+00:00","dateModified":"2026-04-17T18:31:58+00:00","breadcrumb":{"@id":"https:\/\/shop.bantam.ch\/de\/produkt\/tyvek-dachschutzplane-kastenwagen-ducato-hd-2-599-cm\/#breadcrumb"},"inLanguage":"de","potentialAction":[{"@type":"ReadAction","target":["https:\/\/shop.bantam.ch\/de\/produkt\/tyvek-dachschutzplane-kastenwagen-ducato-hd-2-599-cm\/"]}]},{"@type":"ImageObject","inLanguage":"de","@id":"https:\/\/shop.bantam.ch\/de\/produkt\/tyvek-dachschutzplane-kastenwagen-ducato-hd-2-599-cm\/#primaryimage","url":"https:\/\/shop.bantam.ch\/wp-content\/uploads\/2023\/02\/992043412-tif-3.jpg","contentUrl":"https:\/\/shop.bantam.ch\/wp-content\/uploads\/2023\/02\/992043412-tif-3.jpg","width":1000,"height":667},{"@type":"BreadcrumbList","@id":"https:\/\/shop.bantam.ch\/de\/produkt\/tyvek-dachschutzplane-kastenwagen-ducato-hd-2-599-cm\/#breadcrumb","itemListElement":[{"@type":"ListItem","position":1,"name":"Accueil","item":"https:\/\/shop.bantam.ch\/de\/"},{"@type":"ListItem","position":2,"name":"Shop","item":"https:\/\/shop.bantam.ch\/de\/shop\/"},{"@type":"ListItem","position":3,"name":"TYVEK Dachschutzplane HINDERMANN Kastenwagen Ducato HD-2, 599 cm, 5,1 x 3 m L x B"}]},{"@type":"WebSite","@id":"https:\/\/shop.bantam.ch\/de\/#website","url":"https:\/\/shop.bantam.ch\/de\/","name":"Bantam Camping AG","description":"","publisher":{"@id":"https:\/\/shop.bantam.ch\/de\/#organization"},"inLanguage":"de"},{"@type":"Organization","@id":"https:\/\/shop.bantam.ch\/de\/#organization","name":"Bantam Camping AG","url":"https:\/\/shop.bantam.ch\/de\/","logo":{"@type":"ImageObject","inLanguage":"de","@id":"https:\/\/shop.bantam.ch\/de\/#\/schema\/logo\/image\/","url":"https:\/\/shop.bantam.ch\/wp-content\/uploads\/2022\/12\/bantam-logo.png","contentUrl":"https:\/\/shop.bantam.ch\/wp-content\/uploads\/2022\/12\/bantam-logo.png","width":320,"height":71,"caption":"Bantam Camping AG"},"image":{"@id":"https:\/\/shop.bantam.ch\/de\/#\/schema\/logo\/image\/"}}]}},"_links":{"self":[{"href":"https:\/\/shop.bantam.ch\/de\/wp-json\/wp\/v2\/product\/30388","targetHints":{"allow":["GET"]}}],"collection":[{"href":"https:\/\/shop.bantam.ch\/de\/wp-json\/wp\/v2\/product"}],"about":[{"href":"https:\/\/shop.bantam.ch\/de\/wp-json\/wp\/v2\/types\/product"}],"wp:featuredmedia":[{"embeddable":true,"href":"https:\/\/shop.bantam.ch\/de\/wp-json\/wp\/v2\/media\/30384"}],"wp:attachment":[{"href":"https:\/\/shop.bantam.ch\/de\/wp-json\/wp\/v2\/media?parent=30388"}],"wp:term":[{"taxonomy":"product_featured_cat","embeddable":true,"href":"https:\/\/shop.bantam.ch\/de\/wp-json\/wp\/v2\/product_featured_cat?post=30388"},{"taxonomy":"product_brand","embeddable":true,"href":"https:\/\/shop.bantam.ch\/de\/wp-json\/wp\/v2\/product_brand?post=30388"},{"taxonomy":"product_cat","embeddable":true,"href":"https:\/\/shop.bantam.ch\/de\/wp-json\/wp\/v2\/product_cat?post=30388"},{"taxonomy":"product_tag","embeddable":true,"href":"https:\/\/shop.bantam.ch\/de\/wp-json\/wp\/v2\/product_tag?post=30388"}],"curies":[{"name":"wp","href":"https:\/\/api.w.org\/{rel}","templated":true}]}}