{"id":30080,"date":"2023-02-22T17:23:25","date_gmt":"2023-02-22T16:23:25","guid":{"rendered":"http:\/\/preprod-dev.sh1.hidora.com\/webshop\/produit\/dachfenster-seitz-heki-2-mit-zwangsbelueftung\/"},"modified":"2026-04-17T20:31:03","modified_gmt":"2026-04-17T18:31:03","slug":"dachfenster-seitz-heki-2-mit-zwangsbelueftung","status":"publish","type":"product","link":"https:\/\/shop.bantam.ch\/de\/produkt\/dachfenster-seitz-heki-2-mit-zwangsbelueftung\/","title":{"rendered":"Dachhaube Dometic Seitz Heki 2 B\u00fcgel Ausschnittma\u00df 96,0 x 65,5 cm mit Zwangsbe- l\u00fcftung"},"content":{"rendered":"<p>Zur Optimierung aller Freizeitfahrzeuge. Mehr Licht, bessere L\u00fcftung und ein tolles Raumgef\u00fchl durch den Einbau eines Hebe-Kippdaches. Der nachtr\u00e4gliche Einbau sollte durch eine Fachwerkstatt erfolgen.<\/p>\n<ul>\n<li>F\u00fcr Wohnwagen<\/li>\n<li>Bedienung: B\u00fcgel<\/li>\n<li>Raststellungen: 3<\/li>\n<li>Max. \u00d6ffnungswinkel: 55\u00b0<\/li>\n<li>Doppelte Verglasung<\/li>\n<li>Verdunklung: Rollosystem<\/li>\n<li>Insektenschutz: Rollosystem<\/li>\n<li>Rahmenmaterial: ASA<\/li>\n<li>Standard-Dachst\u00e4rke: 2,5- 3,2 cm<\/li>\n<li>M\u00f6gliche Dachst\u00e4rke: 2,5 &#8211; 6 cm<\/li>\n<\/ul>\n","protected":false},"excerpt":{"rendered":"<p>Zur Optimierung aller Freizeitfahrzeuge. Mehr Licht, bessere L\u00fcftung und ein tolles Raumgef\u00fchl durch den Einbau eines Hebe-Kippdaches. Der nachtr\u00e4gliche Einbau sollte durch eine Fachwerkstatt erfolgen. F\u00fcr Wohnwagen Bedienung: B\u00fcgel Raststellungen: 3 Max. \u00d6ffnungswinkel: 55\u00b0 Doppelte Verglasung Verdunklung: Rollosystem Insektenschutz: Rollosystem Rahmenmaterial: ASA Standard-Dachst\u00e4rke: 2,5- 3,2 cm M\u00f6gliche Dachst\u00e4rke: 2,5 &#8211; 6 cm<\/p>\n","protected":false},"featured_media":30078,"template":"","meta":{"_acf_changed":false},"product_featured_cat":[],"product_brand":[3029],"product_cat":[4648],"product_tag":[],"class_list":{"0":"post-30080","1":"product","2":"type-product","3":"status-publish","4":"has-post-thumbnail","6":"product_brand-dometic-de","7":"product_cat-dachfenster","9":"first","10":"instock","11":"taxable","12":"shipping-taxable","13":"purchasable","14":"product-type-simple"},"acf":[],"yoast_head":"<!-- This site is optimized with the Yoast SEO plugin v27.4 - https:\/\/yoast.com\/product\/yoast-seo-wordpress\/ -->\n<title>Dachhaube Dometic Seitz Heki 2 B\u00fcgel Ausschnittma\u00df 96,0 x 65,5 cm mit Zwangsbe- l\u00fcftung - Bantam Camping AG<\/title>\n<meta name=\"robots\" content=\"index, follow, max-snippet:-1, max-image-preview:large, max-video-preview:-1\" \/>\n<link rel=\"canonical\" href=\"https:\/\/shop.bantam.ch\/de\/produkt\/dachfenster-seitz-heki-2-mit-zwangsbelueftung\/\" \/>\n<meta property=\"og:locale\" content=\"de_DE\" \/>\n<meta property=\"og:type\" content=\"article\" \/>\n<meta property=\"og:title\" content=\"Dachhaube Dometic Seitz Heki 2 B\u00fcgel Ausschnittma\u00df 96,0 x 65,5 cm mit Zwangsbe- l\u00fcftung - Bantam Camping AG\" \/>\n<meta property=\"og:description\" content=\"Zur Optimierung aller Freizeitfahrzeuge. Mehr Licht, bessere L\u00fcftung und ein tolles Raumgef\u00fchl durch den Einbau eines Hebe-Kippdaches. Der nachtr\u00e4gliche Einbau sollte durch eine Fachwerkstatt erfolgen. F\u00fcr Wohnwagen Bedienung: B\u00fcgel Raststellungen: 3 Max. \u00d6ffnungswinkel: 55\u00b0 Doppelte Verglasung Verdunklung: Rollosystem Insektenschutz: Rollosystem Rahmenmaterial: ASA Standard-Dachst\u00e4rke: 2,5- 3,2 cm M\u00f6gliche Dachst\u00e4rke: 2,5 &#8211; 6 cm\" \/>\n<meta property=\"og:url\" content=\"https:\/\/shop.bantam.ch\/de\/produkt\/dachfenster-seitz-heki-2-mit-zwangsbelueftung\/\" \/>\n<meta property=\"og:site_name\" content=\"Bantam Camping AG\" \/>\n<meta property=\"article:modified_time\" content=\"2026-04-17T18:31:03+00:00\" \/>\n<meta property=\"og:image\" content=\"https:\/\/shop.bantam.ch\/wp-content\/uploads\/2023\/02\/9963671-Hebe-Kippdach_HEKI_2-Standard-01-3.jpg\" \/>\n\t<meta property=\"og:image:width\" content=\"1000\" \/>\n\t<meta property=\"og:image:height\" content=\"633\" \/>\n\t<meta property=\"og:image:type\" content=\"image\/jpeg\" \/>\n<meta name=\"twitter:card\" content=\"summary_large_image\" \/>\n<script type=\"application\/ld+json\" class=\"yoast-schema-graph\">{\"@context\":\"https:\\\/\\\/schema.org\",\"@graph\":[{\"@type\":\"WebPage\",\"@id\":\"https:\\\/\\\/shop.bantam.ch\\\/de\\\/produkt\\\/dachfenster-seitz-heki-2-mit-zwangsbelueftung\\\/\",\"url\":\"https:\\\/\\\/shop.bantam.ch\\\/de\\\/produkt\\\/dachfenster-seitz-heki-2-mit-zwangsbelueftung\\\/\",\"name\":\"Dachhaube Dometic Seitz Heki 2 B\u00fcgel Ausschnittma\u00df 96,0 x 65,5 cm mit Zwangsbe- l\u00fcftung - Bantam Camping AG\",\"isPartOf\":{\"@id\":\"https:\\\/\\\/shop.bantam.ch\\\/de\\\/#website\"},\"primaryImageOfPage\":{\"@id\":\"https:\\\/\\\/shop.bantam.ch\\\/de\\\/produkt\\\/dachfenster-seitz-heki-2-mit-zwangsbelueftung\\\/#primaryimage\"},\"image\":{\"@id\":\"https:\\\/\\\/shop.bantam.ch\\\/de\\\/produkt\\\/dachfenster-seitz-heki-2-mit-zwangsbelueftung\\\/#primaryimage\"},\"thumbnailUrl\":\"https:\\\/\\\/shop.bantam.ch\\\/wp-content\\\/uploads\\\/2023\\\/02\\\/9963671-Hebe-Kippdach_HEKI_2-Standard-01-3.jpg\",\"datePublished\":\"2023-02-22T16:23:25+00:00\",\"dateModified\":\"2026-04-17T18:31:03+00:00\",\"breadcrumb\":{\"@id\":\"https:\\\/\\\/shop.bantam.ch\\\/de\\\/produkt\\\/dachfenster-seitz-heki-2-mit-zwangsbelueftung\\\/#breadcrumb\"},\"inLanguage\":\"de\",\"potentialAction\":[{\"@type\":\"ReadAction\",\"target\":[\"https:\\\/\\\/shop.bantam.ch\\\/de\\\/produkt\\\/dachfenster-seitz-heki-2-mit-zwangsbelueftung\\\/\"]}]},{\"@type\":\"ImageObject\",\"inLanguage\":\"de\",\"@id\":\"https:\\\/\\\/shop.bantam.ch\\\/de\\\/produkt\\\/dachfenster-seitz-heki-2-mit-zwangsbelueftung\\\/#primaryimage\",\"url\":\"https:\\\/\\\/shop.bantam.ch\\\/wp-content\\\/uploads\\\/2023\\\/02\\\/9963671-Hebe-Kippdach_HEKI_2-Standard-01-3.jpg\",\"contentUrl\":\"https:\\\/\\\/shop.bantam.ch\\\/wp-content\\\/uploads\\\/2023\\\/02\\\/9963671-Hebe-Kippdach_HEKI_2-Standard-01-3.jpg\",\"width\":1000,\"height\":633},{\"@type\":\"BreadcrumbList\",\"@id\":\"https:\\\/\\\/shop.bantam.ch\\\/de\\\/produkt\\\/dachfenster-seitz-heki-2-mit-zwangsbelueftung\\\/#breadcrumb\",\"itemListElement\":[{\"@type\":\"ListItem\",\"position\":1,\"name\":\"Accueil\",\"item\":\"https:\\\/\\\/shop.bantam.ch\\\/de\\\/\"},{\"@type\":\"ListItem\",\"position\":2,\"name\":\"Shop\",\"item\":\"https:\\\/\\\/shop.bantam.ch\\\/de\\\/shop\\\/\"},{\"@type\":\"ListItem\",\"position\":3,\"name\":\"Dachhaube Dometic Seitz Heki 2 B\u00fcgel Ausschnittma\u00df 96,0 x 65,5 cm mit Zwangsbe- l\u00fcftung\"}]},{\"@type\":\"WebSite\",\"@id\":\"https:\\\/\\\/shop.bantam.ch\\\/de\\\/#website\",\"url\":\"https:\\\/\\\/shop.bantam.ch\\\/de\\\/\",\"name\":\"Bantam Camping AG\",\"description\":\"\",\"publisher\":{\"@id\":\"https:\\\/\\\/shop.bantam.ch\\\/de\\\/#organization\"},\"inLanguage\":\"de\"},{\"@type\":\"Organization\",\"@id\":\"https:\\\/\\\/shop.bantam.ch\\\/de\\\/#organization\",\"name\":\"Bantam Camping AG\",\"url\":\"https:\\\/\\\/shop.bantam.ch\\\/de\\\/\",\"logo\":{\"@type\":\"ImageObject\",\"inLanguage\":\"de\",\"@id\":\"https:\\\/\\\/shop.bantam.ch\\\/de\\\/#\\\/schema\\\/logo\\\/image\\\/\",\"url\":\"https:\\\/\\\/shop.bantam.ch\\\/wp-content\\\/uploads\\\/2022\\\/12\\\/bantam-logo.png\",\"contentUrl\":\"https:\\\/\\\/shop.bantam.ch\\\/wp-content\\\/uploads\\\/2022\\\/12\\\/bantam-logo.png\",\"width\":320,\"height\":71,\"caption\":\"Bantam Camping AG\"},\"image\":{\"@id\":\"https:\\\/\\\/shop.bantam.ch\\\/de\\\/#\\\/schema\\\/logo\\\/image\\\/\"}}]}<\/script>\n<!-- \/ Yoast SEO plugin. -->","yoast_head_json":{"title":"Dachhaube Dometic Seitz Heki 2 B\u00fcgel Ausschnittma\u00df 96,0 x 65,5 cm mit Zwangsbe- l\u00fcftung - Bantam Camping AG","robots":{"index":"index","follow":"follow","max-snippet":"max-snippet:-1","max-image-preview":"max-image-preview:large","max-video-preview":"max-video-preview:-1"},"canonical":"https:\/\/shop.bantam.ch\/de\/produkt\/dachfenster-seitz-heki-2-mit-zwangsbelueftung\/","og_locale":"de_DE","og_type":"article","og_title":"Dachhaube Dometic Seitz Heki 2 B\u00fcgel Ausschnittma\u00df 96,0 x 65,5 cm mit Zwangsbe- l\u00fcftung - Bantam Camping AG","og_description":"Zur Optimierung aller Freizeitfahrzeuge. Mehr Licht, bessere L\u00fcftung und ein tolles Raumgef\u00fchl durch den Einbau eines Hebe-Kippdaches. Der nachtr\u00e4gliche Einbau sollte durch eine Fachwerkstatt erfolgen. F\u00fcr Wohnwagen Bedienung: B\u00fcgel Raststellungen: 3 Max. \u00d6ffnungswinkel: 55\u00b0 Doppelte Verglasung Verdunklung: Rollosystem Insektenschutz: Rollosystem Rahmenmaterial: ASA Standard-Dachst\u00e4rke: 2,5- 3,2 cm M\u00f6gliche Dachst\u00e4rke: 2,5 &#8211; 6 cm","og_url":"https:\/\/shop.bantam.ch\/de\/produkt\/dachfenster-seitz-heki-2-mit-zwangsbelueftung\/","og_site_name":"Bantam Camping AG","article_modified_time":"2026-04-17T18:31:03+00:00","og_image":[{"width":1000,"height":633,"url":"https:\/\/shop.bantam.ch\/wp-content\/uploads\/2023\/02\/9963671-Hebe-Kippdach_HEKI_2-Standard-01-3.jpg","type":"image\/jpeg"}],"twitter_card":"summary_large_image","schema":{"@context":"https:\/\/schema.org","@graph":[{"@type":"WebPage","@id":"https:\/\/shop.bantam.ch\/de\/produkt\/dachfenster-seitz-heki-2-mit-zwangsbelueftung\/","url":"https:\/\/shop.bantam.ch\/de\/produkt\/dachfenster-seitz-heki-2-mit-zwangsbelueftung\/","name":"Dachhaube Dometic Seitz Heki 2 B\u00fcgel Ausschnittma\u00df 96,0 x 65,5 cm mit Zwangsbe- l\u00fcftung - Bantam Camping AG","isPartOf":{"@id":"https:\/\/shop.bantam.ch\/de\/#website"},"primaryImageOfPage":{"@id":"https:\/\/shop.bantam.ch\/de\/produkt\/dachfenster-seitz-heki-2-mit-zwangsbelueftung\/#primaryimage"},"image":{"@id":"https:\/\/shop.bantam.ch\/de\/produkt\/dachfenster-seitz-heki-2-mit-zwangsbelueftung\/#primaryimage"},"thumbnailUrl":"https:\/\/shop.bantam.ch\/wp-content\/uploads\/2023\/02\/9963671-Hebe-Kippdach_HEKI_2-Standard-01-3.jpg","datePublished":"2023-02-22T16:23:25+00:00","dateModified":"2026-04-17T18:31:03+00:00","breadcrumb":{"@id":"https:\/\/shop.bantam.ch\/de\/produkt\/dachfenster-seitz-heki-2-mit-zwangsbelueftung\/#breadcrumb"},"inLanguage":"de","potentialAction":[{"@type":"ReadAction","target":["https:\/\/shop.bantam.ch\/de\/produkt\/dachfenster-seitz-heki-2-mit-zwangsbelueftung\/"]}]},{"@type":"ImageObject","inLanguage":"de","@id":"https:\/\/shop.bantam.ch\/de\/produkt\/dachfenster-seitz-heki-2-mit-zwangsbelueftung\/#primaryimage","url":"https:\/\/shop.bantam.ch\/wp-content\/uploads\/2023\/02\/9963671-Hebe-Kippdach_HEKI_2-Standard-01-3.jpg","contentUrl":"https:\/\/shop.bantam.ch\/wp-content\/uploads\/2023\/02\/9963671-Hebe-Kippdach_HEKI_2-Standard-01-3.jpg","width":1000,"height":633},{"@type":"BreadcrumbList","@id":"https:\/\/shop.bantam.ch\/de\/produkt\/dachfenster-seitz-heki-2-mit-zwangsbelueftung\/#breadcrumb","itemListElement":[{"@type":"ListItem","position":1,"name":"Accueil","item":"https:\/\/shop.bantam.ch\/de\/"},{"@type":"ListItem","position":2,"name":"Shop","item":"https:\/\/shop.bantam.ch\/de\/shop\/"},{"@type":"ListItem","position":3,"name":"Dachhaube Dometic Seitz Heki 2 B\u00fcgel Ausschnittma\u00df 96,0 x 65,5 cm mit Zwangsbe- l\u00fcftung"}]},{"@type":"WebSite","@id":"https:\/\/shop.bantam.ch\/de\/#website","url":"https:\/\/shop.bantam.ch\/de\/","name":"Bantam Camping AG","description":"","publisher":{"@id":"https:\/\/shop.bantam.ch\/de\/#organization"},"inLanguage":"de"},{"@type":"Organization","@id":"https:\/\/shop.bantam.ch\/de\/#organization","name":"Bantam Camping AG","url":"https:\/\/shop.bantam.ch\/de\/","logo":{"@type":"ImageObject","inLanguage":"de","@id":"https:\/\/shop.bantam.ch\/de\/#\/schema\/logo\/image\/","url":"https:\/\/shop.bantam.ch\/wp-content\/uploads\/2022\/12\/bantam-logo.png","contentUrl":"https:\/\/shop.bantam.ch\/wp-content\/uploads\/2022\/12\/bantam-logo.png","width":320,"height":71,"caption":"Bantam Camping AG"},"image":{"@id":"https:\/\/shop.bantam.ch\/de\/#\/schema\/logo\/image\/"}}]}},"_links":{"self":[{"href":"https:\/\/shop.bantam.ch\/de\/wp-json\/wp\/v2\/product\/30080","targetHints":{"allow":["GET"]}}],"collection":[{"href":"https:\/\/shop.bantam.ch\/de\/wp-json\/wp\/v2\/product"}],"about":[{"href":"https:\/\/shop.bantam.ch\/de\/wp-json\/wp\/v2\/types\/product"}],"wp:featuredmedia":[{"embeddable":true,"href":"https:\/\/shop.bantam.ch\/de\/wp-json\/wp\/v2\/media\/30078"}],"wp:attachment":[{"href":"https:\/\/shop.bantam.ch\/de\/wp-json\/wp\/v2\/media?parent=30080"}],"wp:term":[{"taxonomy":"product_featured_cat","embeddable":true,"href":"https:\/\/shop.bantam.ch\/de\/wp-json\/wp\/v2\/product_featured_cat?post=30080"},{"taxonomy":"product_brand","embeddable":true,"href":"https:\/\/shop.bantam.ch\/de\/wp-json\/wp\/v2\/product_brand?post=30080"},{"taxonomy":"product_cat","embeddable":true,"href":"https:\/\/shop.bantam.ch\/de\/wp-json\/wp\/v2\/product_cat?post=30080"},{"taxonomy":"product_tag","embeddable":true,"href":"https:\/\/shop.bantam.ch\/de\/wp-json\/wp\/v2\/product_tag?post=30080"}],"curies":[{"name":"wp","href":"https:\/\/api.w.org\/{rel}","templated":true}]}}