{"id":30008,"date":"2023-02-22T17:22:01","date_gmt":"2023-02-22T16:22:01","guid":{"rendered":"http:\/\/preprod-dev.sh1.hidora.com\/webshop\/produit\/aufstell-dachhaube-remitop-vario-ii-90-x-60-cm\/"},"modified":"2026-04-17T20:35:43","modified_gmt":"2026-04-17T18:35:43","slug":"aufstell-dachhaube-remitop-vario-ii-90-x-60-cm","status":"publish","type":"product","link":"https:\/\/shop.bantam.ch\/de\/produkt\/aufstell-dachhaube-remitop-vario-ii-90-x-60-cm\/","title":{"rendered":"Aufstell-Dachhaube REMItop Vario II 90 x 60 cm"},"content":{"rendered":"<p>Ein Urlaub mit viel Licht und frischer Luft ist seit jeher das Grundbed\u00fcrfnis jeden Campers. Um Ihren individuellen Anspr\u00fcchen gerecht zu werden, haben wir eine ganze Reihe von Dachhauben entwickelt, die Ihnen die Qual der Wahl l\u00e4sst. Alle Ausf\u00fchrungen haben aber eines gemeinsam:<br \/>Beste Durchsicht bei gleichzeitiger Reduzierung der Sonneneinstrahlung aufgrund speziell get\u00f6nter Dachau\u00dfenfl\u00e4chen. Hinzu kommen die bekannt guten Isoliereigenschaften dank doppelt verklebter PMMA-Scheiben.<br \/>Sicherheit schreibt REMIS gro\u00df: Alle Dachhauben verf\u00fcgen \u00fcber eine integrierte Zwangsentl\u00fcftung.<br \/>Selbstverst\u00e4ndlich verf\u00fcgen unsere Dachhauben alle \u00fcber unser engmaschiges Insektenschutzrollo und das bew\u00e4hrte Verdunkelungsplissee. Perfekter Urlaubskomfort garantiert.<\/p>\n<p>Montage an Fahrzeugen mit Dachst\u00e4rken von 2,4 &#8211; 5,5 cm m\u00f6glich.<\/p>\n<p>Lieferumfang: <br \/>Inklusive Befestigungsklammern f\u00fcr Dachst\u00e4rke 2,4 &#8211; 3,5 cm<\/p>\n","protected":false},"excerpt":{"rendered":"<p>Ein Urlaub mit viel Licht und frischer Luft ist seit jeher das Grundbed\u00fcrfnis jeden Campers. Um Ihren individuellen Anspr\u00fcchen gerecht zu werden, haben wir eine ganze Reihe von Dachhauben entwickelt, die Ihnen die Qual der Wahl l\u00e4sst. Alle Ausf\u00fchrungen haben aber eines gemeinsam:Beste Durchsicht bei gleichzeitiger Reduzierung der Sonneneinstrahlung aufgrund speziell get\u00f6nter Dachau\u00dfenfl\u00e4chen. Hinzu kommen [&hellip;]<\/p>\n","protected":false},"featured_media":29998,"template":"","meta":{"_acf_changed":false},"product_featured_cat":[],"product_brand":[3045],"product_cat":[4648],"product_tag":[],"class_list":{"0":"post-30008","1":"product","2":"type-product","3":"status-publish","4":"has-post-thumbnail","6":"product_brand-remis-de","7":"product_cat-dachfenster","9":"first","10":"instock","11":"taxable","12":"shipping-taxable","13":"purchasable","14":"product-type-variable"},"acf":[],"yoast_head":"<!-- This site is optimized with the Yoast SEO plugin v27.4 - https:\/\/yoast.com\/product\/yoast-seo-wordpress\/ -->\n<title>Aufstell-Dachhaube REMItop Vario II 90 x 60 cm - Bantam Camping AG<\/title>\n<meta name=\"robots\" content=\"index, follow, max-snippet:-1, max-image-preview:large, max-video-preview:-1\" \/>\n<link rel=\"canonical\" href=\"https:\/\/shop.bantam.ch\/de\/produkt\/aufstell-dachhaube-remitop-vario-ii-90-x-60-cm\/\" \/>\n<meta property=\"og:locale\" content=\"de_DE\" \/>\n<meta property=\"og:type\" content=\"article\" \/>\n<meta property=\"og:title\" content=\"Aufstell-Dachhaube REMItop Vario II 90 x 60 cm - Bantam Camping AG\" \/>\n<meta property=\"og:description\" content=\"Ein Urlaub mit viel Licht und frischer Luft ist seit jeher das Grundbed\u00fcrfnis jeden Campers. Um Ihren individuellen Anspr\u00fcchen gerecht zu werden, haben wir eine ganze Reihe von Dachhauben entwickelt, die Ihnen die Qual der Wahl l\u00e4sst. Alle Ausf\u00fchrungen haben aber eines gemeinsam:Beste Durchsicht bei gleichzeitiger Reduzierung der Sonneneinstrahlung aufgrund speziell get\u00f6nter Dachau\u00dfenfl\u00e4chen. Hinzu kommen [&hellip;]\" \/>\n<meta property=\"og:url\" content=\"https:\/\/shop.bantam.ch\/de\/produkt\/aufstell-dachhaube-remitop-vario-ii-90-x-60-cm\/\" \/>\n<meta property=\"og:site_name\" content=\"Bantam Camping AG\" \/>\n<meta property=\"article:modified_time\" content=\"2026-04-17T18:35:43+00:00\" \/>\n<meta property=\"og:image\" content=\"https:\/\/shop.bantam.ch\/wp-content\/uploads\/2023\/02\/9964148-REMItop_Vario_II_m_Kurbel_900_x_600_mm_Standard-Standard-01-12.jpg\" \/>\n\t<meta property=\"og:image:width\" content=\"1000\" \/>\n\t<meta property=\"og:image:height\" content=\"639\" \/>\n\t<meta property=\"og:image:type\" content=\"image\/jpeg\" \/>\n<meta name=\"twitter:card\" content=\"summary_large_image\" \/>\n<meta name=\"twitter:label1\" content=\"Gesch\u00e4tzte Lesezeit\" \/>\n\t<meta name=\"twitter:data1\" content=\"1\u00a0Minute\" \/>\n<script type=\"application\/ld+json\" class=\"yoast-schema-graph\">{\"@context\":\"https:\\\/\\\/schema.org\",\"@graph\":[{\"@type\":\"WebPage\",\"@id\":\"https:\\\/\\\/shop.bantam.ch\\\/de\\\/produkt\\\/aufstell-dachhaube-remitop-vario-ii-90-x-60-cm\\\/\",\"url\":\"https:\\\/\\\/shop.bantam.ch\\\/de\\\/produkt\\\/aufstell-dachhaube-remitop-vario-ii-90-x-60-cm\\\/\",\"name\":\"Aufstell-Dachhaube REMItop Vario II 90 x 60 cm - Bantam Camping AG\",\"isPartOf\":{\"@id\":\"https:\\\/\\\/shop.bantam.ch\\\/de\\\/#website\"},\"primaryImageOfPage\":{\"@id\":\"https:\\\/\\\/shop.bantam.ch\\\/de\\\/produkt\\\/aufstell-dachhaube-remitop-vario-ii-90-x-60-cm\\\/#primaryimage\"},\"image\":{\"@id\":\"https:\\\/\\\/shop.bantam.ch\\\/de\\\/produkt\\\/aufstell-dachhaube-remitop-vario-ii-90-x-60-cm\\\/#primaryimage\"},\"thumbnailUrl\":\"https:\\\/\\\/shop.bantam.ch\\\/wp-content\\\/uploads\\\/2023\\\/02\\\/9964148-REMItop_Vario_II_m_Kurbel_900_x_600_mm_Standard-Standard-01-12.jpg\",\"datePublished\":\"2023-02-22T16:22:01+00:00\",\"dateModified\":\"2026-04-17T18:35:43+00:00\",\"breadcrumb\":{\"@id\":\"https:\\\/\\\/shop.bantam.ch\\\/de\\\/produkt\\\/aufstell-dachhaube-remitop-vario-ii-90-x-60-cm\\\/#breadcrumb\"},\"inLanguage\":\"de\",\"potentialAction\":[{\"@type\":\"ReadAction\",\"target\":[\"https:\\\/\\\/shop.bantam.ch\\\/de\\\/produkt\\\/aufstell-dachhaube-remitop-vario-ii-90-x-60-cm\\\/\"]}]},{\"@type\":\"ImageObject\",\"inLanguage\":\"de\",\"@id\":\"https:\\\/\\\/shop.bantam.ch\\\/de\\\/produkt\\\/aufstell-dachhaube-remitop-vario-ii-90-x-60-cm\\\/#primaryimage\",\"url\":\"https:\\\/\\\/shop.bantam.ch\\\/wp-content\\\/uploads\\\/2023\\\/02\\\/9964148-REMItop_Vario_II_m_Kurbel_900_x_600_mm_Standard-Standard-01-12.jpg\",\"contentUrl\":\"https:\\\/\\\/shop.bantam.ch\\\/wp-content\\\/uploads\\\/2023\\\/02\\\/9964148-REMItop_Vario_II_m_Kurbel_900_x_600_mm_Standard-Standard-01-12.jpg\",\"width\":1000,\"height\":639},{\"@type\":\"BreadcrumbList\",\"@id\":\"https:\\\/\\\/shop.bantam.ch\\\/de\\\/produkt\\\/aufstell-dachhaube-remitop-vario-ii-90-x-60-cm\\\/#breadcrumb\",\"itemListElement\":[{\"@type\":\"ListItem\",\"position\":1,\"name\":\"Accueil\",\"item\":\"https:\\\/\\\/shop.bantam.ch\\\/de\\\/\"},{\"@type\":\"ListItem\",\"position\":2,\"name\":\"Shop\",\"item\":\"https:\\\/\\\/shop.bantam.ch\\\/de\\\/shop\\\/\"},{\"@type\":\"ListItem\",\"position\":3,\"name\":\"Aufstell-Dachhaube REMItop Vario II 90 x 60 cm\"}]},{\"@type\":\"WebSite\",\"@id\":\"https:\\\/\\\/shop.bantam.ch\\\/de\\\/#website\",\"url\":\"https:\\\/\\\/shop.bantam.ch\\\/de\\\/\",\"name\":\"Bantam Camping AG\",\"description\":\"\",\"publisher\":{\"@id\":\"https:\\\/\\\/shop.bantam.ch\\\/de\\\/#organization\"},\"inLanguage\":\"de\"},{\"@type\":\"Organization\",\"@id\":\"https:\\\/\\\/shop.bantam.ch\\\/de\\\/#organization\",\"name\":\"Bantam Camping AG\",\"url\":\"https:\\\/\\\/shop.bantam.ch\\\/de\\\/\",\"logo\":{\"@type\":\"ImageObject\",\"inLanguage\":\"de\",\"@id\":\"https:\\\/\\\/shop.bantam.ch\\\/de\\\/#\\\/schema\\\/logo\\\/image\\\/\",\"url\":\"https:\\\/\\\/shop.bantam.ch\\\/wp-content\\\/uploads\\\/2022\\\/12\\\/bantam-logo.png\",\"contentUrl\":\"https:\\\/\\\/shop.bantam.ch\\\/wp-content\\\/uploads\\\/2022\\\/12\\\/bantam-logo.png\",\"width\":320,\"height\":71,\"caption\":\"Bantam Camping AG\"},\"image\":{\"@id\":\"https:\\\/\\\/shop.bantam.ch\\\/de\\\/#\\\/schema\\\/logo\\\/image\\\/\"}}]}<\/script>\n<!-- \/ Yoast SEO plugin. -->","yoast_head_json":{"title":"Aufstell-Dachhaube REMItop Vario II 90 x 60 cm - Bantam Camping AG","robots":{"index":"index","follow":"follow","max-snippet":"max-snippet:-1","max-image-preview":"max-image-preview:large","max-video-preview":"max-video-preview:-1"},"canonical":"https:\/\/shop.bantam.ch\/de\/produkt\/aufstell-dachhaube-remitop-vario-ii-90-x-60-cm\/","og_locale":"de_DE","og_type":"article","og_title":"Aufstell-Dachhaube REMItop Vario II 90 x 60 cm - Bantam Camping AG","og_description":"Ein Urlaub mit viel Licht und frischer Luft ist seit jeher das Grundbed\u00fcrfnis jeden Campers. Um Ihren individuellen Anspr\u00fcchen gerecht zu werden, haben wir eine ganze Reihe von Dachhauben entwickelt, die Ihnen die Qual der Wahl l\u00e4sst. Alle Ausf\u00fchrungen haben aber eines gemeinsam:Beste Durchsicht bei gleichzeitiger Reduzierung der Sonneneinstrahlung aufgrund speziell get\u00f6nter Dachau\u00dfenfl\u00e4chen. Hinzu kommen [&hellip;]","og_url":"https:\/\/shop.bantam.ch\/de\/produkt\/aufstell-dachhaube-remitop-vario-ii-90-x-60-cm\/","og_site_name":"Bantam Camping AG","article_modified_time":"2026-04-17T18:35:43+00:00","og_image":[{"width":1000,"height":639,"url":"https:\/\/shop.bantam.ch\/wp-content\/uploads\/2023\/02\/9964148-REMItop_Vario_II_m_Kurbel_900_x_600_mm_Standard-Standard-01-12.jpg","type":"image\/jpeg"}],"twitter_card":"summary_large_image","twitter_misc":{"Gesch\u00e4tzte Lesezeit":"1\u00a0Minute"},"schema":{"@context":"https:\/\/schema.org","@graph":[{"@type":"WebPage","@id":"https:\/\/shop.bantam.ch\/de\/produkt\/aufstell-dachhaube-remitop-vario-ii-90-x-60-cm\/","url":"https:\/\/shop.bantam.ch\/de\/produkt\/aufstell-dachhaube-remitop-vario-ii-90-x-60-cm\/","name":"Aufstell-Dachhaube REMItop Vario II 90 x 60 cm - Bantam Camping AG","isPartOf":{"@id":"https:\/\/shop.bantam.ch\/de\/#website"},"primaryImageOfPage":{"@id":"https:\/\/shop.bantam.ch\/de\/produkt\/aufstell-dachhaube-remitop-vario-ii-90-x-60-cm\/#primaryimage"},"image":{"@id":"https:\/\/shop.bantam.ch\/de\/produkt\/aufstell-dachhaube-remitop-vario-ii-90-x-60-cm\/#primaryimage"},"thumbnailUrl":"https:\/\/shop.bantam.ch\/wp-content\/uploads\/2023\/02\/9964148-REMItop_Vario_II_m_Kurbel_900_x_600_mm_Standard-Standard-01-12.jpg","datePublished":"2023-02-22T16:22:01+00:00","dateModified":"2026-04-17T18:35:43+00:00","breadcrumb":{"@id":"https:\/\/shop.bantam.ch\/de\/produkt\/aufstell-dachhaube-remitop-vario-ii-90-x-60-cm\/#breadcrumb"},"inLanguage":"de","potentialAction":[{"@type":"ReadAction","target":["https:\/\/shop.bantam.ch\/de\/produkt\/aufstell-dachhaube-remitop-vario-ii-90-x-60-cm\/"]}]},{"@type":"ImageObject","inLanguage":"de","@id":"https:\/\/shop.bantam.ch\/de\/produkt\/aufstell-dachhaube-remitop-vario-ii-90-x-60-cm\/#primaryimage","url":"https:\/\/shop.bantam.ch\/wp-content\/uploads\/2023\/02\/9964148-REMItop_Vario_II_m_Kurbel_900_x_600_mm_Standard-Standard-01-12.jpg","contentUrl":"https:\/\/shop.bantam.ch\/wp-content\/uploads\/2023\/02\/9964148-REMItop_Vario_II_m_Kurbel_900_x_600_mm_Standard-Standard-01-12.jpg","width":1000,"height":639},{"@type":"BreadcrumbList","@id":"https:\/\/shop.bantam.ch\/de\/produkt\/aufstell-dachhaube-remitop-vario-ii-90-x-60-cm\/#breadcrumb","itemListElement":[{"@type":"ListItem","position":1,"name":"Accueil","item":"https:\/\/shop.bantam.ch\/de\/"},{"@type":"ListItem","position":2,"name":"Shop","item":"https:\/\/shop.bantam.ch\/de\/shop\/"},{"@type":"ListItem","position":3,"name":"Aufstell-Dachhaube REMItop Vario II 90 x 60 cm"}]},{"@type":"WebSite","@id":"https:\/\/shop.bantam.ch\/de\/#website","url":"https:\/\/shop.bantam.ch\/de\/","name":"Bantam Camping AG","description":"","publisher":{"@id":"https:\/\/shop.bantam.ch\/de\/#organization"},"inLanguage":"de"},{"@type":"Organization","@id":"https:\/\/shop.bantam.ch\/de\/#organization","name":"Bantam Camping AG","url":"https:\/\/shop.bantam.ch\/de\/","logo":{"@type":"ImageObject","inLanguage":"de","@id":"https:\/\/shop.bantam.ch\/de\/#\/schema\/logo\/image\/","url":"https:\/\/shop.bantam.ch\/wp-content\/uploads\/2022\/12\/bantam-logo.png","contentUrl":"https:\/\/shop.bantam.ch\/wp-content\/uploads\/2022\/12\/bantam-logo.png","width":320,"height":71,"caption":"Bantam Camping AG"},"image":{"@id":"https:\/\/shop.bantam.ch\/de\/#\/schema\/logo\/image\/"}}]}},"_links":{"self":[{"href":"https:\/\/shop.bantam.ch\/de\/wp-json\/wp\/v2\/product\/30008","targetHints":{"allow":["GET"]}}],"collection":[{"href":"https:\/\/shop.bantam.ch\/de\/wp-json\/wp\/v2\/product"}],"about":[{"href":"https:\/\/shop.bantam.ch\/de\/wp-json\/wp\/v2\/types\/product"}],"wp:featuredmedia":[{"embeddable":true,"href":"https:\/\/shop.bantam.ch\/de\/wp-json\/wp\/v2\/media\/29998"}],"wp:attachment":[{"href":"https:\/\/shop.bantam.ch\/de\/wp-json\/wp\/v2\/media?parent=30008"}],"wp:term":[{"taxonomy":"product_featured_cat","embeddable":true,"href":"https:\/\/shop.bantam.ch\/de\/wp-json\/wp\/v2\/product_featured_cat?post=30008"},{"taxonomy":"product_brand","embeddable":true,"href":"https:\/\/shop.bantam.ch\/de\/wp-json\/wp\/v2\/product_brand?post=30008"},{"taxonomy":"product_cat","embeddable":true,"href":"https:\/\/shop.bantam.ch\/de\/wp-json\/wp\/v2\/product_cat?post=30008"},{"taxonomy":"product_tag","embeddable":true,"href":"https:\/\/shop.bantam.ch\/de\/wp-json\/wp\/v2\/product_tag?post=30008"}],"curies":[{"name":"wp","href":"https:\/\/api.w.org\/{rel}","templated":true}]}}