{"id":29742,"date":"2023-02-22T17:16:37","date_gmt":"2023-02-22T16:16:37","guid":{"rendered":"http:\/\/preprod-dev.sh1.hidora.com\/webshop\/produit\/multifunktions-universaltasche\/"},"modified":"2026-04-18T20:30:28","modified_gmt":"2026-04-18T18:30:28","slug":"multifunktions-universaltasche","status":"publish","type":"product","link":"https:\/\/shop.bantam.ch\/de\/produkt\/multifunktions-universaltasche\/","title":{"rendered":"Multifunktions-Tasche TECON COVERCRAFT Farbe schwarz"},"content":{"rendered":"<p>Die Allzwecktasche f\u00fcr jeden Anspruch, egal ob zum Einkaufen, als W\u00e4schebeutel oder als dezenter, neutraler M\u00fcllbeutel, alles ist mit dieser Tasche m\u00f6glich. 2 Stabgriffe bieten einen guten Tragekomfort, dank der 2 Magnetverschl\u00fcsse ist die Tasche selbstschlie\u00dfend und kann mittels Anschraubdruckkn\u00f6pfen sogar an Schr\u00e4nken befestigt werden. Die innenliegende Klemmleiste kann f\u00fcr diverse Einlegebeutel, z.B. M\u00fcllbeutel verwendet werden. Das verwendete Material ist selbstverst\u00e4ndlich abwaschbar und leicht zu reinigen.<\/p>\n<p>Material:<br \/>100\u00a0% Polyester<\/p>\n","protected":false},"excerpt":{"rendered":"<p>Die Allzwecktasche f\u00fcr jeden Anspruch, egal ob zum Einkaufen, als W\u00e4schebeutel oder als dezenter, neutraler M\u00fcllbeutel, alles ist mit dieser Tasche m\u00f6glich. 2 Stabgriffe bieten einen guten Tragekomfort, dank der 2 Magnetverschl\u00fcsse ist die Tasche selbstschlie\u00dfend und kann mittels Anschraubdruckkn\u00f6pfen sogar an Schr\u00e4nken befestigt werden. Die innenliegende Klemmleiste kann f\u00fcr diverse Einlegebeutel, z.B. M\u00fcllbeutel verwendet [&hellip;]<\/p>\n","protected":false},"featured_media":29738,"template":"","meta":{"_acf_changed":false},"product_featured_cat":[],"product_brand":[3031],"product_cat":[4324],"product_tag":[],"class_list":{"0":"post-29742","1":"product","2":"type-product","3":"status-publish","4":"has-post-thumbnail","6":"product_brand-tecon-covercraft-de","7":"product_cat-utensilientaschen","9":"first","10":"instock","11":"taxable","12":"shipping-taxable","13":"purchasable","14":"product-type-simple"},"acf":[],"yoast_head":"<!-- This site is optimized with the Yoast SEO plugin v27.4 - https:\/\/yoast.com\/product\/yoast-seo-wordpress\/ -->\n<title>Multifunktions-Tasche TECON COVERCRAFT Farbe schwarz - Bantam Camping AG<\/title>\n<meta name=\"robots\" content=\"index, follow, max-snippet:-1, max-image-preview:large, max-video-preview:-1\" \/>\n<link rel=\"canonical\" href=\"https:\/\/shop.bantam.ch\/de\/produkt\/multifunktions-universaltasche\/\" \/>\n<meta property=\"og:locale\" content=\"de_DE\" \/>\n<meta property=\"og:type\" content=\"article\" \/>\n<meta property=\"og:title\" content=\"Multifunktions-Tasche TECON COVERCRAFT Farbe schwarz - Bantam Camping AG\" \/>\n<meta property=\"og:description\" content=\"Die Allzwecktasche f\u00fcr jeden Anspruch, egal ob zum Einkaufen, als W\u00e4schebeutel oder als dezenter, neutraler M\u00fcllbeutel, alles ist mit dieser Tasche m\u00f6glich. 2 Stabgriffe bieten einen guten Tragekomfort, dank der 2 Magnetverschl\u00fcsse ist die Tasche selbstschlie\u00dfend und kann mittels Anschraubdruckkn\u00f6pfen sogar an Schr\u00e4nken befestigt werden. Die innenliegende Klemmleiste kann f\u00fcr diverse Einlegebeutel, z.B. M\u00fcllbeutel verwendet [&hellip;]\" \/>\n<meta property=\"og:url\" content=\"https:\/\/shop.bantam.ch\/de\/produkt\/multifunktions-universaltasche\/\" \/>\n<meta property=\"og:site_name\" content=\"Bantam Camping AG\" \/>\n<meta property=\"article:modified_time\" content=\"2026-04-18T18:30:28+00:00\" \/>\n<meta property=\"og:image\" content=\"https:\/\/shop.bantam.ch\/wp-content\/uploads\/2023\/02\/9960002-Universaltasche_L_410_B_310_cm-Standard-01-4.jpg\" \/>\n\t<meta property=\"og:image:width\" content=\"754\" \/>\n\t<meta property=\"og:image:height\" content=\"1000\" \/>\n\t<meta property=\"og:image:type\" content=\"image\/jpeg\" \/>\n<meta name=\"twitter:card\" content=\"summary_large_image\" \/>\n<script type=\"application\/ld+json\" class=\"yoast-schema-graph\">{\"@context\":\"https:\\\/\\\/schema.org\",\"@graph\":[{\"@type\":\"WebPage\",\"@id\":\"https:\\\/\\\/shop.bantam.ch\\\/de\\\/produkt\\\/multifunktions-universaltasche\\\/\",\"url\":\"https:\\\/\\\/shop.bantam.ch\\\/de\\\/produkt\\\/multifunktions-universaltasche\\\/\",\"name\":\"Multifunktions-Tasche TECON COVERCRAFT Farbe schwarz - Bantam Camping AG\",\"isPartOf\":{\"@id\":\"https:\\\/\\\/shop.bantam.ch\\\/de\\\/#website\"},\"primaryImageOfPage\":{\"@id\":\"https:\\\/\\\/shop.bantam.ch\\\/de\\\/produkt\\\/multifunktions-universaltasche\\\/#primaryimage\"},\"image\":{\"@id\":\"https:\\\/\\\/shop.bantam.ch\\\/de\\\/produkt\\\/multifunktions-universaltasche\\\/#primaryimage\"},\"thumbnailUrl\":\"https:\\\/\\\/shop.bantam.ch\\\/wp-content\\\/uploads\\\/2023\\\/02\\\/9960002-Universaltasche_L_410_B_310_cm-Standard-01-4.jpg\",\"datePublished\":\"2023-02-22T16:16:37+00:00\",\"dateModified\":\"2026-04-18T18:30:28+00:00\",\"breadcrumb\":{\"@id\":\"https:\\\/\\\/shop.bantam.ch\\\/de\\\/produkt\\\/multifunktions-universaltasche\\\/#breadcrumb\"},\"inLanguage\":\"de\",\"potentialAction\":[{\"@type\":\"ReadAction\",\"target\":[\"https:\\\/\\\/shop.bantam.ch\\\/de\\\/produkt\\\/multifunktions-universaltasche\\\/\"]}]},{\"@type\":\"ImageObject\",\"inLanguage\":\"de\",\"@id\":\"https:\\\/\\\/shop.bantam.ch\\\/de\\\/produkt\\\/multifunktions-universaltasche\\\/#primaryimage\",\"url\":\"https:\\\/\\\/shop.bantam.ch\\\/wp-content\\\/uploads\\\/2023\\\/02\\\/9960002-Universaltasche_L_410_B_310_cm-Standard-01-4.jpg\",\"contentUrl\":\"https:\\\/\\\/shop.bantam.ch\\\/wp-content\\\/uploads\\\/2023\\\/02\\\/9960002-Universaltasche_L_410_B_310_cm-Standard-01-4.jpg\",\"width\":754,\"height\":1000},{\"@type\":\"BreadcrumbList\",\"@id\":\"https:\\\/\\\/shop.bantam.ch\\\/de\\\/produkt\\\/multifunktions-universaltasche\\\/#breadcrumb\",\"itemListElement\":[{\"@type\":\"ListItem\",\"position\":1,\"name\":\"Accueil\",\"item\":\"https:\\\/\\\/shop.bantam.ch\\\/de\\\/\"},{\"@type\":\"ListItem\",\"position\":2,\"name\":\"Shop\",\"item\":\"https:\\\/\\\/shop.bantam.ch\\\/de\\\/shop\\\/\"},{\"@type\":\"ListItem\",\"position\":3,\"name\":\"Multifunktions-Tasche TECON COVERCRAFT Farbe schwarz\"}]},{\"@type\":\"WebSite\",\"@id\":\"https:\\\/\\\/shop.bantam.ch\\\/de\\\/#website\",\"url\":\"https:\\\/\\\/shop.bantam.ch\\\/de\\\/\",\"name\":\"Bantam Camping AG\",\"description\":\"\",\"publisher\":{\"@id\":\"https:\\\/\\\/shop.bantam.ch\\\/de\\\/#organization\"},\"inLanguage\":\"de\"},{\"@type\":\"Organization\",\"@id\":\"https:\\\/\\\/shop.bantam.ch\\\/de\\\/#organization\",\"name\":\"Bantam Camping AG\",\"url\":\"https:\\\/\\\/shop.bantam.ch\\\/de\\\/\",\"logo\":{\"@type\":\"ImageObject\",\"inLanguage\":\"de\",\"@id\":\"https:\\\/\\\/shop.bantam.ch\\\/de\\\/#\\\/schema\\\/logo\\\/image\\\/\",\"url\":\"https:\\\/\\\/shop.bantam.ch\\\/wp-content\\\/uploads\\\/2022\\\/12\\\/bantam-logo.png\",\"contentUrl\":\"https:\\\/\\\/shop.bantam.ch\\\/wp-content\\\/uploads\\\/2022\\\/12\\\/bantam-logo.png\",\"width\":320,\"height\":71,\"caption\":\"Bantam Camping AG\"},\"image\":{\"@id\":\"https:\\\/\\\/shop.bantam.ch\\\/de\\\/#\\\/schema\\\/logo\\\/image\\\/\"}}]}<\/script>\n<!-- \/ Yoast SEO plugin. -->","yoast_head_json":{"title":"Multifunktions-Tasche TECON COVERCRAFT Farbe schwarz - Bantam Camping AG","robots":{"index":"index","follow":"follow","max-snippet":"max-snippet:-1","max-image-preview":"max-image-preview:large","max-video-preview":"max-video-preview:-1"},"canonical":"https:\/\/shop.bantam.ch\/de\/produkt\/multifunktions-universaltasche\/","og_locale":"de_DE","og_type":"article","og_title":"Multifunktions-Tasche TECON COVERCRAFT Farbe schwarz - Bantam Camping AG","og_description":"Die Allzwecktasche f\u00fcr jeden Anspruch, egal ob zum Einkaufen, als W\u00e4schebeutel oder als dezenter, neutraler M\u00fcllbeutel, alles ist mit dieser Tasche m\u00f6glich. 2 Stabgriffe bieten einen guten Tragekomfort, dank der 2 Magnetverschl\u00fcsse ist die Tasche selbstschlie\u00dfend und kann mittels Anschraubdruckkn\u00f6pfen sogar an Schr\u00e4nken befestigt werden. Die innenliegende Klemmleiste kann f\u00fcr diverse Einlegebeutel, z.B. M\u00fcllbeutel verwendet [&hellip;]","og_url":"https:\/\/shop.bantam.ch\/de\/produkt\/multifunktions-universaltasche\/","og_site_name":"Bantam Camping AG","article_modified_time":"2026-04-18T18:30:28+00:00","og_image":[{"width":754,"height":1000,"url":"https:\/\/shop.bantam.ch\/wp-content\/uploads\/2023\/02\/9960002-Universaltasche_L_410_B_310_cm-Standard-01-4.jpg","type":"image\/jpeg"}],"twitter_card":"summary_large_image","schema":{"@context":"https:\/\/schema.org","@graph":[{"@type":"WebPage","@id":"https:\/\/shop.bantam.ch\/de\/produkt\/multifunktions-universaltasche\/","url":"https:\/\/shop.bantam.ch\/de\/produkt\/multifunktions-universaltasche\/","name":"Multifunktions-Tasche TECON COVERCRAFT Farbe schwarz - Bantam Camping AG","isPartOf":{"@id":"https:\/\/shop.bantam.ch\/de\/#website"},"primaryImageOfPage":{"@id":"https:\/\/shop.bantam.ch\/de\/produkt\/multifunktions-universaltasche\/#primaryimage"},"image":{"@id":"https:\/\/shop.bantam.ch\/de\/produkt\/multifunktions-universaltasche\/#primaryimage"},"thumbnailUrl":"https:\/\/shop.bantam.ch\/wp-content\/uploads\/2023\/02\/9960002-Universaltasche_L_410_B_310_cm-Standard-01-4.jpg","datePublished":"2023-02-22T16:16:37+00:00","dateModified":"2026-04-18T18:30:28+00:00","breadcrumb":{"@id":"https:\/\/shop.bantam.ch\/de\/produkt\/multifunktions-universaltasche\/#breadcrumb"},"inLanguage":"de","potentialAction":[{"@type":"ReadAction","target":["https:\/\/shop.bantam.ch\/de\/produkt\/multifunktions-universaltasche\/"]}]},{"@type":"ImageObject","inLanguage":"de","@id":"https:\/\/shop.bantam.ch\/de\/produkt\/multifunktions-universaltasche\/#primaryimage","url":"https:\/\/shop.bantam.ch\/wp-content\/uploads\/2023\/02\/9960002-Universaltasche_L_410_B_310_cm-Standard-01-4.jpg","contentUrl":"https:\/\/shop.bantam.ch\/wp-content\/uploads\/2023\/02\/9960002-Universaltasche_L_410_B_310_cm-Standard-01-4.jpg","width":754,"height":1000},{"@type":"BreadcrumbList","@id":"https:\/\/shop.bantam.ch\/de\/produkt\/multifunktions-universaltasche\/#breadcrumb","itemListElement":[{"@type":"ListItem","position":1,"name":"Accueil","item":"https:\/\/shop.bantam.ch\/de\/"},{"@type":"ListItem","position":2,"name":"Shop","item":"https:\/\/shop.bantam.ch\/de\/shop\/"},{"@type":"ListItem","position":3,"name":"Multifunktions-Tasche TECON COVERCRAFT Farbe schwarz"}]},{"@type":"WebSite","@id":"https:\/\/shop.bantam.ch\/de\/#website","url":"https:\/\/shop.bantam.ch\/de\/","name":"Bantam Camping AG","description":"","publisher":{"@id":"https:\/\/shop.bantam.ch\/de\/#organization"},"inLanguage":"de"},{"@type":"Organization","@id":"https:\/\/shop.bantam.ch\/de\/#organization","name":"Bantam Camping AG","url":"https:\/\/shop.bantam.ch\/de\/","logo":{"@type":"ImageObject","inLanguage":"de","@id":"https:\/\/shop.bantam.ch\/de\/#\/schema\/logo\/image\/","url":"https:\/\/shop.bantam.ch\/wp-content\/uploads\/2022\/12\/bantam-logo.png","contentUrl":"https:\/\/shop.bantam.ch\/wp-content\/uploads\/2022\/12\/bantam-logo.png","width":320,"height":71,"caption":"Bantam Camping AG"},"image":{"@id":"https:\/\/shop.bantam.ch\/de\/#\/schema\/logo\/image\/"}}]}},"_links":{"self":[{"href":"https:\/\/shop.bantam.ch\/de\/wp-json\/wp\/v2\/product\/29742","targetHints":{"allow":["GET"]}}],"collection":[{"href":"https:\/\/shop.bantam.ch\/de\/wp-json\/wp\/v2\/product"}],"about":[{"href":"https:\/\/shop.bantam.ch\/de\/wp-json\/wp\/v2\/types\/product"}],"wp:featuredmedia":[{"embeddable":true,"href":"https:\/\/shop.bantam.ch\/de\/wp-json\/wp\/v2\/media\/29738"}],"wp:attachment":[{"href":"https:\/\/shop.bantam.ch\/de\/wp-json\/wp\/v2\/media?parent=29742"}],"wp:term":[{"taxonomy":"product_featured_cat","embeddable":true,"href":"https:\/\/shop.bantam.ch\/de\/wp-json\/wp\/v2\/product_featured_cat?post=29742"},{"taxonomy":"product_brand","embeddable":true,"href":"https:\/\/shop.bantam.ch\/de\/wp-json\/wp\/v2\/product_brand?post=29742"},{"taxonomy":"product_cat","embeddable":true,"href":"https:\/\/shop.bantam.ch\/de\/wp-json\/wp\/v2\/product_cat?post=29742"},{"taxonomy":"product_tag","embeddable":true,"href":"https:\/\/shop.bantam.ch\/de\/wp-json\/wp\/v2\/product_tag?post=29742"}],"curies":[{"name":"wp","href":"https:\/\/api.w.org\/{rel}","templated":true}]}}