{"id":29700,"date":"2023-02-22T17:15:57","date_gmt":"2023-02-22T16:15:57","guid":{"rendered":"http:\/\/preprod-dev.sh1.hidora.com\/webshop\/produit\/klimaanlage-saphir-comfort-rc\/"},"modified":"2026-04-17T20:30:27","modified_gmt":"2026-04-17T18:30:27","slug":"klimaanlage-saphir-comfort-rc","status":"publish","type":"product","link":"https:\/\/shop.bantam.ch\/de\/produkt\/klimaanlage-saphir-comfort-rc\/","title":{"rendered":"Klimaanlage truma Saphir comfort RC 2400 \/ 1700 W"},"content":{"rendered":"<p>Die Saphir Klimasysteme wurden speziell f\u00fcr den Einbau in Staur\u00e4umen entwickelt. Die kompakten, leichten Ger\u00e4te werden im Inneren des Fahrzeugs montiert. Die Einbaulage am Boden sorgt f\u00fcr einen tiefen Schwerpunkt des Fahrzeugs. Durch die individuelle und flexible Luftverteilung haben Sie immer ein prima Klima und genie\u00dfen auch bei gr\u00f6\u00dfter Hitze jeden Urlaubstag entspannt.<\/p>\n<p>Die neue Saphir comfort RC bietet durch ihren reversiblen K\u00e4ltekreis auch eine integrierte W\u00e4rmepumpenfunktion. Somit kann man mit ihr in der \u00dcbergangszeit heizen. Heiz-\/K\u00fchl-Automatik. Die Kleinste ihrer Klasse. Praktische Timer-Funktion. Bedienbar \u00fcber Truma CP plus.<\/p>\n<ul>\n<li>Empfohlene Fahrzeugl\u00e4nge: ca. 6,5 m<\/li>\n<li>Stromaufnahme K\u00fchlbetrieb 230 V: 4,2 A<\/li>\n<li>Betriebsspannung: 50 Hz<\/li>\n<li>Gebl\u00e4sestufen: 3 plus Sleep-Funktion<\/li>\n<li>Luftausl\u00e4sse: 3<\/li>\n<li>Fernbedienung: ja<\/li>\n<\/ul>\n","protected":false},"excerpt":{"rendered":"<p>Die Saphir Klimasysteme wurden speziell f\u00fcr den Einbau in Staur\u00e4umen entwickelt. Die kompakten, leichten Ger\u00e4te werden im Inneren des Fahrzeugs montiert. Die Einbaulage am Boden sorgt f\u00fcr einen tiefen Schwerpunkt des Fahrzeugs. Durch die individuelle und flexible Luftverteilung haben Sie immer ein prima Klima und genie\u00dfen auch bei gr\u00f6\u00dfter Hitze jeden Urlaubstag entspannt. Die neue [&hellip;]<\/p>\n","protected":false},"featured_media":29696,"template":"","meta":{"_acf_changed":false},"product_featured_cat":[],"product_brand":[3027],"product_cat":[4090],"product_tag":[],"class_list":{"0":"post-29700","1":"product","2":"type-product","3":"status-publish","4":"has-post-thumbnail","6":"product_brand-truma-de","7":"product_cat-klimaanlagen","9":"first","10":"instock","11":"featured","12":"taxable","13":"shipping-taxable","14":"purchasable","15":"product-type-simple"},"acf":[],"yoast_head":"<!-- This site is optimized with the Yoast SEO plugin v27.4 - https:\/\/yoast.com\/product\/yoast-seo-wordpress\/ -->\n<title>Klimaanlage truma Saphir comfort RC 2400 \/ 1700 W - Bantam Camping AG<\/title>\n<meta name=\"robots\" content=\"index, follow, max-snippet:-1, max-image-preview:large, max-video-preview:-1\" \/>\n<link rel=\"canonical\" href=\"https:\/\/shop.bantam.ch\/de\/produkt\/klimaanlage-saphir-comfort-rc\/\" \/>\n<meta property=\"og:locale\" content=\"de_DE\" \/>\n<meta property=\"og:type\" content=\"article\" \/>\n<meta property=\"og:title\" content=\"Klimaanlage truma Saphir comfort RC 2400 \/ 1700 W - Bantam Camping AG\" \/>\n<meta property=\"og:description\" content=\"Die Saphir Klimasysteme wurden speziell f\u00fcr den Einbau in Staur\u00e4umen entwickelt. Die kompakten, leichten Ger\u00e4te werden im Inneren des Fahrzeugs montiert. Die Einbaulage am Boden sorgt f\u00fcr einen tiefen Schwerpunkt des Fahrzeugs. Durch die individuelle und flexible Luftverteilung haben Sie immer ein prima Klima und genie\u00dfen auch bei gr\u00f6\u00dfter Hitze jeden Urlaubstag entspannt. Die neue [&hellip;]\" \/>\n<meta property=\"og:url\" content=\"https:\/\/shop.bantam.ch\/de\/produkt\/klimaanlage-saphir-comfort-rc\/\" \/>\n<meta property=\"og:site_name\" content=\"Bantam Camping AG\" \/>\n<meta property=\"article:modified_time\" content=\"2026-04-17T18:30:27+00:00\" \/>\n<meta property=\"og:image\" content=\"https:\/\/shop.bantam.ch\/wp-content\/uploads\/2023\/02\/9964056-Klimaanlage_SAPHIR_ComfortRC-Zusatzinformation-01-4.jpg\" \/>\n\t<meta property=\"og:image:width\" content=\"666\" \/>\n\t<meta property=\"og:image:height\" content=\"1000\" \/>\n\t<meta property=\"og:image:type\" content=\"image\/jpeg\" \/>\n<meta name=\"twitter:card\" content=\"summary_large_image\" \/>\n<meta name=\"twitter:label1\" content=\"Gesch\u00e4tzte Lesezeit\" \/>\n\t<meta name=\"twitter:data1\" content=\"1\u00a0Minute\" \/>\n<script type=\"application\/ld+json\" class=\"yoast-schema-graph\">{\"@context\":\"https:\\\/\\\/schema.org\",\"@graph\":[{\"@type\":\"WebPage\",\"@id\":\"https:\\\/\\\/shop.bantam.ch\\\/de\\\/produkt\\\/klimaanlage-saphir-comfort-rc\\\/\",\"url\":\"https:\\\/\\\/shop.bantam.ch\\\/de\\\/produkt\\\/klimaanlage-saphir-comfort-rc\\\/\",\"name\":\"Klimaanlage truma Saphir comfort RC 2400 \\\/ 1700 W - Bantam Camping AG\",\"isPartOf\":{\"@id\":\"https:\\\/\\\/shop.bantam.ch\\\/de\\\/#website\"},\"primaryImageOfPage\":{\"@id\":\"https:\\\/\\\/shop.bantam.ch\\\/de\\\/produkt\\\/klimaanlage-saphir-comfort-rc\\\/#primaryimage\"},\"image\":{\"@id\":\"https:\\\/\\\/shop.bantam.ch\\\/de\\\/produkt\\\/klimaanlage-saphir-comfort-rc\\\/#primaryimage\"},\"thumbnailUrl\":\"https:\\\/\\\/shop.bantam.ch\\\/wp-content\\\/uploads\\\/2023\\\/02\\\/9964056-Klimaanlage_SAPHIR_ComfortRC-Zusatzinformation-01-4.jpg\",\"datePublished\":\"2023-02-22T16:15:57+00:00\",\"dateModified\":\"2026-04-17T18:30:27+00:00\",\"breadcrumb\":{\"@id\":\"https:\\\/\\\/shop.bantam.ch\\\/de\\\/produkt\\\/klimaanlage-saphir-comfort-rc\\\/#breadcrumb\"},\"inLanguage\":\"de\",\"potentialAction\":[{\"@type\":\"ReadAction\",\"target\":[\"https:\\\/\\\/shop.bantam.ch\\\/de\\\/produkt\\\/klimaanlage-saphir-comfort-rc\\\/\"]}]},{\"@type\":\"ImageObject\",\"inLanguage\":\"de\",\"@id\":\"https:\\\/\\\/shop.bantam.ch\\\/de\\\/produkt\\\/klimaanlage-saphir-comfort-rc\\\/#primaryimage\",\"url\":\"https:\\\/\\\/shop.bantam.ch\\\/wp-content\\\/uploads\\\/2023\\\/02\\\/9964056-Klimaanlage_SAPHIR_ComfortRC-Zusatzinformation-01-4.jpg\",\"contentUrl\":\"https:\\\/\\\/shop.bantam.ch\\\/wp-content\\\/uploads\\\/2023\\\/02\\\/9964056-Klimaanlage_SAPHIR_ComfortRC-Zusatzinformation-01-4.jpg\",\"width\":666,\"height\":1000},{\"@type\":\"BreadcrumbList\",\"@id\":\"https:\\\/\\\/shop.bantam.ch\\\/de\\\/produkt\\\/klimaanlage-saphir-comfort-rc\\\/#breadcrumb\",\"itemListElement\":[{\"@type\":\"ListItem\",\"position\":1,\"name\":\"Accueil\",\"item\":\"https:\\\/\\\/shop.bantam.ch\\\/de\\\/\"},{\"@type\":\"ListItem\",\"position\":2,\"name\":\"Shop\",\"item\":\"https:\\\/\\\/shop.bantam.ch\\\/de\\\/shop\\\/\"},{\"@type\":\"ListItem\",\"position\":3,\"name\":\"Klimaanlage truma Saphir comfort RC 2400 \\\/ 1700 W\"}]},{\"@type\":\"WebSite\",\"@id\":\"https:\\\/\\\/shop.bantam.ch\\\/de\\\/#website\",\"url\":\"https:\\\/\\\/shop.bantam.ch\\\/de\\\/\",\"name\":\"Bantam Camping AG\",\"description\":\"\",\"publisher\":{\"@id\":\"https:\\\/\\\/shop.bantam.ch\\\/de\\\/#organization\"},\"inLanguage\":\"de\"},{\"@type\":\"Organization\",\"@id\":\"https:\\\/\\\/shop.bantam.ch\\\/de\\\/#organization\",\"name\":\"Bantam Camping AG\",\"url\":\"https:\\\/\\\/shop.bantam.ch\\\/de\\\/\",\"logo\":{\"@type\":\"ImageObject\",\"inLanguage\":\"de\",\"@id\":\"https:\\\/\\\/shop.bantam.ch\\\/de\\\/#\\\/schema\\\/logo\\\/image\\\/\",\"url\":\"https:\\\/\\\/shop.bantam.ch\\\/wp-content\\\/uploads\\\/2022\\\/12\\\/bantam-logo.png\",\"contentUrl\":\"https:\\\/\\\/shop.bantam.ch\\\/wp-content\\\/uploads\\\/2022\\\/12\\\/bantam-logo.png\",\"width\":320,\"height\":71,\"caption\":\"Bantam Camping AG\"},\"image\":{\"@id\":\"https:\\\/\\\/shop.bantam.ch\\\/de\\\/#\\\/schema\\\/logo\\\/image\\\/\"}}]}<\/script>\n<!-- \/ Yoast SEO plugin. -->","yoast_head_json":{"title":"Klimaanlage truma Saphir comfort RC 2400 \/ 1700 W - Bantam Camping AG","robots":{"index":"index","follow":"follow","max-snippet":"max-snippet:-1","max-image-preview":"max-image-preview:large","max-video-preview":"max-video-preview:-1"},"canonical":"https:\/\/shop.bantam.ch\/de\/produkt\/klimaanlage-saphir-comfort-rc\/","og_locale":"de_DE","og_type":"article","og_title":"Klimaanlage truma Saphir comfort RC 2400 \/ 1700 W - Bantam Camping AG","og_description":"Die Saphir Klimasysteme wurden speziell f\u00fcr den Einbau in Staur\u00e4umen entwickelt. Die kompakten, leichten Ger\u00e4te werden im Inneren des Fahrzeugs montiert. Die Einbaulage am Boden sorgt f\u00fcr einen tiefen Schwerpunkt des Fahrzeugs. Durch die individuelle und flexible Luftverteilung haben Sie immer ein prima Klima und genie\u00dfen auch bei gr\u00f6\u00dfter Hitze jeden Urlaubstag entspannt. Die neue [&hellip;]","og_url":"https:\/\/shop.bantam.ch\/de\/produkt\/klimaanlage-saphir-comfort-rc\/","og_site_name":"Bantam Camping AG","article_modified_time":"2026-04-17T18:30:27+00:00","og_image":[{"width":666,"height":1000,"url":"https:\/\/shop.bantam.ch\/wp-content\/uploads\/2023\/02\/9964056-Klimaanlage_SAPHIR_ComfortRC-Zusatzinformation-01-4.jpg","type":"image\/jpeg"}],"twitter_card":"summary_large_image","twitter_misc":{"Gesch\u00e4tzte Lesezeit":"1\u00a0Minute"},"schema":{"@context":"https:\/\/schema.org","@graph":[{"@type":"WebPage","@id":"https:\/\/shop.bantam.ch\/de\/produkt\/klimaanlage-saphir-comfort-rc\/","url":"https:\/\/shop.bantam.ch\/de\/produkt\/klimaanlage-saphir-comfort-rc\/","name":"Klimaanlage truma Saphir comfort RC 2400 \/ 1700 W - Bantam Camping AG","isPartOf":{"@id":"https:\/\/shop.bantam.ch\/de\/#website"},"primaryImageOfPage":{"@id":"https:\/\/shop.bantam.ch\/de\/produkt\/klimaanlage-saphir-comfort-rc\/#primaryimage"},"image":{"@id":"https:\/\/shop.bantam.ch\/de\/produkt\/klimaanlage-saphir-comfort-rc\/#primaryimage"},"thumbnailUrl":"https:\/\/shop.bantam.ch\/wp-content\/uploads\/2023\/02\/9964056-Klimaanlage_SAPHIR_ComfortRC-Zusatzinformation-01-4.jpg","datePublished":"2023-02-22T16:15:57+00:00","dateModified":"2026-04-17T18:30:27+00:00","breadcrumb":{"@id":"https:\/\/shop.bantam.ch\/de\/produkt\/klimaanlage-saphir-comfort-rc\/#breadcrumb"},"inLanguage":"de","potentialAction":[{"@type":"ReadAction","target":["https:\/\/shop.bantam.ch\/de\/produkt\/klimaanlage-saphir-comfort-rc\/"]}]},{"@type":"ImageObject","inLanguage":"de","@id":"https:\/\/shop.bantam.ch\/de\/produkt\/klimaanlage-saphir-comfort-rc\/#primaryimage","url":"https:\/\/shop.bantam.ch\/wp-content\/uploads\/2023\/02\/9964056-Klimaanlage_SAPHIR_ComfortRC-Zusatzinformation-01-4.jpg","contentUrl":"https:\/\/shop.bantam.ch\/wp-content\/uploads\/2023\/02\/9964056-Klimaanlage_SAPHIR_ComfortRC-Zusatzinformation-01-4.jpg","width":666,"height":1000},{"@type":"BreadcrumbList","@id":"https:\/\/shop.bantam.ch\/de\/produkt\/klimaanlage-saphir-comfort-rc\/#breadcrumb","itemListElement":[{"@type":"ListItem","position":1,"name":"Accueil","item":"https:\/\/shop.bantam.ch\/de\/"},{"@type":"ListItem","position":2,"name":"Shop","item":"https:\/\/shop.bantam.ch\/de\/shop\/"},{"@type":"ListItem","position":3,"name":"Klimaanlage truma Saphir comfort RC 2400 \/ 1700 W"}]},{"@type":"WebSite","@id":"https:\/\/shop.bantam.ch\/de\/#website","url":"https:\/\/shop.bantam.ch\/de\/","name":"Bantam Camping AG","description":"","publisher":{"@id":"https:\/\/shop.bantam.ch\/de\/#organization"},"inLanguage":"de"},{"@type":"Organization","@id":"https:\/\/shop.bantam.ch\/de\/#organization","name":"Bantam Camping AG","url":"https:\/\/shop.bantam.ch\/de\/","logo":{"@type":"ImageObject","inLanguage":"de","@id":"https:\/\/shop.bantam.ch\/de\/#\/schema\/logo\/image\/","url":"https:\/\/shop.bantam.ch\/wp-content\/uploads\/2022\/12\/bantam-logo.png","contentUrl":"https:\/\/shop.bantam.ch\/wp-content\/uploads\/2022\/12\/bantam-logo.png","width":320,"height":71,"caption":"Bantam Camping AG"},"image":{"@id":"https:\/\/shop.bantam.ch\/de\/#\/schema\/logo\/image\/"}}]}},"_links":{"self":[{"href":"https:\/\/shop.bantam.ch\/de\/wp-json\/wp\/v2\/product\/29700","targetHints":{"allow":["GET"]}}],"collection":[{"href":"https:\/\/shop.bantam.ch\/de\/wp-json\/wp\/v2\/product"}],"about":[{"href":"https:\/\/shop.bantam.ch\/de\/wp-json\/wp\/v2\/types\/product"}],"wp:featuredmedia":[{"embeddable":true,"href":"https:\/\/shop.bantam.ch\/de\/wp-json\/wp\/v2\/media\/29696"}],"wp:attachment":[{"href":"https:\/\/shop.bantam.ch\/de\/wp-json\/wp\/v2\/media?parent=29700"}],"wp:term":[{"taxonomy":"product_featured_cat","embeddable":true,"href":"https:\/\/shop.bantam.ch\/de\/wp-json\/wp\/v2\/product_featured_cat?post=29700"},{"taxonomy":"product_brand","embeddable":true,"href":"https:\/\/shop.bantam.ch\/de\/wp-json\/wp\/v2\/product_brand?post=29700"},{"taxonomy":"product_cat","embeddable":true,"href":"https:\/\/shop.bantam.ch\/de\/wp-json\/wp\/v2\/product_cat?post=29700"},{"taxonomy":"product_tag","embeddable":true,"href":"https:\/\/shop.bantam.ch\/de\/wp-json\/wp\/v2\/product_tag?post=29700"}],"curies":[{"name":"wp","href":"https:\/\/api.w.org\/{rel}","templated":true}]}}