{"id":238227,"date":"2026-05-08T11:51:25","date_gmt":"2026-05-08T09:51:25","guid":{"rendered":"https:\/\/shop.bantam.ch\/produit\/bodenschuerze-aus-planenmaterial-60-cm-laenge-7-m\/"},"modified":"2026-05-10T00:11:18","modified_gmt":"2026-05-09T22:11:18","slug":"bodenschuerze-aus-planenmaterial-60-cm-laenge-7-m","status":"publish","type":"product","link":"https:\/\/shop.bantam.ch\/de\/produkt\/bodenschuerze-aus-planenmaterial-60-cm-laenge-7-m\/","title":{"rendered":"Bodensch\u00fcrze aus Planenmaterial 60 cm L\u00e4nge 7 m"},"content":{"rendered":"<p>Ob mit oder ohne Vorzelt, die HINDERMANN Bodensch\u00fcrze ist ein willkommener Schutz vor Zugluft am Sitzplatz vor dem Wohnwagen und blockiert unangenehmen Wind. Ideal auch f\u00fcr die dauerhafte Montage dank Keder und \u00d6sen zur Bodenbefestigung.<\/p>\n<ul>\n<li>aus winterfestem und gewebeverst\u00e4rktem Planenmaterial mit Textilkeder<\/li>\n<\/ul>\n<p>Der Keder ist schnell eingeschoben und fest mit dem Material verschwei\u00dft. Daher l\u00e4sst sich die Bodensch\u00fcrze auf das passende Ma\u00df k\u00fcrzen, ohne dass sich ein N\u00e4hfaden l\u00f6st.<br \/>\nEine stabile Bodenbefestigung erfolgt mit Erdn\u00e4geln an den verst\u00e4rkten PVC-\u00d6sen. Die hellgraue Bodensch\u00fcrze aus Planenmaterial ist kompatibel mit HINDERMANN Radkastenabdeckungen, Passformabdeckungen, mit dem Caravan-Keller sowie den HINDERMANN Organizersch\u00fcrzen.<\/p>\n","protected":false},"excerpt":{"rendered":"<p>Ob mit oder ohne Vorzelt, die HINDERMANN Bodensch\u00fcrze ist ein willkommener Schutz vor Zugluft am Sitzplatz vor dem Wohnwagen und blockiert unangenehmen Wind. Ideal auch f\u00fcr die dauerhafte Montage dank Keder und \u00d6sen zur Bodenbefestigung. aus winterfestem und gewebeverst\u00e4rktem Planenmaterial mit Textilkeder Der Keder ist schnell eingeschoben und fest mit dem Material verschwei\u00dft. Daher l\u00e4sst [&hellip;]<\/p>\n","protected":false},"featured_media":238221,"template":"","meta":{"_acf_changed":false},"product_featured_cat":[],"product_brand":[3041],"product_cat":[4198],"product_tag":[],"class_list":{"0":"post-238227","1":"product","2":"type-product","3":"status-publish","4":"has-post-thumbnail","6":"product_brand-hindermann-de","7":"product_cat-camping-outdoor-ersatzteile","9":"first","10":"instock","11":"taxable","12":"shipping-taxable","13":"purchasable","14":"product-type-simple"},"acf":[],"yoast_head":"<!-- This site is optimized with the Yoast SEO plugin v27.5 - https:\/\/yoast.com\/product\/yoast-seo-wordpress\/ -->\n<title>Bodensch\u00fcrze aus Planenmaterial 60 cm L\u00e4nge 7 m - Bantam<\/title>\n<meta name=\"robots\" content=\"index, follow, max-snippet:-1, max-image-preview:large, max-video-preview:-1\" \/>\n<link rel=\"canonical\" href=\"https:\/\/shop.bantam.ch\/de\/produkt\/bodenschuerze-aus-planenmaterial-60-cm-laenge-7-m\/\" \/>\n<meta property=\"og:locale\" content=\"de_DE\" \/>\n<meta property=\"og:type\" content=\"article\" \/>\n<meta property=\"og:title\" content=\"Bodensch\u00fcrze aus Planenmaterial 60 cm L\u00e4nge 7 m - Bantam\" \/>\n<meta property=\"og:description\" content=\"Ob mit oder ohne Vorzelt, die HINDERMANN Bodensch\u00fcrze ist ein willkommener Schutz vor Zugluft am Sitzplatz vor dem Wohnwagen und blockiert unangenehmen Wind. Ideal auch f\u00fcr die dauerhafte Montage dank Keder und \u00d6sen zur Bodenbefestigung. aus winterfestem und gewebeverst\u00e4rktem Planenmaterial mit Textilkeder Der Keder ist schnell eingeschoben und fest mit dem Material verschwei\u00dft. Daher l\u00e4sst [&hellip;]\" \/>\n<meta property=\"og:url\" content=\"https:\/\/shop.bantam.ch\/de\/produkt\/bodenschuerze-aus-planenmaterial-60-cm-laenge-7-m\/\" \/>\n<meta property=\"og:site_name\" content=\"Bantam\" \/>\n<meta property=\"article:modified_time\" content=\"2026-05-09T22:11:18+00:00\" \/>\n<meta property=\"og:image\" content=\"https:\/\/shop.bantam.ch\/wp-content\/uploads\/2026\/05\/Movera-L-9958906100.png\" \/>\n\t<meta property=\"og:image:width\" content=\"640\" \/>\n\t<meta property=\"og:image:height\" content=\"336\" \/>\n\t<meta property=\"og:image:type\" content=\"image\/png\" \/>\n<meta name=\"twitter:card\" content=\"summary_large_image\" \/>\n<meta name=\"twitter:label1\" content=\"Gesch\u00e4tzte Lesezeit\" \/>\n\t<meta name=\"twitter:data1\" content=\"1\u00a0Minute\" \/>\n<script type=\"application\/ld+json\" class=\"yoast-schema-graph\">{\"@context\":\"https:\\\/\\\/schema.org\",\"@graph\":[{\"@type\":\"WebPage\",\"@id\":\"https:\\\/\\\/shop.bantam.ch\\\/de\\\/produkt\\\/bodenschuerze-aus-planenmaterial-60-cm-laenge-7-m\\\/\",\"url\":\"https:\\\/\\\/shop.bantam.ch\\\/de\\\/produkt\\\/bodenschuerze-aus-planenmaterial-60-cm-laenge-7-m\\\/\",\"name\":\"Bodensch\u00fcrze aus Planenmaterial 60 cm L\u00e4nge 7 m - Bantam\",\"isPartOf\":{\"@id\":\"https:\\\/\\\/shop.bantam.ch\\\/de\\\/#website\"},\"primaryImageOfPage\":{\"@id\":\"https:\\\/\\\/shop.bantam.ch\\\/de\\\/produkt\\\/bodenschuerze-aus-planenmaterial-60-cm-laenge-7-m\\\/#primaryimage\"},\"image\":{\"@id\":\"https:\\\/\\\/shop.bantam.ch\\\/de\\\/produkt\\\/bodenschuerze-aus-planenmaterial-60-cm-laenge-7-m\\\/#primaryimage\"},\"thumbnailUrl\":\"https:\\\/\\\/shop.bantam.ch\\\/wp-content\\\/uploads\\\/2026\\\/05\\\/Movera-L-9958906100.png\",\"datePublished\":\"2026-05-08T09:51:25+00:00\",\"dateModified\":\"2026-05-09T22:11:18+00:00\",\"breadcrumb\":{\"@id\":\"https:\\\/\\\/shop.bantam.ch\\\/de\\\/produkt\\\/bodenschuerze-aus-planenmaterial-60-cm-laenge-7-m\\\/#breadcrumb\"},\"inLanguage\":\"de\",\"potentialAction\":[{\"@type\":\"ReadAction\",\"target\":[\"https:\\\/\\\/shop.bantam.ch\\\/de\\\/produkt\\\/bodenschuerze-aus-planenmaterial-60-cm-laenge-7-m\\\/\"]}]},{\"@type\":\"ImageObject\",\"inLanguage\":\"de\",\"@id\":\"https:\\\/\\\/shop.bantam.ch\\\/de\\\/produkt\\\/bodenschuerze-aus-planenmaterial-60-cm-laenge-7-m\\\/#primaryimage\",\"url\":\"https:\\\/\\\/shop.bantam.ch\\\/wp-content\\\/uploads\\\/2026\\\/05\\\/Movera-L-9958906100.png\",\"contentUrl\":\"https:\\\/\\\/shop.bantam.ch\\\/wp-content\\\/uploads\\\/2026\\\/05\\\/Movera-L-9958906100.png\",\"width\":640,\"height\":336},{\"@type\":\"BreadcrumbList\",\"@id\":\"https:\\\/\\\/shop.bantam.ch\\\/de\\\/produkt\\\/bodenschuerze-aus-planenmaterial-60-cm-laenge-7-m\\\/#breadcrumb\",\"itemListElement\":[{\"@type\":\"ListItem\",\"position\":1,\"name\":\"Accueil\",\"item\":\"https:\\\/\\\/shop.bantam.ch\\\/de\\\/\"},{\"@type\":\"ListItem\",\"position\":2,\"name\":\"Shop\",\"item\":\"https:\\\/\\\/shop.bantam.ch\\\/de\\\/shop\\\/\"},{\"@type\":\"ListItem\",\"position\":3,\"name\":\"Bodensch\u00fcrze aus Planenmaterial 60 cm L\u00e4nge 7 m\"}]},{\"@type\":\"WebSite\",\"@id\":\"https:\\\/\\\/shop.bantam.ch\\\/de\\\/#website\",\"url\":\"https:\\\/\\\/shop.bantam.ch\\\/de\\\/\",\"name\":\"Bantam\",\"description\":\"\",\"publisher\":{\"@id\":\"https:\\\/\\\/shop.bantam.ch\\\/de\\\/#organization\"},\"inLanguage\":\"de\"},{\"@type\":\"Organization\",\"@id\":\"https:\\\/\\\/shop.bantam.ch\\\/de\\\/#organization\",\"name\":\"Bantam\",\"url\":\"https:\\\/\\\/shop.bantam.ch\\\/de\\\/\",\"logo\":{\"@type\":\"ImageObject\",\"inLanguage\":\"de\",\"@id\":\"https:\\\/\\\/shop.bantam.ch\\\/de\\\/#\\\/schema\\\/logo\\\/image\\\/\",\"url\":\"https:\\\/\\\/shop.bantam.ch\\\/wp-content\\\/uploads\\\/2022\\\/12\\\/bantam-logo.png\",\"contentUrl\":\"https:\\\/\\\/shop.bantam.ch\\\/wp-content\\\/uploads\\\/2022\\\/12\\\/bantam-logo.png\",\"width\":320,\"height\":71,\"caption\":\"Bantam\"},\"image\":{\"@id\":\"https:\\\/\\\/shop.bantam.ch\\\/de\\\/#\\\/schema\\\/logo\\\/image\\\/\"}}]}<\/script>\n<!-- \/ Yoast SEO plugin. -->","yoast_head_json":{"title":"Bodensch\u00fcrze aus Planenmaterial 60 cm L\u00e4nge 7 m - Bantam","robots":{"index":"index","follow":"follow","max-snippet":"max-snippet:-1","max-image-preview":"max-image-preview:large","max-video-preview":"max-video-preview:-1"},"canonical":"https:\/\/shop.bantam.ch\/de\/produkt\/bodenschuerze-aus-planenmaterial-60-cm-laenge-7-m\/","og_locale":"de_DE","og_type":"article","og_title":"Bodensch\u00fcrze aus Planenmaterial 60 cm L\u00e4nge 7 m - Bantam","og_description":"Ob mit oder ohne Vorzelt, die HINDERMANN Bodensch\u00fcrze ist ein willkommener Schutz vor Zugluft am Sitzplatz vor dem Wohnwagen und blockiert unangenehmen Wind. Ideal auch f\u00fcr die dauerhafte Montage dank Keder und \u00d6sen zur Bodenbefestigung. aus winterfestem und gewebeverst\u00e4rktem Planenmaterial mit Textilkeder Der Keder ist schnell eingeschoben und fest mit dem Material verschwei\u00dft. Daher l\u00e4sst [&hellip;]","og_url":"https:\/\/shop.bantam.ch\/de\/produkt\/bodenschuerze-aus-planenmaterial-60-cm-laenge-7-m\/","og_site_name":"Bantam","article_modified_time":"2026-05-09T22:11:18+00:00","og_image":[{"width":640,"height":336,"url":"https:\/\/shop.bantam.ch\/wp-content\/uploads\/2026\/05\/Movera-L-9958906100.png","type":"image\/png"}],"twitter_card":"summary_large_image","twitter_misc":{"Gesch\u00e4tzte Lesezeit":"1\u00a0Minute"},"schema":{"@context":"https:\/\/schema.org","@graph":[{"@type":"WebPage","@id":"https:\/\/shop.bantam.ch\/de\/produkt\/bodenschuerze-aus-planenmaterial-60-cm-laenge-7-m\/","url":"https:\/\/shop.bantam.ch\/de\/produkt\/bodenschuerze-aus-planenmaterial-60-cm-laenge-7-m\/","name":"Bodensch\u00fcrze aus Planenmaterial 60 cm L\u00e4nge 7 m - Bantam","isPartOf":{"@id":"https:\/\/shop.bantam.ch\/de\/#website"},"primaryImageOfPage":{"@id":"https:\/\/shop.bantam.ch\/de\/produkt\/bodenschuerze-aus-planenmaterial-60-cm-laenge-7-m\/#primaryimage"},"image":{"@id":"https:\/\/shop.bantam.ch\/de\/produkt\/bodenschuerze-aus-planenmaterial-60-cm-laenge-7-m\/#primaryimage"},"thumbnailUrl":"https:\/\/shop.bantam.ch\/wp-content\/uploads\/2026\/05\/Movera-L-9958906100.png","datePublished":"2026-05-08T09:51:25+00:00","dateModified":"2026-05-09T22:11:18+00:00","breadcrumb":{"@id":"https:\/\/shop.bantam.ch\/de\/produkt\/bodenschuerze-aus-planenmaterial-60-cm-laenge-7-m\/#breadcrumb"},"inLanguage":"de","potentialAction":[{"@type":"ReadAction","target":["https:\/\/shop.bantam.ch\/de\/produkt\/bodenschuerze-aus-planenmaterial-60-cm-laenge-7-m\/"]}]},{"@type":"ImageObject","inLanguage":"de","@id":"https:\/\/shop.bantam.ch\/de\/produkt\/bodenschuerze-aus-planenmaterial-60-cm-laenge-7-m\/#primaryimage","url":"https:\/\/shop.bantam.ch\/wp-content\/uploads\/2026\/05\/Movera-L-9958906100.png","contentUrl":"https:\/\/shop.bantam.ch\/wp-content\/uploads\/2026\/05\/Movera-L-9958906100.png","width":640,"height":336},{"@type":"BreadcrumbList","@id":"https:\/\/shop.bantam.ch\/de\/produkt\/bodenschuerze-aus-planenmaterial-60-cm-laenge-7-m\/#breadcrumb","itemListElement":[{"@type":"ListItem","position":1,"name":"Accueil","item":"https:\/\/shop.bantam.ch\/de\/"},{"@type":"ListItem","position":2,"name":"Shop","item":"https:\/\/shop.bantam.ch\/de\/shop\/"},{"@type":"ListItem","position":3,"name":"Bodensch\u00fcrze aus Planenmaterial 60 cm L\u00e4nge 7 m"}]},{"@type":"WebSite","@id":"https:\/\/shop.bantam.ch\/de\/#website","url":"https:\/\/shop.bantam.ch\/de\/","name":"Bantam","description":"","publisher":{"@id":"https:\/\/shop.bantam.ch\/de\/#organization"},"inLanguage":"de"},{"@type":"Organization","@id":"https:\/\/shop.bantam.ch\/de\/#organization","name":"Bantam","url":"https:\/\/shop.bantam.ch\/de\/","logo":{"@type":"ImageObject","inLanguage":"de","@id":"https:\/\/shop.bantam.ch\/de\/#\/schema\/logo\/image\/","url":"https:\/\/shop.bantam.ch\/wp-content\/uploads\/2022\/12\/bantam-logo.png","contentUrl":"https:\/\/shop.bantam.ch\/wp-content\/uploads\/2022\/12\/bantam-logo.png","width":320,"height":71,"caption":"Bantam"},"image":{"@id":"https:\/\/shop.bantam.ch\/de\/#\/schema\/logo\/image\/"}}]}},"_links":{"self":[{"href":"https:\/\/shop.bantam.ch\/de\/wp-json\/wp\/v2\/product\/238227","targetHints":{"allow":["GET"]}}],"collection":[{"href":"https:\/\/shop.bantam.ch\/de\/wp-json\/wp\/v2\/product"}],"about":[{"href":"https:\/\/shop.bantam.ch\/de\/wp-json\/wp\/v2\/types\/product"}],"wp:featuredmedia":[{"embeddable":true,"href":"https:\/\/shop.bantam.ch\/de\/wp-json\/wp\/v2\/media\/238221"}],"wp:attachment":[{"href":"https:\/\/shop.bantam.ch\/de\/wp-json\/wp\/v2\/media?parent=238227"}],"wp:term":[{"taxonomy":"product_featured_cat","embeddable":true,"href":"https:\/\/shop.bantam.ch\/de\/wp-json\/wp\/v2\/product_featured_cat?post=238227"},{"taxonomy":"product_brand","embeddable":true,"href":"https:\/\/shop.bantam.ch\/de\/wp-json\/wp\/v2\/product_brand?post=238227"},{"taxonomy":"product_cat","embeddable":true,"href":"https:\/\/shop.bantam.ch\/de\/wp-json\/wp\/v2\/product_cat?post=238227"},{"taxonomy":"product_tag","embeddable":true,"href":"https:\/\/shop.bantam.ch\/de\/wp-json\/wp\/v2\/product_tag?post=238227"}],"curies":[{"name":"wp","href":"https:\/\/api.w.org\/{rel}","templated":true}]}}