{"id":238177,"date":"2026-05-08T11:39:23","date_gmt":"2026-05-08T09:39:23","guid":{"rendered":"https:\/\/shop.bantam.ch\/produit\/adapterkabel-schuko-stecker-cee-kupplung-3x25mm%c2%b2-3m\/"},"modified":"2026-05-11T00:08:58","modified_gmt":"2026-05-10T22:08:58","slug":"adapterkabel-schuko-stecker-cee-kupplung-3x25mm%c2%b2-3m","status":"publish","type":"product","link":"https:\/\/shop.bantam.ch\/de\/produkt\/adapterkabel-schuko-stecker-cee-kupplung-3x25mm%c2%b2-3m\/","title":{"rendered":"Adapterkabel Schuko-Stecker\/CEE-Kupplung 3&#215;2,5mm\u00b2, 3m"},"content":{"rendered":"<p>Robuste Gummischlauchleitung H07RN-F 3G2,5 mm\u00b2 geeignet f\u00fcr den professionellen Einsatz auf Baustellen, in Werkst\u00e4tten und im Au\u00dfenbereich best\u00e4ndig, mechanisch belastbar und flexibel auch bei niedrigen Temperaturen ausgelegt f\u00fcr 230 V Wechselstrom<br \/>\nHinweise: Bei Besch\u00e4digung der Verl\u00e4ngerung sofort spannungsfrei schalten. Wartungsarbeiten nur spannungsfrei und ausschlie\u00dflich durch autorisiertes Fachpersonal durchf\u00fchren. F\u00fcr Sch\u00e4den durch unsachgem\u00e4\u00dfe Verwendung \u00fcbernimmt der Hersteller keine Haftung. Verl\u00e4ngerungen, Zubeh\u00f6r und Verpackung einer umweltgerechten Wiederverwertung zuf\u00fchren. Nicht in den Hausm\u00fcll werfen. Gem\u00e4\u00df ElektroG m\u00fcssen nicht mehr gebrauchsf\u00e4hige Verl\u00e4ngerungen getrennt gesammelt und umweltgerecht wiederverwertet werden.<\/p>\n","protected":false},"excerpt":{"rendered":"<p>Robuste Gummischlauchleitung H07RN-F 3G2,5 mm\u00b2 geeignet f\u00fcr den professionellen Einsatz auf Baustellen, in Werkst\u00e4tten und im Au\u00dfenbereich best\u00e4ndig, mechanisch belastbar und flexibel auch bei niedrigen Temperaturen ausgelegt f\u00fcr 230 V Wechselstrom Hinweise: Bei Besch\u00e4digung der Verl\u00e4ngerung sofort spannungsfrei schalten. Wartungsarbeiten nur spannungsfrei und ausschlie\u00dflich durch autorisiertes Fachpersonal durchf\u00fchren. F\u00fcr Sch\u00e4den durch unsachgem\u00e4\u00dfe Verwendung \u00fcbernimmt der [&hellip;]<\/p>\n","protected":false},"featured_media":238175,"template":"","meta":{"_acf_changed":false},"product_featured_cat":[],"product_brand":[5204],"product_cat":[4206],"product_tag":[],"class_list":{"0":"post-238177","1":"product","2":"type-product","3":"status-publish","4":"has-post-thumbnail","6":"product_brand-schuko-de","7":"product_cat-elektrotechnik-ersatzteile","9":"first","10":"instock","11":"taxable","12":"shipping-taxable","13":"purchasable","14":"product-type-simple"},"acf":[],"yoast_head":"<!-- This site is optimized with the Yoast SEO plugin v27.5 - https:\/\/yoast.com\/product\/yoast-seo-wordpress\/ -->\n<title>Adapterkabel Schuko-Stecker\/CEE-Kupplung 3x2,5mm\u00b2, 3m - Bantam<\/title>\n<meta name=\"robots\" content=\"index, follow, max-snippet:-1, max-image-preview:large, max-video-preview:-1\" \/>\n<link rel=\"canonical\" href=\"https:\/\/shop.bantam.ch\/de\/produkt\/adapterkabel-schuko-stecker-cee-kupplung-3x25mm%c2%b2-3m\/\" \/>\n<meta property=\"og:locale\" content=\"de_DE\" \/>\n<meta property=\"og:type\" content=\"article\" \/>\n<meta property=\"og:title\" content=\"Adapterkabel Schuko-Stecker\/CEE-Kupplung 3x2,5mm\u00b2, 3m - Bantam\" \/>\n<meta property=\"og:description\" content=\"Robuste Gummischlauchleitung H07RN-F 3G2,5 mm\u00b2 geeignet f\u00fcr den professionellen Einsatz auf Baustellen, in Werkst\u00e4tten und im Au\u00dfenbereich best\u00e4ndig, mechanisch belastbar und flexibel auch bei niedrigen Temperaturen ausgelegt f\u00fcr 230 V Wechselstrom Hinweise: Bei Besch\u00e4digung der Verl\u00e4ngerung sofort spannungsfrei schalten. Wartungsarbeiten nur spannungsfrei und ausschlie\u00dflich durch autorisiertes Fachpersonal durchf\u00fchren. F\u00fcr Sch\u00e4den durch unsachgem\u00e4\u00dfe Verwendung \u00fcbernimmt der [&hellip;]\" \/>\n<meta property=\"og:url\" content=\"https:\/\/shop.bantam.ch\/de\/produkt\/adapterkabel-schuko-stecker-cee-kupplung-3x25mm%c2%b2-3m\/\" \/>\n<meta property=\"og:site_name\" content=\"Bantam\" \/>\n<meta property=\"article:modified_time\" content=\"2026-05-10T22:08:58+00:00\" \/>\n<meta property=\"og:image\" content=\"https:\/\/shop.bantam.ch\/wp-content\/uploads\/2026\/05\/Movera-L-9958816100.jpg\" \/>\n\t<meta property=\"og:image:width\" content=\"525\" \/>\n\t<meta property=\"og:image:height\" content=\"525\" \/>\n\t<meta property=\"og:image:type\" content=\"image\/jpeg\" \/>\n<meta name=\"twitter:card\" content=\"summary_large_image\" \/>\n<meta name=\"twitter:label1\" content=\"Gesch\u00e4tzte Lesezeit\" \/>\n\t<meta name=\"twitter:data1\" content=\"1\u00a0Minute\" \/>\n<script type=\"application\/ld+json\" class=\"yoast-schema-graph\">{\"@context\":\"https:\\\/\\\/schema.org\",\"@graph\":[{\"@type\":\"WebPage\",\"@id\":\"https:\\\/\\\/shop.bantam.ch\\\/de\\\/produkt\\\/adapterkabel-schuko-stecker-cee-kupplung-3x25mm%c2%b2-3m\\\/\",\"url\":\"https:\\\/\\\/shop.bantam.ch\\\/de\\\/produkt\\\/adapterkabel-schuko-stecker-cee-kupplung-3x25mm%c2%b2-3m\\\/\",\"name\":\"Adapterkabel Schuko-Stecker\\\/CEE-Kupplung 3x2,5mm\u00b2, 3m - Bantam\",\"isPartOf\":{\"@id\":\"https:\\\/\\\/shop.bantam.ch\\\/de\\\/#website\"},\"primaryImageOfPage\":{\"@id\":\"https:\\\/\\\/shop.bantam.ch\\\/de\\\/produkt\\\/adapterkabel-schuko-stecker-cee-kupplung-3x25mm%c2%b2-3m\\\/#primaryimage\"},\"image\":{\"@id\":\"https:\\\/\\\/shop.bantam.ch\\\/de\\\/produkt\\\/adapterkabel-schuko-stecker-cee-kupplung-3x25mm%c2%b2-3m\\\/#primaryimage\"},\"thumbnailUrl\":\"https:\\\/\\\/shop.bantam.ch\\\/wp-content\\\/uploads\\\/2026\\\/05\\\/Movera-L-9958816100.jpg\",\"datePublished\":\"2026-05-08T09:39:23+00:00\",\"dateModified\":\"2026-05-10T22:08:58+00:00\",\"breadcrumb\":{\"@id\":\"https:\\\/\\\/shop.bantam.ch\\\/de\\\/produkt\\\/adapterkabel-schuko-stecker-cee-kupplung-3x25mm%c2%b2-3m\\\/#breadcrumb\"},\"inLanguage\":\"de\",\"potentialAction\":[{\"@type\":\"ReadAction\",\"target\":[\"https:\\\/\\\/shop.bantam.ch\\\/de\\\/produkt\\\/adapterkabel-schuko-stecker-cee-kupplung-3x25mm%c2%b2-3m\\\/\"]}]},{\"@type\":\"ImageObject\",\"inLanguage\":\"de\",\"@id\":\"https:\\\/\\\/shop.bantam.ch\\\/de\\\/produkt\\\/adapterkabel-schuko-stecker-cee-kupplung-3x25mm%c2%b2-3m\\\/#primaryimage\",\"url\":\"https:\\\/\\\/shop.bantam.ch\\\/wp-content\\\/uploads\\\/2026\\\/05\\\/Movera-L-9958816100.jpg\",\"contentUrl\":\"https:\\\/\\\/shop.bantam.ch\\\/wp-content\\\/uploads\\\/2026\\\/05\\\/Movera-L-9958816100.jpg\",\"width\":525,\"height\":525},{\"@type\":\"BreadcrumbList\",\"@id\":\"https:\\\/\\\/shop.bantam.ch\\\/de\\\/produkt\\\/adapterkabel-schuko-stecker-cee-kupplung-3x25mm%c2%b2-3m\\\/#breadcrumb\",\"itemListElement\":[{\"@type\":\"ListItem\",\"position\":1,\"name\":\"Accueil\",\"item\":\"https:\\\/\\\/shop.bantam.ch\\\/de\\\/\"},{\"@type\":\"ListItem\",\"position\":2,\"name\":\"Shop\",\"item\":\"https:\\\/\\\/shop.bantam.ch\\\/de\\\/shop\\\/\"},{\"@type\":\"ListItem\",\"position\":3,\"name\":\"Adapterkabel Schuko-Stecker\\\/CEE-Kupplung 3&#215;2,5mm\u00b2, 3m\"}]},{\"@type\":\"WebSite\",\"@id\":\"https:\\\/\\\/shop.bantam.ch\\\/de\\\/#website\",\"url\":\"https:\\\/\\\/shop.bantam.ch\\\/de\\\/\",\"name\":\"Bantam\",\"description\":\"\",\"publisher\":{\"@id\":\"https:\\\/\\\/shop.bantam.ch\\\/de\\\/#organization\"},\"inLanguage\":\"de\"},{\"@type\":\"Organization\",\"@id\":\"https:\\\/\\\/shop.bantam.ch\\\/de\\\/#organization\",\"name\":\"Bantam\",\"url\":\"https:\\\/\\\/shop.bantam.ch\\\/de\\\/\",\"logo\":{\"@type\":\"ImageObject\",\"inLanguage\":\"de\",\"@id\":\"https:\\\/\\\/shop.bantam.ch\\\/de\\\/#\\\/schema\\\/logo\\\/image\\\/\",\"url\":\"https:\\\/\\\/shop.bantam.ch\\\/wp-content\\\/uploads\\\/2022\\\/12\\\/bantam-logo.png\",\"contentUrl\":\"https:\\\/\\\/shop.bantam.ch\\\/wp-content\\\/uploads\\\/2022\\\/12\\\/bantam-logo.png\",\"width\":320,\"height\":71,\"caption\":\"Bantam\"},\"image\":{\"@id\":\"https:\\\/\\\/shop.bantam.ch\\\/de\\\/#\\\/schema\\\/logo\\\/image\\\/\"}}]}<\/script>\n<!-- \/ Yoast SEO plugin. -->","yoast_head_json":{"title":"Adapterkabel Schuko-Stecker\/CEE-Kupplung 3x2,5mm\u00b2, 3m - Bantam","robots":{"index":"index","follow":"follow","max-snippet":"max-snippet:-1","max-image-preview":"max-image-preview:large","max-video-preview":"max-video-preview:-1"},"canonical":"https:\/\/shop.bantam.ch\/de\/produkt\/adapterkabel-schuko-stecker-cee-kupplung-3x25mm%c2%b2-3m\/","og_locale":"de_DE","og_type":"article","og_title":"Adapterkabel Schuko-Stecker\/CEE-Kupplung 3x2,5mm\u00b2, 3m - Bantam","og_description":"Robuste Gummischlauchleitung H07RN-F 3G2,5 mm\u00b2 geeignet f\u00fcr den professionellen Einsatz auf Baustellen, in Werkst\u00e4tten und im Au\u00dfenbereich best\u00e4ndig, mechanisch belastbar und flexibel auch bei niedrigen Temperaturen ausgelegt f\u00fcr 230 V Wechselstrom Hinweise: Bei Besch\u00e4digung der Verl\u00e4ngerung sofort spannungsfrei schalten. Wartungsarbeiten nur spannungsfrei und ausschlie\u00dflich durch autorisiertes Fachpersonal durchf\u00fchren. F\u00fcr Sch\u00e4den durch unsachgem\u00e4\u00dfe Verwendung \u00fcbernimmt der [&hellip;]","og_url":"https:\/\/shop.bantam.ch\/de\/produkt\/adapterkabel-schuko-stecker-cee-kupplung-3x25mm%c2%b2-3m\/","og_site_name":"Bantam","article_modified_time":"2026-05-10T22:08:58+00:00","og_image":[{"width":525,"height":525,"url":"https:\/\/shop.bantam.ch\/wp-content\/uploads\/2026\/05\/Movera-L-9958816100.jpg","type":"image\/jpeg"}],"twitter_card":"summary_large_image","twitter_misc":{"Gesch\u00e4tzte Lesezeit":"1\u00a0Minute"},"schema":{"@context":"https:\/\/schema.org","@graph":[{"@type":"WebPage","@id":"https:\/\/shop.bantam.ch\/de\/produkt\/adapterkabel-schuko-stecker-cee-kupplung-3x25mm%c2%b2-3m\/","url":"https:\/\/shop.bantam.ch\/de\/produkt\/adapterkabel-schuko-stecker-cee-kupplung-3x25mm%c2%b2-3m\/","name":"Adapterkabel Schuko-Stecker\/CEE-Kupplung 3x2,5mm\u00b2, 3m - Bantam","isPartOf":{"@id":"https:\/\/shop.bantam.ch\/de\/#website"},"primaryImageOfPage":{"@id":"https:\/\/shop.bantam.ch\/de\/produkt\/adapterkabel-schuko-stecker-cee-kupplung-3x25mm%c2%b2-3m\/#primaryimage"},"image":{"@id":"https:\/\/shop.bantam.ch\/de\/produkt\/adapterkabel-schuko-stecker-cee-kupplung-3x25mm%c2%b2-3m\/#primaryimage"},"thumbnailUrl":"https:\/\/shop.bantam.ch\/wp-content\/uploads\/2026\/05\/Movera-L-9958816100.jpg","datePublished":"2026-05-08T09:39:23+00:00","dateModified":"2026-05-10T22:08:58+00:00","breadcrumb":{"@id":"https:\/\/shop.bantam.ch\/de\/produkt\/adapterkabel-schuko-stecker-cee-kupplung-3x25mm%c2%b2-3m\/#breadcrumb"},"inLanguage":"de","potentialAction":[{"@type":"ReadAction","target":["https:\/\/shop.bantam.ch\/de\/produkt\/adapterkabel-schuko-stecker-cee-kupplung-3x25mm%c2%b2-3m\/"]}]},{"@type":"ImageObject","inLanguage":"de","@id":"https:\/\/shop.bantam.ch\/de\/produkt\/adapterkabel-schuko-stecker-cee-kupplung-3x25mm%c2%b2-3m\/#primaryimage","url":"https:\/\/shop.bantam.ch\/wp-content\/uploads\/2026\/05\/Movera-L-9958816100.jpg","contentUrl":"https:\/\/shop.bantam.ch\/wp-content\/uploads\/2026\/05\/Movera-L-9958816100.jpg","width":525,"height":525},{"@type":"BreadcrumbList","@id":"https:\/\/shop.bantam.ch\/de\/produkt\/adapterkabel-schuko-stecker-cee-kupplung-3x25mm%c2%b2-3m\/#breadcrumb","itemListElement":[{"@type":"ListItem","position":1,"name":"Accueil","item":"https:\/\/shop.bantam.ch\/de\/"},{"@type":"ListItem","position":2,"name":"Shop","item":"https:\/\/shop.bantam.ch\/de\/shop\/"},{"@type":"ListItem","position":3,"name":"Adapterkabel Schuko-Stecker\/CEE-Kupplung 3&#215;2,5mm\u00b2, 3m"}]},{"@type":"WebSite","@id":"https:\/\/shop.bantam.ch\/de\/#website","url":"https:\/\/shop.bantam.ch\/de\/","name":"Bantam","description":"","publisher":{"@id":"https:\/\/shop.bantam.ch\/de\/#organization"},"inLanguage":"de"},{"@type":"Organization","@id":"https:\/\/shop.bantam.ch\/de\/#organization","name":"Bantam","url":"https:\/\/shop.bantam.ch\/de\/","logo":{"@type":"ImageObject","inLanguage":"de","@id":"https:\/\/shop.bantam.ch\/de\/#\/schema\/logo\/image\/","url":"https:\/\/shop.bantam.ch\/wp-content\/uploads\/2022\/12\/bantam-logo.png","contentUrl":"https:\/\/shop.bantam.ch\/wp-content\/uploads\/2022\/12\/bantam-logo.png","width":320,"height":71,"caption":"Bantam"},"image":{"@id":"https:\/\/shop.bantam.ch\/de\/#\/schema\/logo\/image\/"}}]}},"_links":{"self":[{"href":"https:\/\/shop.bantam.ch\/de\/wp-json\/wp\/v2\/product\/238177","targetHints":{"allow":["GET"]}}],"collection":[{"href":"https:\/\/shop.bantam.ch\/de\/wp-json\/wp\/v2\/product"}],"about":[{"href":"https:\/\/shop.bantam.ch\/de\/wp-json\/wp\/v2\/types\/product"}],"wp:featuredmedia":[{"embeddable":true,"href":"https:\/\/shop.bantam.ch\/de\/wp-json\/wp\/v2\/media\/238175"}],"wp:attachment":[{"href":"https:\/\/shop.bantam.ch\/de\/wp-json\/wp\/v2\/media?parent=238177"}],"wp:term":[{"taxonomy":"product_featured_cat","embeddable":true,"href":"https:\/\/shop.bantam.ch\/de\/wp-json\/wp\/v2\/product_featured_cat?post=238177"},{"taxonomy":"product_brand","embeddable":true,"href":"https:\/\/shop.bantam.ch\/de\/wp-json\/wp\/v2\/product_brand?post=238177"},{"taxonomy":"product_cat","embeddable":true,"href":"https:\/\/shop.bantam.ch\/de\/wp-json\/wp\/v2\/product_cat?post=238177"},{"taxonomy":"product_tag","embeddable":true,"href":"https:\/\/shop.bantam.ch\/de\/wp-json\/wp\/v2\/product_tag?post=238177"}],"curies":[{"name":"wp","href":"https:\/\/api.w.org\/{rel}","templated":true}]}}