{"id":237936,"date":"2026-05-06T11:22:48","date_gmt":"2026-05-06T09:22:48","guid":{"rendered":"https:\/\/shop.bantam.ch\/produit\/wechselrichter-phoenix-24-5000-24v-ausgang-230v-%c2%b1-2_-frequenz-50-hz-%c2%b1-01_\/"},"modified":"2026-05-09T00:09:26","modified_gmt":"2026-05-08T22:09:26","slug":"wechselrichter-phoenix-24-5000-24v-ausgang-230v-%c2%b1-2_-frequenz-50-hz-%c2%b1-01_","status":"publish","type":"product","link":"https:\/\/shop.bantam.ch\/de\/produkt\/wechselrichter-phoenix-24-5000-24v-ausgang-230v-%c2%b1-2_-frequenz-50-hz-%c2%b1-01_\/","title":{"rendered":"Wechselrichter Phoenix 24\/5000 \/ 24V Ausgang 230V \u00b1 2_ Frequenz: 50 Hz \u00b1 0,1_"},"content":{"rendered":"<p>Der Inverter Victron 24\/5000 230\u202fV VE.Bus wandelt Gleichstrom von 24\u202fV zuverl\u00e4ssig in 230\u202fV Wechselstrom um und erm\u00f6glicht so den Betrieb von haushalts\u00fcblichen und industriellen Ger\u00e4ten auch unterwegs oder an autarken Stromsystemen. Dank pr\u00e4ziser Spannungs- und Frequenzregelung liefert der Inverter stabile 230\u202fV \u00b1\u202f2\u202f?i 50\u202fHz \u00b1\u202f0,1\u202f% und sch\u00fctzt angeschlossene Verbraucher vor Spannungsschwankungen. Die VE.Bus Schnittstelle erm\u00f6glicht eine einfache Integration in bestehende Victron-Systeme sowie die Kommunikation mit Batteriemanagement- und \u00dcberwachungsger\u00e4ten.<\/p>\n","protected":false},"excerpt":{"rendered":"<p>Der Inverter Victron 24\/5000 230\u202fV VE.Bus wandelt Gleichstrom von 24\u202fV zuverl\u00e4ssig in 230\u202fV Wechselstrom um und erm\u00f6glicht so den Betrieb von haushalts\u00fcblichen und industriellen Ger\u00e4ten auch unterwegs oder an autarken Stromsystemen. Dank pr\u00e4ziser Spannungs- und Frequenzregelung liefert der Inverter stabile 230\u202fV \u00b1\u202f2\u202f?i 50\u202fHz \u00b1\u202f0,1\u202f% und sch\u00fctzt angeschlossene Verbraucher vor Spannungsschwankungen. Die VE.Bus Schnittstelle erm\u00f6glicht eine [&hellip;]<\/p>\n","protected":false},"featured_media":237934,"template":"","meta":{"_acf_changed":false},"product_featured_cat":[],"product_brand":[3507],"product_cat":[4170],"product_tag":[],"class_list":{"0":"post-237936","1":"product","2":"type-product","3":"status-publish","4":"has-post-thumbnail","6":"product_brand-victron-de","7":"product_cat-wechselrichter","9":"first","10":"instock","11":"taxable","12":"shipping-taxable","13":"purchasable","14":"product-type-simple"},"acf":[],"yoast_head":"<!-- This site is optimized with the Yoast SEO plugin v27.5 - https:\/\/yoast.com\/product\/yoast-seo-wordpress\/ -->\n<title>Wechselrichter Phoenix 24\/5000 \/ 24V Ausgang 230V \u00b1 2_ Frequenz: 50 Hz \u00b1 0,1_ - Bantam<\/title>\n<meta name=\"robots\" content=\"index, follow, max-snippet:-1, max-image-preview:large, max-video-preview:-1\" \/>\n<link rel=\"canonical\" href=\"https:\/\/shop.bantam.ch\/de\/produkt\/wechselrichter-phoenix-24-5000-24v-ausgang-230v-%c2%b1-2_-frequenz-50-hz-%c2%b1-01_\/\" \/>\n<meta property=\"og:locale\" content=\"de_DE\" \/>\n<meta property=\"og:type\" content=\"article\" \/>\n<meta property=\"og:title\" content=\"Wechselrichter Phoenix 24\/5000 \/ 24V Ausgang 230V \u00b1 2_ Frequenz: 50 Hz \u00b1 0,1_ - Bantam\" \/>\n<meta property=\"og:description\" content=\"Der Inverter Victron 24\/5000 230\u202fV VE.Bus wandelt Gleichstrom von 24\u202fV zuverl\u00e4ssig in 230\u202fV Wechselstrom um und erm\u00f6glicht so den Betrieb von haushalts\u00fcblichen und industriellen Ger\u00e4ten auch unterwegs oder an autarken Stromsystemen. Dank pr\u00e4ziser Spannungs- und Frequenzregelung liefert der Inverter stabile 230\u202fV \u00b1\u202f2\u202f?i 50\u202fHz \u00b1\u202f0,1\u202f% und sch\u00fctzt angeschlossene Verbraucher vor Spannungsschwankungen. Die VE.Bus Schnittstelle erm\u00f6glicht eine [&hellip;]\" \/>\n<meta property=\"og:url\" content=\"https:\/\/shop.bantam.ch\/de\/produkt\/wechselrichter-phoenix-24-5000-24v-ausgang-230v-%c2%b1-2_-frequenz-50-hz-%c2%b1-01_\/\" \/>\n<meta property=\"og:site_name\" content=\"Bantam\" \/>\n<meta property=\"article:modified_time\" content=\"2026-05-08T22:09:26+00:00\" \/>\n<meta property=\"og:image\" content=\"https:\/\/shop.bantam.ch\/wp-content\/uploads\/2026\/05\/Movera-L-9958663100.png\" \/>\n\t<meta property=\"og:image:width\" content=\"640\" \/>\n\t<meta property=\"og:image:height\" content=\"834\" \/>\n\t<meta property=\"og:image:type\" content=\"image\/png\" \/>\n<meta name=\"twitter:card\" content=\"summary_large_image\" \/>\n<script type=\"application\/ld+json\" class=\"yoast-schema-graph\">{\"@context\":\"https:\\\/\\\/schema.org\",\"@graph\":[{\"@type\":\"WebPage\",\"@id\":\"https:\\\/\\\/shop.bantam.ch\\\/de\\\/produkt\\\/wechselrichter-phoenix-24-5000-24v-ausgang-230v-%c2%b1-2_-frequenz-50-hz-%c2%b1-01_\\\/\",\"url\":\"https:\\\/\\\/shop.bantam.ch\\\/de\\\/produkt\\\/wechselrichter-phoenix-24-5000-24v-ausgang-230v-%c2%b1-2_-frequenz-50-hz-%c2%b1-01_\\\/\",\"name\":\"Wechselrichter Phoenix 24\\\/5000 \\\/ 24V Ausgang 230V \u00b1 2_ Frequenz: 50 Hz \u00b1 0,1_ - Bantam\",\"isPartOf\":{\"@id\":\"https:\\\/\\\/shop.bantam.ch\\\/de\\\/#website\"},\"primaryImageOfPage\":{\"@id\":\"https:\\\/\\\/shop.bantam.ch\\\/de\\\/produkt\\\/wechselrichter-phoenix-24-5000-24v-ausgang-230v-%c2%b1-2_-frequenz-50-hz-%c2%b1-01_\\\/#primaryimage\"},\"image\":{\"@id\":\"https:\\\/\\\/shop.bantam.ch\\\/de\\\/produkt\\\/wechselrichter-phoenix-24-5000-24v-ausgang-230v-%c2%b1-2_-frequenz-50-hz-%c2%b1-01_\\\/#primaryimage\"},\"thumbnailUrl\":\"https:\\\/\\\/shop.bantam.ch\\\/wp-content\\\/uploads\\\/2026\\\/05\\\/Movera-L-9958663100.png\",\"datePublished\":\"2026-05-06T09:22:48+00:00\",\"dateModified\":\"2026-05-08T22:09:26+00:00\",\"breadcrumb\":{\"@id\":\"https:\\\/\\\/shop.bantam.ch\\\/de\\\/produkt\\\/wechselrichter-phoenix-24-5000-24v-ausgang-230v-%c2%b1-2_-frequenz-50-hz-%c2%b1-01_\\\/#breadcrumb\"},\"inLanguage\":\"de\",\"potentialAction\":[{\"@type\":\"ReadAction\",\"target\":[\"https:\\\/\\\/shop.bantam.ch\\\/de\\\/produkt\\\/wechselrichter-phoenix-24-5000-24v-ausgang-230v-%c2%b1-2_-frequenz-50-hz-%c2%b1-01_\\\/\"]}]},{\"@type\":\"ImageObject\",\"inLanguage\":\"de\",\"@id\":\"https:\\\/\\\/shop.bantam.ch\\\/de\\\/produkt\\\/wechselrichter-phoenix-24-5000-24v-ausgang-230v-%c2%b1-2_-frequenz-50-hz-%c2%b1-01_\\\/#primaryimage\",\"url\":\"https:\\\/\\\/shop.bantam.ch\\\/wp-content\\\/uploads\\\/2026\\\/05\\\/Movera-L-9958663100.png\",\"contentUrl\":\"https:\\\/\\\/shop.bantam.ch\\\/wp-content\\\/uploads\\\/2026\\\/05\\\/Movera-L-9958663100.png\",\"width\":640,\"height\":834},{\"@type\":\"BreadcrumbList\",\"@id\":\"https:\\\/\\\/shop.bantam.ch\\\/de\\\/produkt\\\/wechselrichter-phoenix-24-5000-24v-ausgang-230v-%c2%b1-2_-frequenz-50-hz-%c2%b1-01_\\\/#breadcrumb\",\"itemListElement\":[{\"@type\":\"ListItem\",\"position\":1,\"name\":\"Accueil\",\"item\":\"https:\\\/\\\/shop.bantam.ch\\\/de\\\/\"},{\"@type\":\"ListItem\",\"position\":2,\"name\":\"Shop\",\"item\":\"https:\\\/\\\/shop.bantam.ch\\\/de\\\/shop\\\/\"},{\"@type\":\"ListItem\",\"position\":3,\"name\":\"Wechselrichter Phoenix 24\\\/5000 \\\/ 24V Ausgang 230V \u00b1 2_ Frequenz: 50 Hz \u00b1 0,1_\"}]},{\"@type\":\"WebSite\",\"@id\":\"https:\\\/\\\/shop.bantam.ch\\\/de\\\/#website\",\"url\":\"https:\\\/\\\/shop.bantam.ch\\\/de\\\/\",\"name\":\"Bantam\",\"description\":\"\",\"publisher\":{\"@id\":\"https:\\\/\\\/shop.bantam.ch\\\/de\\\/#organization\"},\"inLanguage\":\"de\"},{\"@type\":\"Organization\",\"@id\":\"https:\\\/\\\/shop.bantam.ch\\\/de\\\/#organization\",\"name\":\"Bantam\",\"url\":\"https:\\\/\\\/shop.bantam.ch\\\/de\\\/\",\"logo\":{\"@type\":\"ImageObject\",\"inLanguage\":\"de\",\"@id\":\"https:\\\/\\\/shop.bantam.ch\\\/de\\\/#\\\/schema\\\/logo\\\/image\\\/\",\"url\":\"https:\\\/\\\/shop.bantam.ch\\\/wp-content\\\/uploads\\\/2022\\\/12\\\/bantam-logo.png\",\"contentUrl\":\"https:\\\/\\\/shop.bantam.ch\\\/wp-content\\\/uploads\\\/2022\\\/12\\\/bantam-logo.png\",\"width\":320,\"height\":71,\"caption\":\"Bantam\"},\"image\":{\"@id\":\"https:\\\/\\\/shop.bantam.ch\\\/de\\\/#\\\/schema\\\/logo\\\/image\\\/\"}}]}<\/script>\n<!-- \/ Yoast SEO plugin. -->","yoast_head_json":{"title":"Wechselrichter Phoenix 24\/5000 \/ 24V Ausgang 230V \u00b1 2_ Frequenz: 50 Hz \u00b1 0,1_ - Bantam","robots":{"index":"index","follow":"follow","max-snippet":"max-snippet:-1","max-image-preview":"max-image-preview:large","max-video-preview":"max-video-preview:-1"},"canonical":"https:\/\/shop.bantam.ch\/de\/produkt\/wechselrichter-phoenix-24-5000-24v-ausgang-230v-%c2%b1-2_-frequenz-50-hz-%c2%b1-01_\/","og_locale":"de_DE","og_type":"article","og_title":"Wechselrichter Phoenix 24\/5000 \/ 24V Ausgang 230V \u00b1 2_ Frequenz: 50 Hz \u00b1 0,1_ - Bantam","og_description":"Der Inverter Victron 24\/5000 230\u202fV VE.Bus wandelt Gleichstrom von 24\u202fV zuverl\u00e4ssig in 230\u202fV Wechselstrom um und erm\u00f6glicht so den Betrieb von haushalts\u00fcblichen und industriellen Ger\u00e4ten auch unterwegs oder an autarken Stromsystemen. Dank pr\u00e4ziser Spannungs- und Frequenzregelung liefert der Inverter stabile 230\u202fV \u00b1\u202f2\u202f?i 50\u202fHz \u00b1\u202f0,1\u202f% und sch\u00fctzt angeschlossene Verbraucher vor Spannungsschwankungen. Die VE.Bus Schnittstelle erm\u00f6glicht eine [&hellip;]","og_url":"https:\/\/shop.bantam.ch\/de\/produkt\/wechselrichter-phoenix-24-5000-24v-ausgang-230v-%c2%b1-2_-frequenz-50-hz-%c2%b1-01_\/","og_site_name":"Bantam","article_modified_time":"2026-05-08T22:09:26+00:00","og_image":[{"width":640,"height":834,"url":"https:\/\/shop.bantam.ch\/wp-content\/uploads\/2026\/05\/Movera-L-9958663100.png","type":"image\/png"}],"twitter_card":"summary_large_image","schema":{"@context":"https:\/\/schema.org","@graph":[{"@type":"WebPage","@id":"https:\/\/shop.bantam.ch\/de\/produkt\/wechselrichter-phoenix-24-5000-24v-ausgang-230v-%c2%b1-2_-frequenz-50-hz-%c2%b1-01_\/","url":"https:\/\/shop.bantam.ch\/de\/produkt\/wechselrichter-phoenix-24-5000-24v-ausgang-230v-%c2%b1-2_-frequenz-50-hz-%c2%b1-01_\/","name":"Wechselrichter Phoenix 24\/5000 \/ 24V Ausgang 230V \u00b1 2_ Frequenz: 50 Hz \u00b1 0,1_ - Bantam","isPartOf":{"@id":"https:\/\/shop.bantam.ch\/de\/#website"},"primaryImageOfPage":{"@id":"https:\/\/shop.bantam.ch\/de\/produkt\/wechselrichter-phoenix-24-5000-24v-ausgang-230v-%c2%b1-2_-frequenz-50-hz-%c2%b1-01_\/#primaryimage"},"image":{"@id":"https:\/\/shop.bantam.ch\/de\/produkt\/wechselrichter-phoenix-24-5000-24v-ausgang-230v-%c2%b1-2_-frequenz-50-hz-%c2%b1-01_\/#primaryimage"},"thumbnailUrl":"https:\/\/shop.bantam.ch\/wp-content\/uploads\/2026\/05\/Movera-L-9958663100.png","datePublished":"2026-05-06T09:22:48+00:00","dateModified":"2026-05-08T22:09:26+00:00","breadcrumb":{"@id":"https:\/\/shop.bantam.ch\/de\/produkt\/wechselrichter-phoenix-24-5000-24v-ausgang-230v-%c2%b1-2_-frequenz-50-hz-%c2%b1-01_\/#breadcrumb"},"inLanguage":"de","potentialAction":[{"@type":"ReadAction","target":["https:\/\/shop.bantam.ch\/de\/produkt\/wechselrichter-phoenix-24-5000-24v-ausgang-230v-%c2%b1-2_-frequenz-50-hz-%c2%b1-01_\/"]}]},{"@type":"ImageObject","inLanguage":"de","@id":"https:\/\/shop.bantam.ch\/de\/produkt\/wechselrichter-phoenix-24-5000-24v-ausgang-230v-%c2%b1-2_-frequenz-50-hz-%c2%b1-01_\/#primaryimage","url":"https:\/\/shop.bantam.ch\/wp-content\/uploads\/2026\/05\/Movera-L-9958663100.png","contentUrl":"https:\/\/shop.bantam.ch\/wp-content\/uploads\/2026\/05\/Movera-L-9958663100.png","width":640,"height":834},{"@type":"BreadcrumbList","@id":"https:\/\/shop.bantam.ch\/de\/produkt\/wechselrichter-phoenix-24-5000-24v-ausgang-230v-%c2%b1-2_-frequenz-50-hz-%c2%b1-01_\/#breadcrumb","itemListElement":[{"@type":"ListItem","position":1,"name":"Accueil","item":"https:\/\/shop.bantam.ch\/de\/"},{"@type":"ListItem","position":2,"name":"Shop","item":"https:\/\/shop.bantam.ch\/de\/shop\/"},{"@type":"ListItem","position":3,"name":"Wechselrichter Phoenix 24\/5000 \/ 24V Ausgang 230V \u00b1 2_ Frequenz: 50 Hz \u00b1 0,1_"}]},{"@type":"WebSite","@id":"https:\/\/shop.bantam.ch\/de\/#website","url":"https:\/\/shop.bantam.ch\/de\/","name":"Bantam","description":"","publisher":{"@id":"https:\/\/shop.bantam.ch\/de\/#organization"},"inLanguage":"de"},{"@type":"Organization","@id":"https:\/\/shop.bantam.ch\/de\/#organization","name":"Bantam","url":"https:\/\/shop.bantam.ch\/de\/","logo":{"@type":"ImageObject","inLanguage":"de","@id":"https:\/\/shop.bantam.ch\/de\/#\/schema\/logo\/image\/","url":"https:\/\/shop.bantam.ch\/wp-content\/uploads\/2022\/12\/bantam-logo.png","contentUrl":"https:\/\/shop.bantam.ch\/wp-content\/uploads\/2022\/12\/bantam-logo.png","width":320,"height":71,"caption":"Bantam"},"image":{"@id":"https:\/\/shop.bantam.ch\/de\/#\/schema\/logo\/image\/"}}]}},"_links":{"self":[{"href":"https:\/\/shop.bantam.ch\/de\/wp-json\/wp\/v2\/product\/237936","targetHints":{"allow":["GET"]}}],"collection":[{"href":"https:\/\/shop.bantam.ch\/de\/wp-json\/wp\/v2\/product"}],"about":[{"href":"https:\/\/shop.bantam.ch\/de\/wp-json\/wp\/v2\/types\/product"}],"wp:featuredmedia":[{"embeddable":true,"href":"https:\/\/shop.bantam.ch\/de\/wp-json\/wp\/v2\/media\/237934"}],"wp:attachment":[{"href":"https:\/\/shop.bantam.ch\/de\/wp-json\/wp\/v2\/media?parent=237936"}],"wp:term":[{"taxonomy":"product_featured_cat","embeddable":true,"href":"https:\/\/shop.bantam.ch\/de\/wp-json\/wp\/v2\/product_featured_cat?post=237936"},{"taxonomy":"product_brand","embeddable":true,"href":"https:\/\/shop.bantam.ch\/de\/wp-json\/wp\/v2\/product_brand?post=237936"},{"taxonomy":"product_cat","embeddable":true,"href":"https:\/\/shop.bantam.ch\/de\/wp-json\/wp\/v2\/product_cat?post=237936"},{"taxonomy":"product_tag","embeddable":true,"href":"https:\/\/shop.bantam.ch\/de\/wp-json\/wp\/v2\/product_tag?post=237936"}],"curies":[{"name":"wp","href":"https:\/\/api.w.org\/{rel}","templated":true}]}}