{"id":237924,"date":"2026-05-06T11:17:48","date_gmt":"2026-05-06T09:17:48","guid":{"rendered":"https:\/\/shop.bantam.ch\/produit\/hochdruckpumpe-wiederaufladbar-blue-shadow\/"},"modified":"2026-05-06T11:18:47","modified_gmt":"2026-05-06T09:18:47","slug":"hochdruckpumpe-wiederaufladbar-blue-shadow","status":"publish","type":"product","link":"https:\/\/shop.bantam.ch\/de\/produkt\/hochdruckpumpe-wiederaufladbar-blue-shadow\/","title":{"rendered":"Hochdruckpumpe wiederaufladbar, Blue Shadow"},"content":{"rendered":"<p>Die wiederaufladbare Hochdruckpumpe Outwell Tempest ist ideal zum Aufpumpen von Luftzelten, M\u00f6beln, SUPs, Kajaks und mehr. Sie ist f\u00fcr den Au\u00dfeneinsatz konzipiert, bietet ein LCD\u2011Display f\u00fcr pr\u00e4zise Druckeinstellungen und stoppt automatisch, sobald der gew\u00fcnschte Druck erreicht ist. Die Tempest ist per USB\u2011C oder 12\u2011V\u2011Kabel wiederaufladbar und liefert dank leistungsstarkem Akku hohe Mobilit\u00e4t. Sie ist kompakt, leicht, besitzt einen einziehbaren Griff und wird mit sieben D\u00fcsen sowie einem Outwell FHF\u2011Ventiladapter f\u00fcr vielseitige Anwendungen geliefert.<\/p>\n","protected":false},"excerpt":{"rendered":"<p>Die wiederaufladbare Hochdruckpumpe Outwell Tempest ist ideal zum Aufpumpen von Luftzelten, M\u00f6beln, SUPs, Kajaks und mehr. Sie ist f\u00fcr den Au\u00dfeneinsatz konzipiert, bietet ein LCD\u2011Display f\u00fcr pr\u00e4zise Druckeinstellungen und stoppt automatisch, sobald der gew\u00fcnschte Druck erreicht ist. Die Tempest ist per USB\u2011C oder 12\u2011V\u2011Kabel wiederaufladbar und liefert dank leistungsstarkem Akku hohe Mobilit\u00e4t. Sie ist kompakt, [&hellip;]<\/p>\n","protected":false},"featured_media":237916,"template":"","meta":{"_acf_changed":false},"product_featured_cat":[],"product_brand":[3297],"product_cat":[4030],"product_tag":[],"class_list":{"0":"post-237924","1":"product","2":"type-product","3":"status-publish","4":"has-post-thumbnail","6":"product_brand-outwell-de","7":"product_cat-luftpumpen","9":"first","10":"instock","11":"taxable","12":"shipping-taxable","13":"purchasable","14":"product-type-simple"},"acf":[],"yoast_head":"<!-- This site is optimized with the Yoast SEO plugin v27.5 - https:\/\/yoast.com\/product\/yoast-seo-wordpress\/ -->\n<title>Hochdruckpumpe wiederaufladbar, Blue Shadow - Bantam<\/title>\n<meta name=\"robots\" content=\"index, follow, max-snippet:-1, max-image-preview:large, max-video-preview:-1\" \/>\n<link rel=\"canonical\" href=\"https:\/\/shop.bantam.ch\/de\/produkt\/hochdruckpumpe-wiederaufladbar-blue-shadow\/\" \/>\n<meta property=\"og:locale\" content=\"de_DE\" \/>\n<meta property=\"og:type\" content=\"article\" \/>\n<meta property=\"og:title\" content=\"Hochdruckpumpe wiederaufladbar, Blue Shadow - Bantam\" \/>\n<meta property=\"og:description\" content=\"Die wiederaufladbare Hochdruckpumpe Outwell Tempest ist ideal zum Aufpumpen von Luftzelten, M\u00f6beln, SUPs, Kajaks und mehr. Sie ist f\u00fcr den Au\u00dfeneinsatz konzipiert, bietet ein LCD\u2011Display f\u00fcr pr\u00e4zise Druckeinstellungen und stoppt automatisch, sobald der gew\u00fcnschte Druck erreicht ist. Die Tempest ist per USB\u2011C oder 12\u2011V\u2011Kabel wiederaufladbar und liefert dank leistungsstarkem Akku hohe Mobilit\u00e4t. Sie ist kompakt, [&hellip;]\" \/>\n<meta property=\"og:url\" content=\"https:\/\/shop.bantam.ch\/de\/produkt\/hochdruckpumpe-wiederaufladbar-blue-shadow\/\" \/>\n<meta property=\"og:site_name\" content=\"Bantam\" \/>\n<meta property=\"article:modified_time\" content=\"2026-05-06T09:18:47+00:00\" \/>\n<meta property=\"og:image\" content=\"https:\/\/shop.bantam.ch\/wp-content\/uploads\/2026\/05\/Movera-L-9958642100.jpg\" \/>\n\t<meta property=\"og:image:width\" content=\"640\" \/>\n\t<meta property=\"og:image:height\" content=\"360\" \/>\n\t<meta property=\"og:image:type\" content=\"image\/jpeg\" \/>\n<meta name=\"twitter:card\" content=\"summary_large_image\" \/>\n<script type=\"application\/ld+json\" class=\"yoast-schema-graph\">{\"@context\":\"https:\\\/\\\/schema.org\",\"@graph\":[{\"@type\":\"WebPage\",\"@id\":\"https:\\\/\\\/shop.bantam.ch\\\/de\\\/produkt\\\/hochdruckpumpe-wiederaufladbar-blue-shadow\\\/\",\"url\":\"https:\\\/\\\/shop.bantam.ch\\\/de\\\/produkt\\\/hochdruckpumpe-wiederaufladbar-blue-shadow\\\/\",\"name\":\"Hochdruckpumpe wiederaufladbar, Blue Shadow - Bantam\",\"isPartOf\":{\"@id\":\"https:\\\/\\\/shop.bantam.ch\\\/de\\\/#website\"},\"primaryImageOfPage\":{\"@id\":\"https:\\\/\\\/shop.bantam.ch\\\/de\\\/produkt\\\/hochdruckpumpe-wiederaufladbar-blue-shadow\\\/#primaryimage\"},\"image\":{\"@id\":\"https:\\\/\\\/shop.bantam.ch\\\/de\\\/produkt\\\/hochdruckpumpe-wiederaufladbar-blue-shadow\\\/#primaryimage\"},\"thumbnailUrl\":\"https:\\\/\\\/shop.bantam.ch\\\/wp-content\\\/uploads\\\/2026\\\/05\\\/Movera-L-9958642100.jpg\",\"datePublished\":\"2026-05-06T09:17:48+00:00\",\"dateModified\":\"2026-05-06T09:18:47+00:00\",\"breadcrumb\":{\"@id\":\"https:\\\/\\\/shop.bantam.ch\\\/de\\\/produkt\\\/hochdruckpumpe-wiederaufladbar-blue-shadow\\\/#breadcrumb\"},\"inLanguage\":\"de\",\"potentialAction\":[{\"@type\":\"ReadAction\",\"target\":[\"https:\\\/\\\/shop.bantam.ch\\\/de\\\/produkt\\\/hochdruckpumpe-wiederaufladbar-blue-shadow\\\/\"]}]},{\"@type\":\"ImageObject\",\"inLanguage\":\"de\",\"@id\":\"https:\\\/\\\/shop.bantam.ch\\\/de\\\/produkt\\\/hochdruckpumpe-wiederaufladbar-blue-shadow\\\/#primaryimage\",\"url\":\"https:\\\/\\\/shop.bantam.ch\\\/wp-content\\\/uploads\\\/2026\\\/05\\\/Movera-L-9958642100.jpg\",\"contentUrl\":\"https:\\\/\\\/shop.bantam.ch\\\/wp-content\\\/uploads\\\/2026\\\/05\\\/Movera-L-9958642100.jpg\",\"width\":640,\"height\":360},{\"@type\":\"BreadcrumbList\",\"@id\":\"https:\\\/\\\/shop.bantam.ch\\\/de\\\/produkt\\\/hochdruckpumpe-wiederaufladbar-blue-shadow\\\/#breadcrumb\",\"itemListElement\":[{\"@type\":\"ListItem\",\"position\":1,\"name\":\"Accueil\",\"item\":\"https:\\\/\\\/shop.bantam.ch\\\/de\\\/\"},{\"@type\":\"ListItem\",\"position\":2,\"name\":\"Shop\",\"item\":\"https:\\\/\\\/shop.bantam.ch\\\/de\\\/shop\\\/\"},{\"@type\":\"ListItem\",\"position\":3,\"name\":\"Hochdruckpumpe wiederaufladbar, Blue Shadow\"}]},{\"@type\":\"WebSite\",\"@id\":\"https:\\\/\\\/shop.bantam.ch\\\/de\\\/#website\",\"url\":\"https:\\\/\\\/shop.bantam.ch\\\/de\\\/\",\"name\":\"Bantam\",\"description\":\"\",\"publisher\":{\"@id\":\"https:\\\/\\\/shop.bantam.ch\\\/de\\\/#organization\"},\"inLanguage\":\"de\"},{\"@type\":\"Organization\",\"@id\":\"https:\\\/\\\/shop.bantam.ch\\\/de\\\/#organization\",\"name\":\"Bantam\",\"url\":\"https:\\\/\\\/shop.bantam.ch\\\/de\\\/\",\"logo\":{\"@type\":\"ImageObject\",\"inLanguage\":\"de\",\"@id\":\"https:\\\/\\\/shop.bantam.ch\\\/de\\\/#\\\/schema\\\/logo\\\/image\\\/\",\"url\":\"https:\\\/\\\/shop.bantam.ch\\\/wp-content\\\/uploads\\\/2022\\\/12\\\/bantam-logo.png\",\"contentUrl\":\"https:\\\/\\\/shop.bantam.ch\\\/wp-content\\\/uploads\\\/2022\\\/12\\\/bantam-logo.png\",\"width\":320,\"height\":71,\"caption\":\"Bantam\"},\"image\":{\"@id\":\"https:\\\/\\\/shop.bantam.ch\\\/de\\\/#\\\/schema\\\/logo\\\/image\\\/\"}}]}<\/script>\n<!-- \/ Yoast SEO plugin. -->","yoast_head_json":{"title":"Hochdruckpumpe wiederaufladbar, Blue Shadow - Bantam","robots":{"index":"index","follow":"follow","max-snippet":"max-snippet:-1","max-image-preview":"max-image-preview:large","max-video-preview":"max-video-preview:-1"},"canonical":"https:\/\/shop.bantam.ch\/de\/produkt\/hochdruckpumpe-wiederaufladbar-blue-shadow\/","og_locale":"de_DE","og_type":"article","og_title":"Hochdruckpumpe wiederaufladbar, Blue Shadow - Bantam","og_description":"Die wiederaufladbare Hochdruckpumpe Outwell Tempest ist ideal zum Aufpumpen von Luftzelten, M\u00f6beln, SUPs, Kajaks und mehr. Sie ist f\u00fcr den Au\u00dfeneinsatz konzipiert, bietet ein LCD\u2011Display f\u00fcr pr\u00e4zise Druckeinstellungen und stoppt automatisch, sobald der gew\u00fcnschte Druck erreicht ist. Die Tempest ist per USB\u2011C oder 12\u2011V\u2011Kabel wiederaufladbar und liefert dank leistungsstarkem Akku hohe Mobilit\u00e4t. Sie ist kompakt, [&hellip;]","og_url":"https:\/\/shop.bantam.ch\/de\/produkt\/hochdruckpumpe-wiederaufladbar-blue-shadow\/","og_site_name":"Bantam","article_modified_time":"2026-05-06T09:18:47+00:00","og_image":[{"width":640,"height":360,"url":"https:\/\/shop.bantam.ch\/wp-content\/uploads\/2026\/05\/Movera-L-9958642100.jpg","type":"image\/jpeg"}],"twitter_card":"summary_large_image","schema":{"@context":"https:\/\/schema.org","@graph":[{"@type":"WebPage","@id":"https:\/\/shop.bantam.ch\/de\/produkt\/hochdruckpumpe-wiederaufladbar-blue-shadow\/","url":"https:\/\/shop.bantam.ch\/de\/produkt\/hochdruckpumpe-wiederaufladbar-blue-shadow\/","name":"Hochdruckpumpe wiederaufladbar, Blue Shadow - Bantam","isPartOf":{"@id":"https:\/\/shop.bantam.ch\/de\/#website"},"primaryImageOfPage":{"@id":"https:\/\/shop.bantam.ch\/de\/produkt\/hochdruckpumpe-wiederaufladbar-blue-shadow\/#primaryimage"},"image":{"@id":"https:\/\/shop.bantam.ch\/de\/produkt\/hochdruckpumpe-wiederaufladbar-blue-shadow\/#primaryimage"},"thumbnailUrl":"https:\/\/shop.bantam.ch\/wp-content\/uploads\/2026\/05\/Movera-L-9958642100.jpg","datePublished":"2026-05-06T09:17:48+00:00","dateModified":"2026-05-06T09:18:47+00:00","breadcrumb":{"@id":"https:\/\/shop.bantam.ch\/de\/produkt\/hochdruckpumpe-wiederaufladbar-blue-shadow\/#breadcrumb"},"inLanguage":"de","potentialAction":[{"@type":"ReadAction","target":["https:\/\/shop.bantam.ch\/de\/produkt\/hochdruckpumpe-wiederaufladbar-blue-shadow\/"]}]},{"@type":"ImageObject","inLanguage":"de","@id":"https:\/\/shop.bantam.ch\/de\/produkt\/hochdruckpumpe-wiederaufladbar-blue-shadow\/#primaryimage","url":"https:\/\/shop.bantam.ch\/wp-content\/uploads\/2026\/05\/Movera-L-9958642100.jpg","contentUrl":"https:\/\/shop.bantam.ch\/wp-content\/uploads\/2026\/05\/Movera-L-9958642100.jpg","width":640,"height":360},{"@type":"BreadcrumbList","@id":"https:\/\/shop.bantam.ch\/de\/produkt\/hochdruckpumpe-wiederaufladbar-blue-shadow\/#breadcrumb","itemListElement":[{"@type":"ListItem","position":1,"name":"Accueil","item":"https:\/\/shop.bantam.ch\/de\/"},{"@type":"ListItem","position":2,"name":"Shop","item":"https:\/\/shop.bantam.ch\/de\/shop\/"},{"@type":"ListItem","position":3,"name":"Hochdruckpumpe wiederaufladbar, Blue Shadow"}]},{"@type":"WebSite","@id":"https:\/\/shop.bantam.ch\/de\/#website","url":"https:\/\/shop.bantam.ch\/de\/","name":"Bantam","description":"","publisher":{"@id":"https:\/\/shop.bantam.ch\/de\/#organization"},"inLanguage":"de"},{"@type":"Organization","@id":"https:\/\/shop.bantam.ch\/de\/#organization","name":"Bantam","url":"https:\/\/shop.bantam.ch\/de\/","logo":{"@type":"ImageObject","inLanguage":"de","@id":"https:\/\/shop.bantam.ch\/de\/#\/schema\/logo\/image\/","url":"https:\/\/shop.bantam.ch\/wp-content\/uploads\/2022\/12\/bantam-logo.png","contentUrl":"https:\/\/shop.bantam.ch\/wp-content\/uploads\/2022\/12\/bantam-logo.png","width":320,"height":71,"caption":"Bantam"},"image":{"@id":"https:\/\/shop.bantam.ch\/de\/#\/schema\/logo\/image\/"}}]}},"_links":{"self":[{"href":"https:\/\/shop.bantam.ch\/de\/wp-json\/wp\/v2\/product\/237924","targetHints":{"allow":["GET"]}}],"collection":[{"href":"https:\/\/shop.bantam.ch\/de\/wp-json\/wp\/v2\/product"}],"about":[{"href":"https:\/\/shop.bantam.ch\/de\/wp-json\/wp\/v2\/types\/product"}],"wp:featuredmedia":[{"embeddable":true,"href":"https:\/\/shop.bantam.ch\/de\/wp-json\/wp\/v2\/media\/237916"}],"wp:attachment":[{"href":"https:\/\/shop.bantam.ch\/de\/wp-json\/wp\/v2\/media?parent=237924"}],"wp:term":[{"taxonomy":"product_featured_cat","embeddable":true,"href":"https:\/\/shop.bantam.ch\/de\/wp-json\/wp\/v2\/product_featured_cat?post=237924"},{"taxonomy":"product_brand","embeddable":true,"href":"https:\/\/shop.bantam.ch\/de\/wp-json\/wp\/v2\/product_brand?post=237924"},{"taxonomy":"product_cat","embeddable":true,"href":"https:\/\/shop.bantam.ch\/de\/wp-json\/wp\/v2\/product_cat?post=237924"},{"taxonomy":"product_tag","embeddable":true,"href":"https:\/\/shop.bantam.ch\/de\/wp-json\/wp\/v2\/product_tag?post=237924"}],"curies":[{"name":"wp","href":"https:\/\/api.w.org\/{rel}","templated":true}]}}