{"id":237908,"date":"2026-05-06T11:14:24","date_gmt":"2026-05-06T09:14:24","guid":{"rendered":"https:\/\/shop.bantam.ch\/produit\/spiegelschutz-bumper-fuer-mercedes-sprinter-ab-baujahr-2007-set-2-stueck-schwarz\/"},"modified":"2026-05-06T11:15:25","modified_gmt":"2026-05-06T09:15:25","slug":"spiegelschutz-bumper-fuer-mercedes-sprinter-ab-baujahr-2007-set-2-stueck-schwarz","status":"publish","type":"product","link":"https:\/\/shop.bantam.ch\/de\/produkt\/spiegelschutz-bumper-fuer-mercedes-sprinter-ab-baujahr-2007-set-2-stueck-schwarz\/","title":{"rendered":"Spiegelschutz Bumper f\u00fcr Mercedes Sprinter ab Baujahr 2007 Set 2 St\u00fcck, schwarz"},"content":{"rendered":"<p>Milenco Spiegelschutz-Sto\u00dff\u00e4nger wurden entwickelt und konstruiert, um ein H\u00f6chstma\u00df an Schutz zu bieten. Sie dienen dazu, vorhandene Spiegelsch\u00e4den abzudecken und vor St\u00f6\u00dfen zu sch\u00fctzen.<br \/>\nMit einer gerippten Form an den Au\u00dfenkanten und einer mehrschichtigen H\u00fclle mit einer Dicke von bis zu 6 mm an kritischen Stellen lenken diese Schutzvorrichtungen Objekte ab, sch\u00fctzen die seitlichen Blinker und absorbieren und verteilen Aufprallkr\u00e4fte, um den Spiegel Ihres Fahrzeugs zu sch\u00fctzen.<br \/>\nUmschlie\u00dft den Fahrzeugspiegel perfekt und sorgt mit einem aufschraubbaren Clip f\u00fcr einen sicheren Sitz.<\/p>\n<p>Lieferumfang:<\/p>\n<p>1 Paar<\/p>\n","protected":false},"excerpt":{"rendered":"<p>Milenco Spiegelschutz-Sto\u00dff\u00e4nger wurden entwickelt und konstruiert, um ein H\u00f6chstma\u00df an Schutz zu bieten. Sie dienen dazu, vorhandene Spiegelsch\u00e4den abzudecken und vor St\u00f6\u00dfen zu sch\u00fctzen. Mit einer gerippten Form an den Au\u00dfenkanten und einer mehrschichtigen H\u00fclle mit einer Dicke von bis zu 6 mm an kritischen Stellen lenken diese Schutzvorrichtungen Objekte ab, sch\u00fctzen die seitlichen Blinker [&hellip;]<\/p>\n","protected":false},"featured_media":237906,"template":"","meta":{"_acf_changed":false},"product_featured_cat":[],"product_brand":[3143],"product_cat":[4834],"product_tag":[],"class_list":{"0":"post-237908","1":"product","2":"type-product","3":"status-publish","4":"has-post-thumbnail","6":"product_brand-milenco-de","7":"product_cat-zubehoer-fuer-wohnwagenspiegel","9":"first","10":"instock","11":"taxable","12":"shipping-taxable","13":"purchasable","14":"product-type-simple"},"acf":[],"yoast_head":"<!-- This site is optimized with the Yoast SEO plugin v27.5 - https:\/\/yoast.com\/product\/yoast-seo-wordpress\/ -->\n<title>Spiegelschutz Bumper f\u00fcr Mercedes Sprinter ab Baujahr 2007 Set 2 St\u00fcck, schwarz - Bantam<\/title>\n<meta name=\"robots\" content=\"index, follow, max-snippet:-1, max-image-preview:large, max-video-preview:-1\" \/>\n<link rel=\"canonical\" href=\"https:\/\/shop.bantam.ch\/de\/produkt\/spiegelschutz-bumper-fuer-mercedes-sprinter-ab-baujahr-2007-set-2-stueck-schwarz\/\" \/>\n<meta property=\"og:locale\" content=\"de_DE\" \/>\n<meta property=\"og:type\" content=\"article\" \/>\n<meta property=\"og:title\" content=\"Spiegelschutz Bumper f\u00fcr Mercedes Sprinter ab Baujahr 2007 Set 2 St\u00fcck, schwarz - Bantam\" \/>\n<meta property=\"og:description\" content=\"Milenco Spiegelschutz-Sto\u00dff\u00e4nger wurden entwickelt und konstruiert, um ein H\u00f6chstma\u00df an Schutz zu bieten. Sie dienen dazu, vorhandene Spiegelsch\u00e4den abzudecken und vor St\u00f6\u00dfen zu sch\u00fctzen. Mit einer gerippten Form an den Au\u00dfenkanten und einer mehrschichtigen H\u00fclle mit einer Dicke von bis zu 6 mm an kritischen Stellen lenken diese Schutzvorrichtungen Objekte ab, sch\u00fctzen die seitlichen Blinker [&hellip;]\" \/>\n<meta property=\"og:url\" content=\"https:\/\/shop.bantam.ch\/de\/produkt\/spiegelschutz-bumper-fuer-mercedes-sprinter-ab-baujahr-2007-set-2-stueck-schwarz\/\" \/>\n<meta property=\"og:site_name\" content=\"Bantam\" \/>\n<meta property=\"article:modified_time\" content=\"2026-05-06T09:15:25+00:00\" \/>\n<meta property=\"og:image\" content=\"https:\/\/shop.bantam.ch\/wp-content\/uploads\/2026\/05\/Movera-L-9957999100.jpg\" \/>\n\t<meta property=\"og:image:width\" content=\"640\" \/>\n\t<meta property=\"og:image:height\" content=\"853\" \/>\n\t<meta property=\"og:image:type\" content=\"image\/jpeg\" \/>\n<meta name=\"twitter:card\" content=\"summary_large_image\" \/>\n<script type=\"application\/ld+json\" class=\"yoast-schema-graph\">{\"@context\":\"https:\\\/\\\/schema.org\",\"@graph\":[{\"@type\":\"WebPage\",\"@id\":\"https:\\\/\\\/shop.bantam.ch\\\/de\\\/produkt\\\/spiegelschutz-bumper-fuer-mercedes-sprinter-ab-baujahr-2007-set-2-stueck-schwarz\\\/\",\"url\":\"https:\\\/\\\/shop.bantam.ch\\\/de\\\/produkt\\\/spiegelschutz-bumper-fuer-mercedes-sprinter-ab-baujahr-2007-set-2-stueck-schwarz\\\/\",\"name\":\"Spiegelschutz Bumper f\u00fcr Mercedes Sprinter ab Baujahr 2007 Set 2 St\u00fcck, schwarz - Bantam\",\"isPartOf\":{\"@id\":\"https:\\\/\\\/shop.bantam.ch\\\/de\\\/#website\"},\"primaryImageOfPage\":{\"@id\":\"https:\\\/\\\/shop.bantam.ch\\\/de\\\/produkt\\\/spiegelschutz-bumper-fuer-mercedes-sprinter-ab-baujahr-2007-set-2-stueck-schwarz\\\/#primaryimage\"},\"image\":{\"@id\":\"https:\\\/\\\/shop.bantam.ch\\\/de\\\/produkt\\\/spiegelschutz-bumper-fuer-mercedes-sprinter-ab-baujahr-2007-set-2-stueck-schwarz\\\/#primaryimage\"},\"thumbnailUrl\":\"https:\\\/\\\/shop.bantam.ch\\\/wp-content\\\/uploads\\\/2026\\\/05\\\/Movera-L-9957999100.jpg\",\"datePublished\":\"2026-05-06T09:14:24+00:00\",\"dateModified\":\"2026-05-06T09:15:25+00:00\",\"breadcrumb\":{\"@id\":\"https:\\\/\\\/shop.bantam.ch\\\/de\\\/produkt\\\/spiegelschutz-bumper-fuer-mercedes-sprinter-ab-baujahr-2007-set-2-stueck-schwarz\\\/#breadcrumb\"},\"inLanguage\":\"de\",\"potentialAction\":[{\"@type\":\"ReadAction\",\"target\":[\"https:\\\/\\\/shop.bantam.ch\\\/de\\\/produkt\\\/spiegelschutz-bumper-fuer-mercedes-sprinter-ab-baujahr-2007-set-2-stueck-schwarz\\\/\"]}]},{\"@type\":\"ImageObject\",\"inLanguage\":\"de\",\"@id\":\"https:\\\/\\\/shop.bantam.ch\\\/de\\\/produkt\\\/spiegelschutz-bumper-fuer-mercedes-sprinter-ab-baujahr-2007-set-2-stueck-schwarz\\\/#primaryimage\",\"url\":\"https:\\\/\\\/shop.bantam.ch\\\/wp-content\\\/uploads\\\/2026\\\/05\\\/Movera-L-9957999100.jpg\",\"contentUrl\":\"https:\\\/\\\/shop.bantam.ch\\\/wp-content\\\/uploads\\\/2026\\\/05\\\/Movera-L-9957999100.jpg\",\"width\":640,\"height\":853},{\"@type\":\"BreadcrumbList\",\"@id\":\"https:\\\/\\\/shop.bantam.ch\\\/de\\\/produkt\\\/spiegelschutz-bumper-fuer-mercedes-sprinter-ab-baujahr-2007-set-2-stueck-schwarz\\\/#breadcrumb\",\"itemListElement\":[{\"@type\":\"ListItem\",\"position\":1,\"name\":\"Accueil\",\"item\":\"https:\\\/\\\/shop.bantam.ch\\\/de\\\/\"},{\"@type\":\"ListItem\",\"position\":2,\"name\":\"Shop\",\"item\":\"https:\\\/\\\/shop.bantam.ch\\\/de\\\/shop\\\/\"},{\"@type\":\"ListItem\",\"position\":3,\"name\":\"Spiegelschutz Bumper f\u00fcr Mercedes Sprinter ab Baujahr 2007 Set 2 St\u00fcck, schwarz\"}]},{\"@type\":\"WebSite\",\"@id\":\"https:\\\/\\\/shop.bantam.ch\\\/de\\\/#website\",\"url\":\"https:\\\/\\\/shop.bantam.ch\\\/de\\\/\",\"name\":\"Bantam\",\"description\":\"\",\"publisher\":{\"@id\":\"https:\\\/\\\/shop.bantam.ch\\\/de\\\/#organization\"},\"inLanguage\":\"de\"},{\"@type\":\"Organization\",\"@id\":\"https:\\\/\\\/shop.bantam.ch\\\/de\\\/#organization\",\"name\":\"Bantam\",\"url\":\"https:\\\/\\\/shop.bantam.ch\\\/de\\\/\",\"logo\":{\"@type\":\"ImageObject\",\"inLanguage\":\"de\",\"@id\":\"https:\\\/\\\/shop.bantam.ch\\\/de\\\/#\\\/schema\\\/logo\\\/image\\\/\",\"url\":\"https:\\\/\\\/shop.bantam.ch\\\/wp-content\\\/uploads\\\/2022\\\/12\\\/bantam-logo.png\",\"contentUrl\":\"https:\\\/\\\/shop.bantam.ch\\\/wp-content\\\/uploads\\\/2022\\\/12\\\/bantam-logo.png\",\"width\":320,\"height\":71,\"caption\":\"Bantam\"},\"image\":{\"@id\":\"https:\\\/\\\/shop.bantam.ch\\\/de\\\/#\\\/schema\\\/logo\\\/image\\\/\"}}]}<\/script>\n<!-- \/ Yoast SEO plugin. -->","yoast_head_json":{"title":"Spiegelschutz Bumper f\u00fcr Mercedes Sprinter ab Baujahr 2007 Set 2 St\u00fcck, schwarz - Bantam","robots":{"index":"index","follow":"follow","max-snippet":"max-snippet:-1","max-image-preview":"max-image-preview:large","max-video-preview":"max-video-preview:-1"},"canonical":"https:\/\/shop.bantam.ch\/de\/produkt\/spiegelschutz-bumper-fuer-mercedes-sprinter-ab-baujahr-2007-set-2-stueck-schwarz\/","og_locale":"de_DE","og_type":"article","og_title":"Spiegelschutz Bumper f\u00fcr Mercedes Sprinter ab Baujahr 2007 Set 2 St\u00fcck, schwarz - Bantam","og_description":"Milenco Spiegelschutz-Sto\u00dff\u00e4nger wurden entwickelt und konstruiert, um ein H\u00f6chstma\u00df an Schutz zu bieten. Sie dienen dazu, vorhandene Spiegelsch\u00e4den abzudecken und vor St\u00f6\u00dfen zu sch\u00fctzen. Mit einer gerippten Form an den Au\u00dfenkanten und einer mehrschichtigen H\u00fclle mit einer Dicke von bis zu 6 mm an kritischen Stellen lenken diese Schutzvorrichtungen Objekte ab, sch\u00fctzen die seitlichen Blinker [&hellip;]","og_url":"https:\/\/shop.bantam.ch\/de\/produkt\/spiegelschutz-bumper-fuer-mercedes-sprinter-ab-baujahr-2007-set-2-stueck-schwarz\/","og_site_name":"Bantam","article_modified_time":"2026-05-06T09:15:25+00:00","og_image":[{"width":640,"height":853,"url":"https:\/\/shop.bantam.ch\/wp-content\/uploads\/2026\/05\/Movera-L-9957999100.jpg","type":"image\/jpeg"}],"twitter_card":"summary_large_image","schema":{"@context":"https:\/\/schema.org","@graph":[{"@type":"WebPage","@id":"https:\/\/shop.bantam.ch\/de\/produkt\/spiegelschutz-bumper-fuer-mercedes-sprinter-ab-baujahr-2007-set-2-stueck-schwarz\/","url":"https:\/\/shop.bantam.ch\/de\/produkt\/spiegelschutz-bumper-fuer-mercedes-sprinter-ab-baujahr-2007-set-2-stueck-schwarz\/","name":"Spiegelschutz Bumper f\u00fcr Mercedes Sprinter ab Baujahr 2007 Set 2 St\u00fcck, schwarz - Bantam","isPartOf":{"@id":"https:\/\/shop.bantam.ch\/de\/#website"},"primaryImageOfPage":{"@id":"https:\/\/shop.bantam.ch\/de\/produkt\/spiegelschutz-bumper-fuer-mercedes-sprinter-ab-baujahr-2007-set-2-stueck-schwarz\/#primaryimage"},"image":{"@id":"https:\/\/shop.bantam.ch\/de\/produkt\/spiegelschutz-bumper-fuer-mercedes-sprinter-ab-baujahr-2007-set-2-stueck-schwarz\/#primaryimage"},"thumbnailUrl":"https:\/\/shop.bantam.ch\/wp-content\/uploads\/2026\/05\/Movera-L-9957999100.jpg","datePublished":"2026-05-06T09:14:24+00:00","dateModified":"2026-05-06T09:15:25+00:00","breadcrumb":{"@id":"https:\/\/shop.bantam.ch\/de\/produkt\/spiegelschutz-bumper-fuer-mercedes-sprinter-ab-baujahr-2007-set-2-stueck-schwarz\/#breadcrumb"},"inLanguage":"de","potentialAction":[{"@type":"ReadAction","target":["https:\/\/shop.bantam.ch\/de\/produkt\/spiegelschutz-bumper-fuer-mercedes-sprinter-ab-baujahr-2007-set-2-stueck-schwarz\/"]}]},{"@type":"ImageObject","inLanguage":"de","@id":"https:\/\/shop.bantam.ch\/de\/produkt\/spiegelschutz-bumper-fuer-mercedes-sprinter-ab-baujahr-2007-set-2-stueck-schwarz\/#primaryimage","url":"https:\/\/shop.bantam.ch\/wp-content\/uploads\/2026\/05\/Movera-L-9957999100.jpg","contentUrl":"https:\/\/shop.bantam.ch\/wp-content\/uploads\/2026\/05\/Movera-L-9957999100.jpg","width":640,"height":853},{"@type":"BreadcrumbList","@id":"https:\/\/shop.bantam.ch\/de\/produkt\/spiegelschutz-bumper-fuer-mercedes-sprinter-ab-baujahr-2007-set-2-stueck-schwarz\/#breadcrumb","itemListElement":[{"@type":"ListItem","position":1,"name":"Accueil","item":"https:\/\/shop.bantam.ch\/de\/"},{"@type":"ListItem","position":2,"name":"Shop","item":"https:\/\/shop.bantam.ch\/de\/shop\/"},{"@type":"ListItem","position":3,"name":"Spiegelschutz Bumper f\u00fcr Mercedes Sprinter ab Baujahr 2007 Set 2 St\u00fcck, schwarz"}]},{"@type":"WebSite","@id":"https:\/\/shop.bantam.ch\/de\/#website","url":"https:\/\/shop.bantam.ch\/de\/","name":"Bantam","description":"","publisher":{"@id":"https:\/\/shop.bantam.ch\/de\/#organization"},"inLanguage":"de"},{"@type":"Organization","@id":"https:\/\/shop.bantam.ch\/de\/#organization","name":"Bantam","url":"https:\/\/shop.bantam.ch\/de\/","logo":{"@type":"ImageObject","inLanguage":"de","@id":"https:\/\/shop.bantam.ch\/de\/#\/schema\/logo\/image\/","url":"https:\/\/shop.bantam.ch\/wp-content\/uploads\/2022\/12\/bantam-logo.png","contentUrl":"https:\/\/shop.bantam.ch\/wp-content\/uploads\/2022\/12\/bantam-logo.png","width":320,"height":71,"caption":"Bantam"},"image":{"@id":"https:\/\/shop.bantam.ch\/de\/#\/schema\/logo\/image\/"}}]}},"_links":{"self":[{"href":"https:\/\/shop.bantam.ch\/de\/wp-json\/wp\/v2\/product\/237908","targetHints":{"allow":["GET"]}}],"collection":[{"href":"https:\/\/shop.bantam.ch\/de\/wp-json\/wp\/v2\/product"}],"about":[{"href":"https:\/\/shop.bantam.ch\/de\/wp-json\/wp\/v2\/types\/product"}],"wp:featuredmedia":[{"embeddable":true,"href":"https:\/\/shop.bantam.ch\/de\/wp-json\/wp\/v2\/media\/237906"}],"wp:attachment":[{"href":"https:\/\/shop.bantam.ch\/de\/wp-json\/wp\/v2\/media?parent=237908"}],"wp:term":[{"taxonomy":"product_featured_cat","embeddable":true,"href":"https:\/\/shop.bantam.ch\/de\/wp-json\/wp\/v2\/product_featured_cat?post=237908"},{"taxonomy":"product_brand","embeddable":true,"href":"https:\/\/shop.bantam.ch\/de\/wp-json\/wp\/v2\/product_brand?post=237908"},{"taxonomy":"product_cat","embeddable":true,"href":"https:\/\/shop.bantam.ch\/de\/wp-json\/wp\/v2\/product_cat?post=237908"},{"taxonomy":"product_tag","embeddable":true,"href":"https:\/\/shop.bantam.ch\/de\/wp-json\/wp\/v2\/product_tag?post=237908"}],"curies":[{"name":"wp","href":"https:\/\/api.w.org\/{rel}","templated":true}]}}