{"id":237888,"date":"2026-05-06T11:07:33","date_gmt":"2026-05-06T09:07:33","guid":{"rendered":"https:\/\/shop.bantam.ch\/produit\/ferndisplay-gx-touch-70-fuer-cerbo-gx-7-zoll-usb-hdmi\/"},"modified":"2026-05-09T00:09:04","modified_gmt":"2026-05-08T22:09:04","slug":"ferndisplay-gx-touch-70-fuer-cerbo-gx-7-zoll-usb-hdmi","status":"publish","type":"product","link":"https:\/\/shop.bantam.ch\/de\/produkt\/ferndisplay-gx-touch-70-fuer-cerbo-gx-7-zoll-usb-hdmi\/","title":{"rendered":"Ferndisplay GX Touch 70 f\u00fcr CERBO GX 7 Zoll, USB, HDMI"},"content":{"rendered":"<p>Der GX Touch 70 ist ein Display Zubeh\u00f6r f\u00fcr den Cerbo GX. Das sieben Zoll gro\u00dfe Touchscreen Display bietet einen sofortigen \u00dcberblick \u00fcber Ihr gesamtes System und erm\u00f6glicht eine direkte Anpassung s\u00e4mtlicher Einstellungen. Der Anschluss erfolgt unkompliziert \u00fcber ein einziges Kabel direkt am Cerbo GX.<\/p>\n<p>Das GX Touch 70 verf\u00fcgt \u00fcber ein wasserdichtes Geh\u00e4use, ist von oben montierbar und l\u00e4sst sich schnell und einfach installieren. Die mitgelieferte Schutzh\u00fclle sch\u00fctzt das Display bei l\u00e4ngerer Sonneneinstrahlung zuverl\u00e4ssig vor Sch\u00e4den durch UV Licht.<\/p>\n","protected":false},"excerpt":{"rendered":"<p>Der GX Touch 70 ist ein Display Zubeh\u00f6r f\u00fcr den Cerbo GX. Das sieben Zoll gro\u00dfe Touchscreen Display bietet einen sofortigen \u00dcberblick \u00fcber Ihr gesamtes System und erm\u00f6glicht eine direkte Anpassung s\u00e4mtlicher Einstellungen. Der Anschluss erfolgt unkompliziert \u00fcber ein einziges Kabel direkt am Cerbo GX. Das GX Touch 70 verf\u00fcgt \u00fcber ein wasserdichtes Geh\u00e4use, ist [&hellip;]<\/p>\n","protected":false},"featured_media":237886,"template":"","meta":{"_acf_changed":false},"product_featured_cat":[],"product_brand":[3507],"product_cat":[4864],"product_tag":[],"class_list":{"0":"post-237888","1":"product","2":"type-product","3":"status-publish","4":"has-post-thumbnail","6":"product_brand-victron-de","7":"product_cat-zubehoer-fuer-stromerzeuger","9":"first","10":"instock","11":"taxable","12":"shipping-taxable","13":"purchasable","14":"product-type-simple"},"acf":[],"yoast_head":"<!-- This site is optimized with the Yoast SEO plugin v27.5 - https:\/\/yoast.com\/product\/yoast-seo-wordpress\/ -->\n<title>Ferndisplay GX Touch 70 f\u00fcr CERBO GX 7 Zoll, USB, HDMI - Bantam<\/title>\n<meta name=\"robots\" content=\"index, follow, max-snippet:-1, max-image-preview:large, max-video-preview:-1\" \/>\n<link rel=\"canonical\" href=\"https:\/\/shop.bantam.ch\/de\/produkt\/ferndisplay-gx-touch-70-fuer-cerbo-gx-7-zoll-usb-hdmi\/\" \/>\n<meta property=\"og:locale\" content=\"de_DE\" \/>\n<meta property=\"og:type\" content=\"article\" \/>\n<meta property=\"og:title\" content=\"Ferndisplay GX Touch 70 f\u00fcr CERBO GX 7 Zoll, USB, HDMI - Bantam\" \/>\n<meta property=\"og:description\" content=\"Der GX Touch 70 ist ein Display Zubeh\u00f6r f\u00fcr den Cerbo GX. Das sieben Zoll gro\u00dfe Touchscreen Display bietet einen sofortigen \u00dcberblick \u00fcber Ihr gesamtes System und erm\u00f6glicht eine direkte Anpassung s\u00e4mtlicher Einstellungen. Der Anschluss erfolgt unkompliziert \u00fcber ein einziges Kabel direkt am Cerbo GX. Das GX Touch 70 verf\u00fcgt \u00fcber ein wasserdichtes Geh\u00e4use, ist [&hellip;]\" \/>\n<meta property=\"og:url\" content=\"https:\/\/shop.bantam.ch\/de\/produkt\/ferndisplay-gx-touch-70-fuer-cerbo-gx-7-zoll-usb-hdmi\/\" \/>\n<meta property=\"og:site_name\" content=\"Bantam\" \/>\n<meta property=\"article:modified_time\" content=\"2026-05-08T22:09:04+00:00\" \/>\n<meta property=\"og:image\" content=\"https:\/\/shop.bantam.ch\/wp-content\/uploads\/2026\/05\/Movera-L-9949996100.jpg\" \/>\n\t<meta property=\"og:image:width\" content=\"640\" \/>\n\t<meta property=\"og:image:height\" content=\"428\" \/>\n\t<meta property=\"og:image:type\" content=\"image\/jpeg\" \/>\n<meta name=\"twitter:card\" content=\"summary_large_image\" \/>\n<script type=\"application\/ld+json\" class=\"yoast-schema-graph\">{\"@context\":\"https:\\\/\\\/schema.org\",\"@graph\":[{\"@type\":\"WebPage\",\"@id\":\"https:\\\/\\\/shop.bantam.ch\\\/de\\\/produkt\\\/ferndisplay-gx-touch-70-fuer-cerbo-gx-7-zoll-usb-hdmi\\\/\",\"url\":\"https:\\\/\\\/shop.bantam.ch\\\/de\\\/produkt\\\/ferndisplay-gx-touch-70-fuer-cerbo-gx-7-zoll-usb-hdmi\\\/\",\"name\":\"Ferndisplay GX Touch 70 f\u00fcr CERBO GX 7 Zoll, USB, HDMI - Bantam\",\"isPartOf\":{\"@id\":\"https:\\\/\\\/shop.bantam.ch\\\/de\\\/#website\"},\"primaryImageOfPage\":{\"@id\":\"https:\\\/\\\/shop.bantam.ch\\\/de\\\/produkt\\\/ferndisplay-gx-touch-70-fuer-cerbo-gx-7-zoll-usb-hdmi\\\/#primaryimage\"},\"image\":{\"@id\":\"https:\\\/\\\/shop.bantam.ch\\\/de\\\/produkt\\\/ferndisplay-gx-touch-70-fuer-cerbo-gx-7-zoll-usb-hdmi\\\/#primaryimage\"},\"thumbnailUrl\":\"https:\\\/\\\/shop.bantam.ch\\\/wp-content\\\/uploads\\\/2026\\\/05\\\/Movera-L-9949996100.jpg\",\"datePublished\":\"2026-05-06T09:07:33+00:00\",\"dateModified\":\"2026-05-08T22:09:04+00:00\",\"breadcrumb\":{\"@id\":\"https:\\\/\\\/shop.bantam.ch\\\/de\\\/produkt\\\/ferndisplay-gx-touch-70-fuer-cerbo-gx-7-zoll-usb-hdmi\\\/#breadcrumb\"},\"inLanguage\":\"de\",\"potentialAction\":[{\"@type\":\"ReadAction\",\"target\":[\"https:\\\/\\\/shop.bantam.ch\\\/de\\\/produkt\\\/ferndisplay-gx-touch-70-fuer-cerbo-gx-7-zoll-usb-hdmi\\\/\"]}]},{\"@type\":\"ImageObject\",\"inLanguage\":\"de\",\"@id\":\"https:\\\/\\\/shop.bantam.ch\\\/de\\\/produkt\\\/ferndisplay-gx-touch-70-fuer-cerbo-gx-7-zoll-usb-hdmi\\\/#primaryimage\",\"url\":\"https:\\\/\\\/shop.bantam.ch\\\/wp-content\\\/uploads\\\/2026\\\/05\\\/Movera-L-9949996100.jpg\",\"contentUrl\":\"https:\\\/\\\/shop.bantam.ch\\\/wp-content\\\/uploads\\\/2026\\\/05\\\/Movera-L-9949996100.jpg\",\"width\":640,\"height\":428},{\"@type\":\"BreadcrumbList\",\"@id\":\"https:\\\/\\\/shop.bantam.ch\\\/de\\\/produkt\\\/ferndisplay-gx-touch-70-fuer-cerbo-gx-7-zoll-usb-hdmi\\\/#breadcrumb\",\"itemListElement\":[{\"@type\":\"ListItem\",\"position\":1,\"name\":\"Accueil\",\"item\":\"https:\\\/\\\/shop.bantam.ch\\\/de\\\/\"},{\"@type\":\"ListItem\",\"position\":2,\"name\":\"Shop\",\"item\":\"https:\\\/\\\/shop.bantam.ch\\\/de\\\/shop\\\/\"},{\"@type\":\"ListItem\",\"position\":3,\"name\":\"Ferndisplay GX Touch 70 f\u00fcr CERBO GX 7 Zoll, USB, HDMI\"}]},{\"@type\":\"WebSite\",\"@id\":\"https:\\\/\\\/shop.bantam.ch\\\/de\\\/#website\",\"url\":\"https:\\\/\\\/shop.bantam.ch\\\/de\\\/\",\"name\":\"Bantam\",\"description\":\"\",\"publisher\":{\"@id\":\"https:\\\/\\\/shop.bantam.ch\\\/de\\\/#organization\"},\"inLanguage\":\"de\"},{\"@type\":\"Organization\",\"@id\":\"https:\\\/\\\/shop.bantam.ch\\\/de\\\/#organization\",\"name\":\"Bantam\",\"url\":\"https:\\\/\\\/shop.bantam.ch\\\/de\\\/\",\"logo\":{\"@type\":\"ImageObject\",\"inLanguage\":\"de\",\"@id\":\"https:\\\/\\\/shop.bantam.ch\\\/de\\\/#\\\/schema\\\/logo\\\/image\\\/\",\"url\":\"https:\\\/\\\/shop.bantam.ch\\\/wp-content\\\/uploads\\\/2022\\\/12\\\/bantam-logo.png\",\"contentUrl\":\"https:\\\/\\\/shop.bantam.ch\\\/wp-content\\\/uploads\\\/2022\\\/12\\\/bantam-logo.png\",\"width\":320,\"height\":71,\"caption\":\"Bantam\"},\"image\":{\"@id\":\"https:\\\/\\\/shop.bantam.ch\\\/de\\\/#\\\/schema\\\/logo\\\/image\\\/\"}}]}<\/script>\n<!-- \/ Yoast SEO plugin. -->","yoast_head_json":{"title":"Ferndisplay GX Touch 70 f\u00fcr CERBO GX 7 Zoll, USB, HDMI - Bantam","robots":{"index":"index","follow":"follow","max-snippet":"max-snippet:-1","max-image-preview":"max-image-preview:large","max-video-preview":"max-video-preview:-1"},"canonical":"https:\/\/shop.bantam.ch\/de\/produkt\/ferndisplay-gx-touch-70-fuer-cerbo-gx-7-zoll-usb-hdmi\/","og_locale":"de_DE","og_type":"article","og_title":"Ferndisplay GX Touch 70 f\u00fcr CERBO GX 7 Zoll, USB, HDMI - Bantam","og_description":"Der GX Touch 70 ist ein Display Zubeh\u00f6r f\u00fcr den Cerbo GX. Das sieben Zoll gro\u00dfe Touchscreen Display bietet einen sofortigen \u00dcberblick \u00fcber Ihr gesamtes System und erm\u00f6glicht eine direkte Anpassung s\u00e4mtlicher Einstellungen. Der Anschluss erfolgt unkompliziert \u00fcber ein einziges Kabel direkt am Cerbo GX. Das GX Touch 70 verf\u00fcgt \u00fcber ein wasserdichtes Geh\u00e4use, ist [&hellip;]","og_url":"https:\/\/shop.bantam.ch\/de\/produkt\/ferndisplay-gx-touch-70-fuer-cerbo-gx-7-zoll-usb-hdmi\/","og_site_name":"Bantam","article_modified_time":"2026-05-08T22:09:04+00:00","og_image":[{"width":640,"height":428,"url":"https:\/\/shop.bantam.ch\/wp-content\/uploads\/2026\/05\/Movera-L-9949996100.jpg","type":"image\/jpeg"}],"twitter_card":"summary_large_image","schema":{"@context":"https:\/\/schema.org","@graph":[{"@type":"WebPage","@id":"https:\/\/shop.bantam.ch\/de\/produkt\/ferndisplay-gx-touch-70-fuer-cerbo-gx-7-zoll-usb-hdmi\/","url":"https:\/\/shop.bantam.ch\/de\/produkt\/ferndisplay-gx-touch-70-fuer-cerbo-gx-7-zoll-usb-hdmi\/","name":"Ferndisplay GX Touch 70 f\u00fcr CERBO GX 7 Zoll, USB, HDMI - Bantam","isPartOf":{"@id":"https:\/\/shop.bantam.ch\/de\/#website"},"primaryImageOfPage":{"@id":"https:\/\/shop.bantam.ch\/de\/produkt\/ferndisplay-gx-touch-70-fuer-cerbo-gx-7-zoll-usb-hdmi\/#primaryimage"},"image":{"@id":"https:\/\/shop.bantam.ch\/de\/produkt\/ferndisplay-gx-touch-70-fuer-cerbo-gx-7-zoll-usb-hdmi\/#primaryimage"},"thumbnailUrl":"https:\/\/shop.bantam.ch\/wp-content\/uploads\/2026\/05\/Movera-L-9949996100.jpg","datePublished":"2026-05-06T09:07:33+00:00","dateModified":"2026-05-08T22:09:04+00:00","breadcrumb":{"@id":"https:\/\/shop.bantam.ch\/de\/produkt\/ferndisplay-gx-touch-70-fuer-cerbo-gx-7-zoll-usb-hdmi\/#breadcrumb"},"inLanguage":"de","potentialAction":[{"@type":"ReadAction","target":["https:\/\/shop.bantam.ch\/de\/produkt\/ferndisplay-gx-touch-70-fuer-cerbo-gx-7-zoll-usb-hdmi\/"]}]},{"@type":"ImageObject","inLanguage":"de","@id":"https:\/\/shop.bantam.ch\/de\/produkt\/ferndisplay-gx-touch-70-fuer-cerbo-gx-7-zoll-usb-hdmi\/#primaryimage","url":"https:\/\/shop.bantam.ch\/wp-content\/uploads\/2026\/05\/Movera-L-9949996100.jpg","contentUrl":"https:\/\/shop.bantam.ch\/wp-content\/uploads\/2026\/05\/Movera-L-9949996100.jpg","width":640,"height":428},{"@type":"BreadcrumbList","@id":"https:\/\/shop.bantam.ch\/de\/produkt\/ferndisplay-gx-touch-70-fuer-cerbo-gx-7-zoll-usb-hdmi\/#breadcrumb","itemListElement":[{"@type":"ListItem","position":1,"name":"Accueil","item":"https:\/\/shop.bantam.ch\/de\/"},{"@type":"ListItem","position":2,"name":"Shop","item":"https:\/\/shop.bantam.ch\/de\/shop\/"},{"@type":"ListItem","position":3,"name":"Ferndisplay GX Touch 70 f\u00fcr CERBO GX 7 Zoll, USB, HDMI"}]},{"@type":"WebSite","@id":"https:\/\/shop.bantam.ch\/de\/#website","url":"https:\/\/shop.bantam.ch\/de\/","name":"Bantam","description":"","publisher":{"@id":"https:\/\/shop.bantam.ch\/de\/#organization"},"inLanguage":"de"},{"@type":"Organization","@id":"https:\/\/shop.bantam.ch\/de\/#organization","name":"Bantam","url":"https:\/\/shop.bantam.ch\/de\/","logo":{"@type":"ImageObject","inLanguage":"de","@id":"https:\/\/shop.bantam.ch\/de\/#\/schema\/logo\/image\/","url":"https:\/\/shop.bantam.ch\/wp-content\/uploads\/2022\/12\/bantam-logo.png","contentUrl":"https:\/\/shop.bantam.ch\/wp-content\/uploads\/2022\/12\/bantam-logo.png","width":320,"height":71,"caption":"Bantam"},"image":{"@id":"https:\/\/shop.bantam.ch\/de\/#\/schema\/logo\/image\/"}}]}},"_links":{"self":[{"href":"https:\/\/shop.bantam.ch\/de\/wp-json\/wp\/v2\/product\/237888","targetHints":{"allow":["GET"]}}],"collection":[{"href":"https:\/\/shop.bantam.ch\/de\/wp-json\/wp\/v2\/product"}],"about":[{"href":"https:\/\/shop.bantam.ch\/de\/wp-json\/wp\/v2\/types\/product"}],"wp:featuredmedia":[{"embeddable":true,"href":"https:\/\/shop.bantam.ch\/de\/wp-json\/wp\/v2\/media\/237886"}],"wp:attachment":[{"href":"https:\/\/shop.bantam.ch\/de\/wp-json\/wp\/v2\/media?parent=237888"}],"wp:term":[{"taxonomy":"product_featured_cat","embeddable":true,"href":"https:\/\/shop.bantam.ch\/de\/wp-json\/wp\/v2\/product_featured_cat?post=237888"},{"taxonomy":"product_brand","embeddable":true,"href":"https:\/\/shop.bantam.ch\/de\/wp-json\/wp\/v2\/product_brand?post=237888"},{"taxonomy":"product_cat","embeddable":true,"href":"https:\/\/shop.bantam.ch\/de\/wp-json\/wp\/v2\/product_cat?post=237888"},{"taxonomy":"product_tag","embeddable":true,"href":"https:\/\/shop.bantam.ch\/de\/wp-json\/wp\/v2\/product_tag?post=237888"}],"curies":[{"name":"wp","href":"https:\/\/api.w.org\/{rel}","templated":true}]}}