{"id":237884,"date":"2026-05-06T11:06:53","date_gmt":"2026-05-06T09:06:53","guid":{"rendered":"https:\/\/shop.bantam.ch\/produit\/ueberwachung-gx-tank-140\/"},"modified":"2026-05-09T00:09:10","modified_gmt":"2026-05-08T22:09:10","slug":"ueberwachung-gx-tank-140","status":"publish","type":"product","link":"https:\/\/shop.bantam.ch\/de\/produkt\/ueberwachung-gx-tank-140\/","title":{"rendered":"\u00dcberwachung GX Tank 140"},"content":{"rendered":"<p>Der Victron GX Tank 140 ist ein Tank\u00fcberwachungsmodul zur pr\u00e4zisen F\u00fcllstandsmessung in Energie und Versorgungssystemen. Das Ger\u00e4t erm\u00f6glicht den Anschluss von bis zu vier Tanksensoren und \u00fcbertr\u00e4gt die Messwerte direkt an ein GX Ger\u00e4t zur zentralen Anzeige und Auswertung. Es eignet sich f\u00fcr unterschiedliche Sensortypen und bietet eine zuverl\u00e4ssige Integration in bestehende Victron Systeme.<\/p>\n","protected":false},"excerpt":{"rendered":"<p>Der Victron GX Tank 140 ist ein Tank\u00fcberwachungsmodul zur pr\u00e4zisen F\u00fcllstandsmessung in Energie und Versorgungssystemen. Das Ger\u00e4t erm\u00f6glicht den Anschluss von bis zu vier Tanksensoren und \u00fcbertr\u00e4gt die Messwerte direkt an ein GX Ger\u00e4t zur zentralen Anzeige und Auswertung. Es eignet sich f\u00fcr unterschiedliche Sensortypen und bietet eine zuverl\u00e4ssige Integration in bestehende Victron Systeme.<\/p>\n","protected":false},"featured_media":237874,"template":"","meta":{"_acf_changed":false},"product_featured_cat":[],"product_brand":[3507],"product_cat":[4124],"product_tag":[],"class_list":{"0":"post-237884","1":"product","2":"type-product","3":"status-publish","4":"has-post-thumbnail","6":"product_brand-victron-de","7":"product_cat-wasser-sanitaer-zubehoer","9":"first","10":"instock","11":"taxable","12":"shipping-taxable","13":"purchasable","14":"product-type-simple"},"acf":[],"yoast_head":"<!-- This site is optimized with the Yoast SEO plugin v27.5 - https:\/\/yoast.com\/product\/yoast-seo-wordpress\/ -->\n<title>\u00dcberwachung GX Tank 140 - Bantam<\/title>\n<meta name=\"robots\" content=\"index, follow, max-snippet:-1, max-image-preview:large, max-video-preview:-1\" \/>\n<link rel=\"canonical\" href=\"https:\/\/shop.bantam.ch\/de\/produkt\/ueberwachung-gx-tank-140\/\" \/>\n<meta property=\"og:locale\" content=\"de_DE\" \/>\n<meta property=\"og:type\" content=\"article\" \/>\n<meta property=\"og:title\" content=\"\u00dcberwachung GX Tank 140 - Bantam\" \/>\n<meta property=\"og:description\" content=\"Der Victron GX Tank 140 ist ein Tank\u00fcberwachungsmodul zur pr\u00e4zisen F\u00fcllstandsmessung in Energie und Versorgungssystemen. Das Ger\u00e4t erm\u00f6glicht den Anschluss von bis zu vier Tanksensoren und \u00fcbertr\u00e4gt die Messwerte direkt an ein GX Ger\u00e4t zur zentralen Anzeige und Auswertung. Es eignet sich f\u00fcr unterschiedliche Sensortypen und bietet eine zuverl\u00e4ssige Integration in bestehende Victron Systeme.\" \/>\n<meta property=\"og:url\" content=\"https:\/\/shop.bantam.ch\/de\/produkt\/ueberwachung-gx-tank-140\/\" \/>\n<meta property=\"og:site_name\" content=\"Bantam\" \/>\n<meta property=\"article:modified_time\" content=\"2026-05-08T22:09:10+00:00\" \/>\n<meta property=\"og:image\" content=\"https:\/\/shop.bantam.ch\/wp-content\/uploads\/2026\/05\/Movera-L-9949997100.png\" \/>\n\t<meta property=\"og:image:width\" content=\"640\" \/>\n\t<meta property=\"og:image:height\" content=\"662\" \/>\n\t<meta property=\"og:image:type\" content=\"image\/png\" \/>\n<meta name=\"twitter:card\" content=\"summary_large_image\" \/>\n<script type=\"application\/ld+json\" class=\"yoast-schema-graph\">{\"@context\":\"https:\\\/\\\/schema.org\",\"@graph\":[{\"@type\":\"WebPage\",\"@id\":\"https:\\\/\\\/shop.bantam.ch\\\/de\\\/produkt\\\/ueberwachung-gx-tank-140\\\/\",\"url\":\"https:\\\/\\\/shop.bantam.ch\\\/de\\\/produkt\\\/ueberwachung-gx-tank-140\\\/\",\"name\":\"\u00dcberwachung GX Tank 140 - Bantam\",\"isPartOf\":{\"@id\":\"https:\\\/\\\/shop.bantam.ch\\\/de\\\/#website\"},\"primaryImageOfPage\":{\"@id\":\"https:\\\/\\\/shop.bantam.ch\\\/de\\\/produkt\\\/ueberwachung-gx-tank-140\\\/#primaryimage\"},\"image\":{\"@id\":\"https:\\\/\\\/shop.bantam.ch\\\/de\\\/produkt\\\/ueberwachung-gx-tank-140\\\/#primaryimage\"},\"thumbnailUrl\":\"https:\\\/\\\/shop.bantam.ch\\\/wp-content\\\/uploads\\\/2026\\\/05\\\/Movera-L-9949997100.png\",\"datePublished\":\"2026-05-06T09:06:53+00:00\",\"dateModified\":\"2026-05-08T22:09:10+00:00\",\"breadcrumb\":{\"@id\":\"https:\\\/\\\/shop.bantam.ch\\\/de\\\/produkt\\\/ueberwachung-gx-tank-140\\\/#breadcrumb\"},\"inLanguage\":\"de\",\"potentialAction\":[{\"@type\":\"ReadAction\",\"target\":[\"https:\\\/\\\/shop.bantam.ch\\\/de\\\/produkt\\\/ueberwachung-gx-tank-140\\\/\"]}]},{\"@type\":\"ImageObject\",\"inLanguage\":\"de\",\"@id\":\"https:\\\/\\\/shop.bantam.ch\\\/de\\\/produkt\\\/ueberwachung-gx-tank-140\\\/#primaryimage\",\"url\":\"https:\\\/\\\/shop.bantam.ch\\\/wp-content\\\/uploads\\\/2026\\\/05\\\/Movera-L-9949997100.png\",\"contentUrl\":\"https:\\\/\\\/shop.bantam.ch\\\/wp-content\\\/uploads\\\/2026\\\/05\\\/Movera-L-9949997100.png\",\"width\":640,\"height\":662},{\"@type\":\"BreadcrumbList\",\"@id\":\"https:\\\/\\\/shop.bantam.ch\\\/de\\\/produkt\\\/ueberwachung-gx-tank-140\\\/#breadcrumb\",\"itemListElement\":[{\"@type\":\"ListItem\",\"position\":1,\"name\":\"Accueil\",\"item\":\"https:\\\/\\\/shop.bantam.ch\\\/de\\\/\"},{\"@type\":\"ListItem\",\"position\":2,\"name\":\"Shop\",\"item\":\"https:\\\/\\\/shop.bantam.ch\\\/de\\\/shop\\\/\"},{\"@type\":\"ListItem\",\"position\":3,\"name\":\"\u00dcberwachung GX Tank 140\"}]},{\"@type\":\"WebSite\",\"@id\":\"https:\\\/\\\/shop.bantam.ch\\\/de\\\/#website\",\"url\":\"https:\\\/\\\/shop.bantam.ch\\\/de\\\/\",\"name\":\"Bantam\",\"description\":\"\",\"publisher\":{\"@id\":\"https:\\\/\\\/shop.bantam.ch\\\/de\\\/#organization\"},\"inLanguage\":\"de\"},{\"@type\":\"Organization\",\"@id\":\"https:\\\/\\\/shop.bantam.ch\\\/de\\\/#organization\",\"name\":\"Bantam\",\"url\":\"https:\\\/\\\/shop.bantam.ch\\\/de\\\/\",\"logo\":{\"@type\":\"ImageObject\",\"inLanguage\":\"de\",\"@id\":\"https:\\\/\\\/shop.bantam.ch\\\/de\\\/#\\\/schema\\\/logo\\\/image\\\/\",\"url\":\"https:\\\/\\\/shop.bantam.ch\\\/wp-content\\\/uploads\\\/2022\\\/12\\\/bantam-logo.png\",\"contentUrl\":\"https:\\\/\\\/shop.bantam.ch\\\/wp-content\\\/uploads\\\/2022\\\/12\\\/bantam-logo.png\",\"width\":320,\"height\":71,\"caption\":\"Bantam\"},\"image\":{\"@id\":\"https:\\\/\\\/shop.bantam.ch\\\/de\\\/#\\\/schema\\\/logo\\\/image\\\/\"}}]}<\/script>\n<!-- \/ Yoast SEO plugin. -->","yoast_head_json":{"title":"\u00dcberwachung GX Tank 140 - Bantam","robots":{"index":"index","follow":"follow","max-snippet":"max-snippet:-1","max-image-preview":"max-image-preview:large","max-video-preview":"max-video-preview:-1"},"canonical":"https:\/\/shop.bantam.ch\/de\/produkt\/ueberwachung-gx-tank-140\/","og_locale":"de_DE","og_type":"article","og_title":"\u00dcberwachung GX Tank 140 - Bantam","og_description":"Der Victron GX Tank 140 ist ein Tank\u00fcberwachungsmodul zur pr\u00e4zisen F\u00fcllstandsmessung in Energie und Versorgungssystemen. Das Ger\u00e4t erm\u00f6glicht den Anschluss von bis zu vier Tanksensoren und \u00fcbertr\u00e4gt die Messwerte direkt an ein GX Ger\u00e4t zur zentralen Anzeige und Auswertung. Es eignet sich f\u00fcr unterschiedliche Sensortypen und bietet eine zuverl\u00e4ssige Integration in bestehende Victron Systeme.","og_url":"https:\/\/shop.bantam.ch\/de\/produkt\/ueberwachung-gx-tank-140\/","og_site_name":"Bantam","article_modified_time":"2026-05-08T22:09:10+00:00","og_image":[{"width":640,"height":662,"url":"https:\/\/shop.bantam.ch\/wp-content\/uploads\/2026\/05\/Movera-L-9949997100.png","type":"image\/png"}],"twitter_card":"summary_large_image","schema":{"@context":"https:\/\/schema.org","@graph":[{"@type":"WebPage","@id":"https:\/\/shop.bantam.ch\/de\/produkt\/ueberwachung-gx-tank-140\/","url":"https:\/\/shop.bantam.ch\/de\/produkt\/ueberwachung-gx-tank-140\/","name":"\u00dcberwachung GX Tank 140 - Bantam","isPartOf":{"@id":"https:\/\/shop.bantam.ch\/de\/#website"},"primaryImageOfPage":{"@id":"https:\/\/shop.bantam.ch\/de\/produkt\/ueberwachung-gx-tank-140\/#primaryimage"},"image":{"@id":"https:\/\/shop.bantam.ch\/de\/produkt\/ueberwachung-gx-tank-140\/#primaryimage"},"thumbnailUrl":"https:\/\/shop.bantam.ch\/wp-content\/uploads\/2026\/05\/Movera-L-9949997100.png","datePublished":"2026-05-06T09:06:53+00:00","dateModified":"2026-05-08T22:09:10+00:00","breadcrumb":{"@id":"https:\/\/shop.bantam.ch\/de\/produkt\/ueberwachung-gx-tank-140\/#breadcrumb"},"inLanguage":"de","potentialAction":[{"@type":"ReadAction","target":["https:\/\/shop.bantam.ch\/de\/produkt\/ueberwachung-gx-tank-140\/"]}]},{"@type":"ImageObject","inLanguage":"de","@id":"https:\/\/shop.bantam.ch\/de\/produkt\/ueberwachung-gx-tank-140\/#primaryimage","url":"https:\/\/shop.bantam.ch\/wp-content\/uploads\/2026\/05\/Movera-L-9949997100.png","contentUrl":"https:\/\/shop.bantam.ch\/wp-content\/uploads\/2026\/05\/Movera-L-9949997100.png","width":640,"height":662},{"@type":"BreadcrumbList","@id":"https:\/\/shop.bantam.ch\/de\/produkt\/ueberwachung-gx-tank-140\/#breadcrumb","itemListElement":[{"@type":"ListItem","position":1,"name":"Accueil","item":"https:\/\/shop.bantam.ch\/de\/"},{"@type":"ListItem","position":2,"name":"Shop","item":"https:\/\/shop.bantam.ch\/de\/shop\/"},{"@type":"ListItem","position":3,"name":"\u00dcberwachung GX Tank 140"}]},{"@type":"WebSite","@id":"https:\/\/shop.bantam.ch\/de\/#website","url":"https:\/\/shop.bantam.ch\/de\/","name":"Bantam","description":"","publisher":{"@id":"https:\/\/shop.bantam.ch\/de\/#organization"},"inLanguage":"de"},{"@type":"Organization","@id":"https:\/\/shop.bantam.ch\/de\/#organization","name":"Bantam","url":"https:\/\/shop.bantam.ch\/de\/","logo":{"@type":"ImageObject","inLanguage":"de","@id":"https:\/\/shop.bantam.ch\/de\/#\/schema\/logo\/image\/","url":"https:\/\/shop.bantam.ch\/wp-content\/uploads\/2022\/12\/bantam-logo.png","contentUrl":"https:\/\/shop.bantam.ch\/wp-content\/uploads\/2022\/12\/bantam-logo.png","width":320,"height":71,"caption":"Bantam"},"image":{"@id":"https:\/\/shop.bantam.ch\/de\/#\/schema\/logo\/image\/"}}]}},"_links":{"self":[{"href":"https:\/\/shop.bantam.ch\/de\/wp-json\/wp\/v2\/product\/237884","targetHints":{"allow":["GET"]}}],"collection":[{"href":"https:\/\/shop.bantam.ch\/de\/wp-json\/wp\/v2\/product"}],"about":[{"href":"https:\/\/shop.bantam.ch\/de\/wp-json\/wp\/v2\/types\/product"}],"wp:featuredmedia":[{"embeddable":true,"href":"https:\/\/shop.bantam.ch\/de\/wp-json\/wp\/v2\/media\/237874"}],"wp:attachment":[{"href":"https:\/\/shop.bantam.ch\/de\/wp-json\/wp\/v2\/media?parent=237884"}],"wp:term":[{"taxonomy":"product_featured_cat","embeddable":true,"href":"https:\/\/shop.bantam.ch\/de\/wp-json\/wp\/v2\/product_featured_cat?post=237884"},{"taxonomy":"product_brand","embeddable":true,"href":"https:\/\/shop.bantam.ch\/de\/wp-json\/wp\/v2\/product_brand?post=237884"},{"taxonomy":"product_cat","embeddable":true,"href":"https:\/\/shop.bantam.ch\/de\/wp-json\/wp\/v2\/product_cat?post=237884"},{"taxonomy":"product_tag","embeddable":true,"href":"https:\/\/shop.bantam.ch\/de\/wp-json\/wp\/v2\/product_tag?post=237884"}],"curies":[{"name":"wp","href":"https:\/\/api.w.org\/{rel}","templated":true}]}}