{"id":237654,"date":"2026-05-04T10:13:39","date_gmt":"2026-05-04T08:13:39","guid":{"rendered":"https:\/\/shop.bantam.ch\/produit\/fernseher-smartwide-led-tv-soundpro-webos-bluetooth\/"},"modified":"2026-05-10T02:33:00","modified_gmt":"2026-05-10T00:33:00","slug":"fernseher-smartwide-led-tv-soundpro-webos-bluetooth","status":"publish","type":"product","link":"https:\/\/shop.bantam.ch\/de\/produkt\/fernseher-smartwide-led-tv-soundpro-webos-bluetooth\/","title":{"rendered":"Fernseher Smartwide LED-TV SoundPro WebOS Bluetooth"},"content":{"rendered":"<p data-start=\"0\" data-end=\"34\">ALDEN Smartwide WebOS SoundPro<\/p>\n<p data-start=\"36\" data-end=\"630\">Der Smart Wide von ALDEN \u00fcberzeugt mit brillanten, pixelfehlerfreien Bildschirmen in 22, 24, 27 oder 32 Zoll. Dank des WebOS-Hubs mit Sprachsteuerung und Air-Mouse sowie der Bluetooth-Fernbedienung genie\u00dfen Sie Streaming-Apps wie Netflix, Prime Video, Disney+ oder Spotify besonders komfortabel. Kino-Sound im Wohnmobil. Brillante Bilder in perfekter Harmonie. Die vollst\u00e4ndig integrierte Soundbar mit einer Leistung von 4 \u00d7 10 Watt bietet ein neues Niveau an Klangqualit\u00e4t. Der klare und kraftvolle Sound wird direkt nach vorne abgestrahlt \u2013 f\u00fcr ein intensives H\u00f6rerlebnis mitten im Geschehen.<\/p>\n<p data-start=\"632\" data-end=\"651\">Toneinstellung:<\/p>\n<p data-start=\"653\" data-end=\"1167\">Die intelligente Toneinstellung ist besonders vorteilhaft f\u00fcr Menschen mit H\u00f6rproblemen \u2013 auch bei Nutzung von Kopfh\u00f6rern oder Bluetooth. Dank unabh\u00e4ngiger Lautst\u00e4rkeregelung bleiben Lautsprecher und Kopfh\u00f6rer gleichzeitig aktiv und k\u00f6nnen individuell angepasst werden. Mit Timeshift\/PVR, bis zu 3 HDMI-Anschl\u00fcssen, einem Triple-Tuner und FastScan erfolgt die Programmsuche im Handumdrehen. Zudem lassen sich Senderlisten bequem am PC sortieren und bearbeiten \u2013 ein USB-Stick ist bereits im Lieferumfang enthalten.<\/p>\n<\/p>\n<ul data-start=\"1169\" data-end=\"2025\" data-is-last-node=\"\" data-is-only-node=\"\">\n<li data-section-id=\"1k1mjgs\" data-start=\"1169\" data-end=\"1221\">\nVollst\u00e4ndig integrierte Soundbar mit 4 \u00d7 10 Watt\n<\/li>\n<li data-section-id=\"1oimkrt\" data-start=\"1222\" data-end=\"1352\">\nBesonders geeignet f\u00fcr Menschen mit H\u00f6rbeeintr\u00e4chtigung: separate Lautst\u00e4rkeregelung f\u00fcr Lautsprecher, Kopfh\u00f6rer und Bluetooth\n<\/li>\n<li data-section-id=\"a0va6c\" data-start=\"1353\" data-end=\"1436\">\nBrillante Bildqualit\u00e4t: pixelfehlerfreier Bildschirm in 22, 24, 27 oder 32 Zoll\n<\/li>\n<li data-section-id=\"1t9sj4k\" data-start=\"1437\" data-end=\"1530\">\nSmart &amp; komfortabel: WebOS-Hub mit Sprachsteuerung, Air-Mouse und Bluetooth-Fernbedienung\n<\/li>\n<li data-section-id=\"hp4g2c\" data-start=\"1531\" data-end=\"1609\">\nStreaming-Vielfalt: Netflix, Prime Video, Disney+, Spotify und vieles mehr\n<\/li>\n<li data-section-id=\"qc07tu\" data-start=\"1610\" data-end=\"1706\">\nMaximale Flexibilit\u00e4t: Timeshift\/PVR, bis zu 3 HDMI-Anschl\u00fcsse, USB &amp; optischer Audioausgang\n<\/li>\n<li data-section-id=\"hh2fc8\" data-start=\"1707\" data-end=\"1806\">\nSchneller Start: FastScan-Funktion und komfortable Senderverwaltung am PC (USB-Stick inklusive)\n<\/li>\n<li data-section-id=\"x0mv16\" data-start=\"1807\" data-end=\"1887\">\nVielseitig: Triple-Tuner, AirPlay 2, Bluetooth 5.0, Betriebsspannung 10\u201330 V\n<\/li>\n<li data-section-id=\"ei68ng\" data-start=\"1888\" data-end=\"2025\" data-is-last-node=\"\">\nLieferumfang: LED-TV SMARTWIDE WebOS SoundPro, Bluetooth-Magic-Fernbedienung, 12-Volt-Anschlusskabel, Kabelsatz und Bedienungsanleitung<\/li>\n<\/ul>\n","protected":false},"excerpt":{"rendered":"<p>ALDEN Smartwide WebOS SoundPro Der Smart Wide von ALDEN \u00fcberzeugt mit brillanten, pixelfehlerfreien Bildschirmen in 22, 24, 27 oder 32 Zoll. Dank des WebOS-Hubs mit Sprachsteuerung und Air-Mouse sowie der Bluetooth-Fernbedienung genie\u00dfen Sie Streaming-Apps wie Netflix, Prime Video, Disney+ oder Spotify besonders komfortabel. Kino-Sound im Wohnmobil. Brillante Bilder in perfekter Harmonie. Die vollst\u00e4ndig integrierte Soundbar [&hellip;]<\/p>\n","protected":false},"featured_media":237648,"template":"","meta":{"_acf_changed":false},"product_featured_cat":[],"product_brand":[3077],"product_cat":[4506],"product_tag":[],"class_list":{"0":"post-237654","1":"product","2":"type-product","3":"status-publish","4":"has-post-thumbnail","6":"product_brand-alden-de","7":"product_cat-led-tv","9":"first","10":"instock","11":"taxable","12":"shipping-taxable","13":"purchasable","14":"product-type-variable"},"acf":[],"yoast_head":"<!-- This site is optimized with the Yoast SEO plugin v27.5 - https:\/\/yoast.com\/product\/yoast-seo-wordpress\/ -->\n<title>Fernseher Smartwide LED-TV SoundPro WebOS Bluetooth - Bantam<\/title>\n<meta name=\"robots\" content=\"index, follow, max-snippet:-1, max-image-preview:large, max-video-preview:-1\" \/>\n<link rel=\"canonical\" href=\"https:\/\/shop.bantam.ch\/de\/produkt\/fernseher-smartwide-led-tv-soundpro-webos-bluetooth\/\" \/>\n<meta property=\"og:locale\" content=\"de_DE\" \/>\n<meta property=\"og:type\" content=\"article\" \/>\n<meta property=\"og:title\" content=\"Fernseher Smartwide LED-TV SoundPro WebOS Bluetooth - Bantam\" \/>\n<meta property=\"og:description\" content=\"ALDEN Smartwide WebOS SoundPro Der Smart Wide von ALDEN \u00fcberzeugt mit brillanten, pixelfehlerfreien Bildschirmen in 22, 24, 27 oder 32 Zoll. Dank des WebOS-Hubs mit Sprachsteuerung und Air-Mouse sowie der Bluetooth-Fernbedienung genie\u00dfen Sie Streaming-Apps wie Netflix, Prime Video, Disney+ oder Spotify besonders komfortabel. Kino-Sound im Wohnmobil. Brillante Bilder in perfekter Harmonie. Die vollst\u00e4ndig integrierte Soundbar [&hellip;]\" \/>\n<meta property=\"og:url\" content=\"https:\/\/shop.bantam.ch\/de\/produkt\/fernseher-smartwide-led-tv-soundpro-webos-bluetooth\/\" \/>\n<meta property=\"og:site_name\" content=\"Bantam\" \/>\n<meta property=\"article:modified_time\" content=\"2026-05-10T00:33:00+00:00\" \/>\n<meta property=\"og:image\" content=\"https:\/\/shop.bantam.ch\/wp-content\/uploads\/2026\/05\/Movera-L-9976135100.png\" \/>\n\t<meta property=\"og:image:width\" content=\"640\" \/>\n\t<meta property=\"og:image:height\" content=\"383\" \/>\n\t<meta property=\"og:image:type\" content=\"image\/png\" \/>\n<meta name=\"twitter:card\" content=\"summary_large_image\" \/>\n<meta name=\"twitter:label1\" content=\"Gesch\u00e4tzte Lesezeit\" \/>\n\t<meta name=\"twitter:data1\" content=\"1\u00a0Minute\" \/>\n<script type=\"application\/ld+json\" class=\"yoast-schema-graph\">{\"@context\":\"https:\\\/\\\/schema.org\",\"@graph\":[{\"@type\":\"WebPage\",\"@id\":\"https:\\\/\\\/shop.bantam.ch\\\/de\\\/produkt\\\/fernseher-smartwide-led-tv-soundpro-webos-bluetooth\\\/\",\"url\":\"https:\\\/\\\/shop.bantam.ch\\\/de\\\/produkt\\\/fernseher-smartwide-led-tv-soundpro-webos-bluetooth\\\/\",\"name\":\"Fernseher Smartwide LED-TV SoundPro WebOS Bluetooth - Bantam\",\"isPartOf\":{\"@id\":\"https:\\\/\\\/shop.bantam.ch\\\/de\\\/#website\"},\"primaryImageOfPage\":{\"@id\":\"https:\\\/\\\/shop.bantam.ch\\\/de\\\/produkt\\\/fernseher-smartwide-led-tv-soundpro-webos-bluetooth\\\/#primaryimage\"},\"image\":{\"@id\":\"https:\\\/\\\/shop.bantam.ch\\\/de\\\/produkt\\\/fernseher-smartwide-led-tv-soundpro-webos-bluetooth\\\/#primaryimage\"},\"thumbnailUrl\":\"https:\\\/\\\/shop.bantam.ch\\\/wp-content\\\/uploads\\\/2026\\\/05\\\/Movera-L-9976135100.png\",\"datePublished\":\"2026-05-04T08:13:39+00:00\",\"dateModified\":\"2026-05-10T00:33:00+00:00\",\"breadcrumb\":{\"@id\":\"https:\\\/\\\/shop.bantam.ch\\\/de\\\/produkt\\\/fernseher-smartwide-led-tv-soundpro-webos-bluetooth\\\/#breadcrumb\"},\"inLanguage\":\"de\",\"potentialAction\":[{\"@type\":\"ReadAction\",\"target\":[\"https:\\\/\\\/shop.bantam.ch\\\/de\\\/produkt\\\/fernseher-smartwide-led-tv-soundpro-webos-bluetooth\\\/\"]}]},{\"@type\":\"ImageObject\",\"inLanguage\":\"de\",\"@id\":\"https:\\\/\\\/shop.bantam.ch\\\/de\\\/produkt\\\/fernseher-smartwide-led-tv-soundpro-webos-bluetooth\\\/#primaryimage\",\"url\":\"https:\\\/\\\/shop.bantam.ch\\\/wp-content\\\/uploads\\\/2026\\\/05\\\/Movera-L-9976135100.png\",\"contentUrl\":\"https:\\\/\\\/shop.bantam.ch\\\/wp-content\\\/uploads\\\/2026\\\/05\\\/Movera-L-9976135100.png\",\"width\":640,\"height\":383},{\"@type\":\"BreadcrumbList\",\"@id\":\"https:\\\/\\\/shop.bantam.ch\\\/de\\\/produkt\\\/fernseher-smartwide-led-tv-soundpro-webos-bluetooth\\\/#breadcrumb\",\"itemListElement\":[{\"@type\":\"ListItem\",\"position\":1,\"name\":\"Accueil\",\"item\":\"https:\\\/\\\/shop.bantam.ch\\\/de\\\/\"},{\"@type\":\"ListItem\",\"position\":2,\"name\":\"Shop\",\"item\":\"https:\\\/\\\/shop.bantam.ch\\\/de\\\/shop\\\/\"},{\"@type\":\"ListItem\",\"position\":3,\"name\":\"Fernseher Smartwide LED-TV SoundPro WebOS Bluetooth\"}]},{\"@type\":\"WebSite\",\"@id\":\"https:\\\/\\\/shop.bantam.ch\\\/de\\\/#website\",\"url\":\"https:\\\/\\\/shop.bantam.ch\\\/de\\\/\",\"name\":\"Bantam\",\"description\":\"\",\"publisher\":{\"@id\":\"https:\\\/\\\/shop.bantam.ch\\\/de\\\/#organization\"},\"inLanguage\":\"de\"},{\"@type\":\"Organization\",\"@id\":\"https:\\\/\\\/shop.bantam.ch\\\/de\\\/#organization\",\"name\":\"Bantam\",\"url\":\"https:\\\/\\\/shop.bantam.ch\\\/de\\\/\",\"logo\":{\"@type\":\"ImageObject\",\"inLanguage\":\"de\",\"@id\":\"https:\\\/\\\/shop.bantam.ch\\\/de\\\/#\\\/schema\\\/logo\\\/image\\\/\",\"url\":\"https:\\\/\\\/shop.bantam.ch\\\/wp-content\\\/uploads\\\/2022\\\/12\\\/bantam-logo.png\",\"contentUrl\":\"https:\\\/\\\/shop.bantam.ch\\\/wp-content\\\/uploads\\\/2022\\\/12\\\/bantam-logo.png\",\"width\":320,\"height\":71,\"caption\":\"Bantam\"},\"image\":{\"@id\":\"https:\\\/\\\/shop.bantam.ch\\\/de\\\/#\\\/schema\\\/logo\\\/image\\\/\"}}]}<\/script>\n<!-- \/ Yoast SEO plugin. -->","yoast_head_json":{"title":"Fernseher Smartwide LED-TV SoundPro WebOS Bluetooth - Bantam","robots":{"index":"index","follow":"follow","max-snippet":"max-snippet:-1","max-image-preview":"max-image-preview:large","max-video-preview":"max-video-preview:-1"},"canonical":"https:\/\/shop.bantam.ch\/de\/produkt\/fernseher-smartwide-led-tv-soundpro-webos-bluetooth\/","og_locale":"de_DE","og_type":"article","og_title":"Fernseher Smartwide LED-TV SoundPro WebOS Bluetooth - Bantam","og_description":"ALDEN Smartwide WebOS SoundPro Der Smart Wide von ALDEN \u00fcberzeugt mit brillanten, pixelfehlerfreien Bildschirmen in 22, 24, 27 oder 32 Zoll. Dank des WebOS-Hubs mit Sprachsteuerung und Air-Mouse sowie der Bluetooth-Fernbedienung genie\u00dfen Sie Streaming-Apps wie Netflix, Prime Video, Disney+ oder Spotify besonders komfortabel. Kino-Sound im Wohnmobil. Brillante Bilder in perfekter Harmonie. Die vollst\u00e4ndig integrierte Soundbar [&hellip;]","og_url":"https:\/\/shop.bantam.ch\/de\/produkt\/fernseher-smartwide-led-tv-soundpro-webos-bluetooth\/","og_site_name":"Bantam","article_modified_time":"2026-05-10T00:33:00+00:00","og_image":[{"width":640,"height":383,"url":"https:\/\/shop.bantam.ch\/wp-content\/uploads\/2026\/05\/Movera-L-9976135100.png","type":"image\/png"}],"twitter_card":"summary_large_image","twitter_misc":{"Gesch\u00e4tzte Lesezeit":"1\u00a0Minute"},"schema":{"@context":"https:\/\/schema.org","@graph":[{"@type":"WebPage","@id":"https:\/\/shop.bantam.ch\/de\/produkt\/fernseher-smartwide-led-tv-soundpro-webos-bluetooth\/","url":"https:\/\/shop.bantam.ch\/de\/produkt\/fernseher-smartwide-led-tv-soundpro-webos-bluetooth\/","name":"Fernseher Smartwide LED-TV SoundPro WebOS Bluetooth - Bantam","isPartOf":{"@id":"https:\/\/shop.bantam.ch\/de\/#website"},"primaryImageOfPage":{"@id":"https:\/\/shop.bantam.ch\/de\/produkt\/fernseher-smartwide-led-tv-soundpro-webos-bluetooth\/#primaryimage"},"image":{"@id":"https:\/\/shop.bantam.ch\/de\/produkt\/fernseher-smartwide-led-tv-soundpro-webos-bluetooth\/#primaryimage"},"thumbnailUrl":"https:\/\/shop.bantam.ch\/wp-content\/uploads\/2026\/05\/Movera-L-9976135100.png","datePublished":"2026-05-04T08:13:39+00:00","dateModified":"2026-05-10T00:33:00+00:00","breadcrumb":{"@id":"https:\/\/shop.bantam.ch\/de\/produkt\/fernseher-smartwide-led-tv-soundpro-webos-bluetooth\/#breadcrumb"},"inLanguage":"de","potentialAction":[{"@type":"ReadAction","target":["https:\/\/shop.bantam.ch\/de\/produkt\/fernseher-smartwide-led-tv-soundpro-webos-bluetooth\/"]}]},{"@type":"ImageObject","inLanguage":"de","@id":"https:\/\/shop.bantam.ch\/de\/produkt\/fernseher-smartwide-led-tv-soundpro-webos-bluetooth\/#primaryimage","url":"https:\/\/shop.bantam.ch\/wp-content\/uploads\/2026\/05\/Movera-L-9976135100.png","contentUrl":"https:\/\/shop.bantam.ch\/wp-content\/uploads\/2026\/05\/Movera-L-9976135100.png","width":640,"height":383},{"@type":"BreadcrumbList","@id":"https:\/\/shop.bantam.ch\/de\/produkt\/fernseher-smartwide-led-tv-soundpro-webos-bluetooth\/#breadcrumb","itemListElement":[{"@type":"ListItem","position":1,"name":"Accueil","item":"https:\/\/shop.bantam.ch\/de\/"},{"@type":"ListItem","position":2,"name":"Shop","item":"https:\/\/shop.bantam.ch\/de\/shop\/"},{"@type":"ListItem","position":3,"name":"Fernseher Smartwide LED-TV SoundPro WebOS Bluetooth"}]},{"@type":"WebSite","@id":"https:\/\/shop.bantam.ch\/de\/#website","url":"https:\/\/shop.bantam.ch\/de\/","name":"Bantam","description":"","publisher":{"@id":"https:\/\/shop.bantam.ch\/de\/#organization"},"inLanguage":"de"},{"@type":"Organization","@id":"https:\/\/shop.bantam.ch\/de\/#organization","name":"Bantam","url":"https:\/\/shop.bantam.ch\/de\/","logo":{"@type":"ImageObject","inLanguage":"de","@id":"https:\/\/shop.bantam.ch\/de\/#\/schema\/logo\/image\/","url":"https:\/\/shop.bantam.ch\/wp-content\/uploads\/2022\/12\/bantam-logo.png","contentUrl":"https:\/\/shop.bantam.ch\/wp-content\/uploads\/2022\/12\/bantam-logo.png","width":320,"height":71,"caption":"Bantam"},"image":{"@id":"https:\/\/shop.bantam.ch\/de\/#\/schema\/logo\/image\/"}}]}},"_links":{"self":[{"href":"https:\/\/shop.bantam.ch\/de\/wp-json\/wp\/v2\/product\/237654","targetHints":{"allow":["GET"]}}],"collection":[{"href":"https:\/\/shop.bantam.ch\/de\/wp-json\/wp\/v2\/product"}],"about":[{"href":"https:\/\/shop.bantam.ch\/de\/wp-json\/wp\/v2\/types\/product"}],"wp:featuredmedia":[{"embeddable":true,"href":"https:\/\/shop.bantam.ch\/de\/wp-json\/wp\/v2\/media\/237648"}],"wp:attachment":[{"href":"https:\/\/shop.bantam.ch\/de\/wp-json\/wp\/v2\/media?parent=237654"}],"wp:term":[{"taxonomy":"product_featured_cat","embeddable":true,"href":"https:\/\/shop.bantam.ch\/de\/wp-json\/wp\/v2\/product_featured_cat?post=237654"},{"taxonomy":"product_brand","embeddable":true,"href":"https:\/\/shop.bantam.ch\/de\/wp-json\/wp\/v2\/product_brand?post=237654"},{"taxonomy":"product_cat","embeddable":true,"href":"https:\/\/shop.bantam.ch\/de\/wp-json\/wp\/v2\/product_cat?post=237654"},{"taxonomy":"product_tag","embeddable":true,"href":"https:\/\/shop.bantam.ch\/de\/wp-json\/wp\/v2\/product_tag?post=237654"}],"curies":[{"name":"wp","href":"https:\/\/api.w.org\/{rel}","templated":true}]}}