{"id":237598,"date":"2026-05-01T16:53:41","date_gmt":"2026-05-01T14:53:41","guid":{"rendered":"https:\/\/shop.bantam.ch\/produit\/einhebelmischer-reich-keramik-contur-e-mit-handbrause-julia-flex-anschluesse\/"},"modified":"2026-05-03T00:03:01","modified_gmt":"2026-05-02T22:03:01","slug":"einhebelmischer-reich-keramik-contur-e-mit-handbrause-julia-flex-anschluesse","status":"publish","type":"product","link":"https:\/\/shop.bantam.ch\/de\/produkt\/einhebelmischer-reich-keramik-contur-e-mit-handbrause-julia-flex-anschluesse\/","title":{"rendered":"Einhebelmischer REICH Keramik CONTUR E mit Handbrause Julia flex. Anschl\u00fcsse"},"content":{"rendered":"<ul>\n<li>Alle REICH-Produkte sind ausschlie\u00dflich Produkte auf h\u00f6chstem Qualit\u00e4tsniveau.<\/li>\n<li>Die Verwendung hochwertiger Materialien und beste Verarbeitung mit Liebe zum Detail haben uns zum Marktf\u00fchrer in Europa gemacht<\/li>\n<li>Der praktische Nutzen f\u00fcr den Kunden steht auch bei unseren Armaturen-Serien im Mittelpunkt<\/li>\n<li>So sind, egal ob Messing- oder Kunststoffarmaturen, metallisierte Oberfl\u00e4chen galvanisch behandelt\u00a0<\/li>\n<li>Auf billigere Bedampfung der Oberfl\u00e4chen verzichten wir aus Gr\u00fcnden der Haltbarkeit ganz bewusst<\/li>\n<li>Auch sind bei den meisten Armaturen mit Keramik-Kartusche oder Mikroschalter diese ohne Ausbau auszutauschen. Kleine aber feine Details, die Sie im Laufe der Zeit ganz bestimmt zu sch\u00e4tzen wissen<\/li>\n<li>Dass auch Innovation und Design mehr als nur Worte sind, davon k\u00f6nnen Sie sich auf den folgenden Seiten \u00fcberzeugen<\/li>\n<\/ul>\n","protected":false},"excerpt":{"rendered":"<p>Alle REICH-Produkte sind ausschlie\u00dflich Produkte auf h\u00f6chstem Qualit\u00e4tsniveau. Die Verwendung hochwertiger Materialien und beste Verarbeitung mit Liebe zum Detail haben uns zum Marktf\u00fchrer in Europa gemacht Der praktische Nutzen f\u00fcr den Kunden steht auch bei unseren Armaturen-Serien im Mittelpunkt So sind, egal ob Messing- oder Kunststoffarmaturen, metallisierte Oberfl\u00e4chen galvanisch behandelt\u00a0 Auf billigere Bedampfung der Oberfl\u00e4chen [&hellip;]<\/p>\n","protected":false},"featured_media":237594,"template":"","meta":{"_acf_changed":false},"product_featured_cat":[],"product_brand":[3113],"product_cat":[4574],"product_tag":[],"class_list":{"0":"post-237598","1":"product","2":"type-product","3":"status-publish","4":"has-post-thumbnail","6":"product_brand-reich-de","7":"product_cat-einhebelmischer-kaltwasserhaehne","9":"first","10":"instock","11":"taxable","12":"shipping-taxable","13":"purchasable","14":"product-type-simple"},"acf":[],"yoast_head":"<!-- This site is optimized with the Yoast SEO plugin v27.5 - https:\/\/yoast.com\/product\/yoast-seo-wordpress\/ -->\n<title>Einhebelmischer REICH Keramik CONTUR E mit Handbrause Julia flex. Anschl\u00fcsse - Bantam<\/title>\n<meta name=\"robots\" content=\"index, follow, max-snippet:-1, max-image-preview:large, max-video-preview:-1\" \/>\n<link rel=\"canonical\" href=\"https:\/\/shop.bantam.ch\/de\/produkt\/einhebelmischer-reich-keramik-contur-e-mit-handbrause-julia-flex-anschluesse\/\" \/>\n<meta property=\"og:locale\" content=\"de_DE\" \/>\n<meta property=\"og:type\" content=\"article\" \/>\n<meta property=\"og:title\" content=\"Einhebelmischer REICH Keramik CONTUR E mit Handbrause Julia flex. Anschl\u00fcsse - Bantam\" \/>\n<meta property=\"og:description\" content=\"Alle REICH-Produkte sind ausschlie\u00dflich Produkte auf h\u00f6chstem Qualit\u00e4tsniveau. Die Verwendung hochwertiger Materialien und beste Verarbeitung mit Liebe zum Detail haben uns zum Marktf\u00fchrer in Europa gemacht Der praktische Nutzen f\u00fcr den Kunden steht auch bei unseren Armaturen-Serien im Mittelpunkt So sind, egal ob Messing- oder Kunststoffarmaturen, metallisierte Oberfl\u00e4chen galvanisch behandelt\u00a0 Auf billigere Bedampfung der Oberfl\u00e4chen [&hellip;]\" \/>\n<meta property=\"og:url\" content=\"https:\/\/shop.bantam.ch\/de\/produkt\/einhebelmischer-reich-keramik-contur-e-mit-handbrause-julia-flex-anschluesse\/\" \/>\n<meta property=\"og:site_name\" content=\"Bantam\" \/>\n<meta property=\"article:modified_time\" content=\"2026-05-02T22:03:01+00:00\" \/>\n<meta property=\"og:image\" content=\"https:\/\/shop.bantam.ch\/wp-content\/uploads\/2026\/05\/Movera-L-9949902100.jpg\" \/>\n\t<meta property=\"og:image:width\" content=\"640\" \/>\n\t<meta property=\"og:image:height\" content=\"640\" \/>\n\t<meta property=\"og:image:type\" content=\"image\/jpeg\" \/>\n<meta name=\"twitter:card\" content=\"summary_large_image\" \/>\n<meta name=\"twitter:label1\" content=\"Gesch\u00e4tzte Lesezeit\" \/>\n\t<meta name=\"twitter:data1\" content=\"1\u00a0Minute\" \/>\n<script type=\"application\/ld+json\" class=\"yoast-schema-graph\">{\"@context\":\"https:\\\/\\\/schema.org\",\"@graph\":[{\"@type\":\"WebPage\",\"@id\":\"https:\\\/\\\/shop.bantam.ch\\\/de\\\/produkt\\\/einhebelmischer-reich-keramik-contur-e-mit-handbrause-julia-flex-anschluesse\\\/\",\"url\":\"https:\\\/\\\/shop.bantam.ch\\\/de\\\/produkt\\\/einhebelmischer-reich-keramik-contur-e-mit-handbrause-julia-flex-anschluesse\\\/\",\"name\":\"Einhebelmischer REICH Keramik CONTUR E mit Handbrause Julia flex. Anschl\u00fcsse - Bantam\",\"isPartOf\":{\"@id\":\"https:\\\/\\\/shop.bantam.ch\\\/de\\\/#website\"},\"primaryImageOfPage\":{\"@id\":\"https:\\\/\\\/shop.bantam.ch\\\/de\\\/produkt\\\/einhebelmischer-reich-keramik-contur-e-mit-handbrause-julia-flex-anschluesse\\\/#primaryimage\"},\"image\":{\"@id\":\"https:\\\/\\\/shop.bantam.ch\\\/de\\\/produkt\\\/einhebelmischer-reich-keramik-contur-e-mit-handbrause-julia-flex-anschluesse\\\/#primaryimage\"},\"thumbnailUrl\":\"https:\\\/\\\/shop.bantam.ch\\\/wp-content\\\/uploads\\\/2026\\\/05\\\/Movera-L-9949902100.jpg\",\"datePublished\":\"2026-05-01T14:53:41+00:00\",\"dateModified\":\"2026-05-02T22:03:01+00:00\",\"breadcrumb\":{\"@id\":\"https:\\\/\\\/shop.bantam.ch\\\/de\\\/produkt\\\/einhebelmischer-reich-keramik-contur-e-mit-handbrause-julia-flex-anschluesse\\\/#breadcrumb\"},\"inLanguage\":\"de\",\"potentialAction\":[{\"@type\":\"ReadAction\",\"target\":[\"https:\\\/\\\/shop.bantam.ch\\\/de\\\/produkt\\\/einhebelmischer-reich-keramik-contur-e-mit-handbrause-julia-flex-anschluesse\\\/\"]}]},{\"@type\":\"ImageObject\",\"inLanguage\":\"de\",\"@id\":\"https:\\\/\\\/shop.bantam.ch\\\/de\\\/produkt\\\/einhebelmischer-reich-keramik-contur-e-mit-handbrause-julia-flex-anschluesse\\\/#primaryimage\",\"url\":\"https:\\\/\\\/shop.bantam.ch\\\/wp-content\\\/uploads\\\/2026\\\/05\\\/Movera-L-9949902100.jpg\",\"contentUrl\":\"https:\\\/\\\/shop.bantam.ch\\\/wp-content\\\/uploads\\\/2026\\\/05\\\/Movera-L-9949902100.jpg\",\"width\":640,\"height\":640},{\"@type\":\"BreadcrumbList\",\"@id\":\"https:\\\/\\\/shop.bantam.ch\\\/de\\\/produkt\\\/einhebelmischer-reich-keramik-contur-e-mit-handbrause-julia-flex-anschluesse\\\/#breadcrumb\",\"itemListElement\":[{\"@type\":\"ListItem\",\"position\":1,\"name\":\"Accueil\",\"item\":\"https:\\\/\\\/shop.bantam.ch\\\/de\\\/\"},{\"@type\":\"ListItem\",\"position\":2,\"name\":\"Shop\",\"item\":\"https:\\\/\\\/shop.bantam.ch\\\/de\\\/shop\\\/\"},{\"@type\":\"ListItem\",\"position\":3,\"name\":\"Einhebelmischer REICH Keramik CONTUR E mit Handbrause Julia flex. Anschl\u00fcsse\"}]},{\"@type\":\"WebSite\",\"@id\":\"https:\\\/\\\/shop.bantam.ch\\\/de\\\/#website\",\"url\":\"https:\\\/\\\/shop.bantam.ch\\\/de\\\/\",\"name\":\"Bantam\",\"description\":\"\",\"publisher\":{\"@id\":\"https:\\\/\\\/shop.bantam.ch\\\/de\\\/#organization\"},\"inLanguage\":\"de\"},{\"@type\":\"Organization\",\"@id\":\"https:\\\/\\\/shop.bantam.ch\\\/de\\\/#organization\",\"name\":\"Bantam\",\"url\":\"https:\\\/\\\/shop.bantam.ch\\\/de\\\/\",\"logo\":{\"@type\":\"ImageObject\",\"inLanguage\":\"de\",\"@id\":\"https:\\\/\\\/shop.bantam.ch\\\/de\\\/#\\\/schema\\\/logo\\\/image\\\/\",\"url\":\"https:\\\/\\\/shop.bantam.ch\\\/wp-content\\\/uploads\\\/2022\\\/12\\\/bantam-logo.png\",\"contentUrl\":\"https:\\\/\\\/shop.bantam.ch\\\/wp-content\\\/uploads\\\/2022\\\/12\\\/bantam-logo.png\",\"width\":320,\"height\":71,\"caption\":\"Bantam\"},\"image\":{\"@id\":\"https:\\\/\\\/shop.bantam.ch\\\/de\\\/#\\\/schema\\\/logo\\\/image\\\/\"}}]}<\/script>\n<!-- \/ Yoast SEO plugin. -->","yoast_head_json":{"title":"Einhebelmischer REICH Keramik CONTUR E mit Handbrause Julia flex. Anschl\u00fcsse - Bantam","robots":{"index":"index","follow":"follow","max-snippet":"max-snippet:-1","max-image-preview":"max-image-preview:large","max-video-preview":"max-video-preview:-1"},"canonical":"https:\/\/shop.bantam.ch\/de\/produkt\/einhebelmischer-reich-keramik-contur-e-mit-handbrause-julia-flex-anschluesse\/","og_locale":"de_DE","og_type":"article","og_title":"Einhebelmischer REICH Keramik CONTUR E mit Handbrause Julia flex. Anschl\u00fcsse - Bantam","og_description":"Alle REICH-Produkte sind ausschlie\u00dflich Produkte auf h\u00f6chstem Qualit\u00e4tsniveau. Die Verwendung hochwertiger Materialien und beste Verarbeitung mit Liebe zum Detail haben uns zum Marktf\u00fchrer in Europa gemacht Der praktische Nutzen f\u00fcr den Kunden steht auch bei unseren Armaturen-Serien im Mittelpunkt So sind, egal ob Messing- oder Kunststoffarmaturen, metallisierte Oberfl\u00e4chen galvanisch behandelt\u00a0 Auf billigere Bedampfung der Oberfl\u00e4chen [&hellip;]","og_url":"https:\/\/shop.bantam.ch\/de\/produkt\/einhebelmischer-reich-keramik-contur-e-mit-handbrause-julia-flex-anschluesse\/","og_site_name":"Bantam","article_modified_time":"2026-05-02T22:03:01+00:00","og_image":[{"width":640,"height":640,"url":"https:\/\/shop.bantam.ch\/wp-content\/uploads\/2026\/05\/Movera-L-9949902100.jpg","type":"image\/jpeg"}],"twitter_card":"summary_large_image","twitter_misc":{"Gesch\u00e4tzte Lesezeit":"1\u00a0Minute"},"schema":{"@context":"https:\/\/schema.org","@graph":[{"@type":"WebPage","@id":"https:\/\/shop.bantam.ch\/de\/produkt\/einhebelmischer-reich-keramik-contur-e-mit-handbrause-julia-flex-anschluesse\/","url":"https:\/\/shop.bantam.ch\/de\/produkt\/einhebelmischer-reich-keramik-contur-e-mit-handbrause-julia-flex-anschluesse\/","name":"Einhebelmischer REICH Keramik CONTUR E mit Handbrause Julia flex. Anschl\u00fcsse - Bantam","isPartOf":{"@id":"https:\/\/shop.bantam.ch\/de\/#website"},"primaryImageOfPage":{"@id":"https:\/\/shop.bantam.ch\/de\/produkt\/einhebelmischer-reich-keramik-contur-e-mit-handbrause-julia-flex-anschluesse\/#primaryimage"},"image":{"@id":"https:\/\/shop.bantam.ch\/de\/produkt\/einhebelmischer-reich-keramik-contur-e-mit-handbrause-julia-flex-anschluesse\/#primaryimage"},"thumbnailUrl":"https:\/\/shop.bantam.ch\/wp-content\/uploads\/2026\/05\/Movera-L-9949902100.jpg","datePublished":"2026-05-01T14:53:41+00:00","dateModified":"2026-05-02T22:03:01+00:00","breadcrumb":{"@id":"https:\/\/shop.bantam.ch\/de\/produkt\/einhebelmischer-reich-keramik-contur-e-mit-handbrause-julia-flex-anschluesse\/#breadcrumb"},"inLanguage":"de","potentialAction":[{"@type":"ReadAction","target":["https:\/\/shop.bantam.ch\/de\/produkt\/einhebelmischer-reich-keramik-contur-e-mit-handbrause-julia-flex-anschluesse\/"]}]},{"@type":"ImageObject","inLanguage":"de","@id":"https:\/\/shop.bantam.ch\/de\/produkt\/einhebelmischer-reich-keramik-contur-e-mit-handbrause-julia-flex-anschluesse\/#primaryimage","url":"https:\/\/shop.bantam.ch\/wp-content\/uploads\/2026\/05\/Movera-L-9949902100.jpg","contentUrl":"https:\/\/shop.bantam.ch\/wp-content\/uploads\/2026\/05\/Movera-L-9949902100.jpg","width":640,"height":640},{"@type":"BreadcrumbList","@id":"https:\/\/shop.bantam.ch\/de\/produkt\/einhebelmischer-reich-keramik-contur-e-mit-handbrause-julia-flex-anschluesse\/#breadcrumb","itemListElement":[{"@type":"ListItem","position":1,"name":"Accueil","item":"https:\/\/shop.bantam.ch\/de\/"},{"@type":"ListItem","position":2,"name":"Shop","item":"https:\/\/shop.bantam.ch\/de\/shop\/"},{"@type":"ListItem","position":3,"name":"Einhebelmischer REICH Keramik CONTUR E mit Handbrause Julia flex. Anschl\u00fcsse"}]},{"@type":"WebSite","@id":"https:\/\/shop.bantam.ch\/de\/#website","url":"https:\/\/shop.bantam.ch\/de\/","name":"Bantam","description":"","publisher":{"@id":"https:\/\/shop.bantam.ch\/de\/#organization"},"inLanguage":"de"},{"@type":"Organization","@id":"https:\/\/shop.bantam.ch\/de\/#organization","name":"Bantam","url":"https:\/\/shop.bantam.ch\/de\/","logo":{"@type":"ImageObject","inLanguage":"de","@id":"https:\/\/shop.bantam.ch\/de\/#\/schema\/logo\/image\/","url":"https:\/\/shop.bantam.ch\/wp-content\/uploads\/2022\/12\/bantam-logo.png","contentUrl":"https:\/\/shop.bantam.ch\/wp-content\/uploads\/2022\/12\/bantam-logo.png","width":320,"height":71,"caption":"Bantam"},"image":{"@id":"https:\/\/shop.bantam.ch\/de\/#\/schema\/logo\/image\/"}}]}},"_links":{"self":[{"href":"https:\/\/shop.bantam.ch\/de\/wp-json\/wp\/v2\/product\/237598","targetHints":{"allow":["GET"]}}],"collection":[{"href":"https:\/\/shop.bantam.ch\/de\/wp-json\/wp\/v2\/product"}],"about":[{"href":"https:\/\/shop.bantam.ch\/de\/wp-json\/wp\/v2\/types\/product"}],"wp:featuredmedia":[{"embeddable":true,"href":"https:\/\/shop.bantam.ch\/de\/wp-json\/wp\/v2\/media\/237594"}],"wp:attachment":[{"href":"https:\/\/shop.bantam.ch\/de\/wp-json\/wp\/v2\/media?parent=237598"}],"wp:term":[{"taxonomy":"product_featured_cat","embeddable":true,"href":"https:\/\/shop.bantam.ch\/de\/wp-json\/wp\/v2\/product_featured_cat?post=237598"},{"taxonomy":"product_brand","embeddable":true,"href":"https:\/\/shop.bantam.ch\/de\/wp-json\/wp\/v2\/product_brand?post=237598"},{"taxonomy":"product_cat","embeddable":true,"href":"https:\/\/shop.bantam.ch\/de\/wp-json\/wp\/v2\/product_cat?post=237598"},{"taxonomy":"product_tag","embeddable":true,"href":"https:\/\/shop.bantam.ch\/de\/wp-json\/wp\/v2\/product_tag?post=237598"}],"curies":[{"name":"wp","href":"https:\/\/api.w.org\/{rel}","templated":true}]}}