{"id":237592,"date":"2026-05-01T16:52:23","date_gmt":"2026-05-01T14:52:23","guid":{"rendered":"https:\/\/shop.bantam.ch\/produit\/tuerleuchte-regenrinne-fuer-mb-sprinter-vw-crafter-man-gtge\/"},"modified":"2026-05-02T00:03:42","modified_gmt":"2026-05-01T22:03:42","slug":"tuerleuchte-regenrinne-fuer-mb-sprinter-vw-crafter-man-gtge","status":"publish","type":"product","link":"https:\/\/shop.bantam.ch\/de\/produkt\/tuerleuchte-regenrinne-fuer-mb-sprinter-vw-crafter-man-gtge\/","title":{"rendered":"T\u00fcrleuchte\/Regenrinne f\u00fcr MB Sprinter, VW Crafter MAN GTGE"},"content":{"rendered":"<p>Die Viganella LED-T\u00fcrleuchte mit 340 Lumen sorgt f\u00fcr eine gleichm\u00e4\u00dfige Beleuchtung des Eingangsbereichs und dient gleichzeitig als Regenrinne, die das Wasser von der T\u00fcr wegf\u00fchrt. Sie ist f\u00fcr verschiedene Wohnmobil-Modelle wie den Fiat Ducato, Volkswagen Crafter und Mercedes Sprinter verf\u00fcgbar. Die Leuchte ist dimmbar und l\u00e4sst sich einfach mit Klebeband und Schrauben montieren.<\/p>\n<p>Eigenschaften:<\/p>\n<ul>\n<li>Hohe Leuchtkraft von 340 Lumen<\/li>\n<li>Funktioniert als Regenrinne und leitet Wasser seitlich ab<\/li>\n<li>Einfache Montage mit Klebeband und Schrauben<\/li>\n<li>Wasserdichte Abdichtung f\u00fcr Verkabelung<\/li>\n<li>Dimmbar \u00fcber externen Dimmer<\/li>\n<\/ul>\n<p>Technische Daten:<\/p>\n<ul>\n<li>Lichtfarbe: 4000K<\/li>\n<li>Energieverbrauch: 12W<\/li>\n<li>L\u00e4nge: 1500 mm<\/li>\n<li>Schutzgrad: IP44<\/li>\n<li>Material: Aluminium<\/li>\n<li>Anschluss: 12V DC<\/li>\n<li>Gewicht: 0.44 kg\u00a0<\/li>\n<li>Geeignet f\u00fcr: Ducato\/Boxer\/Jumper\/Master\/Movano\/NV400 oder Crafter\/MAN\/Sprinter (je nach gew\u00e4hlter Ausf\u00fchrung)<\/li>\n<\/ul>\n<p>Lieferumfang:<\/p>\n<p>Viganella 135 oder 180 LED-T\u00fcrleuchte je nach gew\u00e4hlter Ausf\u00fchrung<br \/>\nBefestigungsschrauben<\/p>\n","protected":false},"excerpt":{"rendered":"<p>Die Viganella LED-T\u00fcrleuchte mit 340 Lumen sorgt f\u00fcr eine gleichm\u00e4\u00dfige Beleuchtung des Eingangsbereichs und dient gleichzeitig als Regenrinne, die das Wasser von der T\u00fcr wegf\u00fchrt. Sie ist f\u00fcr verschiedene Wohnmobil-Modelle wie den Fiat Ducato, Volkswagen Crafter und Mercedes Sprinter verf\u00fcgbar. Die Leuchte ist dimmbar und l\u00e4sst sich einfach mit Klebeband und Schrauben montieren. Eigenschaften: Hohe [&hellip;]<\/p>\n","protected":false},"featured_media":237588,"template":"","meta":{"_acf_changed":false},"product_featured_cat":[],"product_brand":[3179],"product_cat":[4712],"product_tag":[],"class_list":{"0":"post-237592","1":"product","2":"type-product","3":"status-publish","4":"has-post-thumbnail","6":"product_brand-h-a-b-a-de","7":"product_cat-zubehoer-fuer-fahrzeugleuchten","9":"first","10":"instock","11":"taxable","12":"shipping-taxable","13":"purchasable","14":"product-type-simple"},"acf":[],"yoast_head":"<!-- This site is optimized with the Yoast SEO plugin v27.5 - https:\/\/yoast.com\/product\/yoast-seo-wordpress\/ -->\n<title>T\u00fcrleuchte\/Regenrinne f\u00fcr MB Sprinter, VW Crafter MAN GTGE - Bantam<\/title>\n<meta name=\"robots\" content=\"index, follow, max-snippet:-1, max-image-preview:large, max-video-preview:-1\" \/>\n<link rel=\"canonical\" href=\"https:\/\/shop.bantam.ch\/de\/produkt\/tuerleuchte-regenrinne-fuer-mb-sprinter-vw-crafter-man-gtge\/\" \/>\n<meta property=\"og:locale\" content=\"de_DE\" \/>\n<meta property=\"og:type\" content=\"article\" \/>\n<meta property=\"og:title\" content=\"T\u00fcrleuchte\/Regenrinne f\u00fcr MB Sprinter, VW Crafter MAN GTGE - Bantam\" \/>\n<meta property=\"og:description\" content=\"Die Viganella LED-T\u00fcrleuchte mit 340 Lumen sorgt f\u00fcr eine gleichm\u00e4\u00dfige Beleuchtung des Eingangsbereichs und dient gleichzeitig als Regenrinne, die das Wasser von der T\u00fcr wegf\u00fchrt. Sie ist f\u00fcr verschiedene Wohnmobil-Modelle wie den Fiat Ducato, Volkswagen Crafter und Mercedes Sprinter verf\u00fcgbar. Die Leuchte ist dimmbar und l\u00e4sst sich einfach mit Klebeband und Schrauben montieren. Eigenschaften: Hohe [&hellip;]\" \/>\n<meta property=\"og:url\" content=\"https:\/\/shop.bantam.ch\/de\/produkt\/tuerleuchte-regenrinne-fuer-mb-sprinter-vw-crafter-man-gtge\/\" \/>\n<meta property=\"og:site_name\" content=\"Bantam\" \/>\n<meta property=\"article:modified_time\" content=\"2026-05-01T22:03:42+00:00\" \/>\n<meta property=\"og:image\" content=\"https:\/\/shop.bantam.ch\/wp-content\/uploads\/2026\/05\/Movera-L-9949901100.png\" \/>\n\t<meta property=\"og:image:width\" content=\"640\" \/>\n\t<meta property=\"og:image:height\" content=\"400\" \/>\n\t<meta property=\"og:image:type\" content=\"image\/png\" \/>\n<meta name=\"twitter:card\" content=\"summary_large_image\" \/>\n<meta name=\"twitter:label1\" content=\"Gesch\u00e4tzte Lesezeit\" \/>\n\t<meta name=\"twitter:data1\" content=\"1\u00a0Minute\" \/>\n<script type=\"application\/ld+json\" class=\"yoast-schema-graph\">{\"@context\":\"https:\\\/\\\/schema.org\",\"@graph\":[{\"@type\":\"WebPage\",\"@id\":\"https:\\\/\\\/shop.bantam.ch\\\/de\\\/produkt\\\/tuerleuchte-regenrinne-fuer-mb-sprinter-vw-crafter-man-gtge\\\/\",\"url\":\"https:\\\/\\\/shop.bantam.ch\\\/de\\\/produkt\\\/tuerleuchte-regenrinne-fuer-mb-sprinter-vw-crafter-man-gtge\\\/\",\"name\":\"T\u00fcrleuchte\\\/Regenrinne f\u00fcr MB Sprinter, VW Crafter MAN GTGE - Bantam\",\"isPartOf\":{\"@id\":\"https:\\\/\\\/shop.bantam.ch\\\/de\\\/#website\"},\"primaryImageOfPage\":{\"@id\":\"https:\\\/\\\/shop.bantam.ch\\\/de\\\/produkt\\\/tuerleuchte-regenrinne-fuer-mb-sprinter-vw-crafter-man-gtge\\\/#primaryimage\"},\"image\":{\"@id\":\"https:\\\/\\\/shop.bantam.ch\\\/de\\\/produkt\\\/tuerleuchte-regenrinne-fuer-mb-sprinter-vw-crafter-man-gtge\\\/#primaryimage\"},\"thumbnailUrl\":\"https:\\\/\\\/shop.bantam.ch\\\/wp-content\\\/uploads\\\/2026\\\/05\\\/Movera-L-9949901100.png\",\"datePublished\":\"2026-05-01T14:52:23+00:00\",\"dateModified\":\"2026-05-01T22:03:42+00:00\",\"breadcrumb\":{\"@id\":\"https:\\\/\\\/shop.bantam.ch\\\/de\\\/produkt\\\/tuerleuchte-regenrinne-fuer-mb-sprinter-vw-crafter-man-gtge\\\/#breadcrumb\"},\"inLanguage\":\"de\",\"potentialAction\":[{\"@type\":\"ReadAction\",\"target\":[\"https:\\\/\\\/shop.bantam.ch\\\/de\\\/produkt\\\/tuerleuchte-regenrinne-fuer-mb-sprinter-vw-crafter-man-gtge\\\/\"]}]},{\"@type\":\"ImageObject\",\"inLanguage\":\"de\",\"@id\":\"https:\\\/\\\/shop.bantam.ch\\\/de\\\/produkt\\\/tuerleuchte-regenrinne-fuer-mb-sprinter-vw-crafter-man-gtge\\\/#primaryimage\",\"url\":\"https:\\\/\\\/shop.bantam.ch\\\/wp-content\\\/uploads\\\/2026\\\/05\\\/Movera-L-9949901100.png\",\"contentUrl\":\"https:\\\/\\\/shop.bantam.ch\\\/wp-content\\\/uploads\\\/2026\\\/05\\\/Movera-L-9949901100.png\",\"width\":640,\"height\":400},{\"@type\":\"BreadcrumbList\",\"@id\":\"https:\\\/\\\/shop.bantam.ch\\\/de\\\/produkt\\\/tuerleuchte-regenrinne-fuer-mb-sprinter-vw-crafter-man-gtge\\\/#breadcrumb\",\"itemListElement\":[{\"@type\":\"ListItem\",\"position\":1,\"name\":\"Accueil\",\"item\":\"https:\\\/\\\/shop.bantam.ch\\\/de\\\/\"},{\"@type\":\"ListItem\",\"position\":2,\"name\":\"Shop\",\"item\":\"https:\\\/\\\/shop.bantam.ch\\\/de\\\/shop\\\/\"},{\"@type\":\"ListItem\",\"position\":3,\"name\":\"T\u00fcrleuchte\\\/Regenrinne f\u00fcr MB Sprinter, VW Crafter MAN GTGE\"}]},{\"@type\":\"WebSite\",\"@id\":\"https:\\\/\\\/shop.bantam.ch\\\/de\\\/#website\",\"url\":\"https:\\\/\\\/shop.bantam.ch\\\/de\\\/\",\"name\":\"Bantam\",\"description\":\"\",\"publisher\":{\"@id\":\"https:\\\/\\\/shop.bantam.ch\\\/de\\\/#organization\"},\"inLanguage\":\"de\"},{\"@type\":\"Organization\",\"@id\":\"https:\\\/\\\/shop.bantam.ch\\\/de\\\/#organization\",\"name\":\"Bantam\",\"url\":\"https:\\\/\\\/shop.bantam.ch\\\/de\\\/\",\"logo\":{\"@type\":\"ImageObject\",\"inLanguage\":\"de\",\"@id\":\"https:\\\/\\\/shop.bantam.ch\\\/de\\\/#\\\/schema\\\/logo\\\/image\\\/\",\"url\":\"https:\\\/\\\/shop.bantam.ch\\\/wp-content\\\/uploads\\\/2022\\\/12\\\/bantam-logo.png\",\"contentUrl\":\"https:\\\/\\\/shop.bantam.ch\\\/wp-content\\\/uploads\\\/2022\\\/12\\\/bantam-logo.png\",\"width\":320,\"height\":71,\"caption\":\"Bantam\"},\"image\":{\"@id\":\"https:\\\/\\\/shop.bantam.ch\\\/de\\\/#\\\/schema\\\/logo\\\/image\\\/\"}}]}<\/script>\n<!-- \/ Yoast SEO plugin. -->","yoast_head_json":{"title":"T\u00fcrleuchte\/Regenrinne f\u00fcr MB Sprinter, VW Crafter MAN GTGE - Bantam","robots":{"index":"index","follow":"follow","max-snippet":"max-snippet:-1","max-image-preview":"max-image-preview:large","max-video-preview":"max-video-preview:-1"},"canonical":"https:\/\/shop.bantam.ch\/de\/produkt\/tuerleuchte-regenrinne-fuer-mb-sprinter-vw-crafter-man-gtge\/","og_locale":"de_DE","og_type":"article","og_title":"T\u00fcrleuchte\/Regenrinne f\u00fcr MB Sprinter, VW Crafter MAN GTGE - Bantam","og_description":"Die Viganella LED-T\u00fcrleuchte mit 340 Lumen sorgt f\u00fcr eine gleichm\u00e4\u00dfige Beleuchtung des Eingangsbereichs und dient gleichzeitig als Regenrinne, die das Wasser von der T\u00fcr wegf\u00fchrt. Sie ist f\u00fcr verschiedene Wohnmobil-Modelle wie den Fiat Ducato, Volkswagen Crafter und Mercedes Sprinter verf\u00fcgbar. Die Leuchte ist dimmbar und l\u00e4sst sich einfach mit Klebeband und Schrauben montieren. Eigenschaften: Hohe [&hellip;]","og_url":"https:\/\/shop.bantam.ch\/de\/produkt\/tuerleuchte-regenrinne-fuer-mb-sprinter-vw-crafter-man-gtge\/","og_site_name":"Bantam","article_modified_time":"2026-05-01T22:03:42+00:00","og_image":[{"width":640,"height":400,"url":"https:\/\/shop.bantam.ch\/wp-content\/uploads\/2026\/05\/Movera-L-9949901100.png","type":"image\/png"}],"twitter_card":"summary_large_image","twitter_misc":{"Gesch\u00e4tzte Lesezeit":"1\u00a0Minute"},"schema":{"@context":"https:\/\/schema.org","@graph":[{"@type":"WebPage","@id":"https:\/\/shop.bantam.ch\/de\/produkt\/tuerleuchte-regenrinne-fuer-mb-sprinter-vw-crafter-man-gtge\/","url":"https:\/\/shop.bantam.ch\/de\/produkt\/tuerleuchte-regenrinne-fuer-mb-sprinter-vw-crafter-man-gtge\/","name":"T\u00fcrleuchte\/Regenrinne f\u00fcr MB Sprinter, VW Crafter MAN GTGE - Bantam","isPartOf":{"@id":"https:\/\/shop.bantam.ch\/de\/#website"},"primaryImageOfPage":{"@id":"https:\/\/shop.bantam.ch\/de\/produkt\/tuerleuchte-regenrinne-fuer-mb-sprinter-vw-crafter-man-gtge\/#primaryimage"},"image":{"@id":"https:\/\/shop.bantam.ch\/de\/produkt\/tuerleuchte-regenrinne-fuer-mb-sprinter-vw-crafter-man-gtge\/#primaryimage"},"thumbnailUrl":"https:\/\/shop.bantam.ch\/wp-content\/uploads\/2026\/05\/Movera-L-9949901100.png","datePublished":"2026-05-01T14:52:23+00:00","dateModified":"2026-05-01T22:03:42+00:00","breadcrumb":{"@id":"https:\/\/shop.bantam.ch\/de\/produkt\/tuerleuchte-regenrinne-fuer-mb-sprinter-vw-crafter-man-gtge\/#breadcrumb"},"inLanguage":"de","potentialAction":[{"@type":"ReadAction","target":["https:\/\/shop.bantam.ch\/de\/produkt\/tuerleuchte-regenrinne-fuer-mb-sprinter-vw-crafter-man-gtge\/"]}]},{"@type":"ImageObject","inLanguage":"de","@id":"https:\/\/shop.bantam.ch\/de\/produkt\/tuerleuchte-regenrinne-fuer-mb-sprinter-vw-crafter-man-gtge\/#primaryimage","url":"https:\/\/shop.bantam.ch\/wp-content\/uploads\/2026\/05\/Movera-L-9949901100.png","contentUrl":"https:\/\/shop.bantam.ch\/wp-content\/uploads\/2026\/05\/Movera-L-9949901100.png","width":640,"height":400},{"@type":"BreadcrumbList","@id":"https:\/\/shop.bantam.ch\/de\/produkt\/tuerleuchte-regenrinne-fuer-mb-sprinter-vw-crafter-man-gtge\/#breadcrumb","itemListElement":[{"@type":"ListItem","position":1,"name":"Accueil","item":"https:\/\/shop.bantam.ch\/de\/"},{"@type":"ListItem","position":2,"name":"Shop","item":"https:\/\/shop.bantam.ch\/de\/shop\/"},{"@type":"ListItem","position":3,"name":"T\u00fcrleuchte\/Regenrinne f\u00fcr MB Sprinter, VW Crafter MAN GTGE"}]},{"@type":"WebSite","@id":"https:\/\/shop.bantam.ch\/de\/#website","url":"https:\/\/shop.bantam.ch\/de\/","name":"Bantam","description":"","publisher":{"@id":"https:\/\/shop.bantam.ch\/de\/#organization"},"inLanguage":"de"},{"@type":"Organization","@id":"https:\/\/shop.bantam.ch\/de\/#organization","name":"Bantam","url":"https:\/\/shop.bantam.ch\/de\/","logo":{"@type":"ImageObject","inLanguage":"de","@id":"https:\/\/shop.bantam.ch\/de\/#\/schema\/logo\/image\/","url":"https:\/\/shop.bantam.ch\/wp-content\/uploads\/2022\/12\/bantam-logo.png","contentUrl":"https:\/\/shop.bantam.ch\/wp-content\/uploads\/2022\/12\/bantam-logo.png","width":320,"height":71,"caption":"Bantam"},"image":{"@id":"https:\/\/shop.bantam.ch\/de\/#\/schema\/logo\/image\/"}}]}},"_links":{"self":[{"href":"https:\/\/shop.bantam.ch\/de\/wp-json\/wp\/v2\/product\/237592","targetHints":{"allow":["GET"]}}],"collection":[{"href":"https:\/\/shop.bantam.ch\/de\/wp-json\/wp\/v2\/product"}],"about":[{"href":"https:\/\/shop.bantam.ch\/de\/wp-json\/wp\/v2\/types\/product"}],"wp:featuredmedia":[{"embeddable":true,"href":"https:\/\/shop.bantam.ch\/de\/wp-json\/wp\/v2\/media\/237588"}],"wp:attachment":[{"href":"https:\/\/shop.bantam.ch\/de\/wp-json\/wp\/v2\/media?parent=237592"}],"wp:term":[{"taxonomy":"product_featured_cat","embeddable":true,"href":"https:\/\/shop.bantam.ch\/de\/wp-json\/wp\/v2\/product_featured_cat?post=237592"},{"taxonomy":"product_brand","embeddable":true,"href":"https:\/\/shop.bantam.ch\/de\/wp-json\/wp\/v2\/product_brand?post=237592"},{"taxonomy":"product_cat","embeddable":true,"href":"https:\/\/shop.bantam.ch\/de\/wp-json\/wp\/v2\/product_cat?post=237592"},{"taxonomy":"product_tag","embeddable":true,"href":"https:\/\/shop.bantam.ch\/de\/wp-json\/wp\/v2\/product_tag?post=237592"}],"curies":[{"name":"wp","href":"https:\/\/api.w.org\/{rel}","templated":true}]}}