{"id":237586,"date":"2026-05-01T16:46:40","date_gmt":"2026-05-01T14:46:40","guid":{"rendered":"https:\/\/shop.bantam.ch\/produit\/sun-roof-deluxe-groesse-7-tiefe-200-240\/"},"modified":"2026-05-03T00:02:55","modified_gmt":"2026-05-02T22:02:55","slug":"sun-roof-deluxe-groesse-7-tiefe-200-240","status":"publish","type":"product","link":"https:\/\/shop.bantam.ch\/de\/produkt\/sun-roof-deluxe-groesse-7-tiefe-200-240\/","title":{"rendered":"Sun Roof Deluxe Gr\u00f6\u00dfe 7 Tiefe 200\/240"},"content":{"rendered":"<p>Modulares Sonnensegel f\u00fcr Rolli Plus Markisen.<br \/>\nDas SUNROOF ist die flexible Erg\u00e4nzung f\u00fcr alle Rolli Plus Markisen \u2013 ein modulares Sonnensegel, dass mehr Schatten, Raum und Komfort schaffen. In zwei Varianten erh\u00e4ltlich, bietet es die perfekte L\u00f6sung f\u00fcr sonnige Tage \u2013 ob als schneller Schutz oder als stabiler Vorbau f\u00fcr l\u00e4ngere Aufenthalte.<\/p>\n<p>\u00a0<\/p>\n<p>Lieferumfang:<\/p>\n<ul>\n<li>1x SUN ROOF<\/li>\n<li>3 x AUFSTELLSTANGE STAHL 22 mit Power Grip<\/li>\n<li>1 x Grundger\u00fcst ALU 28 mit Power Grip<\/li>\n<li>1 x Abspannmaterial<\/li>\n<li>3 x No screw B\u00f6ckchen<\/li>\n<\/ul>\n","protected":false},"excerpt":{"rendered":"<p>Modulares Sonnensegel f\u00fcr Rolli Plus Markisen. Das SUNROOF ist die flexible Erg\u00e4nzung f\u00fcr alle Rolli Plus Markisen \u2013 ein modulares Sonnensegel, dass mehr Schatten, Raum und Komfort schaffen. In zwei Varianten erh\u00e4ltlich, bietet es die perfekte L\u00f6sung f\u00fcr sonnige Tage \u2013 ob als schneller Schutz oder als stabiler Vorbau f\u00fcr l\u00e4ngere Aufenthalte. \u00a0 Lieferumfang: 1x [&hellip;]<\/p>\n","protected":false},"featured_media":237584,"template":"","meta":{"_acf_changed":false},"product_featured_cat":[],"product_brand":[3043],"product_cat":[3986],"product_tag":[],"class_list":{"0":"post-237586","1":"product","2":"type-product","3":"status-publish","4":"has-post-thumbnail","6":"product_brand-wigo-de","7":"product_cat-sonnendaecher-segel-tarps","9":"first","10":"instock","11":"taxable","12":"shipping-taxable","13":"purchasable","14":"product-type-simple"},"acf":[],"yoast_head":"<!-- This site is optimized with the Yoast SEO plugin v27.5 - https:\/\/yoast.com\/product\/yoast-seo-wordpress\/ -->\n<title>Sun Roof Deluxe Gr\u00f6\u00dfe 7 Tiefe 200\/240 - Bantam<\/title>\n<meta name=\"robots\" content=\"index, follow, max-snippet:-1, max-image-preview:large, max-video-preview:-1\" \/>\n<link rel=\"canonical\" href=\"https:\/\/shop.bantam.ch\/de\/produkt\/sun-roof-deluxe-groesse-7-tiefe-200-240\/\" \/>\n<meta property=\"og:locale\" content=\"de_DE\" \/>\n<meta property=\"og:type\" content=\"article\" \/>\n<meta property=\"og:title\" content=\"Sun Roof Deluxe Gr\u00f6\u00dfe 7 Tiefe 200\/240 - Bantam\" \/>\n<meta property=\"og:description\" content=\"Modulares Sonnensegel f\u00fcr Rolli Plus Markisen. Das SUNROOF ist die flexible Erg\u00e4nzung f\u00fcr alle Rolli Plus Markisen \u2013 ein modulares Sonnensegel, dass mehr Schatten, Raum und Komfort schaffen. In zwei Varianten erh\u00e4ltlich, bietet es die perfekte L\u00f6sung f\u00fcr sonnige Tage \u2013 ob als schneller Schutz oder als stabiler Vorbau f\u00fcr l\u00e4ngere Aufenthalte. \u00a0 Lieferumfang: 1x [&hellip;]\" \/>\n<meta property=\"og:url\" content=\"https:\/\/shop.bantam.ch\/de\/produkt\/sun-roof-deluxe-groesse-7-tiefe-200-240\/\" \/>\n<meta property=\"og:site_name\" content=\"Bantam\" \/>\n<meta property=\"article:modified_time\" content=\"2026-05-02T22:02:55+00:00\" \/>\n<meta property=\"og:image\" content=\"https:\/\/shop.bantam.ch\/wp-content\/uploads\/2026\/05\/Movera-L-9949899100.jpg\" \/>\n\t<meta property=\"og:image:width\" content=\"640\" \/>\n\t<meta property=\"og:image:height\" content=\"320\" \/>\n\t<meta property=\"og:image:type\" content=\"image\/jpeg\" \/>\n<meta name=\"twitter:card\" content=\"summary_large_image\" \/>\n<script type=\"application\/ld+json\" class=\"yoast-schema-graph\">{\"@context\":\"https:\\\/\\\/schema.org\",\"@graph\":[{\"@type\":\"WebPage\",\"@id\":\"https:\\\/\\\/shop.bantam.ch\\\/de\\\/produkt\\\/sun-roof-deluxe-groesse-7-tiefe-200-240\\\/\",\"url\":\"https:\\\/\\\/shop.bantam.ch\\\/de\\\/produkt\\\/sun-roof-deluxe-groesse-7-tiefe-200-240\\\/\",\"name\":\"Sun Roof Deluxe Gr\u00f6\u00dfe 7 Tiefe 200\\\/240 - Bantam\",\"isPartOf\":{\"@id\":\"https:\\\/\\\/shop.bantam.ch\\\/de\\\/#website\"},\"primaryImageOfPage\":{\"@id\":\"https:\\\/\\\/shop.bantam.ch\\\/de\\\/produkt\\\/sun-roof-deluxe-groesse-7-tiefe-200-240\\\/#primaryimage\"},\"image\":{\"@id\":\"https:\\\/\\\/shop.bantam.ch\\\/de\\\/produkt\\\/sun-roof-deluxe-groesse-7-tiefe-200-240\\\/#primaryimage\"},\"thumbnailUrl\":\"https:\\\/\\\/shop.bantam.ch\\\/wp-content\\\/uploads\\\/2026\\\/05\\\/Movera-L-9949899100.jpg\",\"datePublished\":\"2026-05-01T14:46:40+00:00\",\"dateModified\":\"2026-05-02T22:02:55+00:00\",\"breadcrumb\":{\"@id\":\"https:\\\/\\\/shop.bantam.ch\\\/de\\\/produkt\\\/sun-roof-deluxe-groesse-7-tiefe-200-240\\\/#breadcrumb\"},\"inLanguage\":\"de\",\"potentialAction\":[{\"@type\":\"ReadAction\",\"target\":[\"https:\\\/\\\/shop.bantam.ch\\\/de\\\/produkt\\\/sun-roof-deluxe-groesse-7-tiefe-200-240\\\/\"]}]},{\"@type\":\"ImageObject\",\"inLanguage\":\"de\",\"@id\":\"https:\\\/\\\/shop.bantam.ch\\\/de\\\/produkt\\\/sun-roof-deluxe-groesse-7-tiefe-200-240\\\/#primaryimage\",\"url\":\"https:\\\/\\\/shop.bantam.ch\\\/wp-content\\\/uploads\\\/2026\\\/05\\\/Movera-L-9949899100.jpg\",\"contentUrl\":\"https:\\\/\\\/shop.bantam.ch\\\/wp-content\\\/uploads\\\/2026\\\/05\\\/Movera-L-9949899100.jpg\",\"width\":640,\"height\":320},{\"@type\":\"BreadcrumbList\",\"@id\":\"https:\\\/\\\/shop.bantam.ch\\\/de\\\/produkt\\\/sun-roof-deluxe-groesse-7-tiefe-200-240\\\/#breadcrumb\",\"itemListElement\":[{\"@type\":\"ListItem\",\"position\":1,\"name\":\"Accueil\",\"item\":\"https:\\\/\\\/shop.bantam.ch\\\/de\\\/\"},{\"@type\":\"ListItem\",\"position\":2,\"name\":\"Shop\",\"item\":\"https:\\\/\\\/shop.bantam.ch\\\/de\\\/shop\\\/\"},{\"@type\":\"ListItem\",\"position\":3,\"name\":\"Sun Roof Deluxe Gr\u00f6\u00dfe 7 Tiefe 200\\\/240\"}]},{\"@type\":\"WebSite\",\"@id\":\"https:\\\/\\\/shop.bantam.ch\\\/de\\\/#website\",\"url\":\"https:\\\/\\\/shop.bantam.ch\\\/de\\\/\",\"name\":\"Bantam\",\"description\":\"\",\"publisher\":{\"@id\":\"https:\\\/\\\/shop.bantam.ch\\\/de\\\/#organization\"},\"inLanguage\":\"de\"},{\"@type\":\"Organization\",\"@id\":\"https:\\\/\\\/shop.bantam.ch\\\/de\\\/#organization\",\"name\":\"Bantam\",\"url\":\"https:\\\/\\\/shop.bantam.ch\\\/de\\\/\",\"logo\":{\"@type\":\"ImageObject\",\"inLanguage\":\"de\",\"@id\":\"https:\\\/\\\/shop.bantam.ch\\\/de\\\/#\\\/schema\\\/logo\\\/image\\\/\",\"url\":\"https:\\\/\\\/shop.bantam.ch\\\/wp-content\\\/uploads\\\/2022\\\/12\\\/bantam-logo.png\",\"contentUrl\":\"https:\\\/\\\/shop.bantam.ch\\\/wp-content\\\/uploads\\\/2022\\\/12\\\/bantam-logo.png\",\"width\":320,\"height\":71,\"caption\":\"Bantam\"},\"image\":{\"@id\":\"https:\\\/\\\/shop.bantam.ch\\\/de\\\/#\\\/schema\\\/logo\\\/image\\\/\"}}]}<\/script>\n<!-- \/ Yoast SEO plugin. -->","yoast_head_json":{"title":"Sun Roof Deluxe Gr\u00f6\u00dfe 7 Tiefe 200\/240 - Bantam","robots":{"index":"index","follow":"follow","max-snippet":"max-snippet:-1","max-image-preview":"max-image-preview:large","max-video-preview":"max-video-preview:-1"},"canonical":"https:\/\/shop.bantam.ch\/de\/produkt\/sun-roof-deluxe-groesse-7-tiefe-200-240\/","og_locale":"de_DE","og_type":"article","og_title":"Sun Roof Deluxe Gr\u00f6\u00dfe 7 Tiefe 200\/240 - Bantam","og_description":"Modulares Sonnensegel f\u00fcr Rolli Plus Markisen. Das SUNROOF ist die flexible Erg\u00e4nzung f\u00fcr alle Rolli Plus Markisen \u2013 ein modulares Sonnensegel, dass mehr Schatten, Raum und Komfort schaffen. In zwei Varianten erh\u00e4ltlich, bietet es die perfekte L\u00f6sung f\u00fcr sonnige Tage \u2013 ob als schneller Schutz oder als stabiler Vorbau f\u00fcr l\u00e4ngere Aufenthalte. \u00a0 Lieferumfang: 1x [&hellip;]","og_url":"https:\/\/shop.bantam.ch\/de\/produkt\/sun-roof-deluxe-groesse-7-tiefe-200-240\/","og_site_name":"Bantam","article_modified_time":"2026-05-02T22:02:55+00:00","og_image":[{"width":640,"height":320,"url":"https:\/\/shop.bantam.ch\/wp-content\/uploads\/2026\/05\/Movera-L-9949899100.jpg","type":"image\/jpeg"}],"twitter_card":"summary_large_image","schema":{"@context":"https:\/\/schema.org","@graph":[{"@type":"WebPage","@id":"https:\/\/shop.bantam.ch\/de\/produkt\/sun-roof-deluxe-groesse-7-tiefe-200-240\/","url":"https:\/\/shop.bantam.ch\/de\/produkt\/sun-roof-deluxe-groesse-7-tiefe-200-240\/","name":"Sun Roof Deluxe Gr\u00f6\u00dfe 7 Tiefe 200\/240 - Bantam","isPartOf":{"@id":"https:\/\/shop.bantam.ch\/de\/#website"},"primaryImageOfPage":{"@id":"https:\/\/shop.bantam.ch\/de\/produkt\/sun-roof-deluxe-groesse-7-tiefe-200-240\/#primaryimage"},"image":{"@id":"https:\/\/shop.bantam.ch\/de\/produkt\/sun-roof-deluxe-groesse-7-tiefe-200-240\/#primaryimage"},"thumbnailUrl":"https:\/\/shop.bantam.ch\/wp-content\/uploads\/2026\/05\/Movera-L-9949899100.jpg","datePublished":"2026-05-01T14:46:40+00:00","dateModified":"2026-05-02T22:02:55+00:00","breadcrumb":{"@id":"https:\/\/shop.bantam.ch\/de\/produkt\/sun-roof-deluxe-groesse-7-tiefe-200-240\/#breadcrumb"},"inLanguage":"de","potentialAction":[{"@type":"ReadAction","target":["https:\/\/shop.bantam.ch\/de\/produkt\/sun-roof-deluxe-groesse-7-tiefe-200-240\/"]}]},{"@type":"ImageObject","inLanguage":"de","@id":"https:\/\/shop.bantam.ch\/de\/produkt\/sun-roof-deluxe-groesse-7-tiefe-200-240\/#primaryimage","url":"https:\/\/shop.bantam.ch\/wp-content\/uploads\/2026\/05\/Movera-L-9949899100.jpg","contentUrl":"https:\/\/shop.bantam.ch\/wp-content\/uploads\/2026\/05\/Movera-L-9949899100.jpg","width":640,"height":320},{"@type":"BreadcrumbList","@id":"https:\/\/shop.bantam.ch\/de\/produkt\/sun-roof-deluxe-groesse-7-tiefe-200-240\/#breadcrumb","itemListElement":[{"@type":"ListItem","position":1,"name":"Accueil","item":"https:\/\/shop.bantam.ch\/de\/"},{"@type":"ListItem","position":2,"name":"Shop","item":"https:\/\/shop.bantam.ch\/de\/shop\/"},{"@type":"ListItem","position":3,"name":"Sun Roof Deluxe Gr\u00f6\u00dfe 7 Tiefe 200\/240"}]},{"@type":"WebSite","@id":"https:\/\/shop.bantam.ch\/de\/#website","url":"https:\/\/shop.bantam.ch\/de\/","name":"Bantam","description":"","publisher":{"@id":"https:\/\/shop.bantam.ch\/de\/#organization"},"inLanguage":"de"},{"@type":"Organization","@id":"https:\/\/shop.bantam.ch\/de\/#organization","name":"Bantam","url":"https:\/\/shop.bantam.ch\/de\/","logo":{"@type":"ImageObject","inLanguage":"de","@id":"https:\/\/shop.bantam.ch\/de\/#\/schema\/logo\/image\/","url":"https:\/\/shop.bantam.ch\/wp-content\/uploads\/2022\/12\/bantam-logo.png","contentUrl":"https:\/\/shop.bantam.ch\/wp-content\/uploads\/2022\/12\/bantam-logo.png","width":320,"height":71,"caption":"Bantam"},"image":{"@id":"https:\/\/shop.bantam.ch\/de\/#\/schema\/logo\/image\/"}}]}},"_links":{"self":[{"href":"https:\/\/shop.bantam.ch\/de\/wp-json\/wp\/v2\/product\/237586","targetHints":{"allow":["GET"]}}],"collection":[{"href":"https:\/\/shop.bantam.ch\/de\/wp-json\/wp\/v2\/product"}],"about":[{"href":"https:\/\/shop.bantam.ch\/de\/wp-json\/wp\/v2\/types\/product"}],"wp:featuredmedia":[{"embeddable":true,"href":"https:\/\/shop.bantam.ch\/de\/wp-json\/wp\/v2\/media\/237584"}],"wp:attachment":[{"href":"https:\/\/shop.bantam.ch\/de\/wp-json\/wp\/v2\/media?parent=237586"}],"wp:term":[{"taxonomy":"product_featured_cat","embeddable":true,"href":"https:\/\/shop.bantam.ch\/de\/wp-json\/wp\/v2\/product_featured_cat?post=237586"},{"taxonomy":"product_brand","embeddable":true,"href":"https:\/\/shop.bantam.ch\/de\/wp-json\/wp\/v2\/product_brand?post=237586"},{"taxonomy":"product_cat","embeddable":true,"href":"https:\/\/shop.bantam.ch\/de\/wp-json\/wp\/v2\/product_cat?post=237586"},{"taxonomy":"product_tag","embeddable":true,"href":"https:\/\/shop.bantam.ch\/de\/wp-json\/wp\/v2\/product_tag?post=237586"}],"curies":[{"name":"wp","href":"https:\/\/api.w.org\/{rel}","templated":true}]}}