{"id":237579,"date":"2026-05-01T16:44:48","date_gmt":"2026-05-01T14:44:48","guid":{"rendered":"https:\/\/shop.bantam.ch\/produit\/nebulisator-mueckenabwehrsystem\/"},"modified":"2026-05-12T00:05:02","modified_gmt":"2026-05-11T22:05:02","slug":"nebulisator-mueckenabwehrsystem","status":"publish","type":"product","link":"https:\/\/shop.bantam.ch\/de\/produkt\/nebulisator-mueckenabwehrsystem\/","title":{"rendered":"Nebulisator M\u00fcckenabwehrsystem"},"content":{"rendered":"<p>Die ideale L\u00f6sung f\u00fcr alle, die ihren Garten entspannt genie\u00dfen und m\u00fchelos M\u00fccken vertreiben m\u00f6chten. Der gr\u00fcn gef\u00e4rbte Zerst\u00e4uber arbeitet automatisch und sicher: \u00dcber das intuitive Display an der Vorderseite k\u00f6nnen Sie die H\u00e4ufigkeit und Dauer der Zyklen einstellen, w\u00e4hrend ein akustischer Timer 30 Sekunden vor Beginn des Betriebs signalisiert, sodass Sie den Raum vor der Behandlung verlassen k\u00f6nnen. Schultergurt und Stativ im Lieferumfang enthalten. Angetrieben wird das Ger\u00e4t von einem 12-V-Akku, der dank des Schnellverschlusssystems schnell entfernt werden kann. Die Akkulaufzeit betr\u00e4gt 90 Minuten effektive Betriebszeit. Die drei ultrafeinen Zerst\u00e4uberd\u00fcsen sorgen f\u00fcr eine gleichm\u00e4\u00dfige Produktverteilung \u00fcber 360\u00b0 und damit f\u00fcr eine effektivere Behandlung. Spezielle FPM-Dichtungen machen das Ger\u00e4t auch f\u00fcr aggressivste Produkte geeignet. Der Vernebler kann auch zur Desinfektion in Innenr\u00e4umen und zur Vernebelung anderer Fl\u00fcssigkeiten verwendet werden.<\/p>\n<ul>\n<li>Fassungsverm\u00f6gen: 12 Liter<\/li>\n<li>Arbeitsdruck: 5 bar<\/li>\n<li>12-V-Li-Ionen-Akku<\/li>\n<li>Akkukapazit\u00e4t: 2,5 Ah<\/li>\n<li>Wasserdurchfluss: 0,12 Liter pro Minute<\/li>\n<\/ul>\n","protected":false},"excerpt":{"rendered":"<p>Die ideale L\u00f6sung f\u00fcr alle, die ihren Garten entspannt genie\u00dfen und m\u00fchelos M\u00fccken vertreiben m\u00f6chten. Der gr\u00fcn gef\u00e4rbte Zerst\u00e4uber arbeitet automatisch und sicher: \u00dcber das intuitive Display an der Vorderseite k\u00f6nnen Sie die H\u00e4ufigkeit und Dauer der Zyklen einstellen, w\u00e4hrend ein akustischer Timer 30 Sekunden vor Beginn des Betriebs signalisiert, sodass Sie den Raum vor [&hellip;]<\/p>\n","protected":false},"featured_media":237573,"template":"","meta":{"_acf_changed":false},"product_featured_cat":[],"product_brand":[5398],"product_cat":[4028],"product_tag":[],"class_list":{"0":"post-237579","1":"product","2":"type-product","3":"status-publish","4":"has-post-thumbnail","6":"product_brand-stocker-de","7":"product_cat-insektenschutz","9":"first","10":"instock","11":"taxable","12":"shipping-taxable","13":"purchasable","14":"product-type-simple"},"acf":[],"yoast_head":"<!-- This site is optimized with the Yoast SEO plugin v27.5 - https:\/\/yoast.com\/product\/yoast-seo-wordpress\/ -->\n<title>Nebulisator M\u00fcckenabwehrsystem - Bantam<\/title>\n<meta name=\"robots\" content=\"index, follow, max-snippet:-1, max-image-preview:large, max-video-preview:-1\" \/>\n<link rel=\"canonical\" href=\"https:\/\/shop.bantam.ch\/de\/produkt\/nebulisator-mueckenabwehrsystem\/\" \/>\n<meta property=\"og:locale\" content=\"de_DE\" \/>\n<meta property=\"og:type\" content=\"article\" \/>\n<meta property=\"og:title\" content=\"Nebulisator M\u00fcckenabwehrsystem - Bantam\" \/>\n<meta property=\"og:description\" content=\"Die ideale L\u00f6sung f\u00fcr alle, die ihren Garten entspannt genie\u00dfen und m\u00fchelos M\u00fccken vertreiben m\u00f6chten. Der gr\u00fcn gef\u00e4rbte Zerst\u00e4uber arbeitet automatisch und sicher: \u00dcber das intuitive Display an der Vorderseite k\u00f6nnen Sie die H\u00e4ufigkeit und Dauer der Zyklen einstellen, w\u00e4hrend ein akustischer Timer 30 Sekunden vor Beginn des Betriebs signalisiert, sodass Sie den Raum vor [&hellip;]\" \/>\n<meta property=\"og:url\" content=\"https:\/\/shop.bantam.ch\/de\/produkt\/nebulisator-mueckenabwehrsystem\/\" \/>\n<meta property=\"og:site_name\" content=\"Bantam\" \/>\n<meta property=\"article:modified_time\" content=\"2026-05-11T22:05:02+00:00\" \/>\n<meta property=\"og:image\" content=\"https:\/\/shop.bantam.ch\/wp-content\/uploads\/2026\/05\/Movera-L-9949889100.jpg\" \/>\n\t<meta property=\"og:image:width\" content=\"591\" \/>\n\t<meta property=\"og:image:height\" content=\"600\" \/>\n\t<meta property=\"og:image:type\" content=\"image\/jpeg\" \/>\n<meta name=\"twitter:card\" content=\"summary_large_image\" \/>\n<meta name=\"twitter:label1\" content=\"Gesch\u00e4tzte Lesezeit\" \/>\n\t<meta name=\"twitter:data1\" content=\"1\u00a0Minute\" \/>\n<script type=\"application\/ld+json\" class=\"yoast-schema-graph\">{\"@context\":\"https:\\\/\\\/schema.org\",\"@graph\":[{\"@type\":\"WebPage\",\"@id\":\"https:\\\/\\\/shop.bantam.ch\\\/de\\\/produkt\\\/nebulisator-mueckenabwehrsystem\\\/\",\"url\":\"https:\\\/\\\/shop.bantam.ch\\\/de\\\/produkt\\\/nebulisator-mueckenabwehrsystem\\\/\",\"name\":\"Nebulisator M\u00fcckenabwehrsystem - Bantam\",\"isPartOf\":{\"@id\":\"https:\\\/\\\/shop.bantam.ch\\\/de\\\/#website\"},\"primaryImageOfPage\":{\"@id\":\"https:\\\/\\\/shop.bantam.ch\\\/de\\\/produkt\\\/nebulisator-mueckenabwehrsystem\\\/#primaryimage\"},\"image\":{\"@id\":\"https:\\\/\\\/shop.bantam.ch\\\/de\\\/produkt\\\/nebulisator-mueckenabwehrsystem\\\/#primaryimage\"},\"thumbnailUrl\":\"https:\\\/\\\/shop.bantam.ch\\\/wp-content\\\/uploads\\\/2026\\\/05\\\/Movera-L-9949889100.jpg\",\"datePublished\":\"2026-05-01T14:44:48+00:00\",\"dateModified\":\"2026-05-11T22:05:02+00:00\",\"breadcrumb\":{\"@id\":\"https:\\\/\\\/shop.bantam.ch\\\/de\\\/produkt\\\/nebulisator-mueckenabwehrsystem\\\/#breadcrumb\"},\"inLanguage\":\"de\",\"potentialAction\":[{\"@type\":\"ReadAction\",\"target\":[\"https:\\\/\\\/shop.bantam.ch\\\/de\\\/produkt\\\/nebulisator-mueckenabwehrsystem\\\/\"]}]},{\"@type\":\"ImageObject\",\"inLanguage\":\"de\",\"@id\":\"https:\\\/\\\/shop.bantam.ch\\\/de\\\/produkt\\\/nebulisator-mueckenabwehrsystem\\\/#primaryimage\",\"url\":\"https:\\\/\\\/shop.bantam.ch\\\/wp-content\\\/uploads\\\/2026\\\/05\\\/Movera-L-9949889100.jpg\",\"contentUrl\":\"https:\\\/\\\/shop.bantam.ch\\\/wp-content\\\/uploads\\\/2026\\\/05\\\/Movera-L-9949889100.jpg\",\"width\":591,\"height\":600},{\"@type\":\"BreadcrumbList\",\"@id\":\"https:\\\/\\\/shop.bantam.ch\\\/de\\\/produkt\\\/nebulisator-mueckenabwehrsystem\\\/#breadcrumb\",\"itemListElement\":[{\"@type\":\"ListItem\",\"position\":1,\"name\":\"Accueil\",\"item\":\"https:\\\/\\\/shop.bantam.ch\\\/de\\\/\"},{\"@type\":\"ListItem\",\"position\":2,\"name\":\"Shop\",\"item\":\"https:\\\/\\\/shop.bantam.ch\\\/de\\\/shop\\\/\"},{\"@type\":\"ListItem\",\"position\":3,\"name\":\"Nebulisator M\u00fcckenabwehrsystem\"}]},{\"@type\":\"WebSite\",\"@id\":\"https:\\\/\\\/shop.bantam.ch\\\/de\\\/#website\",\"url\":\"https:\\\/\\\/shop.bantam.ch\\\/de\\\/\",\"name\":\"Bantam\",\"description\":\"\",\"publisher\":{\"@id\":\"https:\\\/\\\/shop.bantam.ch\\\/de\\\/#organization\"},\"inLanguage\":\"de\"},{\"@type\":\"Organization\",\"@id\":\"https:\\\/\\\/shop.bantam.ch\\\/de\\\/#organization\",\"name\":\"Bantam\",\"url\":\"https:\\\/\\\/shop.bantam.ch\\\/de\\\/\",\"logo\":{\"@type\":\"ImageObject\",\"inLanguage\":\"de\",\"@id\":\"https:\\\/\\\/shop.bantam.ch\\\/de\\\/#\\\/schema\\\/logo\\\/image\\\/\",\"url\":\"https:\\\/\\\/shop.bantam.ch\\\/wp-content\\\/uploads\\\/2022\\\/12\\\/bantam-logo.png\",\"contentUrl\":\"https:\\\/\\\/shop.bantam.ch\\\/wp-content\\\/uploads\\\/2022\\\/12\\\/bantam-logo.png\",\"width\":320,\"height\":71,\"caption\":\"Bantam\"},\"image\":{\"@id\":\"https:\\\/\\\/shop.bantam.ch\\\/de\\\/#\\\/schema\\\/logo\\\/image\\\/\"}}]}<\/script>\n<!-- \/ Yoast SEO plugin. -->","yoast_head_json":{"title":"Nebulisator M\u00fcckenabwehrsystem - Bantam","robots":{"index":"index","follow":"follow","max-snippet":"max-snippet:-1","max-image-preview":"max-image-preview:large","max-video-preview":"max-video-preview:-1"},"canonical":"https:\/\/shop.bantam.ch\/de\/produkt\/nebulisator-mueckenabwehrsystem\/","og_locale":"de_DE","og_type":"article","og_title":"Nebulisator M\u00fcckenabwehrsystem - Bantam","og_description":"Die ideale L\u00f6sung f\u00fcr alle, die ihren Garten entspannt genie\u00dfen und m\u00fchelos M\u00fccken vertreiben m\u00f6chten. Der gr\u00fcn gef\u00e4rbte Zerst\u00e4uber arbeitet automatisch und sicher: \u00dcber das intuitive Display an der Vorderseite k\u00f6nnen Sie die H\u00e4ufigkeit und Dauer der Zyklen einstellen, w\u00e4hrend ein akustischer Timer 30 Sekunden vor Beginn des Betriebs signalisiert, sodass Sie den Raum vor [&hellip;]","og_url":"https:\/\/shop.bantam.ch\/de\/produkt\/nebulisator-mueckenabwehrsystem\/","og_site_name":"Bantam","article_modified_time":"2026-05-11T22:05:02+00:00","og_image":[{"width":591,"height":600,"url":"https:\/\/shop.bantam.ch\/wp-content\/uploads\/2026\/05\/Movera-L-9949889100.jpg","type":"image\/jpeg"}],"twitter_card":"summary_large_image","twitter_misc":{"Gesch\u00e4tzte Lesezeit":"1\u00a0Minute"},"schema":{"@context":"https:\/\/schema.org","@graph":[{"@type":"WebPage","@id":"https:\/\/shop.bantam.ch\/de\/produkt\/nebulisator-mueckenabwehrsystem\/","url":"https:\/\/shop.bantam.ch\/de\/produkt\/nebulisator-mueckenabwehrsystem\/","name":"Nebulisator M\u00fcckenabwehrsystem - Bantam","isPartOf":{"@id":"https:\/\/shop.bantam.ch\/de\/#website"},"primaryImageOfPage":{"@id":"https:\/\/shop.bantam.ch\/de\/produkt\/nebulisator-mueckenabwehrsystem\/#primaryimage"},"image":{"@id":"https:\/\/shop.bantam.ch\/de\/produkt\/nebulisator-mueckenabwehrsystem\/#primaryimage"},"thumbnailUrl":"https:\/\/shop.bantam.ch\/wp-content\/uploads\/2026\/05\/Movera-L-9949889100.jpg","datePublished":"2026-05-01T14:44:48+00:00","dateModified":"2026-05-11T22:05:02+00:00","breadcrumb":{"@id":"https:\/\/shop.bantam.ch\/de\/produkt\/nebulisator-mueckenabwehrsystem\/#breadcrumb"},"inLanguage":"de","potentialAction":[{"@type":"ReadAction","target":["https:\/\/shop.bantam.ch\/de\/produkt\/nebulisator-mueckenabwehrsystem\/"]}]},{"@type":"ImageObject","inLanguage":"de","@id":"https:\/\/shop.bantam.ch\/de\/produkt\/nebulisator-mueckenabwehrsystem\/#primaryimage","url":"https:\/\/shop.bantam.ch\/wp-content\/uploads\/2026\/05\/Movera-L-9949889100.jpg","contentUrl":"https:\/\/shop.bantam.ch\/wp-content\/uploads\/2026\/05\/Movera-L-9949889100.jpg","width":591,"height":600},{"@type":"BreadcrumbList","@id":"https:\/\/shop.bantam.ch\/de\/produkt\/nebulisator-mueckenabwehrsystem\/#breadcrumb","itemListElement":[{"@type":"ListItem","position":1,"name":"Accueil","item":"https:\/\/shop.bantam.ch\/de\/"},{"@type":"ListItem","position":2,"name":"Shop","item":"https:\/\/shop.bantam.ch\/de\/shop\/"},{"@type":"ListItem","position":3,"name":"Nebulisator M\u00fcckenabwehrsystem"}]},{"@type":"WebSite","@id":"https:\/\/shop.bantam.ch\/de\/#website","url":"https:\/\/shop.bantam.ch\/de\/","name":"Bantam","description":"","publisher":{"@id":"https:\/\/shop.bantam.ch\/de\/#organization"},"inLanguage":"de"},{"@type":"Organization","@id":"https:\/\/shop.bantam.ch\/de\/#organization","name":"Bantam","url":"https:\/\/shop.bantam.ch\/de\/","logo":{"@type":"ImageObject","inLanguage":"de","@id":"https:\/\/shop.bantam.ch\/de\/#\/schema\/logo\/image\/","url":"https:\/\/shop.bantam.ch\/wp-content\/uploads\/2022\/12\/bantam-logo.png","contentUrl":"https:\/\/shop.bantam.ch\/wp-content\/uploads\/2022\/12\/bantam-logo.png","width":320,"height":71,"caption":"Bantam"},"image":{"@id":"https:\/\/shop.bantam.ch\/de\/#\/schema\/logo\/image\/"}}]}},"_links":{"self":[{"href":"https:\/\/shop.bantam.ch\/de\/wp-json\/wp\/v2\/product\/237579","targetHints":{"allow":["GET"]}}],"collection":[{"href":"https:\/\/shop.bantam.ch\/de\/wp-json\/wp\/v2\/product"}],"about":[{"href":"https:\/\/shop.bantam.ch\/de\/wp-json\/wp\/v2\/types\/product"}],"wp:featuredmedia":[{"embeddable":true,"href":"https:\/\/shop.bantam.ch\/de\/wp-json\/wp\/v2\/media\/237573"}],"wp:attachment":[{"href":"https:\/\/shop.bantam.ch\/de\/wp-json\/wp\/v2\/media?parent=237579"}],"wp:term":[{"taxonomy":"product_featured_cat","embeddable":true,"href":"https:\/\/shop.bantam.ch\/de\/wp-json\/wp\/v2\/product_featured_cat?post=237579"},{"taxonomy":"product_brand","embeddable":true,"href":"https:\/\/shop.bantam.ch\/de\/wp-json\/wp\/v2\/product_brand?post=237579"},{"taxonomy":"product_cat","embeddable":true,"href":"https:\/\/shop.bantam.ch\/de\/wp-json\/wp\/v2\/product_cat?post=237579"},{"taxonomy":"product_tag","embeddable":true,"href":"https:\/\/shop.bantam.ch\/de\/wp-json\/wp\/v2\/product_tag?post=237579"}],"curies":[{"name":"wp","href":"https:\/\/api.w.org\/{rel}","templated":true}]}}