{"id":237529,"date":"2026-05-01T16:27:07","date_gmt":"2026-05-01T14:27:07","guid":{"rendered":"https:\/\/shop.bantam.ch\/produit\/multimatik-tgo-2-flaschenanlage-15kg-h-30mbar-ausgang-srv-8mm\/"},"modified":"2026-05-02T00:03:19","modified_gmt":"2026-05-01T22:03:19","slug":"multimatik-tgo-2-flaschenanlage-15kg-h-30mbar-ausgang-srv-8mm","status":"publish","type":"product","link":"https:\/\/shop.bantam.ch\/de\/produkt\/multimatik-tgo-2-flaschenanlage-15kg-h-30mbar-ausgang-srv-8mm\/","title":{"rendered":"Multimatik TGO 2-Flaschenanlage 1,5kg\/h-30mbar Ausgang SRV 8mm"},"content":{"rendered":"<p>Ein gleichm\u00e4\u00dfiger Verbrauchsdruck wird in 2 Reglerstufen produziert und sichert somit eine maximale Durchflussmenge. In einem Ger\u00e4t sind alle wichtigen Funktionen wie Druckregler 2-stufig, automatische Umschaltung und Sicherheitsausblasvorrichtung integriert. Beim automatischen Umschaltvorgang wird die Reserveflasche immer zur Betriebsflasche umfunktioniert.<\/p>\n<p>Eigenschaften<\/p>\n<p>1. Ein gleichm\u00e4\u00dfiger Verbrauchsdruck wird in 2 Reglerstufen produziert und sichert somit eine maximale Durchflu\u00dfmenge, auch bei extremen Betriebsbedingungen, wie z.B. im Winterbetrieb.<br \/>\n2. In nur einem Teil sind alle wichtigen Funktionen wie &#8211; Druckregler 2-stufig, automatische Umschaltung, Sicherheitsabblasevorrichtung integriert, dadurch einfachere fehlerfreie Montage.<br \/>\n3. Dieses Umschaltsystem erm\u00f6glicht, dass niemals 2 Flaschen leer werden k\u00f6nnen, denn beim automatischen Umschaltvorgang wird die Reserveflasche immer zur Betriebs-flasche umfunktioniert, so dass jeweils nur eine Flasche bis zur vollst\u00e4ndigen Entleerung im Betrieb bleibt.<\/p>\n<p>Vorteile<\/p>\n<ul>\n<li>Der &#8222;Umschaltpfeil&#8220; (gr\u00fcn= Betrieb, rot= Reserve bzw. leer) zeigt an, welche Flasche im Betrieb bzw. leer ist.<\/li>\n<li>Die automatische Flaschenumschaltung erfolgt ohne Betriebsunterbrechung dies wird auch beim Flaschenwechsel erm\u00f6glicht.<\/li>\n<li>Das integrierte Sicherheitsabblaseventil verhindert unzul\u00e4ssig hohen Druck, der die Ger\u00e4te besch\u00e4digen k\u00f6nnte.<\/li>\n<li>Die Kunststoff-Umschalt-Drehkappe verhindert gleichzeitig das Eindringen von Feuchtigkeit in dem Reglerbereich.<\/li>\n<li>Mit einem neuen Fernanzeigesystem &#040;Display im Fahrzeugraum&#041; kann festgestellt werden, welche Flasche im Betrieb\/Reserve ist. Dar\u00fcber hinaus wird jederzeit angezeigt, wieviel Gas (kg) sich in der jeweiligen Flasche befindet (Sonderzubeh\u00f6r)<\/li>\n<\/ul>\n<p>Technische Daten<\/p>\n<ul>\n<li>Gasdruck: 30 mbar<\/li>\n<li>Durchflussmenge: 1,5 kg\/h<\/li>\n<li>Ausgang: SRV 8 mm<\/li>\n<li>Pr\u00fcfventil: ja oder nein\u00a0<\/li>\n<\/ul>\n<p>Hinweis: Der Regler darf nur im vorgesehenen Gaskasten verwendet werden, nicht direkt im Wohnraum des Wohnmobils oder Wohnwagens!<\/p>\n","protected":false},"excerpt":{"rendered":"<p>Ein gleichm\u00e4\u00dfiger Verbrauchsdruck wird in 2 Reglerstufen produziert und sichert somit eine maximale Durchflussmenge. In einem Ger\u00e4t sind alle wichtigen Funktionen wie Druckregler 2-stufig, automatische Umschaltung und Sicherheitsausblasvorrichtung integriert. Beim automatischen Umschaltvorgang wird die Reserveflasche immer zur Betriebsflasche umfunktioniert. Eigenschaften 1. Ein gleichm\u00e4\u00dfiger Verbrauchsdruck wird in 2 Reglerstufen produziert und sichert somit eine maximale Durchflu\u00dfmenge, [&hellip;]<\/p>\n","protected":false},"featured_media":237527,"template":"","meta":{"_acf_changed":false},"product_featured_cat":[],"product_brand":[3089],"product_cat":[4486],"product_tag":[],"class_list":{"0":"post-237529","1":"product","2":"type-product","3":"status-publish","4":"has-post-thumbnail","6":"product_brand-tgo-de","7":"product_cat-gasflaschen-kartuschen-zubehoer","9":"first","10":"instock","11":"taxable","12":"shipping-taxable","13":"purchasable","14":"product-type-simple"},"acf":[],"yoast_head":"<!-- This site is optimized with the Yoast SEO plugin v27.5 - https:\/\/yoast.com\/product\/yoast-seo-wordpress\/ -->\n<title>Multimatik TGO 2-Flaschenanlage 1,5kg\/h-30mbar Ausgang SRV 8mm - Bantam<\/title>\n<meta name=\"robots\" content=\"index, follow, max-snippet:-1, max-image-preview:large, max-video-preview:-1\" \/>\n<link rel=\"canonical\" href=\"https:\/\/shop.bantam.ch\/de\/produkt\/multimatik-tgo-2-flaschenanlage-15kg-h-30mbar-ausgang-srv-8mm\/\" \/>\n<meta property=\"og:locale\" content=\"de_DE\" \/>\n<meta property=\"og:type\" content=\"article\" \/>\n<meta property=\"og:title\" content=\"Multimatik TGO 2-Flaschenanlage 1,5kg\/h-30mbar Ausgang SRV 8mm - Bantam\" \/>\n<meta property=\"og:description\" content=\"Ein gleichm\u00e4\u00dfiger Verbrauchsdruck wird in 2 Reglerstufen produziert und sichert somit eine maximale Durchflussmenge. In einem Ger\u00e4t sind alle wichtigen Funktionen wie Druckregler 2-stufig, automatische Umschaltung und Sicherheitsausblasvorrichtung integriert. Beim automatischen Umschaltvorgang wird die Reserveflasche immer zur Betriebsflasche umfunktioniert. Eigenschaften 1. Ein gleichm\u00e4\u00dfiger Verbrauchsdruck wird in 2 Reglerstufen produziert und sichert somit eine maximale Durchflu\u00dfmenge, [&hellip;]\" \/>\n<meta property=\"og:url\" content=\"https:\/\/shop.bantam.ch\/de\/produkt\/multimatik-tgo-2-flaschenanlage-15kg-h-30mbar-ausgang-srv-8mm\/\" \/>\n<meta property=\"og:site_name\" content=\"Bantam\" \/>\n<meta property=\"article:modified_time\" content=\"2026-05-01T22:03:19+00:00\" \/>\n<meta property=\"og:image\" content=\"https:\/\/shop.bantam.ch\/wp-content\/uploads\/2026\/05\/Movera-L-9933196100.jpg\" \/>\n\t<meta property=\"og:image:width\" content=\"640\" \/>\n\t<meta property=\"og:image:height\" content=\"443\" \/>\n\t<meta property=\"og:image:type\" content=\"image\/jpeg\" \/>\n<meta name=\"twitter:card\" content=\"summary_large_image\" \/>\n<meta name=\"twitter:label1\" content=\"Gesch\u00e4tzte Lesezeit\" \/>\n\t<meta name=\"twitter:data1\" content=\"1\u00a0Minute\" \/>\n<script type=\"application\/ld+json\" class=\"yoast-schema-graph\">{\"@context\":\"https:\\\/\\\/schema.org\",\"@graph\":[{\"@type\":\"WebPage\",\"@id\":\"https:\\\/\\\/shop.bantam.ch\\\/de\\\/produkt\\\/multimatik-tgo-2-flaschenanlage-15kg-h-30mbar-ausgang-srv-8mm\\\/\",\"url\":\"https:\\\/\\\/shop.bantam.ch\\\/de\\\/produkt\\\/multimatik-tgo-2-flaschenanlage-15kg-h-30mbar-ausgang-srv-8mm\\\/\",\"name\":\"Multimatik TGO 2-Flaschenanlage 1,5kg\\\/h-30mbar Ausgang SRV 8mm - Bantam\",\"isPartOf\":{\"@id\":\"https:\\\/\\\/shop.bantam.ch\\\/de\\\/#website\"},\"primaryImageOfPage\":{\"@id\":\"https:\\\/\\\/shop.bantam.ch\\\/de\\\/produkt\\\/multimatik-tgo-2-flaschenanlage-15kg-h-30mbar-ausgang-srv-8mm\\\/#primaryimage\"},\"image\":{\"@id\":\"https:\\\/\\\/shop.bantam.ch\\\/de\\\/produkt\\\/multimatik-tgo-2-flaschenanlage-15kg-h-30mbar-ausgang-srv-8mm\\\/#primaryimage\"},\"thumbnailUrl\":\"https:\\\/\\\/shop.bantam.ch\\\/wp-content\\\/uploads\\\/2026\\\/05\\\/Movera-L-9933196100.jpg\",\"datePublished\":\"2026-05-01T14:27:07+00:00\",\"dateModified\":\"2026-05-01T22:03:19+00:00\",\"breadcrumb\":{\"@id\":\"https:\\\/\\\/shop.bantam.ch\\\/de\\\/produkt\\\/multimatik-tgo-2-flaschenanlage-15kg-h-30mbar-ausgang-srv-8mm\\\/#breadcrumb\"},\"inLanguage\":\"de\",\"potentialAction\":[{\"@type\":\"ReadAction\",\"target\":[\"https:\\\/\\\/shop.bantam.ch\\\/de\\\/produkt\\\/multimatik-tgo-2-flaschenanlage-15kg-h-30mbar-ausgang-srv-8mm\\\/\"]}]},{\"@type\":\"ImageObject\",\"inLanguage\":\"de\",\"@id\":\"https:\\\/\\\/shop.bantam.ch\\\/de\\\/produkt\\\/multimatik-tgo-2-flaschenanlage-15kg-h-30mbar-ausgang-srv-8mm\\\/#primaryimage\",\"url\":\"https:\\\/\\\/shop.bantam.ch\\\/wp-content\\\/uploads\\\/2026\\\/05\\\/Movera-L-9933196100.jpg\",\"contentUrl\":\"https:\\\/\\\/shop.bantam.ch\\\/wp-content\\\/uploads\\\/2026\\\/05\\\/Movera-L-9933196100.jpg\",\"width\":640,\"height\":443},{\"@type\":\"BreadcrumbList\",\"@id\":\"https:\\\/\\\/shop.bantam.ch\\\/de\\\/produkt\\\/multimatik-tgo-2-flaschenanlage-15kg-h-30mbar-ausgang-srv-8mm\\\/#breadcrumb\",\"itemListElement\":[{\"@type\":\"ListItem\",\"position\":1,\"name\":\"Accueil\",\"item\":\"https:\\\/\\\/shop.bantam.ch\\\/de\\\/\"},{\"@type\":\"ListItem\",\"position\":2,\"name\":\"Shop\",\"item\":\"https:\\\/\\\/shop.bantam.ch\\\/de\\\/shop\\\/\"},{\"@type\":\"ListItem\",\"position\":3,\"name\":\"Multimatik TGO 2-Flaschenanlage 1,5kg\\\/h-30mbar Ausgang SRV 8mm\"}]},{\"@type\":\"WebSite\",\"@id\":\"https:\\\/\\\/shop.bantam.ch\\\/de\\\/#website\",\"url\":\"https:\\\/\\\/shop.bantam.ch\\\/de\\\/\",\"name\":\"Bantam\",\"description\":\"\",\"publisher\":{\"@id\":\"https:\\\/\\\/shop.bantam.ch\\\/de\\\/#organization\"},\"inLanguage\":\"de\"},{\"@type\":\"Organization\",\"@id\":\"https:\\\/\\\/shop.bantam.ch\\\/de\\\/#organization\",\"name\":\"Bantam\",\"url\":\"https:\\\/\\\/shop.bantam.ch\\\/de\\\/\",\"logo\":{\"@type\":\"ImageObject\",\"inLanguage\":\"de\",\"@id\":\"https:\\\/\\\/shop.bantam.ch\\\/de\\\/#\\\/schema\\\/logo\\\/image\\\/\",\"url\":\"https:\\\/\\\/shop.bantam.ch\\\/wp-content\\\/uploads\\\/2022\\\/12\\\/bantam-logo.png\",\"contentUrl\":\"https:\\\/\\\/shop.bantam.ch\\\/wp-content\\\/uploads\\\/2022\\\/12\\\/bantam-logo.png\",\"width\":320,\"height\":71,\"caption\":\"Bantam\"},\"image\":{\"@id\":\"https:\\\/\\\/shop.bantam.ch\\\/de\\\/#\\\/schema\\\/logo\\\/image\\\/\"}}]}<\/script>\n<!-- \/ Yoast SEO plugin. -->","yoast_head_json":{"title":"Multimatik TGO 2-Flaschenanlage 1,5kg\/h-30mbar Ausgang SRV 8mm - Bantam","robots":{"index":"index","follow":"follow","max-snippet":"max-snippet:-1","max-image-preview":"max-image-preview:large","max-video-preview":"max-video-preview:-1"},"canonical":"https:\/\/shop.bantam.ch\/de\/produkt\/multimatik-tgo-2-flaschenanlage-15kg-h-30mbar-ausgang-srv-8mm\/","og_locale":"de_DE","og_type":"article","og_title":"Multimatik TGO 2-Flaschenanlage 1,5kg\/h-30mbar Ausgang SRV 8mm - Bantam","og_description":"Ein gleichm\u00e4\u00dfiger Verbrauchsdruck wird in 2 Reglerstufen produziert und sichert somit eine maximale Durchflussmenge. In einem Ger\u00e4t sind alle wichtigen Funktionen wie Druckregler 2-stufig, automatische Umschaltung und Sicherheitsausblasvorrichtung integriert. Beim automatischen Umschaltvorgang wird die Reserveflasche immer zur Betriebsflasche umfunktioniert. Eigenschaften 1. Ein gleichm\u00e4\u00dfiger Verbrauchsdruck wird in 2 Reglerstufen produziert und sichert somit eine maximale Durchflu\u00dfmenge, [&hellip;]","og_url":"https:\/\/shop.bantam.ch\/de\/produkt\/multimatik-tgo-2-flaschenanlage-15kg-h-30mbar-ausgang-srv-8mm\/","og_site_name":"Bantam","article_modified_time":"2026-05-01T22:03:19+00:00","og_image":[{"width":640,"height":443,"url":"https:\/\/shop.bantam.ch\/wp-content\/uploads\/2026\/05\/Movera-L-9933196100.jpg","type":"image\/jpeg"}],"twitter_card":"summary_large_image","twitter_misc":{"Gesch\u00e4tzte Lesezeit":"1\u00a0Minute"},"schema":{"@context":"https:\/\/schema.org","@graph":[{"@type":"WebPage","@id":"https:\/\/shop.bantam.ch\/de\/produkt\/multimatik-tgo-2-flaschenanlage-15kg-h-30mbar-ausgang-srv-8mm\/","url":"https:\/\/shop.bantam.ch\/de\/produkt\/multimatik-tgo-2-flaschenanlage-15kg-h-30mbar-ausgang-srv-8mm\/","name":"Multimatik TGO 2-Flaschenanlage 1,5kg\/h-30mbar Ausgang SRV 8mm - Bantam","isPartOf":{"@id":"https:\/\/shop.bantam.ch\/de\/#website"},"primaryImageOfPage":{"@id":"https:\/\/shop.bantam.ch\/de\/produkt\/multimatik-tgo-2-flaschenanlage-15kg-h-30mbar-ausgang-srv-8mm\/#primaryimage"},"image":{"@id":"https:\/\/shop.bantam.ch\/de\/produkt\/multimatik-tgo-2-flaschenanlage-15kg-h-30mbar-ausgang-srv-8mm\/#primaryimage"},"thumbnailUrl":"https:\/\/shop.bantam.ch\/wp-content\/uploads\/2026\/05\/Movera-L-9933196100.jpg","datePublished":"2026-05-01T14:27:07+00:00","dateModified":"2026-05-01T22:03:19+00:00","breadcrumb":{"@id":"https:\/\/shop.bantam.ch\/de\/produkt\/multimatik-tgo-2-flaschenanlage-15kg-h-30mbar-ausgang-srv-8mm\/#breadcrumb"},"inLanguage":"de","potentialAction":[{"@type":"ReadAction","target":["https:\/\/shop.bantam.ch\/de\/produkt\/multimatik-tgo-2-flaschenanlage-15kg-h-30mbar-ausgang-srv-8mm\/"]}]},{"@type":"ImageObject","inLanguage":"de","@id":"https:\/\/shop.bantam.ch\/de\/produkt\/multimatik-tgo-2-flaschenanlage-15kg-h-30mbar-ausgang-srv-8mm\/#primaryimage","url":"https:\/\/shop.bantam.ch\/wp-content\/uploads\/2026\/05\/Movera-L-9933196100.jpg","contentUrl":"https:\/\/shop.bantam.ch\/wp-content\/uploads\/2026\/05\/Movera-L-9933196100.jpg","width":640,"height":443},{"@type":"BreadcrumbList","@id":"https:\/\/shop.bantam.ch\/de\/produkt\/multimatik-tgo-2-flaschenanlage-15kg-h-30mbar-ausgang-srv-8mm\/#breadcrumb","itemListElement":[{"@type":"ListItem","position":1,"name":"Accueil","item":"https:\/\/shop.bantam.ch\/de\/"},{"@type":"ListItem","position":2,"name":"Shop","item":"https:\/\/shop.bantam.ch\/de\/shop\/"},{"@type":"ListItem","position":3,"name":"Multimatik TGO 2-Flaschenanlage 1,5kg\/h-30mbar Ausgang SRV 8mm"}]},{"@type":"WebSite","@id":"https:\/\/shop.bantam.ch\/de\/#website","url":"https:\/\/shop.bantam.ch\/de\/","name":"Bantam","description":"","publisher":{"@id":"https:\/\/shop.bantam.ch\/de\/#organization"},"inLanguage":"de"},{"@type":"Organization","@id":"https:\/\/shop.bantam.ch\/de\/#organization","name":"Bantam","url":"https:\/\/shop.bantam.ch\/de\/","logo":{"@type":"ImageObject","inLanguage":"de","@id":"https:\/\/shop.bantam.ch\/de\/#\/schema\/logo\/image\/","url":"https:\/\/shop.bantam.ch\/wp-content\/uploads\/2022\/12\/bantam-logo.png","contentUrl":"https:\/\/shop.bantam.ch\/wp-content\/uploads\/2022\/12\/bantam-logo.png","width":320,"height":71,"caption":"Bantam"},"image":{"@id":"https:\/\/shop.bantam.ch\/de\/#\/schema\/logo\/image\/"}}]}},"_links":{"self":[{"href":"https:\/\/shop.bantam.ch\/de\/wp-json\/wp\/v2\/product\/237529","targetHints":{"allow":["GET"]}}],"collection":[{"href":"https:\/\/shop.bantam.ch\/de\/wp-json\/wp\/v2\/product"}],"about":[{"href":"https:\/\/shop.bantam.ch\/de\/wp-json\/wp\/v2\/types\/product"}],"wp:featuredmedia":[{"embeddable":true,"href":"https:\/\/shop.bantam.ch\/de\/wp-json\/wp\/v2\/media\/237527"}],"wp:attachment":[{"href":"https:\/\/shop.bantam.ch\/de\/wp-json\/wp\/v2\/media?parent=237529"}],"wp:term":[{"taxonomy":"product_featured_cat","embeddable":true,"href":"https:\/\/shop.bantam.ch\/de\/wp-json\/wp\/v2\/product_featured_cat?post=237529"},{"taxonomy":"product_brand","embeddable":true,"href":"https:\/\/shop.bantam.ch\/de\/wp-json\/wp\/v2\/product_brand?post=237529"},{"taxonomy":"product_cat","embeddable":true,"href":"https:\/\/shop.bantam.ch\/de\/wp-json\/wp\/v2\/product_cat?post=237529"},{"taxonomy":"product_tag","embeddable":true,"href":"https:\/\/shop.bantam.ch\/de\/wp-json\/wp\/v2\/product_tag?post=237529"}],"curies":[{"name":"wp","href":"https:\/\/api.w.org\/{rel}","templated":true}]}}