{"id":237286,"date":"2026-05-01T14:41:21","date_gmt":"2026-05-01T12:41:21","guid":{"rendered":"https:\/\/shop.bantam.ch\/produit\/soundsystem-caratec-mercedes-sprinter-s907-910-mit-mbux-ab-03-2018-m-vorruestung-fuer-dsp-bos\/"},"modified":"2026-05-03T00:01:16","modified_gmt":"2026-05-02T22:01:16","slug":"soundsystem-caratec-mercedes-sprinter-s907-910-mit-mbux-ab-03-2018-m-vorruestung-fuer-dsp-bos","status":"publish","type":"product","link":"https:\/\/shop.bantam.ch\/de\/produkt\/soundsystem-caratec-mercedes-sprinter-s907-910-mit-mbux-ab-03-2018-m-vorruestung-fuer-dsp-bos\/","title":{"rendered":"Soundsystem Caratec Mercedes Sprinter S907\/910 mit MBUX ab 03\/2018 m. Vorr\u00fcstung f\u00fcr DSP Bos"},"content":{"rendered":"<p>Caratec Audio CAS213S Soundsystem f\u00fcr Mercedes-Benz Sprinter S907\/910 mit MBUX und Vorr\u00fcstung f\u00fcr DSP Box (Code E3D).<br \/>\nNicht geeignet f\u00fcr Fahrzeuge mit MBUX ohne Vorr\u00fcstung und Fahrzeuge mit Radiovorr\u00fcstung. F\u00fcr diese Modelle sind die Versionen CAS212S und CAS211S lieferbar. Das aktive Caratec Plug &amp; Play Soundsystem CAS213S und optimiert den Klang der im Fahrzeug vorhandenen Lautsprecher erheblich. Es besteht aus einem kompakten 6-Kanal- Verst\u00e4rker mit integriertem DSP, einen Subwoofer und einen Plug&amp;Play Leitungssatz. Das aktive Caratec Plug &amp; Play Soundsystem besteht aus einem kompakten Verst\u00e4rker (6-Kanal) mit integriertem DSP und einem Subwoofer. Der Verst\u00e4rker optimiert den Klang der im Fahrzeug vorhandenen Lautsprecher und treibt den leistungsstarken Subwoofer an. Dadurch entsteht im Handumdrehen ein v\u00f6llig neues und \u00fcberzeugendes Klangerlebnis. Der Klang l\u00f6st sich von den Lautsprechern und schwebt \u00fcber dem Armaturenbrett. Durch den Subwoofer und die Entlastung der urspr\u00fcnglich eingebauten Lautsprecher von tiefen Frequenzen entsteht ein deutlich klareres, lebendiges Klangbild. Auch die Sprachverst\u00e4ndlichkeit wird erheblich verbessert. Dadurch entsteht Musikgenuss auch schon bei niedrigen Lautst\u00e4rken. Evtl. vorhandene Lautsprecher im Wohnbereich werden vom Verst\u00e4rker \u00fcber einen Hochpass mit optimiertem Frequenzgang angesteuert. Dadurch klingen auch diese Lautsprecher dynamischer als zuvor. Ein evtl. vorhandener Centerspeaker wird abgeklemmt, das auf das Fahrzeug abgestimmte Soundsetup des Soundsystems f\u00fchrt so zu einem besseren Klang. Der Plug &amp; Play Leitungssatz f\u00fcr die ISO-Stecker der DSP Box Vorr\u00fcstung erm\u00f6glicht Anschluss und Montage in sehr kurzer Zeit, separate Anschl\u00fcsse am Fahrzeug sind nicht erforderlich. Der Subwoofer wird in der Regel unter dem Beifahrersitz oder dem Fahrersitz montiert. Falls dort kein Platz sein sollte, ist auch eine Montage an einem anderen Ort (z.B. hinter dem Fahrersitz anstelle der Abdeckung) m\u00f6glich. Bei Bedarf ist eine 2m Verl\u00e4ngerungsleitung CAZ100L optional erh\u00e4ltlich. Die Soundsysteme von Caratec steuern mit digitalen Verst\u00e4rkern die Fahrzeug-Lautsprecher an und bieten dar\u00fcber hinaus einen eigenen Subwoofer. Einerseits werden die Serien-Lautsprecher entlastet, weil sie nur noch in ihren angestammten Frequenzbereichen aufspielen m\u00fcssen und von der Bass-Wiedergabe entbunden sind &#8211; das allein gibt schon einmal deutlich mehr Klangqualit\u00e4t. Andererseits erfolgt die Ansteuerung mit deutlich mehr Leistung. Die Gesamt-Leistung liegt bei 180 Watt (Sinus) oder 360 Watt (Musik). M\u00f6glich macht das ein Hightech-Verst\u00e4rker mit einer Platine, die gerade einmal halb so gro\u00df wie eine Postkarte ist. Sie enth\u00e4lt einen Wandler, der die analogen Signale der vier Lautsprecher-Ausg\u00e4nge des Serienradios in digitales Material umwandelt. Dieses bearbeitet ein auf derselben Platine angeordneter digitaler Sound-Prozessor (DSP) mit 56-Bit Aufl\u00f6sung und 50 MIPS Rechenleistung, der die Frequenzg\u00e4nge auf den jeweiligen Fahrzeug-Innenraum hin optimiert. Die R\u00fcckverwandlung in analoge Signale zur Ansteuerung der Lautsprecher erfolgt \u00fcber rauscharme 24-Bit-DigitalAnalog-Wandler. Dem Verst\u00e4rker k\u00f6nnen weder Unter- noch \u00dcberspannung etwas anhaben, er ist unempfindlich gegen Kurzschl\u00fcsse nach Masse oder Plus und hat eine \u00dcbertemperatur-Absicherung. Der unter dem Beifahrersitz platzierte Subwoofer verf\u00fcgt \u00fcber eine<br \/>\nBassreflex-Konstruktion mit Hochpass-Filter, misst 8 Liter Netto-Volumen und hat eine Belastbarkeit von 100 Watt Sinus. Die Impedanz des 165-Millimeter-Tieft\u00f6ners betr\u00e4gt zweimal zwei Ohm. Seine handgesch\u00f6pfte Zellstoff-Membran ist besonders verwindungssteif, wird selbst bei gro\u00dfen Auslenkungen von einer langzeitstabilen Gummisicke zuverl\u00e4ssig gef\u00fchrt und von einer Stahlabdeckung gesch\u00fctzt.<br \/>\nDen Antrieb \u00fcbernimmt eine Doppel-Schwingspule im Verbund mit einem besonders \u00fcppig dimensionierten Ferritmagneten, was optimale Thiele\/Small Parameter zur Folge hat. Der Hochpass-Filter sorgt f\u00fcr eine tiefere untere Grenz-Frequenz und h\u00f6heren Maximal-Schalldruck bei vermindertem Klirrfaktor. Dieser Aufwand f\u00fchrt zu einem gro\u00dfartigen Klang-Erlebnis, wie die<br \/>\nausgiebigen H\u00f6rsitzungen ergeben haben.<\/p>\n","protected":false},"excerpt":{"rendered":"<p>Caratec Audio CAS213S Soundsystem f\u00fcr Mercedes-Benz Sprinter S907\/910 mit MBUX und Vorr\u00fcstung f\u00fcr DSP Box (Code E3D). Nicht geeignet f\u00fcr Fahrzeuge mit MBUX ohne Vorr\u00fcstung und Fahrzeuge mit Radiovorr\u00fcstung. F\u00fcr diese Modelle sind die Versionen CAS212S und CAS211S lieferbar. Das aktive Caratec Plug &amp; Play Soundsystem CAS213S und optimiert den Klang der im Fahrzeug vorhandenen [&hellip;]<\/p>\n","protected":false},"featured_media":237284,"template":"","meta":{"_acf_changed":false},"product_featured_cat":[],"product_brand":[3071],"product_cat":[4500],"product_tag":[],"class_list":{"0":"post-237286","1":"product","2":"type-product","3":"status-publish","4":"has-post-thumbnail","6":"product_brand-caratec-de","7":"product_cat-lautsprecher","9":"first","10":"instock","11":"taxable","12":"shipping-taxable","13":"purchasable","14":"product-type-simple"},"acf":[],"yoast_head":"<!-- This site is optimized with the Yoast SEO plugin v27.5 - https:\/\/yoast.com\/product\/yoast-seo-wordpress\/ -->\n<title>Soundsystem Caratec Mercedes Sprinter S907\/910 mit MBUX ab 03\/2018 m. Vorr\u00fcstung f\u00fcr DSP Bos - Bantam<\/title>\n<meta name=\"robots\" content=\"index, follow, max-snippet:-1, max-image-preview:large, max-video-preview:-1\" \/>\n<link rel=\"canonical\" href=\"https:\/\/shop.bantam.ch\/de\/produkt\/soundsystem-caratec-mercedes-sprinter-s907-910-mit-mbux-ab-03-2018-m-vorruestung-fuer-dsp-bos\/\" \/>\n<meta property=\"og:locale\" content=\"de_DE\" \/>\n<meta property=\"og:type\" content=\"article\" \/>\n<meta property=\"og:title\" content=\"Soundsystem Caratec Mercedes Sprinter S907\/910 mit MBUX ab 03\/2018 m. Vorr\u00fcstung f\u00fcr DSP Bos - Bantam\" \/>\n<meta property=\"og:description\" content=\"Caratec Audio CAS213S Soundsystem f\u00fcr Mercedes-Benz Sprinter S907\/910 mit MBUX und Vorr\u00fcstung f\u00fcr DSP Box (Code E3D). Nicht geeignet f\u00fcr Fahrzeuge mit MBUX ohne Vorr\u00fcstung und Fahrzeuge mit Radiovorr\u00fcstung. F\u00fcr diese Modelle sind die Versionen CAS212S und CAS211S lieferbar. Das aktive Caratec Plug &amp; Play Soundsystem CAS213S und optimiert den Klang der im Fahrzeug vorhandenen [&hellip;]\" \/>\n<meta property=\"og:url\" content=\"https:\/\/shop.bantam.ch\/de\/produkt\/soundsystem-caratec-mercedes-sprinter-s907-910-mit-mbux-ab-03-2018-m-vorruestung-fuer-dsp-bos\/\" \/>\n<meta property=\"og:site_name\" content=\"Bantam\" \/>\n<meta property=\"article:modified_time\" content=\"2026-05-02T22:01:16+00:00\" \/>\n<meta property=\"og:image\" content=\"https:\/\/shop.bantam.ch\/wp-content\/uploads\/2026\/05\/Movera-L-9949635100.jpg\" \/>\n\t<meta property=\"og:image:width\" content=\"494\" \/>\n\t<meta property=\"og:image:height\" content=\"494\" \/>\n\t<meta property=\"og:image:type\" content=\"image\/jpeg\" \/>\n<meta name=\"twitter:card\" content=\"summary_large_image\" \/>\n<meta name=\"twitter:label1\" content=\"Gesch\u00e4tzte Lesezeit\" \/>\n\t<meta name=\"twitter:data1\" content=\"3\u00a0Minuten\" \/>\n<script type=\"application\/ld+json\" class=\"yoast-schema-graph\">{\"@context\":\"https:\\\/\\\/schema.org\",\"@graph\":[{\"@type\":\"WebPage\",\"@id\":\"https:\\\/\\\/shop.bantam.ch\\\/de\\\/produkt\\\/soundsystem-caratec-mercedes-sprinter-s907-910-mit-mbux-ab-03-2018-m-vorruestung-fuer-dsp-bos\\\/\",\"url\":\"https:\\\/\\\/shop.bantam.ch\\\/de\\\/produkt\\\/soundsystem-caratec-mercedes-sprinter-s907-910-mit-mbux-ab-03-2018-m-vorruestung-fuer-dsp-bos\\\/\",\"name\":\"Soundsystem Caratec Mercedes Sprinter S907\\\/910 mit MBUX ab 03\\\/2018 m. Vorr\u00fcstung f\u00fcr DSP Bos - Bantam\",\"isPartOf\":{\"@id\":\"https:\\\/\\\/shop.bantam.ch\\\/de\\\/#website\"},\"primaryImageOfPage\":{\"@id\":\"https:\\\/\\\/shop.bantam.ch\\\/de\\\/produkt\\\/soundsystem-caratec-mercedes-sprinter-s907-910-mit-mbux-ab-03-2018-m-vorruestung-fuer-dsp-bos\\\/#primaryimage\"},\"image\":{\"@id\":\"https:\\\/\\\/shop.bantam.ch\\\/de\\\/produkt\\\/soundsystem-caratec-mercedes-sprinter-s907-910-mit-mbux-ab-03-2018-m-vorruestung-fuer-dsp-bos\\\/#primaryimage\"},\"thumbnailUrl\":\"https:\\\/\\\/shop.bantam.ch\\\/wp-content\\\/uploads\\\/2026\\\/05\\\/Movera-L-9949635100.jpg\",\"datePublished\":\"2026-05-01T12:41:21+00:00\",\"dateModified\":\"2026-05-02T22:01:16+00:00\",\"breadcrumb\":{\"@id\":\"https:\\\/\\\/shop.bantam.ch\\\/de\\\/produkt\\\/soundsystem-caratec-mercedes-sprinter-s907-910-mit-mbux-ab-03-2018-m-vorruestung-fuer-dsp-bos\\\/#breadcrumb\"},\"inLanguage\":\"de\",\"potentialAction\":[{\"@type\":\"ReadAction\",\"target\":[\"https:\\\/\\\/shop.bantam.ch\\\/de\\\/produkt\\\/soundsystem-caratec-mercedes-sprinter-s907-910-mit-mbux-ab-03-2018-m-vorruestung-fuer-dsp-bos\\\/\"]}]},{\"@type\":\"ImageObject\",\"inLanguage\":\"de\",\"@id\":\"https:\\\/\\\/shop.bantam.ch\\\/de\\\/produkt\\\/soundsystem-caratec-mercedes-sprinter-s907-910-mit-mbux-ab-03-2018-m-vorruestung-fuer-dsp-bos\\\/#primaryimage\",\"url\":\"https:\\\/\\\/shop.bantam.ch\\\/wp-content\\\/uploads\\\/2026\\\/05\\\/Movera-L-9949635100.jpg\",\"contentUrl\":\"https:\\\/\\\/shop.bantam.ch\\\/wp-content\\\/uploads\\\/2026\\\/05\\\/Movera-L-9949635100.jpg\",\"width\":494,\"height\":494},{\"@type\":\"BreadcrumbList\",\"@id\":\"https:\\\/\\\/shop.bantam.ch\\\/de\\\/produkt\\\/soundsystem-caratec-mercedes-sprinter-s907-910-mit-mbux-ab-03-2018-m-vorruestung-fuer-dsp-bos\\\/#breadcrumb\",\"itemListElement\":[{\"@type\":\"ListItem\",\"position\":1,\"name\":\"Accueil\",\"item\":\"https:\\\/\\\/shop.bantam.ch\\\/de\\\/\"},{\"@type\":\"ListItem\",\"position\":2,\"name\":\"Shop\",\"item\":\"https:\\\/\\\/shop.bantam.ch\\\/de\\\/shop\\\/\"},{\"@type\":\"ListItem\",\"position\":3,\"name\":\"Soundsystem Caratec Mercedes Sprinter S907\\\/910 mit MBUX ab 03\\\/2018 m. Vorr\u00fcstung f\u00fcr DSP Bos\"}]},{\"@type\":\"WebSite\",\"@id\":\"https:\\\/\\\/shop.bantam.ch\\\/de\\\/#website\",\"url\":\"https:\\\/\\\/shop.bantam.ch\\\/de\\\/\",\"name\":\"Bantam\",\"description\":\"\",\"publisher\":{\"@id\":\"https:\\\/\\\/shop.bantam.ch\\\/de\\\/#organization\"},\"inLanguage\":\"de\"},{\"@type\":\"Organization\",\"@id\":\"https:\\\/\\\/shop.bantam.ch\\\/de\\\/#organization\",\"name\":\"Bantam\",\"url\":\"https:\\\/\\\/shop.bantam.ch\\\/de\\\/\",\"logo\":{\"@type\":\"ImageObject\",\"inLanguage\":\"de\",\"@id\":\"https:\\\/\\\/shop.bantam.ch\\\/de\\\/#\\\/schema\\\/logo\\\/image\\\/\",\"url\":\"https:\\\/\\\/shop.bantam.ch\\\/wp-content\\\/uploads\\\/2022\\\/12\\\/bantam-logo.png\",\"contentUrl\":\"https:\\\/\\\/shop.bantam.ch\\\/wp-content\\\/uploads\\\/2022\\\/12\\\/bantam-logo.png\",\"width\":320,\"height\":71,\"caption\":\"Bantam\"},\"image\":{\"@id\":\"https:\\\/\\\/shop.bantam.ch\\\/de\\\/#\\\/schema\\\/logo\\\/image\\\/\"}}]}<\/script>\n<!-- \/ Yoast SEO plugin. -->","yoast_head_json":{"title":"Soundsystem Caratec Mercedes Sprinter S907\/910 mit MBUX ab 03\/2018 m. Vorr\u00fcstung f\u00fcr DSP Bos - Bantam","robots":{"index":"index","follow":"follow","max-snippet":"max-snippet:-1","max-image-preview":"max-image-preview:large","max-video-preview":"max-video-preview:-1"},"canonical":"https:\/\/shop.bantam.ch\/de\/produkt\/soundsystem-caratec-mercedes-sprinter-s907-910-mit-mbux-ab-03-2018-m-vorruestung-fuer-dsp-bos\/","og_locale":"de_DE","og_type":"article","og_title":"Soundsystem Caratec Mercedes Sprinter S907\/910 mit MBUX ab 03\/2018 m. Vorr\u00fcstung f\u00fcr DSP Bos - Bantam","og_description":"Caratec Audio CAS213S Soundsystem f\u00fcr Mercedes-Benz Sprinter S907\/910 mit MBUX und Vorr\u00fcstung f\u00fcr DSP Box (Code E3D). Nicht geeignet f\u00fcr Fahrzeuge mit MBUX ohne Vorr\u00fcstung und Fahrzeuge mit Radiovorr\u00fcstung. F\u00fcr diese Modelle sind die Versionen CAS212S und CAS211S lieferbar. Das aktive Caratec Plug &amp; Play Soundsystem CAS213S und optimiert den Klang der im Fahrzeug vorhandenen [&hellip;]","og_url":"https:\/\/shop.bantam.ch\/de\/produkt\/soundsystem-caratec-mercedes-sprinter-s907-910-mit-mbux-ab-03-2018-m-vorruestung-fuer-dsp-bos\/","og_site_name":"Bantam","article_modified_time":"2026-05-02T22:01:16+00:00","og_image":[{"width":494,"height":494,"url":"https:\/\/shop.bantam.ch\/wp-content\/uploads\/2026\/05\/Movera-L-9949635100.jpg","type":"image\/jpeg"}],"twitter_card":"summary_large_image","twitter_misc":{"Gesch\u00e4tzte Lesezeit":"3\u00a0Minuten"},"schema":{"@context":"https:\/\/schema.org","@graph":[{"@type":"WebPage","@id":"https:\/\/shop.bantam.ch\/de\/produkt\/soundsystem-caratec-mercedes-sprinter-s907-910-mit-mbux-ab-03-2018-m-vorruestung-fuer-dsp-bos\/","url":"https:\/\/shop.bantam.ch\/de\/produkt\/soundsystem-caratec-mercedes-sprinter-s907-910-mit-mbux-ab-03-2018-m-vorruestung-fuer-dsp-bos\/","name":"Soundsystem Caratec Mercedes Sprinter S907\/910 mit MBUX ab 03\/2018 m. Vorr\u00fcstung f\u00fcr DSP Bos - Bantam","isPartOf":{"@id":"https:\/\/shop.bantam.ch\/de\/#website"},"primaryImageOfPage":{"@id":"https:\/\/shop.bantam.ch\/de\/produkt\/soundsystem-caratec-mercedes-sprinter-s907-910-mit-mbux-ab-03-2018-m-vorruestung-fuer-dsp-bos\/#primaryimage"},"image":{"@id":"https:\/\/shop.bantam.ch\/de\/produkt\/soundsystem-caratec-mercedes-sprinter-s907-910-mit-mbux-ab-03-2018-m-vorruestung-fuer-dsp-bos\/#primaryimage"},"thumbnailUrl":"https:\/\/shop.bantam.ch\/wp-content\/uploads\/2026\/05\/Movera-L-9949635100.jpg","datePublished":"2026-05-01T12:41:21+00:00","dateModified":"2026-05-02T22:01:16+00:00","breadcrumb":{"@id":"https:\/\/shop.bantam.ch\/de\/produkt\/soundsystem-caratec-mercedes-sprinter-s907-910-mit-mbux-ab-03-2018-m-vorruestung-fuer-dsp-bos\/#breadcrumb"},"inLanguage":"de","potentialAction":[{"@type":"ReadAction","target":["https:\/\/shop.bantam.ch\/de\/produkt\/soundsystem-caratec-mercedes-sprinter-s907-910-mit-mbux-ab-03-2018-m-vorruestung-fuer-dsp-bos\/"]}]},{"@type":"ImageObject","inLanguage":"de","@id":"https:\/\/shop.bantam.ch\/de\/produkt\/soundsystem-caratec-mercedes-sprinter-s907-910-mit-mbux-ab-03-2018-m-vorruestung-fuer-dsp-bos\/#primaryimage","url":"https:\/\/shop.bantam.ch\/wp-content\/uploads\/2026\/05\/Movera-L-9949635100.jpg","contentUrl":"https:\/\/shop.bantam.ch\/wp-content\/uploads\/2026\/05\/Movera-L-9949635100.jpg","width":494,"height":494},{"@type":"BreadcrumbList","@id":"https:\/\/shop.bantam.ch\/de\/produkt\/soundsystem-caratec-mercedes-sprinter-s907-910-mit-mbux-ab-03-2018-m-vorruestung-fuer-dsp-bos\/#breadcrumb","itemListElement":[{"@type":"ListItem","position":1,"name":"Accueil","item":"https:\/\/shop.bantam.ch\/de\/"},{"@type":"ListItem","position":2,"name":"Shop","item":"https:\/\/shop.bantam.ch\/de\/shop\/"},{"@type":"ListItem","position":3,"name":"Soundsystem Caratec Mercedes Sprinter S907\/910 mit MBUX ab 03\/2018 m. Vorr\u00fcstung f\u00fcr DSP Bos"}]},{"@type":"WebSite","@id":"https:\/\/shop.bantam.ch\/de\/#website","url":"https:\/\/shop.bantam.ch\/de\/","name":"Bantam","description":"","publisher":{"@id":"https:\/\/shop.bantam.ch\/de\/#organization"},"inLanguage":"de"},{"@type":"Organization","@id":"https:\/\/shop.bantam.ch\/de\/#organization","name":"Bantam","url":"https:\/\/shop.bantam.ch\/de\/","logo":{"@type":"ImageObject","inLanguage":"de","@id":"https:\/\/shop.bantam.ch\/de\/#\/schema\/logo\/image\/","url":"https:\/\/shop.bantam.ch\/wp-content\/uploads\/2022\/12\/bantam-logo.png","contentUrl":"https:\/\/shop.bantam.ch\/wp-content\/uploads\/2022\/12\/bantam-logo.png","width":320,"height":71,"caption":"Bantam"},"image":{"@id":"https:\/\/shop.bantam.ch\/de\/#\/schema\/logo\/image\/"}}]}},"_links":{"self":[{"href":"https:\/\/shop.bantam.ch\/de\/wp-json\/wp\/v2\/product\/237286","targetHints":{"allow":["GET"]}}],"collection":[{"href":"https:\/\/shop.bantam.ch\/de\/wp-json\/wp\/v2\/product"}],"about":[{"href":"https:\/\/shop.bantam.ch\/de\/wp-json\/wp\/v2\/types\/product"}],"wp:featuredmedia":[{"embeddable":true,"href":"https:\/\/shop.bantam.ch\/de\/wp-json\/wp\/v2\/media\/237284"}],"wp:attachment":[{"href":"https:\/\/shop.bantam.ch\/de\/wp-json\/wp\/v2\/media?parent=237286"}],"wp:term":[{"taxonomy":"product_featured_cat","embeddable":true,"href":"https:\/\/shop.bantam.ch\/de\/wp-json\/wp\/v2\/product_featured_cat?post=237286"},{"taxonomy":"product_brand","embeddable":true,"href":"https:\/\/shop.bantam.ch\/de\/wp-json\/wp\/v2\/product_brand?post=237286"},{"taxonomy":"product_cat","embeddable":true,"href":"https:\/\/shop.bantam.ch\/de\/wp-json\/wp\/v2\/product_cat?post=237286"},{"taxonomy":"product_tag","embeddable":true,"href":"https:\/\/shop.bantam.ch\/de\/wp-json\/wp\/v2\/product_tag?post=237286"}],"curies":[{"name":"wp","href":"https:\/\/api.w.org\/{rel}","templated":true}]}}