{"id":237278,"date":"2026-05-01T13:45:35","date_gmt":"2026-05-01T11:45:35","guid":{"rendered":"https:\/\/shop.bantam.ch\/produit\/zusatzschloss-gleichschliessend-fb-weiss-bei-bestellung-schluesselnr-mitangeben\/"},"modified":"2026-05-09T00:06:17","modified_gmt":"2026-05-08T22:06:17","slug":"zusatzschloss-gleichschliessend-fb-weiss-bei-bestellung-schluesselnr-mitangeben","status":"publish","type":"product","link":"https:\/\/shop.bantam.ch\/de\/produkt\/zusatzschloss-gleichschliessend-fb-weiss-bei-bestellung-schluesselnr-mitangeben\/","title":{"rendered":"Zusatzschloss gleichschlie\u00dfend Fb. Wei\u00df Bei Bestellung Schl\u00fcsselnr. mitangeben"},"content":{"rendered":"<p>Einsetzbar f\u00fcr Aufbaut\u00fcren, Heckgaragen und Aussenklappen bei Wohnmobilen und Caravans.<br \/>\nDar\u00fcber hinaus bietet das Zusatzschloss eine zus\u00e4tzliche Sicherheit bei den T\u00fcren und Klappen von Verkaufs-und Handwerkerfahrzeugen.<\/p>\n<ul>\n<li>Der Riegel greift hinter den T\u00fcrrahmen.<\/li>\n<li>Die Montage erfolgt ganz einfach durch das Zusammenschrauben von beiden Teilen (das Innen- und das Au\u00dfengeh\u00e4use), wodurch man keine Zusatzverst\u00e4rkung der T\u00fcr mehr ben\u00f6tigt damit das Schloss sicher befestigt werden kann.<\/li>\n<li>Die Distanzplatten mit St\u00e4rke 2 mm und 8 mm (3 x 2mm und 2 x 8 mm f\u00fcr eine variable Unterlegung von 2 bis 22 mm) sind im Lieferumfang enthalten. Damit wird der Abstand zwischen T\u00fcrblatt und Rahmen ausgeglichen damit der Leerraum zwischen Riegel und Innent\u00fcrrahmen immer ca. 2 mm betr\u00e4gt.<\/li>\n<li>Die Schl\u00f6sser sind f\u00fcr T\u00fcrst\u00e4rken von 20 bis 90 mm anwendbar (mit entsprechend k\u00fcrzeren \/ l\u00e4ngeren Schrauben).<\/li>\n<li>Stabil aber gleichzeitig leicht durch die Verwendung von Aluminiumdruckguss<\/li>\n<li>Spezieller Sicherheitszylinder mit Schutzkappe, robuster Wendeschl\u00fcssel.<\/li>\n<li>Durch das HEOSystem mit gleichschlie\u00dfenden Zylindern, k\u00f6nnen Sie alle Schl\u00f6sser mit einem Schl\u00fcssel \u00f6ffnen und schlie\u00dfen.<\/li>\n<\/ul>\n<p>Lieferumfang:<br \/>\n2 Zusatzschl\u00f6sser gleichschlie\u00dfend<br \/>\n\u00a0<\/p>\n","protected":false},"excerpt":{"rendered":"<p>Einsetzbar f\u00fcr Aufbaut\u00fcren, Heckgaragen und Aussenklappen bei Wohnmobilen und Caravans. Dar\u00fcber hinaus bietet das Zusatzschloss eine zus\u00e4tzliche Sicherheit bei den T\u00fcren und Klappen von Verkaufs-und Handwerkerfahrzeugen. Der Riegel greift hinter den T\u00fcrrahmen. Die Montage erfolgt ganz einfach durch das Zusammenschrauben von beiden Teilen (das Innen- und das Au\u00dfengeh\u00e4use), wodurch man keine Zusatzverst\u00e4rkung der T\u00fcr mehr [&hellip;]<\/p>\n","protected":false},"featured_media":237270,"template":"","meta":{"_acf_changed":false},"product_featured_cat":[],"product_brand":[3139],"product_cat":[4204],"product_tag":[],"class_list":{"0":"post-237278","1":"product","2":"type-product","3":"status-publish","4":"has-post-thumbnail","6":"product_brand-heosafe-de","7":"product_cat-fahrzeugtechnik-ersatzteile","9":"first","10":"instock","11":"taxable","12":"shipping-taxable","13":"purchasable","14":"product-type-simple"},"acf":[],"yoast_head":"<!-- This site is optimized with the Yoast SEO plugin v27.5 - https:\/\/yoast.com\/product\/yoast-seo-wordpress\/ -->\n<title>Zusatzschloss gleichschlie\u00dfend Fb. Wei\u00df Bei Bestellung Schl\u00fcsselnr. mitangeben - Bantam<\/title>\n<meta name=\"robots\" content=\"index, follow, max-snippet:-1, max-image-preview:large, max-video-preview:-1\" \/>\n<link rel=\"canonical\" href=\"https:\/\/shop.bantam.ch\/de\/produkt\/zusatzschloss-gleichschliessend-fb-weiss-bei-bestellung-schluesselnr-mitangeben\/\" \/>\n<meta property=\"og:locale\" content=\"de_DE\" \/>\n<meta property=\"og:type\" content=\"article\" \/>\n<meta property=\"og:title\" content=\"Zusatzschloss gleichschlie\u00dfend Fb. Wei\u00df Bei Bestellung Schl\u00fcsselnr. mitangeben - Bantam\" \/>\n<meta property=\"og:description\" content=\"Einsetzbar f\u00fcr Aufbaut\u00fcren, Heckgaragen und Aussenklappen bei Wohnmobilen und Caravans. Dar\u00fcber hinaus bietet das Zusatzschloss eine zus\u00e4tzliche Sicherheit bei den T\u00fcren und Klappen von Verkaufs-und Handwerkerfahrzeugen. Der Riegel greift hinter den T\u00fcrrahmen. Die Montage erfolgt ganz einfach durch das Zusammenschrauben von beiden Teilen (das Innen- und das Au\u00dfengeh\u00e4use), wodurch man keine Zusatzverst\u00e4rkung der T\u00fcr mehr [&hellip;]\" \/>\n<meta property=\"og:url\" content=\"https:\/\/shop.bantam.ch\/de\/produkt\/zusatzschloss-gleichschliessend-fb-weiss-bei-bestellung-schluesselnr-mitangeben\/\" \/>\n<meta property=\"og:site_name\" content=\"Bantam\" \/>\n<meta property=\"article:modified_time\" content=\"2026-05-08T22:06:17+00:00\" \/>\n<meta property=\"og:image\" content=\"https:\/\/shop.bantam.ch\/wp-content\/uploads\/2026\/05\/Movera-L-9949516100.jpg\" \/>\n\t<meta property=\"og:image:width\" content=\"640\" \/>\n\t<meta property=\"og:image:height\" content=\"424\" \/>\n\t<meta property=\"og:image:type\" content=\"image\/jpeg\" \/>\n<meta name=\"twitter:card\" content=\"summary_large_image\" \/>\n<meta name=\"twitter:label1\" content=\"Gesch\u00e4tzte Lesezeit\" \/>\n\t<meta name=\"twitter:data1\" content=\"1\u00a0Minute\" \/>\n<script type=\"application\/ld+json\" class=\"yoast-schema-graph\">{\"@context\":\"https:\\\/\\\/schema.org\",\"@graph\":[{\"@type\":\"WebPage\",\"@id\":\"https:\\\/\\\/shop.bantam.ch\\\/de\\\/produkt\\\/zusatzschloss-gleichschliessend-fb-weiss-bei-bestellung-schluesselnr-mitangeben\\\/\",\"url\":\"https:\\\/\\\/shop.bantam.ch\\\/de\\\/produkt\\\/zusatzschloss-gleichschliessend-fb-weiss-bei-bestellung-schluesselnr-mitangeben\\\/\",\"name\":\"Zusatzschloss gleichschlie\u00dfend Fb. Wei\u00df Bei Bestellung Schl\u00fcsselnr. mitangeben - Bantam\",\"isPartOf\":{\"@id\":\"https:\\\/\\\/shop.bantam.ch\\\/de\\\/#website\"},\"primaryImageOfPage\":{\"@id\":\"https:\\\/\\\/shop.bantam.ch\\\/de\\\/produkt\\\/zusatzschloss-gleichschliessend-fb-weiss-bei-bestellung-schluesselnr-mitangeben\\\/#primaryimage\"},\"image\":{\"@id\":\"https:\\\/\\\/shop.bantam.ch\\\/de\\\/produkt\\\/zusatzschloss-gleichschliessend-fb-weiss-bei-bestellung-schluesselnr-mitangeben\\\/#primaryimage\"},\"thumbnailUrl\":\"https:\\\/\\\/shop.bantam.ch\\\/wp-content\\\/uploads\\\/2026\\\/05\\\/Movera-L-9949516100.jpg\",\"datePublished\":\"2026-05-01T11:45:35+00:00\",\"dateModified\":\"2026-05-08T22:06:17+00:00\",\"breadcrumb\":{\"@id\":\"https:\\\/\\\/shop.bantam.ch\\\/de\\\/produkt\\\/zusatzschloss-gleichschliessend-fb-weiss-bei-bestellung-schluesselnr-mitangeben\\\/#breadcrumb\"},\"inLanguage\":\"de\",\"potentialAction\":[{\"@type\":\"ReadAction\",\"target\":[\"https:\\\/\\\/shop.bantam.ch\\\/de\\\/produkt\\\/zusatzschloss-gleichschliessend-fb-weiss-bei-bestellung-schluesselnr-mitangeben\\\/\"]}]},{\"@type\":\"ImageObject\",\"inLanguage\":\"de\",\"@id\":\"https:\\\/\\\/shop.bantam.ch\\\/de\\\/produkt\\\/zusatzschloss-gleichschliessend-fb-weiss-bei-bestellung-schluesselnr-mitangeben\\\/#primaryimage\",\"url\":\"https:\\\/\\\/shop.bantam.ch\\\/wp-content\\\/uploads\\\/2026\\\/05\\\/Movera-L-9949516100.jpg\",\"contentUrl\":\"https:\\\/\\\/shop.bantam.ch\\\/wp-content\\\/uploads\\\/2026\\\/05\\\/Movera-L-9949516100.jpg\",\"width\":640,\"height\":424},{\"@type\":\"BreadcrumbList\",\"@id\":\"https:\\\/\\\/shop.bantam.ch\\\/de\\\/produkt\\\/zusatzschloss-gleichschliessend-fb-weiss-bei-bestellung-schluesselnr-mitangeben\\\/#breadcrumb\",\"itemListElement\":[{\"@type\":\"ListItem\",\"position\":1,\"name\":\"Accueil\",\"item\":\"https:\\\/\\\/shop.bantam.ch\\\/de\\\/\"},{\"@type\":\"ListItem\",\"position\":2,\"name\":\"Shop\",\"item\":\"https:\\\/\\\/shop.bantam.ch\\\/de\\\/shop\\\/\"},{\"@type\":\"ListItem\",\"position\":3,\"name\":\"Zusatzschloss gleichschlie\u00dfend Fb. Wei\u00df Bei Bestellung Schl\u00fcsselnr. mitangeben\"}]},{\"@type\":\"WebSite\",\"@id\":\"https:\\\/\\\/shop.bantam.ch\\\/de\\\/#website\",\"url\":\"https:\\\/\\\/shop.bantam.ch\\\/de\\\/\",\"name\":\"Bantam\",\"description\":\"\",\"publisher\":{\"@id\":\"https:\\\/\\\/shop.bantam.ch\\\/de\\\/#organization\"},\"inLanguage\":\"de\"},{\"@type\":\"Organization\",\"@id\":\"https:\\\/\\\/shop.bantam.ch\\\/de\\\/#organization\",\"name\":\"Bantam\",\"url\":\"https:\\\/\\\/shop.bantam.ch\\\/de\\\/\",\"logo\":{\"@type\":\"ImageObject\",\"inLanguage\":\"de\",\"@id\":\"https:\\\/\\\/shop.bantam.ch\\\/de\\\/#\\\/schema\\\/logo\\\/image\\\/\",\"url\":\"https:\\\/\\\/shop.bantam.ch\\\/wp-content\\\/uploads\\\/2022\\\/12\\\/bantam-logo.png\",\"contentUrl\":\"https:\\\/\\\/shop.bantam.ch\\\/wp-content\\\/uploads\\\/2022\\\/12\\\/bantam-logo.png\",\"width\":320,\"height\":71,\"caption\":\"Bantam\"},\"image\":{\"@id\":\"https:\\\/\\\/shop.bantam.ch\\\/de\\\/#\\\/schema\\\/logo\\\/image\\\/\"}}]}<\/script>\n<!-- \/ Yoast SEO plugin. -->","yoast_head_json":{"title":"Zusatzschloss gleichschlie\u00dfend Fb. Wei\u00df Bei Bestellung Schl\u00fcsselnr. mitangeben - Bantam","robots":{"index":"index","follow":"follow","max-snippet":"max-snippet:-1","max-image-preview":"max-image-preview:large","max-video-preview":"max-video-preview:-1"},"canonical":"https:\/\/shop.bantam.ch\/de\/produkt\/zusatzschloss-gleichschliessend-fb-weiss-bei-bestellung-schluesselnr-mitangeben\/","og_locale":"de_DE","og_type":"article","og_title":"Zusatzschloss gleichschlie\u00dfend Fb. Wei\u00df Bei Bestellung Schl\u00fcsselnr. mitangeben - Bantam","og_description":"Einsetzbar f\u00fcr Aufbaut\u00fcren, Heckgaragen und Aussenklappen bei Wohnmobilen und Caravans. Dar\u00fcber hinaus bietet das Zusatzschloss eine zus\u00e4tzliche Sicherheit bei den T\u00fcren und Klappen von Verkaufs-und Handwerkerfahrzeugen. Der Riegel greift hinter den T\u00fcrrahmen. Die Montage erfolgt ganz einfach durch das Zusammenschrauben von beiden Teilen (das Innen- und das Au\u00dfengeh\u00e4use), wodurch man keine Zusatzverst\u00e4rkung der T\u00fcr mehr [&hellip;]","og_url":"https:\/\/shop.bantam.ch\/de\/produkt\/zusatzschloss-gleichschliessend-fb-weiss-bei-bestellung-schluesselnr-mitangeben\/","og_site_name":"Bantam","article_modified_time":"2026-05-08T22:06:17+00:00","og_image":[{"width":640,"height":424,"url":"https:\/\/shop.bantam.ch\/wp-content\/uploads\/2026\/05\/Movera-L-9949516100.jpg","type":"image\/jpeg"}],"twitter_card":"summary_large_image","twitter_misc":{"Gesch\u00e4tzte Lesezeit":"1\u00a0Minute"},"schema":{"@context":"https:\/\/schema.org","@graph":[{"@type":"WebPage","@id":"https:\/\/shop.bantam.ch\/de\/produkt\/zusatzschloss-gleichschliessend-fb-weiss-bei-bestellung-schluesselnr-mitangeben\/","url":"https:\/\/shop.bantam.ch\/de\/produkt\/zusatzschloss-gleichschliessend-fb-weiss-bei-bestellung-schluesselnr-mitangeben\/","name":"Zusatzschloss gleichschlie\u00dfend Fb. Wei\u00df Bei Bestellung Schl\u00fcsselnr. mitangeben - Bantam","isPartOf":{"@id":"https:\/\/shop.bantam.ch\/de\/#website"},"primaryImageOfPage":{"@id":"https:\/\/shop.bantam.ch\/de\/produkt\/zusatzschloss-gleichschliessend-fb-weiss-bei-bestellung-schluesselnr-mitangeben\/#primaryimage"},"image":{"@id":"https:\/\/shop.bantam.ch\/de\/produkt\/zusatzschloss-gleichschliessend-fb-weiss-bei-bestellung-schluesselnr-mitangeben\/#primaryimage"},"thumbnailUrl":"https:\/\/shop.bantam.ch\/wp-content\/uploads\/2026\/05\/Movera-L-9949516100.jpg","datePublished":"2026-05-01T11:45:35+00:00","dateModified":"2026-05-08T22:06:17+00:00","breadcrumb":{"@id":"https:\/\/shop.bantam.ch\/de\/produkt\/zusatzschloss-gleichschliessend-fb-weiss-bei-bestellung-schluesselnr-mitangeben\/#breadcrumb"},"inLanguage":"de","potentialAction":[{"@type":"ReadAction","target":["https:\/\/shop.bantam.ch\/de\/produkt\/zusatzschloss-gleichschliessend-fb-weiss-bei-bestellung-schluesselnr-mitangeben\/"]}]},{"@type":"ImageObject","inLanguage":"de","@id":"https:\/\/shop.bantam.ch\/de\/produkt\/zusatzschloss-gleichschliessend-fb-weiss-bei-bestellung-schluesselnr-mitangeben\/#primaryimage","url":"https:\/\/shop.bantam.ch\/wp-content\/uploads\/2026\/05\/Movera-L-9949516100.jpg","contentUrl":"https:\/\/shop.bantam.ch\/wp-content\/uploads\/2026\/05\/Movera-L-9949516100.jpg","width":640,"height":424},{"@type":"BreadcrumbList","@id":"https:\/\/shop.bantam.ch\/de\/produkt\/zusatzschloss-gleichschliessend-fb-weiss-bei-bestellung-schluesselnr-mitangeben\/#breadcrumb","itemListElement":[{"@type":"ListItem","position":1,"name":"Accueil","item":"https:\/\/shop.bantam.ch\/de\/"},{"@type":"ListItem","position":2,"name":"Shop","item":"https:\/\/shop.bantam.ch\/de\/shop\/"},{"@type":"ListItem","position":3,"name":"Zusatzschloss gleichschlie\u00dfend Fb. Wei\u00df Bei Bestellung Schl\u00fcsselnr. mitangeben"}]},{"@type":"WebSite","@id":"https:\/\/shop.bantam.ch\/de\/#website","url":"https:\/\/shop.bantam.ch\/de\/","name":"Bantam","description":"","publisher":{"@id":"https:\/\/shop.bantam.ch\/de\/#organization"},"inLanguage":"de"},{"@type":"Organization","@id":"https:\/\/shop.bantam.ch\/de\/#organization","name":"Bantam","url":"https:\/\/shop.bantam.ch\/de\/","logo":{"@type":"ImageObject","inLanguage":"de","@id":"https:\/\/shop.bantam.ch\/de\/#\/schema\/logo\/image\/","url":"https:\/\/shop.bantam.ch\/wp-content\/uploads\/2022\/12\/bantam-logo.png","contentUrl":"https:\/\/shop.bantam.ch\/wp-content\/uploads\/2022\/12\/bantam-logo.png","width":320,"height":71,"caption":"Bantam"},"image":{"@id":"https:\/\/shop.bantam.ch\/de\/#\/schema\/logo\/image\/"}}]}},"_links":{"self":[{"href":"https:\/\/shop.bantam.ch\/de\/wp-json\/wp\/v2\/product\/237278","targetHints":{"allow":["GET"]}}],"collection":[{"href":"https:\/\/shop.bantam.ch\/de\/wp-json\/wp\/v2\/product"}],"about":[{"href":"https:\/\/shop.bantam.ch\/de\/wp-json\/wp\/v2\/types\/product"}],"wp:featuredmedia":[{"embeddable":true,"href":"https:\/\/shop.bantam.ch\/de\/wp-json\/wp\/v2\/media\/237270"}],"wp:attachment":[{"href":"https:\/\/shop.bantam.ch\/de\/wp-json\/wp\/v2\/media?parent=237278"}],"wp:term":[{"taxonomy":"product_featured_cat","embeddable":true,"href":"https:\/\/shop.bantam.ch\/de\/wp-json\/wp\/v2\/product_featured_cat?post=237278"},{"taxonomy":"product_brand","embeddable":true,"href":"https:\/\/shop.bantam.ch\/de\/wp-json\/wp\/v2\/product_brand?post=237278"},{"taxonomy":"product_cat","embeddable":true,"href":"https:\/\/shop.bantam.ch\/de\/wp-json\/wp\/v2\/product_cat?post=237278"},{"taxonomy":"product_tag","embeddable":true,"href":"https:\/\/shop.bantam.ch\/de\/wp-json\/wp\/v2\/product_tag?post=237278"}],"curies":[{"name":"wp","href":"https:\/\/api.w.org\/{rel}","templated":true}]}}