{"id":237238,"date":"2026-05-01T11:49:24","date_gmt":"2026-05-01T09:49:24","guid":{"rendered":"https:\/\/shop.bantam.ch\/produit\/fahrradtraeger-probc2-mit-abklappfunktion\/"},"modified":"2026-05-02T00:01:44","modified_gmt":"2026-05-01T22:01:44","slug":"fahrradtraeger-probc2-mit-abklappfunktion","status":"publish","type":"product","link":"https:\/\/shop.bantam.ch\/de\/produkt\/fahrradtraeger-probc2-mit-abklappfunktion\/","title":{"rendered":"Fahrradtr\u00e4ger PROBC2+ mit Abklappfunktion"},"content":{"rendered":"<p>Mit den Modellen der EUFAB PROBC-Serie transportierst Du Deine Fahrr\u00e4der sicher, die Tr\u00e4ger \u00fcberzeugen durch durchdachte Technik, hochwertige Verarbeitung und eine einfache Handhabung. Die stabile Konstruktion erm\u00f6glicht auch den Transport von E-Bikes und Fahrr\u00e4dern mit besonderer Rahmengeometrie. Dank Schnellverschluss ist die Montage an der Anh\u00e4ngerkupplung schnell erledigt \u2013 ganz ohne Werkzeug. Die integrierte Abklappfunktion sorgt daf\u00fcr, dass Du selbst mit aufgeladenen Fahrr\u00e4dern jederzeit Zugang zum Kofferraum hast.<\/p>\n<p>Alle Modelle der PROBC-Serie bieten maximale Sicherheit durch abschlie\u00dfbare Haltearme, rutschfeste Radhalterungen und extra stabile Rahmenbefestigungen.<\/p>\n","protected":false},"excerpt":{"rendered":"<p>Mit den Modellen der EUFAB PROBC-Serie transportierst Du Deine Fahrr\u00e4der sicher, die Tr\u00e4ger \u00fcberzeugen durch durchdachte Technik, hochwertige Verarbeitung und eine einfache Handhabung. Die stabile Konstruktion erm\u00f6glicht auch den Transport von E-Bikes und Fahrr\u00e4dern mit besonderer Rahmengeometrie. Dank Schnellverschluss ist die Montage an der Anh\u00e4ngerkupplung schnell erledigt \u2013 ganz ohne Werkzeug. Die integrierte Abklappfunktion sorgt [&hellip;]<\/p>\n","protected":false},"featured_media":237228,"template":"","meta":{"_acf_changed":false},"product_featured_cat":[],"product_brand":[5394],"product_cat":[4698],"product_tag":[],"class_list":{"0":"post-237238","1":"product","2":"type-product","3":"status-publish","4":"has-post-thumbnail","6":"product_brand-eufab-de","7":"product_cat-fahrradtraeger-zubehoer","9":"first","10":"instock","11":"taxable","12":"shipping-taxable","13":"purchasable","14":"product-type-simple"},"acf":[],"yoast_head":"<!-- This site is optimized with the Yoast SEO plugin v27.5 - https:\/\/yoast.com\/product\/yoast-seo-wordpress\/ -->\n<title>Fahrradtr\u00e4ger PROBC2+ mit Abklappfunktion - Bantam<\/title>\n<meta name=\"robots\" content=\"index, follow, max-snippet:-1, max-image-preview:large, max-video-preview:-1\" \/>\n<link rel=\"canonical\" href=\"https:\/\/shop.bantam.ch\/de\/produkt\/fahrradtraeger-probc2-mit-abklappfunktion\/\" \/>\n<meta property=\"og:locale\" content=\"de_DE\" \/>\n<meta property=\"og:type\" content=\"article\" \/>\n<meta property=\"og:title\" content=\"Fahrradtr\u00e4ger PROBC2+ mit Abklappfunktion - Bantam\" \/>\n<meta property=\"og:description\" content=\"Mit den Modellen der EUFAB PROBC-Serie transportierst Du Deine Fahrr\u00e4der sicher, die Tr\u00e4ger \u00fcberzeugen durch durchdachte Technik, hochwertige Verarbeitung und eine einfache Handhabung. Die stabile Konstruktion erm\u00f6glicht auch den Transport von E-Bikes und Fahrr\u00e4dern mit besonderer Rahmengeometrie. Dank Schnellverschluss ist die Montage an der Anh\u00e4ngerkupplung schnell erledigt \u2013 ganz ohne Werkzeug. Die integrierte Abklappfunktion sorgt [&hellip;]\" \/>\n<meta property=\"og:url\" content=\"https:\/\/shop.bantam.ch\/de\/produkt\/fahrradtraeger-probc2-mit-abklappfunktion\/\" \/>\n<meta property=\"og:site_name\" content=\"Bantam\" \/>\n<meta property=\"article:modified_time\" content=\"2026-05-01T22:01:44+00:00\" \/>\n<meta property=\"og:image\" content=\"https:\/\/shop.bantam.ch\/wp-content\/uploads\/2026\/05\/Movera-L-9949344100.png\" \/>\n\t<meta property=\"og:image:width\" content=\"640\" \/>\n\t<meta property=\"og:image:height\" content=\"486\" \/>\n\t<meta property=\"og:image:type\" content=\"image\/png\" \/>\n<meta name=\"twitter:card\" content=\"summary_large_image\" \/>\n<script type=\"application\/ld+json\" class=\"yoast-schema-graph\">{\"@context\":\"https:\\\/\\\/schema.org\",\"@graph\":[{\"@type\":\"WebPage\",\"@id\":\"https:\\\/\\\/shop.bantam.ch\\\/de\\\/produkt\\\/fahrradtraeger-probc2-mit-abklappfunktion\\\/\",\"url\":\"https:\\\/\\\/shop.bantam.ch\\\/de\\\/produkt\\\/fahrradtraeger-probc2-mit-abklappfunktion\\\/\",\"name\":\"Fahrradtr\u00e4ger PROBC2+ mit Abklappfunktion - Bantam\",\"isPartOf\":{\"@id\":\"https:\\\/\\\/shop.bantam.ch\\\/de\\\/#website\"},\"primaryImageOfPage\":{\"@id\":\"https:\\\/\\\/shop.bantam.ch\\\/de\\\/produkt\\\/fahrradtraeger-probc2-mit-abklappfunktion\\\/#primaryimage\"},\"image\":{\"@id\":\"https:\\\/\\\/shop.bantam.ch\\\/de\\\/produkt\\\/fahrradtraeger-probc2-mit-abklappfunktion\\\/#primaryimage\"},\"thumbnailUrl\":\"https:\\\/\\\/shop.bantam.ch\\\/wp-content\\\/uploads\\\/2026\\\/05\\\/Movera-L-9949344100.png\",\"datePublished\":\"2026-05-01T09:49:24+00:00\",\"dateModified\":\"2026-05-01T22:01:44+00:00\",\"breadcrumb\":{\"@id\":\"https:\\\/\\\/shop.bantam.ch\\\/de\\\/produkt\\\/fahrradtraeger-probc2-mit-abklappfunktion\\\/#breadcrumb\"},\"inLanguage\":\"de\",\"potentialAction\":[{\"@type\":\"ReadAction\",\"target\":[\"https:\\\/\\\/shop.bantam.ch\\\/de\\\/produkt\\\/fahrradtraeger-probc2-mit-abklappfunktion\\\/\"]}]},{\"@type\":\"ImageObject\",\"inLanguage\":\"de\",\"@id\":\"https:\\\/\\\/shop.bantam.ch\\\/de\\\/produkt\\\/fahrradtraeger-probc2-mit-abklappfunktion\\\/#primaryimage\",\"url\":\"https:\\\/\\\/shop.bantam.ch\\\/wp-content\\\/uploads\\\/2026\\\/05\\\/Movera-L-9949344100.png\",\"contentUrl\":\"https:\\\/\\\/shop.bantam.ch\\\/wp-content\\\/uploads\\\/2026\\\/05\\\/Movera-L-9949344100.png\",\"width\":640,\"height\":486},{\"@type\":\"BreadcrumbList\",\"@id\":\"https:\\\/\\\/shop.bantam.ch\\\/de\\\/produkt\\\/fahrradtraeger-probc2-mit-abklappfunktion\\\/#breadcrumb\",\"itemListElement\":[{\"@type\":\"ListItem\",\"position\":1,\"name\":\"Accueil\",\"item\":\"https:\\\/\\\/shop.bantam.ch\\\/de\\\/\"},{\"@type\":\"ListItem\",\"position\":2,\"name\":\"Shop\",\"item\":\"https:\\\/\\\/shop.bantam.ch\\\/de\\\/shop\\\/\"},{\"@type\":\"ListItem\",\"position\":3,\"name\":\"Fahrradtr\u00e4ger PROBC2+ mit Abklappfunktion\"}]},{\"@type\":\"WebSite\",\"@id\":\"https:\\\/\\\/shop.bantam.ch\\\/de\\\/#website\",\"url\":\"https:\\\/\\\/shop.bantam.ch\\\/de\\\/\",\"name\":\"Bantam\",\"description\":\"\",\"publisher\":{\"@id\":\"https:\\\/\\\/shop.bantam.ch\\\/de\\\/#organization\"},\"inLanguage\":\"de\"},{\"@type\":\"Organization\",\"@id\":\"https:\\\/\\\/shop.bantam.ch\\\/de\\\/#organization\",\"name\":\"Bantam\",\"url\":\"https:\\\/\\\/shop.bantam.ch\\\/de\\\/\",\"logo\":{\"@type\":\"ImageObject\",\"inLanguage\":\"de\",\"@id\":\"https:\\\/\\\/shop.bantam.ch\\\/de\\\/#\\\/schema\\\/logo\\\/image\\\/\",\"url\":\"https:\\\/\\\/shop.bantam.ch\\\/wp-content\\\/uploads\\\/2022\\\/12\\\/bantam-logo.png\",\"contentUrl\":\"https:\\\/\\\/shop.bantam.ch\\\/wp-content\\\/uploads\\\/2022\\\/12\\\/bantam-logo.png\",\"width\":320,\"height\":71,\"caption\":\"Bantam\"},\"image\":{\"@id\":\"https:\\\/\\\/shop.bantam.ch\\\/de\\\/#\\\/schema\\\/logo\\\/image\\\/\"}}]}<\/script>\n<!-- \/ Yoast SEO plugin. -->","yoast_head_json":{"title":"Fahrradtr\u00e4ger PROBC2+ mit Abklappfunktion - Bantam","robots":{"index":"index","follow":"follow","max-snippet":"max-snippet:-1","max-image-preview":"max-image-preview:large","max-video-preview":"max-video-preview:-1"},"canonical":"https:\/\/shop.bantam.ch\/de\/produkt\/fahrradtraeger-probc2-mit-abklappfunktion\/","og_locale":"de_DE","og_type":"article","og_title":"Fahrradtr\u00e4ger PROBC2+ mit Abklappfunktion - Bantam","og_description":"Mit den Modellen der EUFAB PROBC-Serie transportierst Du Deine Fahrr\u00e4der sicher, die Tr\u00e4ger \u00fcberzeugen durch durchdachte Technik, hochwertige Verarbeitung und eine einfache Handhabung. Die stabile Konstruktion erm\u00f6glicht auch den Transport von E-Bikes und Fahrr\u00e4dern mit besonderer Rahmengeometrie. Dank Schnellverschluss ist die Montage an der Anh\u00e4ngerkupplung schnell erledigt \u2013 ganz ohne Werkzeug. Die integrierte Abklappfunktion sorgt [&hellip;]","og_url":"https:\/\/shop.bantam.ch\/de\/produkt\/fahrradtraeger-probc2-mit-abklappfunktion\/","og_site_name":"Bantam","article_modified_time":"2026-05-01T22:01:44+00:00","og_image":[{"width":640,"height":486,"url":"https:\/\/shop.bantam.ch\/wp-content\/uploads\/2026\/05\/Movera-L-9949344100.png","type":"image\/png"}],"twitter_card":"summary_large_image","schema":{"@context":"https:\/\/schema.org","@graph":[{"@type":"WebPage","@id":"https:\/\/shop.bantam.ch\/de\/produkt\/fahrradtraeger-probc2-mit-abklappfunktion\/","url":"https:\/\/shop.bantam.ch\/de\/produkt\/fahrradtraeger-probc2-mit-abklappfunktion\/","name":"Fahrradtr\u00e4ger PROBC2+ mit Abklappfunktion - Bantam","isPartOf":{"@id":"https:\/\/shop.bantam.ch\/de\/#website"},"primaryImageOfPage":{"@id":"https:\/\/shop.bantam.ch\/de\/produkt\/fahrradtraeger-probc2-mit-abklappfunktion\/#primaryimage"},"image":{"@id":"https:\/\/shop.bantam.ch\/de\/produkt\/fahrradtraeger-probc2-mit-abklappfunktion\/#primaryimage"},"thumbnailUrl":"https:\/\/shop.bantam.ch\/wp-content\/uploads\/2026\/05\/Movera-L-9949344100.png","datePublished":"2026-05-01T09:49:24+00:00","dateModified":"2026-05-01T22:01:44+00:00","breadcrumb":{"@id":"https:\/\/shop.bantam.ch\/de\/produkt\/fahrradtraeger-probc2-mit-abklappfunktion\/#breadcrumb"},"inLanguage":"de","potentialAction":[{"@type":"ReadAction","target":["https:\/\/shop.bantam.ch\/de\/produkt\/fahrradtraeger-probc2-mit-abklappfunktion\/"]}]},{"@type":"ImageObject","inLanguage":"de","@id":"https:\/\/shop.bantam.ch\/de\/produkt\/fahrradtraeger-probc2-mit-abklappfunktion\/#primaryimage","url":"https:\/\/shop.bantam.ch\/wp-content\/uploads\/2026\/05\/Movera-L-9949344100.png","contentUrl":"https:\/\/shop.bantam.ch\/wp-content\/uploads\/2026\/05\/Movera-L-9949344100.png","width":640,"height":486},{"@type":"BreadcrumbList","@id":"https:\/\/shop.bantam.ch\/de\/produkt\/fahrradtraeger-probc2-mit-abklappfunktion\/#breadcrumb","itemListElement":[{"@type":"ListItem","position":1,"name":"Accueil","item":"https:\/\/shop.bantam.ch\/de\/"},{"@type":"ListItem","position":2,"name":"Shop","item":"https:\/\/shop.bantam.ch\/de\/shop\/"},{"@type":"ListItem","position":3,"name":"Fahrradtr\u00e4ger PROBC2+ mit Abklappfunktion"}]},{"@type":"WebSite","@id":"https:\/\/shop.bantam.ch\/de\/#website","url":"https:\/\/shop.bantam.ch\/de\/","name":"Bantam","description":"","publisher":{"@id":"https:\/\/shop.bantam.ch\/de\/#organization"},"inLanguage":"de"},{"@type":"Organization","@id":"https:\/\/shop.bantam.ch\/de\/#organization","name":"Bantam","url":"https:\/\/shop.bantam.ch\/de\/","logo":{"@type":"ImageObject","inLanguage":"de","@id":"https:\/\/shop.bantam.ch\/de\/#\/schema\/logo\/image\/","url":"https:\/\/shop.bantam.ch\/wp-content\/uploads\/2022\/12\/bantam-logo.png","contentUrl":"https:\/\/shop.bantam.ch\/wp-content\/uploads\/2022\/12\/bantam-logo.png","width":320,"height":71,"caption":"Bantam"},"image":{"@id":"https:\/\/shop.bantam.ch\/de\/#\/schema\/logo\/image\/"}}]}},"_links":{"self":[{"href":"https:\/\/shop.bantam.ch\/de\/wp-json\/wp\/v2\/product\/237238","targetHints":{"allow":["GET"]}}],"collection":[{"href":"https:\/\/shop.bantam.ch\/de\/wp-json\/wp\/v2\/product"}],"about":[{"href":"https:\/\/shop.bantam.ch\/de\/wp-json\/wp\/v2\/types\/product"}],"wp:featuredmedia":[{"embeddable":true,"href":"https:\/\/shop.bantam.ch\/de\/wp-json\/wp\/v2\/media\/237228"}],"wp:attachment":[{"href":"https:\/\/shop.bantam.ch\/de\/wp-json\/wp\/v2\/media?parent=237238"}],"wp:term":[{"taxonomy":"product_featured_cat","embeddable":true,"href":"https:\/\/shop.bantam.ch\/de\/wp-json\/wp\/v2\/product_featured_cat?post=237238"},{"taxonomy":"product_brand","embeddable":true,"href":"https:\/\/shop.bantam.ch\/de\/wp-json\/wp\/v2\/product_brand?post=237238"},{"taxonomy":"product_cat","embeddable":true,"href":"https:\/\/shop.bantam.ch\/de\/wp-json\/wp\/v2\/product_cat?post=237238"},{"taxonomy":"product_tag","embeddable":true,"href":"https:\/\/shop.bantam.ch\/de\/wp-json\/wp\/v2\/product_tag?post=237238"}],"curies":[{"name":"wp","href":"https:\/\/api.w.org\/{rel}","templated":true}]}}