{"id":237168,"date":"2026-05-01T11:05:27","date_gmt":"2026-05-01T09:05:27","guid":{"rendered":"https:\/\/shop.bantam.ch\/produit\/thermo-innenzelt-zu-dachzelt-themis-140-cm\/"},"modified":"2026-05-03T00:00:42","modified_gmt":"2026-05-02T22:00:42","slug":"thermo-innenzelt-zu-dachzelt-themis-140-cm","status":"publish","type":"product","link":"https:\/\/shop.bantam.ch\/de\/produkt\/thermo-innenzelt-zu-dachzelt-themis-140-cm\/","title":{"rendered":"Thermo Innenzelt zu Dachzelt Themis 140 cm"},"content":{"rendered":"<p>Ganz einfach kann die Isolierung im Inneren des Dachzelts eingeh\u00e4ngt und per Klettverschluss befestigt werden. Durch die Rei\u00dfverschl\u00fcsse k\u00f6nnen Fenster und Eing\u00e4nge trotzdem zum L\u00fcften oder Hereinlassen von Tageslicht ge\u00f6ffnet werden und man verliert keinen Komfort im Zelt. Dein idealer Begleiter f\u00fcr kalte Regionen. Wenn man die Isolierung im Zelt lassen m\u00f6chte, ist beim Zusammenfalten etwas mehr Sorgfalt n\u00f6tig und die Bettw\u00e4sche passt dann nicht mehr rein.<\/p>\n<ul>\n<li>Optimale Isolierung im Dachzelt<\/li>\n<li>Mehr Komfort in kalten Regionen<\/li>\n<li>Einfache Befestigung mit Klettverschluss und Gummizug<\/li>\n<li>Eing\u00e4nge und Fenster per Rei\u00dfverschluss \u00f6ffnen<\/li>\n<li>Material: 3 Lagen Polyester (75 g\/m\u00b2) mit Baumwolle (80 g\/m\u00b2)<\/li>\n<\/ul>\n","protected":false},"excerpt":{"rendered":"<p>Ganz einfach kann die Isolierung im Inneren des Dachzelts eingeh\u00e4ngt und per Klettverschluss befestigt werden. Durch die Rei\u00dfverschl\u00fcsse k\u00f6nnen Fenster und Eing\u00e4nge trotzdem zum L\u00fcften oder Hereinlassen von Tageslicht ge\u00f6ffnet werden und man verliert keinen Komfort im Zelt. Dein idealer Begleiter f\u00fcr kalte Regionen. Wenn man die Isolierung im Zelt lassen m\u00f6chte, ist beim Zusammenfalten [&hellip;]<\/p>\n","protected":false},"featured_media":237162,"template":"","meta":{"_acf_changed":false},"product_featured_cat":[],"product_brand":[3509],"product_cat":[3982],"product_tag":[],"class_list":{"0":"post-237168","1":"product","2":"type-product","3":"status-publish","4":"has-post-thumbnail","6":"product_brand-horntools-de","7":"product_cat-innenzelte","9":"first","10":"instock","11":"taxable","12":"shipping-taxable","13":"purchasable","14":"product-type-simple"},"acf":[],"yoast_head":"<!-- This site is optimized with the Yoast SEO plugin v27.5 - https:\/\/yoast.com\/product\/yoast-seo-wordpress\/ -->\n<title>Thermo Innenzelt zu Dachzelt Themis 140 cm - Bantam<\/title>\n<meta name=\"robots\" content=\"index, follow, max-snippet:-1, max-image-preview:large, max-video-preview:-1\" \/>\n<link rel=\"canonical\" href=\"https:\/\/shop.bantam.ch\/de\/produkt\/thermo-innenzelt-zu-dachzelt-themis-140-cm\/\" \/>\n<meta property=\"og:locale\" content=\"de_DE\" \/>\n<meta property=\"og:type\" content=\"article\" \/>\n<meta property=\"og:title\" content=\"Thermo Innenzelt zu Dachzelt Themis 140 cm - Bantam\" \/>\n<meta property=\"og:description\" content=\"Ganz einfach kann die Isolierung im Inneren des Dachzelts eingeh\u00e4ngt und per Klettverschluss befestigt werden. Durch die Rei\u00dfverschl\u00fcsse k\u00f6nnen Fenster und Eing\u00e4nge trotzdem zum L\u00fcften oder Hereinlassen von Tageslicht ge\u00f6ffnet werden und man verliert keinen Komfort im Zelt. Dein idealer Begleiter f\u00fcr kalte Regionen. Wenn man die Isolierung im Zelt lassen m\u00f6chte, ist beim Zusammenfalten [&hellip;]\" \/>\n<meta property=\"og:url\" content=\"https:\/\/shop.bantam.ch\/de\/produkt\/thermo-innenzelt-zu-dachzelt-themis-140-cm\/\" \/>\n<meta property=\"og:site_name\" content=\"Bantam\" \/>\n<meta property=\"article:modified_time\" content=\"2026-05-02T22:00:42+00:00\" \/>\n<meta property=\"og:image\" content=\"https:\/\/shop.bantam.ch\/wp-content\/uploads\/2026\/05\/Movera-L-9947816100.png\" \/>\n\t<meta property=\"og:image:width\" content=\"640\" \/>\n\t<meta property=\"og:image:height\" content=\"640\" \/>\n\t<meta property=\"og:image:type\" content=\"image\/png\" \/>\n<meta name=\"twitter:card\" content=\"summary_large_image\" \/>\n<meta name=\"twitter:label1\" content=\"Gesch\u00e4tzte Lesezeit\" \/>\n\t<meta name=\"twitter:data1\" content=\"1\u00a0Minute\" \/>\n<script type=\"application\/ld+json\" class=\"yoast-schema-graph\">{\"@context\":\"https:\\\/\\\/schema.org\",\"@graph\":[{\"@type\":\"WebPage\",\"@id\":\"https:\\\/\\\/shop.bantam.ch\\\/de\\\/produkt\\\/thermo-innenzelt-zu-dachzelt-themis-140-cm\\\/\",\"url\":\"https:\\\/\\\/shop.bantam.ch\\\/de\\\/produkt\\\/thermo-innenzelt-zu-dachzelt-themis-140-cm\\\/\",\"name\":\"Thermo Innenzelt zu Dachzelt Themis 140 cm - Bantam\",\"isPartOf\":{\"@id\":\"https:\\\/\\\/shop.bantam.ch\\\/de\\\/#website\"},\"primaryImageOfPage\":{\"@id\":\"https:\\\/\\\/shop.bantam.ch\\\/de\\\/produkt\\\/thermo-innenzelt-zu-dachzelt-themis-140-cm\\\/#primaryimage\"},\"image\":{\"@id\":\"https:\\\/\\\/shop.bantam.ch\\\/de\\\/produkt\\\/thermo-innenzelt-zu-dachzelt-themis-140-cm\\\/#primaryimage\"},\"thumbnailUrl\":\"https:\\\/\\\/shop.bantam.ch\\\/wp-content\\\/uploads\\\/2026\\\/05\\\/Movera-L-9947816100.png\",\"datePublished\":\"2026-05-01T09:05:27+00:00\",\"dateModified\":\"2026-05-02T22:00:42+00:00\",\"breadcrumb\":{\"@id\":\"https:\\\/\\\/shop.bantam.ch\\\/de\\\/produkt\\\/thermo-innenzelt-zu-dachzelt-themis-140-cm\\\/#breadcrumb\"},\"inLanguage\":\"de\",\"potentialAction\":[{\"@type\":\"ReadAction\",\"target\":[\"https:\\\/\\\/shop.bantam.ch\\\/de\\\/produkt\\\/thermo-innenzelt-zu-dachzelt-themis-140-cm\\\/\"]}]},{\"@type\":\"ImageObject\",\"inLanguage\":\"de\",\"@id\":\"https:\\\/\\\/shop.bantam.ch\\\/de\\\/produkt\\\/thermo-innenzelt-zu-dachzelt-themis-140-cm\\\/#primaryimage\",\"url\":\"https:\\\/\\\/shop.bantam.ch\\\/wp-content\\\/uploads\\\/2026\\\/05\\\/Movera-L-9947816100.png\",\"contentUrl\":\"https:\\\/\\\/shop.bantam.ch\\\/wp-content\\\/uploads\\\/2026\\\/05\\\/Movera-L-9947816100.png\",\"width\":640,\"height\":640},{\"@type\":\"BreadcrumbList\",\"@id\":\"https:\\\/\\\/shop.bantam.ch\\\/de\\\/produkt\\\/thermo-innenzelt-zu-dachzelt-themis-140-cm\\\/#breadcrumb\",\"itemListElement\":[{\"@type\":\"ListItem\",\"position\":1,\"name\":\"Accueil\",\"item\":\"https:\\\/\\\/shop.bantam.ch\\\/de\\\/\"},{\"@type\":\"ListItem\",\"position\":2,\"name\":\"Shop\",\"item\":\"https:\\\/\\\/shop.bantam.ch\\\/de\\\/shop\\\/\"},{\"@type\":\"ListItem\",\"position\":3,\"name\":\"Thermo Innenzelt zu Dachzelt Themis 140 cm\"}]},{\"@type\":\"WebSite\",\"@id\":\"https:\\\/\\\/shop.bantam.ch\\\/de\\\/#website\",\"url\":\"https:\\\/\\\/shop.bantam.ch\\\/de\\\/\",\"name\":\"Bantam\",\"description\":\"\",\"publisher\":{\"@id\":\"https:\\\/\\\/shop.bantam.ch\\\/de\\\/#organization\"},\"inLanguage\":\"de\"},{\"@type\":\"Organization\",\"@id\":\"https:\\\/\\\/shop.bantam.ch\\\/de\\\/#organization\",\"name\":\"Bantam\",\"url\":\"https:\\\/\\\/shop.bantam.ch\\\/de\\\/\",\"logo\":{\"@type\":\"ImageObject\",\"inLanguage\":\"de\",\"@id\":\"https:\\\/\\\/shop.bantam.ch\\\/de\\\/#\\\/schema\\\/logo\\\/image\\\/\",\"url\":\"https:\\\/\\\/shop.bantam.ch\\\/wp-content\\\/uploads\\\/2022\\\/12\\\/bantam-logo.png\",\"contentUrl\":\"https:\\\/\\\/shop.bantam.ch\\\/wp-content\\\/uploads\\\/2022\\\/12\\\/bantam-logo.png\",\"width\":320,\"height\":71,\"caption\":\"Bantam\"},\"image\":{\"@id\":\"https:\\\/\\\/shop.bantam.ch\\\/de\\\/#\\\/schema\\\/logo\\\/image\\\/\"}}]}<\/script>\n<!-- \/ Yoast SEO plugin. -->","yoast_head_json":{"title":"Thermo Innenzelt zu Dachzelt Themis 140 cm - Bantam","robots":{"index":"index","follow":"follow","max-snippet":"max-snippet:-1","max-image-preview":"max-image-preview:large","max-video-preview":"max-video-preview:-1"},"canonical":"https:\/\/shop.bantam.ch\/de\/produkt\/thermo-innenzelt-zu-dachzelt-themis-140-cm\/","og_locale":"de_DE","og_type":"article","og_title":"Thermo Innenzelt zu Dachzelt Themis 140 cm - Bantam","og_description":"Ganz einfach kann die Isolierung im Inneren des Dachzelts eingeh\u00e4ngt und per Klettverschluss befestigt werden. Durch die Rei\u00dfverschl\u00fcsse k\u00f6nnen Fenster und Eing\u00e4nge trotzdem zum L\u00fcften oder Hereinlassen von Tageslicht ge\u00f6ffnet werden und man verliert keinen Komfort im Zelt. Dein idealer Begleiter f\u00fcr kalte Regionen. Wenn man die Isolierung im Zelt lassen m\u00f6chte, ist beim Zusammenfalten [&hellip;]","og_url":"https:\/\/shop.bantam.ch\/de\/produkt\/thermo-innenzelt-zu-dachzelt-themis-140-cm\/","og_site_name":"Bantam","article_modified_time":"2026-05-02T22:00:42+00:00","og_image":[{"width":640,"height":640,"url":"https:\/\/shop.bantam.ch\/wp-content\/uploads\/2026\/05\/Movera-L-9947816100.png","type":"image\/png"}],"twitter_card":"summary_large_image","twitter_misc":{"Gesch\u00e4tzte Lesezeit":"1\u00a0Minute"},"schema":{"@context":"https:\/\/schema.org","@graph":[{"@type":"WebPage","@id":"https:\/\/shop.bantam.ch\/de\/produkt\/thermo-innenzelt-zu-dachzelt-themis-140-cm\/","url":"https:\/\/shop.bantam.ch\/de\/produkt\/thermo-innenzelt-zu-dachzelt-themis-140-cm\/","name":"Thermo Innenzelt zu Dachzelt Themis 140 cm - Bantam","isPartOf":{"@id":"https:\/\/shop.bantam.ch\/de\/#website"},"primaryImageOfPage":{"@id":"https:\/\/shop.bantam.ch\/de\/produkt\/thermo-innenzelt-zu-dachzelt-themis-140-cm\/#primaryimage"},"image":{"@id":"https:\/\/shop.bantam.ch\/de\/produkt\/thermo-innenzelt-zu-dachzelt-themis-140-cm\/#primaryimage"},"thumbnailUrl":"https:\/\/shop.bantam.ch\/wp-content\/uploads\/2026\/05\/Movera-L-9947816100.png","datePublished":"2026-05-01T09:05:27+00:00","dateModified":"2026-05-02T22:00:42+00:00","breadcrumb":{"@id":"https:\/\/shop.bantam.ch\/de\/produkt\/thermo-innenzelt-zu-dachzelt-themis-140-cm\/#breadcrumb"},"inLanguage":"de","potentialAction":[{"@type":"ReadAction","target":["https:\/\/shop.bantam.ch\/de\/produkt\/thermo-innenzelt-zu-dachzelt-themis-140-cm\/"]}]},{"@type":"ImageObject","inLanguage":"de","@id":"https:\/\/shop.bantam.ch\/de\/produkt\/thermo-innenzelt-zu-dachzelt-themis-140-cm\/#primaryimage","url":"https:\/\/shop.bantam.ch\/wp-content\/uploads\/2026\/05\/Movera-L-9947816100.png","contentUrl":"https:\/\/shop.bantam.ch\/wp-content\/uploads\/2026\/05\/Movera-L-9947816100.png","width":640,"height":640},{"@type":"BreadcrumbList","@id":"https:\/\/shop.bantam.ch\/de\/produkt\/thermo-innenzelt-zu-dachzelt-themis-140-cm\/#breadcrumb","itemListElement":[{"@type":"ListItem","position":1,"name":"Accueil","item":"https:\/\/shop.bantam.ch\/de\/"},{"@type":"ListItem","position":2,"name":"Shop","item":"https:\/\/shop.bantam.ch\/de\/shop\/"},{"@type":"ListItem","position":3,"name":"Thermo Innenzelt zu Dachzelt Themis 140 cm"}]},{"@type":"WebSite","@id":"https:\/\/shop.bantam.ch\/de\/#website","url":"https:\/\/shop.bantam.ch\/de\/","name":"Bantam","description":"","publisher":{"@id":"https:\/\/shop.bantam.ch\/de\/#organization"},"inLanguage":"de"},{"@type":"Organization","@id":"https:\/\/shop.bantam.ch\/de\/#organization","name":"Bantam","url":"https:\/\/shop.bantam.ch\/de\/","logo":{"@type":"ImageObject","inLanguage":"de","@id":"https:\/\/shop.bantam.ch\/de\/#\/schema\/logo\/image\/","url":"https:\/\/shop.bantam.ch\/wp-content\/uploads\/2022\/12\/bantam-logo.png","contentUrl":"https:\/\/shop.bantam.ch\/wp-content\/uploads\/2022\/12\/bantam-logo.png","width":320,"height":71,"caption":"Bantam"},"image":{"@id":"https:\/\/shop.bantam.ch\/de\/#\/schema\/logo\/image\/"}}]}},"_links":{"self":[{"href":"https:\/\/shop.bantam.ch\/de\/wp-json\/wp\/v2\/product\/237168","targetHints":{"allow":["GET"]}}],"collection":[{"href":"https:\/\/shop.bantam.ch\/de\/wp-json\/wp\/v2\/product"}],"about":[{"href":"https:\/\/shop.bantam.ch\/de\/wp-json\/wp\/v2\/types\/product"}],"wp:featuredmedia":[{"embeddable":true,"href":"https:\/\/shop.bantam.ch\/de\/wp-json\/wp\/v2\/media\/237162"}],"wp:attachment":[{"href":"https:\/\/shop.bantam.ch\/de\/wp-json\/wp\/v2\/media?parent=237168"}],"wp:term":[{"taxonomy":"product_featured_cat","embeddable":true,"href":"https:\/\/shop.bantam.ch\/de\/wp-json\/wp\/v2\/product_featured_cat?post=237168"},{"taxonomy":"product_brand","embeddable":true,"href":"https:\/\/shop.bantam.ch\/de\/wp-json\/wp\/v2\/product_brand?post=237168"},{"taxonomy":"product_cat","embeddable":true,"href":"https:\/\/shop.bantam.ch\/de\/wp-json\/wp\/v2\/product_cat?post=237168"},{"taxonomy":"product_tag","embeddable":true,"href":"https:\/\/shop.bantam.ch\/de\/wp-json\/wp\/v2\/product_tag?post=237168"}],"curies":[{"name":"wp","href":"https:\/\/api.w.org\/{rel}","templated":true}]}}