{"id":237144,"date":"2026-05-01T10:55:39","date_gmt":"2026-05-01T08:55:39","guid":{"rendered":"https:\/\/shop.bantam.ch\/produit\/kabeltrommel-onboard\/"},"modified":"2026-05-03T00:00:35","modified_gmt":"2026-05-02T22:00:35","slug":"kabeltrommel-onboard","status":"publish","type":"product","link":"https:\/\/shop.bantam.ch\/de\/produkt\/kabeltrommel-onboard\/","title":{"rendered":"Kabeltrommel Onboard"},"content":{"rendered":"<p>Die CEE Kabeltrommel mit Lampe f\u00fcr Camping und Hobby ist die perfekte L\u00f6sung f\u00fcr Ihre Outdoor-Aktivit\u00e4ten. Mit einer Kabell\u00e4nge von 15 m bietet sie ausreichend Spielraum f\u00fcr den Anschluss elektrischer Ger\u00e4te. Dank des integrierten \u00dcberlastschutzschalters k\u00f6nnen Sie Ihre Ger\u00e4te sicher betreiben. Die Kabeltrommel verf\u00fcgt \u00fcber 3 Schutzkontaktsteckpl\u00e4tze, die Platz f\u00fcr bis zu 3 Schuko-Stecker bieten. Zus\u00e4tzlich finden Sie 2 USB-Anschl\u00fcsse, so dass Sie Ihre mobilen Ger\u00e4te problemlos aufladen k\u00f6nnen. Trotz seiner kompakten und leichtgewichtigen Bauweise ist der Brunner CEE Kabeltrommel \/ Beleuchtung staub- und spritzwassergesch\u00fctzt. Der robuste Kunststoffk\u00f6rper gew\u00e4hrleistet eine hohe Widerstandsf\u00e4higkeit.<\/p>\n","protected":false},"excerpt":{"rendered":"<p>Die CEE Kabeltrommel mit Lampe f\u00fcr Camping und Hobby ist die perfekte L\u00f6sung f\u00fcr Ihre Outdoor-Aktivit\u00e4ten. Mit einer Kabell\u00e4nge von 15 m bietet sie ausreichend Spielraum f\u00fcr den Anschluss elektrischer Ger\u00e4te. Dank des integrierten \u00dcberlastschutzschalters k\u00f6nnen Sie Ihre Ger\u00e4te sicher betreiben. Die Kabeltrommel verf\u00fcgt \u00fcber 3 Schutzkontaktsteckpl\u00e4tze, die Platz f\u00fcr bis zu 3 Schuko-Stecker bieten. [&hellip;]<\/p>\n","protected":false},"featured_media":237134,"template":"","meta":{"_acf_changed":false},"product_featured_cat":[],"product_brand":[3081],"product_cat":[4872],"product_tag":[],"class_list":{"0":"post-237144","1":"product","2":"type-product","3":"status-publish","4":"has-post-thumbnail","6":"product_brand-brunner-de","7":"product_cat-kabeltrommeln","9":"first","10":"instock","11":"taxable","12":"shipping-taxable","13":"purchasable","14":"product-type-simple"},"acf":[],"yoast_head":"<!-- This site is optimized with the Yoast SEO plugin v27.5 - https:\/\/yoast.com\/product\/yoast-seo-wordpress\/ -->\n<title>Kabeltrommel Onboard - Bantam<\/title>\n<meta name=\"robots\" content=\"index, follow, max-snippet:-1, max-image-preview:large, max-video-preview:-1\" \/>\n<link rel=\"canonical\" href=\"https:\/\/shop.bantam.ch\/de\/produkt\/kabeltrommel-onboard\/\" \/>\n<meta property=\"og:locale\" content=\"de_DE\" \/>\n<meta property=\"og:type\" content=\"article\" \/>\n<meta property=\"og:title\" content=\"Kabeltrommel Onboard - Bantam\" \/>\n<meta property=\"og:description\" content=\"Die CEE Kabeltrommel mit Lampe f\u00fcr Camping und Hobby ist die perfekte L\u00f6sung f\u00fcr Ihre Outdoor-Aktivit\u00e4ten. Mit einer Kabell\u00e4nge von 15 m bietet sie ausreichend Spielraum f\u00fcr den Anschluss elektrischer Ger\u00e4te. Dank des integrierten \u00dcberlastschutzschalters k\u00f6nnen Sie Ihre Ger\u00e4te sicher betreiben. Die Kabeltrommel verf\u00fcgt \u00fcber 3 Schutzkontaktsteckpl\u00e4tze, die Platz f\u00fcr bis zu 3 Schuko-Stecker bieten. [&hellip;]\" \/>\n<meta property=\"og:url\" content=\"https:\/\/shop.bantam.ch\/de\/produkt\/kabeltrommel-onboard\/\" \/>\n<meta property=\"og:site_name\" content=\"Bantam\" \/>\n<meta property=\"article:modified_time\" content=\"2026-05-02T22:00:35+00:00\" \/>\n<meta property=\"og:image\" content=\"https:\/\/shop.bantam.ch\/wp-content\/uploads\/2026\/05\/Movera-L-9947769100.jpg\" \/>\n\t<meta property=\"og:image:width\" content=\"640\" \/>\n\t<meta property=\"og:image:height\" content=\"624\" \/>\n\t<meta property=\"og:image:type\" content=\"image\/jpeg\" \/>\n<meta name=\"twitter:card\" content=\"summary_large_image\" \/>\n<meta name=\"twitter:label1\" content=\"Gesch\u00e4tzte Lesezeit\" \/>\n\t<meta name=\"twitter:data1\" content=\"1\u00a0Minute\" \/>\n<script type=\"application\/ld+json\" class=\"yoast-schema-graph\">{\"@context\":\"https:\\\/\\\/schema.org\",\"@graph\":[{\"@type\":\"WebPage\",\"@id\":\"https:\\\/\\\/shop.bantam.ch\\\/de\\\/produkt\\\/kabeltrommel-onboard\\\/\",\"url\":\"https:\\\/\\\/shop.bantam.ch\\\/de\\\/produkt\\\/kabeltrommel-onboard\\\/\",\"name\":\"Kabeltrommel Onboard - Bantam\",\"isPartOf\":{\"@id\":\"https:\\\/\\\/shop.bantam.ch\\\/de\\\/#website\"},\"primaryImageOfPage\":{\"@id\":\"https:\\\/\\\/shop.bantam.ch\\\/de\\\/produkt\\\/kabeltrommel-onboard\\\/#primaryimage\"},\"image\":{\"@id\":\"https:\\\/\\\/shop.bantam.ch\\\/de\\\/produkt\\\/kabeltrommel-onboard\\\/#primaryimage\"},\"thumbnailUrl\":\"https:\\\/\\\/shop.bantam.ch\\\/wp-content\\\/uploads\\\/2026\\\/05\\\/Movera-L-9947769100.jpg\",\"datePublished\":\"2026-05-01T08:55:39+00:00\",\"dateModified\":\"2026-05-02T22:00:35+00:00\",\"breadcrumb\":{\"@id\":\"https:\\\/\\\/shop.bantam.ch\\\/de\\\/produkt\\\/kabeltrommel-onboard\\\/#breadcrumb\"},\"inLanguage\":\"de\",\"potentialAction\":[{\"@type\":\"ReadAction\",\"target\":[\"https:\\\/\\\/shop.bantam.ch\\\/de\\\/produkt\\\/kabeltrommel-onboard\\\/\"]}]},{\"@type\":\"ImageObject\",\"inLanguage\":\"de\",\"@id\":\"https:\\\/\\\/shop.bantam.ch\\\/de\\\/produkt\\\/kabeltrommel-onboard\\\/#primaryimage\",\"url\":\"https:\\\/\\\/shop.bantam.ch\\\/wp-content\\\/uploads\\\/2026\\\/05\\\/Movera-L-9947769100.jpg\",\"contentUrl\":\"https:\\\/\\\/shop.bantam.ch\\\/wp-content\\\/uploads\\\/2026\\\/05\\\/Movera-L-9947769100.jpg\",\"width\":640,\"height\":624},{\"@type\":\"BreadcrumbList\",\"@id\":\"https:\\\/\\\/shop.bantam.ch\\\/de\\\/produkt\\\/kabeltrommel-onboard\\\/#breadcrumb\",\"itemListElement\":[{\"@type\":\"ListItem\",\"position\":1,\"name\":\"Accueil\",\"item\":\"https:\\\/\\\/shop.bantam.ch\\\/de\\\/\"},{\"@type\":\"ListItem\",\"position\":2,\"name\":\"Shop\",\"item\":\"https:\\\/\\\/shop.bantam.ch\\\/de\\\/shop\\\/\"},{\"@type\":\"ListItem\",\"position\":3,\"name\":\"Kabeltrommel Onboard\"}]},{\"@type\":\"WebSite\",\"@id\":\"https:\\\/\\\/shop.bantam.ch\\\/de\\\/#website\",\"url\":\"https:\\\/\\\/shop.bantam.ch\\\/de\\\/\",\"name\":\"Bantam\",\"description\":\"\",\"publisher\":{\"@id\":\"https:\\\/\\\/shop.bantam.ch\\\/de\\\/#organization\"},\"inLanguage\":\"de\"},{\"@type\":\"Organization\",\"@id\":\"https:\\\/\\\/shop.bantam.ch\\\/de\\\/#organization\",\"name\":\"Bantam\",\"url\":\"https:\\\/\\\/shop.bantam.ch\\\/de\\\/\",\"logo\":{\"@type\":\"ImageObject\",\"inLanguage\":\"de\",\"@id\":\"https:\\\/\\\/shop.bantam.ch\\\/de\\\/#\\\/schema\\\/logo\\\/image\\\/\",\"url\":\"https:\\\/\\\/shop.bantam.ch\\\/wp-content\\\/uploads\\\/2022\\\/12\\\/bantam-logo.png\",\"contentUrl\":\"https:\\\/\\\/shop.bantam.ch\\\/wp-content\\\/uploads\\\/2022\\\/12\\\/bantam-logo.png\",\"width\":320,\"height\":71,\"caption\":\"Bantam\"},\"image\":{\"@id\":\"https:\\\/\\\/shop.bantam.ch\\\/de\\\/#\\\/schema\\\/logo\\\/image\\\/\"}}]}<\/script>\n<!-- \/ Yoast SEO plugin. -->","yoast_head_json":{"title":"Kabeltrommel Onboard - Bantam","robots":{"index":"index","follow":"follow","max-snippet":"max-snippet:-1","max-image-preview":"max-image-preview:large","max-video-preview":"max-video-preview:-1"},"canonical":"https:\/\/shop.bantam.ch\/de\/produkt\/kabeltrommel-onboard\/","og_locale":"de_DE","og_type":"article","og_title":"Kabeltrommel Onboard - Bantam","og_description":"Die CEE Kabeltrommel mit Lampe f\u00fcr Camping und Hobby ist die perfekte L\u00f6sung f\u00fcr Ihre Outdoor-Aktivit\u00e4ten. Mit einer Kabell\u00e4nge von 15 m bietet sie ausreichend Spielraum f\u00fcr den Anschluss elektrischer Ger\u00e4te. Dank des integrierten \u00dcberlastschutzschalters k\u00f6nnen Sie Ihre Ger\u00e4te sicher betreiben. Die Kabeltrommel verf\u00fcgt \u00fcber 3 Schutzkontaktsteckpl\u00e4tze, die Platz f\u00fcr bis zu 3 Schuko-Stecker bieten. [&hellip;]","og_url":"https:\/\/shop.bantam.ch\/de\/produkt\/kabeltrommel-onboard\/","og_site_name":"Bantam","article_modified_time":"2026-05-02T22:00:35+00:00","og_image":[{"width":640,"height":624,"url":"https:\/\/shop.bantam.ch\/wp-content\/uploads\/2026\/05\/Movera-L-9947769100.jpg","type":"image\/jpeg"}],"twitter_card":"summary_large_image","twitter_misc":{"Gesch\u00e4tzte Lesezeit":"1\u00a0Minute"},"schema":{"@context":"https:\/\/schema.org","@graph":[{"@type":"WebPage","@id":"https:\/\/shop.bantam.ch\/de\/produkt\/kabeltrommel-onboard\/","url":"https:\/\/shop.bantam.ch\/de\/produkt\/kabeltrommel-onboard\/","name":"Kabeltrommel Onboard - Bantam","isPartOf":{"@id":"https:\/\/shop.bantam.ch\/de\/#website"},"primaryImageOfPage":{"@id":"https:\/\/shop.bantam.ch\/de\/produkt\/kabeltrommel-onboard\/#primaryimage"},"image":{"@id":"https:\/\/shop.bantam.ch\/de\/produkt\/kabeltrommel-onboard\/#primaryimage"},"thumbnailUrl":"https:\/\/shop.bantam.ch\/wp-content\/uploads\/2026\/05\/Movera-L-9947769100.jpg","datePublished":"2026-05-01T08:55:39+00:00","dateModified":"2026-05-02T22:00:35+00:00","breadcrumb":{"@id":"https:\/\/shop.bantam.ch\/de\/produkt\/kabeltrommel-onboard\/#breadcrumb"},"inLanguage":"de","potentialAction":[{"@type":"ReadAction","target":["https:\/\/shop.bantam.ch\/de\/produkt\/kabeltrommel-onboard\/"]}]},{"@type":"ImageObject","inLanguage":"de","@id":"https:\/\/shop.bantam.ch\/de\/produkt\/kabeltrommel-onboard\/#primaryimage","url":"https:\/\/shop.bantam.ch\/wp-content\/uploads\/2026\/05\/Movera-L-9947769100.jpg","contentUrl":"https:\/\/shop.bantam.ch\/wp-content\/uploads\/2026\/05\/Movera-L-9947769100.jpg","width":640,"height":624},{"@type":"BreadcrumbList","@id":"https:\/\/shop.bantam.ch\/de\/produkt\/kabeltrommel-onboard\/#breadcrumb","itemListElement":[{"@type":"ListItem","position":1,"name":"Accueil","item":"https:\/\/shop.bantam.ch\/de\/"},{"@type":"ListItem","position":2,"name":"Shop","item":"https:\/\/shop.bantam.ch\/de\/shop\/"},{"@type":"ListItem","position":3,"name":"Kabeltrommel Onboard"}]},{"@type":"WebSite","@id":"https:\/\/shop.bantam.ch\/de\/#website","url":"https:\/\/shop.bantam.ch\/de\/","name":"Bantam","description":"","publisher":{"@id":"https:\/\/shop.bantam.ch\/de\/#organization"},"inLanguage":"de"},{"@type":"Organization","@id":"https:\/\/shop.bantam.ch\/de\/#organization","name":"Bantam","url":"https:\/\/shop.bantam.ch\/de\/","logo":{"@type":"ImageObject","inLanguage":"de","@id":"https:\/\/shop.bantam.ch\/de\/#\/schema\/logo\/image\/","url":"https:\/\/shop.bantam.ch\/wp-content\/uploads\/2022\/12\/bantam-logo.png","contentUrl":"https:\/\/shop.bantam.ch\/wp-content\/uploads\/2022\/12\/bantam-logo.png","width":320,"height":71,"caption":"Bantam"},"image":{"@id":"https:\/\/shop.bantam.ch\/de\/#\/schema\/logo\/image\/"}}]}},"_links":{"self":[{"href":"https:\/\/shop.bantam.ch\/de\/wp-json\/wp\/v2\/product\/237144","targetHints":{"allow":["GET"]}}],"collection":[{"href":"https:\/\/shop.bantam.ch\/de\/wp-json\/wp\/v2\/product"}],"about":[{"href":"https:\/\/shop.bantam.ch\/de\/wp-json\/wp\/v2\/types\/product"}],"wp:featuredmedia":[{"embeddable":true,"href":"https:\/\/shop.bantam.ch\/de\/wp-json\/wp\/v2\/media\/237134"}],"wp:attachment":[{"href":"https:\/\/shop.bantam.ch\/de\/wp-json\/wp\/v2\/media?parent=237144"}],"wp:term":[{"taxonomy":"product_featured_cat","embeddable":true,"href":"https:\/\/shop.bantam.ch\/de\/wp-json\/wp\/v2\/product_featured_cat?post=237144"},{"taxonomy":"product_brand","embeddable":true,"href":"https:\/\/shop.bantam.ch\/de\/wp-json\/wp\/v2\/product_brand?post=237144"},{"taxonomy":"product_cat","embeddable":true,"href":"https:\/\/shop.bantam.ch\/de\/wp-json\/wp\/v2\/product_cat?post=237144"},{"taxonomy":"product_tag","embeddable":true,"href":"https:\/\/shop.bantam.ch\/de\/wp-json\/wp\/v2\/product_tag?post=237144"}],"curies":[{"name":"wp","href":"https:\/\/api.w.org\/{rel}","templated":true}]}}