{"id":237128,"date":"2026-05-01T10:51:33","date_gmt":"2026-05-01T08:51:33","guid":{"rendered":"https:\/\/shop.bantam.ch\/produit\/strandstuhl-siren-brunner\/"},"modified":"2026-05-04T00:02:33","modified_gmt":"2026-05-03T22:02:33","slug":"strandstuhl-siren-brunner","status":"publish","type":"product","link":"https:\/\/shop.bantam.ch\/de\/produkt\/strandstuhl-siren-brunner\/","title":{"rendered":"Strandstuhl Siren Brunner"},"content":{"rendered":"<p>Aluminium-Strandstuhl mit 4-fach verstellbarer R\u00fcckenlehne und Nackenkissen f\u00fcr zus\u00e4tzlichen Komfort. Leicht und einfach zu transportieren. Perfekt zum Entspannen und Genie\u00dfen der Sonne am Pool oder am Strand.<\/p>\n<ul>\n<li>Die R\u00fcckenlehne l\u00e4sst sich vollst\u00e4ndig horizontal ausrichten<\/li>\n<li>Mit klappbarem R\u00fcckenlehnenst\u00fctzbein<\/li>\n<li>Komfortable Armlehnen<\/li>\n<\/ul>\n","protected":false},"excerpt":{"rendered":"<p>Aluminium-Strandstuhl mit 4-fach verstellbarer R\u00fcckenlehne und Nackenkissen f\u00fcr zus\u00e4tzlichen Komfort. Leicht und einfach zu transportieren. Perfekt zum Entspannen und Genie\u00dfen der Sonne am Pool oder am Strand. Die R\u00fcckenlehne l\u00e4sst sich vollst\u00e4ndig horizontal ausrichten Mit klappbarem R\u00fcckenlehnenst\u00fctzbein Komfortable Armlehnen<\/p>\n","protected":false},"featured_media":237118,"template":"","meta":{"_acf_changed":false},"product_featured_cat":[],"product_brand":[3081],"product_cat":[4972],"product_tag":[],"class_list":{"0":"post-237128","1":"product","2":"type-product","3":"status-publish","4":"has-post-thumbnail","6":"product_brand-brunner-de","7":"product_cat-campingstuehle","9":"first","10":"instock","11":"taxable","12":"shipping-taxable","13":"purchasable","14":"product-type-simple"},"acf":[],"yoast_head":"<!-- This site is optimized with the Yoast SEO plugin v27.5 - https:\/\/yoast.com\/product\/yoast-seo-wordpress\/ -->\n<title>Strandstuhl Siren Brunner - Bantam<\/title>\n<meta name=\"robots\" content=\"index, follow, max-snippet:-1, max-image-preview:large, max-video-preview:-1\" \/>\n<link rel=\"canonical\" href=\"https:\/\/shop.bantam.ch\/de\/produkt\/strandstuhl-siren-brunner\/\" \/>\n<meta property=\"og:locale\" content=\"de_DE\" \/>\n<meta property=\"og:type\" content=\"article\" \/>\n<meta property=\"og:title\" content=\"Strandstuhl Siren Brunner - Bantam\" \/>\n<meta property=\"og:description\" content=\"Aluminium-Strandstuhl mit 4-fach verstellbarer R\u00fcckenlehne und Nackenkissen f\u00fcr zus\u00e4tzlichen Komfort. Leicht und einfach zu transportieren. Perfekt zum Entspannen und Genie\u00dfen der Sonne am Pool oder am Strand. Die R\u00fcckenlehne l\u00e4sst sich vollst\u00e4ndig horizontal ausrichten Mit klappbarem R\u00fcckenlehnenst\u00fctzbein Komfortable Armlehnen\" \/>\n<meta property=\"og:url\" content=\"https:\/\/shop.bantam.ch\/de\/produkt\/strandstuhl-siren-brunner\/\" \/>\n<meta property=\"og:site_name\" content=\"Bantam\" \/>\n<meta property=\"article:modified_time\" content=\"2026-05-03T22:02:33+00:00\" \/>\n<meta property=\"og:image\" content=\"https:\/\/shop.bantam.ch\/wp-content\/uploads\/2026\/05\/Movera-L-9947749100.jpg\" \/>\n\t<meta property=\"og:image:width\" content=\"640\" \/>\n\t<meta property=\"og:image:height\" content=\"791\" \/>\n\t<meta property=\"og:image:type\" content=\"image\/jpeg\" \/>\n<meta name=\"twitter:card\" content=\"summary_large_image\" \/>\n<script type=\"application\/ld+json\" class=\"yoast-schema-graph\">{\"@context\":\"https:\\\/\\\/schema.org\",\"@graph\":[{\"@type\":\"WebPage\",\"@id\":\"https:\\\/\\\/shop.bantam.ch\\\/de\\\/produkt\\\/strandstuhl-siren-brunner\\\/\",\"url\":\"https:\\\/\\\/shop.bantam.ch\\\/de\\\/produkt\\\/strandstuhl-siren-brunner\\\/\",\"name\":\"Strandstuhl Siren Brunner - Bantam\",\"isPartOf\":{\"@id\":\"https:\\\/\\\/shop.bantam.ch\\\/de\\\/#website\"},\"primaryImageOfPage\":{\"@id\":\"https:\\\/\\\/shop.bantam.ch\\\/de\\\/produkt\\\/strandstuhl-siren-brunner\\\/#primaryimage\"},\"image\":{\"@id\":\"https:\\\/\\\/shop.bantam.ch\\\/de\\\/produkt\\\/strandstuhl-siren-brunner\\\/#primaryimage\"},\"thumbnailUrl\":\"https:\\\/\\\/shop.bantam.ch\\\/wp-content\\\/uploads\\\/2026\\\/05\\\/Movera-L-9947749100.jpg\",\"datePublished\":\"2026-05-01T08:51:33+00:00\",\"dateModified\":\"2026-05-03T22:02:33+00:00\",\"breadcrumb\":{\"@id\":\"https:\\\/\\\/shop.bantam.ch\\\/de\\\/produkt\\\/strandstuhl-siren-brunner\\\/#breadcrumb\"},\"inLanguage\":\"de\",\"potentialAction\":[{\"@type\":\"ReadAction\",\"target\":[\"https:\\\/\\\/shop.bantam.ch\\\/de\\\/produkt\\\/strandstuhl-siren-brunner\\\/\"]}]},{\"@type\":\"ImageObject\",\"inLanguage\":\"de\",\"@id\":\"https:\\\/\\\/shop.bantam.ch\\\/de\\\/produkt\\\/strandstuhl-siren-brunner\\\/#primaryimage\",\"url\":\"https:\\\/\\\/shop.bantam.ch\\\/wp-content\\\/uploads\\\/2026\\\/05\\\/Movera-L-9947749100.jpg\",\"contentUrl\":\"https:\\\/\\\/shop.bantam.ch\\\/wp-content\\\/uploads\\\/2026\\\/05\\\/Movera-L-9947749100.jpg\",\"width\":640,\"height\":791},{\"@type\":\"BreadcrumbList\",\"@id\":\"https:\\\/\\\/shop.bantam.ch\\\/de\\\/produkt\\\/strandstuhl-siren-brunner\\\/#breadcrumb\",\"itemListElement\":[{\"@type\":\"ListItem\",\"position\":1,\"name\":\"Accueil\",\"item\":\"https:\\\/\\\/shop.bantam.ch\\\/de\\\/\"},{\"@type\":\"ListItem\",\"position\":2,\"name\":\"Shop\",\"item\":\"https:\\\/\\\/shop.bantam.ch\\\/de\\\/shop\\\/\"},{\"@type\":\"ListItem\",\"position\":3,\"name\":\"Strandstuhl Siren Brunner\"}]},{\"@type\":\"WebSite\",\"@id\":\"https:\\\/\\\/shop.bantam.ch\\\/de\\\/#website\",\"url\":\"https:\\\/\\\/shop.bantam.ch\\\/de\\\/\",\"name\":\"Bantam\",\"description\":\"\",\"publisher\":{\"@id\":\"https:\\\/\\\/shop.bantam.ch\\\/de\\\/#organization\"},\"inLanguage\":\"de\"},{\"@type\":\"Organization\",\"@id\":\"https:\\\/\\\/shop.bantam.ch\\\/de\\\/#organization\",\"name\":\"Bantam\",\"url\":\"https:\\\/\\\/shop.bantam.ch\\\/de\\\/\",\"logo\":{\"@type\":\"ImageObject\",\"inLanguage\":\"de\",\"@id\":\"https:\\\/\\\/shop.bantam.ch\\\/de\\\/#\\\/schema\\\/logo\\\/image\\\/\",\"url\":\"https:\\\/\\\/shop.bantam.ch\\\/wp-content\\\/uploads\\\/2022\\\/12\\\/bantam-logo.png\",\"contentUrl\":\"https:\\\/\\\/shop.bantam.ch\\\/wp-content\\\/uploads\\\/2022\\\/12\\\/bantam-logo.png\",\"width\":320,\"height\":71,\"caption\":\"Bantam\"},\"image\":{\"@id\":\"https:\\\/\\\/shop.bantam.ch\\\/de\\\/#\\\/schema\\\/logo\\\/image\\\/\"}}]}<\/script>\n<!-- \/ Yoast SEO plugin. -->","yoast_head_json":{"title":"Strandstuhl Siren Brunner - Bantam","robots":{"index":"index","follow":"follow","max-snippet":"max-snippet:-1","max-image-preview":"max-image-preview:large","max-video-preview":"max-video-preview:-1"},"canonical":"https:\/\/shop.bantam.ch\/de\/produkt\/strandstuhl-siren-brunner\/","og_locale":"de_DE","og_type":"article","og_title":"Strandstuhl Siren Brunner - Bantam","og_description":"Aluminium-Strandstuhl mit 4-fach verstellbarer R\u00fcckenlehne und Nackenkissen f\u00fcr zus\u00e4tzlichen Komfort. Leicht und einfach zu transportieren. Perfekt zum Entspannen und Genie\u00dfen der Sonne am Pool oder am Strand. Die R\u00fcckenlehne l\u00e4sst sich vollst\u00e4ndig horizontal ausrichten Mit klappbarem R\u00fcckenlehnenst\u00fctzbein Komfortable Armlehnen","og_url":"https:\/\/shop.bantam.ch\/de\/produkt\/strandstuhl-siren-brunner\/","og_site_name":"Bantam","article_modified_time":"2026-05-03T22:02:33+00:00","og_image":[{"width":640,"height":791,"url":"https:\/\/shop.bantam.ch\/wp-content\/uploads\/2026\/05\/Movera-L-9947749100.jpg","type":"image\/jpeg"}],"twitter_card":"summary_large_image","schema":{"@context":"https:\/\/schema.org","@graph":[{"@type":"WebPage","@id":"https:\/\/shop.bantam.ch\/de\/produkt\/strandstuhl-siren-brunner\/","url":"https:\/\/shop.bantam.ch\/de\/produkt\/strandstuhl-siren-brunner\/","name":"Strandstuhl Siren Brunner - Bantam","isPartOf":{"@id":"https:\/\/shop.bantam.ch\/de\/#website"},"primaryImageOfPage":{"@id":"https:\/\/shop.bantam.ch\/de\/produkt\/strandstuhl-siren-brunner\/#primaryimage"},"image":{"@id":"https:\/\/shop.bantam.ch\/de\/produkt\/strandstuhl-siren-brunner\/#primaryimage"},"thumbnailUrl":"https:\/\/shop.bantam.ch\/wp-content\/uploads\/2026\/05\/Movera-L-9947749100.jpg","datePublished":"2026-05-01T08:51:33+00:00","dateModified":"2026-05-03T22:02:33+00:00","breadcrumb":{"@id":"https:\/\/shop.bantam.ch\/de\/produkt\/strandstuhl-siren-brunner\/#breadcrumb"},"inLanguage":"de","potentialAction":[{"@type":"ReadAction","target":["https:\/\/shop.bantam.ch\/de\/produkt\/strandstuhl-siren-brunner\/"]}]},{"@type":"ImageObject","inLanguage":"de","@id":"https:\/\/shop.bantam.ch\/de\/produkt\/strandstuhl-siren-brunner\/#primaryimage","url":"https:\/\/shop.bantam.ch\/wp-content\/uploads\/2026\/05\/Movera-L-9947749100.jpg","contentUrl":"https:\/\/shop.bantam.ch\/wp-content\/uploads\/2026\/05\/Movera-L-9947749100.jpg","width":640,"height":791},{"@type":"BreadcrumbList","@id":"https:\/\/shop.bantam.ch\/de\/produkt\/strandstuhl-siren-brunner\/#breadcrumb","itemListElement":[{"@type":"ListItem","position":1,"name":"Accueil","item":"https:\/\/shop.bantam.ch\/de\/"},{"@type":"ListItem","position":2,"name":"Shop","item":"https:\/\/shop.bantam.ch\/de\/shop\/"},{"@type":"ListItem","position":3,"name":"Strandstuhl Siren Brunner"}]},{"@type":"WebSite","@id":"https:\/\/shop.bantam.ch\/de\/#website","url":"https:\/\/shop.bantam.ch\/de\/","name":"Bantam","description":"","publisher":{"@id":"https:\/\/shop.bantam.ch\/de\/#organization"},"inLanguage":"de"},{"@type":"Organization","@id":"https:\/\/shop.bantam.ch\/de\/#organization","name":"Bantam","url":"https:\/\/shop.bantam.ch\/de\/","logo":{"@type":"ImageObject","inLanguage":"de","@id":"https:\/\/shop.bantam.ch\/de\/#\/schema\/logo\/image\/","url":"https:\/\/shop.bantam.ch\/wp-content\/uploads\/2022\/12\/bantam-logo.png","contentUrl":"https:\/\/shop.bantam.ch\/wp-content\/uploads\/2022\/12\/bantam-logo.png","width":320,"height":71,"caption":"Bantam"},"image":{"@id":"https:\/\/shop.bantam.ch\/de\/#\/schema\/logo\/image\/"}}]}},"_links":{"self":[{"href":"https:\/\/shop.bantam.ch\/de\/wp-json\/wp\/v2\/product\/237128","targetHints":{"allow":["GET"]}}],"collection":[{"href":"https:\/\/shop.bantam.ch\/de\/wp-json\/wp\/v2\/product"}],"about":[{"href":"https:\/\/shop.bantam.ch\/de\/wp-json\/wp\/v2\/types\/product"}],"wp:featuredmedia":[{"embeddable":true,"href":"https:\/\/shop.bantam.ch\/de\/wp-json\/wp\/v2\/media\/237118"}],"wp:attachment":[{"href":"https:\/\/shop.bantam.ch\/de\/wp-json\/wp\/v2\/media?parent=237128"}],"wp:term":[{"taxonomy":"product_featured_cat","embeddable":true,"href":"https:\/\/shop.bantam.ch\/de\/wp-json\/wp\/v2\/product_featured_cat?post=237128"},{"taxonomy":"product_brand","embeddable":true,"href":"https:\/\/shop.bantam.ch\/de\/wp-json\/wp\/v2\/product_brand?post=237128"},{"taxonomy":"product_cat","embeddable":true,"href":"https:\/\/shop.bantam.ch\/de\/wp-json\/wp\/v2\/product_cat?post=237128"},{"taxonomy":"product_tag","embeddable":true,"href":"https:\/\/shop.bantam.ch\/de\/wp-json\/wp\/v2\/product_tag?post=237128"}],"curies":[{"name":"wp","href":"https:\/\/api.w.org\/{rel}","templated":true}]}}