{"id":236992,"date":"2026-04-30T16:52:10","date_gmt":"2026-04-30T14:52:10","guid":{"rendered":"https:\/\/shop.bantam.ch\/produit\/magnet-bowl-set-silwy-2er-set-farbe-green\/"},"modified":"2026-05-02T23:59:55","modified_gmt":"2026-05-02T21:59:55","slug":"magnet-bowl-set-silwy-2er-set-farbe-green","status":"publish","type":"product","link":"https:\/\/shop.bantam.ch\/de\/produkt\/magnet-bowl-set-silwy-2er-set-farbe-green\/","title":{"rendered":"Magnet-Bowl-Set silwy 2er Set Farbe GREEN"},"content":{"rendered":"<p>Im Boden der Kunststoff-Bowls ist ein Magnet integriert. Damit die Bowls w\u00e4hrend der Fahrt an Ort und Stelle bleiben, muss sie mit einem metallischen Gegenpol kombiniert werden. Hierf\u00fcr empfehlen wir unsere Metall-Nano-Gel-Matte oder das -Platzset. Im Set ist dieser Gegenpol nicht inklusive. Das Kraftverh\u00e4ltnis zwischen den Magnet-Bowls und dem Metall-Nano-Gel-Zubeh\u00f6r ist perfekt ausbalanciert, sodass die Bowls einerseits durch den metallischen Gegenpol fixiert, andererseits aber auch leicht von ihm abgenommen werden k\u00f6nnen. Die Matte wie auch das Platzset k\u00f6nnen dank smarter Nano-Gel-Technologie jederzeit r\u00fcckstandslos entfernt, mit klarem Wasser gereinigt und beliebig oft wiederverwendet werden. So bist du maximal flexibel und kannst deine Magnet-Bowls immer dort nutzen, wo du sie gerade brauchst &#8211; auch w\u00e4hrend der Fahrt. Durch die magnetische Anziehungskraft fixieren sich die Bowls gegenseitig und k\u00f6nnen so standsicher und klapperfrei im Schrank gestapelt \/ verstaut werden.<\/p>\n","protected":false},"excerpt":{"rendered":"<p>Im Boden der Kunststoff-Bowls ist ein Magnet integriert. Damit die Bowls w\u00e4hrend der Fahrt an Ort und Stelle bleiben, muss sie mit einem metallischen Gegenpol kombiniert werden. Hierf\u00fcr empfehlen wir unsere Metall-Nano-Gel-Matte oder das -Platzset. Im Set ist dieser Gegenpol nicht inklusive. Das Kraftverh\u00e4ltnis zwischen den Magnet-Bowls und dem Metall-Nano-Gel-Zubeh\u00f6r ist perfekt ausbalanciert, sodass die [&hellip;]<\/p>\n","protected":false},"featured_media":236988,"template":"","meta":{"_acf_changed":false},"product_featured_cat":[],"product_brand":[3073],"product_cat":[3994],"product_tag":[],"class_list":{"0":"post-236992","1":"product","2":"type-product","3":"status-publish","4":"has-post-thumbnail","6":"product_brand-silwy-de","7":"product_cat-campinggeschirr","9":"first","10":"instock","11":"taxable","12":"shipping-taxable","13":"purchasable","14":"product-type-simple"},"acf":[],"yoast_head":"<!-- This site is optimized with the Yoast SEO plugin v27.5 - https:\/\/yoast.com\/product\/yoast-seo-wordpress\/ -->\n<title>Magnet-Bowl-Set silwy 2er Set Farbe GREEN - Bantam<\/title>\n<meta name=\"robots\" content=\"index, follow, max-snippet:-1, max-image-preview:large, max-video-preview:-1\" \/>\n<link rel=\"canonical\" href=\"https:\/\/shop.bantam.ch\/de\/produkt\/magnet-bowl-set-silwy-2er-set-farbe-green\/\" \/>\n<meta property=\"og:locale\" content=\"de_DE\" \/>\n<meta property=\"og:type\" content=\"article\" \/>\n<meta property=\"og:title\" content=\"Magnet-Bowl-Set silwy 2er Set Farbe GREEN - Bantam\" \/>\n<meta property=\"og:description\" content=\"Im Boden der Kunststoff-Bowls ist ein Magnet integriert. Damit die Bowls w\u00e4hrend der Fahrt an Ort und Stelle bleiben, muss sie mit einem metallischen Gegenpol kombiniert werden. Hierf\u00fcr empfehlen wir unsere Metall-Nano-Gel-Matte oder das -Platzset. Im Set ist dieser Gegenpol nicht inklusive. Das Kraftverh\u00e4ltnis zwischen den Magnet-Bowls und dem Metall-Nano-Gel-Zubeh\u00f6r ist perfekt ausbalanciert, sodass die [&hellip;]\" \/>\n<meta property=\"og:url\" content=\"https:\/\/shop.bantam.ch\/de\/produkt\/magnet-bowl-set-silwy-2er-set-farbe-green\/\" \/>\n<meta property=\"og:site_name\" content=\"Bantam\" \/>\n<meta property=\"article:modified_time\" content=\"2026-05-02T21:59:55+00:00\" \/>\n<meta property=\"og:image\" content=\"https:\/\/shop.bantam.ch\/wp-content\/uploads\/2026\/04\/Movera-L-9947575100.jpg\" \/>\n\t<meta property=\"og:image:width\" content=\"640\" \/>\n\t<meta property=\"og:image:height\" content=\"640\" \/>\n\t<meta property=\"og:image:type\" content=\"image\/jpeg\" \/>\n<meta name=\"twitter:card\" content=\"summary_large_image\" \/>\n<meta name=\"twitter:label1\" content=\"Gesch\u00e4tzte Lesezeit\" \/>\n\t<meta name=\"twitter:data1\" content=\"1\u00a0Minute\" \/>\n<script type=\"application\/ld+json\" class=\"yoast-schema-graph\">{\"@context\":\"https:\\\/\\\/schema.org\",\"@graph\":[{\"@type\":\"WebPage\",\"@id\":\"https:\\\/\\\/shop.bantam.ch\\\/de\\\/produkt\\\/magnet-bowl-set-silwy-2er-set-farbe-green\\\/\",\"url\":\"https:\\\/\\\/shop.bantam.ch\\\/de\\\/produkt\\\/magnet-bowl-set-silwy-2er-set-farbe-green\\\/\",\"name\":\"Magnet-Bowl-Set silwy 2er Set Farbe GREEN - Bantam\",\"isPartOf\":{\"@id\":\"https:\\\/\\\/shop.bantam.ch\\\/de\\\/#website\"},\"primaryImageOfPage\":{\"@id\":\"https:\\\/\\\/shop.bantam.ch\\\/de\\\/produkt\\\/magnet-bowl-set-silwy-2er-set-farbe-green\\\/#primaryimage\"},\"image\":{\"@id\":\"https:\\\/\\\/shop.bantam.ch\\\/de\\\/produkt\\\/magnet-bowl-set-silwy-2er-set-farbe-green\\\/#primaryimage\"},\"thumbnailUrl\":\"https:\\\/\\\/shop.bantam.ch\\\/wp-content\\\/uploads\\\/2026\\\/04\\\/Movera-L-9947575100.jpg\",\"datePublished\":\"2026-04-30T14:52:10+00:00\",\"dateModified\":\"2026-05-02T21:59:55+00:00\",\"breadcrumb\":{\"@id\":\"https:\\\/\\\/shop.bantam.ch\\\/de\\\/produkt\\\/magnet-bowl-set-silwy-2er-set-farbe-green\\\/#breadcrumb\"},\"inLanguage\":\"de\",\"potentialAction\":[{\"@type\":\"ReadAction\",\"target\":[\"https:\\\/\\\/shop.bantam.ch\\\/de\\\/produkt\\\/magnet-bowl-set-silwy-2er-set-farbe-green\\\/\"]}]},{\"@type\":\"ImageObject\",\"inLanguage\":\"de\",\"@id\":\"https:\\\/\\\/shop.bantam.ch\\\/de\\\/produkt\\\/magnet-bowl-set-silwy-2er-set-farbe-green\\\/#primaryimage\",\"url\":\"https:\\\/\\\/shop.bantam.ch\\\/wp-content\\\/uploads\\\/2026\\\/04\\\/Movera-L-9947575100.jpg\",\"contentUrl\":\"https:\\\/\\\/shop.bantam.ch\\\/wp-content\\\/uploads\\\/2026\\\/04\\\/Movera-L-9947575100.jpg\",\"width\":640,\"height\":640},{\"@type\":\"BreadcrumbList\",\"@id\":\"https:\\\/\\\/shop.bantam.ch\\\/de\\\/produkt\\\/magnet-bowl-set-silwy-2er-set-farbe-green\\\/#breadcrumb\",\"itemListElement\":[{\"@type\":\"ListItem\",\"position\":1,\"name\":\"Accueil\",\"item\":\"https:\\\/\\\/shop.bantam.ch\\\/de\\\/\"},{\"@type\":\"ListItem\",\"position\":2,\"name\":\"Shop\",\"item\":\"https:\\\/\\\/shop.bantam.ch\\\/de\\\/shop\\\/\"},{\"@type\":\"ListItem\",\"position\":3,\"name\":\"Magnet-Bowl-Set silwy 2er Set Farbe GREEN\"}]},{\"@type\":\"WebSite\",\"@id\":\"https:\\\/\\\/shop.bantam.ch\\\/de\\\/#website\",\"url\":\"https:\\\/\\\/shop.bantam.ch\\\/de\\\/\",\"name\":\"Bantam\",\"description\":\"\",\"publisher\":{\"@id\":\"https:\\\/\\\/shop.bantam.ch\\\/de\\\/#organization\"},\"inLanguage\":\"de\"},{\"@type\":\"Organization\",\"@id\":\"https:\\\/\\\/shop.bantam.ch\\\/de\\\/#organization\",\"name\":\"Bantam\",\"url\":\"https:\\\/\\\/shop.bantam.ch\\\/de\\\/\",\"logo\":{\"@type\":\"ImageObject\",\"inLanguage\":\"de\",\"@id\":\"https:\\\/\\\/shop.bantam.ch\\\/de\\\/#\\\/schema\\\/logo\\\/image\\\/\",\"url\":\"https:\\\/\\\/shop.bantam.ch\\\/wp-content\\\/uploads\\\/2022\\\/12\\\/bantam-logo.png\",\"contentUrl\":\"https:\\\/\\\/shop.bantam.ch\\\/wp-content\\\/uploads\\\/2022\\\/12\\\/bantam-logo.png\",\"width\":320,\"height\":71,\"caption\":\"Bantam\"},\"image\":{\"@id\":\"https:\\\/\\\/shop.bantam.ch\\\/de\\\/#\\\/schema\\\/logo\\\/image\\\/\"}}]}<\/script>\n<!-- \/ Yoast SEO plugin. -->","yoast_head_json":{"title":"Magnet-Bowl-Set silwy 2er Set Farbe GREEN - Bantam","robots":{"index":"index","follow":"follow","max-snippet":"max-snippet:-1","max-image-preview":"max-image-preview:large","max-video-preview":"max-video-preview:-1"},"canonical":"https:\/\/shop.bantam.ch\/de\/produkt\/magnet-bowl-set-silwy-2er-set-farbe-green\/","og_locale":"de_DE","og_type":"article","og_title":"Magnet-Bowl-Set silwy 2er Set Farbe GREEN - Bantam","og_description":"Im Boden der Kunststoff-Bowls ist ein Magnet integriert. Damit die Bowls w\u00e4hrend der Fahrt an Ort und Stelle bleiben, muss sie mit einem metallischen Gegenpol kombiniert werden. Hierf\u00fcr empfehlen wir unsere Metall-Nano-Gel-Matte oder das -Platzset. Im Set ist dieser Gegenpol nicht inklusive. Das Kraftverh\u00e4ltnis zwischen den Magnet-Bowls und dem Metall-Nano-Gel-Zubeh\u00f6r ist perfekt ausbalanciert, sodass die [&hellip;]","og_url":"https:\/\/shop.bantam.ch\/de\/produkt\/magnet-bowl-set-silwy-2er-set-farbe-green\/","og_site_name":"Bantam","article_modified_time":"2026-05-02T21:59:55+00:00","og_image":[{"width":640,"height":640,"url":"https:\/\/shop.bantam.ch\/wp-content\/uploads\/2026\/04\/Movera-L-9947575100.jpg","type":"image\/jpeg"}],"twitter_card":"summary_large_image","twitter_misc":{"Gesch\u00e4tzte Lesezeit":"1\u00a0Minute"},"schema":{"@context":"https:\/\/schema.org","@graph":[{"@type":"WebPage","@id":"https:\/\/shop.bantam.ch\/de\/produkt\/magnet-bowl-set-silwy-2er-set-farbe-green\/","url":"https:\/\/shop.bantam.ch\/de\/produkt\/magnet-bowl-set-silwy-2er-set-farbe-green\/","name":"Magnet-Bowl-Set silwy 2er Set Farbe GREEN - Bantam","isPartOf":{"@id":"https:\/\/shop.bantam.ch\/de\/#website"},"primaryImageOfPage":{"@id":"https:\/\/shop.bantam.ch\/de\/produkt\/magnet-bowl-set-silwy-2er-set-farbe-green\/#primaryimage"},"image":{"@id":"https:\/\/shop.bantam.ch\/de\/produkt\/magnet-bowl-set-silwy-2er-set-farbe-green\/#primaryimage"},"thumbnailUrl":"https:\/\/shop.bantam.ch\/wp-content\/uploads\/2026\/04\/Movera-L-9947575100.jpg","datePublished":"2026-04-30T14:52:10+00:00","dateModified":"2026-05-02T21:59:55+00:00","breadcrumb":{"@id":"https:\/\/shop.bantam.ch\/de\/produkt\/magnet-bowl-set-silwy-2er-set-farbe-green\/#breadcrumb"},"inLanguage":"de","potentialAction":[{"@type":"ReadAction","target":["https:\/\/shop.bantam.ch\/de\/produkt\/magnet-bowl-set-silwy-2er-set-farbe-green\/"]}]},{"@type":"ImageObject","inLanguage":"de","@id":"https:\/\/shop.bantam.ch\/de\/produkt\/magnet-bowl-set-silwy-2er-set-farbe-green\/#primaryimage","url":"https:\/\/shop.bantam.ch\/wp-content\/uploads\/2026\/04\/Movera-L-9947575100.jpg","contentUrl":"https:\/\/shop.bantam.ch\/wp-content\/uploads\/2026\/04\/Movera-L-9947575100.jpg","width":640,"height":640},{"@type":"BreadcrumbList","@id":"https:\/\/shop.bantam.ch\/de\/produkt\/magnet-bowl-set-silwy-2er-set-farbe-green\/#breadcrumb","itemListElement":[{"@type":"ListItem","position":1,"name":"Accueil","item":"https:\/\/shop.bantam.ch\/de\/"},{"@type":"ListItem","position":2,"name":"Shop","item":"https:\/\/shop.bantam.ch\/de\/shop\/"},{"@type":"ListItem","position":3,"name":"Magnet-Bowl-Set silwy 2er Set Farbe GREEN"}]},{"@type":"WebSite","@id":"https:\/\/shop.bantam.ch\/de\/#website","url":"https:\/\/shop.bantam.ch\/de\/","name":"Bantam","description":"","publisher":{"@id":"https:\/\/shop.bantam.ch\/de\/#organization"},"inLanguage":"de"},{"@type":"Organization","@id":"https:\/\/shop.bantam.ch\/de\/#organization","name":"Bantam","url":"https:\/\/shop.bantam.ch\/de\/","logo":{"@type":"ImageObject","inLanguage":"de","@id":"https:\/\/shop.bantam.ch\/de\/#\/schema\/logo\/image\/","url":"https:\/\/shop.bantam.ch\/wp-content\/uploads\/2022\/12\/bantam-logo.png","contentUrl":"https:\/\/shop.bantam.ch\/wp-content\/uploads\/2022\/12\/bantam-logo.png","width":320,"height":71,"caption":"Bantam"},"image":{"@id":"https:\/\/shop.bantam.ch\/de\/#\/schema\/logo\/image\/"}}]}},"_links":{"self":[{"href":"https:\/\/shop.bantam.ch\/de\/wp-json\/wp\/v2\/product\/236992","targetHints":{"allow":["GET"]}}],"collection":[{"href":"https:\/\/shop.bantam.ch\/de\/wp-json\/wp\/v2\/product"}],"about":[{"href":"https:\/\/shop.bantam.ch\/de\/wp-json\/wp\/v2\/types\/product"}],"wp:featuredmedia":[{"embeddable":true,"href":"https:\/\/shop.bantam.ch\/de\/wp-json\/wp\/v2\/media\/236988"}],"wp:attachment":[{"href":"https:\/\/shop.bantam.ch\/de\/wp-json\/wp\/v2\/media?parent=236992"}],"wp:term":[{"taxonomy":"product_featured_cat","embeddable":true,"href":"https:\/\/shop.bantam.ch\/de\/wp-json\/wp\/v2\/product_featured_cat?post=236992"},{"taxonomy":"product_brand","embeddable":true,"href":"https:\/\/shop.bantam.ch\/de\/wp-json\/wp\/v2\/product_brand?post=236992"},{"taxonomy":"product_cat","embeddable":true,"href":"https:\/\/shop.bantam.ch\/de\/wp-json\/wp\/v2\/product_cat?post=236992"},{"taxonomy":"product_tag","embeddable":true,"href":"https:\/\/shop.bantam.ch\/de\/wp-json\/wp\/v2\/product_tag?post=236992"}],"curies":[{"name":"wp","href":"https:\/\/api.w.org\/{rel}","templated":true}]}}