{"id":236974,"date":"2026-04-30T16:48:08","date_gmt":"2026-04-30T14:48:08","guid":{"rendered":"https:\/\/shop.bantam.ch\/produit\/rotweinglaeser-brunner-cuvee-2stueck\/"},"modified":"2026-05-04T00:01:50","modified_gmt":"2026-05-03T22:01:50","slug":"rotweinglaeser-brunner-cuvee-2stueck","status":"publish","type":"product","link":"https:\/\/shop.bantam.ch\/de\/produkt\/rotweinglaeser-brunner-cuvee-2stueck\/","title":{"rendered":"Rotweingl\u00e4ser BRUNNER Cuvee 2St\u00fcck"},"content":{"rendered":"<p>Das Brunner Cuv\u00e9e Rotweinglas ist ein Set aus zwei Rotweingl\u00e4sern, das f\u00fcr den Camping- und Outdoor-Einsatz konzipiert wurde. Jedes Glas hat ein Fassungsverm\u00f6gen von 60 cl. Die Brunner Cuv\u00e9e Rotweingl\u00e4ser werden aus Polycarbonat hergestellt, einem transparenten und lebensmittelechten Kunststoff, der die Eigenschaften von Glas und Kunststoffen vereint.<\/p>\n","protected":false},"excerpt":{"rendered":"<p>Das Brunner Cuv\u00e9e Rotweinglas ist ein Set aus zwei Rotweingl\u00e4sern, das f\u00fcr den Camping- und Outdoor-Einsatz konzipiert wurde. Jedes Glas hat ein Fassungsverm\u00f6gen von 60 cl. Die Brunner Cuv\u00e9e Rotweingl\u00e4ser werden aus Polycarbonat hergestellt, einem transparenten und lebensmittelechten Kunststoff, der die Eigenschaften von Glas und Kunststoffen vereint.<\/p>\n","protected":false},"featured_media":236968,"template":"","meta":{"_acf_changed":false},"product_featured_cat":[],"product_brand":[3081],"product_cat":[3994],"product_tag":[],"class_list":{"0":"post-236974","1":"product","2":"type-product","3":"status-publish","4":"has-post-thumbnail","6":"product_brand-brunner-de","7":"product_cat-campinggeschirr","9":"first","10":"instock","11":"taxable","12":"shipping-taxable","13":"purchasable","14":"product-type-simple"},"acf":[],"yoast_head":"<!-- This site is optimized with the Yoast SEO plugin v27.5 - https:\/\/yoast.com\/product\/yoast-seo-wordpress\/ -->\n<title>Rotweingl\u00e4ser BRUNNER Cuvee 2St\u00fcck - Bantam<\/title>\n<meta name=\"robots\" content=\"index, follow, max-snippet:-1, max-image-preview:large, max-video-preview:-1\" \/>\n<link rel=\"canonical\" href=\"https:\/\/shop.bantam.ch\/de\/produkt\/rotweinglaeser-brunner-cuvee-2stueck\/\" \/>\n<meta property=\"og:locale\" content=\"de_DE\" \/>\n<meta property=\"og:type\" content=\"article\" \/>\n<meta property=\"og:title\" content=\"Rotweingl\u00e4ser BRUNNER Cuvee 2St\u00fcck - Bantam\" \/>\n<meta property=\"og:description\" content=\"Das Brunner Cuv\u00e9e Rotweinglas ist ein Set aus zwei Rotweingl\u00e4sern, das f\u00fcr den Camping- und Outdoor-Einsatz konzipiert wurde. Jedes Glas hat ein Fassungsverm\u00f6gen von 60 cl. Die Brunner Cuv\u00e9e Rotweingl\u00e4ser werden aus Polycarbonat hergestellt, einem transparenten und lebensmittelechten Kunststoff, der die Eigenschaften von Glas und Kunststoffen vereint.\" \/>\n<meta property=\"og:url\" content=\"https:\/\/shop.bantam.ch\/de\/produkt\/rotweinglaeser-brunner-cuvee-2stueck\/\" \/>\n<meta property=\"og:site_name\" content=\"Bantam\" \/>\n<meta property=\"article:modified_time\" content=\"2026-05-03T22:01:50+00:00\" \/>\n<meta property=\"og:image\" content=\"https:\/\/shop.bantam.ch\/wp-content\/uploads\/2026\/04\/Movera-L-9947567100.jpg\" \/>\n\t<meta property=\"og:image:width\" content=\"640\" \/>\n\t<meta property=\"og:image:height\" content=\"1266\" \/>\n\t<meta property=\"og:image:type\" content=\"image\/jpeg\" \/>\n<meta name=\"twitter:card\" content=\"summary_large_image\" \/>\n<script type=\"application\/ld+json\" class=\"yoast-schema-graph\">{\"@context\":\"https:\\\/\\\/schema.org\",\"@graph\":[{\"@type\":\"WebPage\",\"@id\":\"https:\\\/\\\/shop.bantam.ch\\\/de\\\/produkt\\\/rotweinglaeser-brunner-cuvee-2stueck\\\/\",\"url\":\"https:\\\/\\\/shop.bantam.ch\\\/de\\\/produkt\\\/rotweinglaeser-brunner-cuvee-2stueck\\\/\",\"name\":\"Rotweingl\u00e4ser BRUNNER Cuvee 2St\u00fcck - Bantam\",\"isPartOf\":{\"@id\":\"https:\\\/\\\/shop.bantam.ch\\\/de\\\/#website\"},\"primaryImageOfPage\":{\"@id\":\"https:\\\/\\\/shop.bantam.ch\\\/de\\\/produkt\\\/rotweinglaeser-brunner-cuvee-2stueck\\\/#primaryimage\"},\"image\":{\"@id\":\"https:\\\/\\\/shop.bantam.ch\\\/de\\\/produkt\\\/rotweinglaeser-brunner-cuvee-2stueck\\\/#primaryimage\"},\"thumbnailUrl\":\"https:\\\/\\\/shop.bantam.ch\\\/wp-content\\\/uploads\\\/2026\\\/04\\\/Movera-L-9947567100.jpg\",\"datePublished\":\"2026-04-30T14:48:08+00:00\",\"dateModified\":\"2026-05-03T22:01:50+00:00\",\"breadcrumb\":{\"@id\":\"https:\\\/\\\/shop.bantam.ch\\\/de\\\/produkt\\\/rotweinglaeser-brunner-cuvee-2stueck\\\/#breadcrumb\"},\"inLanguage\":\"de\",\"potentialAction\":[{\"@type\":\"ReadAction\",\"target\":[\"https:\\\/\\\/shop.bantam.ch\\\/de\\\/produkt\\\/rotweinglaeser-brunner-cuvee-2stueck\\\/\"]}]},{\"@type\":\"ImageObject\",\"inLanguage\":\"de\",\"@id\":\"https:\\\/\\\/shop.bantam.ch\\\/de\\\/produkt\\\/rotweinglaeser-brunner-cuvee-2stueck\\\/#primaryimage\",\"url\":\"https:\\\/\\\/shop.bantam.ch\\\/wp-content\\\/uploads\\\/2026\\\/04\\\/Movera-L-9947567100.jpg\",\"contentUrl\":\"https:\\\/\\\/shop.bantam.ch\\\/wp-content\\\/uploads\\\/2026\\\/04\\\/Movera-L-9947567100.jpg\",\"width\":640,\"height\":1266},{\"@type\":\"BreadcrumbList\",\"@id\":\"https:\\\/\\\/shop.bantam.ch\\\/de\\\/produkt\\\/rotweinglaeser-brunner-cuvee-2stueck\\\/#breadcrumb\",\"itemListElement\":[{\"@type\":\"ListItem\",\"position\":1,\"name\":\"Accueil\",\"item\":\"https:\\\/\\\/shop.bantam.ch\\\/de\\\/\"},{\"@type\":\"ListItem\",\"position\":2,\"name\":\"Shop\",\"item\":\"https:\\\/\\\/shop.bantam.ch\\\/de\\\/shop\\\/\"},{\"@type\":\"ListItem\",\"position\":3,\"name\":\"Rotweingl\u00e4ser BRUNNER Cuvee 2St\u00fcck\"}]},{\"@type\":\"WebSite\",\"@id\":\"https:\\\/\\\/shop.bantam.ch\\\/de\\\/#website\",\"url\":\"https:\\\/\\\/shop.bantam.ch\\\/de\\\/\",\"name\":\"Bantam\",\"description\":\"\",\"publisher\":{\"@id\":\"https:\\\/\\\/shop.bantam.ch\\\/de\\\/#organization\"},\"inLanguage\":\"de\"},{\"@type\":\"Organization\",\"@id\":\"https:\\\/\\\/shop.bantam.ch\\\/de\\\/#organization\",\"name\":\"Bantam\",\"url\":\"https:\\\/\\\/shop.bantam.ch\\\/de\\\/\",\"logo\":{\"@type\":\"ImageObject\",\"inLanguage\":\"de\",\"@id\":\"https:\\\/\\\/shop.bantam.ch\\\/de\\\/#\\\/schema\\\/logo\\\/image\\\/\",\"url\":\"https:\\\/\\\/shop.bantam.ch\\\/wp-content\\\/uploads\\\/2022\\\/12\\\/bantam-logo.png\",\"contentUrl\":\"https:\\\/\\\/shop.bantam.ch\\\/wp-content\\\/uploads\\\/2022\\\/12\\\/bantam-logo.png\",\"width\":320,\"height\":71,\"caption\":\"Bantam\"},\"image\":{\"@id\":\"https:\\\/\\\/shop.bantam.ch\\\/de\\\/#\\\/schema\\\/logo\\\/image\\\/\"}}]}<\/script>\n<!-- \/ Yoast SEO plugin. -->","yoast_head_json":{"title":"Rotweingl\u00e4ser BRUNNER Cuvee 2St\u00fcck - Bantam","robots":{"index":"index","follow":"follow","max-snippet":"max-snippet:-1","max-image-preview":"max-image-preview:large","max-video-preview":"max-video-preview:-1"},"canonical":"https:\/\/shop.bantam.ch\/de\/produkt\/rotweinglaeser-brunner-cuvee-2stueck\/","og_locale":"de_DE","og_type":"article","og_title":"Rotweingl\u00e4ser BRUNNER Cuvee 2St\u00fcck - Bantam","og_description":"Das Brunner Cuv\u00e9e Rotweinglas ist ein Set aus zwei Rotweingl\u00e4sern, das f\u00fcr den Camping- und Outdoor-Einsatz konzipiert wurde. Jedes Glas hat ein Fassungsverm\u00f6gen von 60 cl. Die Brunner Cuv\u00e9e Rotweingl\u00e4ser werden aus Polycarbonat hergestellt, einem transparenten und lebensmittelechten Kunststoff, der die Eigenschaften von Glas und Kunststoffen vereint.","og_url":"https:\/\/shop.bantam.ch\/de\/produkt\/rotweinglaeser-brunner-cuvee-2stueck\/","og_site_name":"Bantam","article_modified_time":"2026-05-03T22:01:50+00:00","og_image":[{"width":640,"height":1266,"url":"https:\/\/shop.bantam.ch\/wp-content\/uploads\/2026\/04\/Movera-L-9947567100.jpg","type":"image\/jpeg"}],"twitter_card":"summary_large_image","schema":{"@context":"https:\/\/schema.org","@graph":[{"@type":"WebPage","@id":"https:\/\/shop.bantam.ch\/de\/produkt\/rotweinglaeser-brunner-cuvee-2stueck\/","url":"https:\/\/shop.bantam.ch\/de\/produkt\/rotweinglaeser-brunner-cuvee-2stueck\/","name":"Rotweingl\u00e4ser BRUNNER Cuvee 2St\u00fcck - Bantam","isPartOf":{"@id":"https:\/\/shop.bantam.ch\/de\/#website"},"primaryImageOfPage":{"@id":"https:\/\/shop.bantam.ch\/de\/produkt\/rotweinglaeser-brunner-cuvee-2stueck\/#primaryimage"},"image":{"@id":"https:\/\/shop.bantam.ch\/de\/produkt\/rotweinglaeser-brunner-cuvee-2stueck\/#primaryimage"},"thumbnailUrl":"https:\/\/shop.bantam.ch\/wp-content\/uploads\/2026\/04\/Movera-L-9947567100.jpg","datePublished":"2026-04-30T14:48:08+00:00","dateModified":"2026-05-03T22:01:50+00:00","breadcrumb":{"@id":"https:\/\/shop.bantam.ch\/de\/produkt\/rotweinglaeser-brunner-cuvee-2stueck\/#breadcrumb"},"inLanguage":"de","potentialAction":[{"@type":"ReadAction","target":["https:\/\/shop.bantam.ch\/de\/produkt\/rotweinglaeser-brunner-cuvee-2stueck\/"]}]},{"@type":"ImageObject","inLanguage":"de","@id":"https:\/\/shop.bantam.ch\/de\/produkt\/rotweinglaeser-brunner-cuvee-2stueck\/#primaryimage","url":"https:\/\/shop.bantam.ch\/wp-content\/uploads\/2026\/04\/Movera-L-9947567100.jpg","contentUrl":"https:\/\/shop.bantam.ch\/wp-content\/uploads\/2026\/04\/Movera-L-9947567100.jpg","width":640,"height":1266},{"@type":"BreadcrumbList","@id":"https:\/\/shop.bantam.ch\/de\/produkt\/rotweinglaeser-brunner-cuvee-2stueck\/#breadcrumb","itemListElement":[{"@type":"ListItem","position":1,"name":"Accueil","item":"https:\/\/shop.bantam.ch\/de\/"},{"@type":"ListItem","position":2,"name":"Shop","item":"https:\/\/shop.bantam.ch\/de\/shop\/"},{"@type":"ListItem","position":3,"name":"Rotweingl\u00e4ser BRUNNER Cuvee 2St\u00fcck"}]},{"@type":"WebSite","@id":"https:\/\/shop.bantam.ch\/de\/#website","url":"https:\/\/shop.bantam.ch\/de\/","name":"Bantam","description":"","publisher":{"@id":"https:\/\/shop.bantam.ch\/de\/#organization"},"inLanguage":"de"},{"@type":"Organization","@id":"https:\/\/shop.bantam.ch\/de\/#organization","name":"Bantam","url":"https:\/\/shop.bantam.ch\/de\/","logo":{"@type":"ImageObject","inLanguage":"de","@id":"https:\/\/shop.bantam.ch\/de\/#\/schema\/logo\/image\/","url":"https:\/\/shop.bantam.ch\/wp-content\/uploads\/2022\/12\/bantam-logo.png","contentUrl":"https:\/\/shop.bantam.ch\/wp-content\/uploads\/2022\/12\/bantam-logo.png","width":320,"height":71,"caption":"Bantam"},"image":{"@id":"https:\/\/shop.bantam.ch\/de\/#\/schema\/logo\/image\/"}}]}},"_links":{"self":[{"href":"https:\/\/shop.bantam.ch\/de\/wp-json\/wp\/v2\/product\/236974","targetHints":{"allow":["GET"]}}],"collection":[{"href":"https:\/\/shop.bantam.ch\/de\/wp-json\/wp\/v2\/product"}],"about":[{"href":"https:\/\/shop.bantam.ch\/de\/wp-json\/wp\/v2\/types\/product"}],"wp:featuredmedia":[{"embeddable":true,"href":"https:\/\/shop.bantam.ch\/de\/wp-json\/wp\/v2\/media\/236968"}],"wp:attachment":[{"href":"https:\/\/shop.bantam.ch\/de\/wp-json\/wp\/v2\/media?parent=236974"}],"wp:term":[{"taxonomy":"product_featured_cat","embeddable":true,"href":"https:\/\/shop.bantam.ch\/de\/wp-json\/wp\/v2\/product_featured_cat?post=236974"},{"taxonomy":"product_brand","embeddable":true,"href":"https:\/\/shop.bantam.ch\/de\/wp-json\/wp\/v2\/product_brand?post=236974"},{"taxonomy":"product_cat","embeddable":true,"href":"https:\/\/shop.bantam.ch\/de\/wp-json\/wp\/v2\/product_cat?post=236974"},{"taxonomy":"product_tag","embeddable":true,"href":"https:\/\/shop.bantam.ch\/de\/wp-json\/wp\/v2\/product_tag?post=236974"}],"curies":[{"name":"wp","href":"https:\/\/api.w.org\/{rel}","templated":true}]}}