{"id":236695,"date":"2026-04-30T11:11:33","date_gmt":"2026-04-30T09:11:33","guid":{"rendered":"https:\/\/shop.bantam.ch\/produit\/solarregler-groesse-147-x-79-x-4-cm\/"},"modified":"2026-05-02T23:58:15","modified_gmt":"2026-05-02T21:58:15","slug":"solarregler-groesse-147-x-79-x-4-cm","status":"publish","type":"product","link":"https:\/\/shop.bantam.ch\/de\/produkt\/solarregler-groesse-147-x-79-x-4-cm\/","title":{"rendered":"Solarregler Gr\u00f6\u00dfe 14,7 x 7,9 x 4 cm"},"content":{"rendered":"<ul>\n<li>Antarion 12A-Regler<\/li>\n<li>Erm\u00f6glicht die Anzeige der vom Solarmodul gelieferten Ladeleistung und des Ladezustands der Batterie auf dem Smartphone<\/li>\n<li>Kostenlose App \u201eCharger Connect\u201c, verf\u00fcgbar f\u00fcr Android und iOS<\/li>\n<li>Solarleistung von max. 170 W<\/li>\n<\/ul>\n","protected":false},"excerpt":{"rendered":"<p>Antarion 12A-Regler Erm\u00f6glicht die Anzeige der vom Solarmodul gelieferten Ladeleistung und des Ladezustands der Batterie auf dem Smartphone Kostenlose App \u201eCharger Connect\u201c, verf\u00fcgbar f\u00fcr Android und iOS Solarleistung von max. 170 W<\/p>\n","protected":false},"featured_media":236691,"template":"","meta":{"_acf_changed":false},"product_featured_cat":[],"product_brand":[3505],"product_cat":[4878],"product_tag":[],"class_list":{"0":"post-236695","1":"product","2":"type-product","3":"status-publish","4":"has-post-thumbnail","6":"product_brand-antarion-de","7":"product_cat-solar-laderegler","9":"first","10":"instock","11":"taxable","12":"shipping-taxable","13":"purchasable","14":"product-type-simple"},"acf":[],"yoast_head":"<!-- This site is optimized with the Yoast SEO plugin v27.5 - https:\/\/yoast.com\/product\/yoast-seo-wordpress\/ -->\n<title>Solarregler Gr\u00f6\u00dfe 14,7 x 7,9 x 4 cm - Bantam<\/title>\n<meta name=\"robots\" content=\"index, follow, max-snippet:-1, max-image-preview:large, max-video-preview:-1\" \/>\n<link rel=\"canonical\" href=\"https:\/\/shop.bantam.ch\/de\/produkt\/solarregler-groesse-147-x-79-x-4-cm\/\" \/>\n<meta property=\"og:locale\" content=\"de_DE\" \/>\n<meta property=\"og:type\" content=\"article\" \/>\n<meta property=\"og:title\" content=\"Solarregler Gr\u00f6\u00dfe 14,7 x 7,9 x 4 cm - Bantam\" \/>\n<meta property=\"og:description\" content=\"Antarion 12A-Regler Erm\u00f6glicht die Anzeige der vom Solarmodul gelieferten Ladeleistung und des Ladezustands der Batterie auf dem Smartphone Kostenlose App \u201eCharger Connect\u201c, verf\u00fcgbar f\u00fcr Android und iOS Solarleistung von max. 170 W\" \/>\n<meta property=\"og:url\" content=\"https:\/\/shop.bantam.ch\/de\/produkt\/solarregler-groesse-147-x-79-x-4-cm\/\" \/>\n<meta property=\"og:site_name\" content=\"Bantam\" \/>\n<meta property=\"article:modified_time\" content=\"2026-05-02T21:58:15+00:00\" \/>\n<meta property=\"og:image\" content=\"https:\/\/shop.bantam.ch\/wp-content\/uploads\/2026\/04\/Movera-L-9947182100.png\" \/>\n\t<meta property=\"og:image:width\" content=\"640\" \/>\n\t<meta property=\"og:image:height\" content=\"640\" \/>\n\t<meta property=\"og:image:type\" content=\"image\/png\" \/>\n<meta name=\"twitter:card\" content=\"summary_large_image\" \/>\n<script type=\"application\/ld+json\" class=\"yoast-schema-graph\">{\"@context\":\"https:\\\/\\\/schema.org\",\"@graph\":[{\"@type\":\"WebPage\",\"@id\":\"https:\\\/\\\/shop.bantam.ch\\\/de\\\/produkt\\\/solarregler-groesse-147-x-79-x-4-cm\\\/\",\"url\":\"https:\\\/\\\/shop.bantam.ch\\\/de\\\/produkt\\\/solarregler-groesse-147-x-79-x-4-cm\\\/\",\"name\":\"Solarregler Gr\u00f6\u00dfe 14,7 x 7,9 x 4 cm - Bantam\",\"isPartOf\":{\"@id\":\"https:\\\/\\\/shop.bantam.ch\\\/de\\\/#website\"},\"primaryImageOfPage\":{\"@id\":\"https:\\\/\\\/shop.bantam.ch\\\/de\\\/produkt\\\/solarregler-groesse-147-x-79-x-4-cm\\\/#primaryimage\"},\"image\":{\"@id\":\"https:\\\/\\\/shop.bantam.ch\\\/de\\\/produkt\\\/solarregler-groesse-147-x-79-x-4-cm\\\/#primaryimage\"},\"thumbnailUrl\":\"https:\\\/\\\/shop.bantam.ch\\\/wp-content\\\/uploads\\\/2026\\\/04\\\/Movera-L-9947182100.png\",\"datePublished\":\"2026-04-30T09:11:33+00:00\",\"dateModified\":\"2026-05-02T21:58:15+00:00\",\"breadcrumb\":{\"@id\":\"https:\\\/\\\/shop.bantam.ch\\\/de\\\/produkt\\\/solarregler-groesse-147-x-79-x-4-cm\\\/#breadcrumb\"},\"inLanguage\":\"de\",\"potentialAction\":[{\"@type\":\"ReadAction\",\"target\":[\"https:\\\/\\\/shop.bantam.ch\\\/de\\\/produkt\\\/solarregler-groesse-147-x-79-x-4-cm\\\/\"]}]},{\"@type\":\"ImageObject\",\"inLanguage\":\"de\",\"@id\":\"https:\\\/\\\/shop.bantam.ch\\\/de\\\/produkt\\\/solarregler-groesse-147-x-79-x-4-cm\\\/#primaryimage\",\"url\":\"https:\\\/\\\/shop.bantam.ch\\\/wp-content\\\/uploads\\\/2026\\\/04\\\/Movera-L-9947182100.png\",\"contentUrl\":\"https:\\\/\\\/shop.bantam.ch\\\/wp-content\\\/uploads\\\/2026\\\/04\\\/Movera-L-9947182100.png\",\"width\":640,\"height\":640},{\"@type\":\"BreadcrumbList\",\"@id\":\"https:\\\/\\\/shop.bantam.ch\\\/de\\\/produkt\\\/solarregler-groesse-147-x-79-x-4-cm\\\/#breadcrumb\",\"itemListElement\":[{\"@type\":\"ListItem\",\"position\":1,\"name\":\"Accueil\",\"item\":\"https:\\\/\\\/shop.bantam.ch\\\/de\\\/\"},{\"@type\":\"ListItem\",\"position\":2,\"name\":\"Shop\",\"item\":\"https:\\\/\\\/shop.bantam.ch\\\/de\\\/shop\\\/\"},{\"@type\":\"ListItem\",\"position\":3,\"name\":\"Solarregler Gr\u00f6\u00dfe 14,7 x 7,9 x 4 cm\"}]},{\"@type\":\"WebSite\",\"@id\":\"https:\\\/\\\/shop.bantam.ch\\\/de\\\/#website\",\"url\":\"https:\\\/\\\/shop.bantam.ch\\\/de\\\/\",\"name\":\"Bantam\",\"description\":\"\",\"publisher\":{\"@id\":\"https:\\\/\\\/shop.bantam.ch\\\/de\\\/#organization\"},\"inLanguage\":\"de\"},{\"@type\":\"Organization\",\"@id\":\"https:\\\/\\\/shop.bantam.ch\\\/de\\\/#organization\",\"name\":\"Bantam\",\"url\":\"https:\\\/\\\/shop.bantam.ch\\\/de\\\/\",\"logo\":{\"@type\":\"ImageObject\",\"inLanguage\":\"de\",\"@id\":\"https:\\\/\\\/shop.bantam.ch\\\/de\\\/#\\\/schema\\\/logo\\\/image\\\/\",\"url\":\"https:\\\/\\\/shop.bantam.ch\\\/wp-content\\\/uploads\\\/2022\\\/12\\\/bantam-logo.png\",\"contentUrl\":\"https:\\\/\\\/shop.bantam.ch\\\/wp-content\\\/uploads\\\/2022\\\/12\\\/bantam-logo.png\",\"width\":320,\"height\":71,\"caption\":\"Bantam\"},\"image\":{\"@id\":\"https:\\\/\\\/shop.bantam.ch\\\/de\\\/#\\\/schema\\\/logo\\\/image\\\/\"}}]}<\/script>\n<!-- \/ Yoast SEO plugin. -->","yoast_head_json":{"title":"Solarregler Gr\u00f6\u00dfe 14,7 x 7,9 x 4 cm - Bantam","robots":{"index":"index","follow":"follow","max-snippet":"max-snippet:-1","max-image-preview":"max-image-preview:large","max-video-preview":"max-video-preview:-1"},"canonical":"https:\/\/shop.bantam.ch\/de\/produkt\/solarregler-groesse-147-x-79-x-4-cm\/","og_locale":"de_DE","og_type":"article","og_title":"Solarregler Gr\u00f6\u00dfe 14,7 x 7,9 x 4 cm - Bantam","og_description":"Antarion 12A-Regler Erm\u00f6glicht die Anzeige der vom Solarmodul gelieferten Ladeleistung und des Ladezustands der Batterie auf dem Smartphone Kostenlose App \u201eCharger Connect\u201c, verf\u00fcgbar f\u00fcr Android und iOS Solarleistung von max. 170 W","og_url":"https:\/\/shop.bantam.ch\/de\/produkt\/solarregler-groesse-147-x-79-x-4-cm\/","og_site_name":"Bantam","article_modified_time":"2026-05-02T21:58:15+00:00","og_image":[{"width":640,"height":640,"url":"https:\/\/shop.bantam.ch\/wp-content\/uploads\/2026\/04\/Movera-L-9947182100.png","type":"image\/png"}],"twitter_card":"summary_large_image","schema":{"@context":"https:\/\/schema.org","@graph":[{"@type":"WebPage","@id":"https:\/\/shop.bantam.ch\/de\/produkt\/solarregler-groesse-147-x-79-x-4-cm\/","url":"https:\/\/shop.bantam.ch\/de\/produkt\/solarregler-groesse-147-x-79-x-4-cm\/","name":"Solarregler Gr\u00f6\u00dfe 14,7 x 7,9 x 4 cm - Bantam","isPartOf":{"@id":"https:\/\/shop.bantam.ch\/de\/#website"},"primaryImageOfPage":{"@id":"https:\/\/shop.bantam.ch\/de\/produkt\/solarregler-groesse-147-x-79-x-4-cm\/#primaryimage"},"image":{"@id":"https:\/\/shop.bantam.ch\/de\/produkt\/solarregler-groesse-147-x-79-x-4-cm\/#primaryimage"},"thumbnailUrl":"https:\/\/shop.bantam.ch\/wp-content\/uploads\/2026\/04\/Movera-L-9947182100.png","datePublished":"2026-04-30T09:11:33+00:00","dateModified":"2026-05-02T21:58:15+00:00","breadcrumb":{"@id":"https:\/\/shop.bantam.ch\/de\/produkt\/solarregler-groesse-147-x-79-x-4-cm\/#breadcrumb"},"inLanguage":"de","potentialAction":[{"@type":"ReadAction","target":["https:\/\/shop.bantam.ch\/de\/produkt\/solarregler-groesse-147-x-79-x-4-cm\/"]}]},{"@type":"ImageObject","inLanguage":"de","@id":"https:\/\/shop.bantam.ch\/de\/produkt\/solarregler-groesse-147-x-79-x-4-cm\/#primaryimage","url":"https:\/\/shop.bantam.ch\/wp-content\/uploads\/2026\/04\/Movera-L-9947182100.png","contentUrl":"https:\/\/shop.bantam.ch\/wp-content\/uploads\/2026\/04\/Movera-L-9947182100.png","width":640,"height":640},{"@type":"BreadcrumbList","@id":"https:\/\/shop.bantam.ch\/de\/produkt\/solarregler-groesse-147-x-79-x-4-cm\/#breadcrumb","itemListElement":[{"@type":"ListItem","position":1,"name":"Accueil","item":"https:\/\/shop.bantam.ch\/de\/"},{"@type":"ListItem","position":2,"name":"Shop","item":"https:\/\/shop.bantam.ch\/de\/shop\/"},{"@type":"ListItem","position":3,"name":"Solarregler Gr\u00f6\u00dfe 14,7 x 7,9 x 4 cm"}]},{"@type":"WebSite","@id":"https:\/\/shop.bantam.ch\/de\/#website","url":"https:\/\/shop.bantam.ch\/de\/","name":"Bantam","description":"","publisher":{"@id":"https:\/\/shop.bantam.ch\/de\/#organization"},"inLanguage":"de"},{"@type":"Organization","@id":"https:\/\/shop.bantam.ch\/de\/#organization","name":"Bantam","url":"https:\/\/shop.bantam.ch\/de\/","logo":{"@type":"ImageObject","inLanguage":"de","@id":"https:\/\/shop.bantam.ch\/de\/#\/schema\/logo\/image\/","url":"https:\/\/shop.bantam.ch\/wp-content\/uploads\/2022\/12\/bantam-logo.png","contentUrl":"https:\/\/shop.bantam.ch\/wp-content\/uploads\/2022\/12\/bantam-logo.png","width":320,"height":71,"caption":"Bantam"},"image":{"@id":"https:\/\/shop.bantam.ch\/de\/#\/schema\/logo\/image\/"}}]}},"_links":{"self":[{"href":"https:\/\/shop.bantam.ch\/de\/wp-json\/wp\/v2\/product\/236695","targetHints":{"allow":["GET"]}}],"collection":[{"href":"https:\/\/shop.bantam.ch\/de\/wp-json\/wp\/v2\/product"}],"about":[{"href":"https:\/\/shop.bantam.ch\/de\/wp-json\/wp\/v2\/types\/product"}],"wp:featuredmedia":[{"embeddable":true,"href":"https:\/\/shop.bantam.ch\/de\/wp-json\/wp\/v2\/media\/236691"}],"wp:attachment":[{"href":"https:\/\/shop.bantam.ch\/de\/wp-json\/wp\/v2\/media?parent=236695"}],"wp:term":[{"taxonomy":"product_featured_cat","embeddable":true,"href":"https:\/\/shop.bantam.ch\/de\/wp-json\/wp\/v2\/product_featured_cat?post=236695"},{"taxonomy":"product_brand","embeddable":true,"href":"https:\/\/shop.bantam.ch\/de\/wp-json\/wp\/v2\/product_brand?post=236695"},{"taxonomy":"product_cat","embeddable":true,"href":"https:\/\/shop.bantam.ch\/de\/wp-json\/wp\/v2\/product_cat?post=236695"},{"taxonomy":"product_tag","embeddable":true,"href":"https:\/\/shop.bantam.ch\/de\/wp-json\/wp\/v2\/product_tag?post=236695"}],"curies":[{"name":"wp","href":"https:\/\/api.w.org\/{rel}","templated":true}]}}