{"id":236648,"date":"2026-04-30T08:59:40","date_gmt":"2026-04-30T06:59:40","guid":{"rendered":"https:\/\/shop.bantam.ch\/produit\/faltschuessel-brunner-3-ways-fold-away\/"},"modified":"2026-05-02T23:57:59","modified_gmt":"2026-05-02T21:57:59","slug":"faltschuessel-brunner-3-ways-fold-away","status":"publish","type":"product","link":"https:\/\/shop.bantam.ch\/de\/produkt\/faltschuessel-brunner-3-ways-fold-away\/","title":{"rendered":"Faltsch\u00fcssel BRUNNER 3 Ways Fold-Away"},"content":{"rendered":"<p>Diese tragbare Faltsch\u00fcssel ist ein unverzichtbares Utensil f\u00fcr die Camping- und Outdoork\u00fcche. Hergestellt aus umweltfreundlichem Material, PP Kunststoff und TPR-Silikon in Lebensmittelqualit\u00e4t, \u00fcberzeugt sie mit ihrer Langlebigkeit, Geruchsneutralit\u00e4t und Ungiftigkeit. Mit ihrer 3-in-1-Funktion ist sie vielseitig einsetzbar. Egal ob zum Schneiden von Gem\u00fcse, Obst und Fleisch, als faltbare Sp\u00fclsch\u00fcssel zum Reinigen oder als Abtropfschale f\u00fcr Geschirr und Lebensmittel &#8211; diese Sch\u00fcssel erf\u00fcllt alle Anforderungen. Durch ihre platzsparende Faltbarkeit ist sie auch ideal als Aufbewahrungskorb f\u00fcr Lebensmittel geeignet.<\/p>\n","protected":false},"excerpt":{"rendered":"<p>Diese tragbare Faltsch\u00fcssel ist ein unverzichtbares Utensil f\u00fcr die Camping- und Outdoork\u00fcche. Hergestellt aus umweltfreundlichem Material, PP Kunststoff und TPR-Silikon in Lebensmittelqualit\u00e4t, \u00fcberzeugt sie mit ihrer Langlebigkeit, Geruchsneutralit\u00e4t und Ungiftigkeit. Mit ihrer 3-in-1-Funktion ist sie vielseitig einsetzbar. Egal ob zum Schneiden von Gem\u00fcse, Obst und Fleisch, als faltbare Sp\u00fclsch\u00fcssel zum Reinigen oder als Abtropfschale f\u00fcr [&hellip;]<\/p>\n","protected":false},"featured_media":236640,"template":"","meta":{"_acf_changed":false},"product_featured_cat":[],"product_brand":[3081],"product_cat":[4290],"product_tag":[],"class_list":{"0":"post-236648","1":"product","2":"type-product","3":"status-publish","4":"has-post-thumbnail","6":"product_brand-brunner-de","7":"product_cat-spuelen-putzen","9":"first","10":"instock","11":"taxable","12":"shipping-taxable","13":"purchasable","14":"product-type-simple"},"acf":[],"yoast_head":"<!-- This site is optimized with the Yoast SEO plugin v27.5 - https:\/\/yoast.com\/product\/yoast-seo-wordpress\/ -->\n<title>Faltsch\u00fcssel BRUNNER 3 Ways Fold-Away - Bantam<\/title>\n<meta name=\"robots\" content=\"index, follow, max-snippet:-1, max-image-preview:large, max-video-preview:-1\" \/>\n<link rel=\"canonical\" href=\"https:\/\/shop.bantam.ch\/de\/produkt\/faltschuessel-brunner-3-ways-fold-away\/\" \/>\n<meta property=\"og:locale\" content=\"de_DE\" \/>\n<meta property=\"og:type\" content=\"article\" \/>\n<meta property=\"og:title\" content=\"Faltsch\u00fcssel BRUNNER 3 Ways Fold-Away - Bantam\" \/>\n<meta property=\"og:description\" content=\"Diese tragbare Faltsch\u00fcssel ist ein unverzichtbares Utensil f\u00fcr die Camping- und Outdoork\u00fcche. Hergestellt aus umweltfreundlichem Material, PP Kunststoff und TPR-Silikon in Lebensmittelqualit\u00e4t, \u00fcberzeugt sie mit ihrer Langlebigkeit, Geruchsneutralit\u00e4t und Ungiftigkeit. Mit ihrer 3-in-1-Funktion ist sie vielseitig einsetzbar. Egal ob zum Schneiden von Gem\u00fcse, Obst und Fleisch, als faltbare Sp\u00fclsch\u00fcssel zum Reinigen oder als Abtropfschale f\u00fcr [&hellip;]\" \/>\n<meta property=\"og:url\" content=\"https:\/\/shop.bantam.ch\/de\/produkt\/faltschuessel-brunner-3-ways-fold-away\/\" \/>\n<meta property=\"og:site_name\" content=\"Bantam\" \/>\n<meta property=\"article:modified_time\" content=\"2026-05-02T21:57:59+00:00\" \/>\n<meta property=\"og:image\" content=\"https:\/\/shop.bantam.ch\/wp-content\/uploads\/2026\/04\/Movera-L-9947149100.jpg\" \/>\n\t<meta property=\"og:image:width\" content=\"640\" \/>\n\t<meta property=\"og:image:height\" content=\"406\" \/>\n\t<meta property=\"og:image:type\" content=\"image\/jpeg\" \/>\n<meta name=\"twitter:card\" content=\"summary_large_image\" \/>\n<script type=\"application\/ld+json\" class=\"yoast-schema-graph\">{\"@context\":\"https:\\\/\\\/schema.org\",\"@graph\":[{\"@type\":\"WebPage\",\"@id\":\"https:\\\/\\\/shop.bantam.ch\\\/de\\\/produkt\\\/faltschuessel-brunner-3-ways-fold-away\\\/\",\"url\":\"https:\\\/\\\/shop.bantam.ch\\\/de\\\/produkt\\\/faltschuessel-brunner-3-ways-fold-away\\\/\",\"name\":\"Faltsch\u00fcssel BRUNNER 3 Ways Fold-Away - Bantam\",\"isPartOf\":{\"@id\":\"https:\\\/\\\/shop.bantam.ch\\\/de\\\/#website\"},\"primaryImageOfPage\":{\"@id\":\"https:\\\/\\\/shop.bantam.ch\\\/de\\\/produkt\\\/faltschuessel-brunner-3-ways-fold-away\\\/#primaryimage\"},\"image\":{\"@id\":\"https:\\\/\\\/shop.bantam.ch\\\/de\\\/produkt\\\/faltschuessel-brunner-3-ways-fold-away\\\/#primaryimage\"},\"thumbnailUrl\":\"https:\\\/\\\/shop.bantam.ch\\\/wp-content\\\/uploads\\\/2026\\\/04\\\/Movera-L-9947149100.jpg\",\"datePublished\":\"2026-04-30T06:59:40+00:00\",\"dateModified\":\"2026-05-02T21:57:59+00:00\",\"breadcrumb\":{\"@id\":\"https:\\\/\\\/shop.bantam.ch\\\/de\\\/produkt\\\/faltschuessel-brunner-3-ways-fold-away\\\/#breadcrumb\"},\"inLanguage\":\"de\",\"potentialAction\":[{\"@type\":\"ReadAction\",\"target\":[\"https:\\\/\\\/shop.bantam.ch\\\/de\\\/produkt\\\/faltschuessel-brunner-3-ways-fold-away\\\/\"]}]},{\"@type\":\"ImageObject\",\"inLanguage\":\"de\",\"@id\":\"https:\\\/\\\/shop.bantam.ch\\\/de\\\/produkt\\\/faltschuessel-brunner-3-ways-fold-away\\\/#primaryimage\",\"url\":\"https:\\\/\\\/shop.bantam.ch\\\/wp-content\\\/uploads\\\/2026\\\/04\\\/Movera-L-9947149100.jpg\",\"contentUrl\":\"https:\\\/\\\/shop.bantam.ch\\\/wp-content\\\/uploads\\\/2026\\\/04\\\/Movera-L-9947149100.jpg\",\"width\":640,\"height\":406},{\"@type\":\"BreadcrumbList\",\"@id\":\"https:\\\/\\\/shop.bantam.ch\\\/de\\\/produkt\\\/faltschuessel-brunner-3-ways-fold-away\\\/#breadcrumb\",\"itemListElement\":[{\"@type\":\"ListItem\",\"position\":1,\"name\":\"Accueil\",\"item\":\"https:\\\/\\\/shop.bantam.ch\\\/de\\\/\"},{\"@type\":\"ListItem\",\"position\":2,\"name\":\"Shop\",\"item\":\"https:\\\/\\\/shop.bantam.ch\\\/de\\\/shop\\\/\"},{\"@type\":\"ListItem\",\"position\":3,\"name\":\"Faltsch\u00fcssel BRUNNER 3 Ways Fold-Away\"}]},{\"@type\":\"WebSite\",\"@id\":\"https:\\\/\\\/shop.bantam.ch\\\/de\\\/#website\",\"url\":\"https:\\\/\\\/shop.bantam.ch\\\/de\\\/\",\"name\":\"Bantam\",\"description\":\"\",\"publisher\":{\"@id\":\"https:\\\/\\\/shop.bantam.ch\\\/de\\\/#organization\"},\"inLanguage\":\"de\"},{\"@type\":\"Organization\",\"@id\":\"https:\\\/\\\/shop.bantam.ch\\\/de\\\/#organization\",\"name\":\"Bantam\",\"url\":\"https:\\\/\\\/shop.bantam.ch\\\/de\\\/\",\"logo\":{\"@type\":\"ImageObject\",\"inLanguage\":\"de\",\"@id\":\"https:\\\/\\\/shop.bantam.ch\\\/de\\\/#\\\/schema\\\/logo\\\/image\\\/\",\"url\":\"https:\\\/\\\/shop.bantam.ch\\\/wp-content\\\/uploads\\\/2022\\\/12\\\/bantam-logo.png\",\"contentUrl\":\"https:\\\/\\\/shop.bantam.ch\\\/wp-content\\\/uploads\\\/2022\\\/12\\\/bantam-logo.png\",\"width\":320,\"height\":71,\"caption\":\"Bantam\"},\"image\":{\"@id\":\"https:\\\/\\\/shop.bantam.ch\\\/de\\\/#\\\/schema\\\/logo\\\/image\\\/\"}}]}<\/script>\n<!-- \/ Yoast SEO plugin. -->","yoast_head_json":{"title":"Faltsch\u00fcssel BRUNNER 3 Ways Fold-Away - Bantam","robots":{"index":"index","follow":"follow","max-snippet":"max-snippet:-1","max-image-preview":"max-image-preview:large","max-video-preview":"max-video-preview:-1"},"canonical":"https:\/\/shop.bantam.ch\/de\/produkt\/faltschuessel-brunner-3-ways-fold-away\/","og_locale":"de_DE","og_type":"article","og_title":"Faltsch\u00fcssel BRUNNER 3 Ways Fold-Away - Bantam","og_description":"Diese tragbare Faltsch\u00fcssel ist ein unverzichtbares Utensil f\u00fcr die Camping- und Outdoork\u00fcche. Hergestellt aus umweltfreundlichem Material, PP Kunststoff und TPR-Silikon in Lebensmittelqualit\u00e4t, \u00fcberzeugt sie mit ihrer Langlebigkeit, Geruchsneutralit\u00e4t und Ungiftigkeit. Mit ihrer 3-in-1-Funktion ist sie vielseitig einsetzbar. Egal ob zum Schneiden von Gem\u00fcse, Obst und Fleisch, als faltbare Sp\u00fclsch\u00fcssel zum Reinigen oder als Abtropfschale f\u00fcr [&hellip;]","og_url":"https:\/\/shop.bantam.ch\/de\/produkt\/faltschuessel-brunner-3-ways-fold-away\/","og_site_name":"Bantam","article_modified_time":"2026-05-02T21:57:59+00:00","og_image":[{"width":640,"height":406,"url":"https:\/\/shop.bantam.ch\/wp-content\/uploads\/2026\/04\/Movera-L-9947149100.jpg","type":"image\/jpeg"}],"twitter_card":"summary_large_image","schema":{"@context":"https:\/\/schema.org","@graph":[{"@type":"WebPage","@id":"https:\/\/shop.bantam.ch\/de\/produkt\/faltschuessel-brunner-3-ways-fold-away\/","url":"https:\/\/shop.bantam.ch\/de\/produkt\/faltschuessel-brunner-3-ways-fold-away\/","name":"Faltsch\u00fcssel BRUNNER 3 Ways Fold-Away - Bantam","isPartOf":{"@id":"https:\/\/shop.bantam.ch\/de\/#website"},"primaryImageOfPage":{"@id":"https:\/\/shop.bantam.ch\/de\/produkt\/faltschuessel-brunner-3-ways-fold-away\/#primaryimage"},"image":{"@id":"https:\/\/shop.bantam.ch\/de\/produkt\/faltschuessel-brunner-3-ways-fold-away\/#primaryimage"},"thumbnailUrl":"https:\/\/shop.bantam.ch\/wp-content\/uploads\/2026\/04\/Movera-L-9947149100.jpg","datePublished":"2026-04-30T06:59:40+00:00","dateModified":"2026-05-02T21:57:59+00:00","breadcrumb":{"@id":"https:\/\/shop.bantam.ch\/de\/produkt\/faltschuessel-brunner-3-ways-fold-away\/#breadcrumb"},"inLanguage":"de","potentialAction":[{"@type":"ReadAction","target":["https:\/\/shop.bantam.ch\/de\/produkt\/faltschuessel-brunner-3-ways-fold-away\/"]}]},{"@type":"ImageObject","inLanguage":"de","@id":"https:\/\/shop.bantam.ch\/de\/produkt\/faltschuessel-brunner-3-ways-fold-away\/#primaryimage","url":"https:\/\/shop.bantam.ch\/wp-content\/uploads\/2026\/04\/Movera-L-9947149100.jpg","contentUrl":"https:\/\/shop.bantam.ch\/wp-content\/uploads\/2026\/04\/Movera-L-9947149100.jpg","width":640,"height":406},{"@type":"BreadcrumbList","@id":"https:\/\/shop.bantam.ch\/de\/produkt\/faltschuessel-brunner-3-ways-fold-away\/#breadcrumb","itemListElement":[{"@type":"ListItem","position":1,"name":"Accueil","item":"https:\/\/shop.bantam.ch\/de\/"},{"@type":"ListItem","position":2,"name":"Shop","item":"https:\/\/shop.bantam.ch\/de\/shop\/"},{"@type":"ListItem","position":3,"name":"Faltsch\u00fcssel BRUNNER 3 Ways Fold-Away"}]},{"@type":"WebSite","@id":"https:\/\/shop.bantam.ch\/de\/#website","url":"https:\/\/shop.bantam.ch\/de\/","name":"Bantam","description":"","publisher":{"@id":"https:\/\/shop.bantam.ch\/de\/#organization"},"inLanguage":"de"},{"@type":"Organization","@id":"https:\/\/shop.bantam.ch\/de\/#organization","name":"Bantam","url":"https:\/\/shop.bantam.ch\/de\/","logo":{"@type":"ImageObject","inLanguage":"de","@id":"https:\/\/shop.bantam.ch\/de\/#\/schema\/logo\/image\/","url":"https:\/\/shop.bantam.ch\/wp-content\/uploads\/2022\/12\/bantam-logo.png","contentUrl":"https:\/\/shop.bantam.ch\/wp-content\/uploads\/2022\/12\/bantam-logo.png","width":320,"height":71,"caption":"Bantam"},"image":{"@id":"https:\/\/shop.bantam.ch\/de\/#\/schema\/logo\/image\/"}}]}},"_links":{"self":[{"href":"https:\/\/shop.bantam.ch\/de\/wp-json\/wp\/v2\/product\/236648","targetHints":{"allow":["GET"]}}],"collection":[{"href":"https:\/\/shop.bantam.ch\/de\/wp-json\/wp\/v2\/product"}],"about":[{"href":"https:\/\/shop.bantam.ch\/de\/wp-json\/wp\/v2\/types\/product"}],"wp:featuredmedia":[{"embeddable":true,"href":"https:\/\/shop.bantam.ch\/de\/wp-json\/wp\/v2\/media\/236640"}],"wp:attachment":[{"href":"https:\/\/shop.bantam.ch\/de\/wp-json\/wp\/v2\/media?parent=236648"}],"wp:term":[{"taxonomy":"product_featured_cat","embeddable":true,"href":"https:\/\/shop.bantam.ch\/de\/wp-json\/wp\/v2\/product_featured_cat?post=236648"},{"taxonomy":"product_brand","embeddable":true,"href":"https:\/\/shop.bantam.ch\/de\/wp-json\/wp\/v2\/product_brand?post=236648"},{"taxonomy":"product_cat","embeddable":true,"href":"https:\/\/shop.bantam.ch\/de\/wp-json\/wp\/v2\/product_cat?post=236648"},{"taxonomy":"product_tag","embeddable":true,"href":"https:\/\/shop.bantam.ch\/de\/wp-json\/wp\/v2\/product_tag?post=236648"}],"curies":[{"name":"wp","href":"https:\/\/api.w.org\/{rel}","templated":true}]}}