{"id":236511,"date":"2026-04-29T16:51:47","date_gmt":"2026-04-29T14:51:47","guid":{"rendered":"https:\/\/shop.bantam.ch\/produit\/klimaanlage-ecoflow-wave-2-set-mit-zusatzakku\/"},"modified":"2026-05-05T23:58:47","modified_gmt":"2026-05-05T21:58:47","slug":"klimaanlage-ecoflow-wave-2-set-mit-zusatzakku","status":"publish","type":"product","link":"https:\/\/shop.bantam.ch\/de\/produkt\/klimaanlage-ecoflow-wave-2-set-mit-zusatzakku\/","title":{"rendered":"Klimaanlage ECOFLOW Wave 2 Set mit Zusatzakku"},"content":{"rendered":"<p>Die Ecoflow Wave 3 tragbare Klimaanlage ist f\u00fcr jedes Szenario gemacht. Mit einer K\u00fchlleistung von 6100\u202fBTU (Temperaturabsenkung um ca. 8\u202f\u00b0C in nur 15\u202fMinuten) und einer Heizleistung von 6800\u202fBTU (Temperaturerh\u00f6hung um ca. 9,5\u202f\u00b0C in 15\u202fMinuten) sorgt sie zuverl\u00e4ssig f\u00fcr angenehme Bedingungen in jeder Umgebung.<\/p>\n<p>Smarte Steuerung mit EcoFlow OASIS<br \/>\nVerwalten Sie alles ganz einfach \u2013 von der aktuellen Batteriestatusanzeige \u00fcber Wasserablauf-Benachrichtigungen, Modus\u00e4nderungen bis hin zu geplanten Abschaltungen \u2013 alles direkt von Ihrem Smartphone, egal wo Sie sind.<\/p>\n<p>Automatische Funktion: Wechselt automatisch auf Heizen, wenn die Temperatur sinkt und h\u00e4lt Sie selbst bei k\u00fchlen Camping-Trips in den Bergen warm f\u00fcr eine erholsame Nachtruhe.<\/p>\n<p>Eigenschaften:<\/p>\n<ul>\n<li>Haustierpflege: Legen Sie in der App einen Temperaturbereich von 35\u201345 \u00b0C fest \u2013 so wird automatisch die K\u00fchlung gestartet, wenn es Ihrem Haustier drinnen zu hei\u00df wird. Sobald die eingestellte Temperatur \u00fcberschritten wird, erhalten Sie zudem eine Benachrichtigung \u00fcber die App.<\/li>\n<li>Entfeuchtungsfunktion: Passt die Luftfeuchtigkeit auf das gew\u00fcnschte Niveau an, damit Sie sich auch w\u00e4hrend der Regenzeit wohlf\u00fchlen.<\/li>\n<li>Schlafmodus: Arbeitet mit nur 44 dB, etwa so laut wie ein ruhiges Gespr\u00e4ch und sorgt f\u00fcr ungest\u00f6rten Schlaf.<\/li>\n<li>Wasserablauf-Erinnerung: Wenn der Wassertank fast voll ist, erinnert die App an die Entleerung f\u00fcr optimale Leistung.<\/li>\n<li>15\u202fMinuten f\u00fcr sofortige Abk\u00fchlung oder wohlige W\u00e4rme<\/li>\n<li>8 Stunden kabelloser Komfort mit der Zusatzbatterie<\/li>\n<li>Einfache Installation<\/li>\n<li>Vielf\u00e4ltige M\u00f6glichketen zu Aufladen<\/li>\n<li>Nahtlose Steuerung per EcoFlow App<\/li>\n<\/ul>\n<p>\nTechnische Daten<\/p>\n<ul>\n<li>Abmessungen: 519 \u00d7 297 \u00d7 336 mm<\/li>\n<li>K\u00fchlleistung: 1800 W (6 100 BTU)<\/li>\n<li>Heizleistung: 2000W (6 800 BTU)<\/li>\n<li>Temperatur-Einstellbereich: 16-30 \u2103<\/li>\n<li>K\u00e4ltemittel\/Menge: R290\/112 g<\/li>\n<li>Luftmenge: 330 m\u00b3\/h<\/li>\n<li>Nennk\u00fchlleistung (AC\/DC): 690 W\/640 W<\/li>\n<li>Nenneingangsleistung der Heizung (AC\/DC): 645 W \/ 606 W<\/li>\n<li>K\u00fchleffizienz (AC\/DC): 2,6\/2,8<\/li>\n<li>Heizeffizienz (AC\/DC): 3,1\/3,3<\/li>\n<li>AC Eingang: 100-240 V~ 50\/60 Hz, 820 W max.<\/li>\n<li>Zusatzbatterie-Eingang: 700 W max.<\/li>\n<li>Betriebstemperatur: 5-50 \u2103<\/li>\n<li>IP-Schutzklasse: IPX4<\/li>\n<li>Betriebsger\u00e4usch: 44-58 dB<\/li>\n<li>Fernsteuerung: App (WLAN (2.4G\/5G), Bluetooth)<\/li>\n<li>Laufzeit mit EcoFlow Zusatzbatterie: 2-8 Std.<\/li>\n<li>Gewicht: ca. 15,6 kg<\/li>\n<\/ul>\n<p>Lieferumfang:<\/p>\n<ul>\n<li>WAVE 3 Klimaanlage<\/li>\n<li>Isolierte Abluftleitung<\/li>\n<li>Kabelwickler<\/li>\n<li>Abluftleitung-Adapterabdeckungen (A, B, C)<\/li>\n<li>Abflussrohr<\/li>\n<li>Schablone f\u00fcr Leitungsgr\u00f6\u00dfe<\/li>\n<li>Anleitung<\/li>\n<\/ul>\n<p>Optionales Zubeh\u00f6r:<br \/>\nWave 3 Zusatzakku<\/p>\n","protected":false},"excerpt":{"rendered":"<p>Die Ecoflow Wave 3 tragbare Klimaanlage ist f\u00fcr jedes Szenario gemacht. Mit einer K\u00fchlleistung von 6100\u202fBTU (Temperaturabsenkung um ca. 8\u202f\u00b0C in nur 15\u202fMinuten) und einer Heizleistung von 6800\u202fBTU (Temperaturerh\u00f6hung um ca. 9,5\u202f\u00b0C in 15\u202fMinuten) sorgt sie zuverl\u00e4ssig f\u00fcr angenehme Bedingungen in jeder Umgebung. Smarte Steuerung mit EcoFlow OASIS Verwalten Sie alles ganz einfach \u2013 von [&hellip;]<\/p>\n","protected":false},"featured_media":236501,"template":"","meta":{"_acf_changed":false},"product_featured_cat":[],"product_brand":[3629],"product_cat":[4090],"product_tag":[],"class_list":{"0":"post-236511","1":"product","2":"type-product","3":"status-publish","4":"has-post-thumbnail","6":"product_brand-ecoflow-de","7":"product_cat-klimaanlagen","9":"first","10":"instock","11":"taxable","12":"shipping-taxable","13":"purchasable","14":"product-type-simple"},"acf":[],"yoast_head":"<!-- This site is optimized with the Yoast SEO plugin v27.5 - https:\/\/yoast.com\/product\/yoast-seo-wordpress\/ -->\n<title>Klimaanlage ECOFLOW Wave 2 Set mit Zusatzakku - Bantam<\/title>\n<meta name=\"robots\" content=\"index, follow, max-snippet:-1, max-image-preview:large, max-video-preview:-1\" \/>\n<link rel=\"canonical\" href=\"https:\/\/shop.bantam.ch\/de\/produkt\/klimaanlage-ecoflow-wave-2-set-mit-zusatzakku\/\" \/>\n<meta property=\"og:locale\" content=\"de_DE\" \/>\n<meta property=\"og:type\" content=\"article\" \/>\n<meta property=\"og:title\" content=\"Klimaanlage ECOFLOW Wave 2 Set mit Zusatzakku - Bantam\" \/>\n<meta property=\"og:description\" content=\"Die Ecoflow Wave 3 tragbare Klimaanlage ist f\u00fcr jedes Szenario gemacht. Mit einer K\u00fchlleistung von 6100\u202fBTU (Temperaturabsenkung um ca. 8\u202f\u00b0C in nur 15\u202fMinuten) und einer Heizleistung von 6800\u202fBTU (Temperaturerh\u00f6hung um ca. 9,5\u202f\u00b0C in 15\u202fMinuten) sorgt sie zuverl\u00e4ssig f\u00fcr angenehme Bedingungen in jeder Umgebung. Smarte Steuerung mit EcoFlow OASIS Verwalten Sie alles ganz einfach \u2013 von [&hellip;]\" \/>\n<meta property=\"og:url\" content=\"https:\/\/shop.bantam.ch\/de\/produkt\/klimaanlage-ecoflow-wave-2-set-mit-zusatzakku\/\" \/>\n<meta property=\"og:site_name\" content=\"Bantam\" \/>\n<meta property=\"article:modified_time\" content=\"2026-05-05T21:58:47+00:00\" \/>\n<meta property=\"og:image\" content=\"https:\/\/shop.bantam.ch\/wp-content\/uploads\/2026\/04\/Movera-L-9947028100.png\" \/>\n\t<meta property=\"og:image:width\" content=\"640\" \/>\n\t<meta property=\"og:image:height\" content=\"360\" \/>\n\t<meta property=\"og:image:type\" content=\"image\/png\" \/>\n<meta name=\"twitter:card\" content=\"summary_large_image\" \/>\n<meta name=\"twitter:label1\" content=\"Gesch\u00e4tzte Lesezeit\" \/>\n\t<meta name=\"twitter:data1\" content=\"2\u00a0Minuten\" \/>\n<script type=\"application\/ld+json\" class=\"yoast-schema-graph\">{\"@context\":\"https:\\\/\\\/schema.org\",\"@graph\":[{\"@type\":\"WebPage\",\"@id\":\"https:\\\/\\\/shop.bantam.ch\\\/de\\\/produkt\\\/klimaanlage-ecoflow-wave-2-set-mit-zusatzakku\\\/\",\"url\":\"https:\\\/\\\/shop.bantam.ch\\\/de\\\/produkt\\\/klimaanlage-ecoflow-wave-2-set-mit-zusatzakku\\\/\",\"name\":\"Klimaanlage ECOFLOW Wave 2 Set mit Zusatzakku - Bantam\",\"isPartOf\":{\"@id\":\"https:\\\/\\\/shop.bantam.ch\\\/de\\\/#website\"},\"primaryImageOfPage\":{\"@id\":\"https:\\\/\\\/shop.bantam.ch\\\/de\\\/produkt\\\/klimaanlage-ecoflow-wave-2-set-mit-zusatzakku\\\/#primaryimage\"},\"image\":{\"@id\":\"https:\\\/\\\/shop.bantam.ch\\\/de\\\/produkt\\\/klimaanlage-ecoflow-wave-2-set-mit-zusatzakku\\\/#primaryimage\"},\"thumbnailUrl\":\"https:\\\/\\\/shop.bantam.ch\\\/wp-content\\\/uploads\\\/2026\\\/04\\\/Movera-L-9947028100.png\",\"datePublished\":\"2026-04-29T14:51:47+00:00\",\"dateModified\":\"2026-05-05T21:58:47+00:00\",\"breadcrumb\":{\"@id\":\"https:\\\/\\\/shop.bantam.ch\\\/de\\\/produkt\\\/klimaanlage-ecoflow-wave-2-set-mit-zusatzakku\\\/#breadcrumb\"},\"inLanguage\":\"de\",\"potentialAction\":[{\"@type\":\"ReadAction\",\"target\":[\"https:\\\/\\\/shop.bantam.ch\\\/de\\\/produkt\\\/klimaanlage-ecoflow-wave-2-set-mit-zusatzakku\\\/\"]}]},{\"@type\":\"ImageObject\",\"inLanguage\":\"de\",\"@id\":\"https:\\\/\\\/shop.bantam.ch\\\/de\\\/produkt\\\/klimaanlage-ecoflow-wave-2-set-mit-zusatzakku\\\/#primaryimage\",\"url\":\"https:\\\/\\\/shop.bantam.ch\\\/wp-content\\\/uploads\\\/2026\\\/04\\\/Movera-L-9947028100.png\",\"contentUrl\":\"https:\\\/\\\/shop.bantam.ch\\\/wp-content\\\/uploads\\\/2026\\\/04\\\/Movera-L-9947028100.png\",\"width\":640,\"height\":360},{\"@type\":\"BreadcrumbList\",\"@id\":\"https:\\\/\\\/shop.bantam.ch\\\/de\\\/produkt\\\/klimaanlage-ecoflow-wave-2-set-mit-zusatzakku\\\/#breadcrumb\",\"itemListElement\":[{\"@type\":\"ListItem\",\"position\":1,\"name\":\"Accueil\",\"item\":\"https:\\\/\\\/shop.bantam.ch\\\/de\\\/\"},{\"@type\":\"ListItem\",\"position\":2,\"name\":\"Shop\",\"item\":\"https:\\\/\\\/shop.bantam.ch\\\/de\\\/shop\\\/\"},{\"@type\":\"ListItem\",\"position\":3,\"name\":\"Klimaanlage ECOFLOW Wave 2 Set mit Zusatzakku\"}]},{\"@type\":\"WebSite\",\"@id\":\"https:\\\/\\\/shop.bantam.ch\\\/de\\\/#website\",\"url\":\"https:\\\/\\\/shop.bantam.ch\\\/de\\\/\",\"name\":\"Bantam\",\"description\":\"\",\"publisher\":{\"@id\":\"https:\\\/\\\/shop.bantam.ch\\\/de\\\/#organization\"},\"inLanguage\":\"de\"},{\"@type\":\"Organization\",\"@id\":\"https:\\\/\\\/shop.bantam.ch\\\/de\\\/#organization\",\"name\":\"Bantam\",\"url\":\"https:\\\/\\\/shop.bantam.ch\\\/de\\\/\",\"logo\":{\"@type\":\"ImageObject\",\"inLanguage\":\"de\",\"@id\":\"https:\\\/\\\/shop.bantam.ch\\\/de\\\/#\\\/schema\\\/logo\\\/image\\\/\",\"url\":\"https:\\\/\\\/shop.bantam.ch\\\/wp-content\\\/uploads\\\/2022\\\/12\\\/bantam-logo.png\",\"contentUrl\":\"https:\\\/\\\/shop.bantam.ch\\\/wp-content\\\/uploads\\\/2022\\\/12\\\/bantam-logo.png\",\"width\":320,\"height\":71,\"caption\":\"Bantam\"},\"image\":{\"@id\":\"https:\\\/\\\/shop.bantam.ch\\\/de\\\/#\\\/schema\\\/logo\\\/image\\\/\"}}]}<\/script>\n<!-- \/ Yoast SEO plugin. -->","yoast_head_json":{"title":"Klimaanlage ECOFLOW Wave 2 Set mit Zusatzakku - Bantam","robots":{"index":"index","follow":"follow","max-snippet":"max-snippet:-1","max-image-preview":"max-image-preview:large","max-video-preview":"max-video-preview:-1"},"canonical":"https:\/\/shop.bantam.ch\/de\/produkt\/klimaanlage-ecoflow-wave-2-set-mit-zusatzakku\/","og_locale":"de_DE","og_type":"article","og_title":"Klimaanlage ECOFLOW Wave 2 Set mit Zusatzakku - Bantam","og_description":"Die Ecoflow Wave 3 tragbare Klimaanlage ist f\u00fcr jedes Szenario gemacht. Mit einer K\u00fchlleistung von 6100\u202fBTU (Temperaturabsenkung um ca. 8\u202f\u00b0C in nur 15\u202fMinuten) und einer Heizleistung von 6800\u202fBTU (Temperaturerh\u00f6hung um ca. 9,5\u202f\u00b0C in 15\u202fMinuten) sorgt sie zuverl\u00e4ssig f\u00fcr angenehme Bedingungen in jeder Umgebung. Smarte Steuerung mit EcoFlow OASIS Verwalten Sie alles ganz einfach \u2013 von [&hellip;]","og_url":"https:\/\/shop.bantam.ch\/de\/produkt\/klimaanlage-ecoflow-wave-2-set-mit-zusatzakku\/","og_site_name":"Bantam","article_modified_time":"2026-05-05T21:58:47+00:00","og_image":[{"width":640,"height":360,"url":"https:\/\/shop.bantam.ch\/wp-content\/uploads\/2026\/04\/Movera-L-9947028100.png","type":"image\/png"}],"twitter_card":"summary_large_image","twitter_misc":{"Gesch\u00e4tzte Lesezeit":"2\u00a0Minuten"},"schema":{"@context":"https:\/\/schema.org","@graph":[{"@type":"WebPage","@id":"https:\/\/shop.bantam.ch\/de\/produkt\/klimaanlage-ecoflow-wave-2-set-mit-zusatzakku\/","url":"https:\/\/shop.bantam.ch\/de\/produkt\/klimaanlage-ecoflow-wave-2-set-mit-zusatzakku\/","name":"Klimaanlage ECOFLOW Wave 2 Set mit Zusatzakku - Bantam","isPartOf":{"@id":"https:\/\/shop.bantam.ch\/de\/#website"},"primaryImageOfPage":{"@id":"https:\/\/shop.bantam.ch\/de\/produkt\/klimaanlage-ecoflow-wave-2-set-mit-zusatzakku\/#primaryimage"},"image":{"@id":"https:\/\/shop.bantam.ch\/de\/produkt\/klimaanlage-ecoflow-wave-2-set-mit-zusatzakku\/#primaryimage"},"thumbnailUrl":"https:\/\/shop.bantam.ch\/wp-content\/uploads\/2026\/04\/Movera-L-9947028100.png","datePublished":"2026-04-29T14:51:47+00:00","dateModified":"2026-05-05T21:58:47+00:00","breadcrumb":{"@id":"https:\/\/shop.bantam.ch\/de\/produkt\/klimaanlage-ecoflow-wave-2-set-mit-zusatzakku\/#breadcrumb"},"inLanguage":"de","potentialAction":[{"@type":"ReadAction","target":["https:\/\/shop.bantam.ch\/de\/produkt\/klimaanlage-ecoflow-wave-2-set-mit-zusatzakku\/"]}]},{"@type":"ImageObject","inLanguage":"de","@id":"https:\/\/shop.bantam.ch\/de\/produkt\/klimaanlage-ecoflow-wave-2-set-mit-zusatzakku\/#primaryimage","url":"https:\/\/shop.bantam.ch\/wp-content\/uploads\/2026\/04\/Movera-L-9947028100.png","contentUrl":"https:\/\/shop.bantam.ch\/wp-content\/uploads\/2026\/04\/Movera-L-9947028100.png","width":640,"height":360},{"@type":"BreadcrumbList","@id":"https:\/\/shop.bantam.ch\/de\/produkt\/klimaanlage-ecoflow-wave-2-set-mit-zusatzakku\/#breadcrumb","itemListElement":[{"@type":"ListItem","position":1,"name":"Accueil","item":"https:\/\/shop.bantam.ch\/de\/"},{"@type":"ListItem","position":2,"name":"Shop","item":"https:\/\/shop.bantam.ch\/de\/shop\/"},{"@type":"ListItem","position":3,"name":"Klimaanlage ECOFLOW Wave 2 Set mit Zusatzakku"}]},{"@type":"WebSite","@id":"https:\/\/shop.bantam.ch\/de\/#website","url":"https:\/\/shop.bantam.ch\/de\/","name":"Bantam","description":"","publisher":{"@id":"https:\/\/shop.bantam.ch\/de\/#organization"},"inLanguage":"de"},{"@type":"Organization","@id":"https:\/\/shop.bantam.ch\/de\/#organization","name":"Bantam","url":"https:\/\/shop.bantam.ch\/de\/","logo":{"@type":"ImageObject","inLanguage":"de","@id":"https:\/\/shop.bantam.ch\/de\/#\/schema\/logo\/image\/","url":"https:\/\/shop.bantam.ch\/wp-content\/uploads\/2022\/12\/bantam-logo.png","contentUrl":"https:\/\/shop.bantam.ch\/wp-content\/uploads\/2022\/12\/bantam-logo.png","width":320,"height":71,"caption":"Bantam"},"image":{"@id":"https:\/\/shop.bantam.ch\/de\/#\/schema\/logo\/image\/"}}]}},"_links":{"self":[{"href":"https:\/\/shop.bantam.ch\/de\/wp-json\/wp\/v2\/product\/236511","targetHints":{"allow":["GET"]}}],"collection":[{"href":"https:\/\/shop.bantam.ch\/de\/wp-json\/wp\/v2\/product"}],"about":[{"href":"https:\/\/shop.bantam.ch\/de\/wp-json\/wp\/v2\/types\/product"}],"wp:featuredmedia":[{"embeddable":true,"href":"https:\/\/shop.bantam.ch\/de\/wp-json\/wp\/v2\/media\/236501"}],"wp:attachment":[{"href":"https:\/\/shop.bantam.ch\/de\/wp-json\/wp\/v2\/media?parent=236511"}],"wp:term":[{"taxonomy":"product_featured_cat","embeddable":true,"href":"https:\/\/shop.bantam.ch\/de\/wp-json\/wp\/v2\/product_featured_cat?post=236511"},{"taxonomy":"product_brand","embeddable":true,"href":"https:\/\/shop.bantam.ch\/de\/wp-json\/wp\/v2\/product_brand?post=236511"},{"taxonomy":"product_cat","embeddable":true,"href":"https:\/\/shop.bantam.ch\/de\/wp-json\/wp\/v2\/product_cat?post=236511"},{"taxonomy":"product_tag","embeddable":true,"href":"https:\/\/shop.bantam.ch\/de\/wp-json\/wp\/v2\/product_tag?post=236511"}],"curies":[{"name":"wp","href":"https:\/\/api.w.org\/{rel}","templated":true}]}}