{"id":236497,"date":"2026-04-29T16:44:10","date_gmt":"2026-04-29T14:44:10","guid":{"rendered":"https:\/\/shop.bantam.ch\/produit\/rueckfahrkamera-twin-shutter-caratec-mit-chinchadapter-inkl-20m-anschlussleitung\/"},"modified":"2026-05-11T23:59:27","modified_gmt":"2026-05-11T21:59:27","slug":"rueckfahrkamera-twin-shutter-caratec-mit-chinchadapter-inkl-20m-anschlussleitung","status":"publish","type":"product","link":"https:\/\/shop.bantam.ch\/de\/produkt\/rueckfahrkamera-twin-shutter-caratec-mit-chinchadapter-inkl-20m-anschlussleitung\/","title":{"rendered":"R\u00fcckfahrkamera Twin Shutter Caratec mit Chinchadapter inkl. 20m Anschlussleitung"},"content":{"rendered":"<p>Die CS100TSLA ist die Twin-Shutter-Kamera von Caratec. Sie vereint zwei Kameras in einem Geh\u00e4use und erm\u00f6glicht damit die optimale Sicht auf den nachfolgenden Verkehr w\u00e4hrend der Fahrt sowie den Bereich hinter dem Fahrzeug beim Rangieren. Der motorbetriebene Shutter sch\u00fctzt die Kameralinse vor Verschmutzung. Ein integriertes Wischgummi reinigt bei jeder Bet\u00e4tigung das Glas vor den beiden Kameras und dient gleichzeitig als zus\u00e4tzliche Abdichtung. Durch den direkten Anschluss ist keine Umschaltbox mehr erforderlich, die Umschaltung zwischen den beiden Kameras erfolgt einfach und bequem am Navi-Bildschirm. Beim Einlegen des R\u00fcckw\u00e4rtsgangs wird<br \/>\ndie Sicht nach unten automatisch aktiviert.<br \/>\nLieferumfang: inklusivee CS100TSU, zwei Cinch-Adaptern, 20 m Anschlussleitung.<\/p>\n","protected":false},"excerpt":{"rendered":"<p>Die CS100TSLA ist die Twin-Shutter-Kamera von Caratec. Sie vereint zwei Kameras in einem Geh\u00e4use und erm\u00f6glicht damit die optimale Sicht auf den nachfolgenden Verkehr w\u00e4hrend der Fahrt sowie den Bereich hinter dem Fahrzeug beim Rangieren. Der motorbetriebene Shutter sch\u00fctzt die Kameralinse vor Verschmutzung. Ein integriertes Wischgummi reinigt bei jeder Bet\u00e4tigung das Glas vor den beiden [&hellip;]<\/p>\n","protected":false},"featured_media":236495,"template":"","meta":{"_acf_changed":false},"product_featured_cat":[],"product_brand":[3071],"product_cat":[5002],"product_tag":[],"class_list":{"0":"post-236497","1":"product","2":"type-product","3":"status-publish","4":"has-post-thumbnail","6":"product_brand-caratec-de","7":"product_cat-kameras","9":"first","10":"instock","11":"taxable","12":"shipping-taxable","13":"purchasable","14":"product-type-simple"},"acf":[],"yoast_head":"<!-- This site is optimized with the Yoast SEO plugin v27.5 - https:\/\/yoast.com\/product\/yoast-seo-wordpress\/ -->\n<title>R\u00fcckfahrkamera Twin Shutter Caratec mit Chinchadapter inkl. 20m Anschlussleitung - Bantam<\/title>\n<meta name=\"robots\" content=\"index, follow, max-snippet:-1, max-image-preview:large, max-video-preview:-1\" \/>\n<link rel=\"canonical\" href=\"https:\/\/shop.bantam.ch\/de\/produkt\/rueckfahrkamera-twin-shutter-caratec-mit-chinchadapter-inkl-20m-anschlussleitung\/\" \/>\n<meta property=\"og:locale\" content=\"de_DE\" \/>\n<meta property=\"og:type\" content=\"article\" \/>\n<meta property=\"og:title\" content=\"R\u00fcckfahrkamera Twin Shutter Caratec mit Chinchadapter inkl. 20m Anschlussleitung - Bantam\" \/>\n<meta property=\"og:description\" content=\"Die CS100TSLA ist die Twin-Shutter-Kamera von Caratec. Sie vereint zwei Kameras in einem Geh\u00e4use und erm\u00f6glicht damit die optimale Sicht auf den nachfolgenden Verkehr w\u00e4hrend der Fahrt sowie den Bereich hinter dem Fahrzeug beim Rangieren. Der motorbetriebene Shutter sch\u00fctzt die Kameralinse vor Verschmutzung. Ein integriertes Wischgummi reinigt bei jeder Bet\u00e4tigung das Glas vor den beiden [&hellip;]\" \/>\n<meta property=\"og:url\" content=\"https:\/\/shop.bantam.ch\/de\/produkt\/rueckfahrkamera-twin-shutter-caratec-mit-chinchadapter-inkl-20m-anschlussleitung\/\" \/>\n<meta property=\"og:site_name\" content=\"Bantam\" \/>\n<meta property=\"article:modified_time\" content=\"2026-05-11T21:59:27+00:00\" \/>\n<meta property=\"og:image\" content=\"https:\/\/shop.bantam.ch\/wp-content\/uploads\/2026\/04\/Movera-L-9947004100.jpg\" \/>\n\t<meta property=\"og:image:width\" content=\"494\" \/>\n\t<meta property=\"og:image:height\" content=\"494\" \/>\n\t<meta property=\"og:image:type\" content=\"image\/jpeg\" \/>\n<meta name=\"twitter:card\" content=\"summary_large_image\" \/>\n<meta name=\"twitter:label1\" content=\"Gesch\u00e4tzte Lesezeit\" \/>\n\t<meta name=\"twitter:data1\" content=\"1\u00a0Minute\" \/>\n<script type=\"application\/ld+json\" class=\"yoast-schema-graph\">{\"@context\":\"https:\\\/\\\/schema.org\",\"@graph\":[{\"@type\":\"WebPage\",\"@id\":\"https:\\\/\\\/shop.bantam.ch\\\/de\\\/produkt\\\/rueckfahrkamera-twin-shutter-caratec-mit-chinchadapter-inkl-20m-anschlussleitung\\\/\",\"url\":\"https:\\\/\\\/shop.bantam.ch\\\/de\\\/produkt\\\/rueckfahrkamera-twin-shutter-caratec-mit-chinchadapter-inkl-20m-anschlussleitung\\\/\",\"name\":\"R\u00fcckfahrkamera Twin Shutter Caratec mit Chinchadapter inkl. 20m Anschlussleitung - Bantam\",\"isPartOf\":{\"@id\":\"https:\\\/\\\/shop.bantam.ch\\\/de\\\/#website\"},\"primaryImageOfPage\":{\"@id\":\"https:\\\/\\\/shop.bantam.ch\\\/de\\\/produkt\\\/rueckfahrkamera-twin-shutter-caratec-mit-chinchadapter-inkl-20m-anschlussleitung\\\/#primaryimage\"},\"image\":{\"@id\":\"https:\\\/\\\/shop.bantam.ch\\\/de\\\/produkt\\\/rueckfahrkamera-twin-shutter-caratec-mit-chinchadapter-inkl-20m-anschlussleitung\\\/#primaryimage\"},\"thumbnailUrl\":\"https:\\\/\\\/shop.bantam.ch\\\/wp-content\\\/uploads\\\/2026\\\/04\\\/Movera-L-9947004100.jpg\",\"datePublished\":\"2026-04-29T14:44:10+00:00\",\"dateModified\":\"2026-05-11T21:59:27+00:00\",\"breadcrumb\":{\"@id\":\"https:\\\/\\\/shop.bantam.ch\\\/de\\\/produkt\\\/rueckfahrkamera-twin-shutter-caratec-mit-chinchadapter-inkl-20m-anschlussleitung\\\/#breadcrumb\"},\"inLanguage\":\"de\",\"potentialAction\":[{\"@type\":\"ReadAction\",\"target\":[\"https:\\\/\\\/shop.bantam.ch\\\/de\\\/produkt\\\/rueckfahrkamera-twin-shutter-caratec-mit-chinchadapter-inkl-20m-anschlussleitung\\\/\"]}]},{\"@type\":\"ImageObject\",\"inLanguage\":\"de\",\"@id\":\"https:\\\/\\\/shop.bantam.ch\\\/de\\\/produkt\\\/rueckfahrkamera-twin-shutter-caratec-mit-chinchadapter-inkl-20m-anschlussleitung\\\/#primaryimage\",\"url\":\"https:\\\/\\\/shop.bantam.ch\\\/wp-content\\\/uploads\\\/2026\\\/04\\\/Movera-L-9947004100.jpg\",\"contentUrl\":\"https:\\\/\\\/shop.bantam.ch\\\/wp-content\\\/uploads\\\/2026\\\/04\\\/Movera-L-9947004100.jpg\",\"width\":494,\"height\":494},{\"@type\":\"BreadcrumbList\",\"@id\":\"https:\\\/\\\/shop.bantam.ch\\\/de\\\/produkt\\\/rueckfahrkamera-twin-shutter-caratec-mit-chinchadapter-inkl-20m-anschlussleitung\\\/#breadcrumb\",\"itemListElement\":[{\"@type\":\"ListItem\",\"position\":1,\"name\":\"Accueil\",\"item\":\"https:\\\/\\\/shop.bantam.ch\\\/de\\\/\"},{\"@type\":\"ListItem\",\"position\":2,\"name\":\"Shop\",\"item\":\"https:\\\/\\\/shop.bantam.ch\\\/de\\\/shop\\\/\"},{\"@type\":\"ListItem\",\"position\":3,\"name\":\"R\u00fcckfahrkamera Twin Shutter Caratec mit Chinchadapter inkl. 20m Anschlussleitung\"}]},{\"@type\":\"WebSite\",\"@id\":\"https:\\\/\\\/shop.bantam.ch\\\/de\\\/#website\",\"url\":\"https:\\\/\\\/shop.bantam.ch\\\/de\\\/\",\"name\":\"Bantam\",\"description\":\"\",\"publisher\":{\"@id\":\"https:\\\/\\\/shop.bantam.ch\\\/de\\\/#organization\"},\"inLanguage\":\"de\"},{\"@type\":\"Organization\",\"@id\":\"https:\\\/\\\/shop.bantam.ch\\\/de\\\/#organization\",\"name\":\"Bantam\",\"url\":\"https:\\\/\\\/shop.bantam.ch\\\/de\\\/\",\"logo\":{\"@type\":\"ImageObject\",\"inLanguage\":\"de\",\"@id\":\"https:\\\/\\\/shop.bantam.ch\\\/de\\\/#\\\/schema\\\/logo\\\/image\\\/\",\"url\":\"https:\\\/\\\/shop.bantam.ch\\\/wp-content\\\/uploads\\\/2022\\\/12\\\/bantam-logo.png\",\"contentUrl\":\"https:\\\/\\\/shop.bantam.ch\\\/wp-content\\\/uploads\\\/2022\\\/12\\\/bantam-logo.png\",\"width\":320,\"height\":71,\"caption\":\"Bantam\"},\"image\":{\"@id\":\"https:\\\/\\\/shop.bantam.ch\\\/de\\\/#\\\/schema\\\/logo\\\/image\\\/\"}}]}<\/script>\n<!-- \/ Yoast SEO plugin. -->","yoast_head_json":{"title":"R\u00fcckfahrkamera Twin Shutter Caratec mit Chinchadapter inkl. 20m Anschlussleitung - Bantam","robots":{"index":"index","follow":"follow","max-snippet":"max-snippet:-1","max-image-preview":"max-image-preview:large","max-video-preview":"max-video-preview:-1"},"canonical":"https:\/\/shop.bantam.ch\/de\/produkt\/rueckfahrkamera-twin-shutter-caratec-mit-chinchadapter-inkl-20m-anschlussleitung\/","og_locale":"de_DE","og_type":"article","og_title":"R\u00fcckfahrkamera Twin Shutter Caratec mit Chinchadapter inkl. 20m Anschlussleitung - Bantam","og_description":"Die CS100TSLA ist die Twin-Shutter-Kamera von Caratec. Sie vereint zwei Kameras in einem Geh\u00e4use und erm\u00f6glicht damit die optimale Sicht auf den nachfolgenden Verkehr w\u00e4hrend der Fahrt sowie den Bereich hinter dem Fahrzeug beim Rangieren. Der motorbetriebene Shutter sch\u00fctzt die Kameralinse vor Verschmutzung. Ein integriertes Wischgummi reinigt bei jeder Bet\u00e4tigung das Glas vor den beiden [&hellip;]","og_url":"https:\/\/shop.bantam.ch\/de\/produkt\/rueckfahrkamera-twin-shutter-caratec-mit-chinchadapter-inkl-20m-anschlussleitung\/","og_site_name":"Bantam","article_modified_time":"2026-05-11T21:59:27+00:00","og_image":[{"width":494,"height":494,"url":"https:\/\/shop.bantam.ch\/wp-content\/uploads\/2026\/04\/Movera-L-9947004100.jpg","type":"image\/jpeg"}],"twitter_card":"summary_large_image","twitter_misc":{"Gesch\u00e4tzte Lesezeit":"1\u00a0Minute"},"schema":{"@context":"https:\/\/schema.org","@graph":[{"@type":"WebPage","@id":"https:\/\/shop.bantam.ch\/de\/produkt\/rueckfahrkamera-twin-shutter-caratec-mit-chinchadapter-inkl-20m-anschlussleitung\/","url":"https:\/\/shop.bantam.ch\/de\/produkt\/rueckfahrkamera-twin-shutter-caratec-mit-chinchadapter-inkl-20m-anschlussleitung\/","name":"R\u00fcckfahrkamera Twin Shutter Caratec mit Chinchadapter inkl. 20m Anschlussleitung - Bantam","isPartOf":{"@id":"https:\/\/shop.bantam.ch\/de\/#website"},"primaryImageOfPage":{"@id":"https:\/\/shop.bantam.ch\/de\/produkt\/rueckfahrkamera-twin-shutter-caratec-mit-chinchadapter-inkl-20m-anschlussleitung\/#primaryimage"},"image":{"@id":"https:\/\/shop.bantam.ch\/de\/produkt\/rueckfahrkamera-twin-shutter-caratec-mit-chinchadapter-inkl-20m-anschlussleitung\/#primaryimage"},"thumbnailUrl":"https:\/\/shop.bantam.ch\/wp-content\/uploads\/2026\/04\/Movera-L-9947004100.jpg","datePublished":"2026-04-29T14:44:10+00:00","dateModified":"2026-05-11T21:59:27+00:00","breadcrumb":{"@id":"https:\/\/shop.bantam.ch\/de\/produkt\/rueckfahrkamera-twin-shutter-caratec-mit-chinchadapter-inkl-20m-anschlussleitung\/#breadcrumb"},"inLanguage":"de","potentialAction":[{"@type":"ReadAction","target":["https:\/\/shop.bantam.ch\/de\/produkt\/rueckfahrkamera-twin-shutter-caratec-mit-chinchadapter-inkl-20m-anschlussleitung\/"]}]},{"@type":"ImageObject","inLanguage":"de","@id":"https:\/\/shop.bantam.ch\/de\/produkt\/rueckfahrkamera-twin-shutter-caratec-mit-chinchadapter-inkl-20m-anschlussleitung\/#primaryimage","url":"https:\/\/shop.bantam.ch\/wp-content\/uploads\/2026\/04\/Movera-L-9947004100.jpg","contentUrl":"https:\/\/shop.bantam.ch\/wp-content\/uploads\/2026\/04\/Movera-L-9947004100.jpg","width":494,"height":494},{"@type":"BreadcrumbList","@id":"https:\/\/shop.bantam.ch\/de\/produkt\/rueckfahrkamera-twin-shutter-caratec-mit-chinchadapter-inkl-20m-anschlussleitung\/#breadcrumb","itemListElement":[{"@type":"ListItem","position":1,"name":"Accueil","item":"https:\/\/shop.bantam.ch\/de\/"},{"@type":"ListItem","position":2,"name":"Shop","item":"https:\/\/shop.bantam.ch\/de\/shop\/"},{"@type":"ListItem","position":3,"name":"R\u00fcckfahrkamera Twin Shutter Caratec mit Chinchadapter inkl. 20m Anschlussleitung"}]},{"@type":"WebSite","@id":"https:\/\/shop.bantam.ch\/de\/#website","url":"https:\/\/shop.bantam.ch\/de\/","name":"Bantam","description":"","publisher":{"@id":"https:\/\/shop.bantam.ch\/de\/#organization"},"inLanguage":"de"},{"@type":"Organization","@id":"https:\/\/shop.bantam.ch\/de\/#organization","name":"Bantam","url":"https:\/\/shop.bantam.ch\/de\/","logo":{"@type":"ImageObject","inLanguage":"de","@id":"https:\/\/shop.bantam.ch\/de\/#\/schema\/logo\/image\/","url":"https:\/\/shop.bantam.ch\/wp-content\/uploads\/2022\/12\/bantam-logo.png","contentUrl":"https:\/\/shop.bantam.ch\/wp-content\/uploads\/2022\/12\/bantam-logo.png","width":320,"height":71,"caption":"Bantam"},"image":{"@id":"https:\/\/shop.bantam.ch\/de\/#\/schema\/logo\/image\/"}}]}},"_links":{"self":[{"href":"https:\/\/shop.bantam.ch\/de\/wp-json\/wp\/v2\/product\/236497","targetHints":{"allow":["GET"]}}],"collection":[{"href":"https:\/\/shop.bantam.ch\/de\/wp-json\/wp\/v2\/product"}],"about":[{"href":"https:\/\/shop.bantam.ch\/de\/wp-json\/wp\/v2\/types\/product"}],"wp:featuredmedia":[{"embeddable":true,"href":"https:\/\/shop.bantam.ch\/de\/wp-json\/wp\/v2\/media\/236495"}],"wp:attachment":[{"href":"https:\/\/shop.bantam.ch\/de\/wp-json\/wp\/v2\/media?parent=236497"}],"wp:term":[{"taxonomy":"product_featured_cat","embeddable":true,"href":"https:\/\/shop.bantam.ch\/de\/wp-json\/wp\/v2\/product_featured_cat?post=236497"},{"taxonomy":"product_brand","embeddable":true,"href":"https:\/\/shop.bantam.ch\/de\/wp-json\/wp\/v2\/product_brand?post=236497"},{"taxonomy":"product_cat","embeddable":true,"href":"https:\/\/shop.bantam.ch\/de\/wp-json\/wp\/v2\/product_cat?post=236497"},{"taxonomy":"product_tag","embeddable":true,"href":"https:\/\/shop.bantam.ch\/de\/wp-json\/wp\/v2\/product_tag?post=236497"}],"curies":[{"name":"wp","href":"https:\/\/api.w.org\/{rel}","templated":true}]}}