{"id":236433,"date":"2026-04-29T16:18:17","date_gmt":"2026-04-29T14:18:17","guid":{"rendered":"https:\/\/shop.bantam.ch\/produit\/keder-grau-textilummantelt-7-x-25-mm-laenge-12-m\/"},"modified":"2026-05-11T00:00:29","modified_gmt":"2026-05-10T22:00:29","slug":"keder-grau-textilummantelt-7-x-25-mm-laenge-12-m","status":"publish","type":"product","link":"https:\/\/shop.bantam.ch\/de\/produkt\/keder-grau-textilummantelt-7-x-25-mm-laenge-12-m\/","title":{"rendered":"Keder grau textilummantelt 7 x 25 mm L\u00e4nge 12 m"},"content":{"rendered":"<p>Stoffe von Markisen, Schutzfolien, Bodensch\u00fcrzen oder Vorzelten lassen sich mit normalen N\u00e4hmaschinen ann\u00e4hen. Der Durchmesser von 7 mm passt gew\u00f6hnlich in jede Kederschiene. Spezielle Ausf\u00fchrungen wie Doppelkeder bieten sich beispielsweise f\u00fcr Adapterl\u00f6sungen an. Eingearbeitet in die Schutzplane oder deren Kontur erzeugt ein Keder zus\u00e4tzliche Stabilit\u00e4t in Fl\u00e4che und Form.<\/p>\n<ul>\n<li>Keder 7 mm\u00a0<\/li>\n<li>Fahne 25 mm\u00a0<\/li>\n<li>L\u00e4nge 12 m<\/li>\n<\/ul>\n","protected":false},"excerpt":{"rendered":"<p>Stoffe von Markisen, Schutzfolien, Bodensch\u00fcrzen oder Vorzelten lassen sich mit normalen N\u00e4hmaschinen ann\u00e4hen. Der Durchmesser von 7 mm passt gew\u00f6hnlich in jede Kederschiene. Spezielle Ausf\u00fchrungen wie Doppelkeder bieten sich beispielsweise f\u00fcr Adapterl\u00f6sungen an. Eingearbeitet in die Schutzplane oder deren Kontur erzeugt ein Keder zus\u00e4tzliche Stabilit\u00e4t in Fl\u00e4che und Form. Keder 7 mm\u00a0 Fahne 25 mm\u00a0 [&hellip;]<\/p>\n","protected":false},"featured_media":236431,"template":"","meta":{"_acf_changed":false},"product_featured_cat":[],"product_brand":[3041],"product_cat":[4254],"product_tag":[],"class_list":{"0":"post-236433","1":"product","2":"type-product","3":"status-publish","4":"has-post-thumbnail","6":"product_brand-hindermann-de","7":"product_cat-aufbau-zubehoer","9":"first","10":"instock","11":"taxable","12":"shipping-taxable","13":"purchasable","14":"product-type-simple"},"acf":[],"yoast_head":"<!-- This site is optimized with the Yoast SEO plugin v27.5 - https:\/\/yoast.com\/product\/yoast-seo-wordpress\/ -->\n<title>Keder grau textilummantelt 7 x 25 mm L\u00e4nge 12 m - Bantam<\/title>\n<meta name=\"robots\" content=\"index, follow, max-snippet:-1, max-image-preview:large, max-video-preview:-1\" \/>\n<link rel=\"canonical\" href=\"https:\/\/shop.bantam.ch\/de\/produkt\/keder-grau-textilummantelt-7-x-25-mm-laenge-12-m\/\" \/>\n<meta property=\"og:locale\" content=\"de_DE\" \/>\n<meta property=\"og:type\" content=\"article\" \/>\n<meta property=\"og:title\" content=\"Keder grau textilummantelt 7 x 25 mm L\u00e4nge 12 m - Bantam\" \/>\n<meta property=\"og:description\" content=\"Stoffe von Markisen, Schutzfolien, Bodensch\u00fcrzen oder Vorzelten lassen sich mit normalen N\u00e4hmaschinen ann\u00e4hen. Der Durchmesser von 7 mm passt gew\u00f6hnlich in jede Kederschiene. Spezielle Ausf\u00fchrungen wie Doppelkeder bieten sich beispielsweise f\u00fcr Adapterl\u00f6sungen an. Eingearbeitet in die Schutzplane oder deren Kontur erzeugt ein Keder zus\u00e4tzliche Stabilit\u00e4t in Fl\u00e4che und Form. Keder 7 mm\u00a0 Fahne 25 mm\u00a0 [&hellip;]\" \/>\n<meta property=\"og:url\" content=\"https:\/\/shop.bantam.ch\/de\/produkt\/keder-grau-textilummantelt-7-x-25-mm-laenge-12-m\/\" \/>\n<meta property=\"og:site_name\" content=\"Bantam\" \/>\n<meta property=\"article:modified_time\" content=\"2026-05-10T22:00:29+00:00\" \/>\n<meta property=\"og:image\" content=\"https:\/\/shop.bantam.ch\/wp-content\/uploads\/2026\/04\/Movera-L-9940748100.png\" \/>\n\t<meta property=\"og:image:width\" content=\"592\" \/>\n\t<meta property=\"og:image:height\" content=\"592\" \/>\n\t<meta property=\"og:image:type\" content=\"image\/png\" \/>\n<meta name=\"twitter:card\" content=\"summary_large_image\" \/>\n<script type=\"application\/ld+json\" class=\"yoast-schema-graph\">{\"@context\":\"https:\\\/\\\/schema.org\",\"@graph\":[{\"@type\":\"WebPage\",\"@id\":\"https:\\\/\\\/shop.bantam.ch\\\/de\\\/produkt\\\/keder-grau-textilummantelt-7-x-25-mm-laenge-12-m\\\/\",\"url\":\"https:\\\/\\\/shop.bantam.ch\\\/de\\\/produkt\\\/keder-grau-textilummantelt-7-x-25-mm-laenge-12-m\\\/\",\"name\":\"Keder grau textilummantelt 7 x 25 mm L\u00e4nge 12 m - Bantam\",\"isPartOf\":{\"@id\":\"https:\\\/\\\/shop.bantam.ch\\\/de\\\/#website\"},\"primaryImageOfPage\":{\"@id\":\"https:\\\/\\\/shop.bantam.ch\\\/de\\\/produkt\\\/keder-grau-textilummantelt-7-x-25-mm-laenge-12-m\\\/#primaryimage\"},\"image\":{\"@id\":\"https:\\\/\\\/shop.bantam.ch\\\/de\\\/produkt\\\/keder-grau-textilummantelt-7-x-25-mm-laenge-12-m\\\/#primaryimage\"},\"thumbnailUrl\":\"https:\\\/\\\/shop.bantam.ch\\\/wp-content\\\/uploads\\\/2026\\\/04\\\/Movera-L-9940748100.png\",\"datePublished\":\"2026-04-29T14:18:17+00:00\",\"dateModified\":\"2026-05-10T22:00:29+00:00\",\"breadcrumb\":{\"@id\":\"https:\\\/\\\/shop.bantam.ch\\\/de\\\/produkt\\\/keder-grau-textilummantelt-7-x-25-mm-laenge-12-m\\\/#breadcrumb\"},\"inLanguage\":\"de\",\"potentialAction\":[{\"@type\":\"ReadAction\",\"target\":[\"https:\\\/\\\/shop.bantam.ch\\\/de\\\/produkt\\\/keder-grau-textilummantelt-7-x-25-mm-laenge-12-m\\\/\"]}]},{\"@type\":\"ImageObject\",\"inLanguage\":\"de\",\"@id\":\"https:\\\/\\\/shop.bantam.ch\\\/de\\\/produkt\\\/keder-grau-textilummantelt-7-x-25-mm-laenge-12-m\\\/#primaryimage\",\"url\":\"https:\\\/\\\/shop.bantam.ch\\\/wp-content\\\/uploads\\\/2026\\\/04\\\/Movera-L-9940748100.png\",\"contentUrl\":\"https:\\\/\\\/shop.bantam.ch\\\/wp-content\\\/uploads\\\/2026\\\/04\\\/Movera-L-9940748100.png\",\"width\":592,\"height\":592},{\"@type\":\"BreadcrumbList\",\"@id\":\"https:\\\/\\\/shop.bantam.ch\\\/de\\\/produkt\\\/keder-grau-textilummantelt-7-x-25-mm-laenge-12-m\\\/#breadcrumb\",\"itemListElement\":[{\"@type\":\"ListItem\",\"position\":1,\"name\":\"Accueil\",\"item\":\"https:\\\/\\\/shop.bantam.ch\\\/de\\\/\"},{\"@type\":\"ListItem\",\"position\":2,\"name\":\"Shop\",\"item\":\"https:\\\/\\\/shop.bantam.ch\\\/de\\\/shop\\\/\"},{\"@type\":\"ListItem\",\"position\":3,\"name\":\"Keder grau textilummantelt 7 x 25 mm L\u00e4nge 12 m\"}]},{\"@type\":\"WebSite\",\"@id\":\"https:\\\/\\\/shop.bantam.ch\\\/de\\\/#website\",\"url\":\"https:\\\/\\\/shop.bantam.ch\\\/de\\\/\",\"name\":\"Bantam\",\"description\":\"\",\"publisher\":{\"@id\":\"https:\\\/\\\/shop.bantam.ch\\\/de\\\/#organization\"},\"inLanguage\":\"de\"},{\"@type\":\"Organization\",\"@id\":\"https:\\\/\\\/shop.bantam.ch\\\/de\\\/#organization\",\"name\":\"Bantam\",\"url\":\"https:\\\/\\\/shop.bantam.ch\\\/de\\\/\",\"logo\":{\"@type\":\"ImageObject\",\"inLanguage\":\"de\",\"@id\":\"https:\\\/\\\/shop.bantam.ch\\\/de\\\/#\\\/schema\\\/logo\\\/image\\\/\",\"url\":\"https:\\\/\\\/shop.bantam.ch\\\/wp-content\\\/uploads\\\/2022\\\/12\\\/bantam-logo.png\",\"contentUrl\":\"https:\\\/\\\/shop.bantam.ch\\\/wp-content\\\/uploads\\\/2022\\\/12\\\/bantam-logo.png\",\"width\":320,\"height\":71,\"caption\":\"Bantam\"},\"image\":{\"@id\":\"https:\\\/\\\/shop.bantam.ch\\\/de\\\/#\\\/schema\\\/logo\\\/image\\\/\"}}]}<\/script>\n<!-- \/ Yoast SEO plugin. -->","yoast_head_json":{"title":"Keder grau textilummantelt 7 x 25 mm L\u00e4nge 12 m - Bantam","robots":{"index":"index","follow":"follow","max-snippet":"max-snippet:-1","max-image-preview":"max-image-preview:large","max-video-preview":"max-video-preview:-1"},"canonical":"https:\/\/shop.bantam.ch\/de\/produkt\/keder-grau-textilummantelt-7-x-25-mm-laenge-12-m\/","og_locale":"de_DE","og_type":"article","og_title":"Keder grau textilummantelt 7 x 25 mm L\u00e4nge 12 m - Bantam","og_description":"Stoffe von Markisen, Schutzfolien, Bodensch\u00fcrzen oder Vorzelten lassen sich mit normalen N\u00e4hmaschinen ann\u00e4hen. Der Durchmesser von 7 mm passt gew\u00f6hnlich in jede Kederschiene. Spezielle Ausf\u00fchrungen wie Doppelkeder bieten sich beispielsweise f\u00fcr Adapterl\u00f6sungen an. Eingearbeitet in die Schutzplane oder deren Kontur erzeugt ein Keder zus\u00e4tzliche Stabilit\u00e4t in Fl\u00e4che und Form. Keder 7 mm\u00a0 Fahne 25 mm\u00a0 [&hellip;]","og_url":"https:\/\/shop.bantam.ch\/de\/produkt\/keder-grau-textilummantelt-7-x-25-mm-laenge-12-m\/","og_site_name":"Bantam","article_modified_time":"2026-05-10T22:00:29+00:00","og_image":[{"width":592,"height":592,"url":"https:\/\/shop.bantam.ch\/wp-content\/uploads\/2026\/04\/Movera-L-9940748100.png","type":"image\/png"}],"twitter_card":"summary_large_image","schema":{"@context":"https:\/\/schema.org","@graph":[{"@type":"WebPage","@id":"https:\/\/shop.bantam.ch\/de\/produkt\/keder-grau-textilummantelt-7-x-25-mm-laenge-12-m\/","url":"https:\/\/shop.bantam.ch\/de\/produkt\/keder-grau-textilummantelt-7-x-25-mm-laenge-12-m\/","name":"Keder grau textilummantelt 7 x 25 mm L\u00e4nge 12 m - Bantam","isPartOf":{"@id":"https:\/\/shop.bantam.ch\/de\/#website"},"primaryImageOfPage":{"@id":"https:\/\/shop.bantam.ch\/de\/produkt\/keder-grau-textilummantelt-7-x-25-mm-laenge-12-m\/#primaryimage"},"image":{"@id":"https:\/\/shop.bantam.ch\/de\/produkt\/keder-grau-textilummantelt-7-x-25-mm-laenge-12-m\/#primaryimage"},"thumbnailUrl":"https:\/\/shop.bantam.ch\/wp-content\/uploads\/2026\/04\/Movera-L-9940748100.png","datePublished":"2026-04-29T14:18:17+00:00","dateModified":"2026-05-10T22:00:29+00:00","breadcrumb":{"@id":"https:\/\/shop.bantam.ch\/de\/produkt\/keder-grau-textilummantelt-7-x-25-mm-laenge-12-m\/#breadcrumb"},"inLanguage":"de","potentialAction":[{"@type":"ReadAction","target":["https:\/\/shop.bantam.ch\/de\/produkt\/keder-grau-textilummantelt-7-x-25-mm-laenge-12-m\/"]}]},{"@type":"ImageObject","inLanguage":"de","@id":"https:\/\/shop.bantam.ch\/de\/produkt\/keder-grau-textilummantelt-7-x-25-mm-laenge-12-m\/#primaryimage","url":"https:\/\/shop.bantam.ch\/wp-content\/uploads\/2026\/04\/Movera-L-9940748100.png","contentUrl":"https:\/\/shop.bantam.ch\/wp-content\/uploads\/2026\/04\/Movera-L-9940748100.png","width":592,"height":592},{"@type":"BreadcrumbList","@id":"https:\/\/shop.bantam.ch\/de\/produkt\/keder-grau-textilummantelt-7-x-25-mm-laenge-12-m\/#breadcrumb","itemListElement":[{"@type":"ListItem","position":1,"name":"Accueil","item":"https:\/\/shop.bantam.ch\/de\/"},{"@type":"ListItem","position":2,"name":"Shop","item":"https:\/\/shop.bantam.ch\/de\/shop\/"},{"@type":"ListItem","position":3,"name":"Keder grau textilummantelt 7 x 25 mm L\u00e4nge 12 m"}]},{"@type":"WebSite","@id":"https:\/\/shop.bantam.ch\/de\/#website","url":"https:\/\/shop.bantam.ch\/de\/","name":"Bantam","description":"","publisher":{"@id":"https:\/\/shop.bantam.ch\/de\/#organization"},"inLanguage":"de"},{"@type":"Organization","@id":"https:\/\/shop.bantam.ch\/de\/#organization","name":"Bantam","url":"https:\/\/shop.bantam.ch\/de\/","logo":{"@type":"ImageObject","inLanguage":"de","@id":"https:\/\/shop.bantam.ch\/de\/#\/schema\/logo\/image\/","url":"https:\/\/shop.bantam.ch\/wp-content\/uploads\/2022\/12\/bantam-logo.png","contentUrl":"https:\/\/shop.bantam.ch\/wp-content\/uploads\/2022\/12\/bantam-logo.png","width":320,"height":71,"caption":"Bantam"},"image":{"@id":"https:\/\/shop.bantam.ch\/de\/#\/schema\/logo\/image\/"}}]}},"_links":{"self":[{"href":"https:\/\/shop.bantam.ch\/de\/wp-json\/wp\/v2\/product\/236433","targetHints":{"allow":["GET"]}}],"collection":[{"href":"https:\/\/shop.bantam.ch\/de\/wp-json\/wp\/v2\/product"}],"about":[{"href":"https:\/\/shop.bantam.ch\/de\/wp-json\/wp\/v2\/types\/product"}],"wp:featuredmedia":[{"embeddable":true,"href":"https:\/\/shop.bantam.ch\/de\/wp-json\/wp\/v2\/media\/236431"}],"wp:attachment":[{"href":"https:\/\/shop.bantam.ch\/de\/wp-json\/wp\/v2\/media?parent=236433"}],"wp:term":[{"taxonomy":"product_featured_cat","embeddable":true,"href":"https:\/\/shop.bantam.ch\/de\/wp-json\/wp\/v2\/product_featured_cat?post=236433"},{"taxonomy":"product_brand","embeddable":true,"href":"https:\/\/shop.bantam.ch\/de\/wp-json\/wp\/v2\/product_brand?post=236433"},{"taxonomy":"product_cat","embeddable":true,"href":"https:\/\/shop.bantam.ch\/de\/wp-json\/wp\/v2\/product_cat?post=236433"},{"taxonomy":"product_tag","embeddable":true,"href":"https:\/\/shop.bantam.ch\/de\/wp-json\/wp\/v2\/product_tag?post=236433"}],"curies":[{"name":"wp","href":"https:\/\/api.w.org\/{rel}","templated":true}]}}