{"id":236353,"date":"2026-04-29T15:46:27","date_gmt":"2026-04-29T13:46:27","guid":{"rendered":"https:\/\/shop.bantam.ch\/produit\/biomuelleimer-stack-4-graphit\/"},"modified":"2026-05-02T23:56:31","modified_gmt":"2026-05-02T21:56:31","slug":"biomuelleimer-stack-4-graphit","status":"publish","type":"product","link":"https:\/\/shop.bantam.ch\/de\/produkt\/biomuelleimer-stack-4-graphit\/","title":{"rendered":"Biom\u00fclleimer Stack 4 graphit"},"content":{"rendered":"<p>Der Joseph Joseph Abfalleimer Biom\u00fcll Stack , 4 Liter dient mit einem austauschbarem Geruchsfilter im inneren des Deckels. Der Abfalleimer ist mit einem leicht zug\u00e4nglichen Schwenkdeckel ausgestattet, der das Einwerfen von Biom\u00fcll bequem und einfach macht. Der Deckel l\u00e4sst sich m\u00fchelos \u00f6ffnen und schlie\u00dfen, wodurch das Entleeren des Eimers problemlos erfolgt. Das bel\u00fcftete Design des Eimers reduziert Feuchtigkeit und Ger\u00fcche, was dazu beitr\u00e4gt, dass der Biom\u00fcll l\u00e4nger frisch und geruchsfrei bleibt. Dadurch wird auch das Risiko von Schimmelbildung minimiert.<\/p>\n","protected":false},"excerpt":{"rendered":"<p>Der Joseph Joseph Abfalleimer Biom\u00fcll Stack , 4 Liter dient mit einem austauschbarem Geruchsfilter im inneren des Deckels. Der Abfalleimer ist mit einem leicht zug\u00e4nglichen Schwenkdeckel ausgestattet, der das Einwerfen von Biom\u00fcll bequem und einfach macht. Der Deckel l\u00e4sst sich m\u00fchelos \u00f6ffnen und schlie\u00dfen, wodurch das Entleeren des Eimers problemlos erfolgt. Das bel\u00fcftete Design des [&hellip;]<\/p>\n","protected":false},"featured_media":236349,"template":"","meta":{"_acf_changed":false},"product_featured_cat":[],"product_brand":[3413],"product_cat":[4288],"product_tag":[],"class_list":{"0":"post-236353","1":"product","2":"type-product","3":"status-publish","4":"has-post-thumbnail","6":"product_brand-joseph-joseph-de","7":"product_cat-muellentsorgung","9":"first","10":"instock","11":"taxable","12":"shipping-taxable","13":"purchasable","14":"product-type-simple"},"acf":[],"yoast_head":"<!-- This site is optimized with the Yoast SEO plugin v27.5 - https:\/\/yoast.com\/product\/yoast-seo-wordpress\/ -->\n<title>Biom\u00fclleimer Stack 4 graphit - Bantam<\/title>\n<meta name=\"robots\" content=\"index, follow, max-snippet:-1, max-image-preview:large, max-video-preview:-1\" \/>\n<link rel=\"canonical\" href=\"https:\/\/shop.bantam.ch\/de\/produkt\/biomuelleimer-stack-4-graphit\/\" \/>\n<meta property=\"og:locale\" content=\"de_DE\" \/>\n<meta property=\"og:type\" content=\"article\" \/>\n<meta property=\"og:title\" content=\"Biom\u00fclleimer Stack 4 graphit - Bantam\" \/>\n<meta property=\"og:description\" content=\"Der Joseph Joseph Abfalleimer Biom\u00fcll Stack , 4 Liter dient mit einem austauschbarem Geruchsfilter im inneren des Deckels. Der Abfalleimer ist mit einem leicht zug\u00e4nglichen Schwenkdeckel ausgestattet, der das Einwerfen von Biom\u00fcll bequem und einfach macht. Der Deckel l\u00e4sst sich m\u00fchelos \u00f6ffnen und schlie\u00dfen, wodurch das Entleeren des Eimers problemlos erfolgt. Das bel\u00fcftete Design des [&hellip;]\" \/>\n<meta property=\"og:url\" content=\"https:\/\/shop.bantam.ch\/de\/produkt\/biomuelleimer-stack-4-graphit\/\" \/>\n<meta property=\"og:site_name\" content=\"Bantam\" \/>\n<meta property=\"article:modified_time\" content=\"2026-05-02T21:56:31+00:00\" \/>\n<meta property=\"og:image\" content=\"https:\/\/shop.bantam.ch\/wp-content\/uploads\/2026\/04\/Movera-L-9934965100.jpg\" \/>\n\t<meta property=\"og:image:width\" content=\"640\" \/>\n\t<meta property=\"og:image:height\" content=\"612\" \/>\n\t<meta property=\"og:image:type\" content=\"image\/jpeg\" \/>\n<meta name=\"twitter:card\" content=\"summary_large_image\" \/>\n<script type=\"application\/ld+json\" class=\"yoast-schema-graph\">{\"@context\":\"https:\\\/\\\/schema.org\",\"@graph\":[{\"@type\":\"WebPage\",\"@id\":\"https:\\\/\\\/shop.bantam.ch\\\/de\\\/produkt\\\/biomuelleimer-stack-4-graphit\\\/\",\"url\":\"https:\\\/\\\/shop.bantam.ch\\\/de\\\/produkt\\\/biomuelleimer-stack-4-graphit\\\/\",\"name\":\"Biom\u00fclleimer Stack 4 graphit - Bantam\",\"isPartOf\":{\"@id\":\"https:\\\/\\\/shop.bantam.ch\\\/de\\\/#website\"},\"primaryImageOfPage\":{\"@id\":\"https:\\\/\\\/shop.bantam.ch\\\/de\\\/produkt\\\/biomuelleimer-stack-4-graphit\\\/#primaryimage\"},\"image\":{\"@id\":\"https:\\\/\\\/shop.bantam.ch\\\/de\\\/produkt\\\/biomuelleimer-stack-4-graphit\\\/#primaryimage\"},\"thumbnailUrl\":\"https:\\\/\\\/shop.bantam.ch\\\/wp-content\\\/uploads\\\/2026\\\/04\\\/Movera-L-9934965100.jpg\",\"datePublished\":\"2026-04-29T13:46:27+00:00\",\"dateModified\":\"2026-05-02T21:56:31+00:00\",\"breadcrumb\":{\"@id\":\"https:\\\/\\\/shop.bantam.ch\\\/de\\\/produkt\\\/biomuelleimer-stack-4-graphit\\\/#breadcrumb\"},\"inLanguage\":\"de\",\"potentialAction\":[{\"@type\":\"ReadAction\",\"target\":[\"https:\\\/\\\/shop.bantam.ch\\\/de\\\/produkt\\\/biomuelleimer-stack-4-graphit\\\/\"]}]},{\"@type\":\"ImageObject\",\"inLanguage\":\"de\",\"@id\":\"https:\\\/\\\/shop.bantam.ch\\\/de\\\/produkt\\\/biomuelleimer-stack-4-graphit\\\/#primaryimage\",\"url\":\"https:\\\/\\\/shop.bantam.ch\\\/wp-content\\\/uploads\\\/2026\\\/04\\\/Movera-L-9934965100.jpg\",\"contentUrl\":\"https:\\\/\\\/shop.bantam.ch\\\/wp-content\\\/uploads\\\/2026\\\/04\\\/Movera-L-9934965100.jpg\",\"width\":640,\"height\":612},{\"@type\":\"BreadcrumbList\",\"@id\":\"https:\\\/\\\/shop.bantam.ch\\\/de\\\/produkt\\\/biomuelleimer-stack-4-graphit\\\/#breadcrumb\",\"itemListElement\":[{\"@type\":\"ListItem\",\"position\":1,\"name\":\"Accueil\",\"item\":\"https:\\\/\\\/shop.bantam.ch\\\/de\\\/\"},{\"@type\":\"ListItem\",\"position\":2,\"name\":\"Shop\",\"item\":\"https:\\\/\\\/shop.bantam.ch\\\/de\\\/shop\\\/\"},{\"@type\":\"ListItem\",\"position\":3,\"name\":\"Biom\u00fclleimer Stack 4 graphit\"}]},{\"@type\":\"WebSite\",\"@id\":\"https:\\\/\\\/shop.bantam.ch\\\/de\\\/#website\",\"url\":\"https:\\\/\\\/shop.bantam.ch\\\/de\\\/\",\"name\":\"Bantam\",\"description\":\"\",\"publisher\":{\"@id\":\"https:\\\/\\\/shop.bantam.ch\\\/de\\\/#organization\"},\"inLanguage\":\"de\"},{\"@type\":\"Organization\",\"@id\":\"https:\\\/\\\/shop.bantam.ch\\\/de\\\/#organization\",\"name\":\"Bantam\",\"url\":\"https:\\\/\\\/shop.bantam.ch\\\/de\\\/\",\"logo\":{\"@type\":\"ImageObject\",\"inLanguage\":\"de\",\"@id\":\"https:\\\/\\\/shop.bantam.ch\\\/de\\\/#\\\/schema\\\/logo\\\/image\\\/\",\"url\":\"https:\\\/\\\/shop.bantam.ch\\\/wp-content\\\/uploads\\\/2022\\\/12\\\/bantam-logo.png\",\"contentUrl\":\"https:\\\/\\\/shop.bantam.ch\\\/wp-content\\\/uploads\\\/2022\\\/12\\\/bantam-logo.png\",\"width\":320,\"height\":71,\"caption\":\"Bantam\"},\"image\":{\"@id\":\"https:\\\/\\\/shop.bantam.ch\\\/de\\\/#\\\/schema\\\/logo\\\/image\\\/\"}}]}<\/script>\n<!-- \/ Yoast SEO plugin. -->","yoast_head_json":{"title":"Biom\u00fclleimer Stack 4 graphit - Bantam","robots":{"index":"index","follow":"follow","max-snippet":"max-snippet:-1","max-image-preview":"max-image-preview:large","max-video-preview":"max-video-preview:-1"},"canonical":"https:\/\/shop.bantam.ch\/de\/produkt\/biomuelleimer-stack-4-graphit\/","og_locale":"de_DE","og_type":"article","og_title":"Biom\u00fclleimer Stack 4 graphit - Bantam","og_description":"Der Joseph Joseph Abfalleimer Biom\u00fcll Stack , 4 Liter dient mit einem austauschbarem Geruchsfilter im inneren des Deckels. Der Abfalleimer ist mit einem leicht zug\u00e4nglichen Schwenkdeckel ausgestattet, der das Einwerfen von Biom\u00fcll bequem und einfach macht. Der Deckel l\u00e4sst sich m\u00fchelos \u00f6ffnen und schlie\u00dfen, wodurch das Entleeren des Eimers problemlos erfolgt. Das bel\u00fcftete Design des [&hellip;]","og_url":"https:\/\/shop.bantam.ch\/de\/produkt\/biomuelleimer-stack-4-graphit\/","og_site_name":"Bantam","article_modified_time":"2026-05-02T21:56:31+00:00","og_image":[{"width":640,"height":612,"url":"https:\/\/shop.bantam.ch\/wp-content\/uploads\/2026\/04\/Movera-L-9934965100.jpg","type":"image\/jpeg"}],"twitter_card":"summary_large_image","schema":{"@context":"https:\/\/schema.org","@graph":[{"@type":"WebPage","@id":"https:\/\/shop.bantam.ch\/de\/produkt\/biomuelleimer-stack-4-graphit\/","url":"https:\/\/shop.bantam.ch\/de\/produkt\/biomuelleimer-stack-4-graphit\/","name":"Biom\u00fclleimer Stack 4 graphit - Bantam","isPartOf":{"@id":"https:\/\/shop.bantam.ch\/de\/#website"},"primaryImageOfPage":{"@id":"https:\/\/shop.bantam.ch\/de\/produkt\/biomuelleimer-stack-4-graphit\/#primaryimage"},"image":{"@id":"https:\/\/shop.bantam.ch\/de\/produkt\/biomuelleimer-stack-4-graphit\/#primaryimage"},"thumbnailUrl":"https:\/\/shop.bantam.ch\/wp-content\/uploads\/2026\/04\/Movera-L-9934965100.jpg","datePublished":"2026-04-29T13:46:27+00:00","dateModified":"2026-05-02T21:56:31+00:00","breadcrumb":{"@id":"https:\/\/shop.bantam.ch\/de\/produkt\/biomuelleimer-stack-4-graphit\/#breadcrumb"},"inLanguage":"de","potentialAction":[{"@type":"ReadAction","target":["https:\/\/shop.bantam.ch\/de\/produkt\/biomuelleimer-stack-4-graphit\/"]}]},{"@type":"ImageObject","inLanguage":"de","@id":"https:\/\/shop.bantam.ch\/de\/produkt\/biomuelleimer-stack-4-graphit\/#primaryimage","url":"https:\/\/shop.bantam.ch\/wp-content\/uploads\/2026\/04\/Movera-L-9934965100.jpg","contentUrl":"https:\/\/shop.bantam.ch\/wp-content\/uploads\/2026\/04\/Movera-L-9934965100.jpg","width":640,"height":612},{"@type":"BreadcrumbList","@id":"https:\/\/shop.bantam.ch\/de\/produkt\/biomuelleimer-stack-4-graphit\/#breadcrumb","itemListElement":[{"@type":"ListItem","position":1,"name":"Accueil","item":"https:\/\/shop.bantam.ch\/de\/"},{"@type":"ListItem","position":2,"name":"Shop","item":"https:\/\/shop.bantam.ch\/de\/shop\/"},{"@type":"ListItem","position":3,"name":"Biom\u00fclleimer Stack 4 graphit"}]},{"@type":"WebSite","@id":"https:\/\/shop.bantam.ch\/de\/#website","url":"https:\/\/shop.bantam.ch\/de\/","name":"Bantam","description":"","publisher":{"@id":"https:\/\/shop.bantam.ch\/de\/#organization"},"inLanguage":"de"},{"@type":"Organization","@id":"https:\/\/shop.bantam.ch\/de\/#organization","name":"Bantam","url":"https:\/\/shop.bantam.ch\/de\/","logo":{"@type":"ImageObject","inLanguage":"de","@id":"https:\/\/shop.bantam.ch\/de\/#\/schema\/logo\/image\/","url":"https:\/\/shop.bantam.ch\/wp-content\/uploads\/2022\/12\/bantam-logo.png","contentUrl":"https:\/\/shop.bantam.ch\/wp-content\/uploads\/2022\/12\/bantam-logo.png","width":320,"height":71,"caption":"Bantam"},"image":{"@id":"https:\/\/shop.bantam.ch\/de\/#\/schema\/logo\/image\/"}}]}},"_links":{"self":[{"href":"https:\/\/shop.bantam.ch\/de\/wp-json\/wp\/v2\/product\/236353","targetHints":{"allow":["GET"]}}],"collection":[{"href":"https:\/\/shop.bantam.ch\/de\/wp-json\/wp\/v2\/product"}],"about":[{"href":"https:\/\/shop.bantam.ch\/de\/wp-json\/wp\/v2\/types\/product"}],"wp:featuredmedia":[{"embeddable":true,"href":"https:\/\/shop.bantam.ch\/de\/wp-json\/wp\/v2\/media\/236349"}],"wp:attachment":[{"href":"https:\/\/shop.bantam.ch\/de\/wp-json\/wp\/v2\/media?parent=236353"}],"wp:term":[{"taxonomy":"product_featured_cat","embeddable":true,"href":"https:\/\/shop.bantam.ch\/de\/wp-json\/wp\/v2\/product_featured_cat?post=236353"},{"taxonomy":"product_brand","embeddable":true,"href":"https:\/\/shop.bantam.ch\/de\/wp-json\/wp\/v2\/product_brand?post=236353"},{"taxonomy":"product_cat","embeddable":true,"href":"https:\/\/shop.bantam.ch\/de\/wp-json\/wp\/v2\/product_cat?post=236353"},{"taxonomy":"product_tag","embeddable":true,"href":"https:\/\/shop.bantam.ch\/de\/wp-json\/wp\/v2\/product_tag?post=236353"}],"curies":[{"name":"wp","href":"https:\/\/api.w.org\/{rel}","templated":true}]}}