{"id":236323,"date":"2026-04-29T15:36:47","date_gmt":"2026-04-29T13:36:47","guid":{"rendered":"https:\/\/shop.bantam.ch\/produit\/frontschutzplane-supra-universal-240-x-267-cm-fuer-integrierte-reisemobile\/"},"modified":"2026-04-30T00:06:49","modified_gmt":"2026-04-29T22:06:49","slug":"frontschutzplane-supra-universal-240-x-267-cm-fuer-integrierte-reisemobile","status":"publish","type":"product","link":"https:\/\/shop.bantam.ch\/de\/produkt\/frontschutzplane-supra-universal-240-x-267-cm-fuer-integrierte-reisemobile\/","title":{"rendered":"Frontschutzplane SUPRA universal 240 x 267 cm f\u00fcr integrierte Reisemobile"},"content":{"rendered":"<p>Die HINDERMANN Frontschutzplane SUPRA universal ist leicht zu befestigen und wird einfach an den R\u00fcckspiegeln eingeh\u00e4ngt und abgespannt. Zum Lieferumfang geh\u00f6ren Gummispanner (kein Schrauben oder Bohren). Die rei\u00dffeste, widerstandsf\u00e4hige HINDERMANN Frontschutzplane SUPRA universal aus TYVEK\u00ae kann direkt auf der Fahrzeugoberfl\u00e4che aufliegen und bleibt selbst bei Schnee atmungsaktiv. Sie l\u00e4sst sich \u00fcberdies waschen und ist recyclingf\u00e4hig. Einfach einhaken und fertig: Entlang der Oberkante der Sonnenschutzmatte ist ein Gummispanner eingearbeitet. Zur Befestigung wird er \u00fcber die Au\u00dfenspiegel gelegt und in die \u00d6sen der seitlichen Abspannlaschen eingeh\u00e4ngt. Entlang der Unterkante befinden sich Abspannlaschen mit verst\u00e4rkten Kunststoff\u00f6sen. Zum Schutz vor Reibung auf der Lackierung sind Schutzlaschen verarbeitet.<\/p>\n<ul>\n<li>Ausf\u00fchrung ohne Isolierung<\/li>\n<li>atmungsaktiv, widerstandsf\u00e4hig, wasserbest\u00e4ndig<\/li>\n<li>leicht, geschmeidig, waschbar bis 30\u00b0C<\/li>\n<li>sch\u00fctzt vor Sonne, Regen, Schnee, Verschmutzung<\/li>\n<li>verhindert Ausbleichen und schont Gummidichtungen<\/li>\n<\/ul>\n","protected":false},"excerpt":{"rendered":"<p>Die HINDERMANN Frontschutzplane SUPRA universal ist leicht zu befestigen und wird einfach an den R\u00fcckspiegeln eingeh\u00e4ngt und abgespannt. Zum Lieferumfang geh\u00f6ren Gummispanner (kein Schrauben oder Bohren). Die rei\u00dffeste, widerstandsf\u00e4hige HINDERMANN Frontschutzplane SUPRA universal aus TYVEK\u00ae kann direkt auf der Fahrzeugoberfl\u00e4che aufliegen und bleibt selbst bei Schnee atmungsaktiv. Sie l\u00e4sst sich \u00fcberdies waschen und ist recyclingf\u00e4hig. [&hellip;]<\/p>\n","protected":false},"featured_media":236313,"template":"","meta":{"_acf_changed":false},"product_featured_cat":[],"product_brand":[3041],"product_cat":[4644],"product_tag":[],"class_list":{"0":"post-236323","1":"product","2":"type-product","3":"status-publish","4":"has-post-thumbnail","6":"product_brand-hindermann-de","7":"product_cat-schutzhuellen","9":"first","10":"instock","11":"taxable","12":"shipping-taxable","13":"purchasable","14":"product-type-simple"},"acf":[],"yoast_head":"<!-- This site is optimized with the Yoast SEO plugin v27.5 - https:\/\/yoast.com\/product\/yoast-seo-wordpress\/ -->\n<title>Frontschutzplane SUPRA universal 240 x 267 cm f\u00fcr integrierte Reisemobile - Bantam<\/title>\n<meta name=\"robots\" content=\"index, follow, max-snippet:-1, max-image-preview:large, max-video-preview:-1\" \/>\n<link rel=\"canonical\" href=\"https:\/\/shop.bantam.ch\/de\/produkt\/frontschutzplane-supra-universal-240-x-267-cm-fuer-integrierte-reisemobile\/\" \/>\n<meta property=\"og:locale\" content=\"de_DE\" \/>\n<meta property=\"og:type\" content=\"article\" \/>\n<meta property=\"og:title\" content=\"Frontschutzplane SUPRA universal 240 x 267 cm f\u00fcr integrierte Reisemobile - Bantam\" \/>\n<meta property=\"og:description\" content=\"Die HINDERMANN Frontschutzplane SUPRA universal ist leicht zu befestigen und wird einfach an den R\u00fcckspiegeln eingeh\u00e4ngt und abgespannt. Zum Lieferumfang geh\u00f6ren Gummispanner (kein Schrauben oder Bohren). Die rei\u00dffeste, widerstandsf\u00e4hige HINDERMANN Frontschutzplane SUPRA universal aus TYVEK\u00ae kann direkt auf der Fahrzeugoberfl\u00e4che aufliegen und bleibt selbst bei Schnee atmungsaktiv. Sie l\u00e4sst sich \u00fcberdies waschen und ist recyclingf\u00e4hig. [&hellip;]\" \/>\n<meta property=\"og:url\" content=\"https:\/\/shop.bantam.ch\/de\/produkt\/frontschutzplane-supra-universal-240-x-267-cm-fuer-integrierte-reisemobile\/\" \/>\n<meta property=\"og:site_name\" content=\"Bantam\" \/>\n<meta property=\"article:modified_time\" content=\"2026-04-29T22:06:49+00:00\" \/>\n<meta property=\"og:image\" content=\"https:\/\/shop.bantam.ch\/wp-content\/uploads\/2026\/04\/Movera-L-9933471100.png\" \/>\n\t<meta property=\"og:image:width\" content=\"420\" \/>\n\t<meta property=\"og:image:height\" content=\"420\" \/>\n\t<meta property=\"og:image:type\" content=\"image\/png\" \/>\n<meta name=\"twitter:card\" content=\"summary_large_image\" \/>\n<meta name=\"twitter:label1\" content=\"Gesch\u00e4tzte Lesezeit\" \/>\n\t<meta name=\"twitter:data1\" content=\"1\u00a0Minute\" \/>\n<script type=\"application\/ld+json\" class=\"yoast-schema-graph\">{\"@context\":\"https:\\\/\\\/schema.org\",\"@graph\":[{\"@type\":\"WebPage\",\"@id\":\"https:\\\/\\\/shop.bantam.ch\\\/de\\\/produkt\\\/frontschutzplane-supra-universal-240-x-267-cm-fuer-integrierte-reisemobile\\\/\",\"url\":\"https:\\\/\\\/shop.bantam.ch\\\/de\\\/produkt\\\/frontschutzplane-supra-universal-240-x-267-cm-fuer-integrierte-reisemobile\\\/\",\"name\":\"Frontschutzplane SUPRA universal 240 x 267 cm f\u00fcr integrierte Reisemobile - Bantam\",\"isPartOf\":{\"@id\":\"https:\\\/\\\/shop.bantam.ch\\\/de\\\/#website\"},\"primaryImageOfPage\":{\"@id\":\"https:\\\/\\\/shop.bantam.ch\\\/de\\\/produkt\\\/frontschutzplane-supra-universal-240-x-267-cm-fuer-integrierte-reisemobile\\\/#primaryimage\"},\"image\":{\"@id\":\"https:\\\/\\\/shop.bantam.ch\\\/de\\\/produkt\\\/frontschutzplane-supra-universal-240-x-267-cm-fuer-integrierte-reisemobile\\\/#primaryimage\"},\"thumbnailUrl\":\"https:\\\/\\\/shop.bantam.ch\\\/wp-content\\\/uploads\\\/2026\\\/04\\\/Movera-L-9933471100.png\",\"datePublished\":\"2026-04-29T13:36:47+00:00\",\"dateModified\":\"2026-04-29T22:06:49+00:00\",\"breadcrumb\":{\"@id\":\"https:\\\/\\\/shop.bantam.ch\\\/de\\\/produkt\\\/frontschutzplane-supra-universal-240-x-267-cm-fuer-integrierte-reisemobile\\\/#breadcrumb\"},\"inLanguage\":\"de\",\"potentialAction\":[{\"@type\":\"ReadAction\",\"target\":[\"https:\\\/\\\/shop.bantam.ch\\\/de\\\/produkt\\\/frontschutzplane-supra-universal-240-x-267-cm-fuer-integrierte-reisemobile\\\/\"]}]},{\"@type\":\"ImageObject\",\"inLanguage\":\"de\",\"@id\":\"https:\\\/\\\/shop.bantam.ch\\\/de\\\/produkt\\\/frontschutzplane-supra-universal-240-x-267-cm-fuer-integrierte-reisemobile\\\/#primaryimage\",\"url\":\"https:\\\/\\\/shop.bantam.ch\\\/wp-content\\\/uploads\\\/2026\\\/04\\\/Movera-L-9933471100.png\",\"contentUrl\":\"https:\\\/\\\/shop.bantam.ch\\\/wp-content\\\/uploads\\\/2026\\\/04\\\/Movera-L-9933471100.png\",\"width\":420,\"height\":420},{\"@type\":\"BreadcrumbList\",\"@id\":\"https:\\\/\\\/shop.bantam.ch\\\/de\\\/produkt\\\/frontschutzplane-supra-universal-240-x-267-cm-fuer-integrierte-reisemobile\\\/#breadcrumb\",\"itemListElement\":[{\"@type\":\"ListItem\",\"position\":1,\"name\":\"Accueil\",\"item\":\"https:\\\/\\\/shop.bantam.ch\\\/de\\\/\"},{\"@type\":\"ListItem\",\"position\":2,\"name\":\"Shop\",\"item\":\"https:\\\/\\\/shop.bantam.ch\\\/de\\\/shop\\\/\"},{\"@type\":\"ListItem\",\"position\":3,\"name\":\"Frontschutzplane SUPRA universal 240 x 267 cm f\u00fcr integrierte Reisemobile\"}]},{\"@type\":\"WebSite\",\"@id\":\"https:\\\/\\\/shop.bantam.ch\\\/de\\\/#website\",\"url\":\"https:\\\/\\\/shop.bantam.ch\\\/de\\\/\",\"name\":\"Bantam\",\"description\":\"\",\"publisher\":{\"@id\":\"https:\\\/\\\/shop.bantam.ch\\\/de\\\/#organization\"},\"inLanguage\":\"de\"},{\"@type\":\"Organization\",\"@id\":\"https:\\\/\\\/shop.bantam.ch\\\/de\\\/#organization\",\"name\":\"Bantam\",\"url\":\"https:\\\/\\\/shop.bantam.ch\\\/de\\\/\",\"logo\":{\"@type\":\"ImageObject\",\"inLanguage\":\"de\",\"@id\":\"https:\\\/\\\/shop.bantam.ch\\\/de\\\/#\\\/schema\\\/logo\\\/image\\\/\",\"url\":\"https:\\\/\\\/shop.bantam.ch\\\/wp-content\\\/uploads\\\/2022\\\/12\\\/bantam-logo.png\",\"contentUrl\":\"https:\\\/\\\/shop.bantam.ch\\\/wp-content\\\/uploads\\\/2022\\\/12\\\/bantam-logo.png\",\"width\":320,\"height\":71,\"caption\":\"Bantam\"},\"image\":{\"@id\":\"https:\\\/\\\/shop.bantam.ch\\\/de\\\/#\\\/schema\\\/logo\\\/image\\\/\"}}]}<\/script>\n<!-- \/ Yoast SEO plugin. -->","yoast_head_json":{"title":"Frontschutzplane SUPRA universal 240 x 267 cm f\u00fcr integrierte Reisemobile - Bantam","robots":{"index":"index","follow":"follow","max-snippet":"max-snippet:-1","max-image-preview":"max-image-preview:large","max-video-preview":"max-video-preview:-1"},"canonical":"https:\/\/shop.bantam.ch\/de\/produkt\/frontschutzplane-supra-universal-240-x-267-cm-fuer-integrierte-reisemobile\/","og_locale":"de_DE","og_type":"article","og_title":"Frontschutzplane SUPRA universal 240 x 267 cm f\u00fcr integrierte Reisemobile - Bantam","og_description":"Die HINDERMANN Frontschutzplane SUPRA universal ist leicht zu befestigen und wird einfach an den R\u00fcckspiegeln eingeh\u00e4ngt und abgespannt. Zum Lieferumfang geh\u00f6ren Gummispanner (kein Schrauben oder Bohren). Die rei\u00dffeste, widerstandsf\u00e4hige HINDERMANN Frontschutzplane SUPRA universal aus TYVEK\u00ae kann direkt auf der Fahrzeugoberfl\u00e4che aufliegen und bleibt selbst bei Schnee atmungsaktiv. Sie l\u00e4sst sich \u00fcberdies waschen und ist recyclingf\u00e4hig. [&hellip;]","og_url":"https:\/\/shop.bantam.ch\/de\/produkt\/frontschutzplane-supra-universal-240-x-267-cm-fuer-integrierte-reisemobile\/","og_site_name":"Bantam","article_modified_time":"2026-04-29T22:06:49+00:00","og_image":[{"width":420,"height":420,"url":"https:\/\/shop.bantam.ch\/wp-content\/uploads\/2026\/04\/Movera-L-9933471100.png","type":"image\/png"}],"twitter_card":"summary_large_image","twitter_misc":{"Gesch\u00e4tzte Lesezeit":"1\u00a0Minute"},"schema":{"@context":"https:\/\/schema.org","@graph":[{"@type":"WebPage","@id":"https:\/\/shop.bantam.ch\/de\/produkt\/frontschutzplane-supra-universal-240-x-267-cm-fuer-integrierte-reisemobile\/","url":"https:\/\/shop.bantam.ch\/de\/produkt\/frontschutzplane-supra-universal-240-x-267-cm-fuer-integrierte-reisemobile\/","name":"Frontschutzplane SUPRA universal 240 x 267 cm f\u00fcr integrierte Reisemobile - Bantam","isPartOf":{"@id":"https:\/\/shop.bantam.ch\/de\/#website"},"primaryImageOfPage":{"@id":"https:\/\/shop.bantam.ch\/de\/produkt\/frontschutzplane-supra-universal-240-x-267-cm-fuer-integrierte-reisemobile\/#primaryimage"},"image":{"@id":"https:\/\/shop.bantam.ch\/de\/produkt\/frontschutzplane-supra-universal-240-x-267-cm-fuer-integrierte-reisemobile\/#primaryimage"},"thumbnailUrl":"https:\/\/shop.bantam.ch\/wp-content\/uploads\/2026\/04\/Movera-L-9933471100.png","datePublished":"2026-04-29T13:36:47+00:00","dateModified":"2026-04-29T22:06:49+00:00","breadcrumb":{"@id":"https:\/\/shop.bantam.ch\/de\/produkt\/frontschutzplane-supra-universal-240-x-267-cm-fuer-integrierte-reisemobile\/#breadcrumb"},"inLanguage":"de","potentialAction":[{"@type":"ReadAction","target":["https:\/\/shop.bantam.ch\/de\/produkt\/frontschutzplane-supra-universal-240-x-267-cm-fuer-integrierte-reisemobile\/"]}]},{"@type":"ImageObject","inLanguage":"de","@id":"https:\/\/shop.bantam.ch\/de\/produkt\/frontschutzplane-supra-universal-240-x-267-cm-fuer-integrierte-reisemobile\/#primaryimage","url":"https:\/\/shop.bantam.ch\/wp-content\/uploads\/2026\/04\/Movera-L-9933471100.png","contentUrl":"https:\/\/shop.bantam.ch\/wp-content\/uploads\/2026\/04\/Movera-L-9933471100.png","width":420,"height":420},{"@type":"BreadcrumbList","@id":"https:\/\/shop.bantam.ch\/de\/produkt\/frontschutzplane-supra-universal-240-x-267-cm-fuer-integrierte-reisemobile\/#breadcrumb","itemListElement":[{"@type":"ListItem","position":1,"name":"Accueil","item":"https:\/\/shop.bantam.ch\/de\/"},{"@type":"ListItem","position":2,"name":"Shop","item":"https:\/\/shop.bantam.ch\/de\/shop\/"},{"@type":"ListItem","position":3,"name":"Frontschutzplane SUPRA universal 240 x 267 cm f\u00fcr integrierte Reisemobile"}]},{"@type":"WebSite","@id":"https:\/\/shop.bantam.ch\/de\/#website","url":"https:\/\/shop.bantam.ch\/de\/","name":"Bantam","description":"","publisher":{"@id":"https:\/\/shop.bantam.ch\/de\/#organization"},"inLanguage":"de"},{"@type":"Organization","@id":"https:\/\/shop.bantam.ch\/de\/#organization","name":"Bantam","url":"https:\/\/shop.bantam.ch\/de\/","logo":{"@type":"ImageObject","inLanguage":"de","@id":"https:\/\/shop.bantam.ch\/de\/#\/schema\/logo\/image\/","url":"https:\/\/shop.bantam.ch\/wp-content\/uploads\/2022\/12\/bantam-logo.png","contentUrl":"https:\/\/shop.bantam.ch\/wp-content\/uploads\/2022\/12\/bantam-logo.png","width":320,"height":71,"caption":"Bantam"},"image":{"@id":"https:\/\/shop.bantam.ch\/de\/#\/schema\/logo\/image\/"}}]}},"_links":{"self":[{"href":"https:\/\/shop.bantam.ch\/de\/wp-json\/wp\/v2\/product\/236323","targetHints":{"allow":["GET"]}}],"collection":[{"href":"https:\/\/shop.bantam.ch\/de\/wp-json\/wp\/v2\/product"}],"about":[{"href":"https:\/\/shop.bantam.ch\/de\/wp-json\/wp\/v2\/types\/product"}],"wp:featuredmedia":[{"embeddable":true,"href":"https:\/\/shop.bantam.ch\/de\/wp-json\/wp\/v2\/media\/236313"}],"wp:attachment":[{"href":"https:\/\/shop.bantam.ch\/de\/wp-json\/wp\/v2\/media?parent=236323"}],"wp:term":[{"taxonomy":"product_featured_cat","embeddable":true,"href":"https:\/\/shop.bantam.ch\/de\/wp-json\/wp\/v2\/product_featured_cat?post=236323"},{"taxonomy":"product_brand","embeddable":true,"href":"https:\/\/shop.bantam.ch\/de\/wp-json\/wp\/v2\/product_brand?post=236323"},{"taxonomy":"product_cat","embeddable":true,"href":"https:\/\/shop.bantam.ch\/de\/wp-json\/wp\/v2\/product_cat?post=236323"},{"taxonomy":"product_tag","embeddable":true,"href":"https:\/\/shop.bantam.ch\/de\/wp-json\/wp\/v2\/product_tag?post=236323"}],"curies":[{"name":"wp","href":"https:\/\/api.w.org\/{rel}","templated":true}]}}