{"id":236006,"date":"2026-04-22T09:45:56","date_gmt":"2026-04-22T07:45:56","guid":{"rendered":"https:\/\/shop.bantam.ch\/produit\/kuemmerlyfrey-regional-strassenkarte-5-norwegen-nordkap\/"},"modified":"2026-05-11T23:58:05","modified_gmt":"2026-05-11T21:58:05","slug":"kuemmerlyfrey-regional-strassenkarte-5-norwegen-nordkap","status":"publish","type":"product","link":"https:\/\/shop.bantam.ch\/de\/produkt\/kuemmerlyfrey-regional-strassenkarte-5-norwegen-nordkap\/","title":{"rendered":"K\u00fcmmerly+Frey Regional-Strassenkarte 5 Norwegen Nordkap"},"content":{"rendered":"<p>In der K\u00fcmmerly+Frey Strassenkarte Norwege Nordkap im Massstab 1:450&#8217;000 finden Sie alles was Sie zur Orientierung und Inspiration brauchen. Die Karte zeigt die wichtigsten Gebiete von Interesse von Hammerfest \u00fcber Troms\u00f8 bis nach Kirkenes. Dank den deutlich gekennzeichneten, leicht lesbaren und aktuellen Strassen, dem aufger\u00e4umten, aktuellen Kartenbild sowie der Detailgenauigkeit, ist die Karte das perfekte Hilfsmittel, um das Beste aus Ihrem Besuch in dieser aussergew\u00f6hnlichen Region zu machen. Die thematische Karte enth\u00e4lt detaillierte Informationen \u00fcber Ortschaften und das verbindende Strassennetz. Reisende mit Auto oder Motorrad finden dank den gut erkennbaren, \u00fcbersichtlich dargestellten Autobahnen, Autostrassen, Hauptverkehrsstrassen, Landstrassen und Nebenstrassen immer den richtigen Weg. Die Faltkarte f\u00fcr Autofahrer oder Motorradfahrer besteht aus einem stabilen Cover und robustem Papier. Auch nach mehrmaligem Gebrauch l\u00e4sst sie Sie nicht im Stich. Sollte das GPS mal nicht funktionieren oder das Handy keinen Akku mehr haben, helfen Ihnen die auf der Karte deutlich verzeichneten Strassen, Aussichtspunkten, Bahnh\u00f6fen, Einkehrm\u00f6glichkeiten, Campingpl\u00e4tzen, Parkpl\u00e4tzen, etc. stets die Orientierung zu behalten.<\/p>\n","protected":false},"excerpt":{"rendered":"<p>In der K\u00fcmmerly+Frey Strassenkarte Norwege Nordkap im Massstab 1:450&#8217;000 finden Sie alles was Sie zur Orientierung und Inspiration brauchen. Die Karte zeigt die wichtigsten Gebiete von Interesse von Hammerfest \u00fcber Troms\u00f8 bis nach Kirkenes. Dank den deutlich gekennzeichneten, leicht lesbaren und aktuellen Strassen, dem aufger\u00e4umten, aktuellen Kartenbild sowie der Detailgenauigkeit, ist die Karte das perfekte [&hellip;]<\/p>\n","protected":false},"featured_media":236004,"template":"","meta":{"_acf_changed":false},"product_featured_cat":[],"product_brand":[3693],"product_cat":[4352],"product_tag":[],"class_list":{"0":"post-236006","1":"product","2":"type-product","3":"status-publish","4":"has-post-thumbnail","6":"product_brand-kummerly-frey-de","7":"product_cat-reisefuehrer","9":"first","10":"instock","11":"taxable","12":"shipping-taxable","13":"purchasable","14":"product-type-simple"},"acf":[],"yoast_head":"<!-- This site is optimized with the Yoast SEO plugin v27.5 - https:\/\/yoast.com\/product\/yoast-seo-wordpress\/ -->\n<title>K\u00fcmmerly+Frey Regional-Strassenkarte 5 Norwegen Nordkap - Bantam<\/title>\n<meta name=\"robots\" content=\"index, follow, max-snippet:-1, max-image-preview:large, max-video-preview:-1\" \/>\n<link rel=\"canonical\" href=\"https:\/\/shop.bantam.ch\/de\/produkt\/kuemmerlyfrey-regional-strassenkarte-5-norwegen-nordkap\/\" \/>\n<meta property=\"og:locale\" content=\"de_DE\" \/>\n<meta property=\"og:type\" content=\"article\" \/>\n<meta property=\"og:title\" content=\"K\u00fcmmerly+Frey Regional-Strassenkarte 5 Norwegen Nordkap - Bantam\" \/>\n<meta property=\"og:description\" content=\"In der K\u00fcmmerly+Frey Strassenkarte Norwege Nordkap im Massstab 1:450&#8217;000 finden Sie alles was Sie zur Orientierung und Inspiration brauchen. Die Karte zeigt die wichtigsten Gebiete von Interesse von Hammerfest \u00fcber Troms\u00f8 bis nach Kirkenes. Dank den deutlich gekennzeichneten, leicht lesbaren und aktuellen Strassen, dem aufger\u00e4umten, aktuellen Kartenbild sowie der Detailgenauigkeit, ist die Karte das perfekte [&hellip;]\" \/>\n<meta property=\"og:url\" content=\"https:\/\/shop.bantam.ch\/de\/produkt\/kuemmerlyfrey-regional-strassenkarte-5-norwegen-nordkap\/\" \/>\n<meta property=\"og:site_name\" content=\"Bantam\" \/>\n<meta property=\"article:modified_time\" content=\"2026-05-11T21:58:05+00:00\" \/>\n<meta property=\"og:image\" content=\"https:\/\/shop.bantam.ch\/wp-content\/uploads\/2026\/04\/76326056.jpg\" \/>\n\t<meta property=\"og:image:width\" content=\"96\" \/>\n\t<meta property=\"og:image:height\" content=\"180\" \/>\n\t<meta property=\"og:image:type\" content=\"image\/jpeg\" \/>\n<meta name=\"twitter:card\" content=\"summary_large_image\" \/>\n<meta name=\"twitter:label1\" content=\"Gesch\u00e4tzte Lesezeit\" \/>\n\t<meta name=\"twitter:data1\" content=\"1\u00a0Minute\" \/>\n<script type=\"application\/ld+json\" class=\"yoast-schema-graph\">{\"@context\":\"https:\\\/\\\/schema.org\",\"@graph\":[{\"@type\":\"WebPage\",\"@id\":\"https:\\\/\\\/shop.bantam.ch\\\/de\\\/produkt\\\/kuemmerlyfrey-regional-strassenkarte-5-norwegen-nordkap\\\/\",\"url\":\"https:\\\/\\\/shop.bantam.ch\\\/de\\\/produkt\\\/kuemmerlyfrey-regional-strassenkarte-5-norwegen-nordkap\\\/\",\"name\":\"K\u00fcmmerly+Frey Regional-Strassenkarte 5 Norwegen Nordkap - Bantam\",\"isPartOf\":{\"@id\":\"https:\\\/\\\/shop.bantam.ch\\\/de\\\/#website\"},\"primaryImageOfPage\":{\"@id\":\"https:\\\/\\\/shop.bantam.ch\\\/de\\\/produkt\\\/kuemmerlyfrey-regional-strassenkarte-5-norwegen-nordkap\\\/#primaryimage\"},\"image\":{\"@id\":\"https:\\\/\\\/shop.bantam.ch\\\/de\\\/produkt\\\/kuemmerlyfrey-regional-strassenkarte-5-norwegen-nordkap\\\/#primaryimage\"},\"thumbnailUrl\":\"https:\\\/\\\/shop.bantam.ch\\\/wp-content\\\/uploads\\\/2026\\\/04\\\/76326056.jpg\",\"datePublished\":\"2026-04-22T07:45:56+00:00\",\"dateModified\":\"2026-05-11T21:58:05+00:00\",\"breadcrumb\":{\"@id\":\"https:\\\/\\\/shop.bantam.ch\\\/de\\\/produkt\\\/kuemmerlyfrey-regional-strassenkarte-5-norwegen-nordkap\\\/#breadcrumb\"},\"inLanguage\":\"de\",\"potentialAction\":[{\"@type\":\"ReadAction\",\"target\":[\"https:\\\/\\\/shop.bantam.ch\\\/de\\\/produkt\\\/kuemmerlyfrey-regional-strassenkarte-5-norwegen-nordkap\\\/\"]}]},{\"@type\":\"ImageObject\",\"inLanguage\":\"de\",\"@id\":\"https:\\\/\\\/shop.bantam.ch\\\/de\\\/produkt\\\/kuemmerlyfrey-regional-strassenkarte-5-norwegen-nordkap\\\/#primaryimage\",\"url\":\"https:\\\/\\\/shop.bantam.ch\\\/wp-content\\\/uploads\\\/2026\\\/04\\\/76326056.jpg\",\"contentUrl\":\"https:\\\/\\\/shop.bantam.ch\\\/wp-content\\\/uploads\\\/2026\\\/04\\\/76326056.jpg\",\"width\":96,\"height\":180},{\"@type\":\"BreadcrumbList\",\"@id\":\"https:\\\/\\\/shop.bantam.ch\\\/de\\\/produkt\\\/kuemmerlyfrey-regional-strassenkarte-5-norwegen-nordkap\\\/#breadcrumb\",\"itemListElement\":[{\"@type\":\"ListItem\",\"position\":1,\"name\":\"Accueil\",\"item\":\"https:\\\/\\\/shop.bantam.ch\\\/de\\\/\"},{\"@type\":\"ListItem\",\"position\":2,\"name\":\"Shop\",\"item\":\"https:\\\/\\\/shop.bantam.ch\\\/de\\\/shop\\\/\"},{\"@type\":\"ListItem\",\"position\":3,\"name\":\"K\u00fcmmerly+Frey Regional-Strassenkarte 5 Norwegen Nordkap\"}]},{\"@type\":\"WebSite\",\"@id\":\"https:\\\/\\\/shop.bantam.ch\\\/de\\\/#website\",\"url\":\"https:\\\/\\\/shop.bantam.ch\\\/de\\\/\",\"name\":\"Bantam\",\"description\":\"\",\"publisher\":{\"@id\":\"https:\\\/\\\/shop.bantam.ch\\\/de\\\/#organization\"},\"inLanguage\":\"de\"},{\"@type\":\"Organization\",\"@id\":\"https:\\\/\\\/shop.bantam.ch\\\/de\\\/#organization\",\"name\":\"Bantam\",\"url\":\"https:\\\/\\\/shop.bantam.ch\\\/de\\\/\",\"logo\":{\"@type\":\"ImageObject\",\"inLanguage\":\"de\",\"@id\":\"https:\\\/\\\/shop.bantam.ch\\\/de\\\/#\\\/schema\\\/logo\\\/image\\\/\",\"url\":\"https:\\\/\\\/shop.bantam.ch\\\/wp-content\\\/uploads\\\/2022\\\/12\\\/bantam-logo.png\",\"contentUrl\":\"https:\\\/\\\/shop.bantam.ch\\\/wp-content\\\/uploads\\\/2022\\\/12\\\/bantam-logo.png\",\"width\":320,\"height\":71,\"caption\":\"Bantam\"},\"image\":{\"@id\":\"https:\\\/\\\/shop.bantam.ch\\\/de\\\/#\\\/schema\\\/logo\\\/image\\\/\"}}]}<\/script>\n<!-- \/ Yoast SEO plugin. -->","yoast_head_json":{"title":"K\u00fcmmerly+Frey Regional-Strassenkarte 5 Norwegen Nordkap - Bantam","robots":{"index":"index","follow":"follow","max-snippet":"max-snippet:-1","max-image-preview":"max-image-preview:large","max-video-preview":"max-video-preview:-1"},"canonical":"https:\/\/shop.bantam.ch\/de\/produkt\/kuemmerlyfrey-regional-strassenkarte-5-norwegen-nordkap\/","og_locale":"de_DE","og_type":"article","og_title":"K\u00fcmmerly+Frey Regional-Strassenkarte 5 Norwegen Nordkap - Bantam","og_description":"In der K\u00fcmmerly+Frey Strassenkarte Norwege Nordkap im Massstab 1:450&#8217;000 finden Sie alles was Sie zur Orientierung und Inspiration brauchen. Die Karte zeigt die wichtigsten Gebiete von Interesse von Hammerfest \u00fcber Troms\u00f8 bis nach Kirkenes. Dank den deutlich gekennzeichneten, leicht lesbaren und aktuellen Strassen, dem aufger\u00e4umten, aktuellen Kartenbild sowie der Detailgenauigkeit, ist die Karte das perfekte [&hellip;]","og_url":"https:\/\/shop.bantam.ch\/de\/produkt\/kuemmerlyfrey-regional-strassenkarte-5-norwegen-nordkap\/","og_site_name":"Bantam","article_modified_time":"2026-05-11T21:58:05+00:00","og_image":[{"width":96,"height":180,"url":"https:\/\/shop.bantam.ch\/wp-content\/uploads\/2026\/04\/76326056.jpg","type":"image\/jpeg"}],"twitter_card":"summary_large_image","twitter_misc":{"Gesch\u00e4tzte Lesezeit":"1\u00a0Minute"},"schema":{"@context":"https:\/\/schema.org","@graph":[{"@type":"WebPage","@id":"https:\/\/shop.bantam.ch\/de\/produkt\/kuemmerlyfrey-regional-strassenkarte-5-norwegen-nordkap\/","url":"https:\/\/shop.bantam.ch\/de\/produkt\/kuemmerlyfrey-regional-strassenkarte-5-norwegen-nordkap\/","name":"K\u00fcmmerly+Frey Regional-Strassenkarte 5 Norwegen Nordkap - Bantam","isPartOf":{"@id":"https:\/\/shop.bantam.ch\/de\/#website"},"primaryImageOfPage":{"@id":"https:\/\/shop.bantam.ch\/de\/produkt\/kuemmerlyfrey-regional-strassenkarte-5-norwegen-nordkap\/#primaryimage"},"image":{"@id":"https:\/\/shop.bantam.ch\/de\/produkt\/kuemmerlyfrey-regional-strassenkarte-5-norwegen-nordkap\/#primaryimage"},"thumbnailUrl":"https:\/\/shop.bantam.ch\/wp-content\/uploads\/2026\/04\/76326056.jpg","datePublished":"2026-04-22T07:45:56+00:00","dateModified":"2026-05-11T21:58:05+00:00","breadcrumb":{"@id":"https:\/\/shop.bantam.ch\/de\/produkt\/kuemmerlyfrey-regional-strassenkarte-5-norwegen-nordkap\/#breadcrumb"},"inLanguage":"de","potentialAction":[{"@type":"ReadAction","target":["https:\/\/shop.bantam.ch\/de\/produkt\/kuemmerlyfrey-regional-strassenkarte-5-norwegen-nordkap\/"]}]},{"@type":"ImageObject","inLanguage":"de","@id":"https:\/\/shop.bantam.ch\/de\/produkt\/kuemmerlyfrey-regional-strassenkarte-5-norwegen-nordkap\/#primaryimage","url":"https:\/\/shop.bantam.ch\/wp-content\/uploads\/2026\/04\/76326056.jpg","contentUrl":"https:\/\/shop.bantam.ch\/wp-content\/uploads\/2026\/04\/76326056.jpg","width":96,"height":180},{"@type":"BreadcrumbList","@id":"https:\/\/shop.bantam.ch\/de\/produkt\/kuemmerlyfrey-regional-strassenkarte-5-norwegen-nordkap\/#breadcrumb","itemListElement":[{"@type":"ListItem","position":1,"name":"Accueil","item":"https:\/\/shop.bantam.ch\/de\/"},{"@type":"ListItem","position":2,"name":"Shop","item":"https:\/\/shop.bantam.ch\/de\/shop\/"},{"@type":"ListItem","position":3,"name":"K\u00fcmmerly+Frey Regional-Strassenkarte 5 Norwegen Nordkap"}]},{"@type":"WebSite","@id":"https:\/\/shop.bantam.ch\/de\/#website","url":"https:\/\/shop.bantam.ch\/de\/","name":"Bantam","description":"","publisher":{"@id":"https:\/\/shop.bantam.ch\/de\/#organization"},"inLanguage":"de"},{"@type":"Organization","@id":"https:\/\/shop.bantam.ch\/de\/#organization","name":"Bantam","url":"https:\/\/shop.bantam.ch\/de\/","logo":{"@type":"ImageObject","inLanguage":"de","@id":"https:\/\/shop.bantam.ch\/de\/#\/schema\/logo\/image\/","url":"https:\/\/shop.bantam.ch\/wp-content\/uploads\/2022\/12\/bantam-logo.png","contentUrl":"https:\/\/shop.bantam.ch\/wp-content\/uploads\/2022\/12\/bantam-logo.png","width":320,"height":71,"caption":"Bantam"},"image":{"@id":"https:\/\/shop.bantam.ch\/de\/#\/schema\/logo\/image\/"}}]}},"_links":{"self":[{"href":"https:\/\/shop.bantam.ch\/de\/wp-json\/wp\/v2\/product\/236006","targetHints":{"allow":["GET"]}}],"collection":[{"href":"https:\/\/shop.bantam.ch\/de\/wp-json\/wp\/v2\/product"}],"about":[{"href":"https:\/\/shop.bantam.ch\/de\/wp-json\/wp\/v2\/types\/product"}],"wp:featuredmedia":[{"embeddable":true,"href":"https:\/\/shop.bantam.ch\/de\/wp-json\/wp\/v2\/media\/236004"}],"wp:attachment":[{"href":"https:\/\/shop.bantam.ch\/de\/wp-json\/wp\/v2\/media?parent=236006"}],"wp:term":[{"taxonomy":"product_featured_cat","embeddable":true,"href":"https:\/\/shop.bantam.ch\/de\/wp-json\/wp\/v2\/product_featured_cat?post=236006"},{"taxonomy":"product_brand","embeddable":true,"href":"https:\/\/shop.bantam.ch\/de\/wp-json\/wp\/v2\/product_brand?post=236006"},{"taxonomy":"product_cat","embeddable":true,"href":"https:\/\/shop.bantam.ch\/de\/wp-json\/wp\/v2\/product_cat?post=236006"},{"taxonomy":"product_tag","embeddable":true,"href":"https:\/\/shop.bantam.ch\/de\/wp-json\/wp\/v2\/product_tag?post=236006"}],"curies":[{"name":"wp","href":"https:\/\/api.w.org\/{rel}","templated":true}]}}