{"id":235996,"date":"2026-04-22T09:36:27","date_gmt":"2026-04-22T07:36:27","guid":{"rendered":"https:\/\/shop.bantam.ch\/produit\/kuemmerlyfrey-regional-strassenkarte-1-deutsche-nordseekueste-1275-000-1275000\/"},"modified":"2026-05-10T23:59:24","modified_gmt":"2026-05-10T21:59:24","slug":"kuemmerlyfrey-regional-strassenkarte-1-deutsche-nordseekueste-1275-000-1275000","status":"publish","type":"product","link":"https:\/\/shop.bantam.ch\/de\/produkt\/kuemmerlyfrey-regional-strassenkarte-1-deutsche-nordseekueste-1275-000-1275000\/","title":{"rendered":"K\u00fcmmerly+Frey Regional-Strassenkarte 1 Deutsche Nordseek\u00fcste 1:275.000. 1:275&#8217;000"},"content":{"rendered":"<p>In der K\u00fcmmerly+Frey Strassenkarte Deutsche Nordseek\u00fcste im Massstab 1:275&#8217;000 finden Sie alles, was Sie zur Orientierung und Inspiration brauchen. Dank den deutlich gekennzeichneten, leicht lesbaren und aktuellen Strassen, dem aufger\u00e4umten, aktuellen Kartenbild sowie der Detailgenauigkeit, ist die Karte das perfekte Hilfsmittel, um das Beste aus Ihrem Besuch in dieser aussergew\u00f6hnlichen Region zu machen. Die thematische Karte enth\u00e4lt detaillierte Informationen \u00fcber Ortschaften und das verbindende Strassennetz. Reisende mit Auto oder Motorrad finden dank den gut erkennbaren, \u00fcbersichtlich dargestellten Autobahnen, Autostrassen, Hauptverkehrsstrassen, Landstrassen und Nebenstrassen immer den richtigen Weg. Die integrierten Informationen mit Ortsverzeichnis und Reiseinformationen vervollst\u00e4ndigen das Kartenwerk. Die Faltkarte f\u00fcr Autofahrer oder Motorradfahrer besteht aus einem robusten Cover und Papier. Auch nach mehrmaligem Gebrauch l\u00e4sst sie Sie nicht im Stich. Sollte das GPS mal nicht funktionieren oder das Handy keinen Akku mehr haben, helfen Ihnen die auf der Karte deutlich verzeichneten Strassen, Aussichtspunkten, Bahnh\u00f6fen, Einkehrm\u00f6glichkeiten, Campingpl\u00e4tzen, Parkpl\u00e4tzen, etc. stets die Orientierung zu behalten.<\/p>\n","protected":false},"excerpt":{"rendered":"<p>In der K\u00fcmmerly+Frey Strassenkarte Deutsche Nordseek\u00fcste im Massstab 1:275&#8217;000 finden Sie alles, was Sie zur Orientierung und Inspiration brauchen. Dank den deutlich gekennzeichneten, leicht lesbaren und aktuellen Strassen, dem aufger\u00e4umten, aktuellen Kartenbild sowie der Detailgenauigkeit, ist die Karte das perfekte Hilfsmittel, um das Beste aus Ihrem Besuch in dieser aussergew\u00f6hnlichen Region zu machen. Die thematische [&hellip;]<\/p>\n","protected":false},"featured_media":236002,"template":"","meta":{"_acf_changed":false},"product_featured_cat":[],"product_brand":[3693],"product_cat":[4352],"product_tag":[],"class_list":{"0":"post-235996","1":"product","2":"type-product","3":"status-publish","4":"has-post-thumbnail","6":"product_brand-kummerly-frey-de","7":"product_cat-reisefuehrer","9":"first","10":"instock","11":"taxable","12":"shipping-taxable","13":"purchasable","14":"product-type-simple"},"acf":[],"yoast_head":"<!-- This site is optimized with the Yoast SEO plugin v27.5 - https:\/\/yoast.com\/product\/yoast-seo-wordpress\/ -->\n<title>K\u00fcmmerly+Frey Regional-Strassenkarte 1 Deutsche Nordseek\u00fcste 1:275.000. 1:275&#039;000 - Bantam<\/title>\n<meta name=\"robots\" content=\"index, follow, max-snippet:-1, max-image-preview:large, max-video-preview:-1\" \/>\n<link rel=\"canonical\" href=\"https:\/\/shop.bantam.ch\/de\/produkt\/kuemmerlyfrey-regional-strassenkarte-1-deutsche-nordseekueste-1275-000-1275000\/\" \/>\n<meta property=\"og:locale\" content=\"de_DE\" \/>\n<meta property=\"og:type\" content=\"article\" \/>\n<meta property=\"og:title\" content=\"K\u00fcmmerly+Frey Regional-Strassenkarte 1 Deutsche Nordseek\u00fcste 1:275.000. 1:275&#039;000 - Bantam\" \/>\n<meta property=\"og:description\" content=\"In der K\u00fcmmerly+Frey Strassenkarte Deutsche Nordseek\u00fcste im Massstab 1:275&#8217;000 finden Sie alles, was Sie zur Orientierung und Inspiration brauchen. Dank den deutlich gekennzeichneten, leicht lesbaren und aktuellen Strassen, dem aufger\u00e4umten, aktuellen Kartenbild sowie der Detailgenauigkeit, ist die Karte das perfekte Hilfsmittel, um das Beste aus Ihrem Besuch in dieser aussergew\u00f6hnlichen Region zu machen. Die thematische [&hellip;]\" \/>\n<meta property=\"og:url\" content=\"https:\/\/shop.bantam.ch\/de\/produkt\/kuemmerlyfrey-regional-strassenkarte-1-deutsche-nordseekueste-1275-000-1275000\/\" \/>\n<meta property=\"og:site_name\" content=\"Bantam\" \/>\n<meta property=\"article:modified_time\" content=\"2026-05-10T21:59:24+00:00\" \/>\n<meta name=\"twitter:card\" content=\"summary_large_image\" \/>\n<meta name=\"twitter:label1\" content=\"Gesch\u00e4tzte Lesezeit\" \/>\n\t<meta name=\"twitter:data1\" content=\"1\u00a0Minute\" \/>\n<script type=\"application\/ld+json\" class=\"yoast-schema-graph\">{\"@context\":\"https:\\\/\\\/schema.org\",\"@graph\":[{\"@type\":\"WebPage\",\"@id\":\"https:\\\/\\\/shop.bantam.ch\\\/de\\\/produkt\\\/kuemmerlyfrey-regional-strassenkarte-1-deutsche-nordseekueste-1275-000-1275000\\\/\",\"url\":\"https:\\\/\\\/shop.bantam.ch\\\/de\\\/produkt\\\/kuemmerlyfrey-regional-strassenkarte-1-deutsche-nordseekueste-1275-000-1275000\\\/\",\"name\":\"K\u00fcmmerly+Frey Regional-Strassenkarte 1 Deutsche Nordseek\u00fcste 1:275.000. 1:275'000 - Bantam\",\"isPartOf\":{\"@id\":\"https:\\\/\\\/shop.bantam.ch\\\/de\\\/#website\"},\"primaryImageOfPage\":{\"@id\":\"https:\\\/\\\/shop.bantam.ch\\\/de\\\/produkt\\\/kuemmerlyfrey-regional-strassenkarte-1-deutsche-nordseekueste-1275-000-1275000\\\/#primaryimage\"},\"image\":{\"@id\":\"https:\\\/\\\/shop.bantam.ch\\\/de\\\/produkt\\\/kuemmerlyfrey-regional-strassenkarte-1-deutsche-nordseekueste-1275-000-1275000\\\/#primaryimage\"},\"thumbnailUrl\":\"https:\\\/\\\/shop.bantam.ch\\\/wp-content\\\/uploads\\\/2026\\\/04\\\/76326055-1.jpg\",\"datePublished\":\"2026-04-22T07:36:27+00:00\",\"dateModified\":\"2026-05-10T21:59:24+00:00\",\"breadcrumb\":{\"@id\":\"https:\\\/\\\/shop.bantam.ch\\\/de\\\/produkt\\\/kuemmerlyfrey-regional-strassenkarte-1-deutsche-nordseekueste-1275-000-1275000\\\/#breadcrumb\"},\"inLanguage\":\"de\",\"potentialAction\":[{\"@type\":\"ReadAction\",\"target\":[\"https:\\\/\\\/shop.bantam.ch\\\/de\\\/produkt\\\/kuemmerlyfrey-regional-strassenkarte-1-deutsche-nordseekueste-1275-000-1275000\\\/\"]}]},{\"@type\":\"ImageObject\",\"inLanguage\":\"de\",\"@id\":\"https:\\\/\\\/shop.bantam.ch\\\/de\\\/produkt\\\/kuemmerlyfrey-regional-strassenkarte-1-deutsche-nordseekueste-1275-000-1275000\\\/#primaryimage\",\"url\":\"https:\\\/\\\/shop.bantam.ch\\\/wp-content\\\/uploads\\\/2026\\\/04\\\/76326055-1.jpg\",\"contentUrl\":\"https:\\\/\\\/shop.bantam.ch\\\/wp-content\\\/uploads\\\/2026\\\/04\\\/76326055-1.jpg\",\"width\":96,\"height\":180},{\"@type\":\"BreadcrumbList\",\"@id\":\"https:\\\/\\\/shop.bantam.ch\\\/de\\\/produkt\\\/kuemmerlyfrey-regional-strassenkarte-1-deutsche-nordseekueste-1275-000-1275000\\\/#breadcrumb\",\"itemListElement\":[{\"@type\":\"ListItem\",\"position\":1,\"name\":\"Accueil\",\"item\":\"https:\\\/\\\/shop.bantam.ch\\\/de\\\/\"},{\"@type\":\"ListItem\",\"position\":2,\"name\":\"Shop\",\"item\":\"https:\\\/\\\/shop.bantam.ch\\\/de\\\/shop\\\/\"},{\"@type\":\"ListItem\",\"position\":3,\"name\":\"K\u00fcmmerly+Frey Regional-Strassenkarte 1 Deutsche Nordseek\u00fcste 1:275.000. 1:275&rsquo;000\"}]},{\"@type\":\"WebSite\",\"@id\":\"https:\\\/\\\/shop.bantam.ch\\\/de\\\/#website\",\"url\":\"https:\\\/\\\/shop.bantam.ch\\\/de\\\/\",\"name\":\"Bantam\",\"description\":\"\",\"publisher\":{\"@id\":\"https:\\\/\\\/shop.bantam.ch\\\/de\\\/#organization\"},\"inLanguage\":\"de\"},{\"@type\":\"Organization\",\"@id\":\"https:\\\/\\\/shop.bantam.ch\\\/de\\\/#organization\",\"name\":\"Bantam\",\"url\":\"https:\\\/\\\/shop.bantam.ch\\\/de\\\/\",\"logo\":{\"@type\":\"ImageObject\",\"inLanguage\":\"de\",\"@id\":\"https:\\\/\\\/shop.bantam.ch\\\/de\\\/#\\\/schema\\\/logo\\\/image\\\/\",\"url\":\"https:\\\/\\\/shop.bantam.ch\\\/wp-content\\\/uploads\\\/2022\\\/12\\\/bantam-logo.png\",\"contentUrl\":\"https:\\\/\\\/shop.bantam.ch\\\/wp-content\\\/uploads\\\/2022\\\/12\\\/bantam-logo.png\",\"width\":320,\"height\":71,\"caption\":\"Bantam\"},\"image\":{\"@id\":\"https:\\\/\\\/shop.bantam.ch\\\/de\\\/#\\\/schema\\\/logo\\\/image\\\/\"}}]}<\/script>\n<!-- \/ Yoast SEO plugin. -->","yoast_head_json":{"title":"K\u00fcmmerly+Frey Regional-Strassenkarte 1 Deutsche Nordseek\u00fcste 1:275.000. 1:275'000 - Bantam","robots":{"index":"index","follow":"follow","max-snippet":"max-snippet:-1","max-image-preview":"max-image-preview:large","max-video-preview":"max-video-preview:-1"},"canonical":"https:\/\/shop.bantam.ch\/de\/produkt\/kuemmerlyfrey-regional-strassenkarte-1-deutsche-nordseekueste-1275-000-1275000\/","og_locale":"de_DE","og_type":"article","og_title":"K\u00fcmmerly+Frey Regional-Strassenkarte 1 Deutsche Nordseek\u00fcste 1:275.000. 1:275'000 - Bantam","og_description":"In der K\u00fcmmerly+Frey Strassenkarte Deutsche Nordseek\u00fcste im Massstab 1:275&#8217;000 finden Sie alles, was Sie zur Orientierung und Inspiration brauchen. Dank den deutlich gekennzeichneten, leicht lesbaren und aktuellen Strassen, dem aufger\u00e4umten, aktuellen Kartenbild sowie der Detailgenauigkeit, ist die Karte das perfekte Hilfsmittel, um das Beste aus Ihrem Besuch in dieser aussergew\u00f6hnlichen Region zu machen. Die thematische [&hellip;]","og_url":"https:\/\/shop.bantam.ch\/de\/produkt\/kuemmerlyfrey-regional-strassenkarte-1-deutsche-nordseekueste-1275-000-1275000\/","og_site_name":"Bantam","article_modified_time":"2026-05-10T21:59:24+00:00","twitter_card":"summary_large_image","twitter_misc":{"Gesch\u00e4tzte Lesezeit":"1\u00a0Minute"},"schema":{"@context":"https:\/\/schema.org","@graph":[{"@type":"WebPage","@id":"https:\/\/shop.bantam.ch\/de\/produkt\/kuemmerlyfrey-regional-strassenkarte-1-deutsche-nordseekueste-1275-000-1275000\/","url":"https:\/\/shop.bantam.ch\/de\/produkt\/kuemmerlyfrey-regional-strassenkarte-1-deutsche-nordseekueste-1275-000-1275000\/","name":"K\u00fcmmerly+Frey Regional-Strassenkarte 1 Deutsche Nordseek\u00fcste 1:275.000. 1:275'000 - Bantam","isPartOf":{"@id":"https:\/\/shop.bantam.ch\/de\/#website"},"primaryImageOfPage":{"@id":"https:\/\/shop.bantam.ch\/de\/produkt\/kuemmerlyfrey-regional-strassenkarte-1-deutsche-nordseekueste-1275-000-1275000\/#primaryimage"},"image":{"@id":"https:\/\/shop.bantam.ch\/de\/produkt\/kuemmerlyfrey-regional-strassenkarte-1-deutsche-nordseekueste-1275-000-1275000\/#primaryimage"},"thumbnailUrl":"https:\/\/shop.bantam.ch\/wp-content\/uploads\/2026\/04\/76326055-1.jpg","datePublished":"2026-04-22T07:36:27+00:00","dateModified":"2026-05-10T21:59:24+00:00","breadcrumb":{"@id":"https:\/\/shop.bantam.ch\/de\/produkt\/kuemmerlyfrey-regional-strassenkarte-1-deutsche-nordseekueste-1275-000-1275000\/#breadcrumb"},"inLanguage":"de","potentialAction":[{"@type":"ReadAction","target":["https:\/\/shop.bantam.ch\/de\/produkt\/kuemmerlyfrey-regional-strassenkarte-1-deutsche-nordseekueste-1275-000-1275000\/"]}]},{"@type":"ImageObject","inLanguage":"de","@id":"https:\/\/shop.bantam.ch\/de\/produkt\/kuemmerlyfrey-regional-strassenkarte-1-deutsche-nordseekueste-1275-000-1275000\/#primaryimage","url":"https:\/\/shop.bantam.ch\/wp-content\/uploads\/2026\/04\/76326055-1.jpg","contentUrl":"https:\/\/shop.bantam.ch\/wp-content\/uploads\/2026\/04\/76326055-1.jpg","width":96,"height":180},{"@type":"BreadcrumbList","@id":"https:\/\/shop.bantam.ch\/de\/produkt\/kuemmerlyfrey-regional-strassenkarte-1-deutsche-nordseekueste-1275-000-1275000\/#breadcrumb","itemListElement":[{"@type":"ListItem","position":1,"name":"Accueil","item":"https:\/\/shop.bantam.ch\/de\/"},{"@type":"ListItem","position":2,"name":"Shop","item":"https:\/\/shop.bantam.ch\/de\/shop\/"},{"@type":"ListItem","position":3,"name":"K\u00fcmmerly+Frey Regional-Strassenkarte 1 Deutsche Nordseek\u00fcste 1:275.000. 1:275&rsquo;000"}]},{"@type":"WebSite","@id":"https:\/\/shop.bantam.ch\/de\/#website","url":"https:\/\/shop.bantam.ch\/de\/","name":"Bantam","description":"","publisher":{"@id":"https:\/\/shop.bantam.ch\/de\/#organization"},"inLanguage":"de"},{"@type":"Organization","@id":"https:\/\/shop.bantam.ch\/de\/#organization","name":"Bantam","url":"https:\/\/shop.bantam.ch\/de\/","logo":{"@type":"ImageObject","inLanguage":"de","@id":"https:\/\/shop.bantam.ch\/de\/#\/schema\/logo\/image\/","url":"https:\/\/shop.bantam.ch\/wp-content\/uploads\/2022\/12\/bantam-logo.png","contentUrl":"https:\/\/shop.bantam.ch\/wp-content\/uploads\/2022\/12\/bantam-logo.png","width":320,"height":71,"caption":"Bantam"},"image":{"@id":"https:\/\/shop.bantam.ch\/de\/#\/schema\/logo\/image\/"}}]}},"_links":{"self":[{"href":"https:\/\/shop.bantam.ch\/de\/wp-json\/wp\/v2\/product\/235996","targetHints":{"allow":["GET"]}}],"collection":[{"href":"https:\/\/shop.bantam.ch\/de\/wp-json\/wp\/v2\/product"}],"about":[{"href":"https:\/\/shop.bantam.ch\/de\/wp-json\/wp\/v2\/types\/product"}],"wp:featuredmedia":[{"embeddable":true,"href":"https:\/\/shop.bantam.ch\/de\/wp-json\/wp\/v2\/media\/236002"}],"wp:attachment":[{"href":"https:\/\/shop.bantam.ch\/de\/wp-json\/wp\/v2\/media?parent=235996"}],"wp:term":[{"taxonomy":"product_featured_cat","embeddable":true,"href":"https:\/\/shop.bantam.ch\/de\/wp-json\/wp\/v2\/product_featured_cat?post=235996"},{"taxonomy":"product_brand","embeddable":true,"href":"https:\/\/shop.bantam.ch\/de\/wp-json\/wp\/v2\/product_brand?post=235996"},{"taxonomy":"product_cat","embeddable":true,"href":"https:\/\/shop.bantam.ch\/de\/wp-json\/wp\/v2\/product_cat?post=235996"},{"taxonomy":"product_tag","embeddable":true,"href":"https:\/\/shop.bantam.ch\/de\/wp-json\/wp\/v2\/product_tag?post=235996"}],"curies":[{"name":"wp","href":"https:\/\/api.w.org\/{rel}","templated":true}]}}