{"id":235959,"date":"2026-04-20T13:49:12","date_gmt":"2026-04-20T11:49:12","guid":{"rendered":"https:\/\/shop.bantam.ch\/produit\/klimageraet-mit-sterilair-pro-telair-ultra-comfort-8000\/"},"modified":"2026-05-06T02:39:30","modified_gmt":"2026-05-06T00:39:30","slug":"klimageraet-mit-sterilair-pro-telair-ultra-comfort-8000","status":"publish","type":"product","link":"https:\/\/shop.bantam.ch\/de\/produkt\/klimageraet-mit-sterilair-pro-telair-ultra-comfort-8000\/","title":{"rendered":"Klimager\u00e4t mit sterilair Pro Telair Ultra Comfort 8000"},"content":{"rendered":"<p>Klimaanlage Ultra Comfort 6000\/8000: \u201eDie Klimaanlage Ultra Comfort ist die perfekte L\u00f6sung f\u00fcr Camper Vans, Modelle mit Aufstelldach sowie teilintegrierte Wohnmobile. Ihre Steuereinheit mit Elektronik und L\u00fcfter ist elegant in der Mittelkonsole des Cockpits integriert, w\u00e4hrend der Kompressor platzsparend im Motorraum installiert wird. Alle Komponenten sind \u00fcber Schl\u00e4uche miteinander verbunden und mit automatischen Schnellanschl\u00fcssen ausgestattet. Das K\u00e4ltemittelgas ist bereits vorgef\u00fcllt und wird gleichm\u00e4\u00dfig auf alle Bauteile, einschlie\u00dflich der Verbindungsschl\u00e4uche, verteilt. Dank der integrierten W\u00e4rmepumpe kann die Ultra Comfort nicht nur k\u00fchlen, sondern auch heizen \u2013 und sorgt damit \u00fcber f\u00fcr ein angenehmes Raumklima im Wohnmobil.\u201c<\/p>\n<p>\u00a0<\/p>\n<p>Steril Air pro: Erleben Sie mit Steril Air Pro eine neue Dimension von Raumkomfort und Luftreinheit. Die Klimaanlage Ultra Comfort mit dem Steril Air Pro vereint modernste Klimatisierung mit innovativer UV-A-LED-Photokatalyse-Technologie \u2013 f\u00fcr dauerhaft reine, frische und gesunde Raumluft. Der integrierte Luftreiniger beseitigt zuverl\u00e4ssig:<\/p>\n<ul>\n<li>Viren &amp; Bakterien (inkl. SARS-CoV-2, reduziert 99,998 % in 30 Min.)<\/li>\n<li>Organische Verunreinigungen &amp; Ger\u00fcche<\/li>\n<li>Schadstoffe wie Formaldehyd &amp; Benzol<\/li>\n<\/ul>\n","protected":false},"excerpt":{"rendered":"<p>Klimaanlage Ultra Comfort 6000\/8000: \u201eDie Klimaanlage Ultra Comfort ist die perfekte L\u00f6sung f\u00fcr Camper Vans, Modelle mit Aufstelldach sowie teilintegrierte Wohnmobile. Ihre Steuereinheit mit Elektronik und L\u00fcfter ist elegant in der Mittelkonsole des Cockpits integriert, w\u00e4hrend der Kompressor platzsparend im Motorraum installiert wird. Alle Komponenten sind \u00fcber Schl\u00e4uche miteinander verbunden und mit automatischen Schnellanschl\u00fcssen ausgestattet. [&hellip;]<\/p>\n","protected":false},"featured_media":235943,"template":"","meta":{"_acf_changed":false},"product_featured_cat":[],"product_brand":[3229],"product_cat":[4090],"product_tag":[],"class_list":{"0":"post-235959","1":"product","2":"type-product","3":"status-publish","4":"has-post-thumbnail","6":"product_brand-telair-de","7":"product_cat-klimaanlagen","9":"first","10":"instock","11":"taxable","12":"shipping-taxable","13":"purchasable","14":"product-type-variable"},"acf":[],"yoast_head":"<!-- This site is optimized with the Yoast SEO plugin v27.5 - https:\/\/yoast.com\/product\/yoast-seo-wordpress\/ -->\n<title>Klimager\u00e4t mit sterilair Pro Telair Ultra Comfort 8000 - Bantam<\/title>\n<meta name=\"robots\" content=\"index, follow, max-snippet:-1, max-image-preview:large, max-video-preview:-1\" \/>\n<link rel=\"canonical\" href=\"https:\/\/shop.bantam.ch\/de\/produkt\/klimageraet-mit-sterilair-pro-telair-ultra-comfort-8000\/\" \/>\n<meta property=\"og:locale\" content=\"de_DE\" \/>\n<meta property=\"og:type\" content=\"article\" \/>\n<meta property=\"og:title\" content=\"Klimager\u00e4t mit sterilair Pro Telair Ultra Comfort 8000 - Bantam\" \/>\n<meta property=\"og:description\" content=\"Klimaanlage Ultra Comfort 6000\/8000: \u201eDie Klimaanlage Ultra Comfort ist die perfekte L\u00f6sung f\u00fcr Camper Vans, Modelle mit Aufstelldach sowie teilintegrierte Wohnmobile. Ihre Steuereinheit mit Elektronik und L\u00fcfter ist elegant in der Mittelkonsole des Cockpits integriert, w\u00e4hrend der Kompressor platzsparend im Motorraum installiert wird. Alle Komponenten sind \u00fcber Schl\u00e4uche miteinander verbunden und mit automatischen Schnellanschl\u00fcssen ausgestattet. [&hellip;]\" \/>\n<meta property=\"og:url\" content=\"https:\/\/shop.bantam.ch\/de\/produkt\/klimageraet-mit-sterilair-pro-telair-ultra-comfort-8000\/\" \/>\n<meta property=\"og:site_name\" content=\"Bantam\" \/>\n<meta property=\"article:modified_time\" content=\"2026-05-06T00:39:30+00:00\" \/>\n<meta property=\"og:image\" content=\"https:\/\/shop.bantam.ch\/wp-content\/uploads\/2026\/04\/Movera-L-9987246100.png\" \/>\n\t<meta property=\"og:image:width\" content=\"640\" \/>\n\t<meta property=\"og:image:height\" content=\"603\" \/>\n\t<meta property=\"og:image:type\" content=\"image\/png\" \/>\n<meta name=\"twitter:card\" content=\"summary_large_image\" \/>\n<meta name=\"twitter:label1\" content=\"Gesch\u00e4tzte Lesezeit\" \/>\n\t<meta name=\"twitter:data1\" content=\"1\u00a0Minute\" \/>\n<script type=\"application\/ld+json\" class=\"yoast-schema-graph\">{\"@context\":\"https:\\\/\\\/schema.org\",\"@graph\":[{\"@type\":\"WebPage\",\"@id\":\"https:\\\/\\\/shop.bantam.ch\\\/de\\\/produkt\\\/klimageraet-mit-sterilair-pro-telair-ultra-comfort-8000\\\/\",\"url\":\"https:\\\/\\\/shop.bantam.ch\\\/de\\\/produkt\\\/klimageraet-mit-sterilair-pro-telair-ultra-comfort-8000\\\/\",\"name\":\"Klimager\u00e4t mit sterilair Pro Telair Ultra Comfort 8000 - Bantam\",\"isPartOf\":{\"@id\":\"https:\\\/\\\/shop.bantam.ch\\\/de\\\/#website\"},\"primaryImageOfPage\":{\"@id\":\"https:\\\/\\\/shop.bantam.ch\\\/de\\\/produkt\\\/klimageraet-mit-sterilair-pro-telair-ultra-comfort-8000\\\/#primaryimage\"},\"image\":{\"@id\":\"https:\\\/\\\/shop.bantam.ch\\\/de\\\/produkt\\\/klimageraet-mit-sterilair-pro-telair-ultra-comfort-8000\\\/#primaryimage\"},\"thumbnailUrl\":\"https:\\\/\\\/shop.bantam.ch\\\/wp-content\\\/uploads\\\/2026\\\/04\\\/Movera-L-9987246100.png\",\"datePublished\":\"2026-04-20T11:49:12+00:00\",\"dateModified\":\"2026-05-06T00:39:30+00:00\",\"breadcrumb\":{\"@id\":\"https:\\\/\\\/shop.bantam.ch\\\/de\\\/produkt\\\/klimageraet-mit-sterilair-pro-telair-ultra-comfort-8000\\\/#breadcrumb\"},\"inLanguage\":\"de\",\"potentialAction\":[{\"@type\":\"ReadAction\",\"target\":[\"https:\\\/\\\/shop.bantam.ch\\\/de\\\/produkt\\\/klimageraet-mit-sterilair-pro-telair-ultra-comfort-8000\\\/\"]}]},{\"@type\":\"ImageObject\",\"inLanguage\":\"de\",\"@id\":\"https:\\\/\\\/shop.bantam.ch\\\/de\\\/produkt\\\/klimageraet-mit-sterilair-pro-telair-ultra-comfort-8000\\\/#primaryimage\",\"url\":\"https:\\\/\\\/shop.bantam.ch\\\/wp-content\\\/uploads\\\/2026\\\/04\\\/Movera-L-9987246100.png\",\"contentUrl\":\"https:\\\/\\\/shop.bantam.ch\\\/wp-content\\\/uploads\\\/2026\\\/04\\\/Movera-L-9987246100.png\",\"width\":640,\"height\":603},{\"@type\":\"BreadcrumbList\",\"@id\":\"https:\\\/\\\/shop.bantam.ch\\\/de\\\/produkt\\\/klimageraet-mit-sterilair-pro-telair-ultra-comfort-8000\\\/#breadcrumb\",\"itemListElement\":[{\"@type\":\"ListItem\",\"position\":1,\"name\":\"Accueil\",\"item\":\"https:\\\/\\\/shop.bantam.ch\\\/de\\\/\"},{\"@type\":\"ListItem\",\"position\":2,\"name\":\"Shop\",\"item\":\"https:\\\/\\\/shop.bantam.ch\\\/de\\\/shop\\\/\"},{\"@type\":\"ListItem\",\"position\":3,\"name\":\"Klimager\u00e4t mit sterilair Pro Telair Ultra Comfort 8000\"}]},{\"@type\":\"WebSite\",\"@id\":\"https:\\\/\\\/shop.bantam.ch\\\/de\\\/#website\",\"url\":\"https:\\\/\\\/shop.bantam.ch\\\/de\\\/\",\"name\":\"Bantam\",\"description\":\"\",\"publisher\":{\"@id\":\"https:\\\/\\\/shop.bantam.ch\\\/de\\\/#organization\"},\"inLanguage\":\"de\"},{\"@type\":\"Organization\",\"@id\":\"https:\\\/\\\/shop.bantam.ch\\\/de\\\/#organization\",\"name\":\"Bantam\",\"url\":\"https:\\\/\\\/shop.bantam.ch\\\/de\\\/\",\"logo\":{\"@type\":\"ImageObject\",\"inLanguage\":\"de\",\"@id\":\"https:\\\/\\\/shop.bantam.ch\\\/de\\\/#\\\/schema\\\/logo\\\/image\\\/\",\"url\":\"https:\\\/\\\/shop.bantam.ch\\\/wp-content\\\/uploads\\\/2022\\\/12\\\/bantam-logo.png\",\"contentUrl\":\"https:\\\/\\\/shop.bantam.ch\\\/wp-content\\\/uploads\\\/2022\\\/12\\\/bantam-logo.png\",\"width\":320,\"height\":71,\"caption\":\"Bantam\"},\"image\":{\"@id\":\"https:\\\/\\\/shop.bantam.ch\\\/de\\\/#\\\/schema\\\/logo\\\/image\\\/\"}}]}<\/script>\n<!-- \/ Yoast SEO plugin. -->","yoast_head_json":{"title":"Klimager\u00e4t mit sterilair Pro Telair Ultra Comfort 8000 - Bantam","robots":{"index":"index","follow":"follow","max-snippet":"max-snippet:-1","max-image-preview":"max-image-preview:large","max-video-preview":"max-video-preview:-1"},"canonical":"https:\/\/shop.bantam.ch\/de\/produkt\/klimageraet-mit-sterilair-pro-telair-ultra-comfort-8000\/","og_locale":"de_DE","og_type":"article","og_title":"Klimager\u00e4t mit sterilair Pro Telair Ultra Comfort 8000 - Bantam","og_description":"Klimaanlage Ultra Comfort 6000\/8000: \u201eDie Klimaanlage Ultra Comfort ist die perfekte L\u00f6sung f\u00fcr Camper Vans, Modelle mit Aufstelldach sowie teilintegrierte Wohnmobile. Ihre Steuereinheit mit Elektronik und L\u00fcfter ist elegant in der Mittelkonsole des Cockpits integriert, w\u00e4hrend der Kompressor platzsparend im Motorraum installiert wird. Alle Komponenten sind \u00fcber Schl\u00e4uche miteinander verbunden und mit automatischen Schnellanschl\u00fcssen ausgestattet. [&hellip;]","og_url":"https:\/\/shop.bantam.ch\/de\/produkt\/klimageraet-mit-sterilair-pro-telair-ultra-comfort-8000\/","og_site_name":"Bantam","article_modified_time":"2026-05-06T00:39:30+00:00","og_image":[{"width":640,"height":603,"url":"https:\/\/shop.bantam.ch\/wp-content\/uploads\/2026\/04\/Movera-L-9987246100.png","type":"image\/png"}],"twitter_card":"summary_large_image","twitter_misc":{"Gesch\u00e4tzte Lesezeit":"1\u00a0Minute"},"schema":{"@context":"https:\/\/schema.org","@graph":[{"@type":"WebPage","@id":"https:\/\/shop.bantam.ch\/de\/produkt\/klimageraet-mit-sterilair-pro-telair-ultra-comfort-8000\/","url":"https:\/\/shop.bantam.ch\/de\/produkt\/klimageraet-mit-sterilair-pro-telair-ultra-comfort-8000\/","name":"Klimager\u00e4t mit sterilair Pro Telair Ultra Comfort 8000 - Bantam","isPartOf":{"@id":"https:\/\/shop.bantam.ch\/de\/#website"},"primaryImageOfPage":{"@id":"https:\/\/shop.bantam.ch\/de\/produkt\/klimageraet-mit-sterilair-pro-telair-ultra-comfort-8000\/#primaryimage"},"image":{"@id":"https:\/\/shop.bantam.ch\/de\/produkt\/klimageraet-mit-sterilair-pro-telair-ultra-comfort-8000\/#primaryimage"},"thumbnailUrl":"https:\/\/shop.bantam.ch\/wp-content\/uploads\/2026\/04\/Movera-L-9987246100.png","datePublished":"2026-04-20T11:49:12+00:00","dateModified":"2026-05-06T00:39:30+00:00","breadcrumb":{"@id":"https:\/\/shop.bantam.ch\/de\/produkt\/klimageraet-mit-sterilair-pro-telair-ultra-comfort-8000\/#breadcrumb"},"inLanguage":"de","potentialAction":[{"@type":"ReadAction","target":["https:\/\/shop.bantam.ch\/de\/produkt\/klimageraet-mit-sterilair-pro-telair-ultra-comfort-8000\/"]}]},{"@type":"ImageObject","inLanguage":"de","@id":"https:\/\/shop.bantam.ch\/de\/produkt\/klimageraet-mit-sterilair-pro-telair-ultra-comfort-8000\/#primaryimage","url":"https:\/\/shop.bantam.ch\/wp-content\/uploads\/2026\/04\/Movera-L-9987246100.png","contentUrl":"https:\/\/shop.bantam.ch\/wp-content\/uploads\/2026\/04\/Movera-L-9987246100.png","width":640,"height":603},{"@type":"BreadcrumbList","@id":"https:\/\/shop.bantam.ch\/de\/produkt\/klimageraet-mit-sterilair-pro-telair-ultra-comfort-8000\/#breadcrumb","itemListElement":[{"@type":"ListItem","position":1,"name":"Accueil","item":"https:\/\/shop.bantam.ch\/de\/"},{"@type":"ListItem","position":2,"name":"Shop","item":"https:\/\/shop.bantam.ch\/de\/shop\/"},{"@type":"ListItem","position":3,"name":"Klimager\u00e4t mit sterilair Pro Telair Ultra Comfort 8000"}]},{"@type":"WebSite","@id":"https:\/\/shop.bantam.ch\/de\/#website","url":"https:\/\/shop.bantam.ch\/de\/","name":"Bantam","description":"","publisher":{"@id":"https:\/\/shop.bantam.ch\/de\/#organization"},"inLanguage":"de"},{"@type":"Organization","@id":"https:\/\/shop.bantam.ch\/de\/#organization","name":"Bantam","url":"https:\/\/shop.bantam.ch\/de\/","logo":{"@type":"ImageObject","inLanguage":"de","@id":"https:\/\/shop.bantam.ch\/de\/#\/schema\/logo\/image\/","url":"https:\/\/shop.bantam.ch\/wp-content\/uploads\/2022\/12\/bantam-logo.png","contentUrl":"https:\/\/shop.bantam.ch\/wp-content\/uploads\/2022\/12\/bantam-logo.png","width":320,"height":71,"caption":"Bantam"},"image":{"@id":"https:\/\/shop.bantam.ch\/de\/#\/schema\/logo\/image\/"}}]}},"_links":{"self":[{"href":"https:\/\/shop.bantam.ch\/de\/wp-json\/wp\/v2\/product\/235959","targetHints":{"allow":["GET"]}}],"collection":[{"href":"https:\/\/shop.bantam.ch\/de\/wp-json\/wp\/v2\/product"}],"about":[{"href":"https:\/\/shop.bantam.ch\/de\/wp-json\/wp\/v2\/types\/product"}],"wp:featuredmedia":[{"embeddable":true,"href":"https:\/\/shop.bantam.ch\/de\/wp-json\/wp\/v2\/media\/235943"}],"wp:attachment":[{"href":"https:\/\/shop.bantam.ch\/de\/wp-json\/wp\/v2\/media?parent=235959"}],"wp:term":[{"taxonomy":"product_featured_cat","embeddable":true,"href":"https:\/\/shop.bantam.ch\/de\/wp-json\/wp\/v2\/product_featured_cat?post=235959"},{"taxonomy":"product_brand","embeddable":true,"href":"https:\/\/shop.bantam.ch\/de\/wp-json\/wp\/v2\/product_brand?post=235959"},{"taxonomy":"product_cat","embeddable":true,"href":"https:\/\/shop.bantam.ch\/de\/wp-json\/wp\/v2\/product_cat?post=235959"},{"taxonomy":"product_tag","embeddable":true,"href":"https:\/\/shop.bantam.ch\/de\/wp-json\/wp\/v2\/product_tag?post=235959"}],"curies":[{"name":"wp","href":"https:\/\/api.w.org\/{rel}","templated":true}]}}