{"id":235900,"date":"2026-04-17T16:43:27","date_gmt":"2026-04-17T14:43:27","guid":{"rendered":"https:\/\/shop.bantam.ch\/produit\/gemuesemesser-normaler-schliff-schwarz\/"},"modified":"2026-04-18T00:00:18","modified_gmt":"2026-04-17T22:00:18","slug":"gemuesemesser-normaler-schliff-schwarz","status":"publish","type":"product","link":"https:\/\/shop.bantam.ch\/de\/produkt\/gemuesemesser-normaler-schliff-schwarz\/","title":{"rendered":"Gem\u00fcsemesser normaler Schliff, Schwarz"},"content":{"rendered":"<p>Officemesser mit glatter Schneide und mittiger Spitze. Dieses Officemesser verf\u00fcgt \u00fcber eine Klinge aus rostfreiem Edelstahl mit glatter Schneide und mittiger Spitze \u2013 ideal f\u00fcr eine Vielzahl pr\u00e4ziser Schneidarbeiten. Der ergonomische und leichte Griff sorgt f\u00fcr optimale Kontrolle und hohen Komfort. In der Schweiz hergestellt und sp\u00fclmaschinengeeignet, \u00fcberzeugt es im K\u00fcchenalltag durch Zuverl\u00e4ssigkeit und Effizienz.<\/p>\n","protected":false},"excerpt":{"rendered":"<p>Officemesser mit glatter Schneide und mittiger Spitze. Dieses Officemesser verf\u00fcgt \u00fcber eine Klinge aus rostfreiem Edelstahl mit glatter Schneide und mittiger Spitze \u2013 ideal f\u00fcr eine Vielzahl pr\u00e4ziser Schneidarbeiten. Der ergonomische und leichte Griff sorgt f\u00fcr optimale Kontrolle und hohen Komfort. In der Schweiz hergestellt und sp\u00fclmaschinengeeignet, \u00fcberzeugt es im K\u00fcchenalltag durch Zuverl\u00e4ssigkeit und Effizienz.<\/p>\n","protected":false},"featured_media":235898,"template":"","meta":{"_acf_changed":false},"product_featured_cat":[],"product_brand":[3525],"product_cat":[4286,4412],"product_tag":[],"class_list":{"0":"post-235900","1":"product","2":"type-product","3":"status-publish","4":"has-post-thumbnail","6":"product_brand-victorinox-de","7":"product_cat-kuechenhelfer","8":"product_cat-messer","10":"first","11":"instock","12":"taxable","13":"shipping-taxable","14":"purchasable","15":"product-type-simple"},"acf":[],"yoast_head":"<!-- This site is optimized with the Yoast SEO plugin v27.4 - https:\/\/yoast.com\/product\/yoast-seo-wordpress\/ -->\n<title>Gem\u00fcsemesser normaler Schliff, Schwarz - Bantam Camping AG<\/title>\n<meta name=\"robots\" content=\"index, follow, max-snippet:-1, max-image-preview:large, max-video-preview:-1\" \/>\n<link rel=\"canonical\" href=\"https:\/\/shop.bantam.ch\/de\/produkt\/gemuesemesser-normaler-schliff-schwarz\/\" \/>\n<meta property=\"og:locale\" content=\"de_DE\" \/>\n<meta property=\"og:type\" content=\"article\" \/>\n<meta property=\"og:title\" content=\"Gem\u00fcsemesser normaler Schliff, Schwarz - Bantam Camping AG\" \/>\n<meta property=\"og:description\" content=\"Officemesser mit glatter Schneide und mittiger Spitze. Dieses Officemesser verf\u00fcgt \u00fcber eine Klinge aus rostfreiem Edelstahl mit glatter Schneide und mittiger Spitze \u2013 ideal f\u00fcr eine Vielzahl pr\u00e4ziser Schneidarbeiten. Der ergonomische und leichte Griff sorgt f\u00fcr optimale Kontrolle und hohen Komfort. In der Schweiz hergestellt und sp\u00fclmaschinengeeignet, \u00fcberzeugt es im K\u00fcchenalltag durch Zuverl\u00e4ssigkeit und Effizienz.\" \/>\n<meta property=\"og:url\" content=\"https:\/\/shop.bantam.ch\/de\/produkt\/gemuesemesser-normaler-schliff-schwarz\/\" \/>\n<meta property=\"og:site_name\" content=\"Bantam Camping AG\" \/>\n<meta property=\"article:modified_time\" content=\"2026-04-17T22:00:18+00:00\" \/>\n<meta property=\"og:image\" content=\"https:\/\/shop.bantam.ch\/wp-content\/uploads\/2026\/04\/1337603.jpg\" \/>\n\t<meta property=\"og:image:width\" content=\"800\" \/>\n\t<meta property=\"og:image:height\" content=\"173\" \/>\n\t<meta property=\"og:image:type\" content=\"image\/jpeg\" \/>\n<meta name=\"twitter:card\" content=\"summary_large_image\" \/>\n<script type=\"application\/ld+json\" class=\"yoast-schema-graph\">{\"@context\":\"https:\\\/\\\/schema.org\",\"@graph\":[{\"@type\":\"WebPage\",\"@id\":\"https:\\\/\\\/shop.bantam.ch\\\/de\\\/produkt\\\/gemuesemesser-normaler-schliff-schwarz\\\/\",\"url\":\"https:\\\/\\\/shop.bantam.ch\\\/de\\\/produkt\\\/gemuesemesser-normaler-schliff-schwarz\\\/\",\"name\":\"Gem\u00fcsemesser normaler Schliff, Schwarz - Bantam Camping AG\",\"isPartOf\":{\"@id\":\"https:\\\/\\\/shop.bantam.ch\\\/de\\\/#website\"},\"primaryImageOfPage\":{\"@id\":\"https:\\\/\\\/shop.bantam.ch\\\/de\\\/produkt\\\/gemuesemesser-normaler-schliff-schwarz\\\/#primaryimage\"},\"image\":{\"@id\":\"https:\\\/\\\/shop.bantam.ch\\\/de\\\/produkt\\\/gemuesemesser-normaler-schliff-schwarz\\\/#primaryimage\"},\"thumbnailUrl\":\"https:\\\/\\\/shop.bantam.ch\\\/wp-content\\\/uploads\\\/2026\\\/04\\\/1337603.jpg\",\"datePublished\":\"2026-04-17T14:43:27+00:00\",\"dateModified\":\"2026-04-17T22:00:18+00:00\",\"breadcrumb\":{\"@id\":\"https:\\\/\\\/shop.bantam.ch\\\/de\\\/produkt\\\/gemuesemesser-normaler-schliff-schwarz\\\/#breadcrumb\"},\"inLanguage\":\"de\",\"potentialAction\":[{\"@type\":\"ReadAction\",\"target\":[\"https:\\\/\\\/shop.bantam.ch\\\/de\\\/produkt\\\/gemuesemesser-normaler-schliff-schwarz\\\/\"]}]},{\"@type\":\"ImageObject\",\"inLanguage\":\"de\",\"@id\":\"https:\\\/\\\/shop.bantam.ch\\\/de\\\/produkt\\\/gemuesemesser-normaler-schliff-schwarz\\\/#primaryimage\",\"url\":\"https:\\\/\\\/shop.bantam.ch\\\/wp-content\\\/uploads\\\/2026\\\/04\\\/1337603.jpg\",\"contentUrl\":\"https:\\\/\\\/shop.bantam.ch\\\/wp-content\\\/uploads\\\/2026\\\/04\\\/1337603.jpg\",\"width\":800,\"height\":173},{\"@type\":\"BreadcrumbList\",\"@id\":\"https:\\\/\\\/shop.bantam.ch\\\/de\\\/produkt\\\/gemuesemesser-normaler-schliff-schwarz\\\/#breadcrumb\",\"itemListElement\":[{\"@type\":\"ListItem\",\"position\":1,\"name\":\"Accueil\",\"item\":\"https:\\\/\\\/shop.bantam.ch\\\/de\\\/\"},{\"@type\":\"ListItem\",\"position\":2,\"name\":\"Shop\",\"item\":\"https:\\\/\\\/shop.bantam.ch\\\/de\\\/shop\\\/\"},{\"@type\":\"ListItem\",\"position\":3,\"name\":\"Gem\u00fcsemesser normaler Schliff, Schwarz\"}]},{\"@type\":\"WebSite\",\"@id\":\"https:\\\/\\\/shop.bantam.ch\\\/de\\\/#website\",\"url\":\"https:\\\/\\\/shop.bantam.ch\\\/de\\\/\",\"name\":\"Bantam Camping AG\",\"description\":\"\",\"publisher\":{\"@id\":\"https:\\\/\\\/shop.bantam.ch\\\/de\\\/#organization\"},\"inLanguage\":\"de\"},{\"@type\":\"Organization\",\"@id\":\"https:\\\/\\\/shop.bantam.ch\\\/de\\\/#organization\",\"name\":\"Bantam Camping AG\",\"url\":\"https:\\\/\\\/shop.bantam.ch\\\/de\\\/\",\"logo\":{\"@type\":\"ImageObject\",\"inLanguage\":\"de\",\"@id\":\"https:\\\/\\\/shop.bantam.ch\\\/de\\\/#\\\/schema\\\/logo\\\/image\\\/\",\"url\":\"https:\\\/\\\/shop.bantam.ch\\\/wp-content\\\/uploads\\\/2022\\\/12\\\/bantam-logo.png\",\"contentUrl\":\"https:\\\/\\\/shop.bantam.ch\\\/wp-content\\\/uploads\\\/2022\\\/12\\\/bantam-logo.png\",\"width\":320,\"height\":71,\"caption\":\"Bantam Camping AG\"},\"image\":{\"@id\":\"https:\\\/\\\/shop.bantam.ch\\\/de\\\/#\\\/schema\\\/logo\\\/image\\\/\"}}]}<\/script>\n<!-- \/ Yoast SEO plugin. -->","yoast_head_json":{"title":"Gem\u00fcsemesser normaler Schliff, Schwarz - Bantam Camping AG","robots":{"index":"index","follow":"follow","max-snippet":"max-snippet:-1","max-image-preview":"max-image-preview:large","max-video-preview":"max-video-preview:-1"},"canonical":"https:\/\/shop.bantam.ch\/de\/produkt\/gemuesemesser-normaler-schliff-schwarz\/","og_locale":"de_DE","og_type":"article","og_title":"Gem\u00fcsemesser normaler Schliff, Schwarz - Bantam Camping AG","og_description":"Officemesser mit glatter Schneide und mittiger Spitze. Dieses Officemesser verf\u00fcgt \u00fcber eine Klinge aus rostfreiem Edelstahl mit glatter Schneide und mittiger Spitze \u2013 ideal f\u00fcr eine Vielzahl pr\u00e4ziser Schneidarbeiten. Der ergonomische und leichte Griff sorgt f\u00fcr optimale Kontrolle und hohen Komfort. In der Schweiz hergestellt und sp\u00fclmaschinengeeignet, \u00fcberzeugt es im K\u00fcchenalltag durch Zuverl\u00e4ssigkeit und Effizienz.","og_url":"https:\/\/shop.bantam.ch\/de\/produkt\/gemuesemesser-normaler-schliff-schwarz\/","og_site_name":"Bantam Camping AG","article_modified_time":"2026-04-17T22:00:18+00:00","og_image":[{"width":800,"height":173,"url":"https:\/\/shop.bantam.ch\/wp-content\/uploads\/2026\/04\/1337603.jpg","type":"image\/jpeg"}],"twitter_card":"summary_large_image","schema":{"@context":"https:\/\/schema.org","@graph":[{"@type":"WebPage","@id":"https:\/\/shop.bantam.ch\/de\/produkt\/gemuesemesser-normaler-schliff-schwarz\/","url":"https:\/\/shop.bantam.ch\/de\/produkt\/gemuesemesser-normaler-schliff-schwarz\/","name":"Gem\u00fcsemesser normaler Schliff, Schwarz - Bantam Camping AG","isPartOf":{"@id":"https:\/\/shop.bantam.ch\/de\/#website"},"primaryImageOfPage":{"@id":"https:\/\/shop.bantam.ch\/de\/produkt\/gemuesemesser-normaler-schliff-schwarz\/#primaryimage"},"image":{"@id":"https:\/\/shop.bantam.ch\/de\/produkt\/gemuesemesser-normaler-schliff-schwarz\/#primaryimage"},"thumbnailUrl":"https:\/\/shop.bantam.ch\/wp-content\/uploads\/2026\/04\/1337603.jpg","datePublished":"2026-04-17T14:43:27+00:00","dateModified":"2026-04-17T22:00:18+00:00","breadcrumb":{"@id":"https:\/\/shop.bantam.ch\/de\/produkt\/gemuesemesser-normaler-schliff-schwarz\/#breadcrumb"},"inLanguage":"de","potentialAction":[{"@type":"ReadAction","target":["https:\/\/shop.bantam.ch\/de\/produkt\/gemuesemesser-normaler-schliff-schwarz\/"]}]},{"@type":"ImageObject","inLanguage":"de","@id":"https:\/\/shop.bantam.ch\/de\/produkt\/gemuesemesser-normaler-schliff-schwarz\/#primaryimage","url":"https:\/\/shop.bantam.ch\/wp-content\/uploads\/2026\/04\/1337603.jpg","contentUrl":"https:\/\/shop.bantam.ch\/wp-content\/uploads\/2026\/04\/1337603.jpg","width":800,"height":173},{"@type":"BreadcrumbList","@id":"https:\/\/shop.bantam.ch\/de\/produkt\/gemuesemesser-normaler-schliff-schwarz\/#breadcrumb","itemListElement":[{"@type":"ListItem","position":1,"name":"Accueil","item":"https:\/\/shop.bantam.ch\/de\/"},{"@type":"ListItem","position":2,"name":"Shop","item":"https:\/\/shop.bantam.ch\/de\/shop\/"},{"@type":"ListItem","position":3,"name":"Gem\u00fcsemesser normaler Schliff, Schwarz"}]},{"@type":"WebSite","@id":"https:\/\/shop.bantam.ch\/de\/#website","url":"https:\/\/shop.bantam.ch\/de\/","name":"Bantam Camping AG","description":"","publisher":{"@id":"https:\/\/shop.bantam.ch\/de\/#organization"},"inLanguage":"de"},{"@type":"Organization","@id":"https:\/\/shop.bantam.ch\/de\/#organization","name":"Bantam Camping AG","url":"https:\/\/shop.bantam.ch\/de\/","logo":{"@type":"ImageObject","inLanguage":"de","@id":"https:\/\/shop.bantam.ch\/de\/#\/schema\/logo\/image\/","url":"https:\/\/shop.bantam.ch\/wp-content\/uploads\/2022\/12\/bantam-logo.png","contentUrl":"https:\/\/shop.bantam.ch\/wp-content\/uploads\/2022\/12\/bantam-logo.png","width":320,"height":71,"caption":"Bantam Camping AG"},"image":{"@id":"https:\/\/shop.bantam.ch\/de\/#\/schema\/logo\/image\/"}}]}},"_links":{"self":[{"href":"https:\/\/shop.bantam.ch\/de\/wp-json\/wp\/v2\/product\/235900","targetHints":{"allow":["GET"]}}],"collection":[{"href":"https:\/\/shop.bantam.ch\/de\/wp-json\/wp\/v2\/product"}],"about":[{"href":"https:\/\/shop.bantam.ch\/de\/wp-json\/wp\/v2\/types\/product"}],"wp:featuredmedia":[{"embeddable":true,"href":"https:\/\/shop.bantam.ch\/de\/wp-json\/wp\/v2\/media\/235898"}],"wp:attachment":[{"href":"https:\/\/shop.bantam.ch\/de\/wp-json\/wp\/v2\/media?parent=235900"}],"wp:term":[{"taxonomy":"product_featured_cat","embeddable":true,"href":"https:\/\/shop.bantam.ch\/de\/wp-json\/wp\/v2\/product_featured_cat?post=235900"},{"taxonomy":"product_brand","embeddable":true,"href":"https:\/\/shop.bantam.ch\/de\/wp-json\/wp\/v2\/product_brand?post=235900"},{"taxonomy":"product_cat","embeddable":true,"href":"https:\/\/shop.bantam.ch\/de\/wp-json\/wp\/v2\/product_cat?post=235900"},{"taxonomy":"product_tag","embeddable":true,"href":"https:\/\/shop.bantam.ch\/de\/wp-json\/wp\/v2\/product_tag?post=235900"}],"curies":[{"name":"wp","href":"https:\/\/api.w.org\/{rel}","templated":true}]}}