{"id":235885,"date":"2026-04-17T11:49:23","date_gmt":"2026-04-17T09:49:23","guid":{"rendered":"https:\/\/shop.bantam.ch\/produit\/fahrradtraeger-vanbike-crafter-schwarz-fuer-2-fahrraeder\/"},"modified":"2026-04-18T00:00:17","modified_gmt":"2026-04-17T22:00:17","slug":"fahrradtraeger-vanbike-crafter-schwarz-fuer-2-fahrraeder","status":"publish","type":"product","link":"https:\/\/shop.bantam.ch\/de\/produkt\/fahrradtraeger-vanbike-crafter-schwarz-fuer-2-fahrraeder\/","title":{"rendered":"Fahrradtr\u00e4ger Vanbike Crafter, schwarz, f\u00fcr 2 Fahrr\u00e4der"},"content":{"rendered":"<p>Maximaler Neigungswinkel: k. A. \u00b0<br \/>\nMaximale Traglast pro Schiene: 40 kg<br \/>\nMaximale Gesamttraglast: 80 kg<br \/>\nE-Bike kompatibel: Ja<br \/>\nElektrisch: Nein<br \/>\nH\u00f6he: 110 cm<br \/>\nNeigbar: Nein<br \/>\nBreite: 80 cm<br \/>\nLieferumfang: Montageschrauben<br \/>\nL\u00e4nge: 175 cm<br \/>\nMaximale Fahrradanzahl (optional): 3<br \/>\nNettogewicht: 26 kg<br \/>\nVerschiebbare Schienen: Nein<br \/>\nLaderampe: Optional<br \/>\nKlappbar: Ja<br \/>\nDiebstahlsicherung: Nicht im Lieferumfang enthalten<br \/>\nMontageart: Befestigung an den T\u00fcrscharnieren<\/p>\n","protected":false},"excerpt":{"rendered":"<p>Maximaler Neigungswinkel: k. A. \u00b0 Maximale Traglast pro Schiene: 40 kg Maximale Gesamttraglast: 80 kg E-Bike kompatibel: Ja Elektrisch: Nein H\u00f6he: 110 cm Neigbar: Nein Breite: 80 cm Lieferumfang: Montageschrauben L\u00e4nge: 175 cm Maximale Fahrradanzahl (optional): 3 Nettogewicht: 26 kg Verschiebbare Schienen: Nein Laderampe: Optional Klappbar: Ja Diebstahlsicherung: Nicht im Lieferumfang enthalten Montageart: Befestigung an [&hellip;]<\/p>\n","protected":false},"featured_media":235877,"template":"","meta":{"_acf_changed":false},"product_featured_cat":[],"product_brand":[5384],"product_cat":[5138],"product_tag":[],"class_list":{"0":"post-235885","1":"product","2":"type-product","3":"status-publish","4":"has-post-thumbnail","6":"product_brand-vanbike-de","7":"product_cat-heck-fahrradtraeger","9":"first","10":"instock","11":"taxable","12":"shipping-taxable","13":"purchasable","14":"product-type-simple"},"acf":[],"yoast_head":"<!-- This site is optimized with the Yoast SEO plugin v27.4 - https:\/\/yoast.com\/product\/yoast-seo-wordpress\/ -->\n<title>Fahrradtr\u00e4ger Vanbike Crafter, schwarz, f\u00fcr 2 Fahrr\u00e4der - Bantam Camping AG<\/title>\n<meta name=\"robots\" content=\"index, follow, max-snippet:-1, max-image-preview:large, max-video-preview:-1\" \/>\n<link rel=\"canonical\" href=\"https:\/\/shop.bantam.ch\/de\/produkt\/fahrradtraeger-vanbike-crafter-schwarz-fuer-2-fahrraeder\/\" \/>\n<meta property=\"og:locale\" content=\"de_DE\" \/>\n<meta property=\"og:type\" content=\"article\" \/>\n<meta property=\"og:title\" content=\"Fahrradtr\u00e4ger Vanbike Crafter, schwarz, f\u00fcr 2 Fahrr\u00e4der - Bantam Camping AG\" \/>\n<meta property=\"og:description\" content=\"Maximaler Neigungswinkel: k. A. \u00b0 Maximale Traglast pro Schiene: 40 kg Maximale Gesamttraglast: 80 kg E-Bike kompatibel: Ja Elektrisch: Nein H\u00f6he: 110 cm Neigbar: Nein Breite: 80 cm Lieferumfang: Montageschrauben L\u00e4nge: 175 cm Maximale Fahrradanzahl (optional): 3 Nettogewicht: 26 kg Verschiebbare Schienen: Nein Laderampe: Optional Klappbar: Ja Diebstahlsicherung: Nicht im Lieferumfang enthalten Montageart: Befestigung an [&hellip;]\" \/>\n<meta property=\"og:url\" content=\"https:\/\/shop.bantam.ch\/de\/produkt\/fahrradtraeger-vanbike-crafter-schwarz-fuer-2-fahrraeder\/\" \/>\n<meta property=\"og:site_name\" content=\"Bantam Camping AG\" \/>\n<meta property=\"article:modified_time\" content=\"2026-04-17T22:00:17+00:00\" \/>\n<meta property=\"og:image\" content=\"https:\/\/shop.bantam.ch\/wp-content\/uploads\/2026\/04\/77326016-11.jpg\" \/>\n\t<meta property=\"og:image:width\" content=\"455\" \/>\n\t<meta property=\"og:image:height\" content=\"460\" \/>\n\t<meta property=\"og:image:type\" content=\"image\/jpeg\" \/>\n<meta name=\"twitter:card\" content=\"summary_large_image\" \/>\n<script type=\"application\/ld+json\" class=\"yoast-schema-graph\">{\"@context\":\"https:\\\/\\\/schema.org\",\"@graph\":[{\"@type\":\"WebPage\",\"@id\":\"https:\\\/\\\/shop.bantam.ch\\\/de\\\/produkt\\\/fahrradtraeger-vanbike-crafter-schwarz-fuer-2-fahrraeder\\\/\",\"url\":\"https:\\\/\\\/shop.bantam.ch\\\/de\\\/produkt\\\/fahrradtraeger-vanbike-crafter-schwarz-fuer-2-fahrraeder\\\/\",\"name\":\"Fahrradtr\u00e4ger Vanbike Crafter, schwarz, f\u00fcr 2 Fahrr\u00e4der - Bantam Camping AG\",\"isPartOf\":{\"@id\":\"https:\\\/\\\/shop.bantam.ch\\\/de\\\/#website\"},\"primaryImageOfPage\":{\"@id\":\"https:\\\/\\\/shop.bantam.ch\\\/de\\\/produkt\\\/fahrradtraeger-vanbike-crafter-schwarz-fuer-2-fahrraeder\\\/#primaryimage\"},\"image\":{\"@id\":\"https:\\\/\\\/shop.bantam.ch\\\/de\\\/produkt\\\/fahrradtraeger-vanbike-crafter-schwarz-fuer-2-fahrraeder\\\/#primaryimage\"},\"thumbnailUrl\":\"https:\\\/\\\/shop.bantam.ch\\\/wp-content\\\/uploads\\\/2026\\\/04\\\/77326016-11.jpg\",\"datePublished\":\"2026-04-17T09:49:23+00:00\",\"dateModified\":\"2026-04-17T22:00:17+00:00\",\"breadcrumb\":{\"@id\":\"https:\\\/\\\/shop.bantam.ch\\\/de\\\/produkt\\\/fahrradtraeger-vanbike-crafter-schwarz-fuer-2-fahrraeder\\\/#breadcrumb\"},\"inLanguage\":\"de\",\"potentialAction\":[{\"@type\":\"ReadAction\",\"target\":[\"https:\\\/\\\/shop.bantam.ch\\\/de\\\/produkt\\\/fahrradtraeger-vanbike-crafter-schwarz-fuer-2-fahrraeder\\\/\"]}]},{\"@type\":\"ImageObject\",\"inLanguage\":\"de\",\"@id\":\"https:\\\/\\\/shop.bantam.ch\\\/de\\\/produkt\\\/fahrradtraeger-vanbike-crafter-schwarz-fuer-2-fahrraeder\\\/#primaryimage\",\"url\":\"https:\\\/\\\/shop.bantam.ch\\\/wp-content\\\/uploads\\\/2026\\\/04\\\/77326016-11.jpg\",\"contentUrl\":\"https:\\\/\\\/shop.bantam.ch\\\/wp-content\\\/uploads\\\/2026\\\/04\\\/77326016-11.jpg\",\"width\":455,\"height\":460},{\"@type\":\"BreadcrumbList\",\"@id\":\"https:\\\/\\\/shop.bantam.ch\\\/de\\\/produkt\\\/fahrradtraeger-vanbike-crafter-schwarz-fuer-2-fahrraeder\\\/#breadcrumb\",\"itemListElement\":[{\"@type\":\"ListItem\",\"position\":1,\"name\":\"Accueil\",\"item\":\"https:\\\/\\\/shop.bantam.ch\\\/de\\\/\"},{\"@type\":\"ListItem\",\"position\":2,\"name\":\"Shop\",\"item\":\"https:\\\/\\\/shop.bantam.ch\\\/de\\\/shop\\\/\"},{\"@type\":\"ListItem\",\"position\":3,\"name\":\"Fahrradtr\u00e4ger Vanbike Crafter, schwarz, f\u00fcr 2 Fahrr\u00e4der\"}]},{\"@type\":\"WebSite\",\"@id\":\"https:\\\/\\\/shop.bantam.ch\\\/de\\\/#website\",\"url\":\"https:\\\/\\\/shop.bantam.ch\\\/de\\\/\",\"name\":\"Bantam Camping AG\",\"description\":\"\",\"publisher\":{\"@id\":\"https:\\\/\\\/shop.bantam.ch\\\/de\\\/#organization\"},\"inLanguage\":\"de\"},{\"@type\":\"Organization\",\"@id\":\"https:\\\/\\\/shop.bantam.ch\\\/de\\\/#organization\",\"name\":\"Bantam Camping AG\",\"url\":\"https:\\\/\\\/shop.bantam.ch\\\/de\\\/\",\"logo\":{\"@type\":\"ImageObject\",\"inLanguage\":\"de\",\"@id\":\"https:\\\/\\\/shop.bantam.ch\\\/de\\\/#\\\/schema\\\/logo\\\/image\\\/\",\"url\":\"https:\\\/\\\/shop.bantam.ch\\\/wp-content\\\/uploads\\\/2022\\\/12\\\/bantam-logo.png\",\"contentUrl\":\"https:\\\/\\\/shop.bantam.ch\\\/wp-content\\\/uploads\\\/2022\\\/12\\\/bantam-logo.png\",\"width\":320,\"height\":71,\"caption\":\"Bantam Camping AG\"},\"image\":{\"@id\":\"https:\\\/\\\/shop.bantam.ch\\\/de\\\/#\\\/schema\\\/logo\\\/image\\\/\"}}]}<\/script>\n<!-- \/ Yoast SEO plugin. -->","yoast_head_json":{"title":"Fahrradtr\u00e4ger Vanbike Crafter, schwarz, f\u00fcr 2 Fahrr\u00e4der - Bantam Camping AG","robots":{"index":"index","follow":"follow","max-snippet":"max-snippet:-1","max-image-preview":"max-image-preview:large","max-video-preview":"max-video-preview:-1"},"canonical":"https:\/\/shop.bantam.ch\/de\/produkt\/fahrradtraeger-vanbike-crafter-schwarz-fuer-2-fahrraeder\/","og_locale":"de_DE","og_type":"article","og_title":"Fahrradtr\u00e4ger Vanbike Crafter, schwarz, f\u00fcr 2 Fahrr\u00e4der - Bantam Camping AG","og_description":"Maximaler Neigungswinkel: k. A. \u00b0 Maximale Traglast pro Schiene: 40 kg Maximale Gesamttraglast: 80 kg E-Bike kompatibel: Ja Elektrisch: Nein H\u00f6he: 110 cm Neigbar: Nein Breite: 80 cm Lieferumfang: Montageschrauben L\u00e4nge: 175 cm Maximale Fahrradanzahl (optional): 3 Nettogewicht: 26 kg Verschiebbare Schienen: Nein Laderampe: Optional Klappbar: Ja Diebstahlsicherung: Nicht im Lieferumfang enthalten Montageart: Befestigung an [&hellip;]","og_url":"https:\/\/shop.bantam.ch\/de\/produkt\/fahrradtraeger-vanbike-crafter-schwarz-fuer-2-fahrraeder\/","og_site_name":"Bantam Camping AG","article_modified_time":"2026-04-17T22:00:17+00:00","og_image":[{"width":455,"height":460,"url":"https:\/\/shop.bantam.ch\/wp-content\/uploads\/2026\/04\/77326016-11.jpg","type":"image\/jpeg"}],"twitter_card":"summary_large_image","schema":{"@context":"https:\/\/schema.org","@graph":[{"@type":"WebPage","@id":"https:\/\/shop.bantam.ch\/de\/produkt\/fahrradtraeger-vanbike-crafter-schwarz-fuer-2-fahrraeder\/","url":"https:\/\/shop.bantam.ch\/de\/produkt\/fahrradtraeger-vanbike-crafter-schwarz-fuer-2-fahrraeder\/","name":"Fahrradtr\u00e4ger Vanbike Crafter, schwarz, f\u00fcr 2 Fahrr\u00e4der - Bantam Camping AG","isPartOf":{"@id":"https:\/\/shop.bantam.ch\/de\/#website"},"primaryImageOfPage":{"@id":"https:\/\/shop.bantam.ch\/de\/produkt\/fahrradtraeger-vanbike-crafter-schwarz-fuer-2-fahrraeder\/#primaryimage"},"image":{"@id":"https:\/\/shop.bantam.ch\/de\/produkt\/fahrradtraeger-vanbike-crafter-schwarz-fuer-2-fahrraeder\/#primaryimage"},"thumbnailUrl":"https:\/\/shop.bantam.ch\/wp-content\/uploads\/2026\/04\/77326016-11.jpg","datePublished":"2026-04-17T09:49:23+00:00","dateModified":"2026-04-17T22:00:17+00:00","breadcrumb":{"@id":"https:\/\/shop.bantam.ch\/de\/produkt\/fahrradtraeger-vanbike-crafter-schwarz-fuer-2-fahrraeder\/#breadcrumb"},"inLanguage":"de","potentialAction":[{"@type":"ReadAction","target":["https:\/\/shop.bantam.ch\/de\/produkt\/fahrradtraeger-vanbike-crafter-schwarz-fuer-2-fahrraeder\/"]}]},{"@type":"ImageObject","inLanguage":"de","@id":"https:\/\/shop.bantam.ch\/de\/produkt\/fahrradtraeger-vanbike-crafter-schwarz-fuer-2-fahrraeder\/#primaryimage","url":"https:\/\/shop.bantam.ch\/wp-content\/uploads\/2026\/04\/77326016-11.jpg","contentUrl":"https:\/\/shop.bantam.ch\/wp-content\/uploads\/2026\/04\/77326016-11.jpg","width":455,"height":460},{"@type":"BreadcrumbList","@id":"https:\/\/shop.bantam.ch\/de\/produkt\/fahrradtraeger-vanbike-crafter-schwarz-fuer-2-fahrraeder\/#breadcrumb","itemListElement":[{"@type":"ListItem","position":1,"name":"Accueil","item":"https:\/\/shop.bantam.ch\/de\/"},{"@type":"ListItem","position":2,"name":"Shop","item":"https:\/\/shop.bantam.ch\/de\/shop\/"},{"@type":"ListItem","position":3,"name":"Fahrradtr\u00e4ger Vanbike Crafter, schwarz, f\u00fcr 2 Fahrr\u00e4der"}]},{"@type":"WebSite","@id":"https:\/\/shop.bantam.ch\/de\/#website","url":"https:\/\/shop.bantam.ch\/de\/","name":"Bantam Camping AG","description":"","publisher":{"@id":"https:\/\/shop.bantam.ch\/de\/#organization"},"inLanguage":"de"},{"@type":"Organization","@id":"https:\/\/shop.bantam.ch\/de\/#organization","name":"Bantam Camping AG","url":"https:\/\/shop.bantam.ch\/de\/","logo":{"@type":"ImageObject","inLanguage":"de","@id":"https:\/\/shop.bantam.ch\/de\/#\/schema\/logo\/image\/","url":"https:\/\/shop.bantam.ch\/wp-content\/uploads\/2022\/12\/bantam-logo.png","contentUrl":"https:\/\/shop.bantam.ch\/wp-content\/uploads\/2022\/12\/bantam-logo.png","width":320,"height":71,"caption":"Bantam Camping AG"},"image":{"@id":"https:\/\/shop.bantam.ch\/de\/#\/schema\/logo\/image\/"}}]}},"_links":{"self":[{"href":"https:\/\/shop.bantam.ch\/de\/wp-json\/wp\/v2\/product\/235885","targetHints":{"allow":["GET"]}}],"collection":[{"href":"https:\/\/shop.bantam.ch\/de\/wp-json\/wp\/v2\/product"}],"about":[{"href":"https:\/\/shop.bantam.ch\/de\/wp-json\/wp\/v2\/types\/product"}],"wp:featuredmedia":[{"embeddable":true,"href":"https:\/\/shop.bantam.ch\/de\/wp-json\/wp\/v2\/media\/235877"}],"wp:attachment":[{"href":"https:\/\/shop.bantam.ch\/de\/wp-json\/wp\/v2\/media?parent=235885"}],"wp:term":[{"taxonomy":"product_featured_cat","embeddable":true,"href":"https:\/\/shop.bantam.ch\/de\/wp-json\/wp\/v2\/product_featured_cat?post=235885"},{"taxonomy":"product_brand","embeddable":true,"href":"https:\/\/shop.bantam.ch\/de\/wp-json\/wp\/v2\/product_brand?post=235885"},{"taxonomy":"product_cat","embeddable":true,"href":"https:\/\/shop.bantam.ch\/de\/wp-json\/wp\/v2\/product_cat?post=235885"},{"taxonomy":"product_tag","embeddable":true,"href":"https:\/\/shop.bantam.ch\/de\/wp-json\/wp\/v2\/product_tag?post=235885"}],"curies":[{"name":"wp","href":"https:\/\/api.w.org\/{rel}","templated":true}]}}